{"id":10160,"date":"2022-07-04T14:08:09","date_gmt":"2022-07-04T14:08:09","guid":{"rendered":"https:\/\/copy.medicest.eu\/konsultaciya-kosmetologa-estetista\/"},"modified":"2022-09-16T13:17:18","modified_gmt":"2022-09-16T13:17:18","slug":"kosmetoloogi-esteetiku-konsultatsioon","status":"publish","type":"page","link":"https:\/\/copy.medicest.eu\/et\/kosmetoloogi-esteetiku-konsultatsioon\/","title":{"rendered":"Kosmetoloogi-esteetiku konsultatsioon"},"content":{"rendered":"\t\t<div data-elementor-type=\"wp-page\" data-elementor-id=\"10160\" class=\"elementor elementor-10160 elementor-8832\">\n\t\t\t\t\t\t<section class=\"elementor-section elementor-top-section elementor-element elementor-element-528ed95e elementor-section-boxed elementor-section-height-default elementor-section-height-default\" data-id=\"528ed95e\" data-element_type=\"section\">\n\t\t\t\t\t\t<div class=\"elementor-container elementor-column-gap-default\">\n\t\t\t\t\t<div class=\"elementor-column elementor-col-100 elementor-top-column elementor-element elementor-element-2a0b5f7d\" data-id=\"2a0b5f7d\" data-element_type=\"column\">\n\t\t\t<div class=\"elementor-widget-wrap elementor-element-populated\">\n\t\t\t\t\t\t<div class=\"elementor-element elementor-element-5cd5f934 elementor-widget elementor-widget-heading\" data-id=\"5cd5f934\" data-element_type=\"widget\" data-widget_type=\"heading.default\">\n\t\t\t\t<div class=\"elementor-widget-container\">\n\t\t\t<h2 class=\"elementor-heading-title elementor-size-default\">P\u00f5hjalik kosmetoloogi-esteetiku konsultatsioon<\/h2>\t\t<\/div>\n\t\t\t\t<\/div>\n\t\t\t\t\t<\/div>\n\t\t<\/div>\n\t\t\t\t\t<\/div>\n\t\t<\/section>\n\t\t\t\t<section class=\"elementor-section elementor-top-section elementor-element elementor-element-647956f elementor-section-boxed elementor-section-height-default elementor-section-height-default\" data-id=\"647956f\" data-element_type=\"section\">\n\t\t\t\t\t\t<div class=\"elementor-container elementor-column-gap-default\">\n\t\t\t\t\t<div class=\"elementor-column elementor-col-100 elementor-top-column elementor-element elementor-element-db1cdde\" data-id=\"db1cdde\" data-element_type=\"column\">\n\t\t\t<div class=\"elementor-widget-wrap elementor-element-populated\">\n\t\t\t\t\t\t<div class=\"elementor-element elementor-element-0f7f3e4 elementor-widget elementor-widget-text-editor\" data-id=\"0f7f3e4\" data-element_type=\"widget\" data-widget_type=\"text-editor.default\">\n\t\t\t\t<div class=\"elementor-widget-container\">\n\t\t\t\t\t\t\t<h4 style=\"text-align: center;\">Konsultatsiooni soovitame nii meestele, naistele kui ka noorukitele.<\/h4>\t\t\t\t\t\t<\/div>\n\t\t\t\t<\/div>\n\t\t\t\t\t<\/div>\n\t\t<\/div>\n\t\t\t\t\t<\/div>\n\t\t<\/section>\n\t\t\t\t<section class=\"elementor-section elementor-top-section elementor-element elementor-element-d629c82 elementor-section-boxed elementor-section-height-default elementor-section-height-default\" data-id=\"d629c82\" data-element_type=\"section\">\n\t\t\t\t\t\t<div class=\"elementor-container elementor-column-gap-default\">\n\t\t\t\t\t<div class=\"elementor-column elementor-col-50 elementor-top-column elementor-element elementor-element-6524385\" data-id=\"6524385\" data-element_type=\"column\">\n\t\t\t<div class=\"elementor-widget-wrap elementor-element-populated\">\n\t\t\t\t\t\t<div class=\"elementor-element elementor-element-ef443a4 elementor-widget elementor-widget-image\" data-id=\"ef443a4\" data-element_type=\"widget\" data-widget_type=\"image.default\">\n\t\t\t\t<div class=\"elementor-widget-container\">\n\t\t\t\t\t\t\t\t\t\t\t\t\t<img fetchpriority=\"high\" decoding=\"async\" width=\"742\" height=\"480\" src=\"https:\/\/copy.medicest.eu\/wp-content\/uploads\/2022\/07\/konsult.png\" class=\"attachment-large size-large wp-image-8836\" alt=\"\" srcset=\"https:\/\/copy.medicest.eu\/wp-content\/uploads\/2022\/07\/konsult.png 742w, https:\/\/copy.medicest.eu\/wp-content\/uploads\/2022\/07\/konsult-300x194.png 300w, https:\/\/copy.medicest.eu\/wp-content\/uploads\/2022\/07\/konsult-150x97.png 150w\" sizes=\"(max-width: 742px) 100vw, 742px\" \/>\t\t\t\t\t\t\t\t\t\t\t\t\t<\/div>\n\t\t\t\t<\/div>\n\t\t\t\t<div class=\"elementor-element elementor-element-358fcd6 elementor-widget elementor-widget-text-editor\" data-id=\"358fcd6\" data-element_type=\"widget\" data-widget_type=\"text-editor.default\">\n\t\t\t\t<div class=\"elementor-widget-container\">\n\t\t\t\t\t\t\t<blockquote><h4><span style=\"color: #ff0000;\"><strong>Broneerige j\u00e4rgmine visiit protseduuriks 10% soodustusega kohe p\u00e4rast konsultatsiooni.<\/strong><\/span><\/h4><\/blockquote>\t\t\t\t\t\t<\/div>\n\t\t\t\t<\/div>\n\t\t\t\t\t<\/div>\n\t\t<\/div>\n\t\t\t\t<div class=\"elementor-column elementor-col-50 elementor-top-column elementor-element elementor-element-ac4f38e\" data-id=\"ac4f38e\" data-element_type=\"column\">\n\t\t\t<div class=\"elementor-widget-wrap elementor-element-populated\">\n\t\t\t\t\t\t<div class=\"elementor-element elementor-element-f9eedb6 elementor-widget elementor-widget-text-editor\" data-id=\"f9eedb6\" data-element_type=\"widget\" data-widget_type=\"text-editor.default\">\n\t\t\t\t<div class=\"elementor-widget-container\">\n\t\t\t\t\t\t\t<p>Kosmetoloogi konsultatsiooni peamine eesm\u00e4rk on kindlaks teha kliendi probleem ja valida selle lahendamiseks individuaalne meetod.<\/p><p>\u00d5igesti valitud lahendused on alus soovitud tulemuste saavutamiseks.<\/p>\t\t\t\t\t\t<\/div>\n\t\t\t\t<\/div>\n\t\t\t\t<div class=\"elementor-element elementor-element-a5d12bd elementor-widget elementor-widget-text-editor\" data-id=\"a5d12bd\" data-element_type=\"widget\" data-widget_type=\"text-editor.default\">\n\t\t\t\t<div class=\"elementor-widget-container\">\n\t\t\t\t\t\t\t<h4><strong>Millal p\u00f6\u00f6rduda p\u00f5hjaliku konsultatsiooni saamiseks kosmetoloogi poole?<\/strong><\/h4><ul><li>Naha ebarahuldav v\u00e4limus ja seisund \u2013 kuivus, liigrasvasus, koorumine, ummistunud poorid, tuhm jume;<\/li><li>nahaprobleemid \u2013 vistrikud, akne, \u00e4mblikveenid, vananemislaigud ja muud vead;<\/li><li>soov k\u00f5rvaldada naha vananemise m\u00e4rke ka mittekirurgiliste meetodite abil;<\/li><li>tahe \u00f5ppida korralikult hooldama n\u00e4o-, kaela- ja dekolteepiirkonna nahka, oskust valida vanusele, nahatu\u0308u\u0308bile ja hooajale vastavaid hooldustooteid<\/li><\/ul>\t\t\t\t\t\t<\/div>\n\t\t\t\t<\/div>\n\t\t\t\t\t<\/div>\n\t\t<\/div>\n\t\t\t\t\t<\/div>\n\t\t<\/section>\n\t\t\t\t<section class=\"elementor-section elementor-top-section elementor-element elementor-element-254ad21 elementor-section-boxed elementor-section-height-default elementor-section-height-default\" data-id=\"254ad21\" data-element_type=\"section\">\n\t\t\t\t\t\t<div class=\"elementor-container elementor-column-gap-default\">\n\t\t\t\t\t<div class=\"elementor-column elementor-col-50 elementor-top-column elementor-element elementor-element-6d8d486\" data-id=\"6d8d486\" data-element_type=\"column\">\n\t\t\t<div class=\"elementor-widget-wrap elementor-element-populated\">\n\t\t\t\t\t\t<div class=\"elementor-element elementor-element-bc7e42c elementor-widget elementor-widget-text-editor\" data-id=\"bc7e42c\" data-element_type=\"widget\" data-widget_type=\"text-editor.default\">\n\t\t\t\t<div class=\"elementor-widget-container\">\n\t\t\t\t\t\t\t<h4><strong>Mida p\u00f5hjalik kosmetoloogi-esteetiku konsultatsioon sisaldab?<\/strong><\/h4><ul><li>Anamneesi koostamine<\/li><li>Naha pesemine ja puhastamine<\/li><li>Naha uurimine suurenduslambi all<\/li><li>Nahatu\u0308u\u0308bi m\u00e4\u00e4ramine<br \/>Vananemistu\u0308u\u0308bi m\u00e4\u00e4ramine<\/li><li>Olemasolevate probleemide p\u00f5hjuste v\u00e4ljaselgitamine<br \/>Igap\u00e4evase hoolduse ja koduste vahendite analu\u0308u\u0308s.<\/li><li>Konsultatsioonile v\u00f5ite kaasa v\u00f5tta teile olulised nahahooldustooted (pesemiseks, toniseerimiseks, kreemitamiseks), et kosmetoloog hindaks nende sobivust teie nahatu\u0308u\u0308bile ja probleemide lahendamisele.<\/li><li>Soovitused ka protseduurideks naha tervendamiseks ja noorendamiseks, info protseduuride olemuse ja toimimisp\u00f5him\u00f5tte, vajalike protseduurikuuride kohta.<\/li><li>Aparaadiprotseduuride v\u00f5imalus kliinikus Medic-Esthetic.<\/li><li>Kaasa iluretsept.<\/li><\/ul>\t\t\t\t\t\t<\/div>\n\t\t\t\t<\/div>\n\t\t\t\t\t<\/div>\n\t\t<\/div>\n\t\t\t\t<div class=\"elementor-column elementor-col-50 elementor-top-column elementor-element elementor-element-8f234a4\" data-id=\"8f234a4\" data-element_type=\"column\">\n\t\t\t<div class=\"elementor-widget-wrap elementor-element-populated\">\n\t\t\t\t\t\t<div class=\"elementor-element elementor-element-4012f04 elementor-widget elementor-widget-image\" data-id=\"4012f04\" data-element_type=\"widget\" data-widget_type=\"image.default\">\n\t\t\t\t<div class=\"elementor-widget-container\">\n\t\t\t\t\t\t\t\t\t\t\t\t\t<img decoding=\"async\" width=\"1024\" height=\"819\" src=\"https:\/\/copy.medicest.eu\/wp-content\/uploads\/2022\/07\/konsult-2-1024x819.jpg\" class=\"attachment-large size-large wp-image-8853\" alt=\"\" srcset=\"https:\/\/copy.medicest.eu\/wp-content\/uploads\/2022\/07\/konsult-2-1024x819.jpg 1024w, https:\/\/copy.medicest.eu\/wp-content\/uploads\/2022\/07\/konsult-2-300x240.jpg 300w, https:\/\/copy.medicest.eu\/wp-content\/uploads\/2022\/07\/konsult-2-768x614.jpg 768w, https:\/\/copy.medicest.eu\/wp-content\/uploads\/2022\/07\/konsult-2-150x120.jpg 150w, https:\/\/copy.medicest.eu\/wp-content\/uploads\/2022\/07\/konsult-2.jpg 1228w\" sizes=\"(max-width: 1024px) 100vw, 1024px\" \/>\t\t\t\t\t\t\t\t\t\t\t\t\t<\/div>\n\t\t\t\t<\/div>\n\t\t\t\t<div class=\"elementor-element elementor-element-91d7a23 elementor-widget elementor-widget-text-editor\" data-id=\"91d7a23\" data-element_type=\"widget\" data-widget_type=\"text-editor.default\">\n\t\t\t\t<div class=\"elementor-widget-container\">\n\t\t\t\t\t\t\t<h4><strong>Iluretsept sisaldab:<\/strong> konsultatsiooni tulemuste p\u00f5hjal tehtud j\u00e4reldus, soovitatud tooted, juhised koduseks hoolduseks hommikul ja \u00f5htul, samuti intensiivseks hoolduseks.<\/h4>\t\t\t\t\t\t<\/div>\n\t\t\t\t<\/div>\n\t\t\t\t\t<\/div>\n\t\t<\/div>\n\t\t\t\t\t<\/div>\n\t\t<\/section>\n\t\t\t\t<section class=\"elementor-section elementor-top-section elementor-element elementor-element-cc9bbd9 elementor-section-boxed elementor-section-height-default elementor-section-height-default\" data-id=\"cc9bbd9\" data-element_type=\"section\">\n\t\t\t\t\t\t<div class=\"elementor-container elementor-column-gap-default\">\n\t\t\t\t\t<div class=\"elementor-column elementor-col-100 elementor-top-column elementor-element elementor-element-16ab02e8\" data-id=\"16ab02e8\" data-element_type=\"column\">\n\t\t\t<div class=\"elementor-widget-wrap elementor-element-populated\">\n\t\t\t\t\t\t<div class=\"elementor-element elementor-element-117a2c6e elementor-widget elementor-widget-heading\" data-id=\"117a2c6e\" data-element_type=\"widget\" data-widget_type=\"heading.default\">\n\t\t\t\t<div class=\"elementor-widget-container\">\n\t\t\t<h2 class=\"elementor-heading-title elementor-size-default\">Hinnakiri<\/h2>\t\t<\/div>\n\t\t\t\t<\/div>\n\t\t\t\t<div class=\"elementor-element elementor-element-256b98d8 elementor-widget elementor-widget-text-editor\" data-id=\"256b98d8\" data-element_type=\"widget\" data-widget_type=\"text-editor.default\">\n\t\t\t\t<div class=\"elementor-widget-container\">\n\t\t\t\t\t\t\t<p>\n<table id=\"tablepress-153\" class=\"tablepress tablepress-id-153 tablepress-responsive\">\n<thead>\n<tr class=\"row-1 odd\">\n\t<th class=\"column-1\">P\u00f5hjalik kosmetoloogi-esteetiku konsultatsioon<\/th><th class=\"column-2\">Hind \u20ac<\/th>\n<\/tr>\n<\/thead>\n<tbody class=\"row-hover\">\n<tr class=\"row-2 even\">\n\t<td class=\"column-1\">Konsultatsioon, 30 min<br \/>\nJ\u00e4rgmisel protseduuril soodustus 10%.<\/td><td class=\"column-2\">25.00<\/td>\n<\/tr>\n<tr class=\"row-3 odd\">\n\t<td class=\"column-1\">Konsultatsioon koos n\u00e4ohaha aparaat-arvutianal\u00fc\u00fcsiga, 30 min<\/td><td class=\"column-2\">45.00<\/td>\n<\/tr>\n<\/tbody>\n<\/table>\n<!-- #tablepress-153 from cache --><\/p>\t\t\t\t\t\t<\/div>\n\t\t\t\t<\/div>\n\t\t\t\t<div class=\"elementor-element elementor-element-64030910 pp-buttons-halign-center pp-buttons-stack-none elementor-widget elementor-widget-pp-buttons\" data-id=\"64030910\" data-element_type=\"widget\" data-widget_type=\"pp-buttons.default\">\n\t\t\t\t<div class=\"elementor-widget-container\">\n\t\t\t\t\t<div class=\"pp-buttons-group\">\n\t\t\t\t\t\t\t\t\t\t\t<a href=\"https:\/\/online.saloninfra.ee\/medic-esthetic\" target=\"_blank\" class=\"pp-button elementor-button elementor-size-md elementor-repeater-item-c938c7f \">\n\t\t\t\t\t<div class=\"pp-button-content-wrapper\">\n\t\t\t\t\t\t<span class=\"pp-button-content-inner pp-icon-before\">\n\t\t\t\t\t\t\t\n\t\t\t\t\t\t\t\t<span class=\"pp-button-title\">\n\t\t\t\t\t\t\t\t\tBroneeri \t\t\t\t\t\t\t\t<\/span>\n\t\t\t\t\t\t\t\t\t\t\t\t\t<\/span>\n\t\t\t\t\t<\/div>\n\t\t\t\t<\/a>\n\t\t\t\t\t\t\t\t\t\t<\/div>\t\t<\/div>\n\t\t\t\t<\/div>\n\t\t\t\t\t<\/div>\n\t\t<\/div>\n\t\t\t\t\t<\/div>\n\t\t<\/section>\n\t\t\t\t<\/div>\n\t\t","protected":false},"excerpt":{"rendered":"<p>P\u00f5hjalik kosmetoloogi-esteetiku konsultatsioon Konsultatsiooni soovitame nii meestele, naistele kui ka noorukitele. Broneerige j\u00e4rgmine visiit protseduuriks 10% soodustusega kohe p\u00e4rast konsultatsiooni. Kosmetoloogi konsultatsiooni peamine eesm\u00e4rk on kindlaks teha kliendi probleem ja valida selle lahendamiseks individuaalne meetod. \u00d5igesti valitud lahendused on alus soovitud tulemuste saavutamiseks. Millal p\u00f6\u00f6rduda p\u00f5hjaliku konsultatsiooni saamiseks kosmetoloogi poole?\u2026<\/p>\n<p class=\"continue-reading-button\"> <a class=\"continue-reading-link\" href=\"https:\/\/copy.medicest.eu\/et\/kosmetoloogi-esteetiku-konsultatsioon\/\"><i class=\"crycon-right-dir\"><\/i><\/a><\/p>\n","protected":false},"author":1,"featured_media":0,"parent":0,"menu_order":0,"comment_status":"closed","ping_status":"closed","template":"","meta":{"footnotes":""},"class_list":["post-10160","page","type-page","status-publish","hentry"],"yoast_head":"<!-- This site is optimized with the Yoast SEO plugin v23.6 - https:\/\/yoast.com\/wordpress\/plugins\/seo\/ -->\n<title>Kosmetoloogi-esteetiku konsultatsioon - Ilukliinik Medic-Esthetic<\/title>\n<meta name=\"robots\" content=\"index, follow, max-snippet:-1, max-image-preview:large, max-video-preview:-1\" \/>\n<link rel=\"canonical\" href=\"https:\/\/copy.medicest.eu\/et\/kosmetoloogi-esteetiku-konsultatsioon\/\" \/>\n<meta property=\"og:locale\" content=\"et_EE\" \/>\n<meta property=\"og:type\" content=\"article\" \/>\n<meta property=\"og:title\" content=\"Kosmetoloogi-esteetiku konsultatsioon - Ilukliinik Medic-Esthetic\" \/>\n<meta property=\"og:description\" content=\"P\u00f5hjalik kosmetoloogi-esteetiku konsultatsioon Konsultatsiooni soovitame nii meestele, naistele kui ka noorukitele. Broneerige j\u00e4rgmine visiit protseduuriks 10% soodustusega kohe p\u00e4rast konsultatsiooni. Kosmetoloogi konsultatsiooni peamine eesm\u00e4rk on kindlaks teha kliendi probleem ja valida selle lahendamiseks individuaalne meetod. \u00d5igesti valitud lahendused on alus soovitud tulemuste saavutamiseks. Millal p\u00f6\u00f6rduda p\u00f5hjaliku konsultatsiooni saamiseks kosmetoloogi poole?\u2026\" \/>\n<meta property=\"og:url\" content=\"https:\/\/copy.medicest.eu\/et\/kosmetoloogi-esteetiku-konsultatsioon\/\" \/>\n<meta property=\"og:site_name\" content=\"Ilukliinik Medic-Esthetic\" \/>\n<meta property=\"article:modified_time\" content=\"2022-09-16T13:17:18+00:00\" \/>\n<meta property=\"og:image\" content=\"https:\/\/copy.medicest.eu\/wp-content\/uploads\/2022\/07\/konsult.png\" \/>\n<meta name=\"twitter:card\" content=\"summary_large_image\" \/>\n<meta name=\"twitter:label1\" content=\"Est. reading time\" \/>\n\t<meta name=\"twitter:data1\" content=\"2 minutit\" \/>\n<script type=\"application\/ld+json\" class=\"yoast-schema-graph\">{\"@context\":\"https:\/\/schema.org\",\"@graph\":[{\"@type\":\"WebPage\",\"@id\":\"https:\/\/copy.medicest.eu\/et\/kosmetoloogi-esteetiku-konsultatsioon\/\",\"url\":\"https:\/\/copy.medicest.eu\/et\/kosmetoloogi-esteetiku-konsultatsioon\/\",\"name\":\"Kosmetoloogi-esteetiku konsultatsioon - Ilukliinik Medic-Esthetic\",\"isPartOf\":{\"@id\":\"https:\/\/copy.medicest.eu\/#website\"},\"primaryImageOfPage\":{\"@id\":\"https:\/\/copy.medicest.eu\/et\/kosmetoloogi-esteetiku-konsultatsioon\/#primaryimage\"},\"image\":{\"@id\":\"https:\/\/copy.medicest.eu\/et\/kosmetoloogi-esteetiku-konsultatsioon\/#primaryimage\"},\"thumbnailUrl\":\"https:\/\/copy.medicest.eu\/wp-content\/uploads\/2022\/07\/konsult.png\",\"datePublished\":\"2022-07-04T14:08:09+00:00\",\"dateModified\":\"2022-09-16T13:17:18+00:00\",\"breadcrumb\":{\"@id\":\"https:\/\/copy.medicest.eu\/et\/kosmetoloogi-esteetiku-konsultatsioon\/#breadcrumb\"},\"inLanguage\":\"et\",\"potentialAction\":[{\"@type\":\"ReadAction\",\"target\":[\"https:\/\/copy.medicest.eu\/et\/kosmetoloogi-esteetiku-konsultatsioon\/\"]}]},{\"@type\":\"ImageObject\",\"inLanguage\":\"et\",\"@id\":\"https:\/\/copy.medicest.eu\/et\/kosmetoloogi-esteetiku-konsultatsioon\/#primaryimage\",\"url\":\"https:\/\/copy.medicest.eu\/wp-content\/uploads\/2022\/07\/konsult.png\",\"contentUrl\":\"https:\/\/copy.medicest.eu\/wp-content\/uploads\/2022\/07\/konsult.png\"},{\"@type\":\"BreadcrumbList\",\"@id\":\"https:\/\/copy.medicest.eu\/et\/kosmetoloogi-esteetiku-konsultatsioon\/#breadcrumb\",\"itemListElement\":[{\"@type\":\"ListItem\",\"position\":1,\"name\":\"Home\",\"item\":\"https:\/\/copy.medicest.eu\/et\/\"},{\"@type\":\"ListItem\",\"position\":2,\"name\":\"Kosmetoloogi-esteetiku konsultatsioon\"}]},{\"@type\":\"WebSite\",\"@id\":\"https:\/\/copy.medicest.eu\/#website\",\"url\":\"https:\/\/copy.medicest.eu\/\",\"name\":\"Ilukliinik Medic-Esthetic\",\"description\":\"Beauty &amp; Prestige\",\"potentialAction\":[{\"@type\":\"SearchAction\",\"target\":{\"@type\":\"EntryPoint\",\"urlTemplate\":\"https:\/\/copy.medicest.eu\/?s={search_term_string}\"},\"query-input\":{\"@type\":\"PropertyValueSpecification\",\"valueRequired\":true,\"valueName\":\"search_term_string\"}}],\"inLanguage\":\"et\"}]}<\/script>\n<!-- \/ Yoast SEO plugin. -->","yoast_head_json":{"title":"Kosmetoloogi-esteetiku konsultatsioon - Ilukliinik Medic-Esthetic","robots":{"index":"index","follow":"follow","max-snippet":"max-snippet:-1","max-image-preview":"max-image-preview:large","max-video-preview":"max-video-preview:-1"},"canonical":"https:\/\/copy.medicest.eu\/et\/kosmetoloogi-esteetiku-konsultatsioon\/","og_locale":"et_EE","og_type":"article","og_title":"Kosmetoloogi-esteetiku konsultatsioon - Ilukliinik Medic-Esthetic","og_description":"P\u00f5hjalik kosmetoloogi-esteetiku konsultatsioon Konsultatsiooni soovitame nii meestele, naistele kui ka noorukitele. Broneerige j\u00e4rgmine visiit protseduuriks 10% soodustusega kohe p\u00e4rast konsultatsiooni. Kosmetoloogi konsultatsiooni peamine eesm\u00e4rk on kindlaks teha kliendi probleem ja valida selle lahendamiseks individuaalne meetod. \u00d5igesti valitud lahendused on alus soovitud tulemuste saavutamiseks. Millal p\u00f6\u00f6rduda p\u00f5hjaliku konsultatsiooni saamiseks kosmetoloogi poole?\u2026","og_url":"https:\/\/copy.medicest.eu\/et\/kosmetoloogi-esteetiku-konsultatsioon\/","og_site_name":"Ilukliinik Medic-Esthetic","article_modified_time":"2022-09-16T13:17:18+00:00","og_image":[{"url":"https:\/\/copy.medicest.eu\/wp-content\/uploads\/2022\/07\/konsult.png"}],"twitter_card":"summary_large_image","twitter_misc":{"Est. reading time":"2 minutit"},"schema":{"@context":"https:\/\/schema.org","@graph":[{"@type":"WebPage","@id":"https:\/\/copy.medicest.eu\/et\/kosmetoloogi-esteetiku-konsultatsioon\/","url":"https:\/\/copy.medicest.eu\/et\/kosmetoloogi-esteetiku-konsultatsioon\/","name":"Kosmetoloogi-esteetiku konsultatsioon - Ilukliinik Medic-Esthetic","isPartOf":{"@id":"https:\/\/copy.medicest.eu\/#website"},"primaryImageOfPage":{"@id":"https:\/\/copy.medicest.eu\/et\/kosmetoloogi-esteetiku-konsultatsioon\/#primaryimage"},"image":{"@id":"https:\/\/copy.medicest.eu\/et\/kosmetoloogi-esteetiku-konsultatsioon\/#primaryimage"},"thumbnailUrl":"https:\/\/copy.medicest.eu\/wp-content\/uploads\/2022\/07\/konsult.png","datePublished":"2022-07-04T14:08:09+00:00","dateModified":"2022-09-16T13:17:18+00:00","breadcrumb":{"@id":"https:\/\/copy.medicest.eu\/et\/kosmetoloogi-esteetiku-konsultatsioon\/#breadcrumb"},"inLanguage":"et","potentialAction":[{"@type":"ReadAction","target":["https:\/\/copy.medicest.eu\/et\/kosmetoloogi-esteetiku-konsultatsioon\/"]}]},{"@type":"ImageObject","inLanguage":"et","@id":"https:\/\/copy.medicest.eu\/et\/kosmetoloogi-esteetiku-konsultatsioon\/#primaryimage","url":"https:\/\/copy.medicest.eu\/wp-content\/uploads\/2022\/07\/konsult.png","contentUrl":"https:\/\/copy.medicest.eu\/wp-content\/uploads\/2022\/07\/konsult.png"},{"@type":"BreadcrumbList","@id":"https:\/\/copy.medicest.eu\/et\/kosmetoloogi-esteetiku-konsultatsioon\/#breadcrumb","itemListElement":[{"@type":"ListItem","position":1,"name":"Home","item":"https:\/\/copy.medicest.eu\/et\/"},{"@type":"ListItem","position":2,"name":"Kosmetoloogi-esteetiku konsultatsioon"}]},{"@type":"WebSite","@id":"https:\/\/copy.medicest.eu\/#website","url":"https:\/\/copy.medicest.eu\/","name":"Ilukliinik Medic-Esthetic","description":"Beauty &amp; Prestige","potentialAction":[{"@type":"SearchAction","target":{"@type":"EntryPoint","urlTemplate":"https:\/\/copy.medicest.eu\/?s={search_term_string}"},"query-input":{"@type":"PropertyValueSpecification","valueRequired":true,"valueName":"search_term_string"}}],"inLanguage":"et"}]}},"_links":{"self":[{"href":"https:\/\/copy.medicest.eu\/et\/wp-json\/wp\/v2\/pages\/10160","targetHints":{"allow":["GET"]}}],"collection":[{"href":"https:\/\/copy.medicest.eu\/et\/wp-json\/wp\/v2\/pages"}],"about":[{"href":"https:\/\/copy.medicest.eu\/et\/wp-json\/wp\/v2\/types\/page"}],"author":[{"embeddable":true,"href":"https:\/\/copy.medicest.eu\/et\/wp-json\/wp\/v2\/users\/1"}],"replies":[{"embeddable":true,"href":"https:\/\/copy.medicest.eu\/et\/wp-json\/wp\/v2\/comments?post=10160"}],"version-history":[{"count":13,"href":"https:\/\/copy.medicest.eu\/et\/wp-json\/wp\/v2\/pages\/10160\/revisions"}],"predecessor-version":[{"id":10176,"href":"https:\/\/copy.medicest.eu\/et\/wp-json\/wp\/v2\/pages\/10160\/revisions\/10176"}],"wp:attachment":[{"href":"https:\/\/copy.medicest.eu\/et\/wp-json\/wp\/v2\/media?parent=10160"}],"curies":[{"name":"wp","href":"https:\/\/api.w.org\/{rel}","templated":true}]}}