{"id":10276,"date":"2022-09-21T10:32:59","date_gmt":"2022-09-21T10:32:59","guid":{"rendered":"https:\/\/copy.medicest.eu\/konsultaciya-terapevta-po-pitaniyu-dlya-uluchsheniya-kachestva-kozhi\/"},"modified":"2022-09-21T13:35:00","modified_gmt":"2022-09-21T13:35:00","slug":"toitumisterapeuti-konsultatsioon-naha-kvaliteedi-parandamiseks","status":"publish","type":"page","link":"https:\/\/copy.medicest.eu\/et\/toitumisterapeuti-konsultatsioon-naha-kvaliteedi-parandamiseks\/","title":{"rendered":"Toitumisterapeuti konsultatsioon naha kvaliteedi parandamiseks"},"content":{"rendered":"\t\t<div data-elementor-type=\"wp-page\" data-elementor-id=\"10276\" class=\"elementor elementor-10276 elementor-10219\">\n\t\t\t\t\t\t<section class=\"elementor-section elementor-top-section elementor-element elementor-element-528ed95e elementor-section-boxed elementor-section-height-default elementor-section-height-default\" data-id=\"528ed95e\" data-element_type=\"section\">\n\t\t\t\t\t\t<div class=\"elementor-container elementor-column-gap-default\">\n\t\t\t\t\t<div class=\"elementor-column elementor-col-100 elementor-top-column elementor-element elementor-element-2a0b5f7d\" data-id=\"2a0b5f7d\" data-element_type=\"column\">\n\t\t\t<div class=\"elementor-widget-wrap elementor-element-populated\">\n\t\t\t\t\t\t<div class=\"elementor-element elementor-element-5cd5f934 elementor-widget elementor-widget-heading\" data-id=\"5cd5f934\" data-element_type=\"widget\" data-widget_type=\"heading.default\">\n\t\t\t\t<div class=\"elementor-widget-container\">\n\t\t\t<h2 class=\"elementor-heading-title elementor-size-default\">Toitumisterapeuti konsultatsioon naha kvaliteedi parandamiseks\n<\/h2>\t\t<\/div>\n\t\t\t\t<\/div>\n\t\t\t\t<div class=\"elementor-element elementor-element-2ddcdf47 elementor-widget elementor-widget-heading\" data-id=\"2ddcdf47\" data-element_type=\"widget\" data-widget_type=\"heading.default\">\n\t\t\t\t<div class=\"elementor-widget-container\">\n\t\t\t<h3 class=\"elementor-heading-title elementor-size-default\">\nAleksandra Gagen\n<\/h3>\t\t<\/div>\n\t\t\t\t<\/div>\n\t\t\t\t<div class=\"elementor-element elementor-element-700f502 elementor-widget elementor-widget-heading\" data-id=\"700f502\" data-element_type=\"widget\" data-widget_type=\"heading.default\">\n\t\t\t\t<div class=\"elementor-widget-container\">\n\t\t\t<h2 class=\"elementor-heading-title elementor-size-default\">Ainult kliinikus Medic-Esthetic!<\/h2>\t\t<\/div>\n\t\t\t\t<\/div>\n\t\t\t\t\t<\/div>\n\t\t<\/div>\n\t\t\t\t\t<\/div>\n\t\t<\/section>\n\t\t\t\t<section class=\"elementor-section elementor-top-section elementor-element elementor-element-d629c82 elementor-section-boxed elementor-section-height-default elementor-section-height-default\" data-id=\"d629c82\" data-element_type=\"section\">\n\t\t\t\t\t\t<div class=\"elementor-container elementor-column-gap-default\">\n\t\t\t\t\t<div class=\"elementor-column elementor-col-50 elementor-top-column elementor-element elementor-element-6524385\" data-id=\"6524385\" data-element_type=\"column\">\n\t\t\t<div class=\"elementor-widget-wrap elementor-element-populated\">\n\t\t\t\t\t\t<div class=\"elementor-element elementor-element-ef443a4 elementor-widget elementor-widget-image\" data-id=\"ef443a4\" data-element_type=\"widget\" data-widget_type=\"image.default\">\n\t\t\t\t<div class=\"elementor-widget-container\">\n\t\t\t\t\t\t\t\t\t\t\t\t\t<img fetchpriority=\"high\" decoding=\"async\" width=\"1024\" height=\"1024\" src=\"https:\/\/copy.medicest.eu\/wp-content\/uploads\/2022\/09\/Gagen-pitanie-1024x1024.jpeg\" class=\"attachment-large size-large wp-image-10231\" alt=\"\" srcset=\"https:\/\/copy.medicest.eu\/wp-content\/uploads\/2022\/09\/Gagen-pitanie-1024x1024.jpeg 1024w, https:\/\/copy.medicest.eu\/wp-content\/uploads\/2022\/09\/Gagen-pitanie-300x300.jpeg 300w, https:\/\/copy.medicest.eu\/wp-content\/uploads\/2022\/09\/Gagen-pitanie-768x768.jpeg 768w, https:\/\/copy.medicest.eu\/wp-content\/uploads\/2022\/09\/Gagen-pitanie-150x150.jpeg 150w, https:\/\/copy.medicest.eu\/wp-content\/uploads\/2022\/09\/Gagen-pitanie.jpeg 1527w\" sizes=\"(max-width: 1024px) 100vw, 1024px\" \/>\t\t\t\t\t\t\t\t\t\t\t\t\t<\/div>\n\t\t\t\t<\/div>\n\t\t\t\t<div class=\"elementor-element elementor-element-45a22d7 elementor-widget elementor-widget-text-editor\" data-id=\"45a22d7\" data-element_type=\"widget\" data-widget_type=\"text-editor.default\">\n\t\t\t\t<div class=\"elementor-widget-container\">\n\t\t\t\t\t\t\t<p><strong>Pakume spetsiaalset teenust &#8211; Toitumisterapeuti konsultatsioon naha kvaliteedi parandamiseks. <\/strong><\/p><p><strong>Toitumisterapeut Aleksandra Gagen pakub antud teenust ainult meie kliinikus.<\/strong><\/p>\t\t\t\t\t\t<\/div>\n\t\t\t\t<\/div>\n\t\t\t\t<div class=\"elementor-element elementor-element-d8853f7 elementor-widget elementor-widget-text-editor\" data-id=\"d8853f7\" data-element_type=\"widget\" data-widget_type=\"text-editor.default\">\n\t\t\t\t<div class=\"elementor-widget-container\">\n\t\t\t\t\t\t\t<h4>Konsultatsiooni ajal:<\/h4><ul><li aria-level=\"1\">naha hetkekvaliteedi arvestus<\/li><li aria-level=\"1\">\u00fcldist tervislikku seisundit ja olemasolevaid haigusi arvesse v\u00f5tmine<\/li><li aria-level=\"1\">\u00a0\u00a0toitumiskava koostamine vastavalt elugraafikule<\/li><li aria-level=\"1\">kolme t\u00f6\u00f6p\u00e4eva jooksul saadetakse kliendi e-postile kirjalik juhis individuaalse toitumise kohta: vajalike toitainete loetelu, toitumisreeglid, vajalikud toidud ja joogid, joogire\u017eiim, toidukordade n\u00e4ited koos retseptidega jne.<\/li><\/ul>\t\t\t\t\t\t<\/div>\n\t\t\t\t<\/div>\n\t\t\t\t\t<\/div>\n\t\t<\/div>\n\t\t\t\t<div class=\"elementor-column elementor-col-50 elementor-top-column elementor-element elementor-element-ac4f38e\" data-id=\"ac4f38e\" data-element_type=\"column\">\n\t\t\t<div class=\"elementor-widget-wrap elementor-element-populated\">\n\t\t\t\t\t\t<div class=\"elementor-element elementor-element-f9eedb6 elementor-widget elementor-widget-text-editor\" data-id=\"f9eedb6\" data-element_type=\"widget\" data-widget_type=\"text-editor.default\">\n\t\t\t\t<div class=\"elementor-widget-container\">\n\t\t\t\t\t\t\t<p><strong>Terve ja s\u00e4rav nahk pole unistus, vaid reaalsus.<\/strong><\/p><p><strong>\u00a0<\/strong><\/p><blockquote><p>Kui l\u00e4htuda pindalast, siis nahk on suurim kehaorgan, mis osaleb hingamises, soojuse reguleerimises ja ainevahetusprotsessides.<\/p><\/blockquote>\t\t\t\t\t\t<\/div>\n\t\t\t\t<\/div>\n\t\t\t\t<div class=\"elementor-element elementor-element-03ec7e4 elementor-widget elementor-widget-text-editor\" data-id=\"03ec7e4\" data-element_type=\"widget\" data-widget_type=\"text-editor.default\">\n\t\t\t\t<div class=\"elementor-widget-container\">\n\t\t\t\t\t\t\t<p>Need, kes unistavad laitmatust nahaseisundist, peaksid selle ilu ja tervise huvides m\u00f5istete &#8220;efektiivsed protseduurid&#8221; ja &#8220;professionaalne kosmeetik&#8221; juurde lisama ka \u00f5iget toitumist.<\/p>\t\t\t\t\t\t<\/div>\n\t\t\t\t<\/div>\n\t\t\t\t<div class=\"elementor-element elementor-element-e98eb40 elementor-widget elementor-widget-image\" data-id=\"e98eb40\" data-element_type=\"widget\" data-widget_type=\"image.default\">\n\t\t\t\t<div class=\"elementor-widget-container\">\n\t\t\t\t\t\t\t\t\t\t\t\t\t<img decoding=\"async\" width=\"768\" height=\"768\" src=\"https:\/\/copy.medicest.eu\/wp-content\/uploads\/2022\/09\/Gagen-skin.jpeg\" class=\"attachment-large size-large wp-image-10248\" alt=\"\" srcset=\"https:\/\/copy.medicest.eu\/wp-content\/uploads\/2022\/09\/Gagen-skin.jpeg 768w, https:\/\/copy.medicest.eu\/wp-content\/uploads\/2022\/09\/Gagen-skin-300x300.jpeg 300w, https:\/\/copy.medicest.eu\/wp-content\/uploads\/2022\/09\/Gagen-skin-150x150.jpeg 150w\" sizes=\"(max-width: 768px) 100vw, 768px\" \/>\t\t\t\t\t\t\t\t\t\t\t\t\t<\/div>\n\t\t\t\t<\/div>\n\t\t\t\t<div class=\"elementor-element elementor-element-1fec7ae elementor-widget elementor-widget-text-editor\" data-id=\"1fec7ae\" data-element_type=\"widget\" data-widget_type=\"text-editor.default\">\n\t\t\t\t<div class=\"elementor-widget-container\">\n\t\t\t\t\t\t\t<blockquote><p>30 p\u00e4eva jooksul p\u00e4rast konsultatsiooni kliendil on olemas v\u00f5imalus p\u00f6\u00f6rduda toitumisterapeudi poole tekkivate k\u00fcsimustega.<\/p><\/blockquote>\t\t\t\t\t\t<\/div>\n\t\t\t\t<\/div>\n\t\t\t\t\t<\/div>\n\t\t<\/div>\n\t\t\t\t\t<\/div>\n\t\t<\/section>\n\t\t\t\t<section class=\"elementor-section elementor-top-section elementor-element elementor-element-b75419a elementor-section-boxed elementor-section-height-default elementor-section-height-default\" data-id=\"b75419a\" data-element_type=\"section\">\n\t\t\t\t\t\t<div class=\"elementor-container elementor-column-gap-default\">\n\t\t\t\t\t<div class=\"elementor-column elementor-col-50 elementor-top-column elementor-element elementor-element-1d216ef\" data-id=\"1d216ef\" data-element_type=\"column\">\n\t\t\t<div class=\"elementor-widget-wrap elementor-element-populated\">\n\t\t\t\t\t\t<div class=\"elementor-element elementor-element-c9928e5 elementor-widget elementor-widget-text-editor\" data-id=\"c9928e5\" data-element_type=\"widget\" data-widget_type=\"text-editor.default\">\n\t\t\t\t<div class=\"elementor-widget-container\">\n\t\t\t\t\t\t\t<h3>Haridus:<\/h3><p>2016 &#8211; 2021 Annely Sootsi Koolituse Tervisekool<\/p><p><strong>T\u00e4iendkoolitused:<\/strong><\/p><p>2020-2021 Tallinna Tervishoiu K\u00f5rgkool<\/p><p>2021 Novosibirsk State University<\/p><p>2021 Tomsk State University<\/p><p>2020 Sechenov University<\/p><p>2016 MONASH University<\/p><p>2020 Eesti Ts\u00f6liaakia Selts<\/p><p>2021 Eesti Kliinilise Toitmise Selts<\/p>\t\t\t\t\t\t<\/div>\n\t\t\t\t<\/div>\n\t\t\t\t\t<\/div>\n\t\t<\/div>\n\t\t\t\t<div class=\"elementor-column elementor-col-50 elementor-top-column elementor-element elementor-element-e7cd48a\" data-id=\"e7cd48a\" data-element_type=\"column\" data-settings=\"{&quot;background_background&quot;:&quot;classic&quot;}\">\n\t\t\t<div class=\"elementor-widget-wrap elementor-element-populated\">\n\t\t\t\t\t\t<div class=\"elementor-element elementor-element-3f26d58 elementor-widget elementor-widget-text-editor\" data-id=\"3f26d58\" data-element_type=\"widget\" data-widget_type=\"text-editor.default\">\n\t\t\t\t<div class=\"elementor-widget-container\">\n\t\t\t\t\t\t\t<h3>Kvalifikatsioon:<\/h3><ul><li>toitumisterapeut<\/li><li>tervisen\u00f5ustaja toitumise alal<\/li><li>toitumisn\u00f5ustaja<\/li><li>toitumisspetsialist tervist toetava ja taastava toitumise alal<\/li><\/ul>\t\t\t\t\t\t<\/div>\n\t\t\t\t<\/div>\n\t\t\t\t\t<\/div>\n\t\t<\/div>\n\t\t\t\t\t<\/div>\n\t\t<\/section>\n\t\t\t\t<section class=\"elementor-section elementor-top-section elementor-element elementor-element-90c81d5 elementor-section-height-min-height elementor-section-boxed elementor-section-height-default elementor-section-items-middle\" data-id=\"90c81d5\" data-element_type=\"section\" data-settings=\"{&quot;background_background&quot;:&quot;classic&quot;}\">\n\t\t\t\t\t\t\t<div class=\"elementor-background-overlay\"><\/div>\n\t\t\t\t\t\t\t<div class=\"elementor-container elementor-column-gap-default\">\n\t\t\t\t\t<div class=\"elementor-column elementor-col-100 elementor-top-column elementor-element elementor-element-151e7a5\" data-id=\"151e7a5\" data-element_type=\"column\">\n\t\t\t<div class=\"elementor-widget-wrap elementor-element-populated\">\n\t\t\t\t\t\t<div class=\"elementor-element elementor-element-bd112ea elementor-widget elementor-widget-heading\" data-id=\"bd112ea\" data-element_type=\"widget\" data-widget_type=\"heading.default\">\n\t\t\t\t<div class=\"elementor-widget-container\">\n\t\t\t<h2 class=\"elementor-heading-title elementor-size-default\">Toitumisterapeudi konsultatsioon<\/h2>\t\t<\/div>\n\t\t\t\t<\/div>\n\t\t\t\t<div class=\"elementor-element elementor-element-6964eb54 pp-buttons-halign-center pp-buttons-stack-none elementor-widget elementor-widget-pp-buttons\" data-id=\"6964eb54\" data-element_type=\"widget\" data-widget_type=\"pp-buttons.default\">\n\t\t\t\t<div class=\"elementor-widget-container\">\n\t\t\t\t\t<div class=\"pp-buttons-group\">\n\t\t\t\t\t\t\t\t\t\t\t<a href=\"https:\/\/copy.medicest.eu\/et\/toitumisterapeudi-konsultatsioon\/\" class=\"pp-button elementor-button elementor-size-md elementor-repeater-item-c938c7f \">\n\t\t\t\t\t<div class=\"pp-button-content-wrapper\">\n\t\t\t\t\t\t<span class=\"pp-button-content-inner pp-icon-before\">\n\t\t\t\t\t\t\t\n\t\t\t\t\t\t\t\t<span class=\"pp-button-title\">\n\t\t\t\t\t\t\t\t\tLisainfo\t\t\t\t\t\t\t\t<\/span>\n\t\t\t\t\t\t\t\t\t\t\t\t\t<\/span>\n\t\t\t\t\t<\/div>\n\t\t\t\t<\/a>\n\t\t\t\t\t\t\t\t\t\t<\/div>\t\t<\/div>\n\t\t\t\t<\/div>\n\t\t\t\t\t<\/div>\n\t\t<\/div>\n\t\t\t\t\t<\/div>\n\t\t<\/section>\n\t\t\t\t<section class=\"elementor-section elementor-top-section elementor-element elementor-element-45ff39c5 elementor-section-boxed elementor-section-height-default elementor-section-height-default\" data-id=\"45ff39c5\" data-element_type=\"section\">\n\t\t\t\t\t\t<div class=\"elementor-container elementor-column-gap-default\">\n\t\t\t\t\t<div class=\"elementor-column elementor-col-100 elementor-top-column elementor-element elementor-element-47fb7578\" data-id=\"47fb7578\" data-element_type=\"column\">\n\t\t\t<div class=\"elementor-widget-wrap elementor-element-populated\">\n\t\t\t\t\t\t<div class=\"elementor-element elementor-element-1dbc8ae7 elementor-widget elementor-widget-heading\" data-id=\"1dbc8ae7\" data-element_type=\"widget\" data-widget_type=\"heading.default\">\n\t\t\t\t<div class=\"elementor-widget-container\">\n\t\t\t<h2 class=\"elementor-heading-title elementor-size-default\">Hinnakiri<\/h2>\t\t<\/div>\n\t\t\t\t<\/div>\n\t\t\t\t<div class=\"elementor-element elementor-element-4f0ba886 elementor-widget elementor-widget-text-editor\" data-id=\"4f0ba886\" data-element_type=\"widget\" data-widget_type=\"text-editor.default\">\n\t\t\t\t<div class=\"elementor-widget-container\">\n\t\t\t\t\t\t\t<p>\n<table id=\"tablepress-96\" class=\"tablepress tablepress-id-96 tablepress-responsive\">\n<thead>\n<tr class=\"row-1 odd\">\n\t<th class=\"column-1\">Toitumisterapeudi konsultatsioon<\/th><th class=\"column-2\">Hind, \u20ac<\/th>\n<\/tr>\n<\/thead>\n<tbody class=\"row-hover\">\n<tr class=\"row-2 even\">\n\t<td class=\"column-1\">Konsultatsioon 60 min + 30 p\u00e4eva veebip\u00f5hiset klienditugi<\/td><td class=\"column-2\">70,00<\/td>\n<\/tr>\n<\/tbody>\n<\/table>\n<!-- #tablepress-96 from cache --><\/p>\t\t\t\t\t\t<\/div>\n\t\t\t\t<\/div>\n\t\t\t\t\t<\/div>\n\t\t<\/div>\n\t\t\t\t\t<\/div>\n\t\t<\/section>\n\t\t\t\t<\/div>\n\t\t","protected":false},"excerpt":{"rendered":"<p>Toitumisterapeuti konsultatsioon naha kvaliteedi parandamiseks Aleksandra Gagen Ainult kliinikus Medic-Esthetic! Pakume spetsiaalset teenust &#8211; Toitumisterapeuti konsultatsioon naha kvaliteedi parandamiseks. Toitumisterapeut Aleksandra Gagen pakub antud teenust ainult meie kliinikus. Konsultatsiooni ajal: naha hetkekvaliteedi arvestus \u00fcldist tervislikku seisundit ja olemasolevaid haigusi arvesse v\u00f5tmine \u00a0\u00a0toitumiskava koostamine vastavalt elugraafikule kolme t\u00f6\u00f6p\u00e4eva jooksul saadetakse kliendi\u2026<\/p>\n<p class=\"continue-reading-button\"> <a class=\"continue-reading-link\" href=\"https:\/\/copy.medicest.eu\/et\/toitumisterapeuti-konsultatsioon-naha-kvaliteedi-parandamiseks\/\"><i class=\"crycon-right-dir\"><\/i><\/a><\/p>\n","protected":false},"author":1,"featured_media":0,"parent":0,"menu_order":0,"comment_status":"closed","ping_status":"closed","template":"","meta":{"footnotes":""},"class_list":["post-10276","page","type-page","status-publish","hentry"],"yoast_head":"<!-- This site is optimized with the Yoast SEO plugin v23.6 - https:\/\/yoast.com\/wordpress\/plugins\/seo\/ -->\n<title>Toitumisterapeuti konsultatsioon naha kvaliteedi parandamiseks - Ilukliinik Medic-Esthetic<\/title>\n<meta name=\"robots\" content=\"index, follow, max-snippet:-1, max-image-preview:large, max-video-preview:-1\" \/>\n<link rel=\"canonical\" href=\"https:\/\/copy.medicest.eu\/et\/toitumisterapeuti-konsultatsioon-naha-kvaliteedi-parandamiseks\/\" \/>\n<meta property=\"og:locale\" content=\"et_EE\" \/>\n<meta property=\"og:type\" content=\"article\" \/>\n<meta property=\"og:title\" content=\"Toitumisterapeuti konsultatsioon naha kvaliteedi parandamiseks - Ilukliinik Medic-Esthetic\" \/>\n<meta property=\"og:description\" content=\"Toitumisterapeuti konsultatsioon naha kvaliteedi parandamiseks Aleksandra Gagen Ainult kliinikus Medic-Esthetic! Pakume spetsiaalset teenust &#8211; Toitumisterapeuti konsultatsioon naha kvaliteedi parandamiseks. Toitumisterapeut Aleksandra Gagen pakub antud teenust ainult meie kliinikus. Konsultatsiooni ajal: naha hetkekvaliteedi arvestus \u00fcldist tervislikku seisundit ja olemasolevaid haigusi arvesse v\u00f5tmine \u00a0\u00a0toitumiskava koostamine vastavalt elugraafikule kolme t\u00f6\u00f6p\u00e4eva jooksul saadetakse kliendi\u2026\" \/>\n<meta property=\"og:url\" content=\"https:\/\/copy.medicest.eu\/et\/toitumisterapeuti-konsultatsioon-naha-kvaliteedi-parandamiseks\/\" \/>\n<meta property=\"og:site_name\" content=\"Ilukliinik Medic-Esthetic\" \/>\n<meta property=\"article:modified_time\" content=\"2022-09-21T13:35:00+00:00\" \/>\n<meta property=\"og:image\" content=\"https:\/\/copy.medicest.eu\/wp-content\/uploads\/2022\/09\/Gagen-pitanie-1024x1024.jpeg\" \/>\n<meta name=\"twitter:card\" content=\"summary_large_image\" \/>\n<meta name=\"twitter:label1\" content=\"Est. reading time\" \/>\n\t<meta name=\"twitter:data1\" content=\"2 minutit\" \/>\n<script type=\"application\/ld+json\" class=\"yoast-schema-graph\">{\"@context\":\"https:\/\/schema.org\",\"@graph\":[{\"@type\":\"WebPage\",\"@id\":\"https:\/\/copy.medicest.eu\/et\/toitumisterapeuti-konsultatsioon-naha-kvaliteedi-parandamiseks\/\",\"url\":\"https:\/\/copy.medicest.eu\/et\/toitumisterapeuti-konsultatsioon-naha-kvaliteedi-parandamiseks\/\",\"name\":\"Toitumisterapeuti konsultatsioon naha kvaliteedi parandamiseks - Ilukliinik Medic-Esthetic\",\"isPartOf\":{\"@id\":\"https:\/\/copy.medicest.eu\/#website\"},\"primaryImageOfPage\":{\"@id\":\"https:\/\/copy.medicest.eu\/et\/toitumisterapeuti-konsultatsioon-naha-kvaliteedi-parandamiseks\/#primaryimage\"},\"image\":{\"@id\":\"https:\/\/copy.medicest.eu\/et\/toitumisterapeuti-konsultatsioon-naha-kvaliteedi-parandamiseks\/#primaryimage\"},\"thumbnailUrl\":\"https:\/\/copy.medicest.eu\/wp-content\/uploads\/2022\/09\/Gagen-pitanie-1024x1024.jpeg\",\"datePublished\":\"2022-09-21T10:32:59+00:00\",\"dateModified\":\"2022-09-21T13:35:00+00:00\",\"breadcrumb\":{\"@id\":\"https:\/\/copy.medicest.eu\/et\/toitumisterapeuti-konsultatsioon-naha-kvaliteedi-parandamiseks\/#breadcrumb\"},\"inLanguage\":\"et\",\"potentialAction\":[{\"@type\":\"ReadAction\",\"target\":[\"https:\/\/copy.medicest.eu\/et\/toitumisterapeuti-konsultatsioon-naha-kvaliteedi-parandamiseks\/\"]}]},{\"@type\":\"ImageObject\",\"inLanguage\":\"et\",\"@id\":\"https:\/\/copy.medicest.eu\/et\/toitumisterapeuti-konsultatsioon-naha-kvaliteedi-parandamiseks\/#primaryimage\",\"url\":\"https:\/\/copy.medicest.eu\/wp-content\/uploads\/2022\/09\/Gagen-pitanie-1024x1024.jpeg\",\"contentUrl\":\"https:\/\/copy.medicest.eu\/wp-content\/uploads\/2022\/09\/Gagen-pitanie-1024x1024.jpeg\"},{\"@type\":\"BreadcrumbList\",\"@id\":\"https:\/\/copy.medicest.eu\/et\/toitumisterapeuti-konsultatsioon-naha-kvaliteedi-parandamiseks\/#breadcrumb\",\"itemListElement\":[{\"@type\":\"ListItem\",\"position\":1,\"name\":\"Home\",\"item\":\"https:\/\/copy.medicest.eu\/et\/\"},{\"@type\":\"ListItem\",\"position\":2,\"name\":\"Toitumisterapeuti konsultatsioon naha kvaliteedi parandamiseks\"}]},{\"@type\":\"WebSite\",\"@id\":\"https:\/\/copy.medicest.eu\/#website\",\"url\":\"https:\/\/copy.medicest.eu\/\",\"name\":\"Ilukliinik Medic-Esthetic\",\"description\":\"Beauty &amp; Prestige\",\"potentialAction\":[{\"@type\":\"SearchAction\",\"target\":{\"@type\":\"EntryPoint\",\"urlTemplate\":\"https:\/\/copy.medicest.eu\/?s={search_term_string}\"},\"query-input\":{\"@type\":\"PropertyValueSpecification\",\"valueRequired\":true,\"valueName\":\"search_term_string\"}}],\"inLanguage\":\"et\"}]}<\/script>\n<!-- \/ Yoast SEO plugin. -->","yoast_head_json":{"title":"Toitumisterapeuti konsultatsioon naha kvaliteedi parandamiseks - Ilukliinik Medic-Esthetic","robots":{"index":"index","follow":"follow","max-snippet":"max-snippet:-1","max-image-preview":"max-image-preview:large","max-video-preview":"max-video-preview:-1"},"canonical":"https:\/\/copy.medicest.eu\/et\/toitumisterapeuti-konsultatsioon-naha-kvaliteedi-parandamiseks\/","og_locale":"et_EE","og_type":"article","og_title":"Toitumisterapeuti konsultatsioon naha kvaliteedi parandamiseks - Ilukliinik Medic-Esthetic","og_description":"Toitumisterapeuti konsultatsioon naha kvaliteedi parandamiseks Aleksandra Gagen Ainult kliinikus Medic-Esthetic! Pakume spetsiaalset teenust &#8211; Toitumisterapeuti konsultatsioon naha kvaliteedi parandamiseks. Toitumisterapeut Aleksandra Gagen pakub antud teenust ainult meie kliinikus. Konsultatsiooni ajal: naha hetkekvaliteedi arvestus \u00fcldist tervislikku seisundit ja olemasolevaid haigusi arvesse v\u00f5tmine \u00a0\u00a0toitumiskava koostamine vastavalt elugraafikule kolme t\u00f6\u00f6p\u00e4eva jooksul saadetakse kliendi\u2026","og_url":"https:\/\/copy.medicest.eu\/et\/toitumisterapeuti-konsultatsioon-naha-kvaliteedi-parandamiseks\/","og_site_name":"Ilukliinik Medic-Esthetic","article_modified_time":"2022-09-21T13:35:00+00:00","og_image":[{"url":"https:\/\/copy.medicest.eu\/wp-content\/uploads\/2022\/09\/Gagen-pitanie-1024x1024.jpeg"}],"twitter_card":"summary_large_image","twitter_misc":{"Est. reading time":"2 minutit"},"schema":{"@context":"https:\/\/schema.org","@graph":[{"@type":"WebPage","@id":"https:\/\/copy.medicest.eu\/et\/toitumisterapeuti-konsultatsioon-naha-kvaliteedi-parandamiseks\/","url":"https:\/\/copy.medicest.eu\/et\/toitumisterapeuti-konsultatsioon-naha-kvaliteedi-parandamiseks\/","name":"Toitumisterapeuti konsultatsioon naha kvaliteedi parandamiseks - Ilukliinik Medic-Esthetic","isPartOf":{"@id":"https:\/\/copy.medicest.eu\/#website"},"primaryImageOfPage":{"@id":"https:\/\/copy.medicest.eu\/et\/toitumisterapeuti-konsultatsioon-naha-kvaliteedi-parandamiseks\/#primaryimage"},"image":{"@id":"https:\/\/copy.medicest.eu\/et\/toitumisterapeuti-konsultatsioon-naha-kvaliteedi-parandamiseks\/#primaryimage"},"thumbnailUrl":"https:\/\/copy.medicest.eu\/wp-content\/uploads\/2022\/09\/Gagen-pitanie-1024x1024.jpeg","datePublished":"2022-09-21T10:32:59+00:00","dateModified":"2022-09-21T13:35:00+00:00","breadcrumb":{"@id":"https:\/\/copy.medicest.eu\/et\/toitumisterapeuti-konsultatsioon-naha-kvaliteedi-parandamiseks\/#breadcrumb"},"inLanguage":"et","potentialAction":[{"@type":"ReadAction","target":["https:\/\/copy.medicest.eu\/et\/toitumisterapeuti-konsultatsioon-naha-kvaliteedi-parandamiseks\/"]}]},{"@type":"ImageObject","inLanguage":"et","@id":"https:\/\/copy.medicest.eu\/et\/toitumisterapeuti-konsultatsioon-naha-kvaliteedi-parandamiseks\/#primaryimage","url":"https:\/\/copy.medicest.eu\/wp-content\/uploads\/2022\/09\/Gagen-pitanie-1024x1024.jpeg","contentUrl":"https:\/\/copy.medicest.eu\/wp-content\/uploads\/2022\/09\/Gagen-pitanie-1024x1024.jpeg"},{"@type":"BreadcrumbList","@id":"https:\/\/copy.medicest.eu\/et\/toitumisterapeuti-konsultatsioon-naha-kvaliteedi-parandamiseks\/#breadcrumb","itemListElement":[{"@type":"ListItem","position":1,"name":"Home","item":"https:\/\/copy.medicest.eu\/et\/"},{"@type":"ListItem","position":2,"name":"Toitumisterapeuti konsultatsioon naha kvaliteedi parandamiseks"}]},{"@type":"WebSite","@id":"https:\/\/copy.medicest.eu\/#website","url":"https:\/\/copy.medicest.eu\/","name":"Ilukliinik Medic-Esthetic","description":"Beauty &amp; Prestige","potentialAction":[{"@type":"SearchAction","target":{"@type":"EntryPoint","urlTemplate":"https:\/\/copy.medicest.eu\/?s={search_term_string}"},"query-input":{"@type":"PropertyValueSpecification","valueRequired":true,"valueName":"search_term_string"}}],"inLanguage":"et"}]}},"_links":{"self":[{"href":"https:\/\/copy.medicest.eu\/et\/wp-json\/wp\/v2\/pages\/10276","targetHints":{"allow":["GET"]}}],"collection":[{"href":"https:\/\/copy.medicest.eu\/et\/wp-json\/wp\/v2\/pages"}],"about":[{"href":"https:\/\/copy.medicest.eu\/et\/wp-json\/wp\/v2\/types\/page"}],"author":[{"embeddable":true,"href":"https:\/\/copy.medicest.eu\/et\/wp-json\/wp\/v2\/users\/1"}],"replies":[{"embeddable":true,"href":"https:\/\/copy.medicest.eu\/et\/wp-json\/wp\/v2\/comments?post=10276"}],"version-history":[{"count":13,"href":"https:\/\/copy.medicest.eu\/et\/wp-json\/wp\/v2\/pages\/10276\/revisions"}],"predecessor-version":[{"id":10304,"href":"https:\/\/copy.medicest.eu\/et\/wp-json\/wp\/v2\/pages\/10276\/revisions\/10304"}],"wp:attachment":[{"href":"https:\/\/copy.medicest.eu\/et\/wp-json\/wp\/v2\/media?parent=10276"}],"curies":[{"name":"wp","href":"https:\/\/api.w.org\/{rel}","templated":true}]}}