{"id":11023,"date":"2023-02-13T11:02:09","date_gmt":"2023-02-13T11:02:09","guid":{"rendered":"https:\/\/copy.medicest.eu\/politika-konfidencialnosti\/"},"modified":"2023-02-14T10:09:55","modified_gmt":"2023-02-14T10:09:55","slug":"privaatsuspoliitika","status":"publish","type":"page","link":"https:\/\/copy.medicest.eu\/et\/privaatsuspoliitika\/","title":{"rendered":"Privaatsuspoliitika"},"content":{"rendered":"\t\t<div data-elementor-type=\"wp-page\" data-elementor-id=\"11023\" class=\"elementor elementor-11023 elementor-11006\">\n\t\t\t\t\t\t<section class=\"elementor-section elementor-top-section elementor-element elementor-element-777df9f4 elementor-section-boxed elementor-section-height-default elementor-section-height-default\" data-id=\"777df9f4\" data-element_type=\"section\">\n\t\t\t\t\t\t<div class=\"elementor-container elementor-column-gap-default\">\n\t\t\t\t\t<div class=\"elementor-column elementor-col-100 elementor-top-column elementor-element elementor-element-2fbbb92a\" data-id=\"2fbbb92a\" data-element_type=\"column\">\n\t\t\t<div class=\"elementor-widget-wrap elementor-element-populated\">\n\t\t\t\t\t\t<div class=\"elementor-element elementor-element-1bbb25e1 elementor-widget elementor-widget-heading\" data-id=\"1bbb25e1\" data-element_type=\"widget\" data-widget_type=\"heading.default\">\n\t\t\t\t<div class=\"elementor-widget-container\">\n\t\t\t<h2 class=\"elementor-heading-title elementor-size-default\">Privaatsuspoliitika\n<\/h2>\t\t<\/div>\n\t\t\t\t<\/div>\n\t\t\t\t<div class=\"elementor-element elementor-element-29aeb73a elementor-widget elementor-widget-heading\" data-id=\"29aeb73a\" data-element_type=\"widget\" data-widget_type=\"heading.default\">\n\t\t\t\t<div class=\"elementor-widget-container\">\n\t\t\t<h2 class=\"elementor-heading-title elementor-size-default\">Medic-Esthetic<\/h2>\t\t<\/div>\n\t\t\t\t<\/div>\n\t\t\t\t\t<\/div>\n\t\t<\/div>\n\t\t\t\t\t<\/div>\n\t\t<\/section>\n\t\t\t\t<section class=\"elementor-section elementor-top-section elementor-element elementor-element-e568a91 elementor-section-boxed elementor-section-height-default elementor-section-height-default\" data-id=\"e568a91\" data-element_type=\"section\">\n\t\t\t\t\t\t<div class=\"elementor-container elementor-column-gap-default\">\n\t\t\t\t\t<div class=\"elementor-column elementor-col-100 elementor-top-column elementor-element elementor-element-89edf1b\" data-id=\"89edf1b\" data-element_type=\"column\">\n\t\t\t<div class=\"elementor-widget-wrap elementor-element-populated\">\n\t\t\t\t\t\t<div class=\"elementor-element elementor-element-3d4ccd9 elementor-widget elementor-widget-text-editor\" data-id=\"3d4ccd9\" data-element_type=\"widget\" data-widget_type=\"text-editor.default\">\n\t\t\t\t<div class=\"elementor-widget-container\">\n\t\t\t\t\t\t\t<p>Selle veebisaidi looja ja haldaja on Medic-Esthetic O\u00dc<br \/>Me v\u00f5tame vastu, kogume ja salvestame teavet, mille sisestate meie veebisaidile v\u00f5i esitate meile muul viisil. Lisaks kogume teie arvuti internetiu\u0308henduse loomiseks kasutatava internetiaadressi ehk IP-aadressi andmed.<\/p><p>V\u00f5ime kasutada tarkvarat\u00f6\u00f6riistu, et m\u00f5\u00f5ta ja koguda seansi teavet, sealhulgas lehe reageerimisaega, teatavate lehtede ku\u0308lastuste kestust, lehtede vastasm\u00f5ju teavet ja lehe vaatamiseks kasutatavaid meetodeid.<\/p><p>Kogume isiklikku ja mitteisiklikku teavet j\u00e4rgmistel eesm\u00e4rkidel:<\/p><ul><li>Oma klientide ja kasutajatega u\u0308henduse v\u00f5tmiseks teenuste u\u0308ldiste v\u00f5i isikup\u00e4rastatud teavitustega.<\/li><li>Veebisaidi ku\u0308lastajate kirjalikele teenusep\u00e4ringutele v\u00f5i muudele s\u00f5numitele vastamiseks, kui nad saadavad s\u00f5numi kontaktivormide kaudu.<\/li><li>Koondatud statistiliste andmete ja muu koondatud ja\/v\u00f5i eeldatava mitteisikliku teabe loomiseks, mida meie v\u00f5i meie \u00e4ripartnerid v\u00f5ime kasutada meie teenuste osutamiseks ja t\u00e4iustamiseks.<\/li><li>K\u00f5ikv\u00f5imalike kohaldatavate seaduste ja m\u00e4\u00e4ruste t\u00e4itmiseks.<br \/><br \/><\/li><\/ul><p>V\u00f5ime teiega u\u0308hendust v\u00f5tta, kui see on vajalik meie kasutajalepingu, kohaldatavate kohalike seaduste ja k\u00f5igi teiega s\u00f5lmitud lepingute t\u00e4itmiseks.<\/p><p>Nendel eesm\u00e4rkidel v\u00f5ime teiega u\u0308hendust v\u00f5tta e-posti, telefoni, s\u00f5numite ja posti teel.<\/p><p>Teiega u\u0308henduse v\u00f5tmiseks kasutame teie andmeid, mille sisestasite meile oma s\u00f5numi saatmisel kontaktivormi.<\/p><p>J\u00e4tame endale \u00f5iguse k\u00e4esolevat privaatsuspoliitikat igal ajal muuta, seega vaadake see regulaarselt u\u0308le.<\/p><p>Muudatused ja selgitused j\u00f5ustuvad kohe p\u00e4rast nende avaldamist veebisaidil.<\/p><p>Kui teeme selles poliitikas olulisi muudatusi, teavitame teid selle ajakohastamisest, et oleksite teadlik, millist teavet kogume, kuidas seda kasutame ja millistel asjaoludel.<\/p><p>Kui soovite: saada juurdep\u00e4\u00e4s, parandada, muuta v\u00f5i kustutada mis tahes isikuandmeid, mis meil teie kohta on, v\u00f5tke meiega u\u0308hendust aadressil info@medicest.eu<\/p>\t\t\t\t\t\t<\/div>\n\t\t\t\t<\/div>\n\t\t\t\t\t<\/div>\n\t\t<\/div>\n\t\t\t\t\t<\/div>\n\t\t<\/section>\n\t\t\t\t<\/div>\n\t\t","protected":false},"excerpt":{"rendered":"<p>Privaatsuspoliitika Medic-Esthetic Selle veebisaidi looja ja haldaja on Medic-Esthetic O\u00dcMe v\u00f5tame vastu, kogume ja salvestame teavet, mille sisestate meie veebisaidile v\u00f5i esitate meile muul viisil. Lisaks kogume teie arvuti internetiu\u0308henduse loomiseks kasutatava internetiaadressi ehk IP-aadressi andmed. V\u00f5ime kasutada tarkvarat\u00f6\u00f6riistu, et m\u00f5\u00f5ta ja koguda seansi teavet, sealhulgas lehe reageerimisaega, teatavate lehtede\u2026<\/p>\n<p class=\"continue-reading-button\"> <a class=\"continue-reading-link\" href=\"https:\/\/copy.medicest.eu\/et\/privaatsuspoliitika\/\"><i class=\"crycon-right-dir\"><\/i><\/a><\/p>\n","protected":false},"author":1,"featured_media":0,"parent":0,"menu_order":0,"comment_status":"closed","ping_status":"closed","template":"","meta":{"footnotes":""},"class_list":["post-11023","page","type-page","status-publish","hentry"],"yoast_head":"<!-- This site is optimized with the Yoast SEO plugin v23.6 - https:\/\/yoast.com\/wordpress\/plugins\/seo\/ -->\n<title>Privaatsuspoliitika - Ilukliinik Medic-Esthetic<\/title>\n<meta name=\"robots\" content=\"index, follow, max-snippet:-1, max-image-preview:large, max-video-preview:-1\" \/>\n<link rel=\"canonical\" href=\"https:\/\/copy.medicest.eu\/et\/privaatsuspoliitika\/\" \/>\n<meta property=\"og:locale\" content=\"et_EE\" \/>\n<meta property=\"og:type\" content=\"article\" \/>\n<meta property=\"og:title\" content=\"Privaatsuspoliitika - Ilukliinik Medic-Esthetic\" \/>\n<meta property=\"og:description\" content=\"Privaatsuspoliitika Medic-Esthetic Selle veebisaidi looja ja haldaja on Medic-Esthetic O\u00dcMe v\u00f5tame vastu, kogume ja salvestame teavet, mille sisestate meie veebisaidile v\u00f5i esitate meile muul viisil. Lisaks kogume teie arvuti internetiu\u0308henduse loomiseks kasutatava internetiaadressi ehk IP-aadressi andmed. V\u00f5ime kasutada tarkvarat\u00f6\u00f6riistu, et m\u00f5\u00f5ta ja koguda seansi teavet, sealhulgas lehe reageerimisaega, teatavate lehtede\u2026\" \/>\n<meta property=\"og:url\" content=\"https:\/\/copy.medicest.eu\/et\/privaatsuspoliitika\/\" \/>\n<meta property=\"og:site_name\" content=\"Ilukliinik Medic-Esthetic\" \/>\n<meta property=\"article:modified_time\" content=\"2023-02-14T10:09:55+00:00\" \/>\n<meta property=\"og:image\" content=\"https:\/\/copy.medicest.eu\/wp-content\/uploads\/2021\/11\/facebook-medicest.jpg\" \/>\n\t<meta property=\"og:image:width\" content=\"1640\" \/>\n\t<meta property=\"og:image:height\" content=\"924\" \/>\n\t<meta property=\"og:image:type\" content=\"image\/jpeg\" \/>\n<meta name=\"twitter:card\" content=\"summary_large_image\" \/>\n<meta name=\"twitter:label1\" content=\"Est. reading time\" \/>\n\t<meta name=\"twitter:data1\" content=\"2 minutit\" \/>\n<script type=\"application\/ld+json\" class=\"yoast-schema-graph\">{\"@context\":\"https:\/\/schema.org\",\"@graph\":[{\"@type\":\"WebPage\",\"@id\":\"https:\/\/copy.medicest.eu\/et\/privaatsuspoliitika\/\",\"url\":\"https:\/\/copy.medicest.eu\/et\/privaatsuspoliitika\/\",\"name\":\"Privaatsuspoliitika - Ilukliinik Medic-Esthetic\",\"isPartOf\":{\"@id\":\"https:\/\/copy.medicest.eu\/#website\"},\"datePublished\":\"2023-02-13T11:02:09+00:00\",\"dateModified\":\"2023-02-14T10:09:55+00:00\",\"breadcrumb\":{\"@id\":\"https:\/\/copy.medicest.eu\/et\/privaatsuspoliitika\/#breadcrumb\"},\"inLanguage\":\"et\",\"potentialAction\":[{\"@type\":\"ReadAction\",\"target\":[\"https:\/\/copy.medicest.eu\/et\/privaatsuspoliitika\/\"]}]},{\"@type\":\"BreadcrumbList\",\"@id\":\"https:\/\/copy.medicest.eu\/et\/privaatsuspoliitika\/#breadcrumb\",\"itemListElement\":[{\"@type\":\"ListItem\",\"position\":1,\"name\":\"Home\",\"item\":\"https:\/\/copy.medicest.eu\/et\/\"},{\"@type\":\"ListItem\",\"position\":2,\"name\":\"Privaatsuspoliitika\"}]},{\"@type\":\"WebSite\",\"@id\":\"https:\/\/copy.medicest.eu\/#website\",\"url\":\"https:\/\/copy.medicest.eu\/\",\"name\":\"Ilukliinik Medic-Esthetic\",\"description\":\"Beauty &amp; Prestige\",\"potentialAction\":[{\"@type\":\"SearchAction\",\"target\":{\"@type\":\"EntryPoint\",\"urlTemplate\":\"https:\/\/copy.medicest.eu\/?s={search_term_string}\"},\"query-input\":{\"@type\":\"PropertyValueSpecification\",\"valueRequired\":true,\"valueName\":\"search_term_string\"}}],\"inLanguage\":\"et\"}]}<\/script>\n<!-- \/ Yoast SEO plugin. -->","yoast_head_json":{"title":"Privaatsuspoliitika - Ilukliinik Medic-Esthetic","robots":{"index":"index","follow":"follow","max-snippet":"max-snippet:-1","max-image-preview":"max-image-preview:large","max-video-preview":"max-video-preview:-1"},"canonical":"https:\/\/copy.medicest.eu\/et\/privaatsuspoliitika\/","og_locale":"et_EE","og_type":"article","og_title":"Privaatsuspoliitika - Ilukliinik Medic-Esthetic","og_description":"Privaatsuspoliitika Medic-Esthetic Selle veebisaidi looja ja haldaja on Medic-Esthetic O\u00dcMe v\u00f5tame vastu, kogume ja salvestame teavet, mille sisestate meie veebisaidile v\u00f5i esitate meile muul viisil. Lisaks kogume teie arvuti internetiu\u0308henduse loomiseks kasutatava internetiaadressi ehk IP-aadressi andmed. V\u00f5ime kasutada tarkvarat\u00f6\u00f6riistu, et m\u00f5\u00f5ta ja koguda seansi teavet, sealhulgas lehe reageerimisaega, teatavate lehtede\u2026","og_url":"https:\/\/copy.medicest.eu\/et\/privaatsuspoliitika\/","og_site_name":"Ilukliinik Medic-Esthetic","article_modified_time":"2023-02-14T10:09:55+00:00","og_image":[{"width":1640,"height":924,"url":"https:\/\/copy.medicest.eu\/wp-content\/uploads\/2021\/11\/facebook-medicest.jpg","type":"image\/jpeg"}],"twitter_card":"summary_large_image","twitter_misc":{"Est. reading time":"2 minutit"},"schema":{"@context":"https:\/\/schema.org","@graph":[{"@type":"WebPage","@id":"https:\/\/copy.medicest.eu\/et\/privaatsuspoliitika\/","url":"https:\/\/copy.medicest.eu\/et\/privaatsuspoliitika\/","name":"Privaatsuspoliitika - Ilukliinik Medic-Esthetic","isPartOf":{"@id":"https:\/\/copy.medicest.eu\/#website"},"datePublished":"2023-02-13T11:02:09+00:00","dateModified":"2023-02-14T10:09:55+00:00","breadcrumb":{"@id":"https:\/\/copy.medicest.eu\/et\/privaatsuspoliitika\/#breadcrumb"},"inLanguage":"et","potentialAction":[{"@type":"ReadAction","target":["https:\/\/copy.medicest.eu\/et\/privaatsuspoliitika\/"]}]},{"@type":"BreadcrumbList","@id":"https:\/\/copy.medicest.eu\/et\/privaatsuspoliitika\/#breadcrumb","itemListElement":[{"@type":"ListItem","position":1,"name":"Home","item":"https:\/\/copy.medicest.eu\/et\/"},{"@type":"ListItem","position":2,"name":"Privaatsuspoliitika"}]},{"@type":"WebSite","@id":"https:\/\/copy.medicest.eu\/#website","url":"https:\/\/copy.medicest.eu\/","name":"Ilukliinik Medic-Esthetic","description":"Beauty &amp; Prestige","potentialAction":[{"@type":"SearchAction","target":{"@type":"EntryPoint","urlTemplate":"https:\/\/copy.medicest.eu\/?s={search_term_string}"},"query-input":{"@type":"PropertyValueSpecification","valueRequired":true,"valueName":"search_term_string"}}],"inLanguage":"et"}]}},"_links":{"self":[{"href":"https:\/\/copy.medicest.eu\/et\/wp-json\/wp\/v2\/pages\/11023","targetHints":{"allow":["GET"]}}],"collection":[{"href":"https:\/\/copy.medicest.eu\/et\/wp-json\/wp\/v2\/pages"}],"about":[{"href":"https:\/\/copy.medicest.eu\/et\/wp-json\/wp\/v2\/types\/page"}],"author":[{"embeddable":true,"href":"https:\/\/copy.medicest.eu\/et\/wp-json\/wp\/v2\/users\/1"}],"replies":[{"embeddable":true,"href":"https:\/\/copy.medicest.eu\/et\/wp-json\/wp\/v2\/comments?post=11023"}],"version-history":[{"count":7,"href":"https:\/\/copy.medicest.eu\/et\/wp-json\/wp\/v2\/pages\/11023\/revisions"}],"predecessor-version":[{"id":11030,"href":"https:\/\/copy.medicest.eu\/et\/wp-json\/wp\/v2\/pages\/11023\/revisions\/11030"}],"wp:attachment":[{"href":"https:\/\/copy.medicest.eu\/et\/wp-json\/wp\/v2\/media?parent=11023"}],"curies":[{"name":"wp","href":"https:\/\/api.w.org\/{rel}","templated":true}]}}