{"id":11281,"date":"2023-03-27T10:20:28","date_gmt":"2023-03-27T10:20:28","guid":{"rendered":"https:\/\/copy.medicest.eu\/miolifting-lica-vipline-plus\/"},"modified":"2023-04-27T10:50:12","modified_gmt":"2023-04-27T10:50:12","slug":"muolifting-naole-vipline-plus","status":"publish","type":"page","link":"https:\/\/copy.medicest.eu\/et\/muostimulatsioon-vip-line-plus\/muolifting-naole-vipline-plus\/","title":{"rendered":"Mu\u0308olifting n\u00e4ole VipLine Plus"},"content":{"rendered":"\t\t<div data-elementor-type=\"wp-page\" data-elementor-id=\"11281\" class=\"elementor elementor-11281 elementor-11194\">\n\t\t\t\t\t\t<section class=\"elementor-section elementor-top-section elementor-element elementor-element-4ae05fe6 elementor-section-boxed elementor-section-height-default elementor-section-height-default\" data-id=\"4ae05fe6\" data-element_type=\"section\">\n\t\t\t\t\t\t<div class=\"elementor-container elementor-column-gap-default\">\n\t\t\t\t\t<div class=\"elementor-column elementor-col-100 elementor-top-column elementor-element elementor-element-556ebf7d\" data-id=\"556ebf7d\" data-element_type=\"column\">\n\t\t\t<div class=\"elementor-widget-wrap elementor-element-populated\">\n\t\t\t\t\t\t<div class=\"elementor-element elementor-element-29cc25f5 elementor-widget elementor-widget-heading\" data-id=\"29cc25f5\" data-element_type=\"widget\" data-widget_type=\"heading.default\">\n\t\t\t\t<div class=\"elementor-widget-container\">\n\t\t\t<h2 class=\"elementor-heading-title elementor-size-default\">Mu\u0308olifting n\u00e4ole VipLine Plus<\/h2>\t\t<\/div>\n\t\t\t\t<\/div>\n\t\t\t\t\t<\/div>\n\t\t<\/div>\n\t\t\t\t\t<\/div>\n\t\t<\/section>\n\t\t\t\t<section class=\"elementor-section elementor-top-section elementor-element elementor-element-938120b elementor-section-boxed elementor-section-height-default elementor-section-height-default\" data-id=\"938120b\" data-element_type=\"section\">\n\t\t\t\t\t\t<div class=\"elementor-container elementor-column-gap-default\">\n\t\t\t\t\t<div class=\"elementor-column elementor-col-50 elementor-top-column elementor-element elementor-element-df0dad7\" data-id=\"df0dad7\" data-element_type=\"column\">\n\t\t\t<div class=\"elementor-widget-wrap elementor-element-populated\">\n\t\t\t\t\t\t<div class=\"elementor-element elementor-element-6ac8ceb elementor-widget elementor-widget-image\" data-id=\"6ac8ceb\" data-element_type=\"widget\" data-widget_type=\"image.default\">\n\t\t\t\t<div class=\"elementor-widget-container\">\n\t\t\t\t\t\t\t\t\t\t\t\t\t<img fetchpriority=\"high\" decoding=\"async\" width=\"1024\" height=\"684\" src=\"https:\/\/copy.medicest.eu\/wp-content\/uploads\/2023\/03\/vip-line-plus-face.jpg\" class=\"attachment-large size-large wp-image-11205\" alt=\"\" srcset=\"https:\/\/copy.medicest.eu\/wp-content\/uploads\/2023\/03\/vip-line-plus-face.jpg 1024w, https:\/\/copy.medicest.eu\/wp-content\/uploads\/2023\/03\/vip-line-plus-face-300x200.jpg 300w, https:\/\/copy.medicest.eu\/wp-content\/uploads\/2023\/03\/vip-line-plus-face-768x513.jpg 768w, https:\/\/copy.medicest.eu\/wp-content\/uploads\/2023\/03\/vip-line-plus-face-150x100.jpg 150w\" sizes=\"(max-width: 1024px) 100vw, 1024px\" \/>\t\t\t\t\t\t\t\t\t\t\t\t\t<\/div>\n\t\t\t\t<\/div>\n\t\t\t\t<div class=\"elementor-element elementor-element-aa070db elementor-widget elementor-widget-image\" data-id=\"aa070db\" data-element_type=\"widget\" data-widget_type=\"image.default\">\n\t\t\t\t<div class=\"elementor-widget-container\">\n\t\t\t\t\t\t\t\t\t\t\t\t\t<img decoding=\"async\" width=\"1024\" height=\"402\" src=\"https:\/\/copy.medicest.eu\/wp-content\/uploads\/2023\/03\/vip-line-plus-face-1024x402.jpeg\" class=\"attachment-large size-large wp-image-11236\" alt=\"\" srcset=\"https:\/\/copy.medicest.eu\/wp-content\/uploads\/2023\/03\/vip-line-plus-face-1024x402.jpeg 1024w, https:\/\/copy.medicest.eu\/wp-content\/uploads\/2023\/03\/vip-line-plus-face-300x118.jpeg 300w, https:\/\/copy.medicest.eu\/wp-content\/uploads\/2023\/03\/vip-line-plus-face-768x302.jpeg 768w, https:\/\/copy.medicest.eu\/wp-content\/uploads\/2023\/03\/vip-line-plus-face-150x59.jpeg 150w, https:\/\/copy.medicest.eu\/wp-content\/uploads\/2023\/03\/vip-line-plus-face.jpeg 1039w\" sizes=\"(max-width: 1024px) 100vw, 1024px\" \/>\t\t\t\t\t\t\t\t\t\t\t\t\t<\/div>\n\t\t\t\t<\/div>\n\t\t\t\t\t<\/div>\n\t\t<\/div>\n\t\t\t\t<div class=\"elementor-column elementor-col-50 elementor-top-column elementor-element elementor-element-8610703\" data-id=\"8610703\" data-element_type=\"column\">\n\t\t\t<div class=\"elementor-widget-wrap elementor-element-populated\">\n\t\t\t\t\t\t<div class=\"elementor-element elementor-element-15cd24a elementor-widget elementor-widget-text-editor\" data-id=\"15cd24a\" data-element_type=\"widget\" data-widget_type=\"text-editor.default\">\n\t\t\t\t<div class=\"elementor-widget-container\">\n\t\t\t\t\t\t\t<p><strong>Mu\u0308olifting (mu\u0308ostimulatsioon)<\/strong> on vananemisvastane n\u00e4ohooldus, mis stimuleerib k\u00f5iki vananemisest m\u00f5jutatud kudesid ja k\u00f5rvaldab juba toimunud ealised muutused. <\/p><p>Kliinikus Medic-Esthetic toimub mikrovooluteraapia protseduur nu\u0308u\u0308disaegse multifunktsionaalse kompleksaine Vip Line Plus (Itaalia) abil.<\/p>\t\t\t\t\t\t<\/div>\n\t\t\t\t<\/div>\n\t\t\t\t<div class=\"elementor-element elementor-element-da4dd7c elementor-widget elementor-widget-text-editor\" data-id=\"da4dd7c\" data-element_type=\"widget\" data-widget_type=\"text-editor.default\">\n\t\t\t\t<div class=\"elementor-widget-container\">\n\t\t\t\t\t\t\t<blockquote><p>Toime saavutatakse n\u00e4olihaste m\u00f5jutamisel elektrivoolu impulssidega.<\/p><\/blockquote>\t\t\t\t\t\t<\/div>\n\t\t\t\t<\/div>\n\t\t\t\t<div class=\"elementor-element elementor-element-2cb7f37 elementor-widget elementor-widget-text-editor\" data-id=\"2cb7f37\" data-element_type=\"widget\" data-widget_type=\"text-editor.default\">\n\t\t\t\t<div class=\"elementor-widget-container\">\n\t\t\t\t\t\t\t<p><strong>Eelised:<\/strong><\/p><ul><li>Parandab vereringet<\/li><li>Parandab naha tooni, kiirendades rakkude uuenemist<\/li><li>Soodustab kollageeni ja elastiini tootmist<\/li><li>T\u00e4iustab naha kvaliteeti<\/li><li>Vabastab l\u00f5tvunud kudedest<\/li><li>Tugevdab n\u00e4o ovaali<\/li><li>Lisab n\u00e4olihastele toonust<\/li><\/ul>\t\t\t\t\t\t<\/div>\n\t\t\t\t<\/div>\n\t\t\t\t\t<\/div>\n\t\t<\/div>\n\t\t\t\t\t<\/div>\n\t\t<\/section>\n\t\t\t\t<section class=\"elementor-section elementor-top-section elementor-element elementor-element-3a8d9cd elementor-section-boxed elementor-section-height-default elementor-section-height-default\" data-id=\"3a8d9cd\" data-element_type=\"section\">\n\t\t\t\t\t\t<div class=\"elementor-container elementor-column-gap-default\">\n\t\t\t\t\t<div class=\"elementor-column elementor-col-50 elementor-top-column elementor-element elementor-element-bd5cd6e\" data-id=\"bd5cd6e\" data-element_type=\"column\">\n\t\t\t<div class=\"elementor-widget-wrap elementor-element-populated\">\n\t\t\t\t\t\t<div class=\"elementor-element elementor-element-bcdde01 elementor-widget elementor-widget-text-editor\" data-id=\"bcdde01\" data-element_type=\"widget\" data-widget_type=\"text-editor.default\">\n\t\t\t\t<div class=\"elementor-widget-container\">\n\t\t\t\t\t\t\t<p>Mu\u0308ostimulatsioon on kvaliteetseadmete kasutamisel p\u00e4deva spetsialisti kontrolli all valutu ja ohutu.<\/p><p>Meie kosmetoloogid kasutavad protseduuriks erinevaid meetodeid ning olenevalt eesm\u00e4rkidest saavad neid kombineerida u\u0308he seansi jooksul v\u00f5i vaheldumisi erinevatel seanssidel kuuri jooksul.<\/p><p><strong>Esimene mikrovoolu-mu\u0308ostimulatsiooni visiit sisaldab konsultatsiooni, mille k\u00e4igus selgitatakse v\u00e4lja protseduuri n\u00e4idustused ja vastun\u00e4idustused.<\/strong><\/p><p>Spetsialist m\u00e4\u00e4rab kasutatavad meetodid iga kliendi puhul individuaalselt.<\/p><p>Puhas m\u00f5juaeg protseduuri ajal on kuni 30 min.<\/p><p>Soovitatav mu\u0308oliftingukuur tuntava ja pu\u0308siva tulemuse saavutamiseks on 10-15 protseduuri.<\/p>\t\t\t\t\t\t<\/div>\n\t\t\t\t<\/div>\n\t\t\t\t\t<\/div>\n\t\t<\/div>\n\t\t\t\t<div class=\"elementor-column elementor-col-50 elementor-top-column elementor-element elementor-element-3ee1a9f\" data-id=\"3ee1a9f\" data-element_type=\"column\">\n\t\t\t<div class=\"elementor-widget-wrap elementor-element-populated\">\n\t\t\t\t\t\t<div class=\"elementor-element elementor-element-74cbd26 elementor-widget elementor-widget-image\" data-id=\"74cbd26\" data-element_type=\"widget\" data-widget_type=\"image.default\">\n\t\t\t\t<div class=\"elementor-widget-container\">\n\t\t\t\t\t\t\t\t\t\t\t\t\t<img decoding=\"async\" width=\"1023\" height=\"1022\" src=\"https:\/\/copy.medicest.eu\/wp-content\/uploads\/2023\/03\/vip-line-plus-tallinn-1.jpeg\" class=\"attachment-large size-large wp-image-11238\" alt=\"\" srcset=\"https:\/\/copy.medicest.eu\/wp-content\/uploads\/2023\/03\/vip-line-plus-tallinn-1.jpeg 1023w, https:\/\/copy.medicest.eu\/wp-content\/uploads\/2023\/03\/vip-line-plus-tallinn-1-300x300.jpeg 300w, https:\/\/copy.medicest.eu\/wp-content\/uploads\/2023\/03\/vip-line-plus-tallinn-1-768x767.jpeg 768w, https:\/\/copy.medicest.eu\/wp-content\/uploads\/2023\/03\/vip-line-plus-tallinn-1-150x150.jpeg 150w\" sizes=\"(max-width: 1023px) 100vw, 1023px\" \/>\t\t\t\t\t\t\t\t\t\t\t\t\t<\/div>\n\t\t\t\t<\/div>\n\t\t\t\t\t<\/div>\n\t\t<\/div>\n\t\t\t\t\t<\/div>\n\t\t<\/section>\n\t\t\t\t<section class=\"elementor-section elementor-top-section elementor-element elementor-element-591216a elementor-section-boxed elementor-section-height-default elementor-section-height-default\" data-id=\"591216a\" data-element_type=\"section\">\n\t\t\t\t\t\t<div class=\"elementor-container elementor-column-gap-default\">\n\t\t\t\t\t<div class=\"elementor-column elementor-col-50 elementor-top-column elementor-element elementor-element-3267b13\" data-id=\"3267b13\" data-element_type=\"column\">\n\t\t\t<div class=\"elementor-widget-wrap elementor-element-populated\">\n\t\t\t\t\t\t<div class=\"elementor-element elementor-element-8ac69b5 elementor-widget elementor-widget-text-editor\" data-id=\"8ac69b5\" data-element_type=\"widget\" data-widget_type=\"text-editor.default\">\n\t\t\t\t<div class=\"elementor-widget-container\">\n\t\t\t\t\t\t\t<h4><strong>Tulemus:<\/strong><\/h4><ul><li>Kauni n\u00e4okontuuri moodustumine<\/li><li>Liftinguefekt<\/li><li>Pooride ahenemine<\/li><li>\u00dchtlane kaunis jume<\/li><li>Topeltl\u00f5ua eemaldamine<\/li><li>Silmau\u0308mbruse tursete eemaldamine<\/li><li>Sarnade t\u00e4psus<\/li><li>Kulmude t\u00f5stmine<\/li><li>Laugude rippumise v\u00e4henemine<\/li><li>Miimikakortsude silumine<\/li><\/ul>\t\t\t\t\t\t<\/div>\n\t\t\t\t<\/div>\n\t\t\t\t\t<\/div>\n\t\t<\/div>\n\t\t\t\t<div class=\"elementor-column elementor-col-50 elementor-top-column elementor-element elementor-element-a0283f6\" data-id=\"a0283f6\" data-element_type=\"column\">\n\t\t\t<div class=\"elementor-widget-wrap elementor-element-populated\">\n\t\t\t\t\t\t<div class=\"elementor-element elementor-element-4524ddc elementor-widget elementor-widget-text-editor\" data-id=\"4524ddc\" data-element_type=\"widget\" data-widget_type=\"text-editor.default\">\n\t\t\t\t<div class=\"elementor-widget-container\">\n\t\t\t\t\t\t\t<h4><strong>Vastun\u00e4idustused:<\/strong><\/h4><ul><li>Rasedus, rinnaga toitmine<\/li><li>Su\u0308damestimulaatori olemasolu<\/li><li>Su\u0308dame-veresoonkonna su\u0308steemsed haigused<\/li><li>Aktiivne tuberkuloos<\/li><li>Onkoloogilised haigused<\/li><li>Vereringeh\u00e4ired<\/li><li>Tromboflebiit n\u00e4o piirkonnas<\/li><li>Kolmikn\u00e4rvi neuralgia<\/li><li>\u00c4gedad dermatoloogilised haigused n\u00e4onahal<\/li><li>\u00dclitundlikkus vooluimpulsside suhtes<\/li><li>\u00c4ge sinusiit<\/li><li>Neeru- v\u00f5i maksapuudulikkus<\/li><li>Herpes aktiivses staadiumis<br \/>\u25cf Hu\u0308pertoonia<br \/>\u25cf Kontrollimatu diabeet<\/li><\/ul>\t\t\t\t\t\t<\/div>\n\t\t\t\t<\/div>\n\t\t\t\t\t<\/div>\n\t\t<\/div>\n\t\t\t\t\t<\/div>\n\t\t<\/section>\n\t\t\t\t<section class=\"elementor-section elementor-top-section elementor-element elementor-element-1ae30d9a elementor-section-boxed elementor-section-height-default elementor-section-height-default\" data-id=\"1ae30d9a\" data-element_type=\"section\">\n\t\t\t\t\t\t<div class=\"elementor-container elementor-column-gap-default\">\n\t\t\t\t\t<div class=\"elementor-column elementor-col-100 elementor-top-column elementor-element elementor-element-7ab01503\" data-id=\"7ab01503\" data-element_type=\"column\">\n\t\t\t<div class=\"elementor-widget-wrap elementor-element-populated\">\n\t\t\t\t\t\t<div class=\"elementor-element elementor-element-46055288 elementor-widget elementor-widget-heading\" data-id=\"46055288\" data-element_type=\"widget\" data-widget_type=\"heading.default\">\n\t\t\t\t<div class=\"elementor-widget-container\">\n\t\t\t<h2 class=\"elementor-heading-title elementor-size-default\">Hinnakiri\n<\/h2>\t\t<\/div>\n\t\t\t\t<\/div>\n\t\t\t\t<div class=\"elementor-element elementor-element-449e85b elementor-widget elementor-widget-text-editor\" data-id=\"449e85b\" data-element_type=\"widget\" data-widget_type=\"text-editor.default\">\n\t\t\t\t<div class=\"elementor-widget-container\">\n\t\t\t\t\t\t\t<p>\n<table id=\"tablepress-162\" class=\"tablepress tablepress-id-162 tablepress-responsive\">\n<thead>\n<tr class=\"row-1 odd\">\n\t<th class=\"column-1\">Mu\u0308olifting n\u00e4ole Vip Line Plus<\/th><th class=\"column-2\">\u0426\u0435\u043d\u0430 \u20ac<\/th>\n<\/tr>\n<\/thead>\n<tbody class=\"row-hover\">\n<tr class=\"row-2 even\">\n\t<td class=\"column-1\">M\u00fcolifting n\u00e4ole 60 min<\/td><td class=\"column-2\">65,00<\/td>\n<\/tr>\n<tr class=\"row-3 odd\">\n\t<td class=\"column-1\">M\u00fcolifting silma\u00fcmbrusele<\/td><td class=\"column-2\">45,00<\/td>\n<\/tr>\n<tr class=\"row-4 even\">\n\t<td class=\"column-1\">M\u00fcolifting n\u00e4ole, kuur \u0445 5 protseduuri<br \/>\n<\/td><td class=\"column-2\">300,00<\/td>\n<\/tr>\n<tr class=\"row-5 odd\">\n\t<td class=\"column-1\">M\u00fcolifting n\u00e4ole, kuur \u0445 10 protseduuri<br \/>\n<\/td><td class=\"column-2\">585,00<\/td>\n<\/tr>\n<tr class=\"row-6 even\">\n\t<td class=\"column-1\">M\u00fcolifting silma\u00fcmbrusele kuur \u0445 5 protseduuri<\/td><td class=\"column-2\">215,00<\/td>\n<\/tr>\n<tr class=\"row-7 odd\">\n\t<td class=\"column-1\">M\u00fcolifting silma\u00fcmbrusele kuur \u0445 10 protseduuri<\/td><td class=\"column-2\">405,00<\/td>\n<\/tr>\n<tr class=\"row-8 even\">\n\t<td class=\"column-1\">Full Face Intensive (M\u00fcolifting + Mikrovoolu teraapia)<br \/>\nN\u00e4okontuuri korrigeerimine, pinguldamine ja noorendamine<br \/>\nN\u00e4gu, kael 75 min<\/td><td class=\"column-2\">85,00<\/td>\n<\/tr>\n<tr class=\"row-9 odd\">\n\t<td class=\"column-1\">M\u00fcolifting N\u00e4oovaali korrigeerimine<br \/>\nPiirkond: n\u00e4o alumine kolmandik, kael, 60 min<br \/>\nTopeltl\u00f5ua v\u00e4hendamine, p\u00f5selihaste toonuse t\u00f5stmine, n\u00e4oovaali taastmine, n\u00e4oturse k\u00f5rvaldamine<br \/>\n<\/td><td class=\"column-2\">65,00<\/td>\n<\/tr>\n<\/tbody>\n<\/table>\n<!-- #tablepress-162 from cache --><\/p>\t\t\t\t\t\t<\/div>\n\t\t\t\t<\/div>\n\t\t\t\t<div class=\"elementor-element elementor-element-27882372 pp-buttons-halign-center pp-buttons-stack-none elementor-widget elementor-widget-pp-buttons\" data-id=\"27882372\" data-element_type=\"widget\" data-widget_type=\"pp-buttons.default\">\n\t\t\t\t<div class=\"elementor-widget-container\">\n\t\t\t\t\t<div class=\"pp-buttons-group\">\n\t\t\t\t\t\t\t\t\t\t\t<a href=\"https:\/\/shop.medicest.eu\/et\/product\/muolifting-naole-vipline-plus\/\" target=\"_blank\" class=\"pp-button elementor-button elementor-size-md elementor-repeater-item-c938c7f \">\n\t\t\t\t\t<div class=\"pp-button-content-wrapper\">\n\t\t\t\t\t\t<span class=\"pp-button-content-inner pp-icon-before\">\n\t\t\t\t\t\t\t\n\t\t\t\t\t\t\t\t<span class=\"pp-button-title\">\n\t\t\t\t\t\t\t\t\tOsta e-poest\t\t\t\t\t\t\t\t<\/span>\n\t\t\t\t\t\t\t\t\t\t\t\t\t<\/span>\n\t\t\t\t\t<\/div>\n\t\t\t\t<\/a>\n\t\t\t\t\t\t\t\t\t\t<\/div>\t\t<\/div>\n\t\t\t\t<\/div>\n\t\t\t\t\t<\/div>\n\t\t<\/div>\n\t\t\t\t\t<\/div>\n\t\t<\/section>\n\t\t\t\t<\/div>\n\t\t","protected":false},"excerpt":{"rendered":"<p>Mu\u0308olifting n\u00e4ole VipLine Plus Mu\u0308olifting (mu\u0308ostimulatsioon) on vananemisvastane n\u00e4ohooldus, mis stimuleerib k\u00f5iki vananemisest m\u00f5jutatud kudesid ja k\u00f5rvaldab juba toimunud ealised muutused. Kliinikus Medic-Esthetic toimub mikrovooluteraapia protseduur nu\u0308u\u0308disaegse multifunktsionaalse kompleksaine Vip Line Plus (Itaalia) abil. Toime saavutatakse n\u00e4olihaste m\u00f5jutamisel elektrivoolu impulssidega. Eelised: Parandab vereringet Parandab naha tooni, kiirendades rakkude uuenemist Soodustab\u2026<\/p>\n<p class=\"continue-reading-button\"> <a class=\"continue-reading-link\" href=\"https:\/\/copy.medicest.eu\/et\/muostimulatsioon-vip-line-plus\/muolifting-naole-vipline-plus\/\"><i class=\"crycon-right-dir\"><\/i><\/a><\/p>\n","protected":false},"author":1,"featured_media":0,"parent":11339,"menu_order":0,"comment_status":"closed","ping_status":"closed","template":"","meta":{"footnotes":""},"class_list":["post-11281","page","type-page","status-publish","hentry"],"yoast_head":"<!-- This site is optimized with the Yoast SEO plugin v23.6 - https:\/\/yoast.com\/wordpress\/plugins\/seo\/ -->\n<title>Mu\u0308olifting n\u00e4ole VipLine Plus - Ilukliinik Medic-Esthetic<\/title>\n<meta name=\"robots\" content=\"index, follow, max-snippet:-1, max-image-preview:large, max-video-preview:-1\" \/>\n<link rel=\"canonical\" href=\"https:\/\/copy.medicest.eu\/et\/muostimulatsioon-vip-line-plus\/muolifting-naole-vipline-plus\/\" \/>\n<meta property=\"og:locale\" content=\"et_EE\" \/>\n<meta property=\"og:type\" content=\"article\" \/>\n<meta property=\"og:title\" content=\"Mu\u0308olifting n\u00e4ole VipLine Plus - Ilukliinik Medic-Esthetic\" \/>\n<meta property=\"og:description\" content=\"Mu\u0308olifting n\u00e4ole VipLine Plus Mu\u0308olifting (mu\u0308ostimulatsioon) on vananemisvastane n\u00e4ohooldus, mis stimuleerib k\u00f5iki vananemisest m\u00f5jutatud kudesid ja k\u00f5rvaldab juba toimunud ealised muutused. Kliinikus Medic-Esthetic toimub mikrovooluteraapia protseduur nu\u0308u\u0308disaegse multifunktsionaalse kompleksaine Vip Line Plus (Itaalia) abil. Toime saavutatakse n\u00e4olihaste m\u00f5jutamisel elektrivoolu impulssidega. Eelised: Parandab vereringet Parandab naha tooni, kiirendades rakkude uuenemist Soodustab\u2026\" \/>\n<meta property=\"og:url\" content=\"https:\/\/copy.medicest.eu\/et\/muostimulatsioon-vip-line-plus\/muolifting-naole-vipline-plus\/\" \/>\n<meta property=\"og:site_name\" content=\"Ilukliinik Medic-Esthetic\" \/>\n<meta property=\"article:modified_time\" content=\"2023-04-27T10:50:12+00:00\" \/>\n<meta property=\"og:image\" content=\"https:\/\/copy.medicest.eu\/wp-content\/uploads\/2023\/03\/vip-line-plus-face.jpg\" \/>\n<meta name=\"twitter:card\" content=\"summary_large_image\" \/>\n<meta name=\"twitter:label1\" content=\"Est. reading time\" \/>\n\t<meta name=\"twitter:data1\" content=\"2 minutit\" \/>\n<script type=\"application\/ld+json\" class=\"yoast-schema-graph\">{\"@context\":\"https:\/\/schema.org\",\"@graph\":[{\"@type\":\"WebPage\",\"@id\":\"https:\/\/copy.medicest.eu\/et\/muostimulatsioon-vip-line-plus\/muolifting-naole-vipline-plus\/\",\"url\":\"https:\/\/copy.medicest.eu\/et\/muostimulatsioon-vip-line-plus\/muolifting-naole-vipline-plus\/\",\"name\":\"Mu\u0308olifting n\u00e4ole VipLine Plus - Ilukliinik Medic-Esthetic\",\"isPartOf\":{\"@id\":\"https:\/\/copy.medicest.eu\/#website\"},\"primaryImageOfPage\":{\"@id\":\"https:\/\/copy.medicest.eu\/et\/muostimulatsioon-vip-line-plus\/muolifting-naole-vipline-plus\/#primaryimage\"},\"image\":{\"@id\":\"https:\/\/copy.medicest.eu\/et\/muostimulatsioon-vip-line-plus\/muolifting-naole-vipline-plus\/#primaryimage\"},\"thumbnailUrl\":\"https:\/\/copy.medicest.eu\/wp-content\/uploads\/2023\/03\/vip-line-plus-face.jpg\",\"datePublished\":\"2023-03-27T10:20:28+00:00\",\"dateModified\":\"2023-04-27T10:50:12+00:00\",\"breadcrumb\":{\"@id\":\"https:\/\/copy.medicest.eu\/et\/muostimulatsioon-vip-line-plus\/muolifting-naole-vipline-plus\/#breadcrumb\"},\"inLanguage\":\"et\",\"potentialAction\":[{\"@type\":\"ReadAction\",\"target\":[\"https:\/\/copy.medicest.eu\/et\/muostimulatsioon-vip-line-plus\/muolifting-naole-vipline-plus\/\"]}]},{\"@type\":\"ImageObject\",\"inLanguage\":\"et\",\"@id\":\"https:\/\/copy.medicest.eu\/et\/muostimulatsioon-vip-line-plus\/muolifting-naole-vipline-plus\/#primaryimage\",\"url\":\"https:\/\/copy.medicest.eu\/wp-content\/uploads\/2023\/03\/vip-line-plus-face.jpg\",\"contentUrl\":\"https:\/\/copy.medicest.eu\/wp-content\/uploads\/2023\/03\/vip-line-plus-face.jpg\"},{\"@type\":\"BreadcrumbList\",\"@id\":\"https:\/\/copy.medicest.eu\/et\/muostimulatsioon-vip-line-plus\/muolifting-naole-vipline-plus\/#breadcrumb\",\"itemListElement\":[{\"@type\":\"ListItem\",\"position\":1,\"name\":\"Home\",\"item\":\"https:\/\/copy.medicest.eu\/et\/\"},{\"@type\":\"ListItem\",\"position\":2,\"name\":\"M\u00fcostimulatsioon Vip Line Plus\",\"item\":\"https:\/\/copy.medicest.eu\/et\/muostimulatsioon-vip-line-plus\/\"},{\"@type\":\"ListItem\",\"position\":3,\"name\":\"Mu\u0308olifting n\u00e4ole VipLine Plus\"}]},{\"@type\":\"WebSite\",\"@id\":\"https:\/\/copy.medicest.eu\/#website\",\"url\":\"https:\/\/copy.medicest.eu\/\",\"name\":\"Ilukliinik Medic-Esthetic\",\"description\":\"Beauty &amp; Prestige\",\"potentialAction\":[{\"@type\":\"SearchAction\",\"target\":{\"@type\":\"EntryPoint\",\"urlTemplate\":\"https:\/\/copy.medicest.eu\/?s={search_term_string}\"},\"query-input\":{\"@type\":\"PropertyValueSpecification\",\"valueRequired\":true,\"valueName\":\"search_term_string\"}}],\"inLanguage\":\"et\"}]}<\/script>\n<!-- \/ Yoast SEO plugin. -->","yoast_head_json":{"title":"Mu\u0308olifting n\u00e4ole VipLine Plus - Ilukliinik Medic-Esthetic","robots":{"index":"index","follow":"follow","max-snippet":"max-snippet:-1","max-image-preview":"max-image-preview:large","max-video-preview":"max-video-preview:-1"},"canonical":"https:\/\/copy.medicest.eu\/et\/muostimulatsioon-vip-line-plus\/muolifting-naole-vipline-plus\/","og_locale":"et_EE","og_type":"article","og_title":"Mu\u0308olifting n\u00e4ole VipLine Plus - Ilukliinik Medic-Esthetic","og_description":"Mu\u0308olifting n\u00e4ole VipLine Plus Mu\u0308olifting (mu\u0308ostimulatsioon) on vananemisvastane n\u00e4ohooldus, mis stimuleerib k\u00f5iki vananemisest m\u00f5jutatud kudesid ja k\u00f5rvaldab juba toimunud ealised muutused. Kliinikus Medic-Esthetic toimub mikrovooluteraapia protseduur nu\u0308u\u0308disaegse multifunktsionaalse kompleksaine Vip Line Plus (Itaalia) abil. Toime saavutatakse n\u00e4olihaste m\u00f5jutamisel elektrivoolu impulssidega. Eelised: Parandab vereringet Parandab naha tooni, kiirendades rakkude uuenemist Soodustab\u2026","og_url":"https:\/\/copy.medicest.eu\/et\/muostimulatsioon-vip-line-plus\/muolifting-naole-vipline-plus\/","og_site_name":"Ilukliinik Medic-Esthetic","article_modified_time":"2023-04-27T10:50:12+00:00","og_image":[{"url":"https:\/\/copy.medicest.eu\/wp-content\/uploads\/2023\/03\/vip-line-plus-face.jpg"}],"twitter_card":"summary_large_image","twitter_misc":{"Est. reading time":"2 minutit"},"schema":{"@context":"https:\/\/schema.org","@graph":[{"@type":"WebPage","@id":"https:\/\/copy.medicest.eu\/et\/muostimulatsioon-vip-line-plus\/muolifting-naole-vipline-plus\/","url":"https:\/\/copy.medicest.eu\/et\/muostimulatsioon-vip-line-plus\/muolifting-naole-vipline-plus\/","name":"Mu\u0308olifting n\u00e4ole VipLine Plus - Ilukliinik Medic-Esthetic","isPartOf":{"@id":"https:\/\/copy.medicest.eu\/#website"},"primaryImageOfPage":{"@id":"https:\/\/copy.medicest.eu\/et\/muostimulatsioon-vip-line-plus\/muolifting-naole-vipline-plus\/#primaryimage"},"image":{"@id":"https:\/\/copy.medicest.eu\/et\/muostimulatsioon-vip-line-plus\/muolifting-naole-vipline-plus\/#primaryimage"},"thumbnailUrl":"https:\/\/copy.medicest.eu\/wp-content\/uploads\/2023\/03\/vip-line-plus-face.jpg","datePublished":"2023-03-27T10:20:28+00:00","dateModified":"2023-04-27T10:50:12+00:00","breadcrumb":{"@id":"https:\/\/copy.medicest.eu\/et\/muostimulatsioon-vip-line-plus\/muolifting-naole-vipline-plus\/#breadcrumb"},"inLanguage":"et","potentialAction":[{"@type":"ReadAction","target":["https:\/\/copy.medicest.eu\/et\/muostimulatsioon-vip-line-plus\/muolifting-naole-vipline-plus\/"]}]},{"@type":"ImageObject","inLanguage":"et","@id":"https:\/\/copy.medicest.eu\/et\/muostimulatsioon-vip-line-plus\/muolifting-naole-vipline-plus\/#primaryimage","url":"https:\/\/copy.medicest.eu\/wp-content\/uploads\/2023\/03\/vip-line-plus-face.jpg","contentUrl":"https:\/\/copy.medicest.eu\/wp-content\/uploads\/2023\/03\/vip-line-plus-face.jpg"},{"@type":"BreadcrumbList","@id":"https:\/\/copy.medicest.eu\/et\/muostimulatsioon-vip-line-plus\/muolifting-naole-vipline-plus\/#breadcrumb","itemListElement":[{"@type":"ListItem","position":1,"name":"Home","item":"https:\/\/copy.medicest.eu\/et\/"},{"@type":"ListItem","position":2,"name":"M\u00fcostimulatsioon Vip Line Plus","item":"https:\/\/copy.medicest.eu\/et\/muostimulatsioon-vip-line-plus\/"},{"@type":"ListItem","position":3,"name":"Mu\u0308olifting n\u00e4ole VipLine Plus"}]},{"@type":"WebSite","@id":"https:\/\/copy.medicest.eu\/#website","url":"https:\/\/copy.medicest.eu\/","name":"Ilukliinik Medic-Esthetic","description":"Beauty &amp; Prestige","potentialAction":[{"@type":"SearchAction","target":{"@type":"EntryPoint","urlTemplate":"https:\/\/copy.medicest.eu\/?s={search_term_string}"},"query-input":{"@type":"PropertyValueSpecification","valueRequired":true,"valueName":"search_term_string"}}],"inLanguage":"et"}]}},"_links":{"self":[{"href":"https:\/\/copy.medicest.eu\/et\/wp-json\/wp\/v2\/pages\/11281","targetHints":{"allow":["GET"]}}],"collection":[{"href":"https:\/\/copy.medicest.eu\/et\/wp-json\/wp\/v2\/pages"}],"about":[{"href":"https:\/\/copy.medicest.eu\/et\/wp-json\/wp\/v2\/types\/page"}],"author":[{"embeddable":true,"href":"https:\/\/copy.medicest.eu\/et\/wp-json\/wp\/v2\/users\/1"}],"replies":[{"embeddable":true,"href":"https:\/\/copy.medicest.eu\/et\/wp-json\/wp\/v2\/comments?post=11281"}],"version-history":[{"count":22,"href":"https:\/\/copy.medicest.eu\/et\/wp-json\/wp\/v2\/pages\/11281\/revisions"}],"predecessor-version":[{"id":11969,"href":"https:\/\/copy.medicest.eu\/et\/wp-json\/wp\/v2\/pages\/11281\/revisions\/11969"}],"up":[{"embeddable":true,"href":"https:\/\/copy.medicest.eu\/et\/wp-json\/wp\/v2\/pages\/11339"}],"wp:attachment":[{"href":"https:\/\/copy.medicest.eu\/et\/wp-json\/wp\/v2\/media?parent=11281"}],"curies":[{"name":"wp","href":"https:\/\/api.w.org\/{rel}","templated":true}]}}