{"id":11339,"date":"2023-03-28T12:54:58","date_gmt":"2023-03-28T12:54:58","guid":{"rendered":"https:\/\/copy.medicest.eu\/miolifting-vipline-plus\/"},"modified":"2023-10-13T13:28:13","modified_gmt":"2023-10-13T13:28:13","slug":"muostimulatsioon-vip-line-plus","status":"publish","type":"page","link":"https:\/\/copy.medicest.eu\/et\/muostimulatsioon-vip-line-plus\/","title":{"rendered":"M\u00fcostimulatsioon Vip Line Plus"},"content":{"rendered":"\t\t<div data-elementor-type=\"wp-page\" data-elementor-id=\"11339\" class=\"elementor elementor-11339 elementor-11305\">\n\t\t\t\t\t\t<section class=\"elementor-section elementor-top-section elementor-element elementor-element-4ae05fe6 elementor-section-boxed elementor-section-height-default elementor-section-height-default\" data-id=\"4ae05fe6\" data-element_type=\"section\">\n\t\t\t\t\t\t<div class=\"elementor-container elementor-column-gap-default\">\n\t\t\t\t\t<div class=\"elementor-column elementor-col-100 elementor-top-column elementor-element elementor-element-556ebf7d\" data-id=\"556ebf7d\" data-element_type=\"column\">\n\t\t\t<div class=\"elementor-widget-wrap elementor-element-populated\">\n\t\t\t\t\t\t<div class=\"elementor-element elementor-element-29cc25f5 elementor-widget elementor-widget-heading\" data-id=\"29cc25f5\" data-element_type=\"widget\" data-widget_type=\"heading.default\">\n\t\t\t\t<div class=\"elementor-widget-container\">\n\t\t\t<h2 class=\"elementor-heading-title elementor-size-default\">M\u00fcostimulatsioon Vip Line Plus<\/h2>\t\t<\/div>\n\t\t\t\t<\/div>\n\t\t\t\t\t<\/div>\n\t\t<\/div>\n\t\t\t\t\t<\/div>\n\t\t<\/section>\n\t\t\t\t<section class=\"elementor-section elementor-top-section elementor-element elementor-element-938120b elementor-section-boxed elementor-section-height-default elementor-section-height-default\" data-id=\"938120b\" data-element_type=\"section\">\n\t\t\t\t\t\t<div class=\"elementor-container elementor-column-gap-default\">\n\t\t\t\t\t<div class=\"elementor-column elementor-col-50 elementor-top-column elementor-element elementor-element-df0dad7\" data-id=\"df0dad7\" data-element_type=\"column\">\n\t\t\t<div class=\"elementor-widget-wrap elementor-element-populated\">\n\t\t\t\t\t\t<div class=\"elementor-element elementor-element-6ac8ceb elementor-widget elementor-widget-image\" data-id=\"6ac8ceb\" data-element_type=\"widget\" data-widget_type=\"image.default\">\n\t\t\t\t<div class=\"elementor-widget-container\">\n\t\t\t\t\t\t\t\t\t\t\t\t\t<img fetchpriority=\"high\" decoding=\"async\" width=\"473\" height=\"768\" src=\"https:\/\/copy.medicest.eu\/wp-content\/uploads\/2023\/03\/viplineplus-eesti.png\" class=\"attachment-large size-large wp-image-11333\" alt=\"\" srcset=\"https:\/\/copy.medicest.eu\/wp-content\/uploads\/2023\/03\/viplineplus-eesti.png 473w, https:\/\/copy.medicest.eu\/wp-content\/uploads\/2023\/03\/viplineplus-eesti-185x300.png 185w, https:\/\/copy.medicest.eu\/wp-content\/uploads\/2023\/03\/viplineplus-eesti-92x150.png 92w\" sizes=\"(max-width: 473px) 100vw, 473px\" \/>\t\t\t\t\t\t\t\t\t\t\t\t\t<\/div>\n\t\t\t\t<\/div>\n\t\t\t\t\t<\/div>\n\t\t<\/div>\n\t\t\t\t<div class=\"elementor-column elementor-col-50 elementor-top-column elementor-element elementor-element-8610703\" data-id=\"8610703\" data-element_type=\"column\">\n\t\t\t<div class=\"elementor-widget-wrap elementor-element-populated\">\n\t\t\t\t\t\t<div class=\"elementor-element elementor-element-15cd24a elementor-widget elementor-widget-text-editor\" data-id=\"15cd24a\" data-element_type=\"widget\" data-widget_type=\"text-editor.default\">\n\t\t\t\t<div class=\"elementor-widget-container\">\n\t\t\t\t\t\t\t<p><strong>Vip Line Plus<\/strong> seade on valmistatud Itaalias ja algselt leidnud suurt kasutust meditsiinis.\u00a0<\/p><p>J\u00e4rjest uuendades, t\u00e4iustades on aga aparaat saanud \u00fclipopulaarseks kogu maailmas ning protseduurid on t\u00f5eline alternatiiv ilukirurgiale.\u00a0<\/p><p>Transioni ja Isogei protseduure kasutanud ka tippsportlased juba alates 1972 aastast ol\u00fcmpiav\u00f5istlusteks ettevalmistamiseks, seda kasutavad ka kulturistid oma treeningutes.<\/p>\t\t\t\t\t\t<\/div>\n\t\t\t\t<\/div>\n\t\t\t\t<div class=\"elementor-element elementor-element-76bdf14 elementor-widget elementor-widget-text-editor\" data-id=\"76bdf14\" data-element_type=\"widget\" data-widget_type=\"text-editor.default\">\n\t\t\t\t<div class=\"elementor-widget-container\">\n\t\t\t\t\t\t\t<blockquote><p>Kiiresti ja mugavalt on v\u00f5imalik lahti saada probleemsetest kohtadest, muuta oma n\u00e4gu ja v\u00e4limust nii m\u00f5nigi aasta v\u00e4rskemaks, nooremaks.<\/p><\/blockquote>\t\t\t\t\t\t<\/div>\n\t\t\t\t<\/div>\n\t\t\t\t<div class=\"elementor-element elementor-element-a64dc7b elementor-widget elementor-widget-text-editor\" data-id=\"a64dc7b\" data-element_type=\"widget\" data-widget_type=\"text-editor.default\">\n\t\t\t\t<div class=\"elementor-widget-container\">\n\t\t\t\t\t\t\t<p>T\u00f5husa Vip Line lihasstimulatsiooniga saad unistuste KEHA- p\u00f5leta rasva ja toniseeri lihaseid just seal, kus vaja ja just nii palju, kui vaja.<\/p><p><strong>Tulemuse saavutamiseks on vajalik 10-15 protseduurist koosnev kuur.<\/strong><\/p>\t\t\t\t\t\t<\/div>\n\t\t\t\t<\/div>\n\t\t\t\t\t<\/div>\n\t\t<\/div>\n\t\t\t\t\t<\/div>\n\t\t<\/section>\n\t\t\t\t<section class=\"elementor-section elementor-top-section elementor-element elementor-element-1395252a elementor-section-boxed elementor-section-height-default elementor-section-height-default\" data-id=\"1395252a\" data-element_type=\"section\">\n\t\t\t\t\t\t<div class=\"elementor-container elementor-column-gap-default\">\n\t\t\t\t\t<div class=\"elementor-column elementor-col-50 elementor-top-column elementor-element elementor-element-3e8cbdec\" data-id=\"3e8cbdec\" data-element_type=\"column\">\n\t\t\t<div class=\"elementor-widget-wrap elementor-element-populated\">\n\t\t\t\t\t\t<div class=\"elementor-element elementor-element-190cc2fc elementor-widget elementor-widget-image\" data-id=\"190cc2fc\" data-element_type=\"widget\" data-widget_type=\"image.default\">\n\t\t\t\t<div class=\"elementor-widget-container\">\n\t\t\t\t\t\t\t\t\t\t\t\t\t<img decoding=\"async\" width=\"1024\" height=\"684\" src=\"https:\/\/copy.medicest.eu\/wp-content\/uploads\/2023\/03\/vip-line-plus-face.jpg\" class=\"attachment-large size-large wp-image-11205\" alt=\"\" srcset=\"https:\/\/copy.medicest.eu\/wp-content\/uploads\/2023\/03\/vip-line-plus-face.jpg 1024w, https:\/\/copy.medicest.eu\/wp-content\/uploads\/2023\/03\/vip-line-plus-face-300x200.jpg 300w, https:\/\/copy.medicest.eu\/wp-content\/uploads\/2023\/03\/vip-line-plus-face-768x513.jpg 768w, https:\/\/copy.medicest.eu\/wp-content\/uploads\/2023\/03\/vip-line-plus-face-150x100.jpg 150w\" sizes=\"(max-width: 1024px) 100vw, 1024px\" \/>\t\t\t\t\t\t\t\t\t\t\t\t\t<\/div>\n\t\t\t\t<\/div>\n\t\t\t\t\t<\/div>\n\t\t<\/div>\n\t\t\t\t<div class=\"elementor-column elementor-col-50 elementor-top-column elementor-element elementor-element-62c6b793\" data-id=\"62c6b793\" data-element_type=\"column\">\n\t\t\t<div class=\"elementor-widget-wrap elementor-element-populated\">\n\t\t\t\t\t\t<div class=\"elementor-element elementor-element-5442ae2c elementor-widget elementor-widget-heading\" data-id=\"5442ae2c\" data-element_type=\"widget\" data-widget_type=\"heading.default\">\n\t\t\t\t<div class=\"elementor-widget-container\">\n\t\t\t<h3 class=\"elementor-heading-title elementor-size-default\">M\u00fcolifting n\u00e4ole Vip Line Plus<\/h3>\t\t<\/div>\n\t\t\t\t<\/div>\n\t\t\t\t<div class=\"elementor-element elementor-element-2cb7784b elementor-widget elementor-widget-text-editor\" data-id=\"2cb7784b\" data-element_type=\"widget\" data-widget_type=\"text-editor.default\">\n\t\t\t\t<div class=\"elementor-widget-container\">\n\t\t\t\t\t\t\t<div class=\"elementor-element elementor-element-24333f7 elementor-widget elementor-widget-text-editor\" data-id=\"24333f7\" data-element_type=\"widget\" data-widget_type=\"text-editor.default\"><div class=\"elementor-widget-container\"><div class=\"elementor-element elementor-element-15cd24a elementor-widget elementor-widget-text-editor\" data-id=\"15cd24a\" data-element_type=\"widget\" data-widget_type=\"text-editor.default\"><div class=\"elementor-widget-container\"><p><strong>Mu\u0308olifting (mu\u0308ostimulatsioon)<\/strong> on vananemisvastane n\u00e4ohooldus, mis stimuleerib k\u00f5iki vananemisest m\u00f5jutatud kudesid ja k\u00f5rvaldab juba toimunud ealised muutused.<\/p><\/div><\/div><div class=\"elementor-element elementor-element-da4dd7c elementor-widget elementor-widget-text-editor\" data-id=\"da4dd7c\" data-element_type=\"widget\" data-widget_type=\"text-editor.default\"><div class=\"elementor-widget-container\"><p><strong>Toime saavutatakse n\u00e4olihaste m\u00f5jutamisel elektrivoolu impulssidega.<\/strong><\/p><\/div><\/div><\/div><\/div>\t\t\t\t\t\t<\/div>\n\t\t\t\t<\/div>\n\t\t\t\t<div class=\"elementor-element elementor-element-15992231 pp-buttons-halign-left pp-buttons-stack-none elementor-widget elementor-widget-pp-buttons\" data-id=\"15992231\" data-element_type=\"widget\" data-widget_type=\"pp-buttons.default\">\n\t\t\t\t<div class=\"elementor-widget-container\">\n\t\t\t\t\t<div class=\"pp-buttons-group\">\n\t\t\t\t\t\t\t\t\t\t\t<a href=\"https:\/\/copy.medicest.eu\/et\/miolifting-vipline-plus\/muolifting-naole-vipline-plus\/\" class=\"pp-button elementor-button elementor-size-sm elementor-repeater-item-c938c7f \">\n\t\t\t\t\t<div class=\"pp-button-content-wrapper\">\n\t\t\t\t\t\t<span class=\"pp-button-content-inner pp-icon-before\">\n\t\t\t\t\t\t\t\n\t\t\t\t\t\t\t\t<span class=\"pp-button-title\">\n\t\t\t\t\t\t\t\t\tLisainfo\t\t\t\t\t\t\t\t<\/span>\n\t\t\t\t\t\t\t\t\t\t\t\t\t<\/span>\n\t\t\t\t\t<\/div>\n\t\t\t\t<\/a>\n\t\t\t\t\t\t\t\t\t\t<\/div>\t\t<\/div>\n\t\t\t\t<\/div>\n\t\t\t\t\t<\/div>\n\t\t<\/div>\n\t\t\t\t\t<\/div>\n\t\t<\/section>\n\t\t\t\t<section class=\"elementor-section elementor-top-section elementor-element elementor-element-b212352 elementor-section-boxed elementor-section-height-default elementor-section-height-default\" data-id=\"b212352\" data-element_type=\"section\">\n\t\t\t\t\t\t<div class=\"elementor-container elementor-column-gap-default\">\n\t\t\t\t\t<div class=\"elementor-column elementor-col-50 elementor-top-column elementor-element elementor-element-cfb6276\" data-id=\"cfb6276\" data-element_type=\"column\">\n\t\t\t<div class=\"elementor-widget-wrap elementor-element-populated\">\n\t\t\t\t\t\t<div class=\"elementor-element elementor-element-068eaa0 elementor-widget elementor-widget-image\" data-id=\"068eaa0\" data-element_type=\"widget\" data-widget_type=\"image.default\">\n\t\t\t\t<div class=\"elementor-widget-container\">\n\t\t\t\t\t\t\t\t\t\t\t\t\t<img decoding=\"async\" width=\"1024\" height=\"630\" src=\"https:\/\/copy.medicest.eu\/wp-content\/uploads\/2023\/04\/780x3354-1024x630.jpeg\" class=\"attachment-large size-large wp-image-11987\" alt=\"\" srcset=\"https:\/\/copy.medicest.eu\/wp-content\/uploads\/2023\/04\/780x3354-1024x630.jpeg 1024w, https:\/\/copy.medicest.eu\/wp-content\/uploads\/2023\/04\/780x3354-300x185.jpeg 300w, https:\/\/copy.medicest.eu\/wp-content\/uploads\/2023\/04\/780x3354-768x473.jpeg 768w, https:\/\/copy.medicest.eu\/wp-content\/uploads\/2023\/04\/780x3354-150x92.jpeg 150w, https:\/\/copy.medicest.eu\/wp-content\/uploads\/2023\/04\/780x3354.jpeg 1300w\" sizes=\"(max-width: 1024px) 100vw, 1024px\" \/>\t\t\t\t\t\t\t\t\t\t\t\t\t<\/div>\n\t\t\t\t<\/div>\n\t\t\t\t\t<\/div>\n\t\t<\/div>\n\t\t\t\t<div class=\"elementor-column elementor-col-50 elementor-top-column elementor-element elementor-element-6e3cabb\" data-id=\"6e3cabb\" data-element_type=\"column\">\n\t\t\t<div class=\"elementor-widget-wrap elementor-element-populated\">\n\t\t\t\t\t\t<div class=\"elementor-element elementor-element-8267ecf elementor-widget elementor-widget-heading\" data-id=\"8267ecf\" data-element_type=\"widget\" data-widget_type=\"heading.default\">\n\t\t\t\t<div class=\"elementor-widget-container\">\n\t\t\t<h3 class=\"elementor-heading-title elementor-size-default\"> Mikrovoolude teraapia Vip Line Plus<\/h3>\t\t<\/div>\n\t\t\t\t<\/div>\n\t\t\t\t<div class=\"elementor-element elementor-element-34c8c7b elementor-widget elementor-widget-text-editor\" data-id=\"34c8c7b\" data-element_type=\"widget\" data-widget_type=\"text-editor.default\">\n\t\t\t\t<div class=\"elementor-widget-container\">\n\t\t\t\t\t\t\t<div class=\"elementor-element elementor-element-24333f7 elementor-widget elementor-widget-text-editor\" data-id=\"24333f7\" data-element_type=\"widget\" data-widget_type=\"text-editor.default\"><div class=\"elementor-widget-container\"><p><b>Mikrovoolud<\/b> m\u00f5jutavad \u00f5rnalt k\u00f5iki naha kihte, aga ka veresooni ja lihaseid, soodustavad rakkude jagunemist ja stimuleerib toksiinide v\u00e4ljutamist.<\/p><p>Mikrovoolude teraapiaga stimuleeritakse rakke, mis p\u00f5hjustab k\u00f5ikide rakuprotsesside (ainevahetusprotsesside, metaboolsete-, energeetiliste protsesside, fibroblastide aktiivsuse, kollageeni tootmise) aktiveerumist.<\/p><\/div><\/div>\t\t\t\t\t\t<\/div>\n\t\t\t\t<\/div>\n\t\t\t\t<div class=\"elementor-element elementor-element-1acab52 pp-buttons-halign-left pp-buttons-stack-none elementor-widget elementor-widget-pp-buttons\" data-id=\"1acab52\" data-element_type=\"widget\" data-widget_type=\"pp-buttons.default\">\n\t\t\t\t<div class=\"elementor-widget-container\">\n\t\t\t\t\t<div class=\"pp-buttons-group\">\n\t\t\t\t\t\t\t\t\t\t\t<a href=\"https:\/\/copy.medicest.eu\/et\/mikrovoolude-teraapia\/\" class=\"pp-button elementor-button elementor-size-sm elementor-repeater-item-c938c7f \">\n\t\t\t\t\t<div class=\"pp-button-content-wrapper\">\n\t\t\t\t\t\t<span class=\"pp-button-content-inner pp-icon-before\">\n\t\t\t\t\t\t\t\n\t\t\t\t\t\t\t\t<span class=\"pp-button-title\">\n\t\t\t\t\t\t\t\t\tLisainfo\t\t\t\t\t\t\t\t<\/span>\n\t\t\t\t\t\t\t\t\t\t\t\t\t<\/span>\n\t\t\t\t\t<\/div>\n\t\t\t\t<\/a>\n\t\t\t\t\t\t\t\t\t\t<\/div>\t\t<\/div>\n\t\t\t\t<\/div>\n\t\t\t\t\t<\/div>\n\t\t<\/div>\n\t\t\t\t\t<\/div>\n\t\t<\/section>\n\t\t\t\t<section class=\"elementor-section elementor-top-section elementor-element elementor-element-3ef80c3b elementor-section-boxed elementor-section-height-default elementor-section-height-default\" data-id=\"3ef80c3b\" data-element_type=\"section\">\n\t\t\t\t\t\t<div class=\"elementor-container elementor-column-gap-default\">\n\t\t\t\t\t<div class=\"elementor-column elementor-col-50 elementor-top-column elementor-element elementor-element-377c8979\" data-id=\"377c8979\" data-element_type=\"column\">\n\t\t\t<div class=\"elementor-widget-wrap elementor-element-populated\">\n\t\t\t\t\t\t<div class=\"elementor-element elementor-element-5e1ab8d4 elementor-widget elementor-widget-image\" data-id=\"5e1ab8d4\" data-element_type=\"widget\" data-widget_type=\"image.default\">\n\t\t\t\t<div class=\"elementor-widget-container\">\n\t\t\t\t\t\t\t\t\t\t\t\t\t<img loading=\"lazy\" decoding=\"async\" width=\"1024\" height=\"614\" src=\"https:\/\/copy.medicest.eu\/wp-content\/uploads\/2023\/03\/Tension-2-1024x614.jpg\" class=\"attachment-large size-large wp-image-11393\" alt=\"\" srcset=\"https:\/\/copy.medicest.eu\/wp-content\/uploads\/2023\/03\/Tension-2-1024x614.jpg 1024w, https:\/\/copy.medicest.eu\/wp-content\/uploads\/2023\/03\/Tension-2-300x180.jpg 300w, https:\/\/copy.medicest.eu\/wp-content\/uploads\/2023\/03\/Tension-2-768x461.jpg 768w, https:\/\/copy.medicest.eu\/wp-content\/uploads\/2023\/03\/Tension-2-1536x922.jpg 1536w, https:\/\/copy.medicest.eu\/wp-content\/uploads\/2023\/03\/Tension-2-250x150.jpg 250w, https:\/\/copy.medicest.eu\/wp-content\/uploads\/2023\/03\/Tension-2-150x90.jpg 150w, https:\/\/copy.medicest.eu\/wp-content\/uploads\/2023\/03\/Tension-2.jpg 2000w\" sizes=\"(max-width: 1024px) 100vw, 1024px\" \/>\t\t\t\t\t\t\t\t\t\t\t\t\t<\/div>\n\t\t\t\t<\/div>\n\t\t\t\t\t<\/div>\n\t\t<\/div>\n\t\t\t\t<div class=\"elementor-column elementor-col-50 elementor-top-column elementor-element elementor-element-1e0779df\" data-id=\"1e0779df\" data-element_type=\"column\">\n\t\t\t<div class=\"elementor-widget-wrap elementor-element-populated\">\n\t\t\t\t\t\t<div class=\"elementor-element elementor-element-6a26ac66 elementor-widget elementor-widget-heading\" data-id=\"6a26ac66\" data-element_type=\"widget\" data-widget_type=\"heading.default\">\n\t\t\t\t<div class=\"elementor-widget-container\">\n\t\t\t<h3 class=\"elementor-heading-title elementor-size-default\">Kehamodelleerimine Vip Line Plus<\/h3>\t\t<\/div>\n\t\t\t\t<\/div>\n\t\t\t\t<div class=\"elementor-element elementor-element-32066822 elementor-widget elementor-widget-text-editor\" data-id=\"32066822\" data-element_type=\"widget\" data-widget_type=\"text-editor.default\">\n\t\t\t\t<div class=\"elementor-widget-container\">\n\t\t\t\t\t\t\t<p>Protseduurid <strong>Vip Line Plus aparaatkompleksiga (Itaalia)<\/strong> sobivad kiireks figuuri korrigeerimiseks, lihaste kujundamiseks, rasvamassi v\u00e4hendamiseks ja naha toonuse parandamiseks.<\/p><p>VipLine aparaadi toime, millega t\u00f6\u00f6deldav piirkond kokku puutub, v\u00f5imaldab lokaalselt p\u00f5letada rasvaladestusi, kiirendada ainevahetusprotsesse ja algatada loomulik lipolu\u0308u\u0308s.<\/p>\t\t\t\t\t\t<\/div>\n\t\t\t\t<\/div>\n\t\t\t\t<div class=\"elementor-element elementor-element-60382ff3 pp-buttons-halign-left pp-buttons-stack-none elementor-widget elementor-widget-pp-buttons\" data-id=\"60382ff3\" data-element_type=\"widget\" data-widget_type=\"pp-buttons.default\">\n\t\t\t\t<div class=\"elementor-widget-container\">\n\t\t\t\t\t<div class=\"pp-buttons-group\">\n\t\t\t\t\t\t\t\t\t\t\t<a href=\"https:\/\/copy.medicest.eu\/et\/muostimulatsioon-vip-line-plus\/kehamodelleerimine-vip-line-plus\/\" class=\"pp-button elementor-button elementor-size-sm elementor-repeater-item-c938c7f \">\n\t\t\t\t\t<div class=\"pp-button-content-wrapper\">\n\t\t\t\t\t\t<span class=\"pp-button-content-inner pp-icon-before\">\n\t\t\t\t\t\t\t\n\t\t\t\t\t\t\t\t<span class=\"pp-button-title\">\n\t\t\t\t\t\t\t\t\tLisainfo\t\t\t\t\t\t\t\t<\/span>\n\t\t\t\t\t\t\t\t\t\t\t\t\t<\/span>\n\t\t\t\t\t<\/div>\n\t\t\t\t<\/a>\n\t\t\t\t\t\t\t\t\t\t<\/div>\t\t<\/div>\n\t\t\t\t<\/div>\n\t\t\t\t\t<\/div>\n\t\t<\/div>\n\t\t\t\t\t<\/div>\n\t\t<\/section>\n\t\t\t\t<\/div>\n\t\t","protected":false},"excerpt":{"rendered":"<p>M\u00fcostimulatsioon Vip Line Plus Vip Line Plus seade on valmistatud Itaalias ja algselt leidnud suurt kasutust meditsiinis.\u00a0 J\u00e4rjest uuendades, t\u00e4iustades on aga aparaat saanud \u00fclipopulaarseks kogu maailmas ning protseduurid on t\u00f5eline alternatiiv ilukirurgiale.\u00a0 Transioni ja Isogei protseduure kasutanud ka tippsportlased juba alates 1972 aastast ol\u00fcmpiav\u00f5istlusteks ettevalmistamiseks, seda kasutavad ka kulturistid\u2026<\/p>\n<p class=\"continue-reading-button\"> <a class=\"continue-reading-link\" href=\"https:\/\/copy.medicest.eu\/et\/muostimulatsioon-vip-line-plus\/\"><i class=\"crycon-right-dir\"><\/i><\/a><\/p>\n","protected":false},"author":1,"featured_media":0,"parent":0,"menu_order":0,"comment_status":"closed","ping_status":"closed","template":"","meta":{"footnotes":""},"class_list":["post-11339","page","type-page","status-publish","hentry"],"yoast_head":"<!-- This site is optimized with the Yoast SEO plugin v23.6 - https:\/\/yoast.com\/wordpress\/plugins\/seo\/ -->\n<title>M\u00fcostimulatsioon Vip Line Plus - Ilukliinik Medic-Esthetic<\/title>\n<meta name=\"robots\" content=\"index, follow, max-snippet:-1, max-image-preview:large, max-video-preview:-1\" \/>\n<link rel=\"canonical\" href=\"https:\/\/copy.medicest.eu\/et\/muostimulatsioon-vip-line-plus\/\" \/>\n<meta property=\"og:locale\" content=\"et_EE\" \/>\n<meta property=\"og:type\" content=\"article\" \/>\n<meta property=\"og:title\" content=\"M\u00fcostimulatsioon Vip Line Plus - Ilukliinik Medic-Esthetic\" \/>\n<meta property=\"og:description\" content=\"M\u00fcostimulatsioon Vip Line Plus Vip Line Plus seade on valmistatud Itaalias ja algselt leidnud suurt kasutust meditsiinis.\u00a0 J\u00e4rjest uuendades, t\u00e4iustades on aga aparaat saanud \u00fclipopulaarseks kogu maailmas ning protseduurid on t\u00f5eline alternatiiv ilukirurgiale.\u00a0 Transioni ja Isogei protseduure kasutanud ka tippsportlased juba alates 1972 aastast ol\u00fcmpiav\u00f5istlusteks ettevalmistamiseks, seda kasutavad ka kulturistid\u2026\" \/>\n<meta property=\"og:url\" content=\"https:\/\/copy.medicest.eu\/et\/muostimulatsioon-vip-line-plus\/\" \/>\n<meta property=\"og:site_name\" content=\"Ilukliinik Medic-Esthetic\" \/>\n<meta property=\"article:modified_time\" content=\"2023-10-13T13:28:13+00:00\" \/>\n<meta property=\"og:image\" content=\"https:\/\/copy.medicest.eu\/wp-content\/uploads\/2023\/03\/viplineplus-eesti.png\" \/>\n<meta name=\"twitter:card\" content=\"summary_large_image\" \/>\n<meta name=\"twitter:label1\" content=\"Est. reading time\" \/>\n\t<meta name=\"twitter:data1\" content=\"3 minutit\" \/>\n<script type=\"application\/ld+json\" class=\"yoast-schema-graph\">{\"@context\":\"https:\/\/schema.org\",\"@graph\":[{\"@type\":\"WebPage\",\"@id\":\"https:\/\/copy.medicest.eu\/et\/muostimulatsioon-vip-line-plus\/\",\"url\":\"https:\/\/copy.medicest.eu\/et\/muostimulatsioon-vip-line-plus\/\",\"name\":\"M\u00fcostimulatsioon Vip Line Plus - Ilukliinik Medic-Esthetic\",\"isPartOf\":{\"@id\":\"https:\/\/copy.medicest.eu\/#website\"},\"primaryImageOfPage\":{\"@id\":\"https:\/\/copy.medicest.eu\/et\/muostimulatsioon-vip-line-plus\/#primaryimage\"},\"image\":{\"@id\":\"https:\/\/copy.medicest.eu\/et\/muostimulatsioon-vip-line-plus\/#primaryimage\"},\"thumbnailUrl\":\"https:\/\/copy.medicest.eu\/wp-content\/uploads\/2023\/03\/viplineplus-eesti.png\",\"datePublished\":\"2023-03-28T12:54:58+00:00\",\"dateModified\":\"2023-10-13T13:28:13+00:00\",\"breadcrumb\":{\"@id\":\"https:\/\/copy.medicest.eu\/et\/muostimulatsioon-vip-line-plus\/#breadcrumb\"},\"inLanguage\":\"et\",\"potentialAction\":[{\"@type\":\"ReadAction\",\"target\":[\"https:\/\/copy.medicest.eu\/et\/muostimulatsioon-vip-line-plus\/\"]}]},{\"@type\":\"ImageObject\",\"inLanguage\":\"et\",\"@id\":\"https:\/\/copy.medicest.eu\/et\/muostimulatsioon-vip-line-plus\/#primaryimage\",\"url\":\"https:\/\/copy.medicest.eu\/wp-content\/uploads\/2023\/03\/viplineplus-eesti.png\",\"contentUrl\":\"https:\/\/copy.medicest.eu\/wp-content\/uploads\/2023\/03\/viplineplus-eesti.png\"},{\"@type\":\"BreadcrumbList\",\"@id\":\"https:\/\/copy.medicest.eu\/et\/muostimulatsioon-vip-line-plus\/#breadcrumb\",\"itemListElement\":[{\"@type\":\"ListItem\",\"position\":1,\"name\":\"Home\",\"item\":\"https:\/\/copy.medicest.eu\/et\/\"},{\"@type\":\"ListItem\",\"position\":2,\"name\":\"M\u00fcostimulatsioon Vip Line Plus\"}]},{\"@type\":\"WebSite\",\"@id\":\"https:\/\/copy.medicest.eu\/#website\",\"url\":\"https:\/\/copy.medicest.eu\/\",\"name\":\"Ilukliinik Medic-Esthetic\",\"description\":\"Beauty &amp; Prestige\",\"potentialAction\":[{\"@type\":\"SearchAction\",\"target\":{\"@type\":\"EntryPoint\",\"urlTemplate\":\"https:\/\/copy.medicest.eu\/?s={search_term_string}\"},\"query-input\":{\"@type\":\"PropertyValueSpecification\",\"valueRequired\":true,\"valueName\":\"search_term_string\"}}],\"inLanguage\":\"et\"}]}<\/script>\n<!-- \/ Yoast SEO plugin. -->","yoast_head_json":{"title":"M\u00fcostimulatsioon Vip Line Plus - Ilukliinik Medic-Esthetic","robots":{"index":"index","follow":"follow","max-snippet":"max-snippet:-1","max-image-preview":"max-image-preview:large","max-video-preview":"max-video-preview:-1"},"canonical":"https:\/\/copy.medicest.eu\/et\/muostimulatsioon-vip-line-plus\/","og_locale":"et_EE","og_type":"article","og_title":"M\u00fcostimulatsioon Vip Line Plus - Ilukliinik Medic-Esthetic","og_description":"M\u00fcostimulatsioon Vip Line Plus Vip Line Plus seade on valmistatud Itaalias ja algselt leidnud suurt kasutust meditsiinis.\u00a0 J\u00e4rjest uuendades, t\u00e4iustades on aga aparaat saanud \u00fclipopulaarseks kogu maailmas ning protseduurid on t\u00f5eline alternatiiv ilukirurgiale.\u00a0 Transioni ja Isogei protseduure kasutanud ka tippsportlased juba alates 1972 aastast ol\u00fcmpiav\u00f5istlusteks ettevalmistamiseks, seda kasutavad ka kulturistid\u2026","og_url":"https:\/\/copy.medicest.eu\/et\/muostimulatsioon-vip-line-plus\/","og_site_name":"Ilukliinik Medic-Esthetic","article_modified_time":"2023-10-13T13:28:13+00:00","og_image":[{"url":"https:\/\/copy.medicest.eu\/wp-content\/uploads\/2023\/03\/viplineplus-eesti.png"}],"twitter_card":"summary_large_image","twitter_misc":{"Est. reading time":"3 minutit"},"schema":{"@context":"https:\/\/schema.org","@graph":[{"@type":"WebPage","@id":"https:\/\/copy.medicest.eu\/et\/muostimulatsioon-vip-line-plus\/","url":"https:\/\/copy.medicest.eu\/et\/muostimulatsioon-vip-line-plus\/","name":"M\u00fcostimulatsioon Vip Line Plus - Ilukliinik Medic-Esthetic","isPartOf":{"@id":"https:\/\/copy.medicest.eu\/#website"},"primaryImageOfPage":{"@id":"https:\/\/copy.medicest.eu\/et\/muostimulatsioon-vip-line-plus\/#primaryimage"},"image":{"@id":"https:\/\/copy.medicest.eu\/et\/muostimulatsioon-vip-line-plus\/#primaryimage"},"thumbnailUrl":"https:\/\/copy.medicest.eu\/wp-content\/uploads\/2023\/03\/viplineplus-eesti.png","datePublished":"2023-03-28T12:54:58+00:00","dateModified":"2023-10-13T13:28:13+00:00","breadcrumb":{"@id":"https:\/\/copy.medicest.eu\/et\/muostimulatsioon-vip-line-plus\/#breadcrumb"},"inLanguage":"et","potentialAction":[{"@type":"ReadAction","target":["https:\/\/copy.medicest.eu\/et\/muostimulatsioon-vip-line-plus\/"]}]},{"@type":"ImageObject","inLanguage":"et","@id":"https:\/\/copy.medicest.eu\/et\/muostimulatsioon-vip-line-plus\/#primaryimage","url":"https:\/\/copy.medicest.eu\/wp-content\/uploads\/2023\/03\/viplineplus-eesti.png","contentUrl":"https:\/\/copy.medicest.eu\/wp-content\/uploads\/2023\/03\/viplineplus-eesti.png"},{"@type":"BreadcrumbList","@id":"https:\/\/copy.medicest.eu\/et\/muostimulatsioon-vip-line-plus\/#breadcrumb","itemListElement":[{"@type":"ListItem","position":1,"name":"Home","item":"https:\/\/copy.medicest.eu\/et\/"},{"@type":"ListItem","position":2,"name":"M\u00fcostimulatsioon Vip Line Plus"}]},{"@type":"WebSite","@id":"https:\/\/copy.medicest.eu\/#website","url":"https:\/\/copy.medicest.eu\/","name":"Ilukliinik Medic-Esthetic","description":"Beauty &amp; Prestige","potentialAction":[{"@type":"SearchAction","target":{"@type":"EntryPoint","urlTemplate":"https:\/\/copy.medicest.eu\/?s={search_term_string}"},"query-input":{"@type":"PropertyValueSpecification","valueRequired":true,"valueName":"search_term_string"}}],"inLanguage":"et"}]}},"_links":{"self":[{"href":"https:\/\/copy.medicest.eu\/et\/wp-json\/wp\/v2\/pages\/11339","targetHints":{"allow":["GET"]}}],"collection":[{"href":"https:\/\/copy.medicest.eu\/et\/wp-json\/wp\/v2\/pages"}],"about":[{"href":"https:\/\/copy.medicest.eu\/et\/wp-json\/wp\/v2\/types\/page"}],"author":[{"embeddable":true,"href":"https:\/\/copy.medicest.eu\/et\/wp-json\/wp\/v2\/users\/1"}],"replies":[{"embeddable":true,"href":"https:\/\/copy.medicest.eu\/et\/wp-json\/wp\/v2\/comments?post=11339"}],"version-history":[{"count":38,"href":"https:\/\/copy.medicest.eu\/et\/wp-json\/wp\/v2\/pages\/11339\/revisions"}],"predecessor-version":[{"id":14609,"href":"https:\/\/copy.medicest.eu\/et\/wp-json\/wp\/v2\/pages\/11339\/revisions\/14609"}],"wp:attachment":[{"href":"https:\/\/copy.medicest.eu\/et\/wp-json\/wp\/v2\/media?parent=11339"}],"curies":[{"name":"wp","href":"https:\/\/api.w.org\/{rel}","templated":true}]}}