{"id":12340,"date":"2023-06-12T10:17:13","date_gmt":"2023-06-12T10:17:13","guid":{"rendered":"https:\/\/copy.medicest.eu\/fermetoterapiya-dmk\/"},"modified":"2023-07-04T13:13:26","modified_gmt":"2023-07-04T13:13:26","slug":"ensuumteraapia-dmk","status":"publish","type":"page","link":"https:\/\/copy.medicest.eu\/et\/ensuumteraapia-dmk\/","title":{"rendered":"Ens\u00fc\u00fcmteraapia DMK"},"content":{"rendered":"\t\t<div data-elementor-type=\"wp-page\" data-elementor-id=\"12340\" class=\"elementor elementor-12340 elementor-12283\">\n\t\t\t\t\t\t<section class=\"elementor-section elementor-top-section elementor-element elementor-element-44628b79 elementor-section-boxed elementor-section-height-default elementor-section-height-default\" data-id=\"44628b79\" data-element_type=\"section\">\n\t\t\t\t\t\t<div class=\"elementor-container elementor-column-gap-default\">\n\t\t\t\t\t<div class=\"elementor-column elementor-col-100 elementor-top-column elementor-element elementor-element-45fd1ad0\" data-id=\"45fd1ad0\" data-element_type=\"column\">\n\t\t\t<div class=\"elementor-widget-wrap elementor-element-populated\">\n\t\t\t\t\t\t<div class=\"elementor-element elementor-element-39b8997c elementor-widget elementor-widget-heading\" data-id=\"39b8997c\" data-element_type=\"widget\" data-widget_type=\"heading.default\">\n\t\t\t\t<div class=\"elementor-widget-container\">\n\t\t\t<h2 class=\"elementor-heading-title elementor-size-default\">Ens\u00fc\u00fcmteraapia DMK DANNE<\/h2>\t\t<\/div>\n\t\t\t\t<\/div>\n\t\t\t\t\t<\/div>\n\t\t<\/div>\n\t\t\t\t\t<\/div>\n\t\t<\/section>\n\t\t\t\t<section class=\"elementor-section elementor-top-section elementor-element elementor-element-eca5aad elementor-section-boxed elementor-section-height-default elementor-section-height-default\" data-id=\"eca5aad\" data-element_type=\"section\">\n\t\t\t\t\t\t<div class=\"elementor-container elementor-column-gap-default\">\n\t\t\t\t\t<div class=\"elementor-column elementor-col-50 elementor-top-column elementor-element elementor-element-1d5ffea\" data-id=\"1d5ffea\" data-element_type=\"column\">\n\t\t\t<div class=\"elementor-widget-wrap elementor-element-populated\">\n\t\t\t\t\t\t<div class=\"elementor-element elementor-element-1390326 elementor-widget elementor-widget-text-editor\" data-id=\"1390326\" data-element_type=\"widget\" data-widget_type=\"text-editor.default\">\n\t\t\t\t<div class=\"elementor-widget-container\">\n\t\t\t\t\t\t\t<p>DMK Danne (USA, California) on kaubam\u00e4rk, mis pakub nahahoolduse ja nahaprobleemide lahendamise terviklikku l\u00e4henemist.<\/p><p>Br\u00e4ndi aluseks on ainulaadse koostisega <b>ens\u00fc\u00fcmteraapia<\/b>, mille koostisained stimuleerivad naharakkude taastumist. Sellel meetodil puuduvad siiani analoogid.\u00a0<\/p><p>DMK sarja kuuluvad veel: eksklusiivsed aluselised, samuti kombineeritud, ens\u00fc\u00fcmkoorijad ja puuviljahappeid sisaldav koorija.<\/p>\t\t\t\t\t\t<\/div>\n\t\t\t\t<\/div>\n\t\t\t\t<div class=\"elementor-element elementor-element-ab9258e elementor-widget elementor-widget-text-editor\" data-id=\"ab9258e\" data-element_type=\"widget\" data-widget_type=\"text-editor.default\">\n\t\t\t\t<div class=\"elementor-widget-container\">\n\t\t\t\t\t\t\t<blockquote><p>DMK s\u00fcsteemil on selge kontseptsioon, millest kinni pidades saate alati tulemuse: <strong><i>\u201eEi ole olemas nahat\u00fc\u00fcpe \u2013 on naha seisundid!\u201c<\/i><\/strong><\/p><\/blockquote>\t\t\t\t\t\t<\/div>\n\t\t\t\t<\/div>\n\t\t\t\t<div class=\"elementor-element elementor-element-160722d elementor-widget elementor-widget-text-editor\" data-id=\"160722d\" data-element_type=\"widget\" data-widget_type=\"text-editor.default\">\n\t\t\t\t<div class=\"elementor-widget-container\">\n\t\t\t\t\t\t\t<p>Ens\u00fc\u00fcmteraapiaga korrigeerimine annab alati positiivse tulemuse, kuna spetsialistid j\u00e4rgivad rangelt k\u00f5iki kontseptsiooni etappe.<\/p><p>Selline l\u00e4henemine ongi erakordsete tulemuste saavutamise v\u00f5ti, kuna see kujundab inimeste naha ja elu \u00fcmber \u201ev\u00e4ljastpoolt sissepoole\u201c v\u00f5i \u201enahapinnalt vormini\u201c.<\/p>\t\t\t\t\t\t<\/div>\n\t\t\t\t<\/div>\n\t\t\t\t\t<\/div>\n\t\t<\/div>\n\t\t\t\t<div class=\"elementor-column elementor-col-50 elementor-top-column elementor-element elementor-element-7a99936\" data-id=\"7a99936\" data-element_type=\"column\">\n\t\t\t<div class=\"elementor-widget-wrap elementor-element-populated\">\n\t\t\t\t\t\t<div class=\"elementor-element elementor-element-ca82e06 elementor-widget elementor-widget-image\" data-id=\"ca82e06\" data-element_type=\"widget\" data-widget_type=\"image.default\">\n\t\t\t\t<div class=\"elementor-widget-container\">\n\t\t\t\t\t\t\t\t\t\t\t\t\t<img fetchpriority=\"high\" decoding=\"async\" width=\"1024\" height=\"682\" src=\"https:\/\/copy.medicest.eu\/wp-content\/uploads\/2023\/06\/dmk-eesti-1024x682.jpg\" class=\"attachment-large size-large wp-image-12295\" alt=\"\" srcset=\"https:\/\/copy.medicest.eu\/wp-content\/uploads\/2023\/06\/dmk-eesti-1024x682.jpg 1024w, https:\/\/copy.medicest.eu\/wp-content\/uploads\/2023\/06\/dmk-eesti-300x200.jpg 300w, https:\/\/copy.medicest.eu\/wp-content\/uploads\/2023\/06\/dmk-eesti-768x511.jpg 768w, https:\/\/copy.medicest.eu\/wp-content\/uploads\/2023\/06\/dmk-eesti-1536x1022.jpg 1536w, https:\/\/copy.medicest.eu\/wp-content\/uploads\/2023\/06\/dmk-eesti-2048x1363.jpg 2048w, https:\/\/copy.medicest.eu\/wp-content\/uploads\/2023\/06\/dmk-eesti-150x100.jpg 150w\" sizes=\"(max-width: 1024px) 100vw, 1024px\" \/>\t\t\t\t\t\t\t\t\t\t\t\t\t<\/div>\n\t\t\t\t<\/div>\n\t\t\t\t<div class=\"elementor-element elementor-element-54ba45b elementor-widget elementor-widget-image\" data-id=\"54ba45b\" data-element_type=\"widget\" data-widget_type=\"image.default\">\n\t\t\t\t<div class=\"elementor-widget-container\">\n\t\t\t\t\t\t\t\t\t\t\t\t\t<img decoding=\"async\" width=\"790\" height=\"593\" src=\"https:\/\/copy.medicest.eu\/wp-content\/uploads\/2023\/06\/dmk-eesti-3.jpeg\" class=\"attachment-large size-large wp-image-12306\" alt=\"\" srcset=\"https:\/\/copy.medicest.eu\/wp-content\/uploads\/2023\/06\/dmk-eesti-3.jpeg 790w, https:\/\/copy.medicest.eu\/wp-content\/uploads\/2023\/06\/dmk-eesti-3-300x225.jpeg 300w, https:\/\/copy.medicest.eu\/wp-content\/uploads\/2023\/06\/dmk-eesti-3-200x150.jpeg 200w, https:\/\/copy.medicest.eu\/wp-content\/uploads\/2023\/06\/dmk-eesti-3-768x576.jpeg 768w, https:\/\/copy.medicest.eu\/wp-content\/uploads\/2023\/06\/dmk-eesti-3-150x113.jpeg 150w\" sizes=\"(max-width: 790px) 100vw, 790px\" \/>\t\t\t\t\t\t\t\t\t\t\t\t\t<\/div>\n\t\t\t\t<\/div>\n\t\t\t\t\t<\/div>\n\t\t<\/div>\n\t\t\t\t\t<\/div>\n\t\t<\/section>\n\t\t\t\t<section class=\"elementor-section elementor-top-section elementor-element elementor-element-eb38029 elementor-section-boxed elementor-section-height-default elementor-section-height-default\" data-id=\"eb38029\" data-element_type=\"section\">\n\t\t\t\t\t\t<div class=\"elementor-container elementor-column-gap-default\">\n\t\t\t\t\t<div class=\"elementor-column elementor-col-50 elementor-top-column elementor-element elementor-element-62f7c2f\" data-id=\"62f7c2f\" data-element_type=\"column\" data-settings=\"{&quot;background_background&quot;:&quot;classic&quot;}\">\n\t\t\t<div class=\"elementor-widget-wrap elementor-element-populated\">\n\t\t\t\t\t\t<div class=\"elementor-element elementor-element-f90906a elementor-widget elementor-widget-text-editor\" data-id=\"f90906a\" data-element_type=\"widget\" data-widget_type=\"text-editor.default\">\n\t\t\t\t<div class=\"elementor-widget-container\">\n\t\t\t\t\t\t\t<h4><strong>DMK Danne Magic Beauty<\/strong><\/h4><p><strong>Maksimaalne lifting vaid \u00fche protseduuriga<\/strong><\/p><p>Lifting-efekti k\u00f5rgpunkt saavutatakse p\u00e4ev p\u00e4rast protseduuri. Sellest l\u00e4htuvalt on soovitatav teha hooldus p\u00e4ev enne t\u00e4htsat s\u00fcndmust.<\/p><p>N\u00e4idustused: peened kortsukesed, l\u00f5tvunud nahk, rippuv nahk, n\u00e4okontuuride\/ovaali vajumine, h\u00fcperkeratoos.<\/p><p>\u00a0<\/p>\t\t\t\t\t\t<\/div>\n\t\t\t\t<\/div>\n\t\t\t\t\t<\/div>\n\t\t<\/div>\n\t\t\t\t<div class=\"elementor-column elementor-col-50 elementor-top-column elementor-element elementor-element-e2abdda\" data-id=\"e2abdda\" data-element_type=\"column\" data-settings=\"{&quot;background_background&quot;:&quot;classic&quot;}\">\n\t\t\t<div class=\"elementor-widget-wrap elementor-element-populated\">\n\t\t\t\t\t\t<div class=\"elementor-element elementor-element-469bef2 elementor-widget elementor-widget-text-editor\" data-id=\"469bef2\" data-element_type=\"widget\" data-widget_type=\"text-editor.default\">\n\t\t\t\t<div class=\"elementor-widget-container\">\n\t\t\t\t\t\t\t<h4><b>DMK Danne Super Lift<\/b><\/h4><p><strong>Kolmekordne mask \u2013 naha ja lihaste kiire pinguldamine<\/strong><\/p><p>Protseduur on m\u00f5eldud nahaaluste struktuuride tugevdamiseks ja pinguldamiseks.<\/p><p>Lihaste \u201esidumisprotseduur\u201c mitte ainult ei pingulda, vaid muudab naha pringimaks, taastades optimaalsed nahafunktsioonid. Bandaa\u017e ehk \u201en\u00e4okontuuride <i>lifting\u201c<\/i> ens\u00fc\u00fcmmaskidega.<\/p>\t\t\t\t\t\t<\/div>\n\t\t\t\t<\/div>\n\t\t\t\t\t<\/div>\n\t\t<\/div>\n\t\t\t\t\t<\/div>\n\t\t<\/section>\n\t\t\t\t<section class=\"elementor-section elementor-top-section elementor-element elementor-element-3f50876 elementor-section-boxed elementor-section-height-default elementor-section-height-default\" data-id=\"3f50876\" data-element_type=\"section\">\n\t\t\t\t\t\t<div class=\"elementor-container elementor-column-gap-default\">\n\t\t\t\t\t<div class=\"elementor-column elementor-col-50 elementor-top-column elementor-element elementor-element-1e08f5a\" data-id=\"1e08f5a\" data-element_type=\"column\" data-settings=\"{&quot;background_background&quot;:&quot;classic&quot;}\">\n\t\t\t<div class=\"elementor-widget-wrap elementor-element-populated\">\n\t\t\t\t\t\t<div class=\"elementor-element elementor-element-a615f6c elementor-widget elementor-widget-text-editor\" data-id=\"a615f6c\" data-element_type=\"widget\" data-widget_type=\"text-editor.default\">\n\t\t\t\t<div class=\"elementor-widget-container\">\n\t\t\t\t\t\t\t<h4><b>DMK Danne Personal Selection<\/b><\/h4><p><strong>Maksimaalne niisutus, paranenud vereringe ja lihaste stimulatsioon<\/strong><\/p><p>Koostisosade valiku teeb spetsialist l\u00e4htuvalt kliendi nahat\u00fc\u00fcbist ja lahendamist vajavast probleemist.<\/p><p>Protseduur m\u00f5jub ergutavalt rakkudele ja ainevahetusprotsessidele, niisutab nahka, on valgendava ja antioks\u00fcdantse toimega, t\u00f5stab epidermise niiskustaset, stimuleerib kollageeni ja gl\u00fckoosaminogl\u00fckaanide s\u00fcnteesi nahas ning v\u00f5imaldab ens\u00fc\u00fcmidel s\u00fcgavamale nahka tungida.<\/p><p>Ens\u00fc\u00fcmmaskid normaliseerivad naha ainevahetust, puhastavad \u0161lakkidest ja toksiinidest, rikastavad hapnikuga, parandavad vere- ja l\u00fcmfivoolu, stimuleerivad lihaseid ja tugevdavad veresoonte seinu.<\/p><p>\u00a0<\/p>\t\t\t\t\t\t<\/div>\n\t\t\t\t<\/div>\n\t\t\t\t\t<\/div>\n\t\t<\/div>\n\t\t\t\t<div class=\"elementor-column elementor-col-50 elementor-top-column elementor-element elementor-element-611735c\" data-id=\"611735c\" data-element_type=\"column\" data-settings=\"{&quot;background_background&quot;:&quot;classic&quot;}\">\n\t\t\t<div class=\"elementor-widget-wrap elementor-element-populated\">\n\t\t\t\t\t\t<div class=\"elementor-element elementor-element-5130f1c elementor-widget elementor-widget-text-editor\" data-id=\"5130f1c\" data-element_type=\"widget\" data-widget_type=\"text-editor.default\">\n\t\t\t\t<div class=\"elementor-widget-container\">\n\t\t\t\t\t\t\t<h4><b>DMK Danne Anti Acne<\/b><\/h4><p><strong>\u00dcks t\u00f5husamaid hooldusi sarnaste hulgas<\/strong><\/p><p>DMK Danne kontseptsiooni alusel t\u00f6\u00f6tavad DMK tooted koos nahaga, mitte ei sunni nahale peale v\u00f5\u00f5raid ja selle talitlust m\u00f5jutavaid protsesse.<\/p><p>Protseduuri \u00fclit\u00f5hus tulemus saavutatakse ens\u00fc\u00fcmide, AHA hapete ja plasmaefektiga ens\u00fc\u00fcmmaski kasutamisel.<\/p><p><b>N\u00e4idustused: <\/b>akne passiivne vorm, avatud v\u00f5i suletud komedoonidega mittep\u00f5letikuline akne, suurenenud poorid, h\u00fcperkeratoos.<\/p><p><b>P\u00e4rast protseduuri:<\/b><\/p><ul><li aria-level=\"1\">naha punetus (punetuse kestus on individuaalne) 1-2 p\u00e4eva<\/li><li aria-level=\"1\">nahk v\u00f5ib tunduda pingul<\/li><li aria-level=\"1\">nahk v\u00f5ib tunduda kuiv v\u00f5i ketendav<\/li><li aria-level=\"1\">kolme p\u00e4eva p\u00e4rast on soovitatav kodus teha ens\u00fc\u00fcmmaski koos DMK Foamy Lift ja Exoderma Peel toodetega<\/li><\/ul>\t\t\t\t\t\t<\/div>\n\t\t\t\t<\/div>\n\t\t\t\t\t<\/div>\n\t\t<\/div>\n\t\t\t\t\t<\/div>\n\t\t<\/section>\n\t\t\t\t<section class=\"elementor-section elementor-top-section elementor-element elementor-element-c06b3d3 elementor-section-boxed elementor-section-height-default elementor-section-height-default\" data-id=\"c06b3d3\" data-element_type=\"section\">\n\t\t\t\t\t\t<div class=\"elementor-container elementor-column-gap-default\">\n\t\t\t\t\t<div class=\"elementor-column elementor-col-100 elementor-top-column elementor-element elementor-element-7133a1d2\" data-id=\"7133a1d2\" data-element_type=\"column\">\n\t\t\t<div class=\"elementor-widget-wrap elementor-element-populated\">\n\t\t\t\t\t\t<div class=\"elementor-element elementor-element-165db6e8 elementor-widget elementor-widget-heading\" data-id=\"165db6e8\" data-element_type=\"widget\" data-widget_type=\"heading.default\">\n\t\t\t\t<div class=\"elementor-widget-container\">\n\t\t\t<h2 class=\"elementor-heading-title elementor-size-default\">Hinnakiri<\/h2>\t\t<\/div>\n\t\t\t\t<\/div>\n\t\t\t\t<div class=\"elementor-element elementor-element-2858627 elementor-widget elementor-widget-text-editor\" data-id=\"2858627\" data-element_type=\"widget\" data-widget_type=\"text-editor.default\">\n\t\t\t\t<div class=\"elementor-widget-container\">\n\t\t\t\t\t\t\t<p>\n<table id=\"tablepress-170\" class=\"tablepress tablepress-id-170 tablepress-responsive\">\n<thead>\n<tr class=\"row-1 odd\">\n\t<th class=\"column-1\">Ens\u00fc\u00fcmteraapia DMK DANNE<\/th><th class=\"column-2\">Hind \u20ac<\/th>\n<\/tr>\n<\/thead>\n<tbody class=\"row-hover\">\n<tr class=\"row-2 even\">\n\t<td class=\"column-1\">DMK Danne Magic Beauty<br \/>\nPiirkonnad: N\u00e4gu, kael, dekoltee 1t 25 min &#8211; 1t 45 min<br \/>\n<\/td><td class=\"column-2\">100,00<\/td>\n<\/tr>\n<tr class=\"row-3 odd\">\n\t<td class=\"column-1\">DMK Danne Super Lift<br \/>\nPiirkonnad: N\u00e4gu, kael, dekoltee 1t 25 min &#8211; 1t 45 min<\/td><td class=\"column-2\">90,00<\/td>\n<\/tr>\n<tr class=\"row-4 even\">\n\t<td class=\"column-1\">DMK Danne Personal Selection<br \/>\nPiirkonnad: N\u00e4gu, kael, dekoltee 1t 25 min &#8211; 1t 45 min<\/td><td class=\"column-2\">85,00<\/td>\n<\/tr>\n<tr class=\"row-5 odd\">\n\t<td class=\"column-1\">DMK Danne Anti Acne<br \/>\nPiirkonnad: N\u00e4gu, kael, dekoltee 1t 25 min &#8211; 1t 45 min<\/td><td class=\"column-2\">75,00<\/td>\n<\/tr>\n<\/tbody>\n<\/table>\n<!-- #tablepress-170 from cache --><\/p>\t\t\t\t\t\t<\/div>\n\t\t\t\t<\/div>\n\t\t\t\t<div class=\"elementor-element elementor-element-6ad0e51c pp-buttons-halign-center pp-buttons-stack-none elementor-widget elementor-widget-pp-buttons\" data-id=\"6ad0e51c\" data-element_type=\"widget\" data-widget_type=\"pp-buttons.default\">\n\t\t\t\t<div class=\"elementor-widget-container\">\n\t\t\t\t\t<div class=\"pp-buttons-group\">\n\t\t\t\t\t\t\t\t\t\t\t<a href=\"https:\/\/shop.medicest.eu\/et\/product\/ensuumteraapia-dmk-danne\/\" target=\"_blank\" class=\"pp-button elementor-button elementor-size-md elementor-repeater-item-c938c7f \">\n\t\t\t\t\t<div class=\"pp-button-content-wrapper\">\n\t\t\t\t\t\t<span class=\"pp-button-content-inner pp-icon-before\">\n\t\t\t\t\t\t\t\n\t\t\t\t\t\t\t\t<span class=\"pp-button-title\">\n\t\t\t\t\t\t\t\t\tOsta e-poest\t\t\t\t\t\t\t\t<\/span>\n\t\t\t\t\t\t\t\t\t\t\t\t\t<\/span>\n\t\t\t\t\t<\/div>\n\t\t\t\t<\/a>\n\t\t\t\t\t\t\t\t\t\t<\/div>\t\t<\/div>\n\t\t\t\t<\/div>\n\t\t\t\t\t<\/div>\n\t\t<\/div>\n\t\t\t\t\t<\/div>\n\t\t<\/section>\n\t\t\t\t<\/div>\n\t\t","protected":false},"excerpt":{"rendered":"<p>Ens\u00fc\u00fcmteraapia DMK DANNE DMK Danne (USA, California) on kaubam\u00e4rk, mis pakub nahahoolduse ja nahaprobleemide lahendamise terviklikku l\u00e4henemist. Br\u00e4ndi aluseks on ainulaadse koostisega ens\u00fc\u00fcmteraapia, mille koostisained stimuleerivad naharakkude taastumist. Sellel meetodil puuduvad siiani analoogid.\u00a0 DMK sarja kuuluvad veel: eksklusiivsed aluselised, samuti kombineeritud, ens\u00fc\u00fcmkoorijad ja puuviljahappeid sisaldav koorija. DMK s\u00fcsteemil on selge\u2026<\/p>\n<p class=\"continue-reading-button\"> <a class=\"continue-reading-link\" href=\"https:\/\/copy.medicest.eu\/et\/ensuumteraapia-dmk\/\"><i class=\"crycon-right-dir\"><\/i><\/a><\/p>\n","protected":false},"author":1,"featured_media":0,"parent":0,"menu_order":0,"comment_status":"closed","ping_status":"closed","template":"","meta":{"footnotes":""},"class_list":["post-12340","page","type-page","status-publish","hentry"],"yoast_head":"<!-- This site is optimized with the Yoast SEO plugin v23.6 - https:\/\/yoast.com\/wordpress\/plugins\/seo\/ -->\n<title>Ens\u00fc\u00fcmteraapia DMK - Ilukliinik Medic-Esthetic<\/title>\n<meta name=\"robots\" content=\"index, follow, max-snippet:-1, max-image-preview:large, max-video-preview:-1\" \/>\n<link rel=\"canonical\" href=\"https:\/\/copy.medicest.eu\/fermentoterapiya-dmk\/\" \/>\n<meta property=\"og:locale\" content=\"et_EE\" \/>\n<meta property=\"og:type\" content=\"article\" \/>\n<meta property=\"og:title\" content=\"Ens\u00fc\u00fcmteraapia DMK - Ilukliinik Medic-Esthetic\" \/>\n<meta property=\"og:description\" content=\"Ens\u00fc\u00fcmteraapia DMK DANNE DMK Danne (USA, California) on kaubam\u00e4rk, mis pakub nahahoolduse ja nahaprobleemide lahendamise terviklikku l\u00e4henemist. Br\u00e4ndi aluseks on ainulaadse koostisega ens\u00fc\u00fcmteraapia, mille koostisained stimuleerivad naharakkude taastumist. Sellel meetodil puuduvad siiani analoogid.\u00a0 DMK sarja kuuluvad veel: eksklusiivsed aluselised, samuti kombineeritud, ens\u00fc\u00fcmkoorijad ja puuviljahappeid sisaldav koorija. DMK s\u00fcsteemil on selge\u2026\" \/>\n<meta property=\"og:url\" content=\"https:\/\/copy.medicest.eu\/fermentoterapiya-dmk\/\" \/>\n<meta property=\"og:site_name\" content=\"Ilukliinik Medic-Esthetic\" \/>\n<meta property=\"article:modified_time\" content=\"2023-07-04T13:13:26+00:00\" \/>\n<meta property=\"og:image\" content=\"https:\/\/copy.medicest.eu\/wp-content\/uploads\/2023\/06\/dmk-eesti-1024x682.jpg\" \/>\n<meta name=\"twitter:card\" content=\"summary_large_image\" \/>\n<meta name=\"twitter:label1\" content=\"Est. reading time\" \/>\n\t<meta name=\"twitter:data1\" content=\"3 minutit\" \/>\n<script type=\"application\/ld+json\" class=\"yoast-schema-graph\">{\"@context\":\"https:\/\/schema.org\",\"@graph\":[{\"@type\":\"WebPage\",\"@id\":\"https:\/\/copy.medicest.eu\/fermentoterapiya-dmk\/\",\"url\":\"https:\/\/copy.medicest.eu\/fermentoterapiya-dmk\/\",\"name\":\"Ens\u00fc\u00fcmteraapia DMK - Ilukliinik Medic-Esthetic\",\"isPartOf\":{\"@id\":\"https:\/\/copy.medicest.eu\/#website\"},\"primaryImageOfPage\":{\"@id\":\"https:\/\/copy.medicest.eu\/fermentoterapiya-dmk\/#primaryimage\"},\"image\":{\"@id\":\"https:\/\/copy.medicest.eu\/fermentoterapiya-dmk\/#primaryimage\"},\"thumbnailUrl\":\"https:\/\/copy.medicest.eu\/wp-content\/uploads\/2023\/06\/dmk-eesti-1024x682.jpg\",\"datePublished\":\"2023-06-12T10:17:13+00:00\",\"dateModified\":\"2023-07-04T13:13:26+00:00\",\"breadcrumb\":{\"@id\":\"https:\/\/copy.medicest.eu\/fermentoterapiya-dmk\/#breadcrumb\"},\"inLanguage\":\"et\",\"potentialAction\":[{\"@type\":\"ReadAction\",\"target\":[\"https:\/\/copy.medicest.eu\/fermentoterapiya-dmk\/\"]}]},{\"@type\":\"ImageObject\",\"inLanguage\":\"et\",\"@id\":\"https:\/\/copy.medicest.eu\/fermentoterapiya-dmk\/#primaryimage\",\"url\":\"https:\/\/copy.medicest.eu\/wp-content\/uploads\/2023\/06\/dmk-eesti-1024x682.jpg\",\"contentUrl\":\"https:\/\/copy.medicest.eu\/wp-content\/uploads\/2023\/06\/dmk-eesti-1024x682.jpg\"},{\"@type\":\"BreadcrumbList\",\"@id\":\"https:\/\/copy.medicest.eu\/fermentoterapiya-dmk\/#breadcrumb\",\"itemListElement\":[{\"@type\":\"ListItem\",\"position\":1,\"name\":\"Home\",\"item\":\"https:\/\/copy.medicest.eu\/et\/\"},{\"@type\":\"ListItem\",\"position\":2,\"name\":\"Ens\u00fc\u00fcmteraapia DMK\"}]},{\"@type\":\"WebSite\",\"@id\":\"https:\/\/copy.medicest.eu\/#website\",\"url\":\"https:\/\/copy.medicest.eu\/\",\"name\":\"Ilukliinik Medic-Esthetic\",\"description\":\"Beauty &amp; Prestige\",\"potentialAction\":[{\"@type\":\"SearchAction\",\"target\":{\"@type\":\"EntryPoint\",\"urlTemplate\":\"https:\/\/copy.medicest.eu\/?s={search_term_string}\"},\"query-input\":{\"@type\":\"PropertyValueSpecification\",\"valueRequired\":true,\"valueName\":\"search_term_string\"}}],\"inLanguage\":\"et\"}]}<\/script>\n<!-- \/ Yoast SEO plugin. -->","yoast_head_json":{"title":"Ens\u00fc\u00fcmteraapia DMK - Ilukliinik Medic-Esthetic","robots":{"index":"index","follow":"follow","max-snippet":"max-snippet:-1","max-image-preview":"max-image-preview:large","max-video-preview":"max-video-preview:-1"},"canonical":"https:\/\/copy.medicest.eu\/fermentoterapiya-dmk\/","og_locale":"et_EE","og_type":"article","og_title":"Ens\u00fc\u00fcmteraapia DMK - Ilukliinik Medic-Esthetic","og_description":"Ens\u00fc\u00fcmteraapia DMK DANNE DMK Danne (USA, California) on kaubam\u00e4rk, mis pakub nahahoolduse ja nahaprobleemide lahendamise terviklikku l\u00e4henemist. Br\u00e4ndi aluseks on ainulaadse koostisega ens\u00fc\u00fcmteraapia, mille koostisained stimuleerivad naharakkude taastumist. Sellel meetodil puuduvad siiani analoogid.\u00a0 DMK sarja kuuluvad veel: eksklusiivsed aluselised, samuti kombineeritud, ens\u00fc\u00fcmkoorijad ja puuviljahappeid sisaldav koorija. DMK s\u00fcsteemil on selge\u2026","og_url":"https:\/\/copy.medicest.eu\/fermentoterapiya-dmk\/","og_site_name":"Ilukliinik Medic-Esthetic","article_modified_time":"2023-07-04T13:13:26+00:00","og_image":[{"url":"https:\/\/copy.medicest.eu\/wp-content\/uploads\/2023\/06\/dmk-eesti-1024x682.jpg"}],"twitter_card":"summary_large_image","twitter_misc":{"Est. reading time":"3 minutit"},"schema":{"@context":"https:\/\/schema.org","@graph":[{"@type":"WebPage","@id":"https:\/\/copy.medicest.eu\/fermentoterapiya-dmk\/","url":"https:\/\/copy.medicest.eu\/fermentoterapiya-dmk\/","name":"Ens\u00fc\u00fcmteraapia DMK - Ilukliinik Medic-Esthetic","isPartOf":{"@id":"https:\/\/copy.medicest.eu\/#website"},"primaryImageOfPage":{"@id":"https:\/\/copy.medicest.eu\/fermentoterapiya-dmk\/#primaryimage"},"image":{"@id":"https:\/\/copy.medicest.eu\/fermentoterapiya-dmk\/#primaryimage"},"thumbnailUrl":"https:\/\/copy.medicest.eu\/wp-content\/uploads\/2023\/06\/dmk-eesti-1024x682.jpg","datePublished":"2023-06-12T10:17:13+00:00","dateModified":"2023-07-04T13:13:26+00:00","breadcrumb":{"@id":"https:\/\/copy.medicest.eu\/fermentoterapiya-dmk\/#breadcrumb"},"inLanguage":"et","potentialAction":[{"@type":"ReadAction","target":["https:\/\/copy.medicest.eu\/fermentoterapiya-dmk\/"]}]},{"@type":"ImageObject","inLanguage":"et","@id":"https:\/\/copy.medicest.eu\/fermentoterapiya-dmk\/#primaryimage","url":"https:\/\/copy.medicest.eu\/wp-content\/uploads\/2023\/06\/dmk-eesti-1024x682.jpg","contentUrl":"https:\/\/copy.medicest.eu\/wp-content\/uploads\/2023\/06\/dmk-eesti-1024x682.jpg"},{"@type":"BreadcrumbList","@id":"https:\/\/copy.medicest.eu\/fermentoterapiya-dmk\/#breadcrumb","itemListElement":[{"@type":"ListItem","position":1,"name":"Home","item":"https:\/\/copy.medicest.eu\/et\/"},{"@type":"ListItem","position":2,"name":"Ens\u00fc\u00fcmteraapia DMK"}]},{"@type":"WebSite","@id":"https:\/\/copy.medicest.eu\/#website","url":"https:\/\/copy.medicest.eu\/","name":"Ilukliinik Medic-Esthetic","description":"Beauty &amp; Prestige","potentialAction":[{"@type":"SearchAction","target":{"@type":"EntryPoint","urlTemplate":"https:\/\/copy.medicest.eu\/?s={search_term_string}"},"query-input":{"@type":"PropertyValueSpecification","valueRequired":true,"valueName":"search_term_string"}}],"inLanguage":"et"}]}},"_links":{"self":[{"href":"https:\/\/copy.medicest.eu\/et\/wp-json\/wp\/v2\/pages\/12340","targetHints":{"allow":["GET"]}}],"collection":[{"href":"https:\/\/copy.medicest.eu\/et\/wp-json\/wp\/v2\/pages"}],"about":[{"href":"https:\/\/copy.medicest.eu\/et\/wp-json\/wp\/v2\/types\/page"}],"author":[{"embeddable":true,"href":"https:\/\/copy.medicest.eu\/et\/wp-json\/wp\/v2\/users\/1"}],"replies":[{"embeddable":true,"href":"https:\/\/copy.medicest.eu\/et\/wp-json\/wp\/v2\/comments?post=12340"}],"version-history":[{"count":36,"href":"https:\/\/copy.medicest.eu\/et\/wp-json\/wp\/v2\/pages\/12340\/revisions"}],"predecessor-version":[{"id":12548,"href":"https:\/\/copy.medicest.eu\/et\/wp-json\/wp\/v2\/pages\/12340\/revisions\/12548"}],"wp:attachment":[{"href":"https:\/\/copy.medicest.eu\/et\/wp-json\/wp\/v2\/media?parent=12340"}],"curies":[{"name":"wp","href":"https:\/\/api.w.org\/{rel}","templated":true}]}}