{"id":16389,"date":"2024-09-22T09:43:32","date_gmt":"2024-09-22T09:43:32","guid":{"rendered":"https:\/\/copy.medicest.eu\/skidochnye-predlozheniya-na-oktyabr-2024\/"},"modified":"2024-09-22T12:33:50","modified_gmt":"2024-09-22T12:33:50","slug":"sooduspakkumised-oktoobriks-2024","status":"publish","type":"page","link":"https:\/\/copy.medicest.eu\/et\/sooduspakkumised-oktoobriks-2024\/","title":{"rendered":"Sooduspakkumised oktoobriks 2024"},"content":{"rendered":"\t\t<div data-elementor-type=\"wp-page\" data-elementor-id=\"16389\" class=\"elementor elementor-16389 elementor-16312\">\n\t\t\t\t\t\t<section class=\"elementor-section elementor-top-section elementor-element elementor-element-5278a5b2 elementor-section-boxed elementor-section-height-default elementor-section-height-default\" data-id=\"5278a5b2\" data-element_type=\"section\">\n\t\t\t\t\t\t<div class=\"elementor-container elementor-column-gap-default\">\n\t\t\t\t\t<div class=\"elementor-column elementor-col-100 elementor-top-column elementor-element elementor-element-f75b1d2\" data-id=\"f75b1d2\" data-element_type=\"column\">\n\t\t\t<div class=\"elementor-widget-wrap elementor-element-populated\">\n\t\t\t\t\t\t<div class=\"elementor-element elementor-element-8419c57 elementor-widget elementor-widget-heading\" data-id=\"8419c57\" data-element_type=\"widget\" data-widget_type=\"heading.default\">\n\t\t\t\t<div class=\"elementor-widget-container\">\n\t\t\t<h2 class=\"elementor-heading-title elementor-size-default\">Sooduspakkumised<\/h2>\t\t<\/div>\n\t\t\t\t<\/div>\n\t\t\t\t<div class=\"elementor-element elementor-element-5c045ae3 elementor-widget elementor-widget-heading\" data-id=\"5c045ae3\" data-element_type=\"widget\" data-widget_type=\"heading.default\">\n\t\t\t\t<div class=\"elementor-widget-container\">\n\t\t\t<h3 class=\"elementor-heading-title elementor-size-default\">Oktoober 2024<\/h3>\t\t<\/div>\n\t\t\t\t<\/div>\n\t\t\t\t\t<\/div>\n\t\t<\/div>\n\t\t\t\t\t<\/div>\n\t\t<\/section>\n\t\t\t\t<section class=\"elementor-section elementor-top-section elementor-element elementor-element-52c4ff8 elementor-section-boxed elementor-section-height-default elementor-section-height-default\" data-id=\"52c4ff8\" data-element_type=\"section\">\n\t\t\t\t\t\t<div class=\"elementor-container elementor-column-gap-default\">\n\t\t\t\t\t<div class=\"elementor-column elementor-col-100 elementor-top-column elementor-element elementor-element-a24c8b9\" data-id=\"a24c8b9\" data-element_type=\"column\">\n\t\t\t<div class=\"elementor-widget-wrap elementor-element-populated\">\n\t\t\t\t\t\t<div class=\"elementor-element elementor-element-161af5c elementor-widget-divider--view-line elementor-widget elementor-widget-divider\" data-id=\"161af5c\" data-element_type=\"widget\" data-widget_type=\"divider.default\">\n\t\t\t\t<div class=\"elementor-widget-container\">\n\t\t\t\t\t<div class=\"elementor-divider\">\n\t\t\t<span class=\"elementor-divider-separator\">\n\t\t\t\t\t\t<\/span>\n\t\t<\/div>\n\t\t\t\t<\/div>\n\t\t\t\t<\/div>\n\t\t\t\t\t<\/div>\n\t\t<\/div>\n\t\t\t\t\t<\/div>\n\t\t<\/section>\n\t\t\t\t<section class=\"elementor-section elementor-top-section elementor-element elementor-element-6be38c90 elementor-section-boxed elementor-section-height-default elementor-section-height-default\" data-id=\"6be38c90\" data-element_type=\"section\">\n\t\t\t\t\t\t<div class=\"elementor-container elementor-column-gap-default\">\n\t\t\t\t\t<div class=\"elementor-column elementor-col-50 elementor-top-column elementor-element elementor-element-9f514d2\" data-id=\"9f514d2\" data-element_type=\"column\">\n\t\t\t<div class=\"elementor-widget-wrap elementor-element-populated\">\n\t\t\t\t\t\t<div class=\"elementor-element elementor-element-36fea2ae elementor-widget elementor-widget-text-editor\" data-id=\"36fea2ae\" data-element_type=\"widget\" data-widget_type=\"text-editor.default\">\n\t\t\t\t<div class=\"elementor-widget-container\">\n\t\t\t\t\t\t\t<h4><span style=\"color: #ff0000;\"><strong>UUDIS!<\/strong><\/span><\/h4><h3><strong>Mojito nahakoorimine &#8211; H\u00fcdrovaakum puhastus ja piparm\u00fcndi nahakoorimine s\u00e4rava naha jaoks \u00fches protseduuris<\/strong><\/h3><h4><strong><span style=\"color: #ff0000;\"><em>Oktoobris tutvumishind -20%<\/em><\/span><\/strong><\/h4><h3><span style=\"color: #ff0000;\"><strong>N\u00e4gu 68\u20ac<\/strong><\/span><\/h3><p><span style=\"font-weight: 400;\">Tavahind 85\u20ac<\/span><\/p><h3><span style=\"color: #ff0000;\"><strong>N\u00e4gu, kael 80\u20ac<\/strong><\/span><\/h3><p><span style=\"font-weight: 400;\">Tavahind 100\u20ac<\/span><\/p>\t\t\t\t\t\t<\/div>\n\t\t\t\t<\/div>\n\t\t\t\t<section class=\"elementor-section elementor-inner-section elementor-element elementor-element-655d241e elementor-section-boxed elementor-section-height-default elementor-section-height-default\" data-id=\"655d241e\" data-element_type=\"section\">\n\t\t\t\t\t\t<div class=\"elementor-container elementor-column-gap-default\">\n\t\t\t\t\t<div class=\"elementor-column elementor-col-100 elementor-inner-column elementor-element elementor-element-7127d25\" data-id=\"7127d25\" data-element_type=\"column\">\n\t\t\t<div class=\"elementor-widget-wrap elementor-element-populated\">\n\t\t\t\t\t\t<div class=\"elementor-element elementor-element-54a44d1b pp-buttons-halign-left pp-buttons-stack-none elementor-widget elementor-widget-pp-buttons\" data-id=\"54a44d1b\" data-element_type=\"widget\" data-widget_type=\"pp-buttons.default\">\n\t\t\t\t<div class=\"elementor-widget-container\">\n\t\t\t\t\t<div class=\"pp-buttons-group\">\n\t\t\t\t\t\t\t\t\t\t\t<a href=\"https:\/\/copy.medicest.eu\/et\/naohooldus-hydrafacial\/\" target=\"_blank\" class=\"pp-button elementor-button elementor-size-md elementor-repeater-item-c938c7f \">\n\t\t\t\t\t<div class=\"pp-button-content-wrapper\">\n\t\t\t\t\t\t<span class=\"pp-button-content-inner pp-icon-before\">\n\t\t\t\t\t\t\t\n\t\t\t\t\t\t\t\t<span class=\"pp-button-title\">\n\t\t\t\t\t\t\t\t\tLisainfo\t\t\t\t\t\t\t\t<\/span>\n\t\t\t\t\t\t\t\t\t\t\t\t\t<\/span>\n\t\t\t\t\t<\/div>\n\t\t\t\t<\/a>\n\t\t\t\t\t\t\t\t\t\t<\/div>\t\t<\/div>\n\t\t\t\t<\/div>\n\t\t\t\t\t<\/div>\n\t\t<\/div>\n\t\t\t\t\t<\/div>\n\t\t<\/section>\n\t\t\t\t\t<\/div>\n\t\t<\/div>\n\t\t\t\t<div class=\"elementor-column elementor-col-50 elementor-top-column elementor-element elementor-element-6fabc035\" data-id=\"6fabc035\" data-element_type=\"column\">\n\t\t\t<div class=\"elementor-widget-wrap elementor-element-populated\">\n\t\t\t\t\t\t<div class=\"elementor-element elementor-element-5db5f56 elementor-widget elementor-widget-image\" data-id=\"5db5f56\" data-element_type=\"widget\" data-widget_type=\"image.default\">\n\t\t\t\t<div class=\"elementor-widget-container\">\n\t\t\t\t\t\t\t\t\t\t\t\t\t<img fetchpriority=\"high\" decoding=\"async\" width=\"1024\" height=\"498\" src=\"https:\/\/copy.medicest.eu\/wp-content\/uploads\/2024\/09\/HYDRAFACIAL-1024x498.jpg\" class=\"attachment-large size-large wp-image-16321\" alt=\"\" srcset=\"https:\/\/copy.medicest.eu\/wp-content\/uploads\/2024\/09\/HYDRAFACIAL-1024x498.jpg 1024w, https:\/\/copy.medicest.eu\/wp-content\/uploads\/2024\/09\/HYDRAFACIAL-300x146.jpg 300w, https:\/\/copy.medicest.eu\/wp-content\/uploads\/2024\/09\/HYDRAFACIAL-768x373.jpg 768w, https:\/\/copy.medicest.eu\/wp-content\/uploads\/2024\/09\/HYDRAFACIAL-1536x747.jpg 1536w, https:\/\/copy.medicest.eu\/wp-content\/uploads\/2024\/09\/HYDRAFACIAL-150x73.jpg 150w, https:\/\/copy.medicest.eu\/wp-content\/uploads\/2024\/09\/HYDRAFACIAL.jpg 1740w\" sizes=\"(max-width: 1024px) 100vw, 1024px\" \/>\t\t\t\t\t\t\t\t\t\t\t\t\t<\/div>\n\t\t\t\t<\/div>\n\t\t\t\t<div class=\"elementor-element elementor-element-e46eaae elementor-widget elementor-widget-image\" data-id=\"e46eaae\" data-element_type=\"widget\" data-widget_type=\"image.default\">\n\t\t\t\t<div class=\"elementor-widget-container\">\n\t\t\t\t\t\t\t\t\t\t\t\t\t<img decoding=\"async\" width=\"850\" height=\"491\" src=\"https:\/\/copy.medicest.eu\/wp-content\/uploads\/2024\/09\/hydrafacial.jpeg\" class=\"attachment-large size-large wp-image-16416\" alt=\"\" srcset=\"https:\/\/copy.medicest.eu\/wp-content\/uploads\/2024\/09\/hydrafacial.jpeg 850w, https:\/\/copy.medicest.eu\/wp-content\/uploads\/2024\/09\/hydrafacial-300x173.jpeg 300w, https:\/\/copy.medicest.eu\/wp-content\/uploads\/2024\/09\/hydrafacial-768x444.jpeg 768w, https:\/\/copy.medicest.eu\/wp-content\/uploads\/2024\/09\/hydrafacial-150x87.jpeg 150w\" sizes=\"(max-width: 850px) 100vw, 850px\" \/>\t\t\t\t\t\t\t\t\t\t\t\t\t<\/div>\n\t\t\t\t<\/div>\n\t\t\t\t\t<\/div>\n\t\t<\/div>\n\t\t\t\t\t<\/div>\n\t\t<\/section>\n\t\t\t\t<section class=\"elementor-section elementor-top-section elementor-element elementor-element-e2ee8ae elementor-section-boxed elementor-section-height-default elementor-section-height-default\" data-id=\"e2ee8ae\" data-element_type=\"section\">\n\t\t\t\t\t\t<div class=\"elementor-container elementor-column-gap-default\">\n\t\t\t\t\t<div class=\"elementor-column elementor-col-100 elementor-top-column elementor-element elementor-element-d28dadc\" data-id=\"d28dadc\" data-element_type=\"column\">\n\t\t\t<div class=\"elementor-widget-wrap elementor-element-populated\">\n\t\t\t\t\t\t<div class=\"elementor-element elementor-element-94fb1b4 elementor-widget-divider--view-line elementor-widget elementor-widget-divider\" data-id=\"94fb1b4\" data-element_type=\"widget\" data-widget_type=\"divider.default\">\n\t\t\t\t<div class=\"elementor-widget-container\">\n\t\t\t\t\t<div class=\"elementor-divider\">\n\t\t\t<span class=\"elementor-divider-separator\">\n\t\t\t\t\t\t<\/span>\n\t\t<\/div>\n\t\t\t\t<\/div>\n\t\t\t\t<\/div>\n\t\t\t\t\t<\/div>\n\t\t<\/div>\n\t\t\t\t\t<\/div>\n\t\t<\/section>\n\t\t\t\t<section class=\"elementor-section elementor-top-section elementor-element elementor-element-2b76788 elementor-section-boxed elementor-section-height-default elementor-section-height-default\" data-id=\"2b76788\" data-element_type=\"section\">\n\t\t\t\t\t\t<div class=\"elementor-container elementor-column-gap-default\">\n\t\t\t\t\t<div class=\"elementor-column elementor-col-50 elementor-top-column elementor-element elementor-element-de22da0\" data-id=\"de22da0\" data-element_type=\"column\">\n\t\t\t<div class=\"elementor-widget-wrap elementor-element-populated\">\n\t\t\t\t\t\t<div class=\"elementor-element elementor-element-7d415d9 elementor-widget elementor-widget-text-editor\" data-id=\"7d415d9\" data-element_type=\"widget\" data-widget_type=\"text-editor.default\">\n\t\t\t\t<div class=\"elementor-widget-container\">\n\t\t\t\t\t\t\t<h3><span style=\"font-size: 19.425px; color: #ff0000;\"><strong style=\"font-size: 19.425px;\">KINGITUS!<\/strong><\/span><\/h3><h3><strong>Mikroneedleing SkinPen + Mesokokteil kingituseks!<\/strong><\/h3><h4><strong style=\"color: #ff0000; font-size: 23.475px; text-align: inherit;\">Hind 70\u20ac<\/strong><\/h4><p style=\"font-size: 15px; color: #7a7a7a; font-family: Nunito, sans-serif;\"><span style=\"font-size: 15px;\">Tavahind 100\u20ac<\/span><\/p>\t\t\t\t\t\t<\/div>\n\t\t\t\t<\/div>\n\t\t\t\t<section class=\"elementor-section elementor-inner-section elementor-element elementor-element-9e3b8fa elementor-section-boxed elementor-section-height-default elementor-section-height-default\" data-id=\"9e3b8fa\" data-element_type=\"section\">\n\t\t\t\t\t\t<div class=\"elementor-container elementor-column-gap-default\">\n\t\t\t\t\t<div class=\"elementor-column elementor-col-100 elementor-inner-column elementor-element elementor-element-5feaf5f\" data-id=\"5feaf5f\" data-element_type=\"column\">\n\t\t\t<div class=\"elementor-widget-wrap elementor-element-populated\">\n\t\t\t\t\t\t<div class=\"elementor-element elementor-element-ad27a99 pp-buttons-halign-left pp-buttons-stack-none elementor-widget elementor-widget-pp-buttons\" data-id=\"ad27a99\" data-element_type=\"widget\" data-widget_type=\"pp-buttons.default\">\n\t\t\t\t<div class=\"elementor-widget-container\">\n\t\t\t\t\t<div class=\"pp-buttons-group\">\n\t\t\t\t\t\t\t\t\t\t\t<a href=\"https:\/\/copy.medicest.eu\/et\/mikronoelumine-skinpeni-abil\/\" target=\"_blank\" class=\"pp-button elementor-button elementor-size-md elementor-repeater-item-c938c7f \">\n\t\t\t\t\t<div class=\"pp-button-content-wrapper\">\n\t\t\t\t\t\t<span class=\"pp-button-content-inner pp-icon-before\">\n\t\t\t\t\t\t\t\n\t\t\t\t\t\t\t\t<span class=\"pp-button-title\">\n\t\t\t\t\t\t\t\t\tLisainfo\t\t\t\t\t\t\t\t<\/span>\n\t\t\t\t\t\t\t\t\t\t\t\t\t<\/span>\n\t\t\t\t\t<\/div>\n\t\t\t\t<\/a>\n\t\t\t\t\t\t\t\t\t\t<\/div>\t\t<\/div>\n\t\t\t\t<\/div>\n\t\t\t\t\t<\/div>\n\t\t<\/div>\n\t\t\t\t\t<\/div>\n\t\t<\/section>\n\t\t\t\t\t<\/div>\n\t\t<\/div>\n\t\t\t\t<div class=\"elementor-column elementor-col-50 elementor-top-column elementor-element elementor-element-8c511d4\" data-id=\"8c511d4\" data-element_type=\"column\">\n\t\t\t<div class=\"elementor-widget-wrap elementor-element-populated\">\n\t\t\t\t\t\t<div class=\"elementor-element elementor-element-08a1d96 elementor-widget elementor-widget-image\" data-id=\"08a1d96\" data-element_type=\"widget\" data-widget_type=\"image.default\">\n\t\t\t\t<div class=\"elementor-widget-container\">\n\t\t\t\t\t\t\t\t\t\t\t\t\t<img decoding=\"async\" width=\"1024\" height=\"576\" src=\"https:\/\/copy.medicest.eu\/wp-content\/uploads\/2024\/09\/skinpen-1024x576.jpg\" class=\"attachment-large size-large wp-image-16349\" alt=\"\" srcset=\"https:\/\/copy.medicest.eu\/wp-content\/uploads\/2024\/09\/skinpen-1024x576.jpg 1024w, https:\/\/copy.medicest.eu\/wp-content\/uploads\/2024\/09\/skinpen-300x169.jpg 300w, https:\/\/copy.medicest.eu\/wp-content\/uploads\/2024\/09\/skinpen-768x432.jpg 768w, https:\/\/copy.medicest.eu\/wp-content\/uploads\/2024\/09\/skinpen-1536x864.jpg 1536w, https:\/\/copy.medicest.eu\/wp-content\/uploads\/2024\/09\/skinpen-2048x1152.jpg 2048w, https:\/\/copy.medicest.eu\/wp-content\/uploads\/2024\/09\/skinpen-150x84.jpg 150w\" sizes=\"(max-width: 1024px) 100vw, 1024px\" \/>\t\t\t\t\t\t\t\t\t\t\t\t\t<\/div>\n\t\t\t\t<\/div>\n\t\t\t\t\t<\/div>\n\t\t<\/div>\n\t\t\t\t\t<\/div>\n\t\t<\/section>\n\t\t\t\t<section class=\"elementor-section elementor-top-section elementor-element elementor-element-260ee61 elementor-section-boxed elementor-section-height-default elementor-section-height-default\" data-id=\"260ee61\" data-element_type=\"section\">\n\t\t\t\t\t\t<div class=\"elementor-container elementor-column-gap-default\">\n\t\t\t\t\t<div class=\"elementor-column elementor-col-100 elementor-top-column elementor-element elementor-element-4b074f9\" data-id=\"4b074f9\" data-element_type=\"column\">\n\t\t\t<div class=\"elementor-widget-wrap elementor-element-populated\">\n\t\t\t\t\t\t<div class=\"elementor-element elementor-element-0d47483 elementor-widget-divider--view-line elementor-widget elementor-widget-divider\" data-id=\"0d47483\" data-element_type=\"widget\" data-widget_type=\"divider.default\">\n\t\t\t\t<div class=\"elementor-widget-container\">\n\t\t\t\t\t<div class=\"elementor-divider\">\n\t\t\t<span class=\"elementor-divider-separator\">\n\t\t\t\t\t\t<\/span>\n\t\t<\/div>\n\t\t\t\t<\/div>\n\t\t\t\t<\/div>\n\t\t\t\t\t<\/div>\n\t\t<\/div>\n\t\t\t\t\t<\/div>\n\t\t<\/section>\n\t\t\t\t<\/div>\n\t\t","protected":false},"excerpt":{"rendered":"<p>Sooduspakkumised Oktoober 2024 UUDIS! Mojito nahakoorimine &#8211; H\u00fcdrovaakum puhastus ja piparm\u00fcndi nahakoorimine s\u00e4rava naha jaoks \u00fches protseduuris Oktoobris tutvumishind -20% N\u00e4gu 68\u20ac Tavahind 85\u20ac N\u00e4gu, kael 80\u20ac Tavahind 100\u20ac Lisainfo KINGITUS! Mikroneedleing SkinPen + Mesokokteil kingituseks! Hind 70\u20ac Tavahind 100\u20ac Lisainfo<\/p>\n<p class=\"continue-reading-button\"> <a class=\"continue-reading-link\" href=\"https:\/\/copy.medicest.eu\/et\/sooduspakkumised-oktoobriks-2024\/\"><i class=\"crycon-right-dir\"><\/i><\/a><\/p>\n","protected":false},"author":1,"featured_media":0,"parent":0,"menu_order":0,"comment_status":"closed","ping_status":"closed","template":"","meta":{"footnotes":""},"class_list":["post-16389","page","type-page","status-publish","hentry"],"yoast_head":"<!-- This site is optimized with the Yoast SEO plugin v23.6 - https:\/\/yoast.com\/wordpress\/plugins\/seo\/ -->\n<title>Sooduspakkumised oktoobriks 2024 - Ilukliinik Medic-Esthetic<\/title>\n<meta name=\"robots\" content=\"index, follow, max-snippet:-1, max-image-preview:large, max-video-preview:-1\" \/>\n<link rel=\"canonical\" href=\"https:\/\/copy.medicest.eu\/et\/sooduspakkumised-oktoobriks-2024\/\" \/>\n<meta property=\"og:locale\" content=\"et_EE\" \/>\n<meta property=\"og:type\" content=\"article\" \/>\n<meta property=\"og:title\" content=\"Sooduspakkumised oktoobriks 2024 - Ilukliinik Medic-Esthetic\" \/>\n<meta property=\"og:description\" content=\"Sooduspakkumised Oktoober 2024 UUDIS! Mojito nahakoorimine &#8211; H\u00fcdrovaakum puhastus ja piparm\u00fcndi nahakoorimine s\u00e4rava naha jaoks \u00fches protseduuris Oktoobris tutvumishind -20% N\u00e4gu 68\u20ac Tavahind 85\u20ac N\u00e4gu, kael 80\u20ac Tavahind 100\u20ac Lisainfo KINGITUS! Mikroneedleing SkinPen + Mesokokteil kingituseks! Hind 70\u20ac Tavahind 100\u20ac Lisainfo\" \/>\n<meta property=\"og:url\" content=\"https:\/\/copy.medicest.eu\/et\/sooduspakkumised-oktoobriks-2024\/\" \/>\n<meta property=\"og:site_name\" content=\"Ilukliinik Medic-Esthetic\" \/>\n<meta property=\"article:modified_time\" content=\"2024-09-22T12:33:50+00:00\" \/>\n<meta property=\"og:image\" content=\"https:\/\/copy.medicest.eu\/wp-content\/uploads\/2024\/09\/HYDRAFACIAL-1024x498.jpg\" \/>\n<meta name=\"twitter:card\" content=\"summary_large_image\" \/>\n<meta name=\"twitter:label1\" content=\"Est. reading time\" \/>\n\t<meta name=\"twitter:data1\" content=\"1 minut\" \/>\n<script type=\"application\/ld+json\" class=\"yoast-schema-graph\">{\"@context\":\"https:\/\/schema.org\",\"@graph\":[{\"@type\":\"WebPage\",\"@id\":\"https:\/\/copy.medicest.eu\/et\/sooduspakkumised-oktoobriks-2024\/\",\"url\":\"https:\/\/copy.medicest.eu\/et\/sooduspakkumised-oktoobriks-2024\/\",\"name\":\"Sooduspakkumised oktoobriks 2024 - Ilukliinik Medic-Esthetic\",\"isPartOf\":{\"@id\":\"https:\/\/copy.medicest.eu\/#website\"},\"primaryImageOfPage\":{\"@id\":\"https:\/\/copy.medicest.eu\/et\/sooduspakkumised-oktoobriks-2024\/#primaryimage\"},\"image\":{\"@id\":\"https:\/\/copy.medicest.eu\/et\/sooduspakkumised-oktoobriks-2024\/#primaryimage\"},\"thumbnailUrl\":\"https:\/\/copy.medicest.eu\/wp-content\/uploads\/2024\/09\/HYDRAFACIAL-1024x498.jpg\",\"datePublished\":\"2024-09-22T09:43:32+00:00\",\"dateModified\":\"2024-09-22T12:33:50+00:00\",\"breadcrumb\":{\"@id\":\"https:\/\/copy.medicest.eu\/et\/sooduspakkumised-oktoobriks-2024\/#breadcrumb\"},\"inLanguage\":\"et\",\"potentialAction\":[{\"@type\":\"ReadAction\",\"target\":[\"https:\/\/copy.medicest.eu\/et\/sooduspakkumised-oktoobriks-2024\/\"]}]},{\"@type\":\"ImageObject\",\"inLanguage\":\"et\",\"@id\":\"https:\/\/copy.medicest.eu\/et\/sooduspakkumised-oktoobriks-2024\/#primaryimage\",\"url\":\"https:\/\/copy.medicest.eu\/wp-content\/uploads\/2024\/09\/HYDRAFACIAL-1024x498.jpg\",\"contentUrl\":\"https:\/\/copy.medicest.eu\/wp-content\/uploads\/2024\/09\/HYDRAFACIAL-1024x498.jpg\"},{\"@type\":\"BreadcrumbList\",\"@id\":\"https:\/\/copy.medicest.eu\/et\/sooduspakkumised-oktoobriks-2024\/#breadcrumb\",\"itemListElement\":[{\"@type\":\"ListItem\",\"position\":1,\"name\":\"Home\",\"item\":\"https:\/\/copy.medicest.eu\/et\/\"},{\"@type\":\"ListItem\",\"position\":2,\"name\":\"Sooduspakkumised oktoobriks 2024\"}]},{\"@type\":\"WebSite\",\"@id\":\"https:\/\/copy.medicest.eu\/#website\",\"url\":\"https:\/\/copy.medicest.eu\/\",\"name\":\"Ilukliinik Medic-Esthetic\",\"description\":\"Beauty &amp; Prestige\",\"potentialAction\":[{\"@type\":\"SearchAction\",\"target\":{\"@type\":\"EntryPoint\",\"urlTemplate\":\"https:\/\/copy.medicest.eu\/?s={search_term_string}\"},\"query-input\":{\"@type\":\"PropertyValueSpecification\",\"valueRequired\":true,\"valueName\":\"search_term_string\"}}],\"inLanguage\":\"et\"}]}<\/script>\n<!-- \/ Yoast SEO plugin. -->","yoast_head_json":{"title":"Sooduspakkumised oktoobriks 2024 - Ilukliinik Medic-Esthetic","robots":{"index":"index","follow":"follow","max-snippet":"max-snippet:-1","max-image-preview":"max-image-preview:large","max-video-preview":"max-video-preview:-1"},"canonical":"https:\/\/copy.medicest.eu\/et\/sooduspakkumised-oktoobriks-2024\/","og_locale":"et_EE","og_type":"article","og_title":"Sooduspakkumised oktoobriks 2024 - Ilukliinik Medic-Esthetic","og_description":"Sooduspakkumised Oktoober 2024 UUDIS! Mojito nahakoorimine &#8211; H\u00fcdrovaakum puhastus ja piparm\u00fcndi nahakoorimine s\u00e4rava naha jaoks \u00fches protseduuris Oktoobris tutvumishind -20% N\u00e4gu 68\u20ac Tavahind 85\u20ac N\u00e4gu, kael 80\u20ac Tavahind 100\u20ac Lisainfo KINGITUS! Mikroneedleing SkinPen + Mesokokteil kingituseks! Hind 70\u20ac Tavahind 100\u20ac Lisainfo","og_url":"https:\/\/copy.medicest.eu\/et\/sooduspakkumised-oktoobriks-2024\/","og_site_name":"Ilukliinik Medic-Esthetic","article_modified_time":"2024-09-22T12:33:50+00:00","og_image":[{"url":"https:\/\/copy.medicest.eu\/wp-content\/uploads\/2024\/09\/HYDRAFACIAL-1024x498.jpg"}],"twitter_card":"summary_large_image","twitter_misc":{"Est. reading time":"1 minut"},"schema":{"@context":"https:\/\/schema.org","@graph":[{"@type":"WebPage","@id":"https:\/\/copy.medicest.eu\/et\/sooduspakkumised-oktoobriks-2024\/","url":"https:\/\/copy.medicest.eu\/et\/sooduspakkumised-oktoobriks-2024\/","name":"Sooduspakkumised oktoobriks 2024 - Ilukliinik Medic-Esthetic","isPartOf":{"@id":"https:\/\/copy.medicest.eu\/#website"},"primaryImageOfPage":{"@id":"https:\/\/copy.medicest.eu\/et\/sooduspakkumised-oktoobriks-2024\/#primaryimage"},"image":{"@id":"https:\/\/copy.medicest.eu\/et\/sooduspakkumised-oktoobriks-2024\/#primaryimage"},"thumbnailUrl":"https:\/\/copy.medicest.eu\/wp-content\/uploads\/2024\/09\/HYDRAFACIAL-1024x498.jpg","datePublished":"2024-09-22T09:43:32+00:00","dateModified":"2024-09-22T12:33:50+00:00","breadcrumb":{"@id":"https:\/\/copy.medicest.eu\/et\/sooduspakkumised-oktoobriks-2024\/#breadcrumb"},"inLanguage":"et","potentialAction":[{"@type":"ReadAction","target":["https:\/\/copy.medicest.eu\/et\/sooduspakkumised-oktoobriks-2024\/"]}]},{"@type":"ImageObject","inLanguage":"et","@id":"https:\/\/copy.medicest.eu\/et\/sooduspakkumised-oktoobriks-2024\/#primaryimage","url":"https:\/\/copy.medicest.eu\/wp-content\/uploads\/2024\/09\/HYDRAFACIAL-1024x498.jpg","contentUrl":"https:\/\/copy.medicest.eu\/wp-content\/uploads\/2024\/09\/HYDRAFACIAL-1024x498.jpg"},{"@type":"BreadcrumbList","@id":"https:\/\/copy.medicest.eu\/et\/sooduspakkumised-oktoobriks-2024\/#breadcrumb","itemListElement":[{"@type":"ListItem","position":1,"name":"Home","item":"https:\/\/copy.medicest.eu\/et\/"},{"@type":"ListItem","position":2,"name":"Sooduspakkumised oktoobriks 2024"}]},{"@type":"WebSite","@id":"https:\/\/copy.medicest.eu\/#website","url":"https:\/\/copy.medicest.eu\/","name":"Ilukliinik Medic-Esthetic","description":"Beauty &amp; Prestige","potentialAction":[{"@type":"SearchAction","target":{"@type":"EntryPoint","urlTemplate":"https:\/\/copy.medicest.eu\/?s={search_term_string}"},"query-input":{"@type":"PropertyValueSpecification","valueRequired":true,"valueName":"search_term_string"}}],"inLanguage":"et"}]}},"_links":{"self":[{"href":"https:\/\/copy.medicest.eu\/et\/wp-json\/wp\/v2\/pages\/16389","targetHints":{"allow":["GET"]}}],"collection":[{"href":"https:\/\/copy.medicest.eu\/et\/wp-json\/wp\/v2\/pages"}],"about":[{"href":"https:\/\/copy.medicest.eu\/et\/wp-json\/wp\/v2\/types\/page"}],"author":[{"embeddable":true,"href":"https:\/\/copy.medicest.eu\/et\/wp-json\/wp\/v2\/users\/1"}],"replies":[{"embeddable":true,"href":"https:\/\/copy.medicest.eu\/et\/wp-json\/wp\/v2\/comments?post=16389"}],"version-history":[{"count":28,"href":"https:\/\/copy.medicest.eu\/et\/wp-json\/wp\/v2\/pages\/16389\/revisions"}],"predecessor-version":[{"id":16422,"href":"https:\/\/copy.medicest.eu\/et\/wp-json\/wp\/v2\/pages\/16389\/revisions\/16422"}],"wp:attachment":[{"href":"https:\/\/copy.medicest.eu\/et\/wp-json\/wp\/v2\/media?parent=16389"}],"curies":[{"name":"wp","href":"https:\/\/api.w.org\/{rel}","templated":true}]}}