{"id":4802,"date":"2021-06-30T10:51:30","date_gmt":"2021-06-30T10:51:30","guid":{"rendered":"https:\/\/copy.medicest.eu\/lazernaya-epilyaciya-cocoon-elysion-pro-2\/"},"modified":"2023-10-18T12:10:14","modified_gmt":"2023-10-18T12:10:14","slug":"laserepilatsioon-cocoon-elysion-pro","status":"publish","type":"page","link":"https:\/\/copy.medicest.eu\/et\/laserepilatsioon-cocoon-elysion-pro\/","title":{"rendered":"Laserepilatsioon Cocoon Elysion Pro"},"content":{"rendered":"\t\t<div data-elementor-type=\"wp-page\" data-elementor-id=\"4802\" class=\"elementor elementor-4802 elementor-2517\">\n\t\t\t\t\t\t<section class=\"elementor-section elementor-top-section elementor-element elementor-element-66861891 elementor-section-boxed elementor-section-height-default elementor-section-height-default\" data-id=\"66861891\" data-element_type=\"section\">\n\t\t\t\t\t\t<div class=\"elementor-container elementor-column-gap-default\">\n\t\t\t\t\t<div class=\"elementor-column elementor-col-100 elementor-top-column elementor-element elementor-element-7ec6b314\" data-id=\"7ec6b314\" data-element_type=\"column\">\n\t\t\t<div class=\"elementor-widget-wrap elementor-element-populated\">\n\t\t\t\t\t\t<div class=\"elementor-element elementor-element-43e0daf2 elementor-widget elementor-widget-heading\" data-id=\"43e0daf2\" data-element_type=\"widget\" data-widget_type=\"heading.default\">\n\t\t\t\t<div class=\"elementor-widget-container\">\n\t\t\t<h2 class=\"elementor-heading-title elementor-size-default\">Laserepilatsioon Cocoon Elysion Pro<\/h2>\t\t<\/div>\n\t\t\t\t<\/div>\n\t\t\t\t<div class=\"elementor-element elementor-element-5352db8a elementor-widget elementor-widget-heading\" data-id=\"5352db8a\" data-element_type=\"widget\" data-widget_type=\"heading.default\">\n\t\t\t\t<div class=\"elementor-widget-container\">\n\t\t\t<h3 class=\"elementor-heading-title elementor-size-default\">Suure v\u00f5imsusega dioodlaser Elysion Pro\n<\/h3>\t\t<\/div>\n\t\t\t\t<\/div>\n\t\t\t\t\t<\/div>\n\t\t<\/div>\n\t\t\t\t\t<\/div>\n\t\t<\/section>\n\t\t\t\t<section class=\"elementor-section elementor-top-section elementor-element elementor-element-ff1145f elementor-section-boxed elementor-section-height-default elementor-section-height-default\" data-id=\"ff1145f\" data-element_type=\"section\">\n\t\t\t\t\t\t<div class=\"elementor-container elementor-column-gap-default\">\n\t\t\t\t\t<div class=\"elementor-column elementor-col-66 elementor-top-column elementor-element elementor-element-6acf00b\" data-id=\"6acf00b\" data-element_type=\"column\">\n\t\t\t<div class=\"elementor-widget-wrap elementor-element-populated\">\n\t\t\t\t\t\t<div class=\"elementor-element elementor-element-62a9b7d elementor-widget elementor-widget-text-editor\" data-id=\"62a9b7d\" data-element_type=\"widget\" data-widget_type=\"text-editor.default\">\n\t\t\t\t<div class=\"elementor-widget-container\">\n\t\t\t\t\t\t\t<p>Cocoon Elysion Pro on laserplatvorm, mis v\u00f5imaldab kombineerida erinevaid lainepikkusi \u00fches seadmes, pakkudes universaalset\u00a0 ja individuaalset l\u00e4henemist.<\/p><p>Karva kasvu tekitavate rakkude h\u00e4vimise saavutamiseks edastab dioodlaser Elysion Pro energiat \u00fclil\u00fchikeste impulsside kaudu, t\u00e4nu millele eemaldatakse isegi \u00f5hukesed ja heledad karvad\u00a0 \u00fcmbritsevat kudet soojendamata.<\/p><p>Elysion Pro kasutab eksklusiivset naha jahutamise kontaktis\u00fcsteemi Crystal Freeze, mis hoiab t\u00f6\u00f6pinnal p\u00fcsivat 4\u20136 \u00baC temperatuuri, v\u00e4hendades sellega nahal ebameeldivat tunnet karvade eemaldamise ajal.<\/p><p>Sobib k\u00f5ikidele naha foto t\u00fc\u00fcpidele, sealhulgas p\u00e4evitunud nahale. Seet\u00f5ttu sobib laseriga karvade eemaldamise seansse Elysion Pro seadmega teha ka suvel.<\/p>\t\t\t\t\t\t<\/div>\n\t\t\t\t<\/div>\n\t\t\t\t<div class=\"elementor-element elementor-element-b232bb0 elementor-widget elementor-widget-image\" data-id=\"b232bb0\" data-element_type=\"widget\" data-widget_type=\"image.default\">\n\t\t\t\t<div class=\"elementor-widget-container\">\n\t\t\t\t\t\t\t\t\t\t\t\t\t<img fetchpriority=\"high\" decoding=\"async\" width=\"1024\" height=\"377\" src=\"https:\/\/copy.medicest.eu\/wp-content\/uploads\/2021\/06\/Elysion-banner-medlaser-1024x377.jpg\" class=\"attachment-large size-large wp-image-7961\" alt=\"\" srcset=\"https:\/\/copy.medicest.eu\/wp-content\/uploads\/2021\/06\/Elysion-banner-medlaser-1024x377.jpg 1024w, https:\/\/copy.medicest.eu\/wp-content\/uploads\/2021\/06\/Elysion-banner-medlaser-300x111.jpg 300w, https:\/\/copy.medicest.eu\/wp-content\/uploads\/2021\/06\/Elysion-banner-medlaser-768x283.jpg 768w, https:\/\/copy.medicest.eu\/wp-content\/uploads\/2021\/06\/Elysion-banner-medlaser-1536x566.jpg 1536w, https:\/\/copy.medicest.eu\/wp-content\/uploads\/2021\/06\/Elysion-banner-medlaser-150x55.jpg 150w, https:\/\/copy.medicest.eu\/wp-content\/uploads\/2021\/06\/Elysion-banner-medlaser.jpg 1900w\" sizes=\"(max-width: 1024px) 100vw, 1024px\" \/>\t\t\t\t\t\t\t\t\t\t\t\t\t<\/div>\n\t\t\t\t<\/div>\n\t\t\t\t\t<\/div>\n\t\t<\/div>\n\t\t\t\t<div class=\"elementor-column elementor-col-33 elementor-top-column elementor-element elementor-element-6819e91\" data-id=\"6819e91\" data-element_type=\"column\">\n\t\t\t<div class=\"elementor-widget-wrap elementor-element-populated\">\n\t\t\t\t\t\t<div class=\"elementor-element elementor-element-fcd6fb5 elementor-widget elementor-widget-image\" data-id=\"fcd6fb5\" data-element_type=\"widget\" data-widget_type=\"image.default\">\n\t\t\t\t<div class=\"elementor-widget-container\">\n\t\t\t\t\t\t\t\t\t\t\t\t\t<img decoding=\"async\" width=\"875\" height=\"872\" src=\"https:\/\/copy.medicest.eu\/wp-content\/uploads\/2021\/06\/usp_elysion-pro.jpg\" class=\"attachment-large size-large wp-image-4803\" alt=\"\" srcset=\"https:\/\/copy.medicest.eu\/wp-content\/uploads\/2021\/06\/usp_elysion-pro.jpg 875w, https:\/\/copy.medicest.eu\/wp-content\/uploads\/2021\/06\/usp_elysion-pro-300x300.jpg 300w, https:\/\/copy.medicest.eu\/wp-content\/uploads\/2021\/06\/usp_elysion-pro-768x765.jpg 768w, https:\/\/copy.medicest.eu\/wp-content\/uploads\/2021\/06\/usp_elysion-pro-150x150.jpg 150w\" sizes=\"(max-width: 875px) 100vw, 875px\" \/>\t\t\t\t\t\t\t\t\t\t\t\t\t<\/div>\n\t\t\t\t<\/div>\n\t\t\t\t\t<\/div>\n\t\t<\/div>\n\t\t\t\t\t<\/div>\n\t\t<\/section>\n\t\t\t\t<section class=\"elementor-section elementor-top-section elementor-element elementor-element-869379b elementor-section-boxed elementor-section-height-default elementor-section-height-default\" data-id=\"869379b\" data-element_type=\"section\">\n\t\t\t\t\t\t<div class=\"elementor-container elementor-column-gap-default\">\n\t\t\t\t\t<div class=\"elementor-column elementor-col-50 elementor-top-column elementor-element elementor-element-617557a\" data-id=\"617557a\" data-element_type=\"column\">\n\t\t\t<div class=\"elementor-widget-wrap elementor-element-populated\">\n\t\t\t\t\t\t<div class=\"elementor-element elementor-element-4c2c01c elementor-widget elementor-widget-text-editor\" data-id=\"4c2c01c\" data-element_type=\"widget\" data-widget_type=\"text-editor.default\">\n\t\t\t\t<div class=\"elementor-widget-container\">\n\t\t\t\t\t\t\t<h4><b>Enne protseduuri<\/b><\/h4><p>Enamasti ei ole enne laserepilatsiooni protseduuri erilisi samme vaja, kuid maksimaalse tulemuse saavutamiseks soovitame j\u00e4rgida neid lihtsaid reegleid:<\/p><ul><li aria-level=\"1\">2 n\u00e4dalat enne protseduuri tuleb v\u00e4ltida randa ja solaariumi k\u00fclastamist<\/li><li aria-level=\"1\">2-4 n\u00e4dalat enne laserepilatsiooni kuuri algust peaksite l\u00f5petama juuste v\u00e4ljat\u00f5mbamise mis tahes viisil (vaha, \u0161ugaring, pintsetid, mehaaniline epilaator jne)<\/li><li aria-level=\"1\">1 p\u00e4ev enne protseduuri v\u00f5i meie keskuse k\u00fclastamise p\u00e4eval raseerige karvu tavalise raseerijaga, kuna laserprotseduur viiakse l\u00e4bi ainult siledale nahale<\/li><li aria-level=\"1\">Vahetult enne protseduuri puhasta nahk nendel kehapiirkondadel, kus toimub laserepilatsioon- pole vaja kasutada deodoranti, jumestuskreemi jms<\/li><\/ul>\t\t\t\t\t\t<\/div>\n\t\t\t\t<\/div>\n\t\t\t\t\t<\/div>\n\t\t<\/div>\n\t\t\t\t<div class=\"elementor-column elementor-col-50 elementor-top-column elementor-element elementor-element-b5e471c\" data-id=\"b5e471c\" data-element_type=\"column\">\n\t\t\t<div class=\"elementor-widget-wrap elementor-element-populated\">\n\t\t\t\t\t\t<div class=\"elementor-element elementor-element-9a5f0b8 elementor-widget elementor-widget-text-editor\" data-id=\"9a5f0b8\" data-element_type=\"widget\" data-widget_type=\"text-editor.default\">\n\t\t\t\t<div class=\"elementor-widget-container\">\n\t\t\t\t\t\t\t<h4><b>P\u00e4rast protseduuri<\/b><\/h4><p>P\u00e4rast epilatsiooni protseduuri dioodlaseriga nahk vajab taastumisperioodi, seega palun:<\/p><ul><li aria-level=\"1\">Kui protseduur oli n\u00e4ol, siis v\u00e4ltige n\u00e4o s\u00fcgavat piilingut<\/li><li aria-level=\"1\">\u00c4rge kasutage karvade eemaldamise protseduure, mis on seotud karvade eemaldamisega juurest (vaha, pintsetid, suhkur v\u00f5i mehaaniline epilaator)<\/li><li aria-level=\"1\">P\u00fc\u00fcdke mitte p\u00e4evitada p\u00e4ikese k\u00e4es v\u00f5i solaariumis 2 n\u00e4dala jooksul<\/li><\/ul>\t\t\t\t\t\t<\/div>\n\t\t\t\t<\/div>\n\t\t\t\t\t<\/div>\n\t\t<\/div>\n\t\t\t\t\t<\/div>\n\t\t<\/section>\n\t\t\t\t<section class=\"elementor-section elementor-top-section elementor-element elementor-element-3a6a478 elementor-section-boxed elementor-section-height-default elementor-section-height-default\" data-id=\"3a6a478\" data-element_type=\"section\">\n\t\t\t\t\t\t<div class=\"elementor-container elementor-column-gap-default\">\n\t\t\t\t\t<div class=\"elementor-column elementor-col-50 elementor-top-column elementor-element elementor-element-f5ea3cb\" data-id=\"f5ea3cb\" data-element_type=\"column\">\n\t\t\t<div class=\"elementor-widget-wrap elementor-element-populated\">\n\t\t\t\t\t\t<div class=\"elementor-element elementor-element-25018b6 elementor-widget elementor-widget-image\" data-id=\"25018b6\" data-element_type=\"widget\" data-widget_type=\"image.default\">\n\t\t\t\t<div class=\"elementor-widget-container\">\n\t\t\t\t\t\t\t\t\t\t\t\t\t<img decoding=\"async\" width=\"721\" height=\"1024\" src=\"https:\/\/copy.medicest.eu\/wp-content\/uploads\/2022\/03\/Elysion-Brochure_1-721x1024-1.jpg\" class=\"attachment-large size-large wp-image-7440\" alt=\"\" srcset=\"https:\/\/copy.medicest.eu\/wp-content\/uploads\/2022\/03\/Elysion-Brochure_1-721x1024-1.jpg 721w, https:\/\/copy.medicest.eu\/wp-content\/uploads\/2022\/03\/Elysion-Brochure_1-721x1024-1-211x300.jpg 211w, https:\/\/copy.medicest.eu\/wp-content\/uploads\/2022\/03\/Elysion-Brochure_1-721x1024-1-106x150.jpg 106w\" sizes=\"(max-width: 721px) 100vw, 721px\" \/>\t\t\t\t\t\t\t\t\t\t\t\t\t<\/div>\n\t\t\t\t<\/div>\n\t\t\t\t\t<\/div>\n\t\t<\/div>\n\t\t\t\t<div class=\"elementor-column elementor-col-50 elementor-top-column elementor-element elementor-element-6951824\" data-id=\"6951824\" data-element_type=\"column\">\n\t\t\t<div class=\"elementor-widget-wrap elementor-element-populated\">\n\t\t\t\t\t\t<div class=\"elementor-element elementor-element-eac34dd elementor-widget elementor-widget-text-editor\" data-id=\"eac34dd\" data-element_type=\"widget\" data-widget_type=\"text-editor.default\">\n\t\t\t\t<div class=\"elementor-widget-container\">\n\t\t\t\t\t\t\t<h4><b>Vastun\u00e4ided<\/b><\/h4><ul><li aria-level=\"1\">rasedus ja imetamine<\/li><li aria-level=\"1\">fotodermatiit<\/li><li aria-level=\"1\">herpese, psoriaasi v\u00f5i keloidsete armide esinemine ravipiirkonnas<\/li><li aria-level=\"1\">karvased s\u00fcnnim\u00e4rgid ravipiirkonnas<\/li><li aria-level=\"1\">v\u00e4ga palju s\u00fcnnim\u00e4rke<\/li><li aria-level=\"1\">vere h\u00fc\u00fcbimish\u00e4ired (leukeemia)<\/li><li aria-level=\"1\">erinevad suhkurt\u00f5ve vormid<\/li><li aria-level=\"1\">onkoloogilised haigused<\/li><li aria-level=\"1\">hormonaalsete ravimite ja m\u00f5nede valuvaigistite kasutamine (n\u00f5uab kohustuslikku konsulteerimist raviarstiga)<\/li><li aria-level=\"1\">epilepsia<\/li><li aria-level=\"1\">teatud t\u00fc\u00fcpi viirushaigused<\/li><li aria-level=\"1\">suurenenud valgustundlikkus<\/li><\/ul>\t\t\t\t\t\t<\/div>\n\t\t\t\t<\/div>\n\t\t\t\t\t<\/div>\n\t\t<\/div>\n\t\t\t\t\t<\/div>\n\t\t<\/section>\n\t\t\t\t<section class=\"elementor-section elementor-top-section elementor-element elementor-element-ac5f3d6 elementor-section-boxed elementor-section-height-default elementor-section-height-default\" data-id=\"ac5f3d6\" data-element_type=\"section\">\n\t\t\t\t\t\t<div class=\"elementor-container elementor-column-gap-default\">\n\t\t\t\t\t<div class=\"elementor-column elementor-col-100 elementor-top-column elementor-element elementor-element-9fa3e7e\" data-id=\"9fa3e7e\" data-element_type=\"column\">\n\t\t\t<div class=\"elementor-widget-wrap elementor-element-populated\">\n\t\t\t\t\t\t<div class=\"elementor-element elementor-element-7badbc5 elementor-widget elementor-widget-video\" data-id=\"7badbc5\" data-element_type=\"widget\" data-settings=\"{&quot;youtube_url&quot;:&quot;https:\\\/\\\/youtu.be\\\/J_Vz3gplFxc&quot;,&quot;video_type&quot;:&quot;youtube&quot;,&quot;controls&quot;:&quot;yes&quot;}\" data-widget_type=\"video.default\">\n\t\t\t\t<div class=\"elementor-widget-container\">\n\t\t\t\t\t<div class=\"elementor-wrapper elementor-open-inline\">\n\t\t\t<div class=\"elementor-video\"><\/div>\t\t<\/div>\n\t\t\t\t<\/div>\n\t\t\t\t<\/div>\n\t\t\t\t\t<\/div>\n\t\t<\/div>\n\t\t\t\t\t<\/div>\n\t\t<\/section>\n\t\t\t\t<section class=\"elementor-section elementor-top-section elementor-element elementor-element-579ebda7 elementor-section-boxed elementor-section-height-default elementor-section-height-default\" data-id=\"579ebda7\" data-element_type=\"section\">\n\t\t\t\t\t\t<div class=\"elementor-container elementor-column-gap-default\">\n\t\t\t\t\t<div class=\"elementor-column elementor-col-100 elementor-top-column elementor-element elementor-element-3685aeca\" data-id=\"3685aeca\" data-element_type=\"column\">\n\t\t\t<div class=\"elementor-widget-wrap elementor-element-populated\">\n\t\t\t\t\t\t<div class=\"elementor-element elementor-element-7cdadf18 elementor-widget elementor-widget-heading\" data-id=\"7cdadf18\" data-element_type=\"widget\" data-widget_type=\"heading.default\">\n\t\t\t\t<div class=\"elementor-widget-container\">\n\t\t\t<h2 class=\"elementor-heading-title elementor-size-default\">Hinnakiri<\/h2>\t\t<\/div>\n\t\t\t\t<\/div>\n\t\t\t\t\t<\/div>\n\t\t<\/div>\n\t\t\t\t\t<\/div>\n\t\t<\/section>\n\t\t\t\t<section class=\"elementor-section elementor-top-section elementor-element elementor-element-be00c6f elementor-section-boxed elementor-section-height-default elementor-section-height-default\" data-id=\"be00c6f\" data-element_type=\"section\">\n\t\t\t\t\t\t<div class=\"elementor-container elementor-column-gap-default\">\n\t\t\t\t\t<div class=\"elementor-column elementor-col-100 elementor-top-column elementor-element elementor-element-e568289\" data-id=\"e568289\" data-element_type=\"column\">\n\t\t\t<div class=\"elementor-widget-wrap elementor-element-populated\">\n\t\t\t\t\t\t<div class=\"elementor-element elementor-element-f2d9898 elementor-widget elementor-widget-text-editor\" data-id=\"f2d9898\" data-element_type=\"widget\" data-widget_type=\"text-editor.default\">\n\t\t\t\t<div class=\"elementor-widget-container\">\n\t\t\t\t\t\t\t<p>\n<table id=\"tablepress-213\" class=\"tablepress tablepress-id-213 tablepress-responsive\">\n<thead>\n<tr class=\"row-1 odd\">\n\t<th class=\"column-1\">Hind \u20ac<\/th><th class=\"column-2\">Piirkond<\/th>\n<\/tr>\n<\/thead>\n<tbody class=\"row-hover\">\n<tr class=\"row-2 even\">\n\t<td class=\"column-1\">Piirkond Mini 35.00\u20ac<\/td><td class=\"column-2\">Bikiini m\u00f6\u00f6da aluspesu joont<br \/>\nKulmud<br \/>\n\u00dclemine huul<br \/>\nNibude piirkond<br \/>\nNaba piirkond<br \/>\nK\u00e4ed<br \/>\nK\u00f5hu joon<br \/>\nNina<br \/>\nL\u00f5ug<br \/>\nJalalabad<br \/>\nS\u00f5rmede falangid<br \/>\nP\u00f5sed<\/td>\n<\/tr>\n<tr class=\"row-3 odd\">\n\t<td class=\"column-1\">Piirkond Midi 55.00\u20ac<\/td><td class=\"column-2\">S\u00fcgavad bikiinid<br \/>\nDekoltee<br \/>\nP\u00f5lved<br \/>\nKaenlaalused<br \/>\nK\u00fc\u00fcnarvars<br \/>\n\u00d5lavars<br \/>\nKael<\/td>\n<\/tr>\n<tr class=\"row-4 even\">\n\t<td class=\"column-1\">Piirkond Maxi 85.00\u20ac<\/td><td class=\"column-2\">Puusad, sealhulgas p\u00f5lved<br \/>\nS\u00e4\u00e4red, sealhulgas p\u00f5lved<br \/>\nPea (juuksed)<br \/>\nK\u00e4ed<br \/>\nSelg<br \/>\nT\u00e4ielik bikiini<br \/>\nTuharad<\/td>\n<\/tr>\n<tr class=\"row-5 odd\">\n\t<td class=\"column-1\">Pakett Multi<\/td><td class=\"column-2\">Piirkond Mini \u0445 5 = 157.50\u20ac (Tavahind 175.00\u20ac)<br \/>\nPiirkond Midi \u0445 5 = 247.50\u20ac (Tavahind 275.00\u20ac)<br \/>\nPiirkond Maxi x 5 = 382.50\u20ac (Tavahind 425.00\u20ac)<br \/>\n<\/td>\n<\/tr>\n<\/tbody>\n<\/table>\n<!-- #tablepress-213 from cache --><\/p>\t\t\t\t\t\t<\/div>\n\t\t\t\t<\/div>\n\t\t\t\t<div class=\"elementor-element elementor-element-2c74e01e pp-buttons-halign-center pp-buttons-stack-none elementor-widget elementor-widget-pp-buttons\" data-id=\"2c74e01e\" data-element_type=\"widget\" data-widget_type=\"pp-buttons.default\">\n\t\t\t\t<div class=\"elementor-widget-container\">\n\t\t\t\t\t<div class=\"pp-buttons-group\">\n\t\t\t\t\t\t\t\t\t\t\t<a href=\"https:\/\/shop.medicest.eu\/et\/product\/laserepilatsioon-naistele-cocoon-elysion-pro\/\" target=\"_blank\" class=\"pp-button elementor-button elementor-size-md elementor-repeater-item-c938c7f \">\n\t\t\t\t\t<div class=\"pp-button-content-wrapper\">\n\t\t\t\t\t\t<span class=\"pp-button-content-inner pp-icon-before\">\n\t\t\t\t\t\t\t\n\t\t\t\t\t\t\t\t<span class=\"pp-button-title\">\n\t\t\t\t\t\t\t\t\tOsta e-poest\t\t\t\t\t\t\t\t<\/span>\n\t\t\t\t\t\t\t\t\t\t\t\t\t<\/span>\n\t\t\t\t\t<\/div>\n\t\t\t\t<\/a>\n\t\t\t\t\t\t\t\t\t\t<\/div>\t\t<\/div>\n\t\t\t\t<\/div>\n\t\t\t\t\t<\/div>\n\t\t<\/div>\n\t\t\t\t\t<\/div>\n\t\t<\/section>\n\t\t\t\t<\/div>\n\t\t","protected":false},"excerpt":{"rendered":"<p>Laserepilatsioon Cocoon Elysion Pro Suure v\u00f5imsusega dioodlaser Elysion Pro Cocoon Elysion Pro on laserplatvorm, mis v\u00f5imaldab kombineerida erinevaid lainepikkusi \u00fches seadmes, pakkudes universaalset\u00a0 ja individuaalset l\u00e4henemist. Karva kasvu tekitavate rakkude h\u00e4vimise saavutamiseks edastab dioodlaser Elysion Pro energiat \u00fclil\u00fchikeste impulsside kaudu, t\u00e4nu millele eemaldatakse isegi \u00f5hukesed ja heledad karvad\u00a0 \u00fcmbritsevat kudet\u2026<\/p>\n<p class=\"continue-reading-button\"> <a class=\"continue-reading-link\" href=\"https:\/\/copy.medicest.eu\/et\/laserepilatsioon-cocoon-elysion-pro\/\"><i class=\"crycon-right-dir\"><\/i><\/a><\/p>\n","protected":false},"author":1,"featured_media":0,"parent":0,"menu_order":0,"comment_status":"closed","ping_status":"closed","template":"","meta":{"footnotes":""},"class_list":["post-4802","page","type-page","status-publish","hentry"],"yoast_head":"<!-- This site is optimized with the Yoast SEO plugin v23.6 - https:\/\/yoast.com\/wordpress\/plugins\/seo\/ -->\n<title>Laserepilatsioon Cocoon Elysion Pro - Ilukliinik Medic-Esthetic<\/title>\n<meta name=\"robots\" content=\"index, follow, max-snippet:-1, max-image-preview:large, max-video-preview:-1\" \/>\n<link rel=\"canonical\" href=\"https:\/\/copy.medicest.eu\/et\/laserepilatsioon-cocoon-elysion-pro\/\" \/>\n<meta property=\"og:locale\" content=\"et_EE\" \/>\n<meta property=\"og:type\" content=\"article\" \/>\n<meta property=\"og:title\" content=\"Laserepilatsioon Cocoon Elysion Pro - Ilukliinik Medic-Esthetic\" \/>\n<meta property=\"og:description\" content=\"Laserepilatsioon Cocoon Elysion Pro Suure v\u00f5imsusega dioodlaser Elysion Pro Cocoon Elysion Pro on laserplatvorm, mis v\u00f5imaldab kombineerida erinevaid lainepikkusi \u00fches seadmes, pakkudes universaalset\u00a0 ja individuaalset l\u00e4henemist. Karva kasvu tekitavate rakkude h\u00e4vimise saavutamiseks edastab dioodlaser Elysion Pro energiat \u00fclil\u00fchikeste impulsside kaudu, t\u00e4nu millele eemaldatakse isegi \u00f5hukesed ja heledad karvad\u00a0 \u00fcmbritsevat kudet\u2026\" \/>\n<meta property=\"og:url\" content=\"https:\/\/copy.medicest.eu\/et\/laserepilatsioon-cocoon-elysion-pro\/\" \/>\n<meta property=\"og:site_name\" content=\"Ilukliinik Medic-Esthetic\" \/>\n<meta property=\"article:modified_time\" content=\"2023-10-18T12:10:14+00:00\" \/>\n<meta property=\"og:image\" content=\"https:\/\/copy.medicest.eu\/wp-content\/uploads\/2021\/06\/Elysion-banner-medlaser-1024x377.jpg\" \/>\n<meta name=\"twitter:card\" content=\"summary_large_image\" \/>\n<meta name=\"twitter:label1\" content=\"Est. reading time\" \/>\n\t<meta name=\"twitter:data1\" content=\"3 minutit\" \/>\n<script type=\"application\/ld+json\" class=\"yoast-schema-graph\">{\"@context\":\"https:\/\/schema.org\",\"@graph\":[{\"@type\":\"WebPage\",\"@id\":\"https:\/\/copy.medicest.eu\/et\/laserepilatsioon-cocoon-elysion-pro\/\",\"url\":\"https:\/\/copy.medicest.eu\/et\/laserepilatsioon-cocoon-elysion-pro\/\",\"name\":\"Laserepilatsioon Cocoon Elysion Pro - Ilukliinik Medic-Esthetic\",\"isPartOf\":{\"@id\":\"https:\/\/copy.medicest.eu\/#website\"},\"primaryImageOfPage\":{\"@id\":\"https:\/\/copy.medicest.eu\/et\/laserepilatsioon-cocoon-elysion-pro\/#primaryimage\"},\"image\":{\"@id\":\"https:\/\/copy.medicest.eu\/et\/laserepilatsioon-cocoon-elysion-pro\/#primaryimage\"},\"thumbnailUrl\":\"https:\/\/copy.medicest.eu\/wp-content\/uploads\/2021\/06\/Elysion-banner-medlaser-1024x377.jpg\",\"datePublished\":\"2021-06-30T10:51:30+00:00\",\"dateModified\":\"2023-10-18T12:10:14+00:00\",\"breadcrumb\":{\"@id\":\"https:\/\/copy.medicest.eu\/et\/laserepilatsioon-cocoon-elysion-pro\/#breadcrumb\"},\"inLanguage\":\"et\",\"potentialAction\":[{\"@type\":\"ReadAction\",\"target\":[\"https:\/\/copy.medicest.eu\/et\/laserepilatsioon-cocoon-elysion-pro\/\"]}]},{\"@type\":\"ImageObject\",\"inLanguage\":\"et\",\"@id\":\"https:\/\/copy.medicest.eu\/et\/laserepilatsioon-cocoon-elysion-pro\/#primaryimage\",\"url\":\"https:\/\/copy.medicest.eu\/wp-content\/uploads\/2021\/06\/Elysion-banner-medlaser-1024x377.jpg\",\"contentUrl\":\"https:\/\/copy.medicest.eu\/wp-content\/uploads\/2021\/06\/Elysion-banner-medlaser-1024x377.jpg\"},{\"@type\":\"BreadcrumbList\",\"@id\":\"https:\/\/copy.medicest.eu\/et\/laserepilatsioon-cocoon-elysion-pro\/#breadcrumb\",\"itemListElement\":[{\"@type\":\"ListItem\",\"position\":1,\"name\":\"Home\",\"item\":\"https:\/\/copy.medicest.eu\/et\/\"},{\"@type\":\"ListItem\",\"position\":2,\"name\":\"Laserepilatsioon Cocoon Elysion Pro\"}]},{\"@type\":\"WebSite\",\"@id\":\"https:\/\/copy.medicest.eu\/#website\",\"url\":\"https:\/\/copy.medicest.eu\/\",\"name\":\"Ilukliinik Medic-Esthetic\",\"description\":\"Beauty &amp; Prestige\",\"potentialAction\":[{\"@type\":\"SearchAction\",\"target\":{\"@type\":\"EntryPoint\",\"urlTemplate\":\"https:\/\/copy.medicest.eu\/?s={search_term_string}\"},\"query-input\":{\"@type\":\"PropertyValueSpecification\",\"valueRequired\":true,\"valueName\":\"search_term_string\"}}],\"inLanguage\":\"et\"}]}<\/script>\n<!-- \/ Yoast SEO plugin. -->","yoast_head_json":{"title":"Laserepilatsioon Cocoon Elysion Pro - Ilukliinik Medic-Esthetic","robots":{"index":"index","follow":"follow","max-snippet":"max-snippet:-1","max-image-preview":"max-image-preview:large","max-video-preview":"max-video-preview:-1"},"canonical":"https:\/\/copy.medicest.eu\/et\/laserepilatsioon-cocoon-elysion-pro\/","og_locale":"et_EE","og_type":"article","og_title":"Laserepilatsioon Cocoon Elysion Pro - Ilukliinik Medic-Esthetic","og_description":"Laserepilatsioon Cocoon Elysion Pro Suure v\u00f5imsusega dioodlaser Elysion Pro Cocoon Elysion Pro on laserplatvorm, mis v\u00f5imaldab kombineerida erinevaid lainepikkusi \u00fches seadmes, pakkudes universaalset\u00a0 ja individuaalset l\u00e4henemist. Karva kasvu tekitavate rakkude h\u00e4vimise saavutamiseks edastab dioodlaser Elysion Pro energiat \u00fclil\u00fchikeste impulsside kaudu, t\u00e4nu millele eemaldatakse isegi \u00f5hukesed ja heledad karvad\u00a0 \u00fcmbritsevat kudet\u2026","og_url":"https:\/\/copy.medicest.eu\/et\/laserepilatsioon-cocoon-elysion-pro\/","og_site_name":"Ilukliinik Medic-Esthetic","article_modified_time":"2023-10-18T12:10:14+00:00","og_image":[{"url":"https:\/\/copy.medicest.eu\/wp-content\/uploads\/2021\/06\/Elysion-banner-medlaser-1024x377.jpg"}],"twitter_card":"summary_large_image","twitter_misc":{"Est. reading time":"3 minutit"},"schema":{"@context":"https:\/\/schema.org","@graph":[{"@type":"WebPage","@id":"https:\/\/copy.medicest.eu\/et\/laserepilatsioon-cocoon-elysion-pro\/","url":"https:\/\/copy.medicest.eu\/et\/laserepilatsioon-cocoon-elysion-pro\/","name":"Laserepilatsioon Cocoon Elysion Pro - Ilukliinik Medic-Esthetic","isPartOf":{"@id":"https:\/\/copy.medicest.eu\/#website"},"primaryImageOfPage":{"@id":"https:\/\/copy.medicest.eu\/et\/laserepilatsioon-cocoon-elysion-pro\/#primaryimage"},"image":{"@id":"https:\/\/copy.medicest.eu\/et\/laserepilatsioon-cocoon-elysion-pro\/#primaryimage"},"thumbnailUrl":"https:\/\/copy.medicest.eu\/wp-content\/uploads\/2021\/06\/Elysion-banner-medlaser-1024x377.jpg","datePublished":"2021-06-30T10:51:30+00:00","dateModified":"2023-10-18T12:10:14+00:00","breadcrumb":{"@id":"https:\/\/copy.medicest.eu\/et\/laserepilatsioon-cocoon-elysion-pro\/#breadcrumb"},"inLanguage":"et","potentialAction":[{"@type":"ReadAction","target":["https:\/\/copy.medicest.eu\/et\/laserepilatsioon-cocoon-elysion-pro\/"]}]},{"@type":"ImageObject","inLanguage":"et","@id":"https:\/\/copy.medicest.eu\/et\/laserepilatsioon-cocoon-elysion-pro\/#primaryimage","url":"https:\/\/copy.medicest.eu\/wp-content\/uploads\/2021\/06\/Elysion-banner-medlaser-1024x377.jpg","contentUrl":"https:\/\/copy.medicest.eu\/wp-content\/uploads\/2021\/06\/Elysion-banner-medlaser-1024x377.jpg"},{"@type":"BreadcrumbList","@id":"https:\/\/copy.medicest.eu\/et\/laserepilatsioon-cocoon-elysion-pro\/#breadcrumb","itemListElement":[{"@type":"ListItem","position":1,"name":"Home","item":"https:\/\/copy.medicest.eu\/et\/"},{"@type":"ListItem","position":2,"name":"Laserepilatsioon Cocoon Elysion Pro"}]},{"@type":"WebSite","@id":"https:\/\/copy.medicest.eu\/#website","url":"https:\/\/copy.medicest.eu\/","name":"Ilukliinik Medic-Esthetic","description":"Beauty &amp; Prestige","potentialAction":[{"@type":"SearchAction","target":{"@type":"EntryPoint","urlTemplate":"https:\/\/copy.medicest.eu\/?s={search_term_string}"},"query-input":{"@type":"PropertyValueSpecification","valueRequired":true,"valueName":"search_term_string"}}],"inLanguage":"et"}]}},"_links":{"self":[{"href":"https:\/\/copy.medicest.eu\/et\/wp-json\/wp\/v2\/pages\/4802","targetHints":{"allow":["GET"]}}],"collection":[{"href":"https:\/\/copy.medicest.eu\/et\/wp-json\/wp\/v2\/pages"}],"about":[{"href":"https:\/\/copy.medicest.eu\/et\/wp-json\/wp\/v2\/types\/page"}],"author":[{"embeddable":true,"href":"https:\/\/copy.medicest.eu\/et\/wp-json\/wp\/v2\/users\/1"}],"replies":[{"embeddable":true,"href":"https:\/\/copy.medicest.eu\/et\/wp-json\/wp\/v2\/comments?post=4802"}],"version-history":[{"count":43,"href":"https:\/\/copy.medicest.eu\/et\/wp-json\/wp\/v2\/pages\/4802\/revisions"}],"predecessor-version":[{"id":14675,"href":"https:\/\/copy.medicest.eu\/et\/wp-json\/wp\/v2\/pages\/4802\/revisions\/14675"}],"wp:attachment":[{"href":"https:\/\/copy.medicest.eu\/et\/wp-json\/wp\/v2\/media?parent=4802"}],"curies":[{"name":"wp","href":"https:\/\/api.w.org\/{rel}","templated":true}]}}