{"id":4841,"date":"2021-10-07T12:10:40","date_gmt":"2021-10-07T12:10:40","guid":{"rendered":"https:\/\/copy.medicest.eu\/vakuumnyj-gidropiling-hydrafacial\/"},"modified":"2023-12-07T15:10:14","modified_gmt":"2023-12-07T15:10:14","slug":"naohooldus-hydrafacial","status":"publish","type":"page","link":"https:\/\/copy.medicest.eu\/et\/naohooldus-hydrafacial\/","title":{"rendered":"N\u00e4ohooldus HydraFacial"},"content":{"rendered":"\t\t<div data-elementor-type=\"wp-page\" data-elementor-id=\"4841\" class=\"elementor elementor-4841 elementor-3927\">\n\t\t\t\t\t\t<section class=\"elementor-section elementor-top-section elementor-element elementor-element-54c9f527 elementor-section-boxed elementor-section-height-default elementor-section-height-default\" data-id=\"54c9f527\" data-element_type=\"section\">\n\t\t\t\t\t\t<div class=\"elementor-container elementor-column-gap-default\">\n\t\t\t\t\t<div class=\"elementor-column elementor-col-100 elementor-top-column elementor-element elementor-element-90b384b\" data-id=\"90b384b\" data-element_type=\"column\">\n\t\t\t<div class=\"elementor-widget-wrap elementor-element-populated\">\n\t\t\t\t\t\t<div class=\"elementor-element elementor-element-2bb62c46 elementor-widget elementor-widget-heading\" data-id=\"2bb62c46\" data-element_type=\"widget\" data-widget_type=\"heading.default\">\n\t\t\t\t<div class=\"elementor-widget-container\">\n\t\t\t<h2 class=\"elementor-heading-title elementor-size-default\">N\u00e4ohooldus HydraFacial<\/h2>\t\t<\/div>\n\t\t\t\t<\/div>\n\t\t\t\t<div class=\"elementor-element elementor-element-19c7d3f3 elementor-widget elementor-widget-heading\" data-id=\"19c7d3f3\" data-element_type=\"widget\" data-widget_type=\"heading.default\">\n\t\t\t\t<div class=\"elementor-widget-container\">\n\t\t\t<h3 class=\"elementor-heading-title elementor-size-default\">Uus nahahoolduse kontseptsioon\n<\/h3>\t\t<\/div>\n\t\t\t\t<\/div>\n\t\t\t\t\t<\/div>\n\t\t<\/div>\n\t\t\t\t\t<\/div>\n\t\t<\/section>\n\t\t\t\t<section class=\"elementor-section elementor-top-section elementor-element elementor-element-a0f630b elementor-section-boxed elementor-section-height-default elementor-section-height-default\" data-id=\"a0f630b\" data-element_type=\"section\">\n\t\t\t\t\t\t<div class=\"elementor-container elementor-column-gap-default\">\n\t\t\t\t\t<div class=\"elementor-column elementor-col-33 elementor-top-column elementor-element elementor-element-4c8a03c\" data-id=\"4c8a03c\" data-element_type=\"column\">\n\t\t\t<div class=\"elementor-widget-wrap elementor-element-populated\">\n\t\t\t\t\t\t<div class=\"elementor-element elementor-element-ddb2d7c elementor-widget elementor-widget-image\" data-id=\"ddb2d7c\" data-element_type=\"widget\" data-widget_type=\"image.default\">\n\t\t\t\t<div class=\"elementor-widget-container\">\n\t\t\t\t\t\t\t\t\t\t\t\t\t<img fetchpriority=\"high\" decoding=\"async\" width=\"240\" height=\"210\" src=\"https:\/\/copy.medicest.eu\/wp-content\/uploads\/2021\/10\/hydra1.jpg\" class=\"attachment-full size-full wp-image-3939\" alt=\"\" srcset=\"https:\/\/copy.medicest.eu\/wp-content\/uploads\/2021\/10\/hydra1.jpg 240w, https:\/\/copy.medicest.eu\/wp-content\/uploads\/2021\/10\/hydra1-150x131.jpg 150w\" sizes=\"(max-width: 240px) 100vw, 240px\" \/>\t\t\t\t\t\t\t\t\t\t\t\t\t<\/div>\n\t\t\t\t<\/div>\n\t\t\t\t<div class=\"elementor-element elementor-element-ec4d5fe elementor-widget elementor-widget-image\" data-id=\"ec4d5fe\" data-element_type=\"widget\" data-widget_type=\"image.default\">\n\t\t\t\t<div class=\"elementor-widget-container\">\n\t\t\t\t\t\t\t\t\t\t\t\t\t<img decoding=\"async\" width=\"212\" height=\"238\" src=\"https:\/\/copy.medicest.eu\/wp-content\/uploads\/2021\/10\/hydra.jpg\" class=\"attachment-large size-large wp-image-3937\" alt=\"\" srcset=\"https:\/\/copy.medicest.eu\/wp-content\/uploads\/2021\/10\/hydra.jpg 212w, https:\/\/copy.medicest.eu\/wp-content\/uploads\/2021\/10\/hydra-134x150.jpg 134w\" sizes=\"(max-width: 212px) 100vw, 212px\" \/>\t\t\t\t\t\t\t\t\t\t\t\t\t<\/div>\n\t\t\t\t<\/div>\n\t\t\t\t\t<\/div>\n\t\t<\/div>\n\t\t\t\t<div class=\"elementor-column elementor-col-66 elementor-top-column elementor-element elementor-element-045339c\" data-id=\"045339c\" data-element_type=\"column\">\n\t\t\t<div class=\"elementor-widget-wrap elementor-element-populated\">\n\t\t\t\t\t\t<div class=\"elementor-element elementor-element-d62ba10 elementor-widget elementor-widget-heading\" data-id=\"d62ba10\" data-element_type=\"widget\" data-widget_type=\"heading.default\">\n\t\t\t\t<div class=\"elementor-widget-container\">\n\t\t\t<h3 class=\"elementor-heading-title elementor-size-default\">Naha s\u00fcgavpuhastus, intensiivne niisutus \nja vananemisvastane hooldus \u00fche protseduuriga!\n<\/h3>\t\t<\/div>\n\t\t\t\t<\/div>\n\t\t\t\t<div class=\"elementor-element elementor-element-0040455 elementor-widget elementor-widget-text-editor\" data-id=\"0040455\" data-element_type=\"widget\" data-widget_type=\"text-editor.default\">\n\t\t\t\t<div class=\"elementor-widget-container\">\n\t\t\t\t\t\t\t<p>Protseduurid viiakse l\u00e4bi HydraFacial\u00ae aparaadiga, mis \u00fchendab korraga mitut tehnoloogiat.<\/p><p>P\u00e4rast puhastamist ja niisutamist Hydra Peeli pihustitega, k\u00fcllastatakse nahk spetsiaalsete seerumitega, mis sisaldavad vananemisvastaseid ja p\u00f5letikuvastaseid komponente.<\/p><p>Sellisel moel \u00fchendab HydraFacial kolme omavahel\u00a0 t\u00e4iendavat tehnoloogiat: puhastamist, niisutamist, toitmist.<\/p><p>Aparaadikosmetoloogias on h\u00fcdropiiling \u00fcks n\u00f5utavamaid ja tuntumaid meetodeid, t\u00e4nu millele saab kiiresti ja mugavalt eemaldada v\u00e4simuse m\u00e4rke ja nahka puhastada.\u00a0<\/p><p>Vahel kombineeritakse HydraFacial happe v\u00f5i muud t\u00fc\u00fcpi koorijatega, sellisel moel on protseduur veelgi t\u00f5husam.<\/p>\t\t\t\t\t\t<\/div>\n\t\t\t\t<\/div>\n\t\t\t\t\t<\/div>\n\t\t<\/div>\n\t\t\t\t\t<\/div>\n\t\t<\/section>\n\t\t\t\t<section class=\"elementor-section elementor-top-section elementor-element elementor-element-e02500e elementor-section-boxed elementor-section-height-default elementor-section-height-default\" data-id=\"e02500e\" data-element_type=\"section\">\n\t\t\t\t\t\t<div class=\"elementor-container elementor-column-gap-default\">\n\t\t\t\t\t<div class=\"elementor-column elementor-col-100 elementor-top-column elementor-element elementor-element-45d815e\" data-id=\"45d815e\" data-element_type=\"column\">\n\t\t\t<div class=\"elementor-widget-wrap elementor-element-populated\">\n\t\t\t\t\t\t<div class=\"elementor-element elementor-element-2bd30b1 elementor-widget elementor-widget-image\" data-id=\"2bd30b1\" data-element_type=\"widget\" data-widget_type=\"image.default\">\n\t\t\t\t<div class=\"elementor-widget-container\">\n\t\t\t\t\t\t\t\t\t\t\t\t\t<img decoding=\"async\" width=\"720\" height=\"606\" src=\"https:\/\/copy.medicest.eu\/wp-content\/uploads\/2021\/10\/HydraFacial-medicest.jpg\" class=\"attachment-large size-large wp-image-4858\" alt=\"\" srcset=\"https:\/\/copy.medicest.eu\/wp-content\/uploads\/2021\/10\/HydraFacial-medicest.jpg 720w, https:\/\/copy.medicest.eu\/wp-content\/uploads\/2021\/10\/HydraFacial-medicest-300x253.jpg 300w, https:\/\/copy.medicest.eu\/wp-content\/uploads\/2021\/10\/HydraFacial-medicest-150x126.jpg 150w\" sizes=\"(max-width: 720px) 100vw, 720px\" \/>\t\t\t\t\t\t\t\t\t\t\t\t\t<\/div>\n\t\t\t\t<\/div>\n\t\t\t\t\t<\/div>\n\t\t<\/div>\n\t\t\t\t\t<\/div>\n\t\t<\/section>\n\t\t\t\t<section class=\"elementor-section elementor-top-section elementor-element elementor-element-1301dbe elementor-section-boxed elementor-section-height-default elementor-section-height-default\" data-id=\"1301dbe\" data-element_type=\"section\">\n\t\t\t\t\t\t<div class=\"elementor-container elementor-column-gap-default\">\n\t\t\t\t\t<div class=\"elementor-column elementor-col-66 elementor-top-column elementor-element elementor-element-1f0727e\" data-id=\"1f0727e\" data-element_type=\"column\">\n\t\t\t<div class=\"elementor-widget-wrap elementor-element-populated\">\n\t\t\t\t\t\t<div class=\"elementor-element elementor-element-8bdb154 elementor-widget elementor-widget-text-editor\" data-id=\"8bdb154\" data-element_type=\"widget\" data-widget_type=\"text-editor.default\">\n\t\t\t\t<div class=\"elementor-widget-container\">\n\t\t\t\t\t\t\t<p><strong>Seda nahahooldusaparaati kasutatakse j\u00e4rgmiste probleemide lahendamisel:\u00a0<\/strong><\/p><ul><li>Pindmised ja s\u00fcgavad kortsud\u00a0<\/li><li>Komedoonid\u00a0<\/li><li>\u00a0H\u00fcperpigmentatsioon<\/li><li>Ummistunud, laienenud poorid\u00a0<\/li><li>Rasune nahk<\/li><\/ul><p><b>HydraFacial<\/b> on n\u00e4idustatud k\u00f5ikidele patsientide kategooriatele ja vanustele, v\u00e4lja arvatud lastele.\u00a0<\/p><p><b>Soovitatav kuur:\u00a0<\/b><\/p><p>Aktiivselt n\u00e4o eest hoolitsevatele inimestele soovitatakse HydraFaciali teha 5 kuni 10 korda aastas, olenevalt individuaalsetest erip\u00e4rast.<\/p><p>Toetavad protseduurid \u00fcks kord kuus, 2-3 kuuri aastas.<\/p>\t\t\t\t\t\t<\/div>\n\t\t\t\t<\/div>\n\t\t\t\t\t<\/div>\n\t\t<\/div>\n\t\t\t\t<div class=\"elementor-column elementor-col-33 elementor-top-column elementor-element elementor-element-da109af\" data-id=\"da109af\" data-element_type=\"column\" data-settings=\"{&quot;background_background&quot;:&quot;classic&quot;}\">\n\t\t\t<div class=\"elementor-widget-wrap elementor-element-populated\">\n\t\t\t\t\t\t<div class=\"elementor-element elementor-element-baab725 elementor-widget elementor-widget-text-editor\" data-id=\"baab725\" data-element_type=\"widget\" data-widget_type=\"text-editor.default\">\n\t\t\t\t<div class=\"elementor-widget-container\">\n\t\t\t\t\t\t\t<h3>HydraFaciali eelised\u00a0<\/h3><ul><li>tulemus on m\u00e4rgatav juba esimestel minutitel p\u00e4rast protseduuri\u00a0<\/li><li>pikaajaline m\u00f5ju\u00a0<\/li><li>puudub pikk taastumisperiood\u00a0<\/li><li>universaalne igas vanuses ja igale nahat\u00fc\u00fcbile<\/li><li>v\u00e4he vastun\u00e4idustusi<\/li><li>madal t\u00fcsistuste risk<\/li><li>v\u00f5imalus l\u00e4bida seansse olenemata aastaajast<\/li><li>ei tekita ebamugavust<\/li><\/ul>\t\t\t\t\t\t<\/div>\n\t\t\t\t<\/div>\n\t\t\t\t\t<\/div>\n\t\t<\/div>\n\t\t\t\t\t<\/div>\n\t\t<\/section>\n\t\t\t\t<section class=\"elementor-section elementor-top-section elementor-element elementor-element-5ac746b elementor-section-boxed elementor-section-height-default elementor-section-height-default\" data-id=\"5ac746b\" data-element_type=\"section\">\n\t\t\t\t\t\t<div class=\"elementor-container elementor-column-gap-default\">\n\t\t\t\t\t<div class=\"elementor-column elementor-col-50 elementor-top-column elementor-element elementor-element-d814e94\" data-id=\"d814e94\" data-element_type=\"column\">\n\t\t\t<div class=\"elementor-widget-wrap elementor-element-populated\">\n\t\t\t\t\t\t<div class=\"elementor-element elementor-element-213ed48 elementor-widget elementor-widget-video\" data-id=\"213ed48\" data-element_type=\"widget\" data-settings=\"{&quot;youtube_url&quot;:&quot;https:\\\/\\\/www.youtube.com\\\/watch?v=3ZCC7yYAqzo&quot;,&quot;video_type&quot;:&quot;youtube&quot;,&quot;controls&quot;:&quot;yes&quot;}\" data-widget_type=\"video.default\">\n\t\t\t\t<div class=\"elementor-widget-container\">\n\t\t\t\t\t<div class=\"elementor-wrapper elementor-open-inline\">\n\t\t\t<div class=\"elementor-video\"><\/div>\t\t<\/div>\n\t\t\t\t<\/div>\n\t\t\t\t<\/div>\n\t\t\t\t\t<\/div>\n\t\t<\/div>\n\t\t\t\t<div class=\"elementor-column elementor-col-50 elementor-top-column elementor-element elementor-element-dfe0fd9\" data-id=\"dfe0fd9\" data-element_type=\"column\">\n\t\t\t<div class=\"elementor-widget-wrap elementor-element-populated\">\n\t\t\t\t\t\t<div class=\"elementor-element elementor-element-8f037be elementor-widget elementor-widget-video\" data-id=\"8f037be\" data-element_type=\"widget\" data-settings=\"{&quot;youtube_url&quot;:&quot;https:\\\/\\\/www.youtube.com\\\/watch?v=kTZXmvdP7H0&quot;,&quot;video_type&quot;:&quot;youtube&quot;,&quot;controls&quot;:&quot;yes&quot;}\" data-widget_type=\"video.default\">\n\t\t\t\t<div class=\"elementor-widget-container\">\n\t\t\t\t\t<div class=\"elementor-wrapper elementor-open-inline\">\n\t\t\t<div class=\"elementor-video\"><\/div>\t\t<\/div>\n\t\t\t\t<\/div>\n\t\t\t\t<\/div>\n\t\t\t\t\t<\/div>\n\t\t<\/div>\n\t\t\t\t\t<\/div>\n\t\t<\/section>\n\t\t\t\t<section class=\"elementor-section elementor-top-section elementor-element elementor-element-2df01070 elementor-section-boxed elementor-section-height-default elementor-section-height-default\" data-id=\"2df01070\" data-element_type=\"section\">\n\t\t\t\t\t\t<div class=\"elementor-container elementor-column-gap-default\">\n\t\t\t\t\t<div class=\"elementor-column elementor-col-100 elementor-top-column elementor-element elementor-element-4fa21c30\" data-id=\"4fa21c30\" data-element_type=\"column\">\n\t\t\t<div class=\"elementor-widget-wrap elementor-element-populated\">\n\t\t\t\t\t\t<div class=\"elementor-element elementor-element-40a647d5 elementor-widget elementor-widget-heading\" data-id=\"40a647d5\" data-element_type=\"widget\" data-widget_type=\"heading.default\">\n\t\t\t\t<div class=\"elementor-widget-container\">\n\t\t\t<h2 class=\"elementor-heading-title elementor-size-default\">Hinnakiri<\/h2>\t\t<\/div>\n\t\t\t\t<\/div>\n\t\t\t\t<div class=\"elementor-element elementor-element-564ca670 elementor-widget elementor-widget-text-editor\" data-id=\"564ca670\" data-element_type=\"widget\" data-widget_type=\"text-editor.default\">\n\t\t\t\t<div class=\"elementor-widget-container\">\n\t\t\t\t\t\t\t<p>\n<table id=\"tablepress-112\" class=\"tablepress tablepress-id-112 tablepress-responsive\">\n<thead>\n<tr class=\"row-1 odd\">\n\t<th class=\"column-1\">N\u00e4ohooldus HydraFacial <\/th><th class=\"column-2\">Hind \u20ac<\/th>\n<\/tr>\n<\/thead>\n<tbody class=\"row-hover\">\n<tr class=\"row-2 even\">\n\t<td class=\"column-1\">Hydrafacial Express Care 60 min<br \/>\nN\u00e4gu, kael<\/td><td class=\"column-2\">90.00<\/td>\n<\/tr>\n<tr class=\"row-3 odd\">\n\t<td class=\"column-1\">Hydrafacial Full Program Care 60 min<br \/>\nN\u00e4gu, kael<\/td><td class=\"column-2\">120.00<\/td>\n<\/tr>\n<tr class=\"row-4 even\">\n\t<td class=\"column-1\">Hydrafacial Full Program Care 75 min<br \/>\nN\u00e4gu, kael, dekoltee<\/td><td class=\"column-2\">145.00<\/td>\n<\/tr>\n<\/tbody>\n<\/table>\n<!-- #tablepress-112 from cache --><\/p>\t\t\t\t\t\t<\/div>\n\t\t\t\t<\/div>\n\t\t\t\t<div class=\"elementor-element elementor-element-57ed7723 pp-buttons-halign-center pp-buttons-stack-none elementor-widget elementor-widget-pp-buttons\" data-id=\"57ed7723\" data-element_type=\"widget\" data-widget_type=\"pp-buttons.default\">\n\t\t\t\t<div class=\"elementor-widget-container\">\n\t\t\t\t\t<div class=\"pp-buttons-group\">\n\t\t\t\t\t\t\t\t\t\t\t<a href=\"https:\/\/shop.medicest.eu\/et\/product\/naohooldus-hydrafacial\/\" target=\"_blank\" class=\"pp-button elementor-button elementor-size-md elementor-repeater-item-c938c7f \">\n\t\t\t\t\t<div class=\"pp-button-content-wrapper\">\n\t\t\t\t\t\t<span class=\"pp-button-content-inner pp-icon-before\">\n\t\t\t\t\t\t\t\n\t\t\t\t\t\t\t\t<span class=\"pp-button-title\">\n\t\t\t\t\t\t\t\t\tOsta\t\t\t\t\t\t\t\t<\/span>\n\t\t\t\t\t\t\t\t\t\t\t\t\t<\/span>\n\t\t\t\t\t<\/div>\n\t\t\t\t<\/a>\n\t\t\t\t\t\t\t\t\t\t<\/div>\t\t<\/div>\n\t\t\t\t<\/div>\n\t\t\t\t\t<\/div>\n\t\t<\/div>\n\t\t\t\t\t<\/div>\n\t\t<\/section>\n\t\t\t\t<\/div>\n\t\t","protected":false},"excerpt":{"rendered":"<p>N\u00e4ohooldus HydraFacial Uus nahahoolduse kontseptsioon Naha s\u00fcgavpuhastus, intensiivne niisutus ja vananemisvastane hooldus \u00fche protseduuriga! Protseduurid viiakse l\u00e4bi HydraFacial\u00ae aparaadiga, mis \u00fchendab korraga mitut tehnoloogiat. P\u00e4rast puhastamist ja niisutamist Hydra Peeli pihustitega, k\u00fcllastatakse nahk spetsiaalsete seerumitega, mis sisaldavad vananemisvastaseid ja p\u00f5letikuvastaseid komponente. Sellisel moel \u00fchendab HydraFacial kolme omavahel\u00a0 t\u00e4iendavat tehnoloogiat: puhastamist,\u2026<\/p>\n<p class=\"continue-reading-button\"> <a class=\"continue-reading-link\" href=\"https:\/\/copy.medicest.eu\/et\/naohooldus-hydrafacial\/\"><i class=\"crycon-right-dir\"><\/i><\/a><\/p>\n","protected":false},"author":1,"featured_media":0,"parent":0,"menu_order":0,"comment_status":"closed","ping_status":"closed","template":"","meta":{"footnotes":""},"class_list":["post-4841","page","type-page","status-publish","hentry"],"yoast_head":"<!-- This site is optimized with the Yoast SEO plugin v23.6 - https:\/\/yoast.com\/wordpress\/plugins\/seo\/ -->\n<title>N\u00e4ohooldus HydraFacial - Ilukliinik Medic-Esthetic<\/title>\n<meta name=\"robots\" content=\"index, follow, max-snippet:-1, max-image-preview:large, max-video-preview:-1\" \/>\n<link rel=\"canonical\" href=\"https:\/\/copy.medicest.eu\/vakuumnyj-gidropiling-hydrafacial\/\" \/>\n<meta property=\"og:locale\" content=\"et_EE\" \/>\n<meta property=\"og:type\" content=\"article\" \/>\n<meta property=\"og:title\" content=\"N\u00e4ohooldus HydraFacial - Ilukliinik Medic-Esthetic\" \/>\n<meta property=\"og:description\" content=\"N\u00e4ohooldus HydraFacial Uus nahahoolduse kontseptsioon Naha s\u00fcgavpuhastus, intensiivne niisutus ja vananemisvastane hooldus \u00fche protseduuriga! Protseduurid viiakse l\u00e4bi HydraFacial\u00ae aparaadiga, mis \u00fchendab korraga mitut tehnoloogiat. P\u00e4rast puhastamist ja niisutamist Hydra Peeli pihustitega, k\u00fcllastatakse nahk spetsiaalsete seerumitega, mis sisaldavad vananemisvastaseid ja p\u00f5letikuvastaseid komponente. Sellisel moel \u00fchendab HydraFacial kolme omavahel\u00a0 t\u00e4iendavat tehnoloogiat: puhastamist,\u2026\" \/>\n<meta property=\"og:url\" content=\"https:\/\/copy.medicest.eu\/vakuumnyj-gidropiling-hydrafacial\/\" \/>\n<meta property=\"og:site_name\" content=\"Ilukliinik Medic-Esthetic\" \/>\n<meta property=\"article:modified_time\" content=\"2023-12-07T15:10:14+00:00\" \/>\n<meta property=\"og:image\" content=\"https:\/\/copy.medicest.eu\/wp-content\/uploads\/2021\/10\/hydra1.jpg\" \/>\n<meta name=\"twitter:card\" content=\"summary_large_image\" \/>\n<meta name=\"twitter:label1\" content=\"Est. reading time\" \/>\n\t<meta name=\"twitter:data1\" content=\"2 minutit\" \/>\n<script type=\"application\/ld+json\" class=\"yoast-schema-graph\">{\"@context\":\"https:\/\/schema.org\",\"@graph\":[{\"@type\":\"WebPage\",\"@id\":\"https:\/\/copy.medicest.eu\/vakuumnyj-gidropiling-hydrafacial\/\",\"url\":\"https:\/\/copy.medicest.eu\/vakuumnyj-gidropiling-hydrafacial\/\",\"name\":\"N\u00e4ohooldus HydraFacial - Ilukliinik Medic-Esthetic\",\"isPartOf\":{\"@id\":\"https:\/\/copy.medicest.eu\/#website\"},\"primaryImageOfPage\":{\"@id\":\"https:\/\/copy.medicest.eu\/vakuumnyj-gidropiling-hydrafacial\/#primaryimage\"},\"image\":{\"@id\":\"https:\/\/copy.medicest.eu\/vakuumnyj-gidropiling-hydrafacial\/#primaryimage\"},\"thumbnailUrl\":\"https:\/\/copy.medicest.eu\/wp-content\/uploads\/2021\/10\/hydra1.jpg\",\"datePublished\":\"2021-10-07T12:10:40+00:00\",\"dateModified\":\"2023-12-07T15:10:14+00:00\",\"breadcrumb\":{\"@id\":\"https:\/\/copy.medicest.eu\/vakuumnyj-gidropiling-hydrafacial\/#breadcrumb\"},\"inLanguage\":\"et\",\"potentialAction\":[{\"@type\":\"ReadAction\",\"target\":[\"https:\/\/copy.medicest.eu\/vakuumnyj-gidropiling-hydrafacial\/\"]}]},{\"@type\":\"ImageObject\",\"inLanguage\":\"et\",\"@id\":\"https:\/\/copy.medicest.eu\/vakuumnyj-gidropiling-hydrafacial\/#primaryimage\",\"url\":\"https:\/\/copy.medicest.eu\/wp-content\/uploads\/2021\/10\/hydra1.jpg\",\"contentUrl\":\"https:\/\/copy.medicest.eu\/wp-content\/uploads\/2021\/10\/hydra1.jpg\"},{\"@type\":\"BreadcrumbList\",\"@id\":\"https:\/\/copy.medicest.eu\/vakuumnyj-gidropiling-hydrafacial\/#breadcrumb\",\"itemListElement\":[{\"@type\":\"ListItem\",\"position\":1,\"name\":\"Home\",\"item\":\"https:\/\/copy.medicest.eu\/et\/\"},{\"@type\":\"ListItem\",\"position\":2,\"name\":\"N\u00e4ohooldus HydraFacial\"}]},{\"@type\":\"WebSite\",\"@id\":\"https:\/\/copy.medicest.eu\/#website\",\"url\":\"https:\/\/copy.medicest.eu\/\",\"name\":\"Ilukliinik Medic-Esthetic\",\"description\":\"Beauty &amp; Prestige\",\"potentialAction\":[{\"@type\":\"SearchAction\",\"target\":{\"@type\":\"EntryPoint\",\"urlTemplate\":\"https:\/\/copy.medicest.eu\/?s={search_term_string}\"},\"query-input\":{\"@type\":\"PropertyValueSpecification\",\"valueRequired\":true,\"valueName\":\"search_term_string\"}}],\"inLanguage\":\"et\"}]}<\/script>\n<!-- \/ Yoast SEO plugin. -->","yoast_head_json":{"title":"N\u00e4ohooldus HydraFacial - Ilukliinik Medic-Esthetic","robots":{"index":"index","follow":"follow","max-snippet":"max-snippet:-1","max-image-preview":"max-image-preview:large","max-video-preview":"max-video-preview:-1"},"canonical":"https:\/\/copy.medicest.eu\/vakuumnyj-gidropiling-hydrafacial\/","og_locale":"et_EE","og_type":"article","og_title":"N\u00e4ohooldus HydraFacial - Ilukliinik Medic-Esthetic","og_description":"N\u00e4ohooldus HydraFacial Uus nahahoolduse kontseptsioon Naha s\u00fcgavpuhastus, intensiivne niisutus ja vananemisvastane hooldus \u00fche protseduuriga! Protseduurid viiakse l\u00e4bi HydraFacial\u00ae aparaadiga, mis \u00fchendab korraga mitut tehnoloogiat. P\u00e4rast puhastamist ja niisutamist Hydra Peeli pihustitega, k\u00fcllastatakse nahk spetsiaalsete seerumitega, mis sisaldavad vananemisvastaseid ja p\u00f5letikuvastaseid komponente. Sellisel moel \u00fchendab HydraFacial kolme omavahel\u00a0 t\u00e4iendavat tehnoloogiat: puhastamist,\u2026","og_url":"https:\/\/copy.medicest.eu\/vakuumnyj-gidropiling-hydrafacial\/","og_site_name":"Ilukliinik Medic-Esthetic","article_modified_time":"2023-12-07T15:10:14+00:00","og_image":[{"url":"https:\/\/copy.medicest.eu\/wp-content\/uploads\/2021\/10\/hydra1.jpg"}],"twitter_card":"summary_large_image","twitter_misc":{"Est. reading time":"2 minutit"},"schema":{"@context":"https:\/\/schema.org","@graph":[{"@type":"WebPage","@id":"https:\/\/copy.medicest.eu\/vakuumnyj-gidropiling-hydrafacial\/","url":"https:\/\/copy.medicest.eu\/vakuumnyj-gidropiling-hydrafacial\/","name":"N\u00e4ohooldus HydraFacial - Ilukliinik Medic-Esthetic","isPartOf":{"@id":"https:\/\/copy.medicest.eu\/#website"},"primaryImageOfPage":{"@id":"https:\/\/copy.medicest.eu\/vakuumnyj-gidropiling-hydrafacial\/#primaryimage"},"image":{"@id":"https:\/\/copy.medicest.eu\/vakuumnyj-gidropiling-hydrafacial\/#primaryimage"},"thumbnailUrl":"https:\/\/copy.medicest.eu\/wp-content\/uploads\/2021\/10\/hydra1.jpg","datePublished":"2021-10-07T12:10:40+00:00","dateModified":"2023-12-07T15:10:14+00:00","breadcrumb":{"@id":"https:\/\/copy.medicest.eu\/vakuumnyj-gidropiling-hydrafacial\/#breadcrumb"},"inLanguage":"et","potentialAction":[{"@type":"ReadAction","target":["https:\/\/copy.medicest.eu\/vakuumnyj-gidropiling-hydrafacial\/"]}]},{"@type":"ImageObject","inLanguage":"et","@id":"https:\/\/copy.medicest.eu\/vakuumnyj-gidropiling-hydrafacial\/#primaryimage","url":"https:\/\/copy.medicest.eu\/wp-content\/uploads\/2021\/10\/hydra1.jpg","contentUrl":"https:\/\/copy.medicest.eu\/wp-content\/uploads\/2021\/10\/hydra1.jpg"},{"@type":"BreadcrumbList","@id":"https:\/\/copy.medicest.eu\/vakuumnyj-gidropiling-hydrafacial\/#breadcrumb","itemListElement":[{"@type":"ListItem","position":1,"name":"Home","item":"https:\/\/copy.medicest.eu\/et\/"},{"@type":"ListItem","position":2,"name":"N\u00e4ohooldus HydraFacial"}]},{"@type":"WebSite","@id":"https:\/\/copy.medicest.eu\/#website","url":"https:\/\/copy.medicest.eu\/","name":"Ilukliinik Medic-Esthetic","description":"Beauty &amp; Prestige","potentialAction":[{"@type":"SearchAction","target":{"@type":"EntryPoint","urlTemplate":"https:\/\/copy.medicest.eu\/?s={search_term_string}"},"query-input":{"@type":"PropertyValueSpecification","valueRequired":true,"valueName":"search_term_string"}}],"inLanguage":"et"}]}},"_links":{"self":[{"href":"https:\/\/copy.medicest.eu\/et\/wp-json\/wp\/v2\/pages\/4841","targetHints":{"allow":["GET"]}}],"collection":[{"href":"https:\/\/copy.medicest.eu\/et\/wp-json\/wp\/v2\/pages"}],"about":[{"href":"https:\/\/copy.medicest.eu\/et\/wp-json\/wp\/v2\/types\/page"}],"author":[{"embeddable":true,"href":"https:\/\/copy.medicest.eu\/et\/wp-json\/wp\/v2\/users\/1"}],"replies":[{"embeddable":true,"href":"https:\/\/copy.medicest.eu\/et\/wp-json\/wp\/v2\/comments?post=4841"}],"version-history":[{"count":37,"href":"https:\/\/copy.medicest.eu\/et\/wp-json\/wp\/v2\/pages\/4841\/revisions"}],"predecessor-version":[{"id":15040,"href":"https:\/\/copy.medicest.eu\/et\/wp-json\/wp\/v2\/pages\/4841\/revisions\/15040"}],"wp:attachment":[{"href":"https:\/\/copy.medicest.eu\/et\/wp-json\/wp\/v2\/media?parent=4841"}],"curies":[{"name":"wp","href":"https:\/\/api.w.org\/{rel}","templated":true}]}}