{"id":4969,"date":"2021-10-21T12:44:08","date_gmt":"2021-10-21T12:44:08","guid":{"rendered":"https:\/\/copy.medicest.eu\/frakcionnaya-mezoterapiya\/"},"modified":"2021-10-29T12:11:33","modified_gmt":"2021-10-29T12:11:33","slug":"fraktsiooniline-mesoteraapia","status":"publish","type":"page","link":"https:\/\/copy.medicest.eu\/et\/fraktsiooniline-mesoteraapia\/","title":{"rendered":"Fraktsiooniline mesoteraapia"},"content":{"rendered":"\t\t<div data-elementor-type=\"wp-page\" data-elementor-id=\"4969\" class=\"elementor elementor-4969 elementor-4475\">\n\t\t\t\t\t\t<section class=\"elementor-section elementor-top-section elementor-element elementor-element-3c2b88d5 elementor-section-boxed elementor-section-height-default elementor-section-height-default\" data-id=\"3c2b88d5\" data-element_type=\"section\">\n\t\t\t\t\t\t<div class=\"elementor-container elementor-column-gap-default\">\n\t\t\t\t\t<div class=\"elementor-column elementor-col-100 elementor-top-column elementor-element elementor-element-3466f28a\" data-id=\"3466f28a\" data-element_type=\"column\">\n\t\t\t<div class=\"elementor-widget-wrap elementor-element-populated\">\n\t\t\t\t\t\t<div class=\"elementor-element elementor-element-7f5935a4 elementor-widget elementor-widget-heading\" data-id=\"7f5935a4\" data-element_type=\"widget\" data-widget_type=\"heading.default\">\n\t\t\t\t<div class=\"elementor-widget-container\">\n\t\t\t<h2 class=\"elementor-heading-title elementor-size-default\"> Fraktsiooniline mesoteraapia<\/h2>\t\t<\/div>\n\t\t\t\t<\/div>\n\t\t\t\t<div class=\"elementor-element elementor-element-32a0d7d8 elementor-widget elementor-widget-heading\" data-id=\"32a0d7d8\" data-element_type=\"widget\" data-widget_type=\"heading.default\">\n\t\t\t\t<div class=\"elementor-widget-container\">\n\t\t\t<h3 class=\"elementor-heading-title elementor-size-default\">Uuenduslik naha noorendamise tehnoloogia\n<\/h3>\t\t<\/div>\n\t\t\t\t<\/div>\n\t\t\t\t\t<\/div>\n\t\t<\/div>\n\t\t\t\t\t<\/div>\n\t\t<\/section>\n\t\t\t\t<section class=\"elementor-section elementor-top-section elementor-element elementor-element-9c74ae0 elementor-section-boxed elementor-section-height-default elementor-section-height-default\" data-id=\"9c74ae0\" data-element_type=\"section\">\n\t\t\t\t\t\t<div class=\"elementor-container elementor-column-gap-default\">\n\t\t\t\t\t<div class=\"elementor-column elementor-col-50 elementor-top-column elementor-element elementor-element-682992f\" data-id=\"682992f\" data-element_type=\"column\">\n\t\t\t<div class=\"elementor-widget-wrap elementor-element-populated\">\n\t\t\t\t\t\t<div class=\"elementor-element elementor-element-d2d9f8c elementor-widget elementor-widget-image\" data-id=\"d2d9f8c\" data-element_type=\"widget\" data-widget_type=\"image.default\">\n\t\t\t\t<div class=\"elementor-widget-container\">\n\t\t\t\t\t\t\t\t\t\t\t\t\t<img fetchpriority=\"high\" decoding=\"async\" width=\"500\" height=\"500\" src=\"https:\/\/copy.medicest.eu\/wp-content\/uploads\/2016\/12\/1-14.jpg\" class=\"attachment-full size-full wp-image-1882\" alt=\"\" srcset=\"https:\/\/copy.medicest.eu\/wp-content\/uploads\/2016\/12\/1-14.jpg 500w, https:\/\/copy.medicest.eu\/wp-content\/uploads\/2016\/12\/1-14-300x300.jpg 300w, https:\/\/copy.medicest.eu\/wp-content\/uploads\/2016\/12\/1-14-150x150.jpg 150w\" sizes=\"(max-width: 500px) 100vw, 500px\" \/>\t\t\t\t\t\t\t\t\t\t\t\t\t<\/div>\n\t\t\t\t<\/div>\n\t\t\t\t<div class=\"elementor-element elementor-element-0d2d317 elementor-widget elementor-widget-image\" data-id=\"0d2d317\" data-element_type=\"widget\" data-widget_type=\"image.default\">\n\t\t\t\t<div class=\"elementor-widget-container\">\n\t\t\t\t\t\t\t\t\t\t\t\t\t<img decoding=\"async\" width=\"1024\" height=\"575\" src=\"https:\/\/copy.medicest.eu\/wp-content\/uploads\/2021\/10\/6011_max-1024x575-1.jpg\" class=\"attachment-large size-large wp-image-4479\" alt=\"\" srcset=\"https:\/\/copy.medicest.eu\/wp-content\/uploads\/2021\/10\/6011_max-1024x575-1.jpg 1024w, https:\/\/copy.medicest.eu\/wp-content\/uploads\/2021\/10\/6011_max-1024x575-1-300x168.jpg 300w, https:\/\/copy.medicest.eu\/wp-content\/uploads\/2021\/10\/6011_max-1024x575-1-768x431.jpg 768w, https:\/\/copy.medicest.eu\/wp-content\/uploads\/2021\/10\/6011_max-1024x575-1-150x84.jpg 150w\" sizes=\"(max-width: 1024px) 100vw, 1024px\" \/>\t\t\t\t\t\t\t\t\t\t\t\t\t<\/div>\n\t\t\t\t<\/div>\n\t\t\t\t\t<\/div>\n\t\t<\/div>\n\t\t\t\t<div class=\"elementor-column elementor-col-50 elementor-top-column elementor-element elementor-element-c7370a6\" data-id=\"c7370a6\" data-element_type=\"column\">\n\t\t\t<div class=\"elementor-widget-wrap elementor-element-populated\">\n\t\t\t\t\t\t<div class=\"elementor-element elementor-element-27cdb2c elementor-widget elementor-widget-text-editor\" data-id=\"27cdb2c\" data-element_type=\"widget\" data-widget_type=\"text-editor.default\">\n\t\t\t\t<div class=\"elementor-widget-container\">\n\t\t\t\t\t\t\t<p>Fraktsiooniline mesoteraapia on mikroinjektsioonide korduv sisestamine teatud nahapiirkonda, et parandada selle seisundit.\u00a0<\/p><p>S\u00fcstimine toimub spetsiaalse aparaadiga.<\/p><p>Sisestatavad bioloogiliselt aktiivsed ained valitakse patsiendi individuaalseid omadusi arvestades.<\/p><p>Seadme n\u00f5elad on minimaalse paksusega, seega on protseduur \u00f5rn.<\/p><p>Maksimaalne torke s\u00fcgavus on 4 mm ja nende vaheline kaugus on 0,5 mm.<\/p><p>Iga uue salongi k\u00fclastaja jaoks kasutatakse uut vahetatavat otsikut.<\/p><p>Meetodi aluseks on tervete kudede k\u00f5rval asuvate nahapiirkondade korrigeerimine, mida kosmeetikud nimetavad \u201eregeneratsioonitsoonideks\u201c.<\/p><p>\u201eRegeneratsioonitsoonide\u201c stimuleerimine paneb neid terveid rakke n\u00f5rgestatud piirkondadega jagama \u2013 l\u00fchikese ajaga \u00fchtlustuvad nii naha toon kui ka tekstuur.\u00a0<\/p><p>S\u00fcstelahuse koostis sisaldab spetsiaalseid uuenemisprotsessi stimuleerivaid ravimeid, kompleksseid valitud mineraale ja vitamiine.<\/p>\t\t\t\t\t\t<\/div>\n\t\t\t\t<\/div>\n\t\t\t\t\t<\/div>\n\t\t<\/div>\n\t\t\t\t\t<\/div>\n\t\t<\/section>\n\t\t\t\t<section class=\"elementor-section elementor-top-section elementor-element elementor-element-17fa62d elementor-section-boxed elementor-section-height-default elementor-section-height-default\" data-id=\"17fa62d\" data-element_type=\"section\">\n\t\t\t\t\t\t<div class=\"elementor-container elementor-column-gap-default\">\n\t\t\t\t\t<div class=\"elementor-column elementor-col-50 elementor-top-column elementor-element elementor-element-5a08085\" data-id=\"5a08085\" data-element_type=\"column\">\n\t\t\t<div class=\"elementor-widget-wrap elementor-element-populated\">\n\t\t\t\t\t\t<div class=\"elementor-element elementor-element-d88cf8d elementor-widget elementor-widget-text-editor\" data-id=\"d88cf8d\" data-element_type=\"widget\" data-widget_type=\"text-editor.default\">\n\t\t\t\t<div class=\"elementor-widget-container\">\n\t\t\t\t\t\t\t<p><b>N\u00e4idustused:\u00a0<\/b><\/p><ul><li>peened ja s\u00fcgavad kortsud, sealhulgas silma\u00fcmbruses<\/li><li>laienenud poorid\u00a0<\/li><li>aknearmid<\/li><li>kirurgilised, h\u00fcpertroofilised ja h\u00fcpotroofsed armid\u00a0<\/li><li>raseduse- , hormoonravi v\u00f5i kehakaalu languse j\u00e4rgsed venitusarmid\u00a0<\/li><li>tundlik peente kortsudega nahk<\/li><li>\u00fcla- ja alalau, dekoltee, kaela, k\u00e4te l\u00f5tvunud nahk\u00a0<\/li><li>pigmentatsiooni h\u00e4ired\u00a0<\/li><li>vanusega kaasnev n\u00e4o, kaela ja l\u00f5ua naha allavaje<\/li><\/ul>\t\t\t\t\t\t<\/div>\n\t\t\t\t<\/div>\n\t\t\t\t\t<\/div>\n\t\t<\/div>\n\t\t\t\t<div class=\"elementor-column elementor-col-50 elementor-top-column elementor-element elementor-element-04c8123\" data-id=\"04c8123\" data-element_type=\"column\">\n\t\t\t<div class=\"elementor-widget-wrap elementor-element-populated\">\n\t\t\t\t\t\t<div class=\"elementor-element elementor-element-60cf9ed elementor-widget elementor-widget-image\" data-id=\"60cf9ed\" data-element_type=\"widget\" data-widget_type=\"image.default\">\n\t\t\t\t<div class=\"elementor-widget-container\">\n\t\t\t\t\t\t\t\t\t\t\t\t\t<img decoding=\"async\" width=\"800\" height=\"509\" src=\"https:\/\/copy.medicest.eu\/wp-content\/uploads\/2016\/12\/2_0.jpg\" class=\"attachment-large size-large wp-image-1852\" alt=\"\" srcset=\"https:\/\/copy.medicest.eu\/wp-content\/uploads\/2016\/12\/2_0.jpg 800w, https:\/\/copy.medicest.eu\/wp-content\/uploads\/2016\/12\/2_0-300x191.jpg 300w, https:\/\/copy.medicest.eu\/wp-content\/uploads\/2016\/12\/2_0-768x489.jpg 768w, https:\/\/copy.medicest.eu\/wp-content\/uploads\/2016\/12\/2_0-600x382.jpg 600w, https:\/\/copy.medicest.eu\/wp-content\/uploads\/2016\/12\/2_0-236x150.jpg 236w, https:\/\/copy.medicest.eu\/wp-content\/uploads\/2016\/12\/2_0-150x95.jpg 150w\" sizes=\"(max-width: 800px) 100vw, 800px\" \/>\t\t\t\t\t\t\t\t\t\t\t\t\t<\/div>\n\t\t\t\t<\/div>\n\t\t\t\t<div class=\"elementor-element elementor-element-41e847d elementor-widget elementor-widget-text-editor\" data-id=\"41e847d\" data-element_type=\"widget\" data-widget_type=\"text-editor.default\">\n\t\t\t\t<div class=\"elementor-widget-container\">\n\t\t\t\t\t\t\t<blockquote><p>V\u00e4ikese doseeritud s\u00fcgavusega (mitte \u00fcle 0,5 mm) asendab fraktsiooniline mesoteraapia naha uuendamise eesm\u00e4rgil mistahes pindmisi, pindmisi-keskmisi ja keskmise tugevusega koorimisi.<\/p><\/blockquote>\t\t\t\t\t\t<\/div>\n\t\t\t\t<\/div>\n\t\t\t\t\t<\/div>\n\t\t<\/div>\n\t\t\t\t\t<\/div>\n\t\t<\/section>\n\t\t\t\t<section class=\"elementor-section elementor-top-section elementor-element elementor-element-a3d3d4c elementor-section-boxed elementor-section-height-default elementor-section-height-default\" data-id=\"a3d3d4c\" data-element_type=\"section\">\n\t\t\t\t\t\t<div class=\"elementor-container elementor-column-gap-default\">\n\t\t\t\t\t<div class=\"elementor-column elementor-col-100 elementor-top-column elementor-element elementor-element-c5e6366\" data-id=\"c5e6366\" data-element_type=\"column\">\n\t\t\t<div class=\"elementor-widget-wrap elementor-element-populated\">\n\t\t\t\t\t\t<div class=\"elementor-element elementor-element-b0375aa elementor-widget elementor-widget-video\" data-id=\"b0375aa\" data-element_type=\"widget\" data-settings=\"{&quot;youtube_url&quot;:&quot;https:\\\/\\\/youtu.be\\\/jcY6lKHxcFw&quot;,&quot;video_type&quot;:&quot;youtube&quot;,&quot;controls&quot;:&quot;yes&quot;}\" data-widget_type=\"video.default\">\n\t\t\t\t<div class=\"elementor-widget-container\">\n\t\t\t\t\t<div class=\"elementor-wrapper elementor-open-inline\">\n\t\t\t<div class=\"elementor-video\"><\/div>\t\t<\/div>\n\t\t\t\t<\/div>\n\t\t\t\t<\/div>\n\t\t\t\t\t<\/div>\n\t\t<\/div>\n\t\t\t\t\t<\/div>\n\t\t<\/section>\n\t\t\t\t<section class=\"elementor-section elementor-top-section elementor-element elementor-element-1e3be8c2 elementor-section-boxed elementor-section-height-default elementor-section-height-default\" data-id=\"1e3be8c2\" data-element_type=\"section\">\n\t\t\t\t\t\t<div class=\"elementor-container elementor-column-gap-default\">\n\t\t\t\t\t<div class=\"elementor-column elementor-col-100 elementor-top-column elementor-element elementor-element-77c4c76a\" data-id=\"77c4c76a\" data-element_type=\"column\">\n\t\t\t<div class=\"elementor-widget-wrap elementor-element-populated\">\n\t\t\t\t\t\t<div class=\"elementor-element elementor-element-76b14401 elementor-widget elementor-widget-heading\" data-id=\"76b14401\" data-element_type=\"widget\" data-widget_type=\"heading.default\">\n\t\t\t\t<div class=\"elementor-widget-container\">\n\t\t\t<h2 class=\"elementor-heading-title elementor-size-default\">Hinnakiri<\/h2>\t\t<\/div>\n\t\t\t\t<\/div>\n\t\t\t\t<div class=\"elementor-element elementor-element-77b0de elementor-widget elementor-widget-text-editor\" data-id=\"77b0de\" data-element_type=\"widget\" data-widget_type=\"text-editor.default\">\n\t\t\t\t<div class=\"elementor-widget-container\">\n\t\t\t\t\t\t\t<p>\n<table id=\"tablepress-67\" class=\"tablepress tablepress-id-67 tablepress-responsive\">\n<thead>\n<tr class=\"row-1 odd\">\n\t<th class=\"column-1\">Fraktsiooniline mesoteraapia<\/th><th class=\"column-2\">Hind \u20ac<\/th>\n<\/tr>\n<\/thead>\n<tbody class=\"row-hover\">\n<tr class=\"row-2 even\">\n\t<td class=\"column-1\">Fraktsiooniline mesoteraapia 1 protseduur <\/td><td class=\"column-2\">75,00<\/td>\n<\/tr>\n<\/tbody>\n<\/table>\n<!-- #tablepress-67 from cache --><\/p>\t\t\t\t\t\t<\/div>\n\t\t\t\t<\/div>\n\t\t\t\t\t<\/div>\n\t\t<\/div>\n\t\t\t\t\t<\/div>\n\t\t<\/section>\n\t\t\t\t<\/div>\n\t\t","protected":false},"excerpt":{"rendered":"<p>Fraktsiooniline mesoteraapia Uuenduslik naha noorendamise tehnoloogia Fraktsiooniline mesoteraapia on mikroinjektsioonide korduv sisestamine teatud nahapiirkonda, et parandada selle seisundit.\u00a0 S\u00fcstimine toimub spetsiaalse aparaadiga. Sisestatavad bioloogiliselt aktiivsed ained valitakse patsiendi individuaalseid omadusi arvestades. Seadme n\u00f5elad on minimaalse paksusega, seega on protseduur \u00f5rn. Maksimaalne torke s\u00fcgavus on 4 mm ja nende vaheline kaugus\u2026<\/p>\n<p class=\"continue-reading-button\"> <a class=\"continue-reading-link\" href=\"https:\/\/copy.medicest.eu\/et\/fraktsiooniline-mesoteraapia\/\"><i class=\"crycon-right-dir\"><\/i><\/a><\/p>\n","protected":false},"author":1,"featured_media":0,"parent":0,"menu_order":0,"comment_status":"closed","ping_status":"closed","template":"","meta":{"footnotes":""},"class_list":["post-4969","page","type-page","status-publish","hentry"],"yoast_head":"<!-- This site is optimized with the Yoast SEO plugin v23.6 - https:\/\/yoast.com\/wordpress\/plugins\/seo\/ -->\n<title>Fraktsiooniline mesoteraapia - Ilukliinik Medic-Esthetic<\/title>\n<meta name=\"robots\" content=\"index, follow, max-snippet:-1, max-image-preview:large, max-video-preview:-1\" \/>\n<link rel=\"canonical\" href=\"https:\/\/copy.medicest.eu\/et\/fraktsiooniline-mesoteraapia\/\" \/>\n<meta property=\"og:locale\" content=\"et_EE\" \/>\n<meta property=\"og:type\" content=\"article\" \/>\n<meta property=\"og:title\" content=\"Fraktsiooniline mesoteraapia - Ilukliinik Medic-Esthetic\" \/>\n<meta property=\"og:description\" content=\"Fraktsiooniline mesoteraapia Uuenduslik naha noorendamise tehnoloogia Fraktsiooniline mesoteraapia on mikroinjektsioonide korduv sisestamine teatud nahapiirkonda, et parandada selle seisundit.\u00a0 S\u00fcstimine toimub spetsiaalse aparaadiga. Sisestatavad bioloogiliselt aktiivsed ained valitakse patsiendi individuaalseid omadusi arvestades. Seadme n\u00f5elad on minimaalse paksusega, seega on protseduur \u00f5rn. Maksimaalne torke s\u00fcgavus on 4 mm ja nende vaheline kaugus\u2026\" \/>\n<meta property=\"og:url\" content=\"https:\/\/copy.medicest.eu\/et\/fraktsiooniline-mesoteraapia\/\" \/>\n<meta property=\"og:site_name\" content=\"Ilukliinik Medic-Esthetic\" \/>\n<meta property=\"article:modified_time\" content=\"2021-10-29T12:11:33+00:00\" \/>\n<meta property=\"og:image\" content=\"https:\/\/copy.medicest.eu\/wp-content\/uploads\/2016\/12\/1-14.jpg\" \/>\n<meta name=\"twitter:card\" content=\"summary_large_image\" \/>\n<meta name=\"twitter:label1\" content=\"Est. reading time\" \/>\n\t<meta name=\"twitter:data1\" content=\"2 minutit\" \/>\n<script type=\"application\/ld+json\" class=\"yoast-schema-graph\">{\"@context\":\"https:\/\/schema.org\",\"@graph\":[{\"@type\":\"WebPage\",\"@id\":\"https:\/\/copy.medicest.eu\/et\/fraktsiooniline-mesoteraapia\/\",\"url\":\"https:\/\/copy.medicest.eu\/et\/fraktsiooniline-mesoteraapia\/\",\"name\":\"Fraktsiooniline mesoteraapia - Ilukliinik Medic-Esthetic\",\"isPartOf\":{\"@id\":\"https:\/\/copy.medicest.eu\/#website\"},\"primaryImageOfPage\":{\"@id\":\"https:\/\/copy.medicest.eu\/et\/fraktsiooniline-mesoteraapia\/#primaryimage\"},\"image\":{\"@id\":\"https:\/\/copy.medicest.eu\/et\/fraktsiooniline-mesoteraapia\/#primaryimage\"},\"thumbnailUrl\":\"https:\/\/copy.medicest.eu\/wp-content\/uploads\/2016\/12\/1-14.jpg\",\"datePublished\":\"2021-10-21T12:44:08+00:00\",\"dateModified\":\"2021-10-29T12:11:33+00:00\",\"breadcrumb\":{\"@id\":\"https:\/\/copy.medicest.eu\/et\/fraktsiooniline-mesoteraapia\/#breadcrumb\"},\"inLanguage\":\"et\",\"potentialAction\":[{\"@type\":\"ReadAction\",\"target\":[\"https:\/\/copy.medicest.eu\/et\/fraktsiooniline-mesoteraapia\/\"]}]},{\"@type\":\"ImageObject\",\"inLanguage\":\"et\",\"@id\":\"https:\/\/copy.medicest.eu\/et\/fraktsiooniline-mesoteraapia\/#primaryimage\",\"url\":\"https:\/\/copy.medicest.eu\/wp-content\/uploads\/2016\/12\/1-14.jpg\",\"contentUrl\":\"https:\/\/copy.medicest.eu\/wp-content\/uploads\/2016\/12\/1-14.jpg\"},{\"@type\":\"BreadcrumbList\",\"@id\":\"https:\/\/copy.medicest.eu\/et\/fraktsiooniline-mesoteraapia\/#breadcrumb\",\"itemListElement\":[{\"@type\":\"ListItem\",\"position\":1,\"name\":\"Home\",\"item\":\"https:\/\/copy.medicest.eu\/et\/\"},{\"@type\":\"ListItem\",\"position\":2,\"name\":\"Fraktsiooniline mesoteraapia\"}]},{\"@type\":\"WebSite\",\"@id\":\"https:\/\/copy.medicest.eu\/#website\",\"url\":\"https:\/\/copy.medicest.eu\/\",\"name\":\"Ilukliinik Medic-Esthetic\",\"description\":\"Beauty &amp; Prestige\",\"potentialAction\":[{\"@type\":\"SearchAction\",\"target\":{\"@type\":\"EntryPoint\",\"urlTemplate\":\"https:\/\/copy.medicest.eu\/?s={search_term_string}\"},\"query-input\":{\"@type\":\"PropertyValueSpecification\",\"valueRequired\":true,\"valueName\":\"search_term_string\"}}],\"inLanguage\":\"et\"}]}<\/script>\n<!-- \/ Yoast SEO plugin. -->","yoast_head_json":{"title":"Fraktsiooniline mesoteraapia - Ilukliinik Medic-Esthetic","robots":{"index":"index","follow":"follow","max-snippet":"max-snippet:-1","max-image-preview":"max-image-preview:large","max-video-preview":"max-video-preview:-1"},"canonical":"https:\/\/copy.medicest.eu\/et\/fraktsiooniline-mesoteraapia\/","og_locale":"et_EE","og_type":"article","og_title":"Fraktsiooniline mesoteraapia - Ilukliinik Medic-Esthetic","og_description":"Fraktsiooniline mesoteraapia Uuenduslik naha noorendamise tehnoloogia Fraktsiooniline mesoteraapia on mikroinjektsioonide korduv sisestamine teatud nahapiirkonda, et parandada selle seisundit.\u00a0 S\u00fcstimine toimub spetsiaalse aparaadiga. Sisestatavad bioloogiliselt aktiivsed ained valitakse patsiendi individuaalseid omadusi arvestades. Seadme n\u00f5elad on minimaalse paksusega, seega on protseduur \u00f5rn. Maksimaalne torke s\u00fcgavus on 4 mm ja nende vaheline kaugus\u2026","og_url":"https:\/\/copy.medicest.eu\/et\/fraktsiooniline-mesoteraapia\/","og_site_name":"Ilukliinik Medic-Esthetic","article_modified_time":"2021-10-29T12:11:33+00:00","og_image":[{"url":"https:\/\/copy.medicest.eu\/wp-content\/uploads\/2016\/12\/1-14.jpg"}],"twitter_card":"summary_large_image","twitter_misc":{"Est. reading time":"2 minutit"},"schema":{"@context":"https:\/\/schema.org","@graph":[{"@type":"WebPage","@id":"https:\/\/copy.medicest.eu\/et\/fraktsiooniline-mesoteraapia\/","url":"https:\/\/copy.medicest.eu\/et\/fraktsiooniline-mesoteraapia\/","name":"Fraktsiooniline mesoteraapia - Ilukliinik Medic-Esthetic","isPartOf":{"@id":"https:\/\/copy.medicest.eu\/#website"},"primaryImageOfPage":{"@id":"https:\/\/copy.medicest.eu\/et\/fraktsiooniline-mesoteraapia\/#primaryimage"},"image":{"@id":"https:\/\/copy.medicest.eu\/et\/fraktsiooniline-mesoteraapia\/#primaryimage"},"thumbnailUrl":"https:\/\/copy.medicest.eu\/wp-content\/uploads\/2016\/12\/1-14.jpg","datePublished":"2021-10-21T12:44:08+00:00","dateModified":"2021-10-29T12:11:33+00:00","breadcrumb":{"@id":"https:\/\/copy.medicest.eu\/et\/fraktsiooniline-mesoteraapia\/#breadcrumb"},"inLanguage":"et","potentialAction":[{"@type":"ReadAction","target":["https:\/\/copy.medicest.eu\/et\/fraktsiooniline-mesoteraapia\/"]}]},{"@type":"ImageObject","inLanguage":"et","@id":"https:\/\/copy.medicest.eu\/et\/fraktsiooniline-mesoteraapia\/#primaryimage","url":"https:\/\/copy.medicest.eu\/wp-content\/uploads\/2016\/12\/1-14.jpg","contentUrl":"https:\/\/copy.medicest.eu\/wp-content\/uploads\/2016\/12\/1-14.jpg"},{"@type":"BreadcrumbList","@id":"https:\/\/copy.medicest.eu\/et\/fraktsiooniline-mesoteraapia\/#breadcrumb","itemListElement":[{"@type":"ListItem","position":1,"name":"Home","item":"https:\/\/copy.medicest.eu\/et\/"},{"@type":"ListItem","position":2,"name":"Fraktsiooniline mesoteraapia"}]},{"@type":"WebSite","@id":"https:\/\/copy.medicest.eu\/#website","url":"https:\/\/copy.medicest.eu\/","name":"Ilukliinik Medic-Esthetic","description":"Beauty &amp; Prestige","potentialAction":[{"@type":"SearchAction","target":{"@type":"EntryPoint","urlTemplate":"https:\/\/copy.medicest.eu\/?s={search_term_string}"},"query-input":{"@type":"PropertyValueSpecification","valueRequired":true,"valueName":"search_term_string"}}],"inLanguage":"et"}]}},"_links":{"self":[{"href":"https:\/\/copy.medicest.eu\/et\/wp-json\/wp\/v2\/pages\/4969","targetHints":{"allow":["GET"]}}],"collection":[{"href":"https:\/\/copy.medicest.eu\/et\/wp-json\/wp\/v2\/pages"}],"about":[{"href":"https:\/\/copy.medicest.eu\/et\/wp-json\/wp\/v2\/types\/page"}],"author":[{"embeddable":true,"href":"https:\/\/copy.medicest.eu\/et\/wp-json\/wp\/v2\/users\/1"}],"replies":[{"embeddable":true,"href":"https:\/\/copy.medicest.eu\/et\/wp-json\/wp\/v2\/comments?post=4969"}],"version-history":[{"count":4,"href":"https:\/\/copy.medicest.eu\/et\/wp-json\/wp\/v2\/pages\/4969\/revisions"}],"predecessor-version":[{"id":4977,"href":"https:\/\/copy.medicest.eu\/et\/wp-json\/wp\/v2\/pages\/4969\/revisions\/4977"}],"wp:attachment":[{"href":"https:\/\/copy.medicest.eu\/et\/wp-json\/wp\/v2\/media?parent=4969"}],"curies":[{"name":"wp","href":"https:\/\/api.w.org\/{rel}","templated":true}]}}