{"id":5090,"date":"2021-10-21T13:03:46","date_gmt":"2021-10-21T13:03:46","guid":{"rendered":"https:\/\/copy.medicest.eu\/mikrotokovaya-terapiya\/"},"modified":"2023-05-05T12:25:25","modified_gmt":"2023-05-05T12:25:25","slug":"mikrovoolude-teraapia","status":"publish","type":"page","link":"https:\/\/copy.medicest.eu\/et\/mikrovoolude-teraapia\/","title":{"rendered":"Mikrovoolude teraapia Vip Line Plus"},"content":{"rendered":"\t\t<div data-elementor-type=\"wp-page\" data-elementor-id=\"5090\" class=\"elementor elementor-5090 elementor-4489\">\n\t\t\t\t\t\t<section class=\"elementor-section elementor-top-section elementor-element elementor-element-16e89401 elementor-section-boxed elementor-section-height-default elementor-section-height-default\" data-id=\"16e89401\" data-element_type=\"section\">\n\t\t\t\t\t\t<div class=\"elementor-container elementor-column-gap-default\">\n\t\t\t\t\t<div class=\"elementor-column elementor-col-100 elementor-top-column elementor-element elementor-element-53e71cc\" data-id=\"53e71cc\" data-element_type=\"column\">\n\t\t\t<div class=\"elementor-widget-wrap elementor-element-populated\">\n\t\t\t\t\t\t<div class=\"elementor-element elementor-element-21bf5884 elementor-widget elementor-widget-heading\" data-id=\"21bf5884\" data-element_type=\"widget\" data-widget_type=\"heading.default\">\n\t\t\t\t<div class=\"elementor-widget-container\">\n\t\t\t<h2 class=\"elementor-heading-title elementor-size-default\">Mikrovoolude teraapia Vip Line Plus<\/h2>\t\t<\/div>\n\t\t\t\t<\/div>\n\t\t\t\t<div class=\"elementor-element elementor-element-53735ad elementor-widget elementor-widget-heading\" data-id=\"53735ad\" data-element_type=\"widget\" data-widget_type=\"heading.default\">\n\t\t\t\t<div class=\"elementor-widget-container\">\n\t\t\t<h3 class=\"elementor-heading-title elementor-size-default\">Ajaproovile vastu pidanud mittekirurgiline noorendamine!<\/h3>\t\t<\/div>\n\t\t\t\t<\/div>\n\t\t\t\t\t<\/div>\n\t\t<\/div>\n\t\t\t\t\t<\/div>\n\t\t<\/section>\n\t\t\t\t<section class=\"elementor-section elementor-top-section elementor-element elementor-element-4f28869 elementor-section-boxed elementor-section-height-default elementor-section-height-default\" data-id=\"4f28869\" data-element_type=\"section\">\n\t\t\t\t\t\t<div class=\"elementor-container elementor-column-gap-default\">\n\t\t\t\t\t<div class=\"elementor-column elementor-col-50 elementor-top-column elementor-element elementor-element-b86484d\" data-id=\"b86484d\" data-element_type=\"column\">\n\t\t\t<div class=\"elementor-widget-wrap elementor-element-populated\">\n\t\t\t\t\t\t<div class=\"elementor-element elementor-element-34206b1 elementor-widget elementor-widget-image\" data-id=\"34206b1\" data-element_type=\"widget\" data-widget_type=\"image.default\">\n\t\t\t\t<div class=\"elementor-widget-container\">\n\t\t\t\t\t\t\t\t\t\t\t\t\t<img fetchpriority=\"high\" decoding=\"async\" width=\"600\" height=\"600\" src=\"https:\/\/copy.medicest.eu\/wp-content\/uploads\/2023\/04\/780x3352.jpeg\" class=\"attachment-large size-large wp-image-11891\" alt=\"\" srcset=\"https:\/\/copy.medicest.eu\/wp-content\/uploads\/2023\/04\/780x3352.jpeg 600w, https:\/\/copy.medicest.eu\/wp-content\/uploads\/2023\/04\/780x3352-300x300.jpeg 300w, https:\/\/copy.medicest.eu\/wp-content\/uploads\/2023\/04\/780x3352-150x150.jpeg 150w\" sizes=\"(max-width: 600px) 100vw, 600px\" \/>\t\t\t\t\t\t\t\t\t\t\t\t\t<\/div>\n\t\t\t\t<\/div>\n\t\t\t\t\t<\/div>\n\t\t<\/div>\n\t\t\t\t<div class=\"elementor-column elementor-col-50 elementor-top-column elementor-element elementor-element-72752a5\" data-id=\"72752a5\" data-element_type=\"column\">\n\t\t\t<div class=\"elementor-widget-wrap elementor-element-populated\">\n\t\t\t\t\t\t<div class=\"elementor-element elementor-element-7c1e203 elementor-widget elementor-widget-text-editor\" data-id=\"7c1e203\" data-element_type=\"widget\" data-widget_type=\"text-editor.default\">\n\t\t\t\t<div class=\"elementor-widget-container\">\n\t\t\t\t\t\t\t<p><b>Mikrovoolud<\/b> m\u00f5jutavad \u00f5rnalt k\u00f5iki naha kihte, aga ka veresooni ja lihaseid, soodustavad rakkude jagunemist ja stimuleerib toksiinide v\u00e4ljutamist.<\/p><p>Mikrovoolude teraapiaga stimuleeritakse rakke, mis p\u00f5hjustab k\u00f5ikide rakuprotsesside (ainevahetusprotsesside, metaboolsete-, energeetiliste protsesside, fibroblastide aktiivsuse, kollageeni tootmise) aktiveerumist.<\/p><p>Selline raku t\u00f6\u00f6 viib lihastoonuse taastumiseni \u2013 nahk pinguldub. Mikrotsirkulatsiooni paranemine p\u00f5hjustab tursete, pigmentatsiooni, tumedate silmaaluste v\u00e4henemist.<\/p><p>Mikrovoolude m\u00f5jul muutuvad naharakud vastuv\u00f5tlikuks ja seda hetke kasutatakse erinevate kergesti l\u00e4bi naha tungivate kosmeetikatoodete manustamiseks.<\/p>\t\t\t\t\t\t<\/div>\n\t\t\t\t<\/div>\n\t\t\t\t<div class=\"elementor-element elementor-element-3995696 elementor-widget elementor-widget-text-editor\" data-id=\"3995696\" data-element_type=\"widget\" data-widget_type=\"text-editor.default\">\n\t\t\t\t<div class=\"elementor-widget-container\">\n\t\t\t\t\t\t\t<blockquote><p>M\u00f5ju on m\u00e4rgatav juba p\u00e4rast esimest korda.<br \/>Protseduur on ohutu ja vastun\u00e4idustused puuduvad peaaegu t\u00e4ielikult.<\/p><\/blockquote>\t\t\t\t\t\t<\/div>\n\t\t\t\t<\/div>\n\t\t\t\t\t<\/div>\n\t\t<\/div>\n\t\t\t\t\t<\/div>\n\t\t<\/section>\n\t\t\t\t<section class=\"elementor-section elementor-top-section elementor-element elementor-element-9f6a083 elementor-section-boxed elementor-section-height-default elementor-section-height-default\" data-id=\"9f6a083\" data-element_type=\"section\">\n\t\t\t\t\t\t<div class=\"elementor-container elementor-column-gap-default\">\n\t\t\t\t\t<div class=\"elementor-column elementor-col-50 elementor-top-column elementor-element elementor-element-33bd4e2\" data-id=\"33bd4e2\" data-element_type=\"column\">\n\t\t\t<div class=\"elementor-widget-wrap elementor-element-populated\">\n\t\t\t\t\t\t<div class=\"elementor-element elementor-element-ca1536f elementor-widget elementor-widget-text-editor\" data-id=\"ca1536f\" data-element_type=\"widget\" data-widget_type=\"text-editor.default\">\n\t\t\t\t<div class=\"elementor-widget-container\">\n\t\t\t\t\t\t\t<h4><strong>Eelised:\u00a0<\/strong><\/h4><ul><li aria-level=\"1\">Mikrovoolud v\u00f5imendavad k\u00f5ikide raviprotseduuride ja -programmide m\u00f5ju<\/li><li aria-level=\"1\">Mikrovoolud sobivad ideaalselt kokku ja t\u00e4iendavad mistahes aparaadi kosmeetilisi\u00a0 protseduure. N\u00e4iteks RF-lifting, mis muudab voolu toimel kudede temperatuuri.\u00a0<\/li><li aria-level=\"1\">Mikrovooludel on valuvaigistav toime, seega on hea neid enne mesoteraapiat l\u00e4bi viia<\/li><li aria-level=\"1\">On kliente, kellel on enamik protseduuride vastun\u00e4idustatud, reeglina sellistele klientidele mikrovoolud sobivad.<\/li><\/ul>\t\t\t\t\t\t<\/div>\n\t\t\t\t<\/div>\n\t\t\t\t\t<\/div>\n\t\t<\/div>\n\t\t\t\t<div class=\"elementor-column elementor-col-50 elementor-top-column elementor-element elementor-element-95c8c91\" data-id=\"95c8c91\" data-element_type=\"column\">\n\t\t\t<div class=\"elementor-widget-wrap elementor-element-populated\">\n\t\t\t\t\t\t<div class=\"elementor-element elementor-element-f3e6810 elementor-widget elementor-widget-image\" data-id=\"f3e6810\" data-element_type=\"widget\" data-widget_type=\"image.default\">\n\t\t\t\t<div class=\"elementor-widget-container\">\n\t\t\t\t\t\t\t\t\t\t\t\t\t<img decoding=\"async\" width=\"430\" height=\"290\" src=\"https:\/\/copy.medicest.eu\/wp-content\/uploads\/2023\/04\/dd11.jpg\" class=\"attachment-large size-large wp-image-11912\" alt=\"\" srcset=\"https:\/\/copy.medicest.eu\/wp-content\/uploads\/2023\/04\/dd11.jpg 430w, https:\/\/copy.medicest.eu\/wp-content\/uploads\/2023\/04\/dd11-300x202.jpg 300w, https:\/\/copy.medicest.eu\/wp-content\/uploads\/2023\/04\/dd11-150x101.jpg 150w\" sizes=\"(max-width: 430px) 100vw, 430px\" \/>\t\t\t\t\t\t\t\t\t\t\t\t\t<\/div>\n\t\t\t\t<\/div>\n\t\t\t\t\t<\/div>\n\t\t<\/div>\n\t\t\t\t\t<\/div>\n\t\t<\/section>\n\t\t\t\t<section class=\"elementor-section elementor-top-section elementor-element elementor-element-c437cdf elementor-section-boxed elementor-section-height-default elementor-section-height-default\" data-id=\"c437cdf\" data-element_type=\"section\">\n\t\t\t\t\t\t<div class=\"elementor-container elementor-column-gap-default\">\n\t\t\t\t\t<div class=\"elementor-column elementor-col-50 elementor-top-column elementor-element elementor-element-a5030f0\" data-id=\"a5030f0\" data-element_type=\"column\">\n\t\t\t<div class=\"elementor-widget-wrap elementor-element-populated\">\n\t\t\t\t\t\t<div class=\"elementor-element elementor-element-44cb29a elementor-widget elementor-widget-text-editor\" data-id=\"44cb29a\" data-element_type=\"widget\" data-widget_type=\"text-editor.default\">\n\t\t\t\t<div class=\"elementor-widget-container\">\n\t\t\t\t\t\t\t<h4><strong>N\u00e4idustused:\u00a0<\/strong><\/h4><ul><li aria-level=\"1\">silmaaluste tursed ja tumedad ringid<\/li><li aria-level=\"1\">silmalaugude ja n\u00e4o tursed<\/li><li aria-level=\"1\">taastumine p\u00e4rast plastilist operatsiooni<\/li><li aria-level=\"1\">vanusega seotud muutused (n\u00f5rk lihastoonus, kortsud)<\/li><li aria-level=\"1\">selge n\u00e4oovaali puudumine<\/li><li aria-level=\"1\">akne\u00a0<\/li><li aria-level=\"1\">laienenud poorid<\/li><li aria-level=\"1\">juuste v\u00e4ljalangemine\u00a0<\/li><li aria-level=\"1\">h\u00fcperkorrektsioon Botoksiga (n\u00f5rgestab toimet)<\/li><\/ul>\t\t\t\t\t\t<\/div>\n\t\t\t\t<\/div>\n\t\t\t\t\t<\/div>\n\t\t<\/div>\n\t\t\t\t<div class=\"elementor-column elementor-col-50 elementor-top-column elementor-element elementor-element-dd42b25\" data-id=\"dd42b25\" data-element_type=\"column\">\n\t\t\t<div class=\"elementor-widget-wrap elementor-element-populated\">\n\t\t\t\t\t\t<div class=\"elementor-element elementor-element-b9fbdce elementor-widget elementor-widget-text-editor\" data-id=\"b9fbdce\" data-element_type=\"widget\" data-widget_type=\"text-editor.default\">\n\t\t\t\t<div class=\"elementor-widget-container\">\n\t\t\t\t\t\t\t<h4><strong>Vastun\u00e4idustused:\u00a0<\/strong><\/h4><ul><li aria-level=\"1\">rasedus, imetamine<\/li><li aria-level=\"1\">onkoloogilised haigused<\/li><li aria-level=\"1\">nakkushaigused<\/li><li aria-level=\"1\">epilepsia<\/li><li aria-level=\"1\">metallproteeside olemasolu m\u00f5jutatavas piirkonnas<\/li><\/ul>\t\t\t\t\t\t<\/div>\n\t\t\t\t<\/div>\n\t\t\t\t\t<\/div>\n\t\t<\/div>\n\t\t\t\t\t<\/div>\n\t\t<\/section>\n\t\t\t\t<section class=\"elementor-section elementor-top-section elementor-element elementor-element-5c6e50e4 elementor-section-boxed elementor-section-height-default elementor-section-height-default\" data-id=\"5c6e50e4\" data-element_type=\"section\">\n\t\t\t\t\t\t<div class=\"elementor-container elementor-column-gap-default\">\n\t\t\t\t\t<div class=\"elementor-column elementor-col-100 elementor-top-column elementor-element elementor-element-6cbb55cb\" data-id=\"6cbb55cb\" data-element_type=\"column\">\n\t\t\t<div class=\"elementor-widget-wrap elementor-element-populated\">\n\t\t\t\t\t\t<div class=\"elementor-element elementor-element-424f97ac elementor-widget elementor-widget-heading\" data-id=\"424f97ac\" data-element_type=\"widget\" data-widget_type=\"heading.default\">\n\t\t\t\t<div class=\"elementor-widget-container\">\n\t\t\t<h2 class=\"elementor-heading-title elementor-size-default\">Hinnakiri<\/h2>\t\t<\/div>\n\t\t\t\t<\/div>\n\t\t\t\t<div class=\"elementor-element elementor-element-3772a71 elementor-widget elementor-widget-text-editor\" data-id=\"3772a71\" data-element_type=\"widget\" data-widget_type=\"text-editor.default\">\n\t\t\t\t<div class=\"elementor-widget-container\">\n\t\t\t\t\t\t\t<p>\n<table id=\"tablepress-72\" class=\"tablepress tablepress-id-72 tablepress-responsive\">\n<thead>\n<tr class=\"row-1 odd\">\n\t<th class=\"column-1\">Mikrovoolude teraapia VipLine Plus<\/th><th class=\"column-2\">Hind \u20ac<\/th>\n<\/tr>\n<\/thead>\n<tbody class=\"row-hover\">\n<tr class=\"row-2 even\">\n\t<td class=\"column-1\">Mikrovoolude teraapia <br \/>\nN\u00e4gu, kael 60 min<\/td><td class=\"column-2\">60,00<\/td>\n<\/tr>\n<tr class=\"row-3 odd\">\n\t<td class=\"column-1\">Vananemisvastane modelleeriv hooldus VipLine Plus Mikrovoolu teraapia + k\u00e4simassaa\u017e <br \/>\nN\u00e4o, kael 60 min <\/td><td class=\"column-2\">65,00<\/td>\n<\/tr>\n<tr class=\"row-4 even\">\n\t<td class=\"column-1\">5 protseduuri kuur (5% soodsam)<br \/>\nVananemisvastane modelleeriv hooldus VipLine Plus Mikrovoolu teraapia + k\u00e4simassaa\u017e <br \/>\nN\u00e4o, kael 60 min <\/td><td class=\"column-2\">308,75<\/td>\n<\/tr>\n<tr class=\"row-5 odd\">\n\t<td class=\"column-1\">10 protseduuri kuur (10% soodsam)<br \/>\nVananemisvastane modelleeriv hooldus VipLine Plus Mikrovoolu teraapia + k\u00e4simassaa\u017e <br \/>\nN\u00e4o, kael 60 min <\/td><td class=\"column-2\">585,00<\/td>\n<\/tr>\n<tr class=\"row-6 even\">\n\t<td class=\"column-1\">Kompleksne hooldus \u201cKerge hingamine\u201d <br \/>\nGaasi-vedelik naha koorimine JetPeel + Vip Line mikrovoolu n\u00e4o t\u00f5stmine  N\u00e4o, kael, 60 min<br \/>\n<\/td><td class=\"column-2\">69,00<\/td>\n<\/tr>\n<tr class=\"row-7 odd\">\n\t<td class=\"column-1\">Hooldav protseduur \u201cTaevas\u00e4ra\u201d<br \/>\nS\u00fcgavatoimelise mikrovoolu mesoteraapia<br \/>\nN\u00e4o, kael, 60 min<br \/>\n<\/td><td class=\"column-2\">69,00<\/td>\n<\/tr>\n<tr class=\"row-8 even\">\n\t<td class=\"column-1\">Full Face Intensive (M\u00fcolifting + Mikrovoolu teraapia)<br \/>\nN\u00e4okontuuri korrigeerimine, pinguldamine ja noorendamine<br \/>\nN\u00e4gu, kael 60 min<\/td><td class=\"column-2\">85,00<\/td>\n<\/tr>\n<\/tbody>\n<\/table>\n<!-- #tablepress-72 from cache --><\/p>\t\t\t\t\t\t<\/div>\n\t\t\t\t<\/div>\n\t\t\t\t<div class=\"elementor-element elementor-element-48ae20ab pp-buttons-halign-center pp-buttons-stack-none elementor-widget elementor-widget-pp-buttons\" data-id=\"48ae20ab\" data-element_type=\"widget\" data-widget_type=\"pp-buttons.default\">\n\t\t\t\t<div class=\"elementor-widget-container\">\n\t\t\t\t\t<div class=\"pp-buttons-group\">\n\t\t\t\t\t\t\t\t\t\t\t<a href=\"https:\/\/shop.medicest.eu\/et\/product\/mikrovoolude-teraapia-vip-line-plus\/\" target=\"_blank\" class=\"pp-button elementor-button elementor-size-md elementor-repeater-item-c938c7f \">\n\t\t\t\t\t<div class=\"pp-button-content-wrapper\">\n\t\t\t\t\t\t<span class=\"pp-button-content-inner pp-icon-before\">\n\t\t\t\t\t\t\t\n\t\t\t\t\t\t\t\t<span class=\"pp-button-title\">\n\t\t\t\t\t\t\t\t\tOsta e-poest\t\t\t\t\t\t\t\t<\/span>\n\t\t\t\t\t\t\t\t\t\t\t\t\t<\/span>\n\t\t\t\t\t<\/div>\n\t\t\t\t<\/a>\n\t\t\t\t\t\t\t\t\t\t<\/div>\t\t<\/div>\n\t\t\t\t<\/div>\n\t\t\t\t\t<\/div>\n\t\t<\/div>\n\t\t\t\t\t<\/div>\n\t\t<\/section>\n\t\t\t\t<\/div>\n\t\t","protected":false},"excerpt":{"rendered":"<p>Mikrovoolude teraapia Vip Line Plus Ajaproovile vastu pidanud mittekirurgiline noorendamine! Mikrovoolud m\u00f5jutavad \u00f5rnalt k\u00f5iki naha kihte, aga ka veresooni ja lihaseid, soodustavad rakkude jagunemist ja stimuleerib toksiinide v\u00e4ljutamist. Mikrovoolude teraapiaga stimuleeritakse rakke, mis p\u00f5hjustab k\u00f5ikide rakuprotsesside (ainevahetusprotsesside, metaboolsete-, energeetiliste protsesside, fibroblastide aktiivsuse, kollageeni tootmise) aktiveerumist. Selline raku t\u00f6\u00f6 viib lihastoonuse\u2026<\/p>\n<p class=\"continue-reading-button\"> <a class=\"continue-reading-link\" href=\"https:\/\/copy.medicest.eu\/et\/mikrovoolude-teraapia\/\"><i class=\"crycon-right-dir\"><\/i><\/a><\/p>\n","protected":false},"author":1,"featured_media":0,"parent":0,"menu_order":0,"comment_status":"closed","ping_status":"closed","template":"","meta":{"footnotes":""},"class_list":["post-5090","page","type-page","status-publish","hentry"],"yoast_head":"<!-- This site is optimized with the Yoast SEO plugin v23.6 - https:\/\/yoast.com\/wordpress\/plugins\/seo\/ -->\n<title>Mikrovoolude teraapia Vip Line Plus - Ilukliinik Medic-Esthetic<\/title>\n<meta name=\"robots\" content=\"index, follow, max-snippet:-1, max-image-preview:large, max-video-preview:-1\" \/>\n<link rel=\"canonical\" href=\"https:\/\/copy.medicest.eu\/mikrotokovaya-terapiya\/\" \/>\n<meta property=\"og:locale\" content=\"et_EE\" \/>\n<meta property=\"og:type\" content=\"article\" \/>\n<meta property=\"og:title\" content=\"Mikrovoolude teraapia Vip Line Plus - Ilukliinik Medic-Esthetic\" \/>\n<meta property=\"og:description\" content=\"Mikrovoolude teraapia Vip Line Plus Ajaproovile vastu pidanud mittekirurgiline noorendamine! Mikrovoolud m\u00f5jutavad \u00f5rnalt k\u00f5iki naha kihte, aga ka veresooni ja lihaseid, soodustavad rakkude jagunemist ja stimuleerib toksiinide v\u00e4ljutamist. Mikrovoolude teraapiaga stimuleeritakse rakke, mis p\u00f5hjustab k\u00f5ikide rakuprotsesside (ainevahetusprotsesside, metaboolsete-, energeetiliste protsesside, fibroblastide aktiivsuse, kollageeni tootmise) aktiveerumist. Selline raku t\u00f6\u00f6 viib lihastoonuse\u2026\" \/>\n<meta property=\"og:url\" content=\"https:\/\/copy.medicest.eu\/mikrotokovaya-terapiya\/\" \/>\n<meta property=\"og:site_name\" content=\"Ilukliinik Medic-Esthetic\" \/>\n<meta property=\"article:modified_time\" content=\"2023-05-05T12:25:25+00:00\" \/>\n<meta property=\"og:image\" content=\"https:\/\/copy.medicest.eu\/wp-content\/uploads\/2023\/04\/780x3352.jpeg\" \/>\n<meta name=\"twitter:card\" content=\"summary_large_image\" \/>\n<meta name=\"twitter:label1\" content=\"Est. reading time\" \/>\n\t<meta name=\"twitter:data1\" content=\"2 minutit\" \/>\n<script type=\"application\/ld+json\" class=\"yoast-schema-graph\">{\"@context\":\"https:\/\/schema.org\",\"@graph\":[{\"@type\":\"WebPage\",\"@id\":\"https:\/\/copy.medicest.eu\/mikrotokovaya-terapiya\/\",\"url\":\"https:\/\/copy.medicest.eu\/mikrotokovaya-terapiya\/\",\"name\":\"Mikrovoolude teraapia Vip Line Plus - Ilukliinik Medic-Esthetic\",\"isPartOf\":{\"@id\":\"https:\/\/copy.medicest.eu\/#website\"},\"primaryImageOfPage\":{\"@id\":\"https:\/\/copy.medicest.eu\/mikrotokovaya-terapiya\/#primaryimage\"},\"image\":{\"@id\":\"https:\/\/copy.medicest.eu\/mikrotokovaya-terapiya\/#primaryimage\"},\"thumbnailUrl\":\"https:\/\/copy.medicest.eu\/wp-content\/uploads\/2023\/04\/780x3352.jpeg\",\"datePublished\":\"2021-10-21T13:03:46+00:00\",\"dateModified\":\"2023-05-05T12:25:25+00:00\",\"breadcrumb\":{\"@id\":\"https:\/\/copy.medicest.eu\/mikrotokovaya-terapiya\/#breadcrumb\"},\"inLanguage\":\"et\",\"potentialAction\":[{\"@type\":\"ReadAction\",\"target\":[\"https:\/\/copy.medicest.eu\/mikrotokovaya-terapiya\/\"]}]},{\"@type\":\"ImageObject\",\"inLanguage\":\"et\",\"@id\":\"https:\/\/copy.medicest.eu\/mikrotokovaya-terapiya\/#primaryimage\",\"url\":\"https:\/\/copy.medicest.eu\/wp-content\/uploads\/2023\/04\/780x3352.jpeg\",\"contentUrl\":\"https:\/\/copy.medicest.eu\/wp-content\/uploads\/2023\/04\/780x3352.jpeg\"},{\"@type\":\"BreadcrumbList\",\"@id\":\"https:\/\/copy.medicest.eu\/mikrotokovaya-terapiya\/#breadcrumb\",\"itemListElement\":[{\"@type\":\"ListItem\",\"position\":1,\"name\":\"Home\",\"item\":\"https:\/\/copy.medicest.eu\/et\/\"},{\"@type\":\"ListItem\",\"position\":2,\"name\":\"Mikrovoolude teraapia Vip Line Plus\"}]},{\"@type\":\"WebSite\",\"@id\":\"https:\/\/copy.medicest.eu\/#website\",\"url\":\"https:\/\/copy.medicest.eu\/\",\"name\":\"Ilukliinik Medic-Esthetic\",\"description\":\"Beauty &amp; Prestige\",\"potentialAction\":[{\"@type\":\"SearchAction\",\"target\":{\"@type\":\"EntryPoint\",\"urlTemplate\":\"https:\/\/copy.medicest.eu\/?s={search_term_string}\"},\"query-input\":{\"@type\":\"PropertyValueSpecification\",\"valueRequired\":true,\"valueName\":\"search_term_string\"}}],\"inLanguage\":\"et\"}]}<\/script>\n<!-- \/ Yoast SEO plugin. -->","yoast_head_json":{"title":"Mikrovoolude teraapia Vip Line Plus - Ilukliinik Medic-Esthetic","robots":{"index":"index","follow":"follow","max-snippet":"max-snippet:-1","max-image-preview":"max-image-preview:large","max-video-preview":"max-video-preview:-1"},"canonical":"https:\/\/copy.medicest.eu\/mikrotokovaya-terapiya\/","og_locale":"et_EE","og_type":"article","og_title":"Mikrovoolude teraapia Vip Line Plus - Ilukliinik Medic-Esthetic","og_description":"Mikrovoolude teraapia Vip Line Plus Ajaproovile vastu pidanud mittekirurgiline noorendamine! Mikrovoolud m\u00f5jutavad \u00f5rnalt k\u00f5iki naha kihte, aga ka veresooni ja lihaseid, soodustavad rakkude jagunemist ja stimuleerib toksiinide v\u00e4ljutamist. Mikrovoolude teraapiaga stimuleeritakse rakke, mis p\u00f5hjustab k\u00f5ikide rakuprotsesside (ainevahetusprotsesside, metaboolsete-, energeetiliste protsesside, fibroblastide aktiivsuse, kollageeni tootmise) aktiveerumist. Selline raku t\u00f6\u00f6 viib lihastoonuse\u2026","og_url":"https:\/\/copy.medicest.eu\/mikrotokovaya-terapiya\/","og_site_name":"Ilukliinik Medic-Esthetic","article_modified_time":"2023-05-05T12:25:25+00:00","og_image":[{"url":"https:\/\/copy.medicest.eu\/wp-content\/uploads\/2023\/04\/780x3352.jpeg"}],"twitter_card":"summary_large_image","twitter_misc":{"Est. reading time":"2 minutit"},"schema":{"@context":"https:\/\/schema.org","@graph":[{"@type":"WebPage","@id":"https:\/\/copy.medicest.eu\/mikrotokovaya-terapiya\/","url":"https:\/\/copy.medicest.eu\/mikrotokovaya-terapiya\/","name":"Mikrovoolude teraapia Vip Line Plus - Ilukliinik Medic-Esthetic","isPartOf":{"@id":"https:\/\/copy.medicest.eu\/#website"},"primaryImageOfPage":{"@id":"https:\/\/copy.medicest.eu\/mikrotokovaya-terapiya\/#primaryimage"},"image":{"@id":"https:\/\/copy.medicest.eu\/mikrotokovaya-terapiya\/#primaryimage"},"thumbnailUrl":"https:\/\/copy.medicest.eu\/wp-content\/uploads\/2023\/04\/780x3352.jpeg","datePublished":"2021-10-21T13:03:46+00:00","dateModified":"2023-05-05T12:25:25+00:00","breadcrumb":{"@id":"https:\/\/copy.medicest.eu\/mikrotokovaya-terapiya\/#breadcrumb"},"inLanguage":"et","potentialAction":[{"@type":"ReadAction","target":["https:\/\/copy.medicest.eu\/mikrotokovaya-terapiya\/"]}]},{"@type":"ImageObject","inLanguage":"et","@id":"https:\/\/copy.medicest.eu\/mikrotokovaya-terapiya\/#primaryimage","url":"https:\/\/copy.medicest.eu\/wp-content\/uploads\/2023\/04\/780x3352.jpeg","contentUrl":"https:\/\/copy.medicest.eu\/wp-content\/uploads\/2023\/04\/780x3352.jpeg"},{"@type":"BreadcrumbList","@id":"https:\/\/copy.medicest.eu\/mikrotokovaya-terapiya\/#breadcrumb","itemListElement":[{"@type":"ListItem","position":1,"name":"Home","item":"https:\/\/copy.medicest.eu\/et\/"},{"@type":"ListItem","position":2,"name":"Mikrovoolude teraapia Vip Line Plus"}]},{"@type":"WebSite","@id":"https:\/\/copy.medicest.eu\/#website","url":"https:\/\/copy.medicest.eu\/","name":"Ilukliinik Medic-Esthetic","description":"Beauty &amp; Prestige","potentialAction":[{"@type":"SearchAction","target":{"@type":"EntryPoint","urlTemplate":"https:\/\/copy.medicest.eu\/?s={search_term_string}"},"query-input":{"@type":"PropertyValueSpecification","valueRequired":true,"valueName":"search_term_string"}}],"inLanguage":"et"}]}},"_links":{"self":[{"href":"https:\/\/copy.medicest.eu\/et\/wp-json\/wp\/v2\/pages\/5090","targetHints":{"allow":["GET"]}}],"collection":[{"href":"https:\/\/copy.medicest.eu\/et\/wp-json\/wp\/v2\/pages"}],"about":[{"href":"https:\/\/copy.medicest.eu\/et\/wp-json\/wp\/v2\/types\/page"}],"author":[{"embeddable":true,"href":"https:\/\/copy.medicest.eu\/et\/wp-json\/wp\/v2\/users\/1"}],"replies":[{"embeddable":true,"href":"https:\/\/copy.medicest.eu\/et\/wp-json\/wp\/v2\/comments?post=5090"}],"version-history":[{"count":27,"href":"https:\/\/copy.medicest.eu\/et\/wp-json\/wp\/v2\/pages\/5090\/revisions"}],"predecessor-version":[{"id":12017,"href":"https:\/\/copy.medicest.eu\/et\/wp-json\/wp\/v2\/pages\/5090\/revisions\/12017"}],"wp:attachment":[{"href":"https:\/\/copy.medicest.eu\/et\/wp-json\/wp\/v2\/media?parent=5090"}],"curies":[{"name":"wp","href":"https:\/\/api.w.org\/{rel}","templated":true}]}}