{"id":5261,"date":"2021-09-16T10:21:21","date_gmt":"2021-09-16T10:21:21","guid":{"rendered":"https:\/\/copy.medicest.eu\/prx-t33-piling\/"},"modified":"2022-05-04T14:05:33","modified_gmt":"2022-05-04T14:05:33","slug":"piiling-prx-t33","status":"publish","type":"page","link":"https:\/\/copy.medicest.eu\/et\/piiling-prx-t33\/","title":{"rendered":"Piiling PRX-T33"},"content":{"rendered":"\t\t<div data-elementor-type=\"wp-page\" data-elementor-id=\"5261\" class=\"elementor elementor-5261 elementor-3604\">\n\t\t\t\t\t\t<section class=\"elementor-section elementor-top-section elementor-element elementor-element-36f749cc elementor-section-boxed elementor-section-height-default elementor-section-height-default\" data-id=\"36f749cc\" data-element_type=\"section\">\n\t\t\t\t\t\t<div class=\"elementor-container elementor-column-gap-default\">\n\t\t\t\t\t<div class=\"elementor-column elementor-col-100 elementor-top-column elementor-element elementor-element-365a5e59\" data-id=\"365a5e59\" data-element_type=\"column\">\n\t\t\t<div class=\"elementor-widget-wrap elementor-element-populated\">\n\t\t\t\t\t\t<div class=\"elementor-element elementor-element-656f91c1 elementor-widget elementor-widget-heading\" data-id=\"656f91c1\" data-element_type=\"widget\" data-widget_type=\"heading.default\">\n\t\t\t\t<div class=\"elementor-widget-container\">\n\t\t\t<h2 class=\"elementor-heading-title elementor-size-default\">PRX-T33 piiling<\/h2>\t\t<\/div>\n\t\t\t\t<\/div>\n\t\t\t\t<div class=\"elementor-element elementor-element-d1e522b elementor-widget elementor-widget-heading\" data-id=\"d1e522b\" data-element_type=\"widget\" data-widget_type=\"heading.default\">\n\t\t\t\t<div class=\"elementor-widget-container\">\n\t\t\t<h3 class=\"elementor-heading-title elementor-size-default\">revolutsiooniline naha noorendamise metoodika<\/h3>\t\t<\/div>\n\t\t\t\t<\/div>\n\t\t\t\t\t<\/div>\n\t\t<\/div>\n\t\t\t\t\t<\/div>\n\t\t<\/section>\n\t\t\t\t<section class=\"elementor-section elementor-top-section elementor-element elementor-element-a31a24b elementor-section-boxed elementor-section-height-default elementor-section-height-default\" data-id=\"a31a24b\" data-element_type=\"section\">\n\t\t\t\t\t\t<div class=\"elementor-container elementor-column-gap-default\">\n\t\t\t\t\t<div class=\"elementor-column elementor-col-100 elementor-top-column elementor-element elementor-element-c72ebf3\" data-id=\"c72ebf3\" data-element_type=\"column\">\n\t\t\t<div class=\"elementor-widget-wrap elementor-element-populated\">\n\t\t\t\t\t\t<div class=\"elementor-element elementor-element-c168756 elementor-widget elementor-widget-text-editor\" data-id=\"c168756\" data-element_type=\"widget\" data-widget_type=\"text-editor.default\">\n\t\t\t\t<div class=\"elementor-widget-container\">\n\t\t\t\t\t\t\t<h4>ILMA injektsioonideta, ILMA valuta, ILMA taastumisperioodita, ILMA naha koorumiseta<\/h4>\t\t\t\t\t\t<\/div>\n\t\t\t\t<\/div>\n\t\t\t\t\t<\/div>\n\t\t<\/div>\n\t\t\t\t\t<\/div>\n\t\t<\/section>\n\t\t\t\t<section class=\"elementor-section elementor-top-section elementor-element elementor-element-f24c148 elementor-section-boxed elementor-section-height-default elementor-section-height-default\" data-id=\"f24c148\" data-element_type=\"section\">\n\t\t\t\t\t\t<div class=\"elementor-container elementor-column-gap-default\">\n\t\t\t\t\t<div class=\"elementor-column elementor-col-50 elementor-top-column elementor-element elementor-element-15d9e7e\" data-id=\"15d9e7e\" data-element_type=\"column\">\n\t\t\t<div class=\"elementor-widget-wrap elementor-element-populated\">\n\t\t\t\t\t\t<div class=\"elementor-element elementor-element-18f2f82 elementor-widget elementor-widget-image\" data-id=\"18f2f82\" data-element_type=\"widget\" data-widget_type=\"image.default\">\n\t\t\t\t<div class=\"elementor-widget-container\">\n\t\t\t\t\t\t\t\t\t\t\t\t\t<img fetchpriority=\"high\" decoding=\"async\" width=\"800\" height=\"395\" src=\"https:\/\/copy.medicest.eu\/wp-content\/uploads\/2021\/10\/prx-t33-1.jpg\" class=\"attachment-large size-large wp-image-4305\" alt=\"\" srcset=\"https:\/\/copy.medicest.eu\/wp-content\/uploads\/2021\/10\/prx-t33-1.jpg 800w, https:\/\/copy.medicest.eu\/wp-content\/uploads\/2021\/10\/prx-t33-1-300x148.jpg 300w, https:\/\/copy.medicest.eu\/wp-content\/uploads\/2021\/10\/prx-t33-1-768x379.jpg 768w, https:\/\/copy.medicest.eu\/wp-content\/uploads\/2021\/10\/prx-t33-1-150x74.jpg 150w\" sizes=\"(max-width: 800px) 100vw, 800px\" \/>\t\t\t\t\t\t\t\t\t\t\t\t\t<\/div>\n\t\t\t\t<\/div>\n\t\t\t\t<div class=\"elementor-element elementor-element-7b34805 elementor-widget elementor-widget-image\" data-id=\"7b34805\" data-element_type=\"widget\" data-widget_type=\"image.default\">\n\t\t\t\t<div class=\"elementor-widget-container\">\n\t\t\t\t\t\t\t\t\t\t\t\t\t<img decoding=\"async\" width=\"593\" height=\"415\" src=\"https:\/\/copy.medicest.eu\/wp-content\/uploads\/2021\/09\/prx-t33.jpg\" class=\"attachment-large size-large wp-image-3618\" alt=\"\" srcset=\"https:\/\/copy.medicest.eu\/wp-content\/uploads\/2021\/09\/prx-t33.jpg 593w, https:\/\/copy.medicest.eu\/wp-content\/uploads\/2021\/09\/prx-t33-300x210.jpg 300w, https:\/\/copy.medicest.eu\/wp-content\/uploads\/2021\/09\/prx-t33-150x105.jpg 150w\" sizes=\"(max-width: 593px) 100vw, 593px\" \/>\t\t\t\t\t\t\t\t\t\t\t\t\t<\/div>\n\t\t\t\t<\/div>\n\t\t\t\t\t<\/div>\n\t\t<\/div>\n\t\t\t\t<div class=\"elementor-column elementor-col-50 elementor-top-column elementor-element elementor-element-e328603\" data-id=\"e328603\" data-element_type=\"column\">\n\t\t\t<div class=\"elementor-widget-wrap elementor-element-populated\">\n\t\t\t\t\t\t<div class=\"elementor-element elementor-element-9f3d693 elementor-widget elementor-widget-text-editor\" data-id=\"9f3d693\" data-element_type=\"widget\" data-widget_type=\"text-editor.default\">\n\t\t\t\t<div class=\"elementor-widget-container\">\n\t\t\t\t\t\t\t<p>Jume paraneb, poorid ahenevad, naha tekstuur \u00fchtlustub, armid, pigmentatsioon ja aknearmid kaovad.<\/p><p>T\u00f5hus kompleksses aknevastases v\u00f5itluses.<\/p><p>See biorevitaliseerimisprotseduur stimuleerib enda kollageeni tootmist.\u00a0<\/p><p>Preparaadi m\u00f5ju intensiivsuse poolest kuulub see protseduur keskmise\u00a0s\u00fcgavusega koorimise hulka.<\/p><p><b>Protseduuri eelised:\u00a0<\/b><\/p><ul><li>P\u00e4rast PRX T33 pealekandmist tungivad happelise komponendi toimeained aktiivselt l\u00e4bi naha ja uuendavad epidermise kudesid, m\u00f5jutades\u00a0 ilma naha v\u00e4liskihe kahjustamata.<\/li><li>\u00a0Puuduvad k\u00f5rvaln\u00e4hud nagu naha punetus, ketendus\u00a0<\/li><li>Koorimine ei m\u00f5juta naha valgustundlikkust ja protseduuri saab l\u00e4bi viia ka suvel.<\/li><\/ul>\t\t\t\t\t\t<\/div>\n\t\t\t\t<\/div>\n\t\t\t\t\t<\/div>\n\t\t<\/div>\n\t\t\t\t\t<\/div>\n\t\t<\/section>\n\t\t\t\t<section class=\"elementor-section elementor-top-section elementor-element elementor-element-b8dd707 elementor-section-boxed elementor-section-height-default elementor-section-height-default\" data-id=\"b8dd707\" data-element_type=\"section\">\n\t\t\t\t\t\t<div class=\"elementor-container elementor-column-gap-default\">\n\t\t\t\t\t<div class=\"elementor-column elementor-col-100 elementor-top-column elementor-element elementor-element-15e0e4f\" data-id=\"15e0e4f\" data-element_type=\"column\">\n\t\t\t<div class=\"elementor-widget-wrap elementor-element-populated\">\n\t\t\t\t\t\t<div class=\"elementor-element elementor-element-db2ae45 elementor-widget elementor-widget-heading\" data-id=\"db2ae45\" data-element_type=\"widget\" data-widget_type=\"heading.default\">\n\t\t\t\t<div class=\"elementor-widget-container\">\n\t\t\t<h2 class=\"elementor-heading-title elementor-size-default\">Preparaadi omadused <\/h2>\t\t<\/div>\n\t\t\t\t<\/div>\n\t\t\t\t<div class=\"elementor-element elementor-element-23377f3 elementor-widget elementor-widget-text-editor\" data-id=\"23377f3\" data-element_type=\"widget\" data-widget_type=\"text-editor.default\">\n\t\t\t\t<div class=\"elementor-widget-container\">\n\t\t\t\t\t\t\t<p style=\"text-align: center;\">PRX T33 piiling on uue p\u00f5lvkonna keemiline koorimine, mida esindab<br \/>Itaalia kaubam\u00e4rk WIQOmed.<\/p>\t\t\t\t\t\t<\/div>\n\t\t\t\t<\/div>\n\t\t\t\t\t<\/div>\n\t\t<\/div>\n\t\t\t\t\t<\/div>\n\t\t<\/section>\n\t\t\t\t<section class=\"elementor-section elementor-top-section elementor-element elementor-element-5bd28dd4 elementor-section-boxed elementor-section-height-default elementor-section-height-default\" data-id=\"5bd28dd4\" data-element_type=\"section\">\n\t\t\t\t\t\t<div class=\"elementor-container elementor-column-gap-default\">\n\t\t\t\t\t<div class=\"elementor-column elementor-col-50 elementor-top-column elementor-element elementor-element-399bb8f\" data-id=\"399bb8f\" data-element_type=\"column\">\n\t\t\t<div class=\"elementor-widget-wrap elementor-element-populated\">\n\t\t\t\t\t\t<div class=\"elementor-element elementor-element-4290eeb elementor-widget elementor-widget-text-editor\" data-id=\"4290eeb\" data-element_type=\"widget\" data-widget_type=\"text-editor.default\">\n\t\t\t\t<div class=\"elementor-widget-container\">\n\t\t\t\t\t\t\t<p><b>PRX T33 toimeained:<\/b><\/p><ul><li aria-level=\"2\"><b>33% trikloro\u00e4\u00e4dikhapet <\/b>leidub enamikes koorijates.<\/li><\/ul><p>Sellel on regenereeriv toime ja t\u00e4nu p\u00f5letikuvastasele toimele soodustab kudede uuenemist ning blokeerib akne teket.\u00a0<\/p><p>PRX T33 kasutamisel stimuleeritakse enda kollageeni ja elastiini s\u00fcnteesi \u2013 see v\u00f5imaldab saavutada piilingu tugeva efektiivsuse.<\/p><ul><li aria-level=\"2\"><b>Vesinikperoksiid<\/b> \u2013 on p\u00f5letikuvastase toimega ja v\u00f5imendab trikloro\u00e4\u00e4dikhappe toimet, v\u00e4hendab naha traumat, soodustab p\u00e4rast protseduuri taastumist.<\/li><li aria-level=\"2\"><b>Kojichape<\/b> \u2013 parandab nahatooni, eemaldab pigmendilaike, blokeerib tedret\u00e4hnide tekkes osalevat melaniini s\u00fcnteesi, v\u00f5itleb armistuvate nahamuutuste vastu.<\/li><\/ul>\t\t\t\t\t\t<\/div>\n\t\t\t\t<\/div>\n\t\t\t\t\t<\/div>\n\t\t<\/div>\n\t\t\t\t<div class=\"elementor-column elementor-col-50 elementor-top-column elementor-element elementor-element-3b5d224\" data-id=\"3b5d224\" data-element_type=\"column\">\n\t\t\t<div class=\"elementor-widget-wrap elementor-element-populated\">\n\t\t\t\t\t\t<div class=\"elementor-element elementor-element-f878ff8 elementor-widget elementor-widget-image\" data-id=\"f878ff8\" data-element_type=\"widget\" data-widget_type=\"image.default\">\n\t\t\t\t<div class=\"elementor-widget-container\">\n\t\t\t\t\t\t\t\t\t\t\t\t\t<img decoding=\"async\" width=\"704\" height=\"800\" src=\"https:\/\/copy.medicest.eu\/wp-content\/uploads\/2021\/10\/prx-t33.jpg\" class=\"attachment-large size-large wp-image-4303\" alt=\"\" srcset=\"https:\/\/copy.medicest.eu\/wp-content\/uploads\/2021\/10\/prx-t33.jpg 704w, https:\/\/copy.medicest.eu\/wp-content\/uploads\/2021\/10\/prx-t33-264x300.jpg 264w, https:\/\/copy.medicest.eu\/wp-content\/uploads\/2021\/10\/prx-t33-132x150.jpg 132w\" sizes=\"(max-width: 704px) 100vw, 704px\" \/>\t\t\t\t\t\t\t\t\t\t\t\t\t<\/div>\n\t\t\t\t<\/div>\n\t\t\t\t\t<\/div>\n\t\t<\/div>\n\t\t\t\t\t<\/div>\n\t\t<\/section>\n\t\t\t\t<section class=\"elementor-section elementor-top-section elementor-element elementor-element-07ce150 elementor-section-boxed elementor-section-height-default elementor-section-height-default\" data-id=\"07ce150\" data-element_type=\"section\">\n\t\t\t\t\t\t<div class=\"elementor-container elementor-column-gap-default\">\n\t\t\t\t\t<div class=\"elementor-column elementor-col-50 elementor-top-column elementor-element elementor-element-6bae6ca\" data-id=\"6bae6ca\" data-element_type=\"column\">\n\t\t\t<div class=\"elementor-widget-wrap elementor-element-populated\">\n\t\t\t\t\t\t<div class=\"elementor-element elementor-element-16196d5 elementor-widget elementor-widget-text-editor\" data-id=\"16196d5\" data-element_type=\"widget\" data-widget_type=\"text-editor.default\">\n\t\t\t\t<div class=\"elementor-widget-container\">\n\t\t\t\t\t\t\t<p><b>N\u00e4idustused:\u00a0<\/b><\/p><ul><li>Akne\u00a0<\/li><li>Atroofilised armid<\/li><li>V\u00e4henenud naha turgor, l\u00f5tvumine<\/li><li>Pigmendilaigud, tedret\u00e4hnid<\/li><li>Seborroiline dermatiit<\/li><li>H\u00fcperkeratoos<\/li><li>Agressiivse p\u00e4ikesevalgusega kokkupuute tagaj\u00e4rjed<\/li><\/ul>\t\t\t\t\t\t<\/div>\n\t\t\t\t<\/div>\n\t\t\t\t\t<\/div>\n\t\t<\/div>\n\t\t\t\t<div class=\"elementor-column elementor-col-50 elementor-top-column elementor-element elementor-element-06377fb\" data-id=\"06377fb\" data-element_type=\"column\">\n\t\t\t<div class=\"elementor-widget-wrap elementor-element-populated\">\n\t\t\t\t\t\t<div class=\"elementor-element elementor-element-242b71d elementor-widget elementor-widget-text-editor\" data-id=\"242b71d\" data-element_type=\"widget\" data-widget_type=\"text-editor.default\">\n\t\t\t\t<div class=\"elementor-widget-container\">\n\t\t\t\t\t\t\t<p><b>Tulemused:\u00a0<\/b><\/p><ul><li aria-level=\"2\">Naha elastsuse paranemine ja jume \u00fchtlustumine.<\/li><li aria-level=\"2\">Kortsude silumine, kapillaaride taastamine, dermise parandamine ja toitmine.<\/li><li aria-level=\"2\">Armide ja naha ebatasasuste v\u00e4hendamine, pooride puhastumine.\u00a0<\/li><li aria-level=\"2\">P\u00f5letikuliste protsesside v\u00e4hendamine \u2013 bakterite aktiivsuse v\u00e4hendamine.<\/li><\/ul>\t\t\t\t\t\t<\/div>\n\t\t\t\t<\/div>\n\t\t\t\t\t<\/div>\n\t\t<\/div>\n\t\t\t\t\t<\/div>\n\t\t<\/section>\n\t\t\t\t<section class=\"elementor-section elementor-top-section elementor-element elementor-element-aed63af elementor-section-boxed elementor-section-height-default elementor-section-height-default\" data-id=\"aed63af\" data-element_type=\"section\" data-settings=\"{&quot;background_background&quot;:&quot;classic&quot;}\">\n\t\t\t\t\t\t<div class=\"elementor-container elementor-column-gap-default\">\n\t\t\t\t\t<div class=\"elementor-column elementor-col-100 elementor-top-column elementor-element elementor-element-6136f33\" data-id=\"6136f33\" data-element_type=\"column\">\n\t\t\t<div class=\"elementor-widget-wrap elementor-element-populated\">\n\t\t\t\t\t\t<div class=\"elementor-element elementor-element-6f42bef elementor-widget elementor-widget-text-editor\" data-id=\"6f42bef\" data-element_type=\"widget\" data-widget_type=\"text-editor.default\">\n\t\t\t\t<div class=\"elementor-widget-container\">\n\t\t\t\t\t\t\t<p>Koorimisprotseduur PRX T33 viiakse l\u00e4bi 3-7 koorimise k\u00e4igus, mis aitab saavutada soovitud tulemust saavutada ja efekti kinnistada.\u00a0<\/p><p>Protseduuride vahel on soovitatav teha 7-p\u00e4evane paus. Kuure v\u00f5ib l\u00e4bi viia kord poole aasta jooksul.<\/p><p>Protseduuri kestus on 30 kuni 40 minutit.<\/p>\t\t\t\t\t\t<\/div>\n\t\t\t\t<\/div>\n\t\t\t\t\t<\/div>\n\t\t<\/div>\n\t\t\t\t\t<\/div>\n\t\t<\/section>\n\t\t\t\t<section class=\"elementor-section elementor-top-section elementor-element elementor-element-47903100 elementor-section-boxed elementor-section-height-default elementor-section-height-default\" data-id=\"47903100\" data-element_type=\"section\">\n\t\t\t\t\t\t<div class=\"elementor-container elementor-column-gap-default\">\n\t\t\t\t\t<div class=\"elementor-column elementor-col-100 elementor-top-column elementor-element elementor-element-65f2cbfd\" data-id=\"65f2cbfd\" data-element_type=\"column\">\n\t\t\t<div class=\"elementor-widget-wrap elementor-element-populated\">\n\t\t\t\t\t\t<div class=\"elementor-element elementor-element-3d912e1d elementor-widget elementor-widget-heading\" data-id=\"3d912e1d\" data-element_type=\"widget\" data-widget_type=\"heading.default\">\n\t\t\t\t<div class=\"elementor-widget-container\">\n\t\t\t<h2 class=\"elementor-heading-title elementor-size-default\">Hinnakiri<\/h2>\t\t<\/div>\n\t\t\t\t<\/div>\n\t\t\t\t<div class=\"elementor-element elementor-element-36bb801 elementor-widget elementor-widget-text-editor\" data-id=\"36bb801\" data-element_type=\"widget\" data-widget_type=\"text-editor.default\">\n\t\t\t\t<div class=\"elementor-widget-container\">\n\t\t\t\t\t\t\t<p>\n<table id=\"tablepress-78\" class=\"tablepress tablepress-id-78 tablepress-responsive\">\n<thead>\n<tr class=\"row-1 odd\">\n\t<th class=\"column-1\">Piiling PRX-T33<\/th><th class=\"column-2\">Hind \u20ac<\/th>\n<\/tr>\n<\/thead>\n<tbody class=\"row-hover\">\n<tr class=\"row-2 even\">\n\t<td class=\"column-1\">Piiling  PRX-T33 N\u00e4gu<\/td><td class=\"column-2\">100,00<\/td>\n<\/tr>\n<tr class=\"row-3 odd\">\n\t<td class=\"column-1\">Piiling  PRX-T33 N\u00e4gu, kael<\/td><td class=\"column-2\">120,00<\/td>\n<\/tr>\n<tr class=\"row-4 even\">\n\t<td class=\"column-1\">Piiling  PRX-T33 N\u00e4gu, kael, dekoltee<\/td><td class=\"column-2\">140,00<\/td>\n<\/tr>\n<\/tbody>\n<\/table>\n<!-- #tablepress-78 from cache --><\/p>\t\t\t\t\t\t<\/div>\n\t\t\t\t<\/div>\n\t\t\t\t<div class=\"elementor-element elementor-element-74eea34c pp-buttons-halign-center pp-buttons-stack-none elementor-widget elementor-widget-pp-buttons\" data-id=\"74eea34c\" data-element_type=\"widget\" data-widget_type=\"pp-buttons.default\">\n\t\t\t\t<div class=\"elementor-widget-container\">\n\t\t\t\t\t<div class=\"pp-buttons-group\">\n\t\t\t\t\t\t\t\t\t\t\t<a href=\"https:\/\/shop.medicest.eu\/et\/product\/prx-t33-naohooldus\/\" target=\"_blank\" class=\"pp-button elementor-button elementor-size-md elementor-repeater-item-c938c7f \">\n\t\t\t\t\t<div class=\"pp-button-content-wrapper\">\n\t\t\t\t\t\t<span class=\"pp-button-content-inner pp-icon-before\">\n\t\t\t\t\t\t\t\n\t\t\t\t\t\t\t\t<span class=\"pp-button-title\">\n\t\t\t\t\t\t\t\t\tOsta\t\t\t\t\t\t\t\t<\/span>\n\t\t\t\t\t\t\t\t\t\t\t\t\t<\/span>\n\t\t\t\t\t<\/div>\n\t\t\t\t<\/a>\n\t\t\t\t\t\t\t\t\t\t<\/div>\t\t<\/div>\n\t\t\t\t<\/div>\n\t\t\t\t\t<\/div>\n\t\t<\/div>\n\t\t\t\t\t<\/div>\n\t\t<\/section>\n\t\t\t\t<\/div>\n\t\t","protected":false},"excerpt":{"rendered":"<p>PRX-T33 piiling revolutsiooniline naha noorendamise metoodika ILMA injektsioonideta, ILMA valuta, ILMA taastumisperioodita, ILMA naha koorumiseta Jume paraneb, poorid ahenevad, naha tekstuur \u00fchtlustub, armid, pigmentatsioon ja aknearmid kaovad. T\u00f5hus kompleksses aknevastases v\u00f5itluses. See biorevitaliseerimisprotseduur stimuleerib enda kollageeni tootmist. Preparaadi m\u00f5ju intensiivsuse poolest kuulub see protseduur keskmise\u00a0s\u00fcgavusega koorimise hulka. Protseduuri eelised:\u00a0 P\u00e4rast\u2026<\/p>\n<p class=\"continue-reading-button\"> <a class=\"continue-reading-link\" href=\"https:\/\/copy.medicest.eu\/et\/piiling-prx-t33\/\"><i class=\"crycon-right-dir\"><\/i><\/a><\/p>\n","protected":false},"author":1,"featured_media":0,"parent":0,"menu_order":0,"comment_status":"closed","ping_status":"closed","template":"","meta":{"footnotes":""},"class_list":["post-5261","page","type-page","status-publish","hentry"],"yoast_head":"<!-- This site is optimized with the Yoast SEO plugin v23.6 - https:\/\/yoast.com\/wordpress\/plugins\/seo\/ -->\n<title>Piiling PRX-T33 - Ilukliinik Medic-Esthetic<\/title>\n<meta name=\"robots\" content=\"index, follow, max-snippet:-1, max-image-preview:large, max-video-preview:-1\" \/>\n<link rel=\"canonical\" href=\"https:\/\/copy.medicest.eu\/et\/piiling-prx-t33\/\" \/>\n<meta property=\"og:locale\" content=\"et_EE\" \/>\n<meta property=\"og:type\" content=\"article\" \/>\n<meta property=\"og:title\" content=\"Piiling PRX-T33 - Ilukliinik Medic-Esthetic\" \/>\n<meta property=\"og:description\" content=\"PRX-T33 piiling revolutsiooniline naha noorendamise metoodika ILMA injektsioonideta, ILMA valuta, ILMA taastumisperioodita, ILMA naha koorumiseta Jume paraneb, poorid ahenevad, naha tekstuur \u00fchtlustub, armid, pigmentatsioon ja aknearmid kaovad. T\u00f5hus kompleksses aknevastases v\u00f5itluses. See biorevitaliseerimisprotseduur stimuleerib enda kollageeni tootmist. Preparaadi m\u00f5ju intensiivsuse poolest kuulub see protseduur keskmise\u00a0s\u00fcgavusega koorimise hulka. Protseduuri eelised:\u00a0 P\u00e4rast\u2026\" \/>\n<meta property=\"og:url\" content=\"https:\/\/copy.medicest.eu\/et\/piiling-prx-t33\/\" \/>\n<meta property=\"og:site_name\" content=\"Ilukliinik Medic-Esthetic\" \/>\n<meta property=\"article:modified_time\" content=\"2022-05-04T14:05:33+00:00\" \/>\n<meta property=\"og:image\" content=\"https:\/\/copy.medicest.eu\/wp-content\/uploads\/2021\/10\/prx-t33-1.jpg\" \/>\n<meta name=\"twitter:card\" content=\"summary_large_image\" \/>\n<meta name=\"twitter:label1\" content=\"Est. reading time\" \/>\n\t<meta name=\"twitter:data1\" content=\"2 minutit\" \/>\n<script type=\"application\/ld+json\" class=\"yoast-schema-graph\">{\"@context\":\"https:\/\/schema.org\",\"@graph\":[{\"@type\":\"WebPage\",\"@id\":\"https:\/\/copy.medicest.eu\/et\/piiling-prx-t33\/\",\"url\":\"https:\/\/copy.medicest.eu\/et\/piiling-prx-t33\/\",\"name\":\"Piiling PRX-T33 - Ilukliinik Medic-Esthetic\",\"isPartOf\":{\"@id\":\"https:\/\/copy.medicest.eu\/#website\"},\"primaryImageOfPage\":{\"@id\":\"https:\/\/copy.medicest.eu\/et\/piiling-prx-t33\/#primaryimage\"},\"image\":{\"@id\":\"https:\/\/copy.medicest.eu\/et\/piiling-prx-t33\/#primaryimage\"},\"thumbnailUrl\":\"https:\/\/copy.medicest.eu\/wp-content\/uploads\/2021\/10\/prx-t33-1.jpg\",\"datePublished\":\"2021-09-16T10:21:21+00:00\",\"dateModified\":\"2022-05-04T14:05:33+00:00\",\"breadcrumb\":{\"@id\":\"https:\/\/copy.medicest.eu\/et\/piiling-prx-t33\/#breadcrumb\"},\"inLanguage\":\"et\",\"potentialAction\":[{\"@type\":\"ReadAction\",\"target\":[\"https:\/\/copy.medicest.eu\/et\/piiling-prx-t33\/\"]}]},{\"@type\":\"ImageObject\",\"inLanguage\":\"et\",\"@id\":\"https:\/\/copy.medicest.eu\/et\/piiling-prx-t33\/#primaryimage\",\"url\":\"https:\/\/copy.medicest.eu\/wp-content\/uploads\/2021\/10\/prx-t33-1.jpg\",\"contentUrl\":\"https:\/\/copy.medicest.eu\/wp-content\/uploads\/2021\/10\/prx-t33-1.jpg\"},{\"@type\":\"BreadcrumbList\",\"@id\":\"https:\/\/copy.medicest.eu\/et\/piiling-prx-t33\/#breadcrumb\",\"itemListElement\":[{\"@type\":\"ListItem\",\"position\":1,\"name\":\"Home\",\"item\":\"https:\/\/copy.medicest.eu\/et\/\"},{\"@type\":\"ListItem\",\"position\":2,\"name\":\"Piiling PRX-T33\"}]},{\"@type\":\"WebSite\",\"@id\":\"https:\/\/copy.medicest.eu\/#website\",\"url\":\"https:\/\/copy.medicest.eu\/\",\"name\":\"Ilukliinik Medic-Esthetic\",\"description\":\"Beauty &amp; Prestige\",\"potentialAction\":[{\"@type\":\"SearchAction\",\"target\":{\"@type\":\"EntryPoint\",\"urlTemplate\":\"https:\/\/copy.medicest.eu\/?s={search_term_string}\"},\"query-input\":{\"@type\":\"PropertyValueSpecification\",\"valueRequired\":true,\"valueName\":\"search_term_string\"}}],\"inLanguage\":\"et\"}]}<\/script>\n<!-- \/ Yoast SEO plugin. -->","yoast_head_json":{"title":"Piiling PRX-T33 - Ilukliinik Medic-Esthetic","robots":{"index":"index","follow":"follow","max-snippet":"max-snippet:-1","max-image-preview":"max-image-preview:large","max-video-preview":"max-video-preview:-1"},"canonical":"https:\/\/copy.medicest.eu\/et\/piiling-prx-t33\/","og_locale":"et_EE","og_type":"article","og_title":"Piiling PRX-T33 - Ilukliinik Medic-Esthetic","og_description":"PRX-T33 piiling revolutsiooniline naha noorendamise metoodika ILMA injektsioonideta, ILMA valuta, ILMA taastumisperioodita, ILMA naha koorumiseta Jume paraneb, poorid ahenevad, naha tekstuur \u00fchtlustub, armid, pigmentatsioon ja aknearmid kaovad. T\u00f5hus kompleksses aknevastases v\u00f5itluses. See biorevitaliseerimisprotseduur stimuleerib enda kollageeni tootmist. Preparaadi m\u00f5ju intensiivsuse poolest kuulub see protseduur keskmise\u00a0s\u00fcgavusega koorimise hulka. Protseduuri eelised:\u00a0 P\u00e4rast\u2026","og_url":"https:\/\/copy.medicest.eu\/et\/piiling-prx-t33\/","og_site_name":"Ilukliinik Medic-Esthetic","article_modified_time":"2022-05-04T14:05:33+00:00","og_image":[{"url":"https:\/\/copy.medicest.eu\/wp-content\/uploads\/2021\/10\/prx-t33-1.jpg"}],"twitter_card":"summary_large_image","twitter_misc":{"Est. reading time":"2 minutit"},"schema":{"@context":"https:\/\/schema.org","@graph":[{"@type":"WebPage","@id":"https:\/\/copy.medicest.eu\/et\/piiling-prx-t33\/","url":"https:\/\/copy.medicest.eu\/et\/piiling-prx-t33\/","name":"Piiling PRX-T33 - Ilukliinik Medic-Esthetic","isPartOf":{"@id":"https:\/\/copy.medicest.eu\/#website"},"primaryImageOfPage":{"@id":"https:\/\/copy.medicest.eu\/et\/piiling-prx-t33\/#primaryimage"},"image":{"@id":"https:\/\/copy.medicest.eu\/et\/piiling-prx-t33\/#primaryimage"},"thumbnailUrl":"https:\/\/copy.medicest.eu\/wp-content\/uploads\/2021\/10\/prx-t33-1.jpg","datePublished":"2021-09-16T10:21:21+00:00","dateModified":"2022-05-04T14:05:33+00:00","breadcrumb":{"@id":"https:\/\/copy.medicest.eu\/et\/piiling-prx-t33\/#breadcrumb"},"inLanguage":"et","potentialAction":[{"@type":"ReadAction","target":["https:\/\/copy.medicest.eu\/et\/piiling-prx-t33\/"]}]},{"@type":"ImageObject","inLanguage":"et","@id":"https:\/\/copy.medicest.eu\/et\/piiling-prx-t33\/#primaryimage","url":"https:\/\/copy.medicest.eu\/wp-content\/uploads\/2021\/10\/prx-t33-1.jpg","contentUrl":"https:\/\/copy.medicest.eu\/wp-content\/uploads\/2021\/10\/prx-t33-1.jpg"},{"@type":"BreadcrumbList","@id":"https:\/\/copy.medicest.eu\/et\/piiling-prx-t33\/#breadcrumb","itemListElement":[{"@type":"ListItem","position":1,"name":"Home","item":"https:\/\/copy.medicest.eu\/et\/"},{"@type":"ListItem","position":2,"name":"Piiling PRX-T33"}]},{"@type":"WebSite","@id":"https:\/\/copy.medicest.eu\/#website","url":"https:\/\/copy.medicest.eu\/","name":"Ilukliinik Medic-Esthetic","description":"Beauty &amp; Prestige","potentialAction":[{"@type":"SearchAction","target":{"@type":"EntryPoint","urlTemplate":"https:\/\/copy.medicest.eu\/?s={search_term_string}"},"query-input":{"@type":"PropertyValueSpecification","valueRequired":true,"valueName":"search_term_string"}}],"inLanguage":"et"}]}},"_links":{"self":[{"href":"https:\/\/copy.medicest.eu\/et\/wp-json\/wp\/v2\/pages\/5261","targetHints":{"allow":["GET"]}}],"collection":[{"href":"https:\/\/copy.medicest.eu\/et\/wp-json\/wp\/v2\/pages"}],"about":[{"href":"https:\/\/copy.medicest.eu\/et\/wp-json\/wp\/v2\/types\/page"}],"author":[{"embeddable":true,"href":"https:\/\/copy.medicest.eu\/et\/wp-json\/wp\/v2\/users\/1"}],"replies":[{"embeddable":true,"href":"https:\/\/copy.medicest.eu\/et\/wp-json\/wp\/v2\/comments?post=5261"}],"version-history":[{"count":8,"href":"https:\/\/copy.medicest.eu\/et\/wp-json\/wp\/v2\/pages\/5261\/revisions"}],"predecessor-version":[{"id":8415,"href":"https:\/\/copy.medicest.eu\/et\/wp-json\/wp\/v2\/pages\/5261\/revisions\/8415"}],"wp:attachment":[{"href":"https:\/\/copy.medicest.eu\/et\/wp-json\/wp\/v2\/media?parent=5261"}],"curies":[{"name":"wp","href":"https:\/\/api.w.org\/{rel}","templated":true}]}}