{"id":5297,"date":"2021-10-15T11:50:25","date_gmt":"2021-10-15T11:50:25","guid":{"rendered":"https:\/\/copy.medicest.eu\/kosmetika-domashnego-uxoda-holy-land\/"},"modified":"2023-02-28T12:34:22","modified_gmt":"2023-02-28T12:34:22","slug":"koduse-hoolduse-kosmeetika-holy-land","status":"publish","type":"page","link":"https:\/\/copy.medicest.eu\/et\/koduse-hoolduse-kosmeetika-holy-land\/","title":{"rendered":"Koduse hoolduse kosmeetika Holy Land"},"content":{"rendered":"\t\t<div data-elementor-type=\"wp-page\" data-elementor-id=\"5297\" class=\"elementor elementor-5297 elementor-4312\">\n\t\t\t\t\t\t<section class=\"elementor-section elementor-top-section elementor-element elementor-element-7fd87e51 elementor-section-boxed elementor-section-height-default elementor-section-height-default\" data-id=\"7fd87e51\" data-element_type=\"section\">\n\t\t\t\t\t\t<div class=\"elementor-container elementor-column-gap-default\">\n\t\t\t\t\t<div class=\"elementor-column elementor-col-100 elementor-top-column elementor-element elementor-element-17be41a9\" data-id=\"17be41a9\" data-element_type=\"column\">\n\t\t\t<div class=\"elementor-widget-wrap elementor-element-populated\">\n\t\t\t\t\t\t<div class=\"elementor-element elementor-element-587063c elementor-widget elementor-widget-heading\" data-id=\"587063c\" data-element_type=\"widget\" data-widget_type=\"heading.default\">\n\t\t\t\t<div class=\"elementor-widget-container\">\n\t\t\t<h2 class=\"elementor-heading-title elementor-size-default\">Holy Land<\/h2>\t\t<\/div>\n\t\t\t\t<\/div>\n\t\t\t\t<div class=\"elementor-element elementor-element-475745c3 elementor-widget elementor-widget-heading\" data-id=\"475745c3\" data-element_type=\"widget\" data-widget_type=\"heading.default\">\n\t\t\t\t<div class=\"elementor-widget-container\">\n\t\t\t<h3 class=\"elementor-heading-title elementor-size-default\">Koduse hoolduse kosmeetika<\/h3>\t\t<\/div>\n\t\t\t\t<\/div>\n\t\t\t\t\t<\/div>\n\t\t<\/div>\n\t\t\t\t\t<\/div>\n\t\t<\/section>\n\t\t\t\t<section class=\"elementor-section elementor-top-section elementor-element elementor-element-f5263aa elementor-section-boxed elementor-section-height-default elementor-section-height-default\" data-id=\"f5263aa\" data-element_type=\"section\">\n\t\t\t\t\t\t<div class=\"elementor-container elementor-column-gap-default\">\n\t\t\t\t\t<div class=\"elementor-column elementor-col-50 elementor-top-column elementor-element elementor-element-f8e9ad9\" data-id=\"f8e9ad9\" data-element_type=\"column\">\n\t\t\t<div class=\"elementor-widget-wrap elementor-element-populated\">\n\t\t\t\t\t\t<div class=\"elementor-element elementor-element-baff6b3 elementor-widget elementor-widget-image\" data-id=\"baff6b3\" data-element_type=\"widget\" data-widget_type=\"image.default\">\n\t\t\t\t<div class=\"elementor-widget-container\">\n\t\t\t\t\t\t\t\t\t\t\t\t\t<img fetchpriority=\"high\" decoding=\"async\" width=\"427\" height=\"310\" src=\"https:\/\/copy.medicest.eu\/wp-content\/uploads\/2021\/10\/dermalight.jpg\" class=\"attachment-full size-full wp-image-4328\" alt=\"\" srcset=\"https:\/\/copy.medicest.eu\/wp-content\/uploads\/2021\/10\/dermalight.jpg 427w, https:\/\/copy.medicest.eu\/wp-content\/uploads\/2021\/10\/dermalight-300x218.jpg 300w, https:\/\/copy.medicest.eu\/wp-content\/uploads\/2021\/10\/dermalight-150x109.jpg 150w\" sizes=\"(max-width: 427px) 100vw, 427px\" \/>\t\t\t\t\t\t\t\t\t\t\t\t\t<\/div>\n\t\t\t\t<\/div>\n\t\t\t\t\t<\/div>\n\t\t<\/div>\n\t\t\t\t<div class=\"elementor-column elementor-col-50 elementor-top-column elementor-element elementor-element-b55c48e\" data-id=\"b55c48e\" data-element_type=\"column\">\n\t\t\t<div class=\"elementor-widget-wrap elementor-element-populated\">\n\t\t\t\t\t\t<div class=\"elementor-element elementor-element-6620100 elementor-widget elementor-widget-text-editor\" data-id=\"6620100\" data-element_type=\"widget\" data-widget_type=\"text-editor.default\">\n\t\t\t\t<div class=\"elementor-widget-container\">\n\t\t\t\t\t\t\t<p>Ettev\u00f5tte t\u00e4isnimi on Holy Land cosmetics laboratories.\u00a0<\/p><p>Igap\u00e4evaelus kuuleb sagedamini\u00a0 nimetust HL Laboratories v\u00f5i lihtsalt Holy Land.<\/p><p>Inglise keelest on Holy Land t\u00f5lgitud kui p\u00fcha \u201emaa\u201c. T\u00f5epoolest, ettev\u00f5tte tooted on hinnaline allikas, tervest Iisraelist kogutud maiste aarete varakamber.<\/p><p>Ravimtaimed, puuviljaekstraktid ja Surnumere mineraalid on HL Laboratories\u2019 kosmeetikatoodete aluseks.<\/p><p>Need laborid t\u00f6\u00f6tavad igap\u00e4evaselt, et luua keerukaid komponente, mis suudavad konkreetselt erinevate probleemidega tegeleda.<\/p>\t\t\t\t\t\t<\/div>\n\t\t\t\t<\/div>\n\t\t\t\t\t<\/div>\n\t\t<\/div>\n\t\t\t\t\t<\/div>\n\t\t<\/section>\n\t\t\t\t<section class=\"elementor-section elementor-top-section elementor-element elementor-element-de0e8a6 elementor-section-boxed elementor-section-height-default elementor-section-height-default\" data-id=\"de0e8a6\" data-element_type=\"section\">\n\t\t\t\t\t\t<div class=\"elementor-container elementor-column-gap-default\">\n\t\t\t\t\t<div class=\"elementor-column elementor-col-50 elementor-top-column elementor-element elementor-element-341889c\" data-id=\"341889c\" data-element_type=\"column\">\n\t\t\t<div class=\"elementor-widget-wrap elementor-element-populated\">\n\t\t\t\t\t\t<div class=\"elementor-element elementor-element-4537e14 elementor-widget elementor-widget-text-editor\" data-id=\"4537e14\" data-element_type=\"widget\" data-widget_type=\"text-editor.default\">\n\t\t\t\t<div class=\"elementor-widget-container\">\n\t\t\t\t\t\t\t<p>Br\u00e4ndi sortimenti esindab suunatud toimega toodete sari. N\u00e4iteks aknele kalduvale nahale m\u00f5eldud kosmeetikatoodete sarjas on erinevad tooted, mis ei sisalda mitte ainult kreeme ja toonikuid, vaid ka meigieemaldajaid, maske ja koorijaid ning palju muud.<\/p><p>Vananeva naha hooldussari on kuulus oma suurep\u00e4raste tulemuste poolest.\u00a0<\/p><p>Tootjad on n\u00e4inud vaeva selle nimel, et iga naine saaks valida \u00f5iged hooldustooted, olgu tal siis kuiv, tundlik, rasune v\u00f5i vananev nahk. Lai sortiment, looduslik koostis ja laitmatu kvaliteet ei j\u00e4ta \u00fcksk\u00f5ikseks \u00fchtegi kauni soo esindajat.<\/p>\t\t\t\t\t\t<\/div>\n\t\t\t\t<\/div>\n\t\t\t\t<div class=\"elementor-element elementor-element-c3fc5d3 elementor-widget elementor-widget-text-editor\" data-id=\"c3fc5d3\" data-element_type=\"widget\" data-widget_type=\"text-editor.default\">\n\t\t\t\t<div class=\"elementor-widget-container\">\n\t\t\t\t\t\t\t<blockquote><p>Iluk\u00fcsimustes ei tohiks teha kompromisse.<\/p><\/blockquote>\t\t\t\t\t\t<\/div>\n\t\t\t\t<\/div>\n\t\t\t\t\t<\/div>\n\t\t<\/div>\n\t\t\t\t<div class=\"elementor-column elementor-col-50 elementor-top-column elementor-element elementor-element-c02b4e9\" data-id=\"c02b4e9\" data-element_type=\"column\">\n\t\t\t<div class=\"elementor-widget-wrap elementor-element-populated\">\n\t\t\t\t\t\t<div class=\"elementor-element elementor-element-bef7d0d elementor-widget elementor-widget-image\" data-id=\"bef7d0d\" data-element_type=\"widget\" data-widget_type=\"image.default\">\n\t\t\t\t<div class=\"elementor-widget-container\">\n\t\t\t\t\t\t\t\t\t\t\t\t\t<img decoding=\"async\" width=\"351\" height=\"143\" src=\"https:\/\/copy.medicest.eu\/wp-content\/uploads\/2021\/10\/holy.png\" class=\"attachment-large size-large wp-image-4320\" alt=\"\" srcset=\"https:\/\/copy.medicest.eu\/wp-content\/uploads\/2021\/10\/holy.png 351w, https:\/\/copy.medicest.eu\/wp-content\/uploads\/2021\/10\/holy-300x122.png 300w, https:\/\/copy.medicest.eu\/wp-content\/uploads\/2021\/10\/holy-150x61.png 150w\" sizes=\"(max-width: 351px) 100vw, 351px\" \/>\t\t\t\t\t\t\t\t\t\t\t\t\t<\/div>\n\t\t\t\t<\/div>\n\t\t\t\t<div class=\"elementor-element elementor-element-adf4603 elementor-widget elementor-widget-image\" data-id=\"adf4603\" data-element_type=\"widget\" data-widget_type=\"image.default\">\n\t\t\t\t<div class=\"elementor-widget-container\">\n\t\t\t\t\t\t\t\t\t\t\t\t\t<img decoding=\"async\" width=\"600\" height=\"400\" src=\"https:\/\/copy.medicest.eu\/wp-content\/uploads\/2021\/10\/ALL-ABR-complex-Composition-WITH-RETINOL-mockup-600x400-1.jpg\" class=\"attachment-large size-large wp-image-4326\" alt=\"\" srcset=\"https:\/\/copy.medicest.eu\/wp-content\/uploads\/2021\/10\/ALL-ABR-complex-Composition-WITH-RETINOL-mockup-600x400-1.jpg 600w, https:\/\/copy.medicest.eu\/wp-content\/uploads\/2021\/10\/ALL-ABR-complex-Composition-WITH-RETINOL-mockup-600x400-1-300x200.jpg 300w, https:\/\/copy.medicest.eu\/wp-content\/uploads\/2021\/10\/ALL-ABR-complex-Composition-WITH-RETINOL-mockup-600x400-1-150x100.jpg 150w\" sizes=\"(max-width: 600px) 100vw, 600px\" \/>\t\t\t\t\t\t\t\t\t\t\t\t\t<\/div>\n\t\t\t\t<\/div>\n\t\t\t\t\t<\/div>\n\t\t<\/div>\n\t\t\t\t\t<\/div>\n\t\t<\/section>\n\t\t\t\t<section class=\"elementor-section elementor-top-section elementor-element elementor-element-e9bed2e elementor-section-boxed elementor-section-height-default elementor-section-height-default\" data-id=\"e9bed2e\" data-element_type=\"section\">\n\t\t\t\t\t\t<div class=\"elementor-container elementor-column-gap-default\">\n\t\t\t\t\t<div class=\"elementor-column elementor-col-50 elementor-top-column elementor-element elementor-element-ecc9ff1\" data-id=\"ecc9ff1\" data-element_type=\"column\">\n\t\t\t<div class=\"elementor-widget-wrap elementor-element-populated\">\n\t\t\t\t\t\t<div class=\"elementor-element elementor-element-18b7d42 elementor-widget elementor-widget-image\" data-id=\"18b7d42\" data-element_type=\"widget\" data-widget_type=\"image.default\">\n\t\t\t\t<div class=\"elementor-widget-container\">\n\t\t\t\t\t\t\t\t\t\t\t\t\t<img loading=\"lazy\" decoding=\"async\" width=\"617\" height=\"359\" src=\"https:\/\/copy.medicest.eu\/wp-content\/uploads\/2021\/10\/a-nox.jpg\" class=\"attachment-large size-large wp-image-4330\" alt=\"\" srcset=\"https:\/\/copy.medicest.eu\/wp-content\/uploads\/2021\/10\/a-nox.jpg 617w, https:\/\/copy.medicest.eu\/wp-content\/uploads\/2021\/10\/a-nox-300x175.jpg 300w, https:\/\/copy.medicest.eu\/wp-content\/uploads\/2021\/10\/a-nox-150x87.jpg 150w\" sizes=\"(max-width: 617px) 100vw, 617px\" \/>\t\t\t\t\t\t\t\t\t\t\t\t\t<\/div>\n\t\t\t\t<\/div>\n\t\t\t\t\t<\/div>\n\t\t<\/div>\n\t\t\t\t<div class=\"elementor-column elementor-col-50 elementor-top-column elementor-element elementor-element-799ea19\" data-id=\"799ea19\" data-element_type=\"column\">\n\t\t\t<div class=\"elementor-widget-wrap elementor-element-populated\">\n\t\t\t\t\t\t<div class=\"elementor-element elementor-element-a8ed8aa elementor-widget elementor-widget-text-editor\" data-id=\"a8ed8aa\" data-element_type=\"widget\" data-widget_type=\"text-editor.default\">\n\t\t\t\t<div class=\"elementor-widget-container\">\n\t\t\t\t\t\t\t<p>N\u00fc\u00fcd saavad ka tallinlannad kuulsa Iisraeli kaubam\u00e4rgi ainulaadset, t\u00e4iesti looduslikku nahahoolduskosmeetikat proovida.<\/p><p>Hind peab \u00f5igustatult kvaliteedile vastama. HL Laboratories\u2019 kosmeetika on inimese poolt loodud, kuid looduse poolt kingitud aardelaegas.<\/p>\t\t\t\t\t\t<\/div>\n\t\t\t\t<\/div>\n\t\t\t\t<div class=\"elementor-element elementor-element-20e244a elementor-widget elementor-widget-text-editor\" data-id=\"20e244a\" data-element_type=\"widget\" data-widget_type=\"text-editor.default\">\n\t\t\t\t<div class=\"elementor-widget-container\">\n\t\t\t\t\t\t\t<blockquote><p>Kodukasutuseks Holy Land kosmeetikat saab osta kohapealt kliinikust kui ka ettetellimisel.<\/p><\/blockquote>\t\t\t\t\t\t<\/div>\n\t\t\t\t<\/div>\n\t\t\t\t\t<\/div>\n\t\t<\/div>\n\t\t\t\t\t<\/div>\n\t\t<\/section>\n\t\t\t\t<section class=\"elementor-section elementor-top-section elementor-element elementor-element-88f26b1 elementor-section-boxed elementor-section-height-default elementor-section-height-default\" data-id=\"88f26b1\" data-element_type=\"section\" data-settings=\"{&quot;background_background&quot;:&quot;classic&quot;}\">\n\t\t\t\t\t\t<div class=\"elementor-container elementor-column-gap-default\">\n\t\t\t\t\t<div class=\"elementor-column elementor-col-100 elementor-top-column elementor-element elementor-element-75bed6c8\" data-id=\"75bed6c8\" data-element_type=\"column\">\n\t\t\t<div class=\"elementor-widget-wrap elementor-element-populated\">\n\t\t\t\t\t\t<div class=\"elementor-element elementor-element-69622082 elementor-widget elementor-widget-heading\" data-id=\"69622082\" data-element_type=\"widget\" data-widget_type=\"heading.default\">\n\t\t\t\t<div class=\"elementor-widget-container\">\n\t\t\t<h1 class=\"elementor-heading-title elementor-size-default\">Telli tooteid<\/h1>\t\t<\/div>\n\t\t\t\t<\/div>\n\t\t\t\t<div class=\"elementor-element elementor-element-7371f3ca elementor-widget elementor-widget-text-editor\" data-id=\"7371f3ca\" data-element_type=\"widget\" data-widget_type=\"text-editor.default\">\n\t\t\t\t<div class=\"elementor-widget-container\">\n\t\t\t\t\t\t\t<p>\n<div class=\"wpcf7 no-js\" id=\"wpcf7-f11075-o1\" lang=\"et\" dir=\"ltr\">\n<div class=\"screen-reader-response\"><p role=\"status\" aria-live=\"polite\" aria-atomic=\"true\"><\/p> <ul><\/ul><\/div>\n<form action=\"\/et\/wp-json\/wp\/v2\/pages\/5297#wpcf7-f11075-o1\" method=\"post\" class=\"wpcf7-form init\" aria-label=\"Contact form\" novalidate=\"novalidate\" data-status=\"init\">\n<div style=\"display: none;\">\n<input type=\"hidden\" name=\"_wpcf7\" value=\"11075\" \/>\n<input type=\"hidden\" name=\"_wpcf7_version\" value=\"5.9.8\" \/>\n<input type=\"hidden\" name=\"_wpcf7_locale\" value=\"et\" \/>\n<input type=\"hidden\" name=\"_wpcf7_unit_tag\" value=\"wpcf7-f11075-o1\" \/>\n<input type=\"hidden\" name=\"_wpcf7_container_post\" value=\"0\" \/>\n<input type=\"hidden\" name=\"_wpcf7_posted_data_hash\" value=\"\" \/>\n<input type=\"hidden\" name=\"_wpcf7_recaptcha_response\" value=\"\" \/>\n<\/div>\n<p>Teie nimi ja perekonnanimi*\n<\/p>\n<p><span class=\"wpcf7-form-control-wrap\" data-name=\"your-name\"><input size=\"40\" maxlength=\"400\" class=\"wpcf7-form-control wpcf7-text wpcf7-validates-as-required\" aria-required=\"true\" aria-invalid=\"false\" value=\"\" type=\"text\" name=\"your-name\" \/><\/span>\n<\/p>\n<p>Teie e-post*\n<\/p>\n<p><span class=\"wpcf7-form-control-wrap\" data-name=\"your-email\"><input size=\"40\" maxlength=\"400\" class=\"wpcf7-form-control wpcf7-email wpcf7-validates-as-required wpcf7-text wpcf7-validates-as-email\" aria-required=\"true\" aria-invalid=\"false\" value=\"\" type=\"email\" name=\"your-email\" \/><\/span>\n<\/p>\n<p>Teie telefon*\n<\/p>\n<p><span class=\"wpcf7-form-control-wrap\" data-name=\"tel-839\"><input size=\"40\" maxlength=\"400\" class=\"wpcf7-form-control wpcf7-tel wpcf7-validates-as-required wpcf7-text wpcf7-validates-as-tel\" aria-required=\"true\" aria-invalid=\"false\" value=\"\" type=\"tel\" name=\"tel-839\" \/><\/span>\n<\/p>\n<p>Lisainfo:\n<\/p>\n<p><span class=\"wpcf7-form-control-wrap\" data-name=\"your-message\"><textarea cols=\"40\" rows=\"10\" maxlength=\"2000\" class=\"wpcf7-form-control wpcf7-textarea\" aria-invalid=\"false\" name=\"your-message\"><\/textarea><\/span>\n<\/p>\n<p><span id=\"wpcf7-69d8f8e5ae3ed-wrapper\" class=\"wpcf7-form-control-wrap honeypot-739-wrap\" style=\"display:none !important; visibility:hidden !important;\"><label for=\"wpcf7-69d8f8e5ae3ed-field\" class=\"hp-message\">Please leave this field empty.<\/label><input id=\"wpcf7-69d8f8e5ae3ed-field\"  class=\"wpcf7-form-control wpcf7-text\" type=\"text\" name=\"honeypot-739\" value=\"\" size=\"40\" tabindex=\"-1\" autocomplete=\"new-password\" \/><\/span>\n<\/p>\n<p><input class=\"wpcf7-form-control wpcf7-submit has-spinner\" type=\"submit\" value=\"Saada\" \/>\n<\/p><p style=\"display: none !important;\" class=\"akismet-fields-container\" data-prefix=\"_wpcf7_ak_\"><label>&#916;<textarea name=\"_wpcf7_ak_hp_textarea\" cols=\"45\" rows=\"8\" maxlength=\"100\"><\/textarea><\/label><input type=\"hidden\" id=\"ak_js_1\" name=\"_wpcf7_ak_js\" value=\"161\"\/><script>document.getElementById( \"ak_js_1\" ).setAttribute( \"value\", ( new Date() ).getTime() );<\/script><\/p><div class=\"wpcf7-response-output\" aria-hidden=\"true\"><\/div>\n<\/form>\n<\/div>\n<\/p>\t\t\t\t\t\t<\/div>\n\t\t\t\t<\/div>\n\t\t\t\t\t<\/div>\n\t\t<\/div>\n\t\t\t\t\t<\/div>\n\t\t<\/section>\n\t\t\t\t<\/div>\n\t\t","protected":false},"excerpt":{"rendered":"<p>Holy Land Koduse hoolduse kosmeetika Ettev\u00f5tte t\u00e4isnimi on Holy Land cosmetics laboratories.\u00a0 Igap\u00e4evaelus kuuleb sagedamini\u00a0 nimetust HL Laboratories v\u00f5i lihtsalt Holy Land. Inglise keelest on Holy Land t\u00f5lgitud kui p\u00fcha \u201emaa\u201c. T\u00f5epoolest, ettev\u00f5tte tooted on hinnaline allikas, tervest Iisraelist kogutud maiste aarete varakamber. Ravimtaimed, puuviljaekstraktid ja Surnumere mineraalid on HL\u2026<\/p>\n<p class=\"continue-reading-button\"> <a class=\"continue-reading-link\" href=\"https:\/\/copy.medicest.eu\/et\/koduse-hoolduse-kosmeetika-holy-land\/\"><i class=\"crycon-right-dir\"><\/i><\/a><\/p>\n","protected":false},"author":1,"featured_media":0,"parent":0,"menu_order":0,"comment_status":"closed","ping_status":"closed","template":"","meta":{"footnotes":""},"class_list":["post-5297","page","type-page","status-publish","hentry"],"yoast_head":"<!-- This site is optimized with the Yoast SEO plugin v23.6 - https:\/\/yoast.com\/wordpress\/plugins\/seo\/ -->\n<title>Koduse hoolduse kosmeetika Holy Land - Ilukliinik Medic-Esthetic<\/title>\n<meta name=\"robots\" content=\"index, follow, max-snippet:-1, max-image-preview:large, max-video-preview:-1\" \/>\n<link rel=\"canonical\" href=\"https:\/\/copy.medicest.eu\/et\/koduse-hoolduse-kosmeetika-holy-land\/\" \/>\n<meta property=\"og:locale\" content=\"et_EE\" \/>\n<meta property=\"og:type\" content=\"article\" \/>\n<meta property=\"og:title\" content=\"Koduse hoolduse kosmeetika Holy Land - Ilukliinik Medic-Esthetic\" \/>\n<meta property=\"og:description\" content=\"Holy Land Koduse hoolduse kosmeetika Ettev\u00f5tte t\u00e4isnimi on Holy Land cosmetics laboratories.\u00a0 Igap\u00e4evaelus kuuleb sagedamini\u00a0 nimetust HL Laboratories v\u00f5i lihtsalt Holy Land. Inglise keelest on Holy Land t\u00f5lgitud kui p\u00fcha \u201emaa\u201c. T\u00f5epoolest, ettev\u00f5tte tooted on hinnaline allikas, tervest Iisraelist kogutud maiste aarete varakamber. Ravimtaimed, puuviljaekstraktid ja Surnumere mineraalid on HL\u2026\" \/>\n<meta property=\"og:url\" content=\"https:\/\/copy.medicest.eu\/et\/koduse-hoolduse-kosmeetika-holy-land\/\" \/>\n<meta property=\"og:site_name\" content=\"Ilukliinik Medic-Esthetic\" \/>\n<meta property=\"article:modified_time\" content=\"2023-02-28T12:34:22+00:00\" \/>\n<meta property=\"og:image\" content=\"https:\/\/copy.medicest.eu\/wp-content\/uploads\/2021\/10\/dermalight.jpg\" \/>\n<meta name=\"twitter:card\" content=\"summary_large_image\" \/>\n<meta name=\"twitter:label1\" content=\"Est. reading time\" \/>\n\t<meta name=\"twitter:data1\" content=\"2 minutit\" \/>\n<script type=\"application\/ld+json\" class=\"yoast-schema-graph\">{\"@context\":\"https:\/\/schema.org\",\"@graph\":[{\"@type\":\"WebPage\",\"@id\":\"https:\/\/copy.medicest.eu\/et\/koduse-hoolduse-kosmeetika-holy-land\/\",\"url\":\"https:\/\/copy.medicest.eu\/et\/koduse-hoolduse-kosmeetika-holy-land\/\",\"name\":\"Koduse hoolduse kosmeetika Holy Land - Ilukliinik Medic-Esthetic\",\"isPartOf\":{\"@id\":\"https:\/\/copy.medicest.eu\/#website\"},\"primaryImageOfPage\":{\"@id\":\"https:\/\/copy.medicest.eu\/et\/koduse-hoolduse-kosmeetika-holy-land\/#primaryimage\"},\"image\":{\"@id\":\"https:\/\/copy.medicest.eu\/et\/koduse-hoolduse-kosmeetika-holy-land\/#primaryimage\"},\"thumbnailUrl\":\"https:\/\/copy.medicest.eu\/wp-content\/uploads\/2021\/10\/dermalight.jpg\",\"datePublished\":\"2021-10-15T11:50:25+00:00\",\"dateModified\":\"2023-02-28T12:34:22+00:00\",\"breadcrumb\":{\"@id\":\"https:\/\/copy.medicest.eu\/et\/koduse-hoolduse-kosmeetika-holy-land\/#breadcrumb\"},\"inLanguage\":\"et\",\"potentialAction\":[{\"@type\":\"ReadAction\",\"target\":[\"https:\/\/copy.medicest.eu\/et\/koduse-hoolduse-kosmeetika-holy-land\/\"]}]},{\"@type\":\"ImageObject\",\"inLanguage\":\"et\",\"@id\":\"https:\/\/copy.medicest.eu\/et\/koduse-hoolduse-kosmeetika-holy-land\/#primaryimage\",\"url\":\"https:\/\/copy.medicest.eu\/wp-content\/uploads\/2021\/10\/dermalight.jpg\",\"contentUrl\":\"https:\/\/copy.medicest.eu\/wp-content\/uploads\/2021\/10\/dermalight.jpg\"},{\"@type\":\"BreadcrumbList\",\"@id\":\"https:\/\/copy.medicest.eu\/et\/koduse-hoolduse-kosmeetika-holy-land\/#breadcrumb\",\"itemListElement\":[{\"@type\":\"ListItem\",\"position\":1,\"name\":\"Home\",\"item\":\"https:\/\/copy.medicest.eu\/et\/\"},{\"@type\":\"ListItem\",\"position\":2,\"name\":\"Koduse hoolduse kosmeetika Holy Land\"}]},{\"@type\":\"WebSite\",\"@id\":\"https:\/\/copy.medicest.eu\/#website\",\"url\":\"https:\/\/copy.medicest.eu\/\",\"name\":\"Ilukliinik Medic-Esthetic\",\"description\":\"Beauty &amp; Prestige\",\"potentialAction\":[{\"@type\":\"SearchAction\",\"target\":{\"@type\":\"EntryPoint\",\"urlTemplate\":\"https:\/\/copy.medicest.eu\/?s={search_term_string}\"},\"query-input\":{\"@type\":\"PropertyValueSpecification\",\"valueRequired\":true,\"valueName\":\"search_term_string\"}}],\"inLanguage\":\"et\"}]}<\/script>\n<!-- \/ Yoast SEO plugin. -->","yoast_head_json":{"title":"Koduse hoolduse kosmeetika Holy Land - Ilukliinik Medic-Esthetic","robots":{"index":"index","follow":"follow","max-snippet":"max-snippet:-1","max-image-preview":"max-image-preview:large","max-video-preview":"max-video-preview:-1"},"canonical":"https:\/\/copy.medicest.eu\/et\/koduse-hoolduse-kosmeetika-holy-land\/","og_locale":"et_EE","og_type":"article","og_title":"Koduse hoolduse kosmeetika Holy Land - Ilukliinik Medic-Esthetic","og_description":"Holy Land Koduse hoolduse kosmeetika Ettev\u00f5tte t\u00e4isnimi on Holy Land cosmetics laboratories.\u00a0 Igap\u00e4evaelus kuuleb sagedamini\u00a0 nimetust HL Laboratories v\u00f5i lihtsalt Holy Land. Inglise keelest on Holy Land t\u00f5lgitud kui p\u00fcha \u201emaa\u201c. T\u00f5epoolest, ettev\u00f5tte tooted on hinnaline allikas, tervest Iisraelist kogutud maiste aarete varakamber. Ravimtaimed, puuviljaekstraktid ja Surnumere mineraalid on HL\u2026","og_url":"https:\/\/copy.medicest.eu\/et\/koduse-hoolduse-kosmeetika-holy-land\/","og_site_name":"Ilukliinik Medic-Esthetic","article_modified_time":"2023-02-28T12:34:22+00:00","og_image":[{"url":"https:\/\/copy.medicest.eu\/wp-content\/uploads\/2021\/10\/dermalight.jpg"}],"twitter_card":"summary_large_image","twitter_misc":{"Est. reading time":"2 minutit"},"schema":{"@context":"https:\/\/schema.org","@graph":[{"@type":"WebPage","@id":"https:\/\/copy.medicest.eu\/et\/koduse-hoolduse-kosmeetika-holy-land\/","url":"https:\/\/copy.medicest.eu\/et\/koduse-hoolduse-kosmeetika-holy-land\/","name":"Koduse hoolduse kosmeetika Holy Land - Ilukliinik Medic-Esthetic","isPartOf":{"@id":"https:\/\/copy.medicest.eu\/#website"},"primaryImageOfPage":{"@id":"https:\/\/copy.medicest.eu\/et\/koduse-hoolduse-kosmeetika-holy-land\/#primaryimage"},"image":{"@id":"https:\/\/copy.medicest.eu\/et\/koduse-hoolduse-kosmeetika-holy-land\/#primaryimage"},"thumbnailUrl":"https:\/\/copy.medicest.eu\/wp-content\/uploads\/2021\/10\/dermalight.jpg","datePublished":"2021-10-15T11:50:25+00:00","dateModified":"2023-02-28T12:34:22+00:00","breadcrumb":{"@id":"https:\/\/copy.medicest.eu\/et\/koduse-hoolduse-kosmeetika-holy-land\/#breadcrumb"},"inLanguage":"et","potentialAction":[{"@type":"ReadAction","target":["https:\/\/copy.medicest.eu\/et\/koduse-hoolduse-kosmeetika-holy-land\/"]}]},{"@type":"ImageObject","inLanguage":"et","@id":"https:\/\/copy.medicest.eu\/et\/koduse-hoolduse-kosmeetika-holy-land\/#primaryimage","url":"https:\/\/copy.medicest.eu\/wp-content\/uploads\/2021\/10\/dermalight.jpg","contentUrl":"https:\/\/copy.medicest.eu\/wp-content\/uploads\/2021\/10\/dermalight.jpg"},{"@type":"BreadcrumbList","@id":"https:\/\/copy.medicest.eu\/et\/koduse-hoolduse-kosmeetika-holy-land\/#breadcrumb","itemListElement":[{"@type":"ListItem","position":1,"name":"Home","item":"https:\/\/copy.medicest.eu\/et\/"},{"@type":"ListItem","position":2,"name":"Koduse hoolduse kosmeetika Holy Land"}]},{"@type":"WebSite","@id":"https:\/\/copy.medicest.eu\/#website","url":"https:\/\/copy.medicest.eu\/","name":"Ilukliinik Medic-Esthetic","description":"Beauty &amp; Prestige","potentialAction":[{"@type":"SearchAction","target":{"@type":"EntryPoint","urlTemplate":"https:\/\/copy.medicest.eu\/?s={search_term_string}"},"query-input":{"@type":"PropertyValueSpecification","valueRequired":true,"valueName":"search_term_string"}}],"inLanguage":"et"}]}},"_links":{"self":[{"href":"https:\/\/copy.medicest.eu\/et\/wp-json\/wp\/v2\/pages\/5297","targetHints":{"allow":["GET"]}}],"collection":[{"href":"https:\/\/copy.medicest.eu\/et\/wp-json\/wp\/v2\/pages"}],"about":[{"href":"https:\/\/copy.medicest.eu\/et\/wp-json\/wp\/v2\/types\/page"}],"author":[{"embeddable":true,"href":"https:\/\/copy.medicest.eu\/et\/wp-json\/wp\/v2\/users\/1"}],"replies":[{"embeddable":true,"href":"https:\/\/copy.medicest.eu\/et\/wp-json\/wp\/v2\/comments?post=5297"}],"version-history":[{"count":13,"href":"https:\/\/copy.medicest.eu\/et\/wp-json\/wp\/v2\/pages\/5297\/revisions"}],"predecessor-version":[{"id":11081,"href":"https:\/\/copy.medicest.eu\/et\/wp-json\/wp\/v2\/pages\/5297\/revisions\/11081"}],"wp:attachment":[{"href":"https:\/\/copy.medicest.eu\/et\/wp-json\/wp\/v2\/media?parent=5297"}],"curies":[{"name":"wp","href":"https:\/\/api.w.org\/{rel}","templated":true}]}}