{"id":5317,"date":"2021-10-15T12:34:36","date_gmt":"2021-10-15T12:34:36","guid":{"rendered":"https:\/\/copy.medicest.eu\/kosmetika-domashnego-uxoda-klapp-cosmetics\/"},"modified":"2021-11-04T11:51:22","modified_gmt":"2021-11-04T11:51:22","slug":"koduse-hoolduse-kosmeetika-klapp-cosmetics","status":"publish","type":"page","link":"https:\/\/copy.medicest.eu\/et\/koduse-hoolduse-kosmeetika-klapp-cosmetics\/","title":{"rendered":"Koduse hoolduse kosmeetika Klapp Cosmetics"},"content":{"rendered":"\t\t<div data-elementor-type=\"wp-page\" data-elementor-id=\"5317\" class=\"elementor elementor-5317 elementor-4342\">\n\t\t\t\t\t\t<section class=\"elementor-section elementor-top-section elementor-element elementor-element-587ee1e8 elementor-section-boxed elementor-section-height-default elementor-section-height-default\" data-id=\"587ee1e8\" data-element_type=\"section\">\n\t\t\t\t\t\t<div class=\"elementor-container elementor-column-gap-default\">\n\t\t\t\t\t<div class=\"elementor-column elementor-col-100 elementor-top-column elementor-element elementor-element-7d2792fa\" data-id=\"7d2792fa\" data-element_type=\"column\">\n\t\t\t<div class=\"elementor-widget-wrap elementor-element-populated\">\n\t\t\t\t\t\t<div class=\"elementor-element elementor-element-2e8927bf elementor-widget elementor-widget-heading\" data-id=\"2e8927bf\" data-element_type=\"widget\" data-widget_type=\"heading.default\">\n\t\t\t\t<div class=\"elementor-widget-container\">\n\t\t\t<h2 class=\"elementor-heading-title elementor-size-default\">Klapp Cosmetics<\/h2>\t\t<\/div>\n\t\t\t\t<\/div>\n\t\t\t\t<div class=\"elementor-element elementor-element-1169beab elementor-widget elementor-widget-heading\" data-id=\"1169beab\" data-element_type=\"widget\" data-widget_type=\"heading.default\">\n\t\t\t\t<div class=\"elementor-widget-container\">\n\t\t\t<h3 class=\"elementor-heading-title elementor-size-default\">Individuaalne s\u00fcsteemne nahahooldus k\u00f5igile \n<\/h3>\t\t<\/div>\n\t\t\t\t<\/div>\n\t\t\t\t\t<\/div>\n\t\t<\/div>\n\t\t\t\t\t<\/div>\n\t\t<\/section>\n\t\t\t\t<section class=\"elementor-section elementor-top-section elementor-element elementor-element-2cc47d2 elementor-section-boxed elementor-section-height-default elementor-section-height-default\" data-id=\"2cc47d2\" data-element_type=\"section\">\n\t\t\t\t\t\t<div class=\"elementor-container elementor-column-gap-default\">\n\t\t\t\t\t<div class=\"elementor-column elementor-col-50 elementor-top-column elementor-element elementor-element-43f7f53\" data-id=\"43f7f53\" data-element_type=\"column\">\n\t\t\t<div class=\"elementor-widget-wrap elementor-element-populated\">\n\t\t\t\t\t\t<div class=\"elementor-element elementor-element-e6c4ca8 elementor-widget elementor-widget-image\" data-id=\"e6c4ca8\" data-element_type=\"widget\" data-widget_type=\"image.default\">\n\t\t\t\t<div class=\"elementor-widget-container\">\n\t\t\t\t\t\t\t\t\t\t\t\t\t<img fetchpriority=\"high\" decoding=\"async\" width=\"926\" height=\"880\" src=\"https:\/\/copy.medicest.eu\/wp-content\/uploads\/2021\/10\/klapp-cosmetics.jpg\" class=\"attachment-large size-large wp-image-4351\" alt=\"\" srcset=\"https:\/\/copy.medicest.eu\/wp-content\/uploads\/2021\/10\/klapp-cosmetics.jpg 926w, https:\/\/copy.medicest.eu\/wp-content\/uploads\/2021\/10\/klapp-cosmetics-300x285.jpg 300w, https:\/\/copy.medicest.eu\/wp-content\/uploads\/2021\/10\/klapp-cosmetics-768x730.jpg 768w, https:\/\/copy.medicest.eu\/wp-content\/uploads\/2021\/10\/klapp-cosmetics-150x143.jpg 150w\" sizes=\"(max-width: 926px) 100vw, 926px\" \/>\t\t\t\t\t\t\t\t\t\t\t\t\t<\/div>\n\t\t\t\t<\/div>\n\t\t\t\t\t<\/div>\n\t\t<\/div>\n\t\t\t\t<div class=\"elementor-column elementor-col-50 elementor-top-column elementor-element elementor-element-8e4dcde\" data-id=\"8e4dcde\" data-element_type=\"column\">\n\t\t\t<div class=\"elementor-widget-wrap elementor-element-populated\">\n\t\t\t\t\t\t<div class=\"elementor-element elementor-element-1703139 elementor-widget elementor-widget-text-editor\" data-id=\"1703139\" data-element_type=\"widget\" data-widget_type=\"text-editor.default\">\n\t\t\t\t<div class=\"elementor-widget-container\">\n\t\t\t\t\t\t\t<p>Klapp \u2013 saksa professionaalne n\u00e4o- ja kehakosmeetika kaubam\u00e4rk, mis pakub ka p\u00e4evitamiseks nahka kaitsvaid tooteid.\u00a0<\/p><p>Klapp kosmeetikatooted sisaldavad revolutsioonilisi koostisosi, mis t\u00f6\u00f6tavad sihip\u00e4raselt, et aidata saavutada parimaid tulemusi mitte ainult salongides, vaid ka kodus.<\/p><p>Kombineerides ja tooteid valides taastame naha ilu, s\u00e4ra ja nooruse.\u00a0<\/p><p>Ettev\u00f5te t\u00f6\u00f6tab oma laborites v\u00e4lja ainulaadseid k\u00f5rge toimeainete kontsentratsiooniga tootepreparaate, rakendab Saksamaa, \u0160veitsi ja Ameerika \u00dchendriikide juhtivate farmaatsiaettev\u00f5tete arendusi, viib l\u00e4bi erinevate komponentide koostoimemehhanismide parima tulemuse saamiseks fundamentaalseid uuringuid.<\/p>\t\t\t\t\t\t<\/div>\n\t\t\t\t<\/div>\n\t\t\t\t\t<\/div>\n\t\t<\/div>\n\t\t\t\t\t<\/div>\n\t\t<\/section>\n\t\t\t\t<section class=\"elementor-section elementor-top-section elementor-element elementor-element-aefa96a elementor-section-boxed elementor-section-height-default elementor-section-height-default\" data-id=\"aefa96a\" data-element_type=\"section\">\n\t\t\t\t\t\t<div class=\"elementor-container elementor-column-gap-default\">\n\t\t\t\t\t<div class=\"elementor-column elementor-col-50 elementor-top-column elementor-element elementor-element-6bdb3c7\" data-id=\"6bdb3c7\" data-element_type=\"column\">\n\t\t\t<div class=\"elementor-widget-wrap elementor-element-populated\">\n\t\t\t\t\t\t<div class=\"elementor-element elementor-element-a7ba131 elementor-widget elementor-widget-text-editor\" data-id=\"a7ba131\" data-element_type=\"widget\" data-widget_type=\"text-editor.default\">\n\t\t\t\t<div class=\"elementor-widget-container\">\n\t\t\t\t\t\t\t<blockquote><p>Alates 1980. aastast on KLAPP COSMETICS olnud professionaalse vananemisvastase kosmetoloogia liider.<\/p><\/blockquote>\t\t\t\t\t\t<\/div>\n\t\t\t\t<\/div>\n\t\t\t\t<div class=\"elementor-element elementor-element-bbd05fa elementor-widget elementor-widget-text-editor\" data-id=\"bbd05fa\" data-element_type=\"widget\" data-widget_type=\"text-editor.default\">\n\t\t\t\t<div class=\"elementor-widget-container\">\n\t\t\t\t\t\t\t<p>Teadusuuringud, innovaatiliste valemite v\u00e4ljat\u00f6\u00f6tamine, Saksa kvaliteet ja k\u00f5rge efektiivsus \u2013 just see teeb Klapp kosmeetika populaarseks kosmeetikute ja miljonite naiste seas \u00fcle maailma.<\/p>\t\t\t\t\t\t<\/div>\n\t\t\t\t<\/div>\n\t\t\t\t\t<\/div>\n\t\t<\/div>\n\t\t\t\t<div class=\"elementor-column elementor-col-50 elementor-top-column elementor-element elementor-element-b35974f\" data-id=\"b35974f\" data-element_type=\"column\">\n\t\t\t<div class=\"elementor-widget-wrap elementor-element-populated\">\n\t\t\t\t\t\t<div class=\"elementor-element elementor-element-1082085 elementor-widget elementor-widget-image\" data-id=\"1082085\" data-element_type=\"widget\" data-widget_type=\"image.default\">\n\t\t\t\t<div class=\"elementor-widget-container\">\n\t\t\t\t\t\t\t\t\t\t\t\t\t<img decoding=\"async\" width=\"512\" height=\"238\" src=\"https:\/\/copy.medicest.eu\/wp-content\/uploads\/2021\/10\/klapp.jpg\" class=\"attachment-large size-large wp-image-4353\" alt=\"\" srcset=\"https:\/\/copy.medicest.eu\/wp-content\/uploads\/2021\/10\/klapp.jpg 512w, https:\/\/copy.medicest.eu\/wp-content\/uploads\/2021\/10\/klapp-300x139.jpg 300w, https:\/\/copy.medicest.eu\/wp-content\/uploads\/2021\/10\/klapp-150x70.jpg 150w\" sizes=\"(max-width: 512px) 100vw, 512px\" \/>\t\t\t\t\t\t\t\t\t\t\t\t\t<\/div>\n\t\t\t\t<\/div>\n\t\t\t\t\t<\/div>\n\t\t<\/div>\n\t\t\t\t\t<\/div>\n\t\t<\/section>\n\t\t\t\t<\/div>\n\t\t","protected":false},"excerpt":{"rendered":"<p>Klapp Cosmetics Individuaalne s\u00fcsteemne nahahooldus k\u00f5igile Klapp \u2013 saksa professionaalne n\u00e4o- ja kehakosmeetika kaubam\u00e4rk, mis pakub ka p\u00e4evitamiseks nahka kaitsvaid tooteid.\u00a0 Klapp kosmeetikatooted sisaldavad revolutsioonilisi koostisosi, mis t\u00f6\u00f6tavad sihip\u00e4raselt, et aidata saavutada parimaid tulemusi mitte ainult salongides, vaid ka kodus. Kombineerides ja tooteid valides taastame naha ilu, s\u00e4ra ja nooruse.\u00a0\u2026<\/p>\n<p class=\"continue-reading-button\"> <a class=\"continue-reading-link\" href=\"https:\/\/copy.medicest.eu\/et\/koduse-hoolduse-kosmeetika-klapp-cosmetics\/\"><i class=\"crycon-right-dir\"><\/i><\/a><\/p>\n","protected":false},"author":1,"featured_media":0,"parent":0,"menu_order":0,"comment_status":"closed","ping_status":"closed","template":"","meta":{"footnotes":""},"class_list":["post-5317","page","type-page","status-publish","hentry"],"yoast_head":"<!-- This site is optimized with the Yoast SEO plugin v23.6 - https:\/\/yoast.com\/wordpress\/plugins\/seo\/ -->\n<title>Koduse hoolduse kosmeetika Klapp Cosmetics - Ilukliinik Medic-Esthetic<\/title>\n<meta name=\"robots\" content=\"index, follow, max-snippet:-1, max-image-preview:large, max-video-preview:-1\" \/>\n<link rel=\"canonical\" href=\"https:\/\/copy.medicest.eu\/et\/koduse-hoolduse-kosmeetika-klapp-cosmetics\/\" \/>\n<meta property=\"og:locale\" content=\"et_EE\" \/>\n<meta property=\"og:type\" content=\"article\" \/>\n<meta property=\"og:title\" content=\"Koduse hoolduse kosmeetika Klapp Cosmetics - Ilukliinik Medic-Esthetic\" \/>\n<meta property=\"og:description\" content=\"Klapp Cosmetics Individuaalne s\u00fcsteemne nahahooldus k\u00f5igile Klapp \u2013 saksa professionaalne n\u00e4o- ja kehakosmeetika kaubam\u00e4rk, mis pakub ka p\u00e4evitamiseks nahka kaitsvaid tooteid.\u00a0 Klapp kosmeetikatooted sisaldavad revolutsioonilisi koostisosi, mis t\u00f6\u00f6tavad sihip\u00e4raselt, et aidata saavutada parimaid tulemusi mitte ainult salongides, vaid ka kodus. Kombineerides ja tooteid valides taastame naha ilu, s\u00e4ra ja nooruse.\u00a0\u2026\" \/>\n<meta property=\"og:url\" content=\"https:\/\/copy.medicest.eu\/et\/koduse-hoolduse-kosmeetika-klapp-cosmetics\/\" \/>\n<meta property=\"og:site_name\" content=\"Ilukliinik Medic-Esthetic\" \/>\n<meta property=\"article:modified_time\" content=\"2021-11-04T11:51:22+00:00\" \/>\n<meta property=\"og:image\" content=\"https:\/\/copy.medicest.eu\/wp-content\/uploads\/2021\/10\/klapp-cosmetics.jpg\" \/>\n<meta name=\"twitter:card\" content=\"summary_large_image\" \/>\n<meta name=\"twitter:label1\" content=\"Est. reading time\" \/>\n\t<meta name=\"twitter:data1\" content=\"1 minut\" \/>\n<script type=\"application\/ld+json\" class=\"yoast-schema-graph\">{\"@context\":\"https:\/\/schema.org\",\"@graph\":[{\"@type\":\"WebPage\",\"@id\":\"https:\/\/copy.medicest.eu\/et\/koduse-hoolduse-kosmeetika-klapp-cosmetics\/\",\"url\":\"https:\/\/copy.medicest.eu\/et\/koduse-hoolduse-kosmeetika-klapp-cosmetics\/\",\"name\":\"Koduse hoolduse kosmeetika Klapp Cosmetics - Ilukliinik Medic-Esthetic\",\"isPartOf\":{\"@id\":\"https:\/\/copy.medicest.eu\/#website\"},\"primaryImageOfPage\":{\"@id\":\"https:\/\/copy.medicest.eu\/et\/koduse-hoolduse-kosmeetika-klapp-cosmetics\/#primaryimage\"},\"image\":{\"@id\":\"https:\/\/copy.medicest.eu\/et\/koduse-hoolduse-kosmeetika-klapp-cosmetics\/#primaryimage\"},\"thumbnailUrl\":\"https:\/\/copy.medicest.eu\/wp-content\/uploads\/2021\/10\/klapp-cosmetics.jpg\",\"datePublished\":\"2021-10-15T12:34:36+00:00\",\"dateModified\":\"2021-11-04T11:51:22+00:00\",\"breadcrumb\":{\"@id\":\"https:\/\/copy.medicest.eu\/et\/koduse-hoolduse-kosmeetika-klapp-cosmetics\/#breadcrumb\"},\"inLanguage\":\"et\",\"potentialAction\":[{\"@type\":\"ReadAction\",\"target\":[\"https:\/\/copy.medicest.eu\/et\/koduse-hoolduse-kosmeetika-klapp-cosmetics\/\"]}]},{\"@type\":\"ImageObject\",\"inLanguage\":\"et\",\"@id\":\"https:\/\/copy.medicest.eu\/et\/koduse-hoolduse-kosmeetika-klapp-cosmetics\/#primaryimage\",\"url\":\"https:\/\/copy.medicest.eu\/wp-content\/uploads\/2021\/10\/klapp-cosmetics.jpg\",\"contentUrl\":\"https:\/\/copy.medicest.eu\/wp-content\/uploads\/2021\/10\/klapp-cosmetics.jpg\"},{\"@type\":\"BreadcrumbList\",\"@id\":\"https:\/\/copy.medicest.eu\/et\/koduse-hoolduse-kosmeetika-klapp-cosmetics\/#breadcrumb\",\"itemListElement\":[{\"@type\":\"ListItem\",\"position\":1,\"name\":\"Home\",\"item\":\"https:\/\/copy.medicest.eu\/et\/\"},{\"@type\":\"ListItem\",\"position\":2,\"name\":\"Koduse hoolduse kosmeetika Klapp Cosmetics\"}]},{\"@type\":\"WebSite\",\"@id\":\"https:\/\/copy.medicest.eu\/#website\",\"url\":\"https:\/\/copy.medicest.eu\/\",\"name\":\"Ilukliinik Medic-Esthetic\",\"description\":\"Beauty &amp; Prestige\",\"potentialAction\":[{\"@type\":\"SearchAction\",\"target\":{\"@type\":\"EntryPoint\",\"urlTemplate\":\"https:\/\/copy.medicest.eu\/?s={search_term_string}\"},\"query-input\":{\"@type\":\"PropertyValueSpecification\",\"valueRequired\":true,\"valueName\":\"search_term_string\"}}],\"inLanguage\":\"et\"}]}<\/script>\n<!-- \/ Yoast SEO plugin. -->","yoast_head_json":{"title":"Koduse hoolduse kosmeetika Klapp Cosmetics - Ilukliinik Medic-Esthetic","robots":{"index":"index","follow":"follow","max-snippet":"max-snippet:-1","max-image-preview":"max-image-preview:large","max-video-preview":"max-video-preview:-1"},"canonical":"https:\/\/copy.medicest.eu\/et\/koduse-hoolduse-kosmeetika-klapp-cosmetics\/","og_locale":"et_EE","og_type":"article","og_title":"Koduse hoolduse kosmeetika Klapp Cosmetics - Ilukliinik Medic-Esthetic","og_description":"Klapp Cosmetics Individuaalne s\u00fcsteemne nahahooldus k\u00f5igile Klapp \u2013 saksa professionaalne n\u00e4o- ja kehakosmeetika kaubam\u00e4rk, mis pakub ka p\u00e4evitamiseks nahka kaitsvaid tooteid.\u00a0 Klapp kosmeetikatooted sisaldavad revolutsioonilisi koostisosi, mis t\u00f6\u00f6tavad sihip\u00e4raselt, et aidata saavutada parimaid tulemusi mitte ainult salongides, vaid ka kodus. Kombineerides ja tooteid valides taastame naha ilu, s\u00e4ra ja nooruse.\u00a0\u2026","og_url":"https:\/\/copy.medicest.eu\/et\/koduse-hoolduse-kosmeetika-klapp-cosmetics\/","og_site_name":"Ilukliinik Medic-Esthetic","article_modified_time":"2021-11-04T11:51:22+00:00","og_image":[{"url":"https:\/\/copy.medicest.eu\/wp-content\/uploads\/2021\/10\/klapp-cosmetics.jpg"}],"twitter_card":"summary_large_image","twitter_misc":{"Est. reading time":"1 minut"},"schema":{"@context":"https:\/\/schema.org","@graph":[{"@type":"WebPage","@id":"https:\/\/copy.medicest.eu\/et\/koduse-hoolduse-kosmeetika-klapp-cosmetics\/","url":"https:\/\/copy.medicest.eu\/et\/koduse-hoolduse-kosmeetika-klapp-cosmetics\/","name":"Koduse hoolduse kosmeetika Klapp Cosmetics - Ilukliinik Medic-Esthetic","isPartOf":{"@id":"https:\/\/copy.medicest.eu\/#website"},"primaryImageOfPage":{"@id":"https:\/\/copy.medicest.eu\/et\/koduse-hoolduse-kosmeetika-klapp-cosmetics\/#primaryimage"},"image":{"@id":"https:\/\/copy.medicest.eu\/et\/koduse-hoolduse-kosmeetika-klapp-cosmetics\/#primaryimage"},"thumbnailUrl":"https:\/\/copy.medicest.eu\/wp-content\/uploads\/2021\/10\/klapp-cosmetics.jpg","datePublished":"2021-10-15T12:34:36+00:00","dateModified":"2021-11-04T11:51:22+00:00","breadcrumb":{"@id":"https:\/\/copy.medicest.eu\/et\/koduse-hoolduse-kosmeetika-klapp-cosmetics\/#breadcrumb"},"inLanguage":"et","potentialAction":[{"@type":"ReadAction","target":["https:\/\/copy.medicest.eu\/et\/koduse-hoolduse-kosmeetika-klapp-cosmetics\/"]}]},{"@type":"ImageObject","inLanguage":"et","@id":"https:\/\/copy.medicest.eu\/et\/koduse-hoolduse-kosmeetika-klapp-cosmetics\/#primaryimage","url":"https:\/\/copy.medicest.eu\/wp-content\/uploads\/2021\/10\/klapp-cosmetics.jpg","contentUrl":"https:\/\/copy.medicest.eu\/wp-content\/uploads\/2021\/10\/klapp-cosmetics.jpg"},{"@type":"BreadcrumbList","@id":"https:\/\/copy.medicest.eu\/et\/koduse-hoolduse-kosmeetika-klapp-cosmetics\/#breadcrumb","itemListElement":[{"@type":"ListItem","position":1,"name":"Home","item":"https:\/\/copy.medicest.eu\/et\/"},{"@type":"ListItem","position":2,"name":"Koduse hoolduse kosmeetika Klapp Cosmetics"}]},{"@type":"WebSite","@id":"https:\/\/copy.medicest.eu\/#website","url":"https:\/\/copy.medicest.eu\/","name":"Ilukliinik Medic-Esthetic","description":"Beauty &amp; Prestige","potentialAction":[{"@type":"SearchAction","target":{"@type":"EntryPoint","urlTemplate":"https:\/\/copy.medicest.eu\/?s={search_term_string}"},"query-input":{"@type":"PropertyValueSpecification","valueRequired":true,"valueName":"search_term_string"}}],"inLanguage":"et"}]}},"_links":{"self":[{"href":"https:\/\/copy.medicest.eu\/et\/wp-json\/wp\/v2\/pages\/5317","targetHints":{"allow":["GET"]}}],"collection":[{"href":"https:\/\/copy.medicest.eu\/et\/wp-json\/wp\/v2\/pages"}],"about":[{"href":"https:\/\/copy.medicest.eu\/et\/wp-json\/wp\/v2\/types\/page"}],"author":[{"embeddable":true,"href":"https:\/\/copy.medicest.eu\/et\/wp-json\/wp\/v2\/users\/1"}],"replies":[{"embeddable":true,"href":"https:\/\/copy.medicest.eu\/et\/wp-json\/wp\/v2\/comments?post=5317"}],"version-history":[{"count":4,"href":"https:\/\/copy.medicest.eu\/et\/wp-json\/wp\/v2\/pages\/5317\/revisions"}],"predecessor-version":[{"id":5321,"href":"https:\/\/copy.medicest.eu\/et\/wp-json\/wp\/v2\/pages\/5317\/revisions\/5321"}],"wp:attachment":[{"href":"https:\/\/copy.medicest.eu\/et\/wp-json\/wp\/v2\/media?parent=5317"}],"curies":[{"name":"wp","href":"https:\/\/api.w.org\/{rel}","templated":true}]}}