{"id":5721,"date":"2021-11-08T11:21:13","date_gmt":"2021-11-08T11:21:13","guid":{"rendered":"https:\/\/copy.medicest.eu\/chistka-kozhi-lica\/"},"modified":"2021-12-10T15:14:12","modified_gmt":"2021-12-10T15:14:12","slug":"naonaha-puhastus","status":"publish","type":"page","link":"https:\/\/copy.medicest.eu\/et\/naonaha-puhastus\/","title":{"rendered":"N\u00e4onaha puhastus"},"content":{"rendered":"\t\t<div data-elementor-type=\"wp-page\" data-elementor-id=\"5721\" class=\"elementor elementor-5721 elementor-5448\">\n\t\t\t\t\t\t<section class=\"elementor-section elementor-top-section elementor-element elementor-element-44628b79 elementor-section-boxed elementor-section-height-default elementor-section-height-default\" data-id=\"44628b79\" data-element_type=\"section\">\n\t\t\t\t\t\t<div class=\"elementor-container elementor-column-gap-default\">\n\t\t\t\t\t<div class=\"elementor-column elementor-col-100 elementor-top-column elementor-element elementor-element-45fd1ad0\" data-id=\"45fd1ad0\" data-element_type=\"column\">\n\t\t\t<div class=\"elementor-widget-wrap elementor-element-populated\">\n\t\t\t\t\t\t<div class=\"elementor-element elementor-element-39b8997c elementor-widget elementor-widget-heading\" data-id=\"39b8997c\" data-element_type=\"widget\" data-widget_type=\"heading.default\">\n\t\t\t\t<div class=\"elementor-widget-container\">\n\t\t\t<h2 class=\"elementor-heading-title elementor-size-default\">N\u00e4onaha atraumaatiline puhastus<\/h2>\t\t<\/div>\n\t\t\t\t<\/div>\n\t\t\t\t\t<\/div>\n\t\t<\/div>\n\t\t\t\t\t<\/div>\n\t\t<\/section>\n\t\t\t\t<section class=\"elementor-section elementor-top-section elementor-element elementor-element-eca5aad elementor-section-boxed elementor-section-height-default elementor-section-height-default\" data-id=\"eca5aad\" data-element_type=\"section\">\n\t\t\t\t\t\t<div class=\"elementor-container elementor-column-gap-default\">\n\t\t\t\t\t<div class=\"elementor-column elementor-col-50 elementor-top-column elementor-element elementor-element-1d5ffea\" data-id=\"1d5ffea\" data-element_type=\"column\">\n\t\t\t<div class=\"elementor-widget-wrap elementor-element-populated\">\n\t\t\t\t\t\t<div class=\"elementor-element elementor-element-ab9258e elementor-widget elementor-widget-text-editor\" data-id=\"ab9258e\" data-element_type=\"widget\" data-widget_type=\"text-editor.default\">\n\t\t\t\t<div class=\"elementor-widget-container\">\n\t\t\t\t\t\t\t<blockquote><p>Puhas n\u00e4onahk on u\u0308ks ilu kriteeriume ja tervise tunnusm\u00e4rke.<\/p><\/blockquote>\t\t\t\t\t\t<\/div>\n\t\t\t\t<\/div>\n\t\t\t\t<div class=\"elementor-element elementor-element-1390326 elementor-widget elementor-widget-text-editor\" data-id=\"1390326\" data-element_type=\"widget\" data-widget_type=\"text-editor.default\">\n\t\t\t\t<div class=\"elementor-widget-container\">\n\t\t\t\t\t\t\t<p>Kodus tehtavad protseduurid ei suuda eemaldada su\u0308gavat mustust ega tulla toime terve rea n\u00e4onaha probleemidega. On tarvis k\u00e4ia regulaarselt kosmetoloogi juures, et hoida nahk ideaalses korras.<\/p><p>Atraumaatiline puhastus ei venita poore ega mulju nahka, eemaldab mustpead ja kinnised komedoonid, taastab naha toonuse ning annab sellele terve ja hoolitsetud ilme.<\/p><p>V\u00e4hendab tulevikus p\u00f5letike tekkimise v\u00f5imalust.<\/p>\t\t\t\t\t\t<\/div>\n\t\t\t\t<\/div>\n\t\t\t\t<div class=\"elementor-element elementor-element-96d3fdb elementor-widget elementor-widget-heading\" data-id=\"96d3fdb\" data-element_type=\"widget\" data-widget_type=\"heading.default\">\n\t\t\t\t<div class=\"elementor-widget-container\">\n\t\t\t<h2 class=\"elementor-heading-title elementor-size-default\">Sobib ideaalselt neile, kel on j\u00e4rgmised nahaprobleemid:<\/h2>\t\t<\/div>\n\t\t\t\t<\/div>\n\t\t\t\t<div class=\"elementor-element elementor-element-34184f7 elementor-widget elementor-widget-text-editor\" data-id=\"34184f7\" data-element_type=\"widget\" data-widget_type=\"text-editor.default\">\n\t\t\t\t<div class=\"elementor-widget-container\">\n\t\t\t\t\t\t\t<ul><li>akne<\/li><li>h\u00e4ired rasun\u00e4\u00e4rmete t\u00f6\u00f6s<\/li><li>rasune n\u00e4onahk<\/li><li>ummistunud poorid<\/li><li>rasun\u00e4\u00e4rmete<\/li><li>ummistused<\/li><li>laienenud poorid<\/li><li>liigkuiv nahk, mis vajab<\/li><li>taastamist ja niisutamist<\/li><\/ul>\t\t\t\t\t\t<\/div>\n\t\t\t\t<\/div>\n\t\t\t\t\t<\/div>\n\t\t<\/div>\n\t\t\t\t<div class=\"elementor-column elementor-col-50 elementor-top-column elementor-element elementor-element-7a99936\" data-id=\"7a99936\" data-element_type=\"column\">\n\t\t\t<div class=\"elementor-widget-wrap elementor-element-populated\">\n\t\t\t\t\t\t<div class=\"elementor-element elementor-element-ca82e06 elementor-widget elementor-widget-image\" data-id=\"ca82e06\" data-element_type=\"widget\" data-widget_type=\"image.default\">\n\t\t\t\t<div class=\"elementor-widget-container\">\n\t\t\t\t\t\t\t\t\t\t\t\t\t<img fetchpriority=\"high\" decoding=\"async\" width=\"564\" height=\"564\" src=\"https:\/\/copy.medicest.eu\/wp-content\/uploads\/2021\/11\/ruchnaya-chistka-litsa-s-min.jpg\" class=\"attachment-large size-large wp-image-5452\" alt=\"\" srcset=\"https:\/\/copy.medicest.eu\/wp-content\/uploads\/2021\/11\/ruchnaya-chistka-litsa-s-min.jpg 564w, https:\/\/copy.medicest.eu\/wp-content\/uploads\/2021\/11\/ruchnaya-chistka-litsa-s-min-300x300.jpg 300w, https:\/\/copy.medicest.eu\/wp-content\/uploads\/2021\/11\/ruchnaya-chistka-litsa-s-min-150x150.jpg 150w\" sizes=\"(max-width: 564px) 100vw, 564px\" \/>\t\t\t\t\t\t\t\t\t\t\t\t\t<\/div>\n\t\t\t\t<\/div>\n\t\t\t\t<div class=\"elementor-element elementor-element-fc1568c elementor-widget elementor-widget-text-editor\" data-id=\"fc1568c\" data-element_type=\"widget\" data-widget_type=\"text-editor.default\">\n\t\t\t\t<div class=\"elementor-widget-container\">\n\t\t\t\t\t\t\t<p>Medic-Esthetic kliinikus valitakse n\u00e4onaha atraumaatilise puhastuse meetod igale kliendile<br \/>individuaalselt, s\u00f5ltuvalt tema nahatu\u0308u\u0308bist ja n\u00e4idustustest.<br \/>Vajadusel saab atraumaatilist puhastust kombineerida mehaanilisega.<\/p>\t\t\t\t\t\t<\/div>\n\t\t\t\t<\/div>\n\t\t\t\t\t<\/div>\n\t\t<\/div>\n\t\t\t\t\t<\/div>\n\t\t<\/section>\n\t\t\t\t<section class=\"elementor-section elementor-top-section elementor-element elementor-element-eb38029 elementor-section-boxed elementor-section-height-default elementor-section-height-default\" data-id=\"eb38029\" data-element_type=\"section\">\n\t\t\t\t\t\t<div class=\"elementor-container elementor-column-gap-default\">\n\t\t\t\t\t<div class=\"elementor-column elementor-col-50 elementor-top-column elementor-element elementor-element-62f7c2f\" data-id=\"62f7c2f\" data-element_type=\"column\">\n\t\t\t<div class=\"elementor-widget-wrap elementor-element-populated\">\n\t\t\t\t\t\t<div class=\"elementor-element elementor-element-f90906a elementor-widget elementor-widget-text-editor\" data-id=\"f90906a\" data-element_type=\"widget\" data-widget_type=\"text-editor.default\">\n\t\t\t\t<div class=\"elementor-widget-container\">\n\t\t\t\t\t\t\t<p><strong>Eelised:<\/strong><\/p><ul><li>Valutu: mugav enesetunne protseduuri ajal<\/li><li>Ohutu: ei p\u00f5hjusta p\u00f5letikulisi protsesse<\/li><li>Sobib k\u00f5ikidele nahatu\u0308u\u0308pidele<\/li><li>Kiire protseduurij\u00e4rgne taastumine<\/li><\/ul>\t\t\t\t\t\t<\/div>\n\t\t\t\t<\/div>\n\t\t\t\t\t<\/div>\n\t\t<\/div>\n\t\t\t\t<div class=\"elementor-column elementor-col-50 elementor-top-column elementor-element elementor-element-e2abdda\" data-id=\"e2abdda\" data-element_type=\"column\">\n\t\t\t<div class=\"elementor-widget-wrap elementor-element-populated\">\n\t\t\t\t\t\t<div class=\"elementor-element elementor-element-469bef2 elementor-widget elementor-widget-text-editor\" data-id=\"469bef2\" data-element_type=\"widget\" data-widget_type=\"text-editor.default\">\n\t\t\t\t<div class=\"elementor-widget-container\">\n\t\t\t\t\t\t\t<p><strong>Soovitame enne kosmetoloogiga konsulteerida, kui teil on:<\/strong><\/p><ul><li>herpes<\/li><li>ekseem<\/li><li>allergiline reaktsioon<\/li><li>p\u00f5letik, m\u00e4dased<\/li><li>nahamoodustised<\/li><li>haavad<\/li><\/ul>\t\t\t\t\t\t<\/div>\n\t\t\t\t<\/div>\n\t\t\t\t\t<\/div>\n\t\t<\/div>\n\t\t\t\t\t<\/div>\n\t\t<\/section>\n\t\t\t\t<section class=\"elementor-section elementor-top-section elementor-element elementor-element-c06b3d3 elementor-section-boxed elementor-section-height-default elementor-section-height-default\" data-id=\"c06b3d3\" data-element_type=\"section\">\n\t\t\t\t\t\t<div class=\"elementor-container elementor-column-gap-default\">\n\t\t\t\t\t<div class=\"elementor-column elementor-col-100 elementor-top-column elementor-element elementor-element-7133a1d2\" data-id=\"7133a1d2\" data-element_type=\"column\">\n\t\t\t<div class=\"elementor-widget-wrap elementor-element-populated\">\n\t\t\t\t\t\t<div class=\"elementor-element elementor-element-165db6e8 elementor-widget elementor-widget-heading\" data-id=\"165db6e8\" data-element_type=\"widget\" data-widget_type=\"heading.default\">\n\t\t\t\t<div class=\"elementor-widget-container\">\n\t\t\t<h2 class=\"elementor-heading-title elementor-size-default\">Hinnakiri<\/h2>\t\t<\/div>\n\t\t\t\t<\/div>\n\t\t\t\t<div class=\"elementor-element elementor-element-2858627 elementor-widget elementor-widget-text-editor\" data-id=\"2858627\" data-element_type=\"widget\" data-widget_type=\"text-editor.default\">\n\t\t\t\t<div class=\"elementor-widget-container\">\n\t\t\t\t\t\t\t<p>\n<table id=\"tablepress-89\" class=\"tablepress tablepress-id-89 tablepress-responsive\">\n<thead>\n<tr class=\"row-1 odd\">\n\t<th class=\"column-1\">N\u00e4onaha atraumaatiline puhastus<\/th><th class=\"column-2\">Hind \u20ac<\/th>\n<\/tr>\n<\/thead>\n<tbody class=\"row-hover\">\n<tr class=\"row-2 even\">\n\t<td class=\"column-1\">Atraumaatiline puhastus (n\u00e4gu) 60 min<\/td><td class=\"column-2\">69,00<\/td>\n<\/tr>\n<tr class=\"row-3 odd\">\n\t<td class=\"column-1\">Atraumaatiline puhastus (n\u00e4gu) 75 min<\/td><td class=\"column-2\">74,00<\/td>\n<\/tr>\n<tr class=\"row-4 even\">\n\t<td class=\"column-1\">N\u00e4ohaha puhastus alaealistele (kuni 19 a) 60 min<\/td><td class=\"column-2\">59,00<\/td>\n<\/tr>\n<\/tbody>\n<\/table>\n<!-- #tablepress-89 from cache --><\/p>\t\t\t\t\t\t<\/div>\n\t\t\t\t<\/div>\n\t\t\t\t<div class=\"elementor-element elementor-element-6ad0e51c pp-buttons-halign-center pp-buttons-stack-none elementor-widget elementor-widget-pp-buttons\" data-id=\"6ad0e51c\" data-element_type=\"widget\" data-widget_type=\"pp-buttons.default\">\n\t\t\t\t<div class=\"elementor-widget-container\">\n\t\t\t\t\t<div class=\"pp-buttons-group\">\n\t\t\t\t\t\t\t\t\t\t\t<a href=\"https:\/\/copy.medicest.eu\/et\/kontakt\/\" target=\"_blank\" class=\"pp-button elementor-button elementor-size-md elementor-repeater-item-c938c7f \">\n\t\t\t\t\t<div class=\"pp-button-content-wrapper\">\n\t\t\t\t\t\t<span class=\"pp-button-content-inner pp-icon-before\">\n\t\t\t\t\t\t\t\n\t\t\t\t\t\t\t\t<span class=\"pp-button-title\">\n\t\t\t\t\t\t\t\t\tBroneeri\t\t\t\t\t\t\t\t<\/span>\n\t\t\t\t\t\t\t\t\t\t\t\t\t<\/span>\n\t\t\t\t\t<\/div>\n\t\t\t\t<\/a>\n\t\t\t\t\t\t\t\t\t\t<\/div>\t\t<\/div>\n\t\t\t\t<\/div>\n\t\t\t\t\t<\/div>\n\t\t<\/div>\n\t\t\t\t\t<\/div>\n\t\t<\/section>\n\t\t\t\t<\/div>\n\t\t","protected":false},"excerpt":{"rendered":"<p>N\u00e4onaha atraumaatiline puhastus Puhas n\u00e4onahk on u\u0308ks ilu kriteeriume ja tervise tunnusm\u00e4rke. Kodus tehtavad protseduurid ei suuda eemaldada su\u0308gavat mustust ega tulla toime terve rea n\u00e4onaha probleemidega. On tarvis k\u00e4ia regulaarselt kosmetoloogi juures, et hoida nahk ideaalses korras. Atraumaatiline puhastus ei venita poore ega mulju nahka, eemaldab mustpead ja kinnised\u2026<\/p>\n<p class=\"continue-reading-button\"> <a class=\"continue-reading-link\" href=\"https:\/\/copy.medicest.eu\/et\/naonaha-puhastus\/\"><i class=\"crycon-right-dir\"><\/i><\/a><\/p>\n","protected":false},"author":1,"featured_media":0,"parent":0,"menu_order":0,"comment_status":"closed","ping_status":"closed","template":"","meta":{"footnotes":""},"class_list":["post-5721","page","type-page","status-publish","hentry"],"yoast_head":"<!-- This site is optimized with the Yoast SEO plugin v23.6 - https:\/\/yoast.com\/wordpress\/plugins\/seo\/ -->\n<title>N\u00e4onaha puhastus - Ilukliinik Medic-Esthetic<\/title>\n<meta name=\"robots\" content=\"index, follow, max-snippet:-1, max-image-preview:large, max-video-preview:-1\" \/>\n<link rel=\"canonical\" href=\"https:\/\/copy.medicest.eu\/et\/naonaha-puhastus\/\" \/>\n<meta property=\"og:locale\" content=\"et_EE\" \/>\n<meta property=\"og:type\" content=\"article\" \/>\n<meta property=\"og:title\" content=\"N\u00e4onaha puhastus - Ilukliinik Medic-Esthetic\" \/>\n<meta property=\"og:description\" content=\"N\u00e4onaha atraumaatiline puhastus Puhas n\u00e4onahk on u\u0308ks ilu kriteeriume ja tervise tunnusm\u00e4rke. Kodus tehtavad protseduurid ei suuda eemaldada su\u0308gavat mustust ega tulla toime terve rea n\u00e4onaha probleemidega. On tarvis k\u00e4ia regulaarselt kosmetoloogi juures, et hoida nahk ideaalses korras. Atraumaatiline puhastus ei venita poore ega mulju nahka, eemaldab mustpead ja kinnised\u2026\" \/>\n<meta property=\"og:url\" content=\"https:\/\/copy.medicest.eu\/et\/naonaha-puhastus\/\" \/>\n<meta property=\"og:site_name\" content=\"Ilukliinik Medic-Esthetic\" \/>\n<meta property=\"article:modified_time\" content=\"2021-12-10T15:14:12+00:00\" \/>\n<meta property=\"og:image\" content=\"https:\/\/copy.medicest.eu\/wp-content\/uploads\/2021\/11\/ruchnaya-chistka-litsa-s-min.jpg\" \/>\n<meta name=\"twitter:card\" content=\"summary_large_image\" \/>\n<meta name=\"twitter:label1\" content=\"Est. reading time\" \/>\n\t<meta name=\"twitter:data1\" content=\"1 minut\" \/>\n<script type=\"application\/ld+json\" class=\"yoast-schema-graph\">{\"@context\":\"https:\/\/schema.org\",\"@graph\":[{\"@type\":\"WebPage\",\"@id\":\"https:\/\/copy.medicest.eu\/et\/naonaha-puhastus\/\",\"url\":\"https:\/\/copy.medicest.eu\/et\/naonaha-puhastus\/\",\"name\":\"N\u00e4onaha puhastus - Ilukliinik Medic-Esthetic\",\"isPartOf\":{\"@id\":\"https:\/\/copy.medicest.eu\/#website\"},\"primaryImageOfPage\":{\"@id\":\"https:\/\/copy.medicest.eu\/et\/naonaha-puhastus\/#primaryimage\"},\"image\":{\"@id\":\"https:\/\/copy.medicest.eu\/et\/naonaha-puhastus\/#primaryimage\"},\"thumbnailUrl\":\"https:\/\/copy.medicest.eu\/wp-content\/uploads\/2021\/11\/ruchnaya-chistka-litsa-s-min.jpg\",\"datePublished\":\"2021-11-08T11:21:13+00:00\",\"dateModified\":\"2021-12-10T15:14:12+00:00\",\"breadcrumb\":{\"@id\":\"https:\/\/copy.medicest.eu\/et\/naonaha-puhastus\/#breadcrumb\"},\"inLanguage\":\"et\",\"potentialAction\":[{\"@type\":\"ReadAction\",\"target\":[\"https:\/\/copy.medicest.eu\/et\/naonaha-puhastus\/\"]}]},{\"@type\":\"ImageObject\",\"inLanguage\":\"et\",\"@id\":\"https:\/\/copy.medicest.eu\/et\/naonaha-puhastus\/#primaryimage\",\"url\":\"https:\/\/copy.medicest.eu\/wp-content\/uploads\/2021\/11\/ruchnaya-chistka-litsa-s-min.jpg\",\"contentUrl\":\"https:\/\/copy.medicest.eu\/wp-content\/uploads\/2021\/11\/ruchnaya-chistka-litsa-s-min.jpg\"},{\"@type\":\"BreadcrumbList\",\"@id\":\"https:\/\/copy.medicest.eu\/et\/naonaha-puhastus\/#breadcrumb\",\"itemListElement\":[{\"@type\":\"ListItem\",\"position\":1,\"name\":\"Home\",\"item\":\"https:\/\/copy.medicest.eu\/et\/\"},{\"@type\":\"ListItem\",\"position\":2,\"name\":\"N\u00e4onaha puhastus\"}]},{\"@type\":\"WebSite\",\"@id\":\"https:\/\/copy.medicest.eu\/#website\",\"url\":\"https:\/\/copy.medicest.eu\/\",\"name\":\"Ilukliinik Medic-Esthetic\",\"description\":\"Beauty &amp; Prestige\",\"potentialAction\":[{\"@type\":\"SearchAction\",\"target\":{\"@type\":\"EntryPoint\",\"urlTemplate\":\"https:\/\/copy.medicest.eu\/?s={search_term_string}\"},\"query-input\":{\"@type\":\"PropertyValueSpecification\",\"valueRequired\":true,\"valueName\":\"search_term_string\"}}],\"inLanguage\":\"et\"}]}<\/script>\n<!-- \/ Yoast SEO plugin. -->","yoast_head_json":{"title":"N\u00e4onaha puhastus - Ilukliinik Medic-Esthetic","robots":{"index":"index","follow":"follow","max-snippet":"max-snippet:-1","max-image-preview":"max-image-preview:large","max-video-preview":"max-video-preview:-1"},"canonical":"https:\/\/copy.medicest.eu\/et\/naonaha-puhastus\/","og_locale":"et_EE","og_type":"article","og_title":"N\u00e4onaha puhastus - Ilukliinik Medic-Esthetic","og_description":"N\u00e4onaha atraumaatiline puhastus Puhas n\u00e4onahk on u\u0308ks ilu kriteeriume ja tervise tunnusm\u00e4rke. Kodus tehtavad protseduurid ei suuda eemaldada su\u0308gavat mustust ega tulla toime terve rea n\u00e4onaha probleemidega. On tarvis k\u00e4ia regulaarselt kosmetoloogi juures, et hoida nahk ideaalses korras. Atraumaatiline puhastus ei venita poore ega mulju nahka, eemaldab mustpead ja kinnised\u2026","og_url":"https:\/\/copy.medicest.eu\/et\/naonaha-puhastus\/","og_site_name":"Ilukliinik Medic-Esthetic","article_modified_time":"2021-12-10T15:14:12+00:00","og_image":[{"url":"https:\/\/copy.medicest.eu\/wp-content\/uploads\/2021\/11\/ruchnaya-chistka-litsa-s-min.jpg"}],"twitter_card":"summary_large_image","twitter_misc":{"Est. reading time":"1 minut"},"schema":{"@context":"https:\/\/schema.org","@graph":[{"@type":"WebPage","@id":"https:\/\/copy.medicest.eu\/et\/naonaha-puhastus\/","url":"https:\/\/copy.medicest.eu\/et\/naonaha-puhastus\/","name":"N\u00e4onaha puhastus - Ilukliinik Medic-Esthetic","isPartOf":{"@id":"https:\/\/copy.medicest.eu\/#website"},"primaryImageOfPage":{"@id":"https:\/\/copy.medicest.eu\/et\/naonaha-puhastus\/#primaryimage"},"image":{"@id":"https:\/\/copy.medicest.eu\/et\/naonaha-puhastus\/#primaryimage"},"thumbnailUrl":"https:\/\/copy.medicest.eu\/wp-content\/uploads\/2021\/11\/ruchnaya-chistka-litsa-s-min.jpg","datePublished":"2021-11-08T11:21:13+00:00","dateModified":"2021-12-10T15:14:12+00:00","breadcrumb":{"@id":"https:\/\/copy.medicest.eu\/et\/naonaha-puhastus\/#breadcrumb"},"inLanguage":"et","potentialAction":[{"@type":"ReadAction","target":["https:\/\/copy.medicest.eu\/et\/naonaha-puhastus\/"]}]},{"@type":"ImageObject","inLanguage":"et","@id":"https:\/\/copy.medicest.eu\/et\/naonaha-puhastus\/#primaryimage","url":"https:\/\/copy.medicest.eu\/wp-content\/uploads\/2021\/11\/ruchnaya-chistka-litsa-s-min.jpg","contentUrl":"https:\/\/copy.medicest.eu\/wp-content\/uploads\/2021\/11\/ruchnaya-chistka-litsa-s-min.jpg"},{"@type":"BreadcrumbList","@id":"https:\/\/copy.medicest.eu\/et\/naonaha-puhastus\/#breadcrumb","itemListElement":[{"@type":"ListItem","position":1,"name":"Home","item":"https:\/\/copy.medicest.eu\/et\/"},{"@type":"ListItem","position":2,"name":"N\u00e4onaha puhastus"}]},{"@type":"WebSite","@id":"https:\/\/copy.medicest.eu\/#website","url":"https:\/\/copy.medicest.eu\/","name":"Ilukliinik Medic-Esthetic","description":"Beauty &amp; Prestige","potentialAction":[{"@type":"SearchAction","target":{"@type":"EntryPoint","urlTemplate":"https:\/\/copy.medicest.eu\/?s={search_term_string}"},"query-input":{"@type":"PropertyValueSpecification","valueRequired":true,"valueName":"search_term_string"}}],"inLanguage":"et"}]}},"_links":{"self":[{"href":"https:\/\/copy.medicest.eu\/et\/wp-json\/wp\/v2\/pages\/5721","targetHints":{"allow":["GET"]}}],"collection":[{"href":"https:\/\/copy.medicest.eu\/et\/wp-json\/wp\/v2\/pages"}],"about":[{"href":"https:\/\/copy.medicest.eu\/et\/wp-json\/wp\/v2\/types\/page"}],"author":[{"embeddable":true,"href":"https:\/\/copy.medicest.eu\/et\/wp-json\/wp\/v2\/users\/1"}],"replies":[{"embeddable":true,"href":"https:\/\/copy.medicest.eu\/et\/wp-json\/wp\/v2\/comments?post=5721"}],"version-history":[{"count":13,"href":"https:\/\/copy.medicest.eu\/et\/wp-json\/wp\/v2\/pages\/5721\/revisions"}],"predecessor-version":[{"id":6241,"href":"https:\/\/copy.medicest.eu\/et\/wp-json\/wp\/v2\/pages\/5721\/revisions\/6241"}],"wp:attachment":[{"href":"https:\/\/copy.medicest.eu\/et\/wp-json\/wp\/v2\/media?parent=5721"}],"curies":[{"name":"wp","href":"https:\/\/api.w.org\/{rel}","templated":true}]}}