{"id":5763,"date":"2021-11-11T11:55:16","date_gmt":"2021-11-11T11:55:16","guid":{"rendered":"https:\/\/copy.medicest.eu\/uxody-dlya-lica-christina\/"},"modified":"2023-03-01T10:33:57","modified_gmt":"2023-03-01T10:33:57","slug":"naohooldused-christina","status":"publish","type":"page","link":"https:\/\/copy.medicest.eu\/et\/naohooldused-christina\/","title":{"rendered":"N\u00e4ohooldused Christina"},"content":{"rendered":"\t\t<div data-elementor-type=\"wp-page\" data-elementor-id=\"5763\" class=\"elementor elementor-5763 elementor-5505\">\n\t\t\t\t\t\t<section class=\"elementor-section elementor-top-section elementor-element elementor-element-49087cb5 elementor-section-boxed elementor-section-height-default elementor-section-height-default\" data-id=\"49087cb5\" data-element_type=\"section\">\n\t\t\t\t\t\t<div class=\"elementor-container elementor-column-gap-default\">\n\t\t\t\t\t<div class=\"elementor-column elementor-col-100 elementor-top-column elementor-element elementor-element-67eef7e5\" data-id=\"67eef7e5\" data-element_type=\"column\">\n\t\t\t<div class=\"elementor-widget-wrap elementor-element-populated\">\n\t\t\t\t\t\t<div class=\"elementor-element elementor-element-145f740b elementor-widget elementor-widget-heading\" data-id=\"145f740b\" data-element_type=\"widget\" data-widget_type=\"heading.default\">\n\t\t\t\t<div class=\"elementor-widget-container\">\n\t\t\t<h2 class=\"elementor-heading-title elementor-size-default\">N\u00e4ohooldused<\/h2>\t\t<\/div>\n\t\t\t\t<\/div>\n\t\t\t\t<div class=\"elementor-element elementor-element-2b20c648 elementor-widget elementor-widget-heading\" data-id=\"2b20c648\" data-element_type=\"widget\" data-widget_type=\"heading.default\">\n\t\t\t\t<div class=\"elementor-widget-container\">\n\t\t\t<h3 class=\"elementor-heading-title elementor-size-default\">professionaalse kosmeetikaga Christina<\/h3>\t\t<\/div>\n\t\t\t\t<\/div>\n\t\t\t\t\t<\/div>\n\t\t<\/div>\n\t\t\t\t\t<\/div>\n\t\t<\/section>\n\t\t\t\t<section class=\"elementor-section elementor-top-section elementor-element elementor-element-9ad6bda elementor-section-boxed elementor-section-height-default elementor-section-height-default\" data-id=\"9ad6bda\" data-element_type=\"section\">\n\t\t\t\t\t\t<div class=\"elementor-container elementor-column-gap-default\">\n\t\t\t\t\t<div class=\"elementor-column elementor-col-50 elementor-top-column elementor-element elementor-element-7e45c5c\" data-id=\"7e45c5c\" data-element_type=\"column\">\n\t\t\t<div class=\"elementor-widget-wrap elementor-element-populated\">\n\t\t\t\t\t\t<div class=\"elementor-element elementor-element-bbdc5f8 elementor-widget elementor-widget-image\" data-id=\"bbdc5f8\" data-element_type=\"widget\" data-widget_type=\"image.default\">\n\t\t\t\t<div class=\"elementor-widget-container\">\n\t\t\t\t\t\t\t\t\t\t\t\t\t<img fetchpriority=\"high\" decoding=\"async\" width=\"507\" height=\"300\" src=\"https:\/\/copy.medicest.eu\/wp-content\/uploads\/2021\/11\/christina-cosmetics-tm.jpg\" class=\"attachment-large size-large wp-image-5522\" alt=\"\" srcset=\"https:\/\/copy.medicest.eu\/wp-content\/uploads\/2021\/11\/christina-cosmetics-tm.jpg 507w, https:\/\/copy.medicest.eu\/wp-content\/uploads\/2021\/11\/christina-cosmetics-tm-300x178.jpg 300w, https:\/\/copy.medicest.eu\/wp-content\/uploads\/2021\/11\/christina-cosmetics-tm-150x89.jpg 150w\" sizes=\"(max-width: 507px) 100vw, 507px\" \/>\t\t\t\t\t\t\t\t\t\t\t\t\t<\/div>\n\t\t\t\t<\/div>\n\t\t\t\t\t<\/div>\n\t\t<\/div>\n\t\t\t\t<div class=\"elementor-column elementor-col-50 elementor-top-column elementor-element elementor-element-0b25615\" data-id=\"0b25615\" data-element_type=\"column\">\n\t\t\t<div class=\"elementor-widget-wrap elementor-element-populated\">\n\t\t\t\t\t\t<div class=\"elementor-element elementor-element-91e692a elementor-widget elementor-widget-text-editor\" data-id=\"91e692a\" data-element_type=\"widget\" data-widget_type=\"text-editor.default\">\n\t\t\t\t<div class=\"elementor-widget-container\">\n\t\t\t\t\t\t\t<p>1982. aastal asutatud Christina Cosmeceuticals (Iisrael) on eksklusiivse profikosmeetika vallas maailmas liidripositsioonil, r\u00f5\u00f5mustades oma kliente revolutsiooniliste toodete ja ainulaadse kogemusega.<\/p><p>Christina tootesarjad u\u0308hendavad endas auhindadega p\u00e4rjatud ja uusimaid t\u00e4nap\u00e4evatehnoloogiaid, kombineerides innovatsioonilisi ja traditsioonilisi toimeaineid.<\/p><p>Christina laboratoorium tegutseb selle nimel, et t\u00f6\u00f6tada v\u00e4lja spetsialiseeritud nahahooldustooted, mille eesm\u00e4rk on k\u00f5rvaldada nahaprobleemide sisemised ja v\u00e4lised p\u00f5hjused ning tagaj\u00e4rjed<br \/>paljudes nahakihtides.<\/p>\t\t\t\t\t\t<\/div>\n\t\t\t\t<\/div>\n\t\t\t\t\t<\/div>\n\t\t<\/div>\n\t\t\t\t\t<\/div>\n\t\t<\/section>\n\t\t\t\t<section class=\"elementor-section elementor-top-section elementor-element elementor-element-7b45d70 elementor-section-boxed elementor-section-height-default elementor-section-height-default\" data-id=\"7b45d70\" data-element_type=\"section\">\n\t\t\t\t\t\t<div class=\"elementor-container elementor-column-gap-default\">\n\t\t\t\t\t<div class=\"elementor-column elementor-col-50 elementor-top-column elementor-element elementor-element-c1cb935\" data-id=\"c1cb935\" data-element_type=\"column\">\n\t\t\t<div class=\"elementor-widget-wrap elementor-element-populated\">\n\t\t\t\t\t\t<div class=\"elementor-element elementor-element-0a591a3 elementor-widget elementor-widget-text-editor\" data-id=\"0a591a3\" data-element_type=\"widget\" data-widget_type=\"text-editor.default\">\n\t\t\t\t<div class=\"elementor-widget-container\">\n\t\t\t\t\t\t\t<h4>Silk \u2013 tootesari lifting-efekti saavutamiseks<\/h4><p>\u00a0<\/p><p>Luksuslik, siidi baasil valmistatud vananemisvastane hooldus kaotab naha vananemise p\u00f5hjused ja su\u0308mptomid, t\u00e4idab silmapilkselt kortsud ja peened vaod ning muudab naha elastsemaks.<br \/><br \/><\/p>\t\t\t\t\t\t<\/div>\n\t\t\t\t<\/div>\n\t\t\t\t<div class=\"elementor-element elementor-element-139fc5f pp-buttons-halign-left pp-buttons-stack-none elementor-widget elementor-widget-pp-buttons\" data-id=\"139fc5f\" data-element_type=\"widget\" data-widget_type=\"pp-buttons.default\">\n\t\t\t\t<div class=\"elementor-widget-container\">\n\t\t\t\t\t<div class=\"pp-buttons-group\">\n\t\t\t\t\t\t\t\t\t\t\t<a href=\"https:\/\/copy.medicest.eu\/et\/naohooldused-christina\/naohooldus-christina-silk\/\" class=\"pp-button elementor-button elementor-size-sm elementor-repeater-item-c938c7f \">\n\t\t\t\t\t<div class=\"pp-button-content-wrapper\">\n\t\t\t\t\t\t<span class=\"pp-button-content-inner pp-icon-before\">\n\t\t\t\t\t\t\t\n\t\t\t\t\t\t\t\t<span class=\"pp-button-title\">\n\t\t\t\t\t\t\t\t\tLisainfo\t\t\t\t\t\t\t\t<\/span>\n\t\t\t\t\t\t\t\t\t\t\t\t\t<\/span>\n\t\t\t\t\t<\/div>\n\t\t\t\t<\/a>\n\t\t\t\t\t\t\t\t\t\t<\/div>\t\t<\/div>\n\t\t\t\t<\/div>\n\t\t\t\t\t<\/div>\n\t\t<\/div>\n\t\t\t\t<div class=\"elementor-column elementor-col-50 elementor-top-column elementor-element elementor-element-6677ead\" data-id=\"6677ead\" data-element_type=\"column\">\n\t\t\t<div class=\"elementor-widget-wrap elementor-element-populated\">\n\t\t\t\t\t\t<div class=\"elementor-element elementor-element-8d775a9 elementor-widget elementor-widget-image\" data-id=\"8d775a9\" data-element_type=\"widget\" data-widget_type=\"image.default\">\n\t\t\t\t<div class=\"elementor-widget-container\">\n\t\t\t\t\t\t\t\t\t\t\t\t\t<img decoding=\"async\" width=\"1024\" height=\"715\" src=\"https:\/\/copy.medicest.eu\/wp-content\/uploads\/2021\/11\/Christina-Silk.jpg\" class=\"attachment-large size-large wp-image-5591\" alt=\"\" srcset=\"https:\/\/copy.medicest.eu\/wp-content\/uploads\/2021\/11\/Christina-Silk.jpg 1024w, https:\/\/copy.medicest.eu\/wp-content\/uploads\/2021\/11\/Christina-Silk-300x209.jpg 300w, https:\/\/copy.medicest.eu\/wp-content\/uploads\/2021\/11\/Christina-Silk-768x536.jpg 768w, https:\/\/copy.medicest.eu\/wp-content\/uploads\/2021\/11\/Christina-Silk-150x105.jpg 150w\" sizes=\"(max-width: 1024px) 100vw, 1024px\" \/>\t\t\t\t\t\t\t\t\t\t\t\t\t<\/div>\n\t\t\t\t<\/div>\n\t\t\t\t\t<\/div>\n\t\t<\/div>\n\t\t\t\t\t<\/div>\n\t\t<\/section>\n\t\t\t\t<section class=\"elementor-section elementor-top-section elementor-element elementor-element-344e1af6 elementor-section-boxed elementor-section-height-default elementor-section-height-default\" data-id=\"344e1af6\" data-element_type=\"section\">\n\t\t\t\t\t\t<div class=\"elementor-container elementor-column-gap-default\">\n\t\t\t\t\t<div class=\"elementor-column elementor-col-100 elementor-top-column elementor-element elementor-element-4f04757a\" data-id=\"4f04757a\" data-element_type=\"column\">\n\t\t\t<div class=\"elementor-widget-wrap elementor-element-populated\">\n\t\t\t\t\t\t<div class=\"elementor-element elementor-element-2ee77cc2 elementor-widget elementor-widget-heading\" data-id=\"2ee77cc2\" data-element_type=\"widget\" data-widget_type=\"heading.default\">\n\t\t\t\t<div class=\"elementor-widget-container\">\n\t\t\t<h2 class=\"elementor-heading-title elementor-size-default\">Hinnakiri<\/h2>\t\t<\/div>\n\t\t\t\t<\/div>\n\t\t\t\t<div class=\"elementor-element elementor-element-537f27a7 elementor-widget elementor-widget-text-editor\" data-id=\"537f27a7\" data-element_type=\"widget\" data-widget_type=\"text-editor.default\">\n\t\t\t\t<div class=\"elementor-widget-container\">\n\t\t\t\t\t\t\t<p>\n<table id=\"tablepress-8\" class=\"tablepress tablepress-id-8 tablepress-responsive\">\n<thead>\n<tr class=\"row-1 odd\">\n\t<th class=\"column-1\">N\u00e4ohooldused Christina<\/th><th class=\"column-2\">Hind \u20ac<\/th>\n<\/tr>\n<\/thead>\n<tbody class=\"row-hover\">\n<tr class=\"row-2 even\">\n\t<td class=\"column-1\">N\u00e4ohooldus Christina Silk + massaa\u017e 90 min<\/td><td class=\"column-2\">75,00<\/td>\n<\/tr>\n<\/tbody>\n<\/table>\n<!-- #tablepress-8 from cache --><\/p>\t\t\t\t\t\t<\/div>\n\t\t\t\t<\/div>\n\t\t\t\t<div class=\"elementor-element elementor-element-7c1398f4 pp-buttons-halign-center pp-buttons-stack-none elementor-widget elementor-widget-pp-buttons\" data-id=\"7c1398f4\" data-element_type=\"widget\" data-widget_type=\"pp-buttons.default\">\n\t\t\t\t<div class=\"elementor-widget-container\">\n\t\t\t\t\t<div class=\"pp-buttons-group\">\n\t\t\t\t\t\t\t\t\t\t\t<a href=\"https:\/\/shop.medicest.eu\/et\/product\/naohooldused-kosmeetikaga-christina\/\" target=\"_blank\" class=\"pp-button elementor-button elementor-size-md elementor-repeater-item-c938c7f \">\n\t\t\t\t\t<div class=\"pp-button-content-wrapper\">\n\t\t\t\t\t\t<span class=\"pp-button-content-inner pp-icon-before\">\n\t\t\t\t\t\t\t\n\t\t\t\t\t\t\t\t<span class=\"pp-button-title\">\n\t\t\t\t\t\t\t\t\tOsta\t\t\t\t\t\t\t\t<\/span>\n\t\t\t\t\t\t\t\t\t\t\t\t\t<\/span>\n\t\t\t\t\t<\/div>\n\t\t\t\t<\/a>\n\t\t\t\t\t\t\t\t\t\t<\/div>\t\t<\/div>\n\t\t\t\t<\/div>\n\t\t\t\t\t<\/div>\n\t\t<\/div>\n\t\t\t\t\t<\/div>\n\t\t<\/section>\n\t\t\t\t<\/div>\n\t\t","protected":false},"excerpt":{"rendered":"<p>N\u00e4ohooldused professionaalse kosmeetikaga Christina 1982. aastal asutatud Christina Cosmeceuticals (Iisrael) on eksklusiivse profikosmeetika vallas maailmas liidripositsioonil, r\u00f5\u00f5mustades oma kliente revolutsiooniliste toodete ja ainulaadse kogemusega. Christina tootesarjad u\u0308hendavad endas auhindadega p\u00e4rjatud ja uusimaid t\u00e4nap\u00e4evatehnoloogiaid, kombineerides innovatsioonilisi ja traditsioonilisi toimeaineid. Christina laboratoorium tegutseb selle nimel, et t\u00f6\u00f6tada v\u00e4lja spetsialiseeritud nahahooldustooted, mille eesm\u00e4rk\u2026<\/p>\n<p class=\"continue-reading-button\"> <a class=\"continue-reading-link\" href=\"https:\/\/copy.medicest.eu\/et\/naohooldused-christina\/\"><i class=\"crycon-right-dir\"><\/i><\/a><\/p>\n","protected":false},"author":1,"featured_media":0,"parent":0,"menu_order":0,"comment_status":"closed","ping_status":"closed","template":"","meta":{"footnotes":""},"class_list":["post-5763","page","type-page","status-publish","hentry"],"yoast_head":"<!-- This site is optimized with the Yoast SEO plugin v23.6 - https:\/\/yoast.com\/wordpress\/plugins\/seo\/ -->\n<title>N\u00e4ohooldused Christina - Ilukliinik Medic-Esthetic<\/title>\n<meta name=\"robots\" content=\"index, follow, max-snippet:-1, max-image-preview:large, max-video-preview:-1\" \/>\n<link rel=\"canonical\" href=\"https:\/\/copy.medicest.eu\/et\/naohooldused-christina\/\" \/>\n<meta property=\"og:locale\" content=\"et_EE\" \/>\n<meta property=\"og:type\" content=\"article\" \/>\n<meta property=\"og:title\" content=\"N\u00e4ohooldused Christina - Ilukliinik Medic-Esthetic\" \/>\n<meta property=\"og:description\" content=\"N\u00e4ohooldused professionaalse kosmeetikaga Christina 1982. aastal asutatud Christina Cosmeceuticals (Iisrael) on eksklusiivse profikosmeetika vallas maailmas liidripositsioonil, r\u00f5\u00f5mustades oma kliente revolutsiooniliste toodete ja ainulaadse kogemusega. Christina tootesarjad u\u0308hendavad endas auhindadega p\u00e4rjatud ja uusimaid t\u00e4nap\u00e4evatehnoloogiaid, kombineerides innovatsioonilisi ja traditsioonilisi toimeaineid. Christina laboratoorium tegutseb selle nimel, et t\u00f6\u00f6tada v\u00e4lja spetsialiseeritud nahahooldustooted, mille eesm\u00e4rk\u2026\" \/>\n<meta property=\"og:url\" content=\"https:\/\/copy.medicest.eu\/et\/naohooldused-christina\/\" \/>\n<meta property=\"og:site_name\" content=\"Ilukliinik Medic-Esthetic\" \/>\n<meta property=\"article:modified_time\" content=\"2023-03-01T10:33:57+00:00\" \/>\n<meta property=\"og:image\" content=\"https:\/\/copy.medicest.eu\/wp-content\/uploads\/2021\/11\/christina-cosmetics-tm.jpg\" \/>\n<meta name=\"twitter:card\" content=\"summary_large_image\" \/>\n<meta name=\"twitter:label1\" content=\"Est. reading time\" \/>\n\t<meta name=\"twitter:data1\" content=\"1 minut\" \/>\n<script type=\"application\/ld+json\" class=\"yoast-schema-graph\">{\"@context\":\"https:\/\/schema.org\",\"@graph\":[{\"@type\":\"WebPage\",\"@id\":\"https:\/\/copy.medicest.eu\/et\/naohooldused-christina\/\",\"url\":\"https:\/\/copy.medicest.eu\/et\/naohooldused-christina\/\",\"name\":\"N\u00e4ohooldused Christina - Ilukliinik Medic-Esthetic\",\"isPartOf\":{\"@id\":\"https:\/\/copy.medicest.eu\/#website\"},\"primaryImageOfPage\":{\"@id\":\"https:\/\/copy.medicest.eu\/et\/naohooldused-christina\/#primaryimage\"},\"image\":{\"@id\":\"https:\/\/copy.medicest.eu\/et\/naohooldused-christina\/#primaryimage\"},\"thumbnailUrl\":\"https:\/\/copy.medicest.eu\/wp-content\/uploads\/2021\/11\/christina-cosmetics-tm.jpg\",\"datePublished\":\"2021-11-11T11:55:16+00:00\",\"dateModified\":\"2023-03-01T10:33:57+00:00\",\"breadcrumb\":{\"@id\":\"https:\/\/copy.medicest.eu\/et\/naohooldused-christina\/#breadcrumb\"},\"inLanguage\":\"et\",\"potentialAction\":[{\"@type\":\"ReadAction\",\"target\":[\"https:\/\/copy.medicest.eu\/et\/naohooldused-christina\/\"]}]},{\"@type\":\"ImageObject\",\"inLanguage\":\"et\",\"@id\":\"https:\/\/copy.medicest.eu\/et\/naohooldused-christina\/#primaryimage\",\"url\":\"https:\/\/copy.medicest.eu\/wp-content\/uploads\/2021\/11\/christina-cosmetics-tm.jpg\",\"contentUrl\":\"https:\/\/copy.medicest.eu\/wp-content\/uploads\/2021\/11\/christina-cosmetics-tm.jpg\"},{\"@type\":\"BreadcrumbList\",\"@id\":\"https:\/\/copy.medicest.eu\/et\/naohooldused-christina\/#breadcrumb\",\"itemListElement\":[{\"@type\":\"ListItem\",\"position\":1,\"name\":\"Home\",\"item\":\"https:\/\/copy.medicest.eu\/et\/\"},{\"@type\":\"ListItem\",\"position\":2,\"name\":\"N\u00e4ohooldused Christina\"}]},{\"@type\":\"WebSite\",\"@id\":\"https:\/\/copy.medicest.eu\/#website\",\"url\":\"https:\/\/copy.medicest.eu\/\",\"name\":\"Ilukliinik Medic-Esthetic\",\"description\":\"Beauty &amp; Prestige\",\"potentialAction\":[{\"@type\":\"SearchAction\",\"target\":{\"@type\":\"EntryPoint\",\"urlTemplate\":\"https:\/\/copy.medicest.eu\/?s={search_term_string}\"},\"query-input\":{\"@type\":\"PropertyValueSpecification\",\"valueRequired\":true,\"valueName\":\"search_term_string\"}}],\"inLanguage\":\"et\"}]}<\/script>\n<!-- \/ Yoast SEO plugin. -->","yoast_head_json":{"title":"N\u00e4ohooldused Christina - Ilukliinik Medic-Esthetic","robots":{"index":"index","follow":"follow","max-snippet":"max-snippet:-1","max-image-preview":"max-image-preview:large","max-video-preview":"max-video-preview:-1"},"canonical":"https:\/\/copy.medicest.eu\/et\/naohooldused-christina\/","og_locale":"et_EE","og_type":"article","og_title":"N\u00e4ohooldused Christina - Ilukliinik Medic-Esthetic","og_description":"N\u00e4ohooldused professionaalse kosmeetikaga Christina 1982. aastal asutatud Christina Cosmeceuticals (Iisrael) on eksklusiivse profikosmeetika vallas maailmas liidripositsioonil, r\u00f5\u00f5mustades oma kliente revolutsiooniliste toodete ja ainulaadse kogemusega. Christina tootesarjad u\u0308hendavad endas auhindadega p\u00e4rjatud ja uusimaid t\u00e4nap\u00e4evatehnoloogiaid, kombineerides innovatsioonilisi ja traditsioonilisi toimeaineid. Christina laboratoorium tegutseb selle nimel, et t\u00f6\u00f6tada v\u00e4lja spetsialiseeritud nahahooldustooted, mille eesm\u00e4rk\u2026","og_url":"https:\/\/copy.medicest.eu\/et\/naohooldused-christina\/","og_site_name":"Ilukliinik Medic-Esthetic","article_modified_time":"2023-03-01T10:33:57+00:00","og_image":[{"url":"https:\/\/copy.medicest.eu\/wp-content\/uploads\/2021\/11\/christina-cosmetics-tm.jpg"}],"twitter_card":"summary_large_image","twitter_misc":{"Est. reading time":"1 minut"},"schema":{"@context":"https:\/\/schema.org","@graph":[{"@type":"WebPage","@id":"https:\/\/copy.medicest.eu\/et\/naohooldused-christina\/","url":"https:\/\/copy.medicest.eu\/et\/naohooldused-christina\/","name":"N\u00e4ohooldused Christina - Ilukliinik Medic-Esthetic","isPartOf":{"@id":"https:\/\/copy.medicest.eu\/#website"},"primaryImageOfPage":{"@id":"https:\/\/copy.medicest.eu\/et\/naohooldused-christina\/#primaryimage"},"image":{"@id":"https:\/\/copy.medicest.eu\/et\/naohooldused-christina\/#primaryimage"},"thumbnailUrl":"https:\/\/copy.medicest.eu\/wp-content\/uploads\/2021\/11\/christina-cosmetics-tm.jpg","datePublished":"2021-11-11T11:55:16+00:00","dateModified":"2023-03-01T10:33:57+00:00","breadcrumb":{"@id":"https:\/\/copy.medicest.eu\/et\/naohooldused-christina\/#breadcrumb"},"inLanguage":"et","potentialAction":[{"@type":"ReadAction","target":["https:\/\/copy.medicest.eu\/et\/naohooldused-christina\/"]}]},{"@type":"ImageObject","inLanguage":"et","@id":"https:\/\/copy.medicest.eu\/et\/naohooldused-christina\/#primaryimage","url":"https:\/\/copy.medicest.eu\/wp-content\/uploads\/2021\/11\/christina-cosmetics-tm.jpg","contentUrl":"https:\/\/copy.medicest.eu\/wp-content\/uploads\/2021\/11\/christina-cosmetics-tm.jpg"},{"@type":"BreadcrumbList","@id":"https:\/\/copy.medicest.eu\/et\/naohooldused-christina\/#breadcrumb","itemListElement":[{"@type":"ListItem","position":1,"name":"Home","item":"https:\/\/copy.medicest.eu\/et\/"},{"@type":"ListItem","position":2,"name":"N\u00e4ohooldused Christina"}]},{"@type":"WebSite","@id":"https:\/\/copy.medicest.eu\/#website","url":"https:\/\/copy.medicest.eu\/","name":"Ilukliinik Medic-Esthetic","description":"Beauty &amp; Prestige","potentialAction":[{"@type":"SearchAction","target":{"@type":"EntryPoint","urlTemplate":"https:\/\/copy.medicest.eu\/?s={search_term_string}"},"query-input":{"@type":"PropertyValueSpecification","valueRequired":true,"valueName":"search_term_string"}}],"inLanguage":"et"}]}},"_links":{"self":[{"href":"https:\/\/copy.medicest.eu\/et\/wp-json\/wp\/v2\/pages\/5763","targetHints":{"allow":["GET"]}}],"collection":[{"href":"https:\/\/copy.medicest.eu\/et\/wp-json\/wp\/v2\/pages"}],"about":[{"href":"https:\/\/copy.medicest.eu\/et\/wp-json\/wp\/v2\/types\/page"}],"author":[{"embeddable":true,"href":"https:\/\/copy.medicest.eu\/et\/wp-json\/wp\/v2\/users\/1"}],"replies":[{"embeddable":true,"href":"https:\/\/copy.medicest.eu\/et\/wp-json\/wp\/v2\/comments?post=5763"}],"version-history":[{"count":31,"href":"https:\/\/copy.medicest.eu\/et\/wp-json\/wp\/v2\/pages\/5763\/revisions"}],"predecessor-version":[{"id":11105,"href":"https:\/\/copy.medicest.eu\/et\/wp-json\/wp\/v2\/pages\/5763\/revisions\/11105"}],"wp:attachment":[{"href":"https:\/\/copy.medicest.eu\/et\/wp-json\/wp\/v2\/media?parent=5763"}],"curies":[{"name":"wp","href":"https:\/\/api.w.org\/{rel}","templated":true}]}}