{"id":5781,"date":"2021-11-12T11:43:46","date_gmt":"2021-11-12T11:43:46","guid":{"rendered":"https:\/\/copy.medicest.eu\/naohooldused-christina\/uxod-dlya-lica-christina-silk\/"},"modified":"2023-01-18T14:35:58","modified_gmt":"2023-01-18T14:35:58","slug":"naohooldus-christina-silk","status":"publish","type":"page","link":"https:\/\/copy.medicest.eu\/et\/naohooldused-christina\/naohooldus-christina-silk\/","title":{"rendered":"N\u00e4ohooldus Christina Silk"},"content":{"rendered":"\t\t<div data-elementor-type=\"wp-page\" data-elementor-id=\"5781\" class=\"elementor elementor-5781 elementor-5581\">\n\t\t\t\t\t\t<section class=\"elementor-section elementor-top-section elementor-element elementor-element-7cc22a4d elementor-section-boxed elementor-section-height-default elementor-section-height-default\" data-id=\"7cc22a4d\" data-element_type=\"section\">\n\t\t\t\t\t\t<div class=\"elementor-container elementor-column-gap-default\">\n\t\t\t\t\t<div class=\"elementor-column elementor-col-100 elementor-top-column elementor-element elementor-element-1d4fe3ef\" data-id=\"1d4fe3ef\" data-element_type=\"column\">\n\t\t\t<div class=\"elementor-widget-wrap elementor-element-populated\">\n\t\t\t\t\t\t<div class=\"elementor-element elementor-element-66688bbe elementor-widget elementor-widget-heading\" data-id=\"66688bbe\" data-element_type=\"widget\" data-widget_type=\"heading.default\">\n\t\t\t\t<div class=\"elementor-widget-container\">\n\t\t\t<h2 class=\"elementor-heading-title elementor-size-default\">N\u00e4ohooldus Christina Silk<\/h2>\t\t<\/div>\n\t\t\t\t<\/div>\n\t\t\t\t<div class=\"elementor-element elementor-element-3666d9a8 elementor-widget elementor-widget-heading\" data-id=\"3666d9a8\" data-element_type=\"widget\" data-widget_type=\"heading.default\">\n\t\t\t\t<div class=\"elementor-widget-container\">\n\t\t\t<h3 class=\"elementor-heading-title elementor-size-default\">tootesari lifting-efekti saavutamiseks<\/h3>\t\t<\/div>\n\t\t\t\t<\/div>\n\t\t\t\t\t<\/div>\n\t\t<\/div>\n\t\t\t\t\t<\/div>\n\t\t<\/section>\n\t\t\t\t<section class=\"elementor-section elementor-top-section elementor-element elementor-element-475c76f elementor-section-boxed elementor-section-height-default elementor-section-height-default\" data-id=\"475c76f\" data-element_type=\"section\">\n\t\t\t\t\t\t<div class=\"elementor-container elementor-column-gap-default\">\n\t\t\t\t\t<div class=\"elementor-column elementor-col-50 elementor-top-column elementor-element elementor-element-81c5f74\" data-id=\"81c5f74\" data-element_type=\"column\">\n\t\t\t<div class=\"elementor-widget-wrap elementor-element-populated\">\n\t\t\t\t\t\t<div class=\"elementor-element elementor-element-e2f6541 elementor-widget elementor-widget-image\" data-id=\"e2f6541\" data-element_type=\"widget\" data-widget_type=\"image.default\">\n\t\t\t\t<div class=\"elementor-widget-container\">\n\t\t\t\t\t\t\t\t\t\t\t\t\t<img fetchpriority=\"high\" decoding=\"async\" width=\"450\" height=\"301\" src=\"https:\/\/copy.medicest.eu\/wp-content\/uploads\/2021\/11\/silk-i.jpg\" class=\"attachment-large size-large wp-image-5556\" alt=\"\" srcset=\"https:\/\/copy.medicest.eu\/wp-content\/uploads\/2021\/11\/silk-i.jpg 450w, https:\/\/copy.medicest.eu\/wp-content\/uploads\/2021\/11\/silk-i-300x201.jpg 300w, https:\/\/copy.medicest.eu\/wp-content\/uploads\/2021\/11\/silk-i-150x100.jpg 150w\" sizes=\"(max-width: 450px) 100vw, 450px\" \/>\t\t\t\t\t\t\t\t\t\t\t\t\t<\/div>\n\t\t\t\t<\/div>\n\t\t\t\t<div class=\"elementor-element elementor-element-b7b60cf elementor-widget elementor-widget-text-editor\" data-id=\"b7b60cf\" data-element_type=\"widget\" data-widget_type=\"text-editor.default\">\n\t\t\t\t<div class=\"elementor-widget-container\">\n\t\t\t\t\t\t\t<blockquote><p>K\u00f5igest u\u0308he protseduuri Silk j\u00e4rel v\u00e4henevad miimikakortsud 80% v\u00f5rra. Kui kasutada seda koos Silk koduhooldustoodetega, saab saavutada kortsude v\u00e4henemise pikaks ajaks.<\/p><\/blockquote>\t\t\t\t\t\t<\/div>\n\t\t\t\t<\/div>\n\t\t\t\t\t<\/div>\n\t\t<\/div>\n\t\t\t\t<div class=\"elementor-column elementor-col-50 elementor-top-column elementor-element elementor-element-bc6134c\" data-id=\"bc6134c\" data-element_type=\"column\">\n\t\t\t<div class=\"elementor-widget-wrap elementor-element-populated\">\n\t\t\t\t\t\t<div class=\"elementor-element elementor-element-957c3d7 elementor-widget elementor-widget-text-editor\" data-id=\"957c3d7\" data-element_type=\"widget\" data-widget_type=\"text-editor.default\">\n\t\t\t\t<div class=\"elementor-widget-container\">\n\t\t\t\t\t\t\t<p><strong>Ettev\u00f5te Christina (Iisrael) esitab unikaalset nahahooldussarja Silk:<\/strong> luksuslik, siidi baasil valmistatud vananemisvastane hooldus kaotab naha vananemise p\u00f5hjused ja su\u0308mptomid, t\u00e4idab silmapilkselt kortsud ja peened vaod ning muudab naha elastsemaks.<\/p><p>Juba p\u00e4rast esimest seanssi lahkub klient salongist laitmatu naha ja suurep\u00e4rase enesetundega. Siidi \u00f5rnad kiud tungivad nahka ja tugevdavad naturaalset kollageenimaatriksit, t\u00e4nu millele n\u00e4eb nahk laitmatu v\u00e4lja!<\/p><p>Siidihooldust sobib teha erilise su\u0308ndmuse eel, et saavutada koheselt n\u00e4htav efekt, sealjuures tundlikku, seborroilist ega kuperoosset nahka \u00e4rritamata.<\/p><p>\u00d5rnad siidikiud ja -valgud tungivad nahka ja tugevdavad naturaalset kollageenimaatriksit, muutes naha t\u00e4iesti laitmatuks!<\/p>\t\t\t\t\t\t<\/div>\n\t\t\t\t<\/div>\n\t\t\t\t\t<\/div>\n\t\t<\/div>\n\t\t\t\t\t<\/div>\n\t\t<\/section>\n\t\t\t\t<section class=\"elementor-section elementor-top-section elementor-element elementor-element-7a6b0d9 elementor-section-boxed elementor-section-height-default elementor-section-height-default\" data-id=\"7a6b0d9\" data-element_type=\"section\">\n\t\t\t\t\t\t<div class=\"elementor-container elementor-column-gap-default\">\n\t\t\t\t\t<div class=\"elementor-column elementor-col-50 elementor-top-column elementor-element elementor-element-ec7dba2\" data-id=\"ec7dba2\" data-element_type=\"column\">\n\t\t\t<div class=\"elementor-widget-wrap elementor-element-populated\">\n\t\t\t\t\t\t<div class=\"elementor-element elementor-element-33d5c23 elementor-widget elementor-widget-text-editor\" data-id=\"33d5c23\" data-element_type=\"widget\" data-widget_type=\"text-editor.default\">\n\t\t\t\t<div class=\"elementor-widget-container\">\n\t\t\t\t\t\t\t<h4><strong>Kiire tulemus:<\/strong><\/h4><ul><li>Silendab, tugevdab ja pingutab nahka, tagades koheselt n\u00e4htava tulemuse.<\/li><li>Niisutavad koostisosad muudavad naha pehmeks ja s\u00e4ravaks.<\/li><li>Rikastab vitamiinidega ja noorendab v\u00e4sinud nahka.<\/li><li>Sobib tundlikule, seborroilisele ja kuperoossele nahale.<\/li><li>On ideaalne silmapilksete tulemuste saavutamiseks, kui klient peab v\u00f5imalikult hea v\u00e4lja n\u00e4gema.<\/li><li>Kortsude 80% v\u00e4henemine 10 minutiga.<\/li><li>Taastab optimaalse pH nahka \u00e4rritamata.<\/li><\/ul>\t\t\t\t\t\t<\/div>\n\t\t\t\t<\/div>\n\t\t\t\t\t<\/div>\n\t\t<\/div>\n\t\t\t\t<div class=\"elementor-column elementor-col-50 elementor-top-column elementor-element elementor-element-bc0d424\" data-id=\"bc0d424\" data-element_type=\"column\">\n\t\t\t<div class=\"elementor-widget-wrap elementor-element-populated\">\n\t\t\t\t\t\t<div class=\"elementor-element elementor-element-1c94d1f elementor-widget elementor-widget-text-editor\" data-id=\"1c94d1f\" data-element_type=\"widget\" data-widget_type=\"text-editor.default\">\n\t\t\t\t<div class=\"elementor-widget-container\">\n\t\t\t\t\t\t\t<h4><strong>Pikaajalised eelised:<\/strong><\/h4><ul><li>Silendab naha ebatasasused.<\/li><li>Soodustab tervete rakkude kasvu.<\/li><li>V\u00e4hendab kortse 25% kolme kuuga.<\/li><li>Toimib kui kaitseekraan oksu\u0308datiivse stressi vastu.<\/li><li>Aktiveerides 1. tu\u0308u\u0308pi kollageeni moodustumist, tugevdab sidekudet.<\/li><li>Parandab mikrotsirkulatsiooni ning tugevdab kollageeni- ja elastiinimaatriksit.<\/li><\/ul>\t\t\t\t\t\t<\/div>\n\t\t\t\t<\/div>\n\t\t\t\t\t<\/div>\n\t\t<\/div>\n\t\t\t\t\t<\/div>\n\t\t<\/section>\n\t\t\t\t<section class=\"elementor-section elementor-top-section elementor-element elementor-element-6b5a9923 elementor-section-boxed elementor-section-height-default elementor-section-height-default\" data-id=\"6b5a9923\" data-element_type=\"section\">\n\t\t\t\t\t\t<div class=\"elementor-container elementor-column-gap-default\">\n\t\t\t\t\t<div class=\"elementor-column elementor-col-100 elementor-top-column elementor-element elementor-element-a259191\" data-id=\"a259191\" data-element_type=\"column\">\n\t\t\t<div class=\"elementor-widget-wrap elementor-element-populated\">\n\t\t\t\t\t\t<div class=\"elementor-element elementor-element-35ec97f0 elementor-widget elementor-widget-heading\" data-id=\"35ec97f0\" data-element_type=\"widget\" data-widget_type=\"heading.default\">\n\t\t\t\t<div class=\"elementor-widget-container\">\n\t\t\t<h2 class=\"elementor-heading-title elementor-size-default\">Hinnakiri<\/h2>\t\t<\/div>\n\t\t\t\t<\/div>\n\t\t\t\t<div class=\"elementor-element elementor-element-55d6f32d elementor-widget elementor-widget-text-editor\" data-id=\"55d6f32d\" data-element_type=\"widget\" data-widget_type=\"text-editor.default\">\n\t\t\t\t<div class=\"elementor-widget-container\">\n\t\t\t\t\t\t\t<p>\n<table id=\"tablepress-8\" class=\"tablepress tablepress-id-8 tablepress-responsive\">\n<thead>\n<tr class=\"row-1 odd\">\n\t<th class=\"column-1\">N\u00e4ohooldused Christina<\/th><th class=\"column-2\">Hind \u20ac<\/th>\n<\/tr>\n<\/thead>\n<tbody class=\"row-hover\">\n<tr class=\"row-2 even\">\n\t<td class=\"column-1\">N\u00e4ohooldus Christina Silk + massaa\u017e 90 min<\/td><td class=\"column-2\">75,00<\/td>\n<\/tr>\n<\/tbody>\n<\/table>\n<!-- #tablepress-8 from cache --><\/p>\t\t\t\t\t\t<\/div>\n\t\t\t\t<\/div>\n\t\t\t\t<div class=\"elementor-element elementor-element-49af8620 pp-buttons-halign-center pp-buttons-stack-none elementor-widget elementor-widget-pp-buttons\" data-id=\"49af8620\" data-element_type=\"widget\" data-widget_type=\"pp-buttons.default\">\n\t\t\t\t<div class=\"elementor-widget-container\">\n\t\t\t\t\t<div class=\"pp-buttons-group\">\n\t\t\t\t\t\t\t\t\t\t\t<a href=\"https:\/\/shop.medicest.eu\/et\/product\/naohooldused-kosmeetikaga-christina\/\" target=\"_blank\" class=\"pp-button elementor-button elementor-size-md elementor-repeater-item-c938c7f \">\n\t\t\t\t\t<div class=\"pp-button-content-wrapper\">\n\t\t\t\t\t\t<span class=\"pp-button-content-inner pp-icon-before\">\n\t\t\t\t\t\t\t\n\t\t\t\t\t\t\t\t<span class=\"pp-button-title\">\n\t\t\t\t\t\t\t\t\tOsta\t\t\t\t\t\t\t\t<\/span>\n\t\t\t\t\t\t\t\t\t\t\t\t\t<\/span>\n\t\t\t\t\t<\/div>\n\t\t\t\t<\/a>\n\t\t\t\t\t\t\t\t\t\t<\/div>\t\t<\/div>\n\t\t\t\t<\/div>\n\t\t\t\t\t<\/div>\n\t\t<\/div>\n\t\t\t\t\t<\/div>\n\t\t<\/section>\n\t\t\t\t<\/div>\n\t\t","protected":false},"excerpt":{"rendered":"<p>N\u00e4ohooldus Christina Silk tootesari lifting-efekti saavutamiseks K\u00f5igest u\u0308he protseduuri Silk j\u00e4rel v\u00e4henevad miimikakortsud 80% v\u00f5rra. Kui kasutada seda koos Silk koduhooldustoodetega, saab saavutada kortsude v\u00e4henemise pikaks ajaks. Ettev\u00f5te Christina (Iisrael) esitab unikaalset nahahooldussarja Silk: luksuslik, siidi baasil valmistatud vananemisvastane hooldus kaotab naha vananemise p\u00f5hjused ja su\u0308mptomid, t\u00e4idab silmapilkselt kortsud ja\u2026<\/p>\n<p class=\"continue-reading-button\"> <a class=\"continue-reading-link\" href=\"https:\/\/copy.medicest.eu\/et\/naohooldused-christina\/naohooldus-christina-silk\/\"><i class=\"crycon-right-dir\"><\/i><\/a><\/p>\n","protected":false},"author":1,"featured_media":0,"parent":5763,"menu_order":0,"comment_status":"closed","ping_status":"closed","template":"","meta":{"footnotes":""},"class_list":["post-5781","page","type-page","status-publish","hentry"],"yoast_head":"<!-- This site is optimized with the Yoast SEO plugin v23.6 - https:\/\/yoast.com\/wordpress\/plugins\/seo\/ -->\n<title>N\u00e4ohooldus Christina Silk - Ilukliinik Medic-Esthetic<\/title>\n<meta name=\"robots\" content=\"index, follow, max-snippet:-1, max-image-preview:large, max-video-preview:-1\" \/>\n<link rel=\"canonical\" href=\"https:\/\/copy.medicest.eu\/et\/naohooldused-christina\/naohooldus-christina-silk\/\" \/>\n<meta property=\"og:locale\" content=\"et_EE\" \/>\n<meta property=\"og:type\" content=\"article\" \/>\n<meta property=\"og:title\" content=\"N\u00e4ohooldus Christina Silk - Ilukliinik Medic-Esthetic\" \/>\n<meta property=\"og:description\" content=\"N\u00e4ohooldus Christina Silk tootesari lifting-efekti saavutamiseks K\u00f5igest u\u0308he protseduuri Silk j\u00e4rel v\u00e4henevad miimikakortsud 80% v\u00f5rra. Kui kasutada seda koos Silk koduhooldustoodetega, saab saavutada kortsude v\u00e4henemise pikaks ajaks. Ettev\u00f5te Christina (Iisrael) esitab unikaalset nahahooldussarja Silk: luksuslik, siidi baasil valmistatud vananemisvastane hooldus kaotab naha vananemise p\u00f5hjused ja su\u0308mptomid, t\u00e4idab silmapilkselt kortsud ja\u2026\" \/>\n<meta property=\"og:url\" content=\"https:\/\/copy.medicest.eu\/et\/naohooldused-christina\/naohooldus-christina-silk\/\" \/>\n<meta property=\"og:site_name\" content=\"Ilukliinik Medic-Esthetic\" \/>\n<meta property=\"article:modified_time\" content=\"2023-01-18T14:35:58+00:00\" \/>\n<meta property=\"og:image\" content=\"https:\/\/copy.medicest.eu\/wp-content\/uploads\/2021\/11\/silk-i.jpg\" \/>\n<meta name=\"twitter:card\" content=\"summary_large_image\" \/>\n<meta name=\"twitter:label1\" content=\"Est. reading time\" \/>\n\t<meta name=\"twitter:data1\" content=\"2 minutit\" \/>\n<script type=\"application\/ld+json\" class=\"yoast-schema-graph\">{\"@context\":\"https:\/\/schema.org\",\"@graph\":[{\"@type\":\"WebPage\",\"@id\":\"https:\/\/copy.medicest.eu\/et\/naohooldused-christina\/naohooldus-christina-silk\/\",\"url\":\"https:\/\/copy.medicest.eu\/et\/naohooldused-christina\/naohooldus-christina-silk\/\",\"name\":\"N\u00e4ohooldus Christina Silk - Ilukliinik Medic-Esthetic\",\"isPartOf\":{\"@id\":\"https:\/\/copy.medicest.eu\/#website\"},\"primaryImageOfPage\":{\"@id\":\"https:\/\/copy.medicest.eu\/et\/naohooldused-christina\/naohooldus-christina-silk\/#primaryimage\"},\"image\":{\"@id\":\"https:\/\/copy.medicest.eu\/et\/naohooldused-christina\/naohooldus-christina-silk\/#primaryimage\"},\"thumbnailUrl\":\"https:\/\/copy.medicest.eu\/wp-content\/uploads\/2021\/11\/silk-i.jpg\",\"datePublished\":\"2021-11-12T11:43:46+00:00\",\"dateModified\":\"2023-01-18T14:35:58+00:00\",\"breadcrumb\":{\"@id\":\"https:\/\/copy.medicest.eu\/et\/naohooldused-christina\/naohooldus-christina-silk\/#breadcrumb\"},\"inLanguage\":\"et\",\"potentialAction\":[{\"@type\":\"ReadAction\",\"target\":[\"https:\/\/copy.medicest.eu\/et\/naohooldused-christina\/naohooldus-christina-silk\/\"]}]},{\"@type\":\"ImageObject\",\"inLanguage\":\"et\",\"@id\":\"https:\/\/copy.medicest.eu\/et\/naohooldused-christina\/naohooldus-christina-silk\/#primaryimage\",\"url\":\"https:\/\/copy.medicest.eu\/wp-content\/uploads\/2021\/11\/silk-i.jpg\",\"contentUrl\":\"https:\/\/copy.medicest.eu\/wp-content\/uploads\/2021\/11\/silk-i.jpg\"},{\"@type\":\"BreadcrumbList\",\"@id\":\"https:\/\/copy.medicest.eu\/et\/naohooldused-christina\/naohooldus-christina-silk\/#breadcrumb\",\"itemListElement\":[{\"@type\":\"ListItem\",\"position\":1,\"name\":\"Home\",\"item\":\"https:\/\/copy.medicest.eu\/et\/\"},{\"@type\":\"ListItem\",\"position\":2,\"name\":\"N\u00e4ohooldused Christina\",\"item\":\"https:\/\/copy.medicest.eu\/et\/naohooldused-christina\/\"},{\"@type\":\"ListItem\",\"position\":3,\"name\":\"N\u00e4ohooldus Christina Silk\"}]},{\"@type\":\"WebSite\",\"@id\":\"https:\/\/copy.medicest.eu\/#website\",\"url\":\"https:\/\/copy.medicest.eu\/\",\"name\":\"Ilukliinik Medic-Esthetic\",\"description\":\"Beauty &amp; Prestige\",\"potentialAction\":[{\"@type\":\"SearchAction\",\"target\":{\"@type\":\"EntryPoint\",\"urlTemplate\":\"https:\/\/copy.medicest.eu\/?s={search_term_string}\"},\"query-input\":{\"@type\":\"PropertyValueSpecification\",\"valueRequired\":true,\"valueName\":\"search_term_string\"}}],\"inLanguage\":\"et\"}]}<\/script>\n<!-- \/ Yoast SEO plugin. -->","yoast_head_json":{"title":"N\u00e4ohooldus Christina Silk - Ilukliinik Medic-Esthetic","robots":{"index":"index","follow":"follow","max-snippet":"max-snippet:-1","max-image-preview":"max-image-preview:large","max-video-preview":"max-video-preview:-1"},"canonical":"https:\/\/copy.medicest.eu\/et\/naohooldused-christina\/naohooldus-christina-silk\/","og_locale":"et_EE","og_type":"article","og_title":"N\u00e4ohooldus Christina Silk - Ilukliinik Medic-Esthetic","og_description":"N\u00e4ohooldus Christina Silk tootesari lifting-efekti saavutamiseks K\u00f5igest u\u0308he protseduuri Silk j\u00e4rel v\u00e4henevad miimikakortsud 80% v\u00f5rra. Kui kasutada seda koos Silk koduhooldustoodetega, saab saavutada kortsude v\u00e4henemise pikaks ajaks. Ettev\u00f5te Christina (Iisrael) esitab unikaalset nahahooldussarja Silk: luksuslik, siidi baasil valmistatud vananemisvastane hooldus kaotab naha vananemise p\u00f5hjused ja su\u0308mptomid, t\u00e4idab silmapilkselt kortsud ja\u2026","og_url":"https:\/\/copy.medicest.eu\/et\/naohooldused-christina\/naohooldus-christina-silk\/","og_site_name":"Ilukliinik Medic-Esthetic","article_modified_time":"2023-01-18T14:35:58+00:00","og_image":[{"url":"https:\/\/copy.medicest.eu\/wp-content\/uploads\/2021\/11\/silk-i.jpg"}],"twitter_card":"summary_large_image","twitter_misc":{"Est. reading time":"2 minutit"},"schema":{"@context":"https:\/\/schema.org","@graph":[{"@type":"WebPage","@id":"https:\/\/copy.medicest.eu\/et\/naohooldused-christina\/naohooldus-christina-silk\/","url":"https:\/\/copy.medicest.eu\/et\/naohooldused-christina\/naohooldus-christina-silk\/","name":"N\u00e4ohooldus Christina Silk - Ilukliinik Medic-Esthetic","isPartOf":{"@id":"https:\/\/copy.medicest.eu\/#website"},"primaryImageOfPage":{"@id":"https:\/\/copy.medicest.eu\/et\/naohooldused-christina\/naohooldus-christina-silk\/#primaryimage"},"image":{"@id":"https:\/\/copy.medicest.eu\/et\/naohooldused-christina\/naohooldus-christina-silk\/#primaryimage"},"thumbnailUrl":"https:\/\/copy.medicest.eu\/wp-content\/uploads\/2021\/11\/silk-i.jpg","datePublished":"2021-11-12T11:43:46+00:00","dateModified":"2023-01-18T14:35:58+00:00","breadcrumb":{"@id":"https:\/\/copy.medicest.eu\/et\/naohooldused-christina\/naohooldus-christina-silk\/#breadcrumb"},"inLanguage":"et","potentialAction":[{"@type":"ReadAction","target":["https:\/\/copy.medicest.eu\/et\/naohooldused-christina\/naohooldus-christina-silk\/"]}]},{"@type":"ImageObject","inLanguage":"et","@id":"https:\/\/copy.medicest.eu\/et\/naohooldused-christina\/naohooldus-christina-silk\/#primaryimage","url":"https:\/\/copy.medicest.eu\/wp-content\/uploads\/2021\/11\/silk-i.jpg","contentUrl":"https:\/\/copy.medicest.eu\/wp-content\/uploads\/2021\/11\/silk-i.jpg"},{"@type":"BreadcrumbList","@id":"https:\/\/copy.medicest.eu\/et\/naohooldused-christina\/naohooldus-christina-silk\/#breadcrumb","itemListElement":[{"@type":"ListItem","position":1,"name":"Home","item":"https:\/\/copy.medicest.eu\/et\/"},{"@type":"ListItem","position":2,"name":"N\u00e4ohooldused Christina","item":"https:\/\/copy.medicest.eu\/et\/naohooldused-christina\/"},{"@type":"ListItem","position":3,"name":"N\u00e4ohooldus Christina Silk"}]},{"@type":"WebSite","@id":"https:\/\/copy.medicest.eu\/#website","url":"https:\/\/copy.medicest.eu\/","name":"Ilukliinik Medic-Esthetic","description":"Beauty &amp; Prestige","potentialAction":[{"@type":"SearchAction","target":{"@type":"EntryPoint","urlTemplate":"https:\/\/copy.medicest.eu\/?s={search_term_string}"},"query-input":{"@type":"PropertyValueSpecification","valueRequired":true,"valueName":"search_term_string"}}],"inLanguage":"et"}]}},"_links":{"self":[{"href":"https:\/\/copy.medicest.eu\/et\/wp-json\/wp\/v2\/pages\/5781","targetHints":{"allow":["GET"]}}],"collection":[{"href":"https:\/\/copy.medicest.eu\/et\/wp-json\/wp\/v2\/pages"}],"about":[{"href":"https:\/\/copy.medicest.eu\/et\/wp-json\/wp\/v2\/types\/page"}],"author":[{"embeddable":true,"href":"https:\/\/copy.medicest.eu\/et\/wp-json\/wp\/v2\/users\/1"}],"replies":[{"embeddable":true,"href":"https:\/\/copy.medicest.eu\/et\/wp-json\/wp\/v2\/comments?post=5781"}],"version-history":[{"count":13,"href":"https:\/\/copy.medicest.eu\/et\/wp-json\/wp\/v2\/pages\/5781\/revisions"}],"predecessor-version":[{"id":10914,"href":"https:\/\/copy.medicest.eu\/et\/wp-json\/wp\/v2\/pages\/5781\/revisions\/10914"}],"up":[{"embeddable":true,"href":"https:\/\/copy.medicest.eu\/et\/wp-json\/wp\/v2\/pages\/5763"}],"wp:attachment":[{"href":"https:\/\/copy.medicest.eu\/et\/wp-json\/wp\/v2\/media?parent=5781"}],"curies":[{"name":"wp","href":"https:\/\/api.w.org\/{rel}","templated":true}]}}