{"id":5891,"date":"2021-11-22T13:40:57","date_gmt":"2021-11-22T13:40:57","guid":{"rendered":"https:\/\/copy.medicest.eu\/naha-noorendamine-endymed-3deep\/endymed-eye-lift-3deep-rf\/"},"modified":"2022-07-14T13:18:21","modified_gmt":"2022-07-14T13:18:21","slug":"rf-lifting-silmaumbruse-nahale","status":"publish","type":"page","link":"https:\/\/copy.medicest.eu\/et\/naha-noorendamine-endymed-3deep\/rf-lifting-silmaumbruse-nahale\/","title":{"rendered":"RF-lifting silma\u00fcmbruse nahale"},"content":{"rendered":"\t\t<div data-elementor-type=\"wp-page\" data-elementor-id=\"5891\" class=\"elementor elementor-5891 elementor-5873\">\n\t\t\t\t\t\t<section class=\"elementor-section elementor-top-section elementor-element elementor-element-4642d2d6 elementor-section-boxed elementor-section-height-default elementor-section-height-default\" data-id=\"4642d2d6\" data-element_type=\"section\">\n\t\t\t\t\t\t<div class=\"elementor-container elementor-column-gap-default\">\n\t\t\t\t\t<div class=\"elementor-column elementor-col-100 elementor-top-column elementor-element elementor-element-12750b94\" data-id=\"12750b94\" data-element_type=\"column\">\n\t\t\t<div class=\"elementor-widget-wrap elementor-element-populated\">\n\t\t\t\t\t\t<div class=\"elementor-element elementor-element-65c6f007 elementor-widget elementor-widget-heading\" data-id=\"65c6f007\" data-element_type=\"widget\" data-widget_type=\"heading.default\">\n\t\t\t\t<div class=\"elementor-widget-container\">\n\t\t\t<h2 class=\"elementor-heading-title elementor-size-default\">RF-lifting silma\u00fcmbruse nahale\n<\/h2>\t\t<\/div>\n\t\t\t\t<\/div>\n\t\t\t\t<div class=\"elementor-element elementor-element-74365470 elementor-widget elementor-widget-heading\" data-id=\"74365470\" data-element_type=\"widget\" data-widget_type=\"heading.default\">\n\t\t\t\t<div class=\"elementor-widget-container\">\n\t\t\t<h3 class=\"elementor-heading-title elementor-size-default\">tehnoloogia ENDYMED 3DEEP abil\n\n<\/h3>\t\t<\/div>\n\t\t\t\t<\/div>\n\t\t\t\t\t<\/div>\n\t\t<\/div>\n\t\t\t\t\t<\/div>\n\t\t<\/section>\n\t\t\t\t<section class=\"elementor-section elementor-top-section elementor-element elementor-element-f7e20e0 elementor-section-boxed elementor-section-height-default elementor-section-height-default\" data-id=\"f7e20e0\" data-element_type=\"section\">\n\t\t\t\t\t\t<div class=\"elementor-container elementor-column-gap-default\">\n\t\t\t\t\t<div class=\"elementor-column elementor-col-50 elementor-top-column elementor-element elementor-element-bbaebdd\" data-id=\"bbaebdd\" data-element_type=\"column\">\n\t\t\t<div class=\"elementor-widget-wrap elementor-element-populated\">\n\t\t\t\t\t\t<div class=\"elementor-element elementor-element-3111ce9 elementor-widget elementor-widget-image\" data-id=\"3111ce9\" data-element_type=\"widget\" data-widget_type=\"image.default\">\n\t\t\t\t<div class=\"elementor-widget-container\">\n\t\t\t\t\t\t\t\t\t\t\t\t\t<img fetchpriority=\"high\" decoding=\"async\" width=\"770\" height=\"460\" src=\"https:\/\/copy.medicest.eu\/wp-content\/uploads\/2021\/11\/rf-lifting-dlya-kozhi-vokrug-glaz-i-gub.jpg\" class=\"attachment-large size-large wp-image-5857\" alt=\"\" srcset=\"https:\/\/copy.medicest.eu\/wp-content\/uploads\/2021\/11\/rf-lifting-dlya-kozhi-vokrug-glaz-i-gub.jpg 770w, https:\/\/copy.medicest.eu\/wp-content\/uploads\/2021\/11\/rf-lifting-dlya-kozhi-vokrug-glaz-i-gub-300x179.jpg 300w, https:\/\/copy.medicest.eu\/wp-content\/uploads\/2021\/11\/rf-lifting-dlya-kozhi-vokrug-glaz-i-gub-768x459.jpg 768w, https:\/\/copy.medicest.eu\/wp-content\/uploads\/2021\/11\/rf-lifting-dlya-kozhi-vokrug-glaz-i-gub-250x150.jpg 250w, https:\/\/copy.medicest.eu\/wp-content\/uploads\/2021\/11\/rf-lifting-dlya-kozhi-vokrug-glaz-i-gub-150x90.jpg 150w\" sizes=\"(max-width: 770px) 100vw, 770px\" \/>\t\t\t\t\t\t\t\t\t\t\t\t\t<\/div>\n\t\t\t\t<\/div>\n\t\t\t\t<div class=\"elementor-element elementor-element-3849307 elementor-widget elementor-widget-image\" data-id=\"3849307\" data-element_type=\"widget\" data-widget_type=\"image.default\">\n\t\t\t\t<div class=\"elementor-widget-container\">\n\t\t\t\t\t\t\t\t\t\t\t\t\t<img decoding=\"async\" width=\"584\" height=\"386\" src=\"https:\/\/copy.medicest.eu\/wp-content\/uploads\/2021\/11\/endy.jpg\" class=\"attachment-large size-large wp-image-5877\" alt=\"\" srcset=\"https:\/\/copy.medicest.eu\/wp-content\/uploads\/2021\/11\/endy.jpg 584w, https:\/\/copy.medicest.eu\/wp-content\/uploads\/2021\/11\/endy-300x198.jpg 300w, https:\/\/copy.medicest.eu\/wp-content\/uploads\/2021\/11\/endy-150x99.jpg 150w\" sizes=\"(max-width: 584px) 100vw, 584px\" \/>\t\t\t\t\t\t\t\t\t\t\t\t\t<\/div>\n\t\t\t\t<\/div>\n\t\t\t\t<div class=\"elementor-element elementor-element-06fdbb7 elementor-widget elementor-widget-text-editor\" data-id=\"06fdbb7\" data-element_type=\"widget\" data-widget_type=\"text-editor.default\">\n\t\t\t\t<div class=\"elementor-widget-container\">\n\t\t\t\t\t\t\t<blockquote><p>Protseduurid on meeldivad ja mugavad, ilma k\u00f5rvalm\u00f5judeta ja taastusperioodita.<\/p><\/blockquote>\t\t\t\t\t\t<\/div>\n\t\t\t\t<\/div>\n\t\t\t\t\t<\/div>\n\t\t<\/div>\n\t\t\t\t<div class=\"elementor-column elementor-col-50 elementor-top-column elementor-element elementor-element-c48bde9\" data-id=\"c48bde9\" data-element_type=\"column\">\n\t\t\t<div class=\"elementor-widget-wrap elementor-element-populated\">\n\t\t\t\t\t\t<div class=\"elementor-element elementor-element-fafa504 elementor-widget elementor-widget-text-editor\" data-id=\"fafa504\" data-element_type=\"widget\" data-widget_type=\"text-editor.default\">\n\t\t\t\t<div class=\"elementor-widget-container\">\n\t\t\t\t\t\t\t<blockquote><p>Mittekirurgiline lahendus v\u00e4ljendusrikkamate ja kaunimate silmade nimel, ilma valuta ja rehabilitatsiooni vajaduseta<\/p><\/blockquote>\t\t\t\t\t\t<\/div>\n\t\t\t\t<\/div>\n\t\t\t\t<div class=\"elementor-element elementor-element-11e48d8 elementor-widget elementor-widget-text-editor\" data-id=\"11e48d8\" data-element_type=\"widget\" data-widget_type=\"text-editor.default\">\n\t\t\t\t<div class=\"elementor-widget-container\">\n\t\t\t\t\t\t\t<p>Silma\u00fcmbrus on \u00fcks esimesi piirkondi, kus ilmnevad vananemise m\u00e4rgid, mist\u00f5ttu on see eriti populaarne klientide seas, kes soovivad noorust s\u00e4ilitada.<\/p><p>ENDYMEDi 3DEEP-tehnoloogia avaldab toimet \u00f5rnale silma\u00fcmbruse nahale, suunates sihip\u00e4rast soojust dermise ja epidermise kihtidesse, v\u00f5imaldades olemasoleval kollageenil kokku t\u00f5mbuda ja nahka pinguldada.<\/p><p>Samuti tekitab see termilise reaktsiooni, mis stimuleerib naha fibroblaste tootma uut enda kollageeni.<\/p><p>Protseduuri ajal muudab see \u00f5rn kuumutamine naha elastsemaks, andes sellele<br \/>noorema ja pringima v\u00e4limuse.<\/p>\t\t\t\t\t\t<\/div>\n\t\t\t\t<\/div>\n\t\t\t\t<div class=\"elementor-element elementor-element-4bdcc91 elementor-widget elementor-widget-text-editor\" data-id=\"4bdcc91\" data-element_type=\"widget\" data-widget_type=\"text-editor.default\">\n\t\t\t\t<div class=\"elementor-widget-container\">\n\t\t\t\t\t\t\t<p>Selge tulemus on m\u00e4rgatav juba p\u00e4rast esimest seanssi.<\/p><p>Seansi kestus: 30 minutit.<\/p><p>Soovitatav ravikuur: 6 protseduuri sagedusega 1 kord n\u00e4dalas.<\/p>\t\t\t\t\t\t<\/div>\n\t\t\t\t<\/div>\n\t\t\t\t\t<\/div>\n\t\t<\/div>\n\t\t\t\t\t<\/div>\n\t\t<\/section>\n\t\t\t\t<section class=\"elementor-section elementor-top-section elementor-element elementor-element-8b49395 elementor-section-boxed elementor-section-height-default elementor-section-height-default\" data-id=\"8b49395\" data-element_type=\"section\" data-settings=\"{&quot;background_background&quot;:&quot;classic&quot;}\">\n\t\t\t\t\t\t<div class=\"elementor-container elementor-column-gap-default\">\n\t\t\t\t\t<div class=\"elementor-column elementor-col-50 elementor-top-column elementor-element elementor-element-53efbdb\" data-id=\"53efbdb\" data-element_type=\"column\">\n\t\t\t<div class=\"elementor-widget-wrap elementor-element-populated\">\n\t\t\t\t\t\t<div class=\"elementor-element elementor-element-1e64c48 elementor-widget elementor-widget-text-editor\" data-id=\"1e64c48\" data-element_type=\"widget\" data-widget_type=\"text-editor.default\">\n\t\t\t\t<div class=\"elementor-widget-container\">\n\t\t\t\t\t\t\t<p><strong>N\u00e4idustused<\/strong><\/p><ul><li>silmaalused tursed<\/li><li>naha kehv toonus<\/li><li>kortsud, &#8220;kanavarbad&#8221;<\/li><\/ul>\t\t\t\t\t\t<\/div>\n\t\t\t\t<\/div>\n\t\t\t\t\t<\/div>\n\t\t<\/div>\n\t\t\t\t<div class=\"elementor-column elementor-col-50 elementor-top-column elementor-element elementor-element-6fad354\" data-id=\"6fad354\" data-element_type=\"column\">\n\t\t\t<div class=\"elementor-widget-wrap elementor-element-populated\">\n\t\t\t\t\t\t<div class=\"elementor-element elementor-element-8efcaf7 elementor-widget elementor-widget-text-editor\" data-id=\"8efcaf7\" data-element_type=\"widget\" data-widget_type=\"text-editor.default\">\n\t\t\t\t<div class=\"elementor-widget-container\">\n\t\t\t\t\t\t\t<p><strong>Eelised<\/strong><\/p><ul><li>valutu<\/li><li>ilma rehabilitatsioonita<\/li><li>on k\u00f5ige parema toimega tursekalduvusega n\u00e4gudel<\/li><li>protseduuri saab teostada silmade \u00fcmbruses ja kogu n\u00e4ol<\/li><\/ul>\t\t\t\t\t\t<\/div>\n\t\t\t\t<\/div>\n\t\t\t\t\t<\/div>\n\t\t<\/div>\n\t\t\t\t\t<\/div>\n\t\t<\/section>\n\t\t\t\t<section class=\"elementor-section elementor-top-section elementor-element elementor-element-25f82594 elementor-section-boxed elementor-section-height-default elementor-section-height-default\" data-id=\"25f82594\" data-element_type=\"section\">\n\t\t\t\t\t\t<div class=\"elementor-container elementor-column-gap-default\">\n\t\t\t\t\t<div class=\"elementor-column elementor-col-50 elementor-top-column elementor-element elementor-element-138bd15\" data-id=\"138bd15\" data-element_type=\"column\">\n\t\t\t<div class=\"elementor-widget-wrap elementor-element-populated\">\n\t\t\t\t\t\t<div class=\"elementor-element elementor-element-436dd5f5 elementor-widget elementor-widget-image\" data-id=\"436dd5f5\" data-element_type=\"widget\" data-widget_type=\"image.default\">\n\t\t\t\t<div class=\"elementor-widget-container\">\n\t\t\t\t\t\t\t\t\t\t\t\t\t<img decoding=\"async\" width=\"600\" height=\"600\" src=\"https:\/\/copy.medicest.eu\/wp-content\/uploads\/2022\/07\/body-rflifting-tallinn.jpeg\" class=\"attachment-large size-large wp-image-8971\" alt=\"\" srcset=\"https:\/\/copy.medicest.eu\/wp-content\/uploads\/2022\/07\/body-rflifting-tallinn.jpeg 600w, https:\/\/copy.medicest.eu\/wp-content\/uploads\/2022\/07\/body-rflifting-tallinn-300x300.jpeg 300w, https:\/\/copy.medicest.eu\/wp-content\/uploads\/2022\/07\/body-rflifting-tallinn-150x150.jpeg 150w\" sizes=\"(max-width: 600px) 100vw, 600px\" \/>\t\t\t\t\t\t\t\t\t\t\t\t\t<\/div>\n\t\t\t\t<\/div>\n\t\t\t\t\t<\/div>\n\t\t<\/div>\n\t\t\t\t<div class=\"elementor-column elementor-col-50 elementor-top-column elementor-element elementor-element-6abcc66c\" data-id=\"6abcc66c\" data-element_type=\"column\">\n\t\t\t<div class=\"elementor-widget-wrap elementor-element-populated\">\n\t\t\t\t\t\t<div class=\"elementor-element elementor-element-75fb06c elementor-widget elementor-widget-heading\" data-id=\"75fb06c\" data-element_type=\"widget\" data-widget_type=\"heading.default\">\n\t\t\t\t<div class=\"elementor-widget-container\">\n\t\t\t<h3 class=\"elementor-heading-title elementor-size-default\">RF-lifting kehale tehnoloogia ENDYMED 3DEEP abil<\/h3>\t\t<\/div>\n\t\t\t\t<\/div>\n\t\t\t\t<div class=\"elementor-element elementor-element-7af81b0 elementor-widget elementor-widget-text-editor\" data-id=\"7af81b0\" data-element_type=\"widget\" data-widget_type=\"text-editor.default\">\n\t\t\t\t<div class=\"elementor-widget-container\">\n\t\t\t\t\t\t\t<p>3DEEP tehnoloogiat kasutav RF-liftingu protseduur kehale on soovitatav klientidele, kes soovivad parandada nahakvaliteeti, k\u00f5rvaldada defekte ja ealisi muutusi sellistes piirkondades nagu k\u00f5ht ja k\u00fcljed, puusad ja tuharad, k\u00e4ed triitsepsi piirkonnas, p\u00f5lved.<\/p>\t\t\t\t\t\t<\/div>\n\t\t\t\t<\/div>\n\t\t\t\t<div class=\"elementor-element elementor-element-44165010 pp-buttons-halign-left pp-buttons-stack-none elementor-widget elementor-widget-pp-buttons\" data-id=\"44165010\" data-element_type=\"widget\" data-widget_type=\"pp-buttons.default\">\n\t\t\t\t<div class=\"elementor-widget-container\">\n\t\t\t\t\t<div class=\"pp-buttons-group\">\n\t\t\t\t\t\t\t\t\t\t\t<a href=\"https:\/\/copy.medicest.eu\/et\/naha-noorendamine-endymed-3deep\/rf-lifting-kehale\/\" class=\"pp-button elementor-button elementor-size-sm elementor-repeater-item-c938c7f \">\n\t\t\t\t\t<div class=\"pp-button-content-wrapper\">\n\t\t\t\t\t\t<span class=\"pp-button-content-inner pp-icon-before\">\n\t\t\t\t\t\t\t\n\t\t\t\t\t\t\t\t<span class=\"pp-button-title\">\n\t\t\t\t\t\t\t\t\tLisainfo\t\t\t\t\t\t\t\t<\/span>\n\t\t\t\t\t\t\t\t\t\t\t\t\t<\/span>\n\t\t\t\t\t<\/div>\n\t\t\t\t<\/a>\n\t\t\t\t\t\t\t\t\t\t<\/div>\t\t<\/div>\n\t\t\t\t<\/div>\n\t\t\t\t\t<\/div>\n\t\t<\/div>\n\t\t\t\t\t<\/div>\n\t\t<\/section>\n\t\t\t\t<section class=\"elementor-section elementor-top-section elementor-element elementor-element-5ee79ece elementor-section-boxed elementor-section-height-default elementor-section-height-default\" data-id=\"5ee79ece\" data-element_type=\"section\">\n\t\t\t\t\t\t<div class=\"elementor-container elementor-column-gap-default\">\n\t\t\t\t\t<div class=\"elementor-column elementor-col-100 elementor-top-column elementor-element elementor-element-7e0a3e48\" data-id=\"7e0a3e48\" data-element_type=\"column\">\n\t\t\t<div class=\"elementor-widget-wrap elementor-element-populated\">\n\t\t\t\t\t\t<div class=\"elementor-element elementor-element-7fa62aab elementor-widget elementor-widget-heading\" data-id=\"7fa62aab\" data-element_type=\"widget\" data-widget_type=\"heading.default\">\n\t\t\t\t<div class=\"elementor-widget-container\">\n\t\t\t<h2 class=\"elementor-heading-title elementor-size-default\">Hinnakiri<\/h2>\t\t<\/div>\n\t\t\t\t<\/div>\n\t\t\t\t<div class=\"elementor-element elementor-element-4966ed81 elementor-widget elementor-widget-text-editor\" data-id=\"4966ed81\" data-element_type=\"widget\" data-widget_type=\"text-editor.default\">\n\t\t\t\t<div class=\"elementor-widget-container\">\n\t\t\t\t\t\t\t<p>\n<table id=\"tablepress-136\" class=\"tablepress tablepress-id-136 tablepress-responsive\">\n<thead>\n<tr class=\"row-1 odd\">\n\t<th class=\"column-1\">RF lifting EndyMed 3DEEP n\u00e4ole<\/th><th class=\"column-2\">Hind \u20ac<\/th>\n<\/tr>\n<\/thead>\n<tbody class=\"row-hover\">\n<tr class=\"row-2 even\">\n\t<td class=\"column-1\">RF lifting  3Deep N\u00e4oovaal <br \/>\n(L\u00f5ug, n\u00e4o alumine kontuur, kael)<br \/>\n<\/td><td class=\"column-2\">75,00<\/td>\n<\/tr>\n<tr class=\"row-3 odd\">\n\t<td class=\"column-1\">Pakett RF lifting 3Deep N\u00e4oovaal 5 protseduuri<br \/>\n+ \u00dcks protseduur KINGITUSEKS<br \/>\n<\/td><td class=\"column-2\">375,00<\/td>\n<\/tr>\n<tr class=\"row-4 even\">\n\t<td class=\"column-1\">RF lifting 3DEEP \u00f5rnale silma\u00fcmbruse nahale<\/td><td class=\"column-2\">50,00<\/td>\n<\/tr>\n<tr class=\"row-5 odd\">\n\t<td class=\"column-1\">Pakett RF lifting 3DEEP \u00f5rnale silma\u00fcmbruse nahale 5 protseduuri<br \/>\n+ \u00dcks protseduur KINGITUSEKS<br \/>\n<\/td><td class=\"column-2\">250,00<\/td>\n<\/tr>\n<tr class=\"row-6 even\">\n\t<td class=\"column-1\">RF lifting 3DEEP RF-lifting N\u00e4oovaal + Silma\u00fcmbruse piirkond <\/td><td class=\"column-2\">110,00<\/td>\n<\/tr>\n<tr class=\"row-7 odd\">\n\t<td class=\"column-1\">Pakett RF lifting 3DEEP RF-lifting N\u00e4oovaal + Silma\u00fcmbruse piirkond <br \/>\n 5 protseduuri<\/td><td class=\"column-2\">500,00<\/td>\n<\/tr>\n<tr class=\"row-8 even\">\n\t<td class=\"column-1\">Juhul, kui paketi hind \u00fcletab 400 EUR, ostjal on v\u00f5imalik \u00e4ra tasuda paketi eest kahes osas.<\/td><td class=\"column-2\"><\/td>\n<\/tr>\n<\/tbody>\n<\/table>\n<!-- #tablepress-136 from cache --><\/p>\t\t\t\t\t\t<\/div>\n\t\t\t\t<\/div>\n\t\t\t\t\t<\/div>\n\t\t<\/div>\n\t\t\t\t\t<\/div>\n\t\t<\/section>\n\t\t\t\t<\/div>\n\t\t","protected":false},"excerpt":{"rendered":"<p>RF-lifting silma\u00fcmbruse nahale tehnoloogia ENDYMED 3DEEP abil Protseduurid on meeldivad ja mugavad, ilma k\u00f5rvalm\u00f5judeta ja taastusperioodita. Mittekirurgiline lahendus v\u00e4ljendusrikkamate ja kaunimate silmade nimel, ilma valuta ja rehabilitatsiooni vajaduseta Silma\u00fcmbrus on \u00fcks esimesi piirkondi, kus ilmnevad vananemise m\u00e4rgid, mist\u00f5ttu on see eriti populaarne klientide seas, kes soovivad noorust s\u00e4ilitada. ENDYMEDi 3DEEP-tehnoloogia\u2026<\/p>\n<p class=\"continue-reading-button\"> <a class=\"continue-reading-link\" href=\"https:\/\/copy.medicest.eu\/et\/naha-noorendamine-endymed-3deep\/rf-lifting-silmaumbruse-nahale\/\"><i class=\"crycon-right-dir\"><\/i><\/a><\/p>\n","protected":false},"author":1,"featured_media":0,"parent":4956,"menu_order":0,"comment_status":"closed","ping_status":"closed","template":"","meta":{"footnotes":""},"class_list":["post-5891","page","type-page","status-publish","hentry"],"yoast_head":"<!-- This site is optimized with the Yoast SEO plugin v23.6 - https:\/\/yoast.com\/wordpress\/plugins\/seo\/ -->\n<title>RF-lifting silma\u00fcmbruse nahale - Ilukliinik Medic-Esthetic<\/title>\n<meta name=\"robots\" content=\"index, follow, max-snippet:-1, max-image-preview:large, max-video-preview:-1\" \/>\n<link rel=\"canonical\" href=\"https:\/\/copy.medicest.eu\/omolozhenie-kozhi-endymed-3deep\/rf-lifting-dlya-kozhi-vokrug-glaz\/\" \/>\n<meta property=\"og:locale\" content=\"et_EE\" \/>\n<meta property=\"og:type\" content=\"article\" \/>\n<meta property=\"og:title\" content=\"RF-lifting silma\u00fcmbruse nahale - Ilukliinik Medic-Esthetic\" \/>\n<meta property=\"og:description\" content=\"RF-lifting silma\u00fcmbruse nahale tehnoloogia ENDYMED 3DEEP abil Protseduurid on meeldivad ja mugavad, ilma k\u00f5rvalm\u00f5judeta ja taastusperioodita. Mittekirurgiline lahendus v\u00e4ljendusrikkamate ja kaunimate silmade nimel, ilma valuta ja rehabilitatsiooni vajaduseta Silma\u00fcmbrus on \u00fcks esimesi piirkondi, kus ilmnevad vananemise m\u00e4rgid, mist\u00f5ttu on see eriti populaarne klientide seas, kes soovivad noorust s\u00e4ilitada. ENDYMEDi 3DEEP-tehnoloogia\u2026\" \/>\n<meta property=\"og:url\" content=\"https:\/\/copy.medicest.eu\/omolozhenie-kozhi-endymed-3deep\/rf-lifting-dlya-kozhi-vokrug-glaz\/\" \/>\n<meta property=\"og:site_name\" content=\"Ilukliinik Medic-Esthetic\" \/>\n<meta property=\"article:modified_time\" content=\"2022-07-14T13:18:21+00:00\" \/>\n<meta property=\"og:image\" content=\"https:\/\/copy.medicest.eu\/wp-content\/uploads\/2021\/11\/rf-lifting-dlya-kozhi-vokrug-glaz-i-gub.jpg\" \/>\n<meta name=\"twitter:card\" content=\"summary_large_image\" \/>\n<meta name=\"twitter:label1\" content=\"Est. reading time\" \/>\n\t<meta name=\"twitter:data1\" content=\"2 minutit\" \/>\n<script type=\"application\/ld+json\" class=\"yoast-schema-graph\">{\"@context\":\"https:\/\/schema.org\",\"@graph\":[{\"@type\":\"WebPage\",\"@id\":\"https:\/\/copy.medicest.eu\/omolozhenie-kozhi-endymed-3deep\/rf-lifting-dlya-kozhi-vokrug-glaz\/\",\"url\":\"https:\/\/copy.medicest.eu\/omolozhenie-kozhi-endymed-3deep\/rf-lifting-dlya-kozhi-vokrug-glaz\/\",\"name\":\"RF-lifting silma\u00fcmbruse nahale - Ilukliinik Medic-Esthetic\",\"isPartOf\":{\"@id\":\"https:\/\/copy.medicest.eu\/#website\"},\"primaryImageOfPage\":{\"@id\":\"https:\/\/copy.medicest.eu\/omolozhenie-kozhi-endymed-3deep\/rf-lifting-dlya-kozhi-vokrug-glaz\/#primaryimage\"},\"image\":{\"@id\":\"https:\/\/copy.medicest.eu\/omolozhenie-kozhi-endymed-3deep\/rf-lifting-dlya-kozhi-vokrug-glaz\/#primaryimage\"},\"thumbnailUrl\":\"https:\/\/copy.medicest.eu\/wp-content\/uploads\/2021\/11\/rf-lifting-dlya-kozhi-vokrug-glaz-i-gub.jpg\",\"datePublished\":\"2021-11-22T13:40:57+00:00\",\"dateModified\":\"2022-07-14T13:18:21+00:00\",\"breadcrumb\":{\"@id\":\"https:\/\/copy.medicest.eu\/omolozhenie-kozhi-endymed-3deep\/rf-lifting-dlya-kozhi-vokrug-glaz\/#breadcrumb\"},\"inLanguage\":\"et\",\"potentialAction\":[{\"@type\":\"ReadAction\",\"target\":[\"https:\/\/copy.medicest.eu\/omolozhenie-kozhi-endymed-3deep\/rf-lifting-dlya-kozhi-vokrug-glaz\/\"]}]},{\"@type\":\"ImageObject\",\"inLanguage\":\"et\",\"@id\":\"https:\/\/copy.medicest.eu\/omolozhenie-kozhi-endymed-3deep\/rf-lifting-dlya-kozhi-vokrug-glaz\/#primaryimage\",\"url\":\"https:\/\/copy.medicest.eu\/wp-content\/uploads\/2021\/11\/rf-lifting-dlya-kozhi-vokrug-glaz-i-gub.jpg\",\"contentUrl\":\"https:\/\/copy.medicest.eu\/wp-content\/uploads\/2021\/11\/rf-lifting-dlya-kozhi-vokrug-glaz-i-gub.jpg\"},{\"@type\":\"BreadcrumbList\",\"@id\":\"https:\/\/copy.medicest.eu\/omolozhenie-kozhi-endymed-3deep\/rf-lifting-dlya-kozhi-vokrug-glaz\/#breadcrumb\",\"itemListElement\":[{\"@type\":\"ListItem\",\"position\":1,\"name\":\"Home\",\"item\":\"https:\/\/copy.medicest.eu\/et\/\"},{\"@type\":\"ListItem\",\"position\":2,\"name\":\"RF Lifting ENDYMED 3DEEP aparaadiga\",\"item\":\"https:\/\/copy.medicest.eu\/omolozhenie-kozhi-endymed-3deep\/\"},{\"@type\":\"ListItem\",\"position\":3,\"name\":\"RF-lifting silma\u00fcmbruse nahale\"}]},{\"@type\":\"WebSite\",\"@id\":\"https:\/\/copy.medicest.eu\/#website\",\"url\":\"https:\/\/copy.medicest.eu\/\",\"name\":\"Ilukliinik Medic-Esthetic\",\"description\":\"Beauty &amp; Prestige\",\"potentialAction\":[{\"@type\":\"SearchAction\",\"target\":{\"@type\":\"EntryPoint\",\"urlTemplate\":\"https:\/\/copy.medicest.eu\/?s={search_term_string}\"},\"query-input\":{\"@type\":\"PropertyValueSpecification\",\"valueRequired\":true,\"valueName\":\"search_term_string\"}}],\"inLanguage\":\"et\"}]}<\/script>\n<!-- \/ Yoast SEO plugin. -->","yoast_head_json":{"title":"RF-lifting silma\u00fcmbruse nahale - Ilukliinik Medic-Esthetic","robots":{"index":"index","follow":"follow","max-snippet":"max-snippet:-1","max-image-preview":"max-image-preview:large","max-video-preview":"max-video-preview:-1"},"canonical":"https:\/\/copy.medicest.eu\/omolozhenie-kozhi-endymed-3deep\/rf-lifting-dlya-kozhi-vokrug-glaz\/","og_locale":"et_EE","og_type":"article","og_title":"RF-lifting silma\u00fcmbruse nahale - Ilukliinik Medic-Esthetic","og_description":"RF-lifting silma\u00fcmbruse nahale tehnoloogia ENDYMED 3DEEP abil Protseduurid on meeldivad ja mugavad, ilma k\u00f5rvalm\u00f5judeta ja taastusperioodita. Mittekirurgiline lahendus v\u00e4ljendusrikkamate ja kaunimate silmade nimel, ilma valuta ja rehabilitatsiooni vajaduseta Silma\u00fcmbrus on \u00fcks esimesi piirkondi, kus ilmnevad vananemise m\u00e4rgid, mist\u00f5ttu on see eriti populaarne klientide seas, kes soovivad noorust s\u00e4ilitada. ENDYMEDi 3DEEP-tehnoloogia\u2026","og_url":"https:\/\/copy.medicest.eu\/omolozhenie-kozhi-endymed-3deep\/rf-lifting-dlya-kozhi-vokrug-glaz\/","og_site_name":"Ilukliinik Medic-Esthetic","article_modified_time":"2022-07-14T13:18:21+00:00","og_image":[{"url":"https:\/\/copy.medicest.eu\/wp-content\/uploads\/2021\/11\/rf-lifting-dlya-kozhi-vokrug-glaz-i-gub.jpg"}],"twitter_card":"summary_large_image","twitter_misc":{"Est. reading time":"2 minutit"},"schema":{"@context":"https:\/\/schema.org","@graph":[{"@type":"WebPage","@id":"https:\/\/copy.medicest.eu\/omolozhenie-kozhi-endymed-3deep\/rf-lifting-dlya-kozhi-vokrug-glaz\/","url":"https:\/\/copy.medicest.eu\/omolozhenie-kozhi-endymed-3deep\/rf-lifting-dlya-kozhi-vokrug-glaz\/","name":"RF-lifting silma\u00fcmbruse nahale - Ilukliinik Medic-Esthetic","isPartOf":{"@id":"https:\/\/copy.medicest.eu\/#website"},"primaryImageOfPage":{"@id":"https:\/\/copy.medicest.eu\/omolozhenie-kozhi-endymed-3deep\/rf-lifting-dlya-kozhi-vokrug-glaz\/#primaryimage"},"image":{"@id":"https:\/\/copy.medicest.eu\/omolozhenie-kozhi-endymed-3deep\/rf-lifting-dlya-kozhi-vokrug-glaz\/#primaryimage"},"thumbnailUrl":"https:\/\/copy.medicest.eu\/wp-content\/uploads\/2021\/11\/rf-lifting-dlya-kozhi-vokrug-glaz-i-gub.jpg","datePublished":"2021-11-22T13:40:57+00:00","dateModified":"2022-07-14T13:18:21+00:00","breadcrumb":{"@id":"https:\/\/copy.medicest.eu\/omolozhenie-kozhi-endymed-3deep\/rf-lifting-dlya-kozhi-vokrug-glaz\/#breadcrumb"},"inLanguage":"et","potentialAction":[{"@type":"ReadAction","target":["https:\/\/copy.medicest.eu\/omolozhenie-kozhi-endymed-3deep\/rf-lifting-dlya-kozhi-vokrug-glaz\/"]}]},{"@type":"ImageObject","inLanguage":"et","@id":"https:\/\/copy.medicest.eu\/omolozhenie-kozhi-endymed-3deep\/rf-lifting-dlya-kozhi-vokrug-glaz\/#primaryimage","url":"https:\/\/copy.medicest.eu\/wp-content\/uploads\/2021\/11\/rf-lifting-dlya-kozhi-vokrug-glaz-i-gub.jpg","contentUrl":"https:\/\/copy.medicest.eu\/wp-content\/uploads\/2021\/11\/rf-lifting-dlya-kozhi-vokrug-glaz-i-gub.jpg"},{"@type":"BreadcrumbList","@id":"https:\/\/copy.medicest.eu\/omolozhenie-kozhi-endymed-3deep\/rf-lifting-dlya-kozhi-vokrug-glaz\/#breadcrumb","itemListElement":[{"@type":"ListItem","position":1,"name":"Home","item":"https:\/\/copy.medicest.eu\/et\/"},{"@type":"ListItem","position":2,"name":"RF Lifting ENDYMED 3DEEP aparaadiga","item":"https:\/\/copy.medicest.eu\/omolozhenie-kozhi-endymed-3deep\/"},{"@type":"ListItem","position":3,"name":"RF-lifting silma\u00fcmbruse nahale"}]},{"@type":"WebSite","@id":"https:\/\/copy.medicest.eu\/#website","url":"https:\/\/copy.medicest.eu\/","name":"Ilukliinik Medic-Esthetic","description":"Beauty &amp; Prestige","potentialAction":[{"@type":"SearchAction","target":{"@type":"EntryPoint","urlTemplate":"https:\/\/copy.medicest.eu\/?s={search_term_string}"},"query-input":{"@type":"PropertyValueSpecification","valueRequired":true,"valueName":"search_term_string"}}],"inLanguage":"et"}]}},"_links":{"self":[{"href":"https:\/\/copy.medicest.eu\/et\/wp-json\/wp\/v2\/pages\/5891","targetHints":{"allow":["GET"]}}],"collection":[{"href":"https:\/\/copy.medicest.eu\/et\/wp-json\/wp\/v2\/pages"}],"about":[{"href":"https:\/\/copy.medicest.eu\/et\/wp-json\/wp\/v2\/types\/page"}],"author":[{"embeddable":true,"href":"https:\/\/copy.medicest.eu\/et\/wp-json\/wp\/v2\/users\/1"}],"replies":[{"embeddable":true,"href":"https:\/\/copy.medicest.eu\/et\/wp-json\/wp\/v2\/comments?post=5891"}],"version-history":[{"count":54,"href":"https:\/\/copy.medicest.eu\/et\/wp-json\/wp\/v2\/pages\/5891\/revisions"}],"predecessor-version":[{"id":9323,"href":"https:\/\/copy.medicest.eu\/et\/wp-json\/wp\/v2\/pages\/5891\/revisions\/9323"}],"up":[{"embeddable":true,"href":"https:\/\/copy.medicest.eu\/et\/wp-json\/wp\/v2\/pages\/4956"}],"wp:attachment":[{"href":"https:\/\/copy.medicest.eu\/et\/wp-json\/wp\/v2\/media?parent=5891"}],"curies":[{"name":"wp","href":"https:\/\/api.w.org\/{rel}","templated":true}]}}