{"id":6165,"date":"2021-12-09T11:38:04","date_gmt":"2021-12-09T11:38:04","guid":{"rendered":"https:\/\/copy.medicest.eu\/vakuumnyj-gidropiling-hydrafacial-dlya-muzhchin\/"},"modified":"2021-12-10T15:13:57","modified_gmt":"2021-12-10T15:13:57","slug":"naohooldus-hydrafacial-meestele","status":"publish","type":"page","link":"https:\/\/copy.medicest.eu\/et\/naohooldus-hydrafacial-meestele\/","title":{"rendered":"N\u00e4ohooldus HydraFacial meestele"},"content":{"rendered":"\t\t<div data-elementor-type=\"wp-page\" data-elementor-id=\"6165\" class=\"elementor elementor-6165 elementor-6026\">\n\t\t\t\t\t\t<section class=\"elementor-section elementor-top-section elementor-element elementor-element-54c9f527 elementor-section-boxed elementor-section-height-default elementor-section-height-default\" data-id=\"54c9f527\" data-element_type=\"section\">\n\t\t\t\t\t\t<div class=\"elementor-container elementor-column-gap-default\">\n\t\t\t\t\t<div class=\"elementor-column elementor-col-100 elementor-top-column elementor-element elementor-element-90b384b\" data-id=\"90b384b\" data-element_type=\"column\">\n\t\t\t<div class=\"elementor-widget-wrap elementor-element-populated\">\n\t\t\t\t\t\t<div class=\"elementor-element elementor-element-2bb62c46 elementor-widget elementor-widget-heading\" data-id=\"2bb62c46\" data-element_type=\"widget\" data-widget_type=\"heading.default\">\n\t\t\t\t<div class=\"elementor-widget-container\">\n\t\t\t<h2 class=\"elementor-heading-title elementor-size-default\">N\u00e4ohooldus HydraFacial<\/h2>\t\t<\/div>\n\t\t\t\t<\/div>\n\t\t\t\t<div class=\"elementor-element elementor-element-19c7d3f3 elementor-widget elementor-widget-heading\" data-id=\"19c7d3f3\" data-element_type=\"widget\" data-widget_type=\"heading.default\">\n\t\t\t\t<div class=\"elementor-widget-container\">\n\t\t\t<h3 class=\"elementor-heading-title elementor-size-default\">Uus nahahoolduse kontseptsioon\n<\/h3>\t\t<\/div>\n\t\t\t\t<\/div>\n\t\t\t\t<div class=\"elementor-element elementor-element-d62ba10 elementor-widget elementor-widget-heading\" data-id=\"d62ba10\" data-element_type=\"widget\" data-widget_type=\"heading.default\">\n\t\t\t\t<div class=\"elementor-widget-container\">\n\t\t\t<h3 class=\"elementor-heading-title elementor-size-default\">MEESTELE\n<\/h3>\t\t<\/div>\n\t\t\t\t<\/div>\n\t\t\t\t\t<\/div>\n\t\t<\/div>\n\t\t\t\t\t<\/div>\n\t\t<\/section>\n\t\t\t\t<section class=\"elementor-section elementor-top-section elementor-element elementor-element-1cd4f79 elementor-section-boxed elementor-section-height-default elementor-section-height-default\" data-id=\"1cd4f79\" data-element_type=\"section\">\n\t\t\t\t\t\t<div class=\"elementor-container elementor-column-gap-default\">\n\t\t\t\t\t<div class=\"elementor-column elementor-col-50 elementor-top-column elementor-element elementor-element-a399653\" data-id=\"a399653\" data-element_type=\"column\">\n\t\t\t<div class=\"elementor-widget-wrap elementor-element-populated\">\n\t\t\t\t\t\t<div class=\"elementor-element elementor-element-ddb2d7c elementor-widget elementor-widget-image\" data-id=\"ddb2d7c\" data-element_type=\"widget\" data-widget_type=\"image.default\">\n\t\t\t\t<div class=\"elementor-widget-container\">\n\t\t\t\t\t\t\t\t\t\t\t\t\t<img fetchpriority=\"high\" decoding=\"async\" width=\"660\" height=\"440\" src=\"https:\/\/copy.medicest.eu\/wp-content\/uploads\/2021\/12\/muzhskaya-protsedura-hydrafacial.jpg\" class=\"attachment-full size-full wp-image-6029\" alt=\"\" srcset=\"https:\/\/copy.medicest.eu\/wp-content\/uploads\/2021\/12\/muzhskaya-protsedura-hydrafacial.jpg 660w, https:\/\/copy.medicest.eu\/wp-content\/uploads\/2021\/12\/muzhskaya-protsedura-hydrafacial-300x200.jpg 300w, https:\/\/copy.medicest.eu\/wp-content\/uploads\/2021\/12\/muzhskaya-protsedura-hydrafacial-150x100.jpg 150w\" sizes=\"(max-width: 660px) 100vw, 660px\" \/>\t\t\t\t\t\t\t\t\t\t\t\t\t<\/div>\n\t\t\t\t<\/div>\n\t\t\t\t\t<\/div>\n\t\t<\/div>\n\t\t\t\t<div class=\"elementor-column elementor-col-50 elementor-top-column elementor-element elementor-element-2e1a323\" data-id=\"2e1a323\" data-element_type=\"column\">\n\t\t\t<div class=\"elementor-widget-wrap elementor-element-populated\">\n\t\t\t\t\t\t<div class=\"elementor-element elementor-element-f4bd8a4 elementor-widget elementor-widget-text-editor\" data-id=\"f4bd8a4\" data-element_type=\"widget\" data-widget_type=\"text-editor.default\">\n\t\t\t\t<div class=\"elementor-widget-container\">\n\t\t\t\t\t\t\t<blockquote><p>HydraFacial meestele on mugav ja delikaatne protseduur mehe naha hooldamiseks ja vananemise ennetamiseks.<\/p><\/blockquote>\t\t\t\t\t\t<\/div>\n\t\t\t\t<\/div>\n\t\t\t\t\t<\/div>\n\t\t<\/div>\n\t\t\t\t\t<\/div>\n\t\t<\/section>\n\t\t\t\t<section class=\"elementor-section elementor-top-section elementor-element elementor-element-a0f630b elementor-section-boxed elementor-section-height-default elementor-section-height-default\" data-id=\"a0f630b\" data-element_type=\"section\">\n\t\t\t\t\t\t<div class=\"elementor-container elementor-column-gap-default\">\n\t\t\t\t\t<div class=\"elementor-column elementor-col-33 elementor-top-column elementor-element elementor-element-4c8a03c\" data-id=\"4c8a03c\" data-element_type=\"column\">\n\t\t\t<div class=\"elementor-widget-wrap elementor-element-populated\">\n\t\t\t\t\t\t<div class=\"elementor-element elementor-element-0040455 elementor-widget elementor-widget-text-editor\" data-id=\"0040455\" data-element_type=\"widget\" data-widget_type=\"text-editor.default\">\n\t\t\t\t<div class=\"elementor-widget-container\">\n\t\t\t\t\t\t\t<p>HydraFacial MD\u00ae aparaadip\u00f5hine hooldus p\u00f5hineb patenteeritud tehnoloogiate, otsakute ja seerumite kasutamisel.<\/p><p>Seda peetakse universaalseks, sest koostiste ja lisandite kombinatsiooni abil saab luua igale kliendile individuaalse naha noorendus-, taaste- ja hooldusprogrammi.<\/p><p>Sobib meestele, kes hoolitsevad oma v\u00e4limuse eest, kes hoolivad oma n\u00e4onaha nooruslikkuse pikendamisest.<\/p>\t\t\t\t\t\t<\/div>\n\t\t\t\t<\/div>\n\t\t\t\t<div class=\"elementor-element elementor-element-8bdb154 elementor-widget elementor-widget-text-editor\" data-id=\"8bdb154\" data-element_type=\"widget\" data-widget_type=\"text-editor.default\">\n\t\t\t\t<div class=\"elementor-widget-container\">\n\t\t\t\t\t\t\t<h4><strong>Protseduurij\u00e4rgne toime<\/strong><\/h4><ul><li>N\u00e4onahk \u00fchtlustub, muutub elastseks ja siledaks.<\/li><li>V\u00e4hendab kortsude n\u00e4htavust, ealisi kurde, v\u00e4simuse ja halva une tagaj\u00e4rgi.<\/li><li>Taastub n\u00e4o terve jume.<\/li><li>Esineb kerge pinguldav toime.<\/li><li>Nahk puhastatakse mustusest ja komedoonidest, poorid ahenevad.<\/li><\/ul><p>\u00a0<\/p>\t\t\t\t\t\t<\/div>\n\t\t\t\t<\/div>\n\t\t\t\t\t<\/div>\n\t\t<\/div>\n\t\t\t\t<div class=\"elementor-column elementor-col-66 elementor-top-column elementor-element elementor-element-045339c\" data-id=\"045339c\" data-element_type=\"column\">\n\t\t\t<div class=\"elementor-widget-wrap elementor-element-populated\">\n\t\t\t\t\t\t<div class=\"elementor-element elementor-element-b976884 elementor-widget elementor-widget-image\" data-id=\"b976884\" data-element_type=\"widget\" data-widget_type=\"image.default\">\n\t\t\t\t<div class=\"elementor-widget-container\">\n\t\t\t\t\t\t\t\t\t\t\t\t\t<img decoding=\"async\" width=\"329\" height=\"531\" src=\"https:\/\/copy.medicest.eu\/wp-content\/uploads\/2021\/12\/hydrafacial_md_nasadka.jpg\" class=\"attachment-large size-large wp-image-6031\" alt=\"\" srcset=\"https:\/\/copy.medicest.eu\/wp-content\/uploads\/2021\/12\/hydrafacial_md_nasadka.jpg 329w, https:\/\/copy.medicest.eu\/wp-content\/uploads\/2021\/12\/hydrafacial_md_nasadka-186x300.jpg 186w, https:\/\/copy.medicest.eu\/wp-content\/uploads\/2021\/12\/hydrafacial_md_nasadka-93x150.jpg 93w\" sizes=\"(max-width: 329px) 100vw, 329px\" \/>\t\t\t\t\t\t\t\t\t\t\t\t\t<\/div>\n\t\t\t\t<\/div>\n\t\t\t\t\t<\/div>\n\t\t<\/div>\n\t\t\t\t\t<\/div>\n\t\t<\/section>\n\t\t\t\t<section class=\"elementor-section elementor-top-section elementor-element elementor-element-4ddc6ec elementor-section-boxed elementor-section-height-default elementor-section-height-default\" data-id=\"4ddc6ec\" data-element_type=\"section\">\n\t\t\t\t\t\t<div class=\"elementor-container elementor-column-gap-default\">\n\t\t\t\t\t<div class=\"elementor-column elementor-col-50 elementor-top-column elementor-element elementor-element-f629f6d\" data-id=\"f629f6d\" data-element_type=\"column\">\n\t\t\t<div class=\"elementor-widget-wrap elementor-element-populated\">\n\t\t\t\t\t\t<div class=\"elementor-element elementor-element-68e4ccd elementor-widget elementor-widget-text-editor\" data-id=\"68e4ccd\" data-element_type=\"widget\" data-widget_type=\"text-editor.default\">\n\t\t\t\t<div class=\"elementor-widget-container\">\n\t\t\t\t\t\t\t<h4><strong>N\u00e4idustused<\/strong><\/h4><ul><li>V\u00e4simuse ja stressi m\u00f5ju n\u00e4onahale.<\/li><li>Ealiste muutuste ilmnemine, mis n\u00e4ivad v\u00e4simuse korral m\u00e4rgatavamad. Naha pigmentatsioon Terve jume ja prinkuse kadu.<\/li><li>N\u00e4o ovaali vaje.<\/li><li>Naha \u00fcldseisundi halvenemine.<\/li><li>Laienenud poorid.<\/li><li>Komedoonide ja muu p\u00fcsivate pooriummistuste olemasolu.<\/li><\/ul>\t\t\t\t\t\t<\/div>\n\t\t\t\t<\/div>\n\t\t\t\t\t<\/div>\n\t\t<\/div>\n\t\t\t\t<div class=\"elementor-column elementor-col-50 elementor-top-column elementor-element elementor-element-48caf82\" data-id=\"48caf82\" data-element_type=\"column\">\n\t\t\t<div class=\"elementor-widget-wrap elementor-element-populated\">\n\t\t\t\t\t\t<div class=\"elementor-element elementor-element-6b5833a elementor-widget elementor-widget-text-editor\" data-id=\"6b5833a\" data-element_type=\"widget\" data-widget_type=\"text-editor.default\">\n\t\t\t\t<div class=\"elementor-widget-container\">\n\t\t\t\t\t\t\t<h4><strong>Vastun\u00e4idustused<\/strong><\/h4><ul><li>Naha pindmised vigastused, v\u00e4rsked armid, p\u00f5letused.<\/li><li>M\u00e4dane l\u00f6\u00f6ve.<\/li><li>Raskekujuline herpes.<\/li><li>Somaatilised haigused.<\/li><\/ul><p>\u00a0<\/p><p><strong>N\u00e4gu ei pea enne protseduuri raseerima.<\/strong><\/p>\t\t\t\t\t\t<\/div>\n\t\t\t\t<\/div>\n\t\t\t\t<div class=\"elementor-element elementor-element-c0f0d28 elementor-widget elementor-widget-image\" data-id=\"c0f0d28\" data-element_type=\"widget\" data-widget_type=\"image.default\">\n\t\t\t\t<div class=\"elementor-widget-container\">\n\t\t\t\t\t\t\t\t\t\t\t\t\t<img decoding=\"async\" width=\"596\" height=\"335\" src=\"https:\/\/copy.medicest.eu\/wp-content\/uploads\/2021\/12\/tekhnologiya-allegrohydrafacial-md_.png\" class=\"attachment-large size-large wp-image-6033\" alt=\"\" srcset=\"https:\/\/copy.medicest.eu\/wp-content\/uploads\/2021\/12\/tekhnologiya-allegrohydrafacial-md_.png 596w, https:\/\/copy.medicest.eu\/wp-content\/uploads\/2021\/12\/tekhnologiya-allegrohydrafacial-md_-300x169.png 300w, https:\/\/copy.medicest.eu\/wp-content\/uploads\/2021\/12\/tekhnologiya-allegrohydrafacial-md_-150x84.png 150w\" sizes=\"(max-width: 596px) 100vw, 596px\" \/>\t\t\t\t\t\t\t\t\t\t\t\t\t<\/div>\n\t\t\t\t<\/div>\n\t\t\t\t\t<\/div>\n\t\t<\/div>\n\t\t\t\t\t<\/div>\n\t\t<\/section>\n\t\t\t\t<section class=\"elementor-section elementor-top-section elementor-element elementor-element-5ac746b elementor-section-boxed elementor-section-height-default elementor-section-height-default\" data-id=\"5ac746b\" data-element_type=\"section\">\n\t\t\t\t\t\t<div class=\"elementor-container elementor-column-gap-default\">\n\t\t\t\t\t<div class=\"elementor-column elementor-col-50 elementor-top-column elementor-element elementor-element-d814e94\" data-id=\"d814e94\" data-element_type=\"column\">\n\t\t\t<div class=\"elementor-widget-wrap elementor-element-populated\">\n\t\t\t\t\t\t<div class=\"elementor-element elementor-element-213ed48 elementor-widget elementor-widget-video\" data-id=\"213ed48\" data-element_type=\"widget\" data-settings=\"{&quot;youtube_url&quot;:&quot;https:\\\/\\\/www.youtube.com\\\/watch?v=3ZCC7yYAqzo&quot;,&quot;video_type&quot;:&quot;youtube&quot;,&quot;controls&quot;:&quot;yes&quot;}\" data-widget_type=\"video.default\">\n\t\t\t\t<div class=\"elementor-widget-container\">\n\t\t\t\t\t<div class=\"elementor-wrapper elementor-open-inline\">\n\t\t\t<div class=\"elementor-video\"><\/div>\t\t<\/div>\n\t\t\t\t<\/div>\n\t\t\t\t<\/div>\n\t\t\t\t\t<\/div>\n\t\t<\/div>\n\t\t\t\t<div class=\"elementor-column elementor-col-50 elementor-top-column elementor-element elementor-element-dfe0fd9\" data-id=\"dfe0fd9\" data-element_type=\"column\">\n\t\t\t<div class=\"elementor-widget-wrap elementor-element-populated\">\n\t\t\t\t\t\t<div class=\"elementor-element elementor-element-8f037be elementor-widget elementor-widget-video\" data-id=\"8f037be\" data-element_type=\"widget\" data-settings=\"{&quot;youtube_url&quot;:&quot;https:\\\/\\\/www.youtube.com\\\/watch?v=kTZXmvdP7H0&quot;,&quot;video_type&quot;:&quot;youtube&quot;,&quot;controls&quot;:&quot;yes&quot;}\" data-widget_type=\"video.default\">\n\t\t\t\t<div class=\"elementor-widget-container\">\n\t\t\t\t\t<div class=\"elementor-wrapper elementor-open-inline\">\n\t\t\t<div class=\"elementor-video\"><\/div>\t\t<\/div>\n\t\t\t\t<\/div>\n\t\t\t\t<\/div>\n\t\t\t\t\t<\/div>\n\t\t<\/div>\n\t\t\t\t\t<\/div>\n\t\t<\/section>\n\t\t\t\t<section class=\"elementor-section elementor-top-section elementor-element elementor-element-2df01070 elementor-section-boxed elementor-section-height-default elementor-section-height-default\" data-id=\"2df01070\" data-element_type=\"section\">\n\t\t\t\t\t\t<div class=\"elementor-container elementor-column-gap-default\">\n\t\t\t\t\t<div class=\"elementor-column elementor-col-100 elementor-top-column elementor-element elementor-element-4fa21c30\" data-id=\"4fa21c30\" data-element_type=\"column\">\n\t\t\t<div class=\"elementor-widget-wrap elementor-element-populated\">\n\t\t\t\t\t\t<div class=\"elementor-element elementor-element-40a647d5 elementor-widget elementor-widget-heading\" data-id=\"40a647d5\" data-element_type=\"widget\" data-widget_type=\"heading.default\">\n\t\t\t\t<div class=\"elementor-widget-container\">\n\t\t\t<h2 class=\"elementor-heading-title elementor-size-default\">Hinnakiri<\/h2>\t\t<\/div>\n\t\t\t\t<\/div>\n\t\t\t\t<div class=\"elementor-element elementor-element-564ca670 elementor-widget elementor-widget-text-editor\" data-id=\"564ca670\" data-element_type=\"widget\" data-widget_type=\"text-editor.default\">\n\t\t\t\t<div class=\"elementor-widget-container\">\n\t\t\t\t\t\t\t<p>\n<table id=\"tablepress-61\" class=\"tablepress tablepress-id-61 tablepress-responsive\">\n<thead>\n<tr class=\"row-1 odd\">\n\t<th class=\"column-1\">N\u00e4ohooldus HydraFacial <\/th><th class=\"column-2\">Hind \u20ac<\/th>\n<\/tr>\n<\/thead>\n<tbody class=\"row-hover\">\n<tr class=\"row-2 even\">\n\t<td class=\"column-1\">Standart HydraFacial 30 min<\/td><td class=\"column-2\">70,00<\/td>\n<\/tr>\n<tr class=\"row-3 odd\">\n\t<td class=\"column-1\">Hollywoodi n\u00e4opuhastus HydraFacial 30 min<\/td><td class=\"column-2\">75,00<\/td>\n<\/tr>\n<tr class=\"row-4 even\">\n\t<td class=\"column-1\">Business Beauty 30 HydraFacial 30 min<\/td><td class=\"column-2\">72,00<\/td>\n<\/tr>\n<tr class=\"row-5 odd\">\n\t<td class=\"column-1\">Red Carpet HydraFacial 45 min<\/td><td class=\"column-2\">85,00<\/td>\n<\/tr>\n<tr class=\"row-6 even\">\n\t<td class=\"column-1\">Oily Skin HydraFacial 60 min<\/td><td class=\"column-2\">99,00<\/td>\n<\/tr>\n<tr class=\"row-7 odd\">\n\t<td class=\"column-1\">Anti Akne HydraFacial 40 \u2013 60 min<\/td><td class=\"column-2\">85,00<\/td>\n<\/tr>\n<tr class=\"row-8 even\">\n\t<td class=\"column-1\">Brightening Anti  Pigmentation Hydrafacial 40 min<br \/>\n<\/td><td class=\"column-2\">85,00<\/td>\n<\/tr>\n<tr class=\"row-9 odd\">\n\t<td class=\"column-1\">Extreme Hydration HydraFacial 60 min<\/td><td class=\"column-2\">99,00<\/td>\n<\/tr>\n<tr class=\"row-10 even\">\n\t<td class=\"column-1\">Anti Age HydraFacial 60 min<\/td><td class=\"column-2\">129,00<\/td>\n<\/tr>\n<tr class=\"row-11 odd\">\n\t<td class=\"column-1\">Delux Anti Age HydraFacial 90 min<\/td><td class=\"column-2\">129,00<\/td>\n<\/tr>\n<tr class=\"row-12 even\">\n\t<td class=\"column-1\">HydraFacial meestele 45 min<\/td><td class=\"column-2\">89,00<\/td>\n<\/tr>\n<tr class=\"row-13 odd\">\n\t<td class=\"column-1\">HydraFacial Young Hands 30 \u2013 40 min<\/td><td class=\"column-2\">69,00<\/td>\n<\/tr>\n<\/tbody>\n<\/table>\n<!-- #tablepress-61 from cache --><\/p>\t\t\t\t\t\t<\/div>\n\t\t\t\t<\/div>\n\t\t\t\t<div class=\"elementor-element elementor-element-57ed7723 pp-buttons-halign-center pp-buttons-stack-none elementor-widget elementor-widget-pp-buttons\" data-id=\"57ed7723\" data-element_type=\"widget\" data-widget_type=\"pp-buttons.default\">\n\t\t\t\t<div class=\"elementor-widget-container\">\n\t\t\t\t\t<div class=\"pp-buttons-group\">\n\t\t\t\t\t\t\t\t\t\t\t<a href=\"https:\/\/shop.medicest.eu\/et\/product\/naohooldus-hydrafacial-meestele\/\" target=\"_blank\" class=\"pp-button elementor-button elementor-size-md elementor-repeater-item-c938c7f \">\n\t\t\t\t\t<div class=\"pp-button-content-wrapper\">\n\t\t\t\t\t\t<span class=\"pp-button-content-inner pp-icon-before\">\n\t\t\t\t\t\t\t\n\t\t\t\t\t\t\t\t<span class=\"pp-button-title\">\n\t\t\t\t\t\t\t\t\tOsta\t\t\t\t\t\t\t\t<\/span>\n\t\t\t\t\t\t\t\t\t\t\t\t\t<\/span>\n\t\t\t\t\t<\/div>\n\t\t\t\t<\/a>\n\t\t\t\t\t\t\t\t\t\t<\/div>\t\t<\/div>\n\t\t\t\t<\/div>\n\t\t\t\t\t<\/div>\n\t\t<\/div>\n\t\t\t\t\t<\/div>\n\t\t<\/section>\n\t\t\t\t<\/div>\n\t\t","protected":false},"excerpt":{"rendered":"<p>N\u00e4ohooldus HydraFacial Uus nahahoolduse kontseptsioon MEESTELE HydraFacial meestele on mugav ja delikaatne protseduur mehe naha hooldamiseks ja vananemise ennetamiseks. HydraFacial MD\u00ae aparaadip\u00f5hine hooldus p\u00f5hineb patenteeritud tehnoloogiate, otsakute ja seerumite kasutamisel. Seda peetakse universaalseks, sest koostiste ja lisandite kombinatsiooni abil saab luua igale kliendile individuaalse naha noorendus-, taaste- ja hooldusprogrammi. Sobib\u2026<\/p>\n<p class=\"continue-reading-button\"> <a class=\"continue-reading-link\" href=\"https:\/\/copy.medicest.eu\/et\/naohooldus-hydrafacial-meestele\/\"><i class=\"crycon-right-dir\"><\/i><\/a><\/p>\n","protected":false},"author":1,"featured_media":0,"parent":0,"menu_order":0,"comment_status":"closed","ping_status":"closed","template":"","meta":{"footnotes":""},"class_list":["post-6165","page","type-page","status-publish","hentry"],"yoast_head":"<!-- This site is optimized with the Yoast SEO plugin v23.6 - https:\/\/yoast.com\/wordpress\/plugins\/seo\/ -->\n<title>N\u00e4ohooldus HydraFacial meestele - Ilukliinik Medic-Esthetic<\/title>\n<meta name=\"robots\" content=\"index, follow, max-snippet:-1, max-image-preview:large, max-video-preview:-1\" \/>\n<link rel=\"canonical\" href=\"https:\/\/copy.medicest.eu\/et\/naohooldus-hydrafacial-meestele\/\" \/>\n<meta property=\"og:locale\" content=\"et_EE\" \/>\n<meta property=\"og:type\" content=\"article\" \/>\n<meta property=\"og:title\" content=\"N\u00e4ohooldus HydraFacial meestele - Ilukliinik Medic-Esthetic\" \/>\n<meta property=\"og:description\" content=\"N\u00e4ohooldus HydraFacial Uus nahahoolduse kontseptsioon MEESTELE HydraFacial meestele on mugav ja delikaatne protseduur mehe naha hooldamiseks ja vananemise ennetamiseks. HydraFacial MD\u00ae aparaadip\u00f5hine hooldus p\u00f5hineb patenteeritud tehnoloogiate, otsakute ja seerumite kasutamisel. Seda peetakse universaalseks, sest koostiste ja lisandite kombinatsiooni abil saab luua igale kliendile individuaalse naha noorendus-, taaste- ja hooldusprogrammi. Sobib\u2026\" \/>\n<meta property=\"og:url\" content=\"https:\/\/copy.medicest.eu\/et\/naohooldus-hydrafacial-meestele\/\" \/>\n<meta property=\"og:site_name\" content=\"Ilukliinik Medic-Esthetic\" \/>\n<meta property=\"article:modified_time\" content=\"2021-12-10T15:13:57+00:00\" \/>\n<meta property=\"og:image\" content=\"https:\/\/copy.medicest.eu\/wp-content\/uploads\/2021\/12\/muzhskaya-protsedura-hydrafacial.jpg\" \/>\n<meta name=\"twitter:card\" content=\"summary_large_image\" \/>\n<meta name=\"twitter:label1\" content=\"Est. reading time\" \/>\n\t<meta name=\"twitter:data1\" content=\"2 minutit\" \/>\n<script type=\"application\/ld+json\" class=\"yoast-schema-graph\">{\"@context\":\"https:\/\/schema.org\",\"@graph\":[{\"@type\":\"WebPage\",\"@id\":\"https:\/\/copy.medicest.eu\/et\/naohooldus-hydrafacial-meestele\/\",\"url\":\"https:\/\/copy.medicest.eu\/et\/naohooldus-hydrafacial-meestele\/\",\"name\":\"N\u00e4ohooldus HydraFacial meestele - Ilukliinik Medic-Esthetic\",\"isPartOf\":{\"@id\":\"https:\/\/copy.medicest.eu\/#website\"},\"primaryImageOfPage\":{\"@id\":\"https:\/\/copy.medicest.eu\/et\/naohooldus-hydrafacial-meestele\/#primaryimage\"},\"image\":{\"@id\":\"https:\/\/copy.medicest.eu\/et\/naohooldus-hydrafacial-meestele\/#primaryimage\"},\"thumbnailUrl\":\"https:\/\/copy.medicest.eu\/wp-content\/uploads\/2021\/12\/muzhskaya-protsedura-hydrafacial.jpg\",\"datePublished\":\"2021-12-09T11:38:04+00:00\",\"dateModified\":\"2021-12-10T15:13:57+00:00\",\"breadcrumb\":{\"@id\":\"https:\/\/copy.medicest.eu\/et\/naohooldus-hydrafacial-meestele\/#breadcrumb\"},\"inLanguage\":\"et\",\"potentialAction\":[{\"@type\":\"ReadAction\",\"target\":[\"https:\/\/copy.medicest.eu\/et\/naohooldus-hydrafacial-meestele\/\"]}]},{\"@type\":\"ImageObject\",\"inLanguage\":\"et\",\"@id\":\"https:\/\/copy.medicest.eu\/et\/naohooldus-hydrafacial-meestele\/#primaryimage\",\"url\":\"https:\/\/copy.medicest.eu\/wp-content\/uploads\/2021\/12\/muzhskaya-protsedura-hydrafacial.jpg\",\"contentUrl\":\"https:\/\/copy.medicest.eu\/wp-content\/uploads\/2021\/12\/muzhskaya-protsedura-hydrafacial.jpg\"},{\"@type\":\"BreadcrumbList\",\"@id\":\"https:\/\/copy.medicest.eu\/et\/naohooldus-hydrafacial-meestele\/#breadcrumb\",\"itemListElement\":[{\"@type\":\"ListItem\",\"position\":1,\"name\":\"Home\",\"item\":\"https:\/\/copy.medicest.eu\/et\/\"},{\"@type\":\"ListItem\",\"position\":2,\"name\":\"N\u00e4ohooldus HydraFacial meestele\"}]},{\"@type\":\"WebSite\",\"@id\":\"https:\/\/copy.medicest.eu\/#website\",\"url\":\"https:\/\/copy.medicest.eu\/\",\"name\":\"Ilukliinik Medic-Esthetic\",\"description\":\"Beauty &amp; Prestige\",\"potentialAction\":[{\"@type\":\"SearchAction\",\"target\":{\"@type\":\"EntryPoint\",\"urlTemplate\":\"https:\/\/copy.medicest.eu\/?s={search_term_string}\"},\"query-input\":{\"@type\":\"PropertyValueSpecification\",\"valueRequired\":true,\"valueName\":\"search_term_string\"}}],\"inLanguage\":\"et\"}]}<\/script>\n<!-- \/ Yoast SEO plugin. -->","yoast_head_json":{"title":"N\u00e4ohooldus HydraFacial meestele - Ilukliinik Medic-Esthetic","robots":{"index":"index","follow":"follow","max-snippet":"max-snippet:-1","max-image-preview":"max-image-preview:large","max-video-preview":"max-video-preview:-1"},"canonical":"https:\/\/copy.medicest.eu\/et\/naohooldus-hydrafacial-meestele\/","og_locale":"et_EE","og_type":"article","og_title":"N\u00e4ohooldus HydraFacial meestele - Ilukliinik Medic-Esthetic","og_description":"N\u00e4ohooldus HydraFacial Uus nahahoolduse kontseptsioon MEESTELE HydraFacial meestele on mugav ja delikaatne protseduur mehe naha hooldamiseks ja vananemise ennetamiseks. HydraFacial MD\u00ae aparaadip\u00f5hine hooldus p\u00f5hineb patenteeritud tehnoloogiate, otsakute ja seerumite kasutamisel. Seda peetakse universaalseks, sest koostiste ja lisandite kombinatsiooni abil saab luua igale kliendile individuaalse naha noorendus-, taaste- ja hooldusprogrammi. Sobib\u2026","og_url":"https:\/\/copy.medicest.eu\/et\/naohooldus-hydrafacial-meestele\/","og_site_name":"Ilukliinik Medic-Esthetic","article_modified_time":"2021-12-10T15:13:57+00:00","og_image":[{"url":"https:\/\/copy.medicest.eu\/wp-content\/uploads\/2021\/12\/muzhskaya-protsedura-hydrafacial.jpg"}],"twitter_card":"summary_large_image","twitter_misc":{"Est. reading time":"2 minutit"},"schema":{"@context":"https:\/\/schema.org","@graph":[{"@type":"WebPage","@id":"https:\/\/copy.medicest.eu\/et\/naohooldus-hydrafacial-meestele\/","url":"https:\/\/copy.medicest.eu\/et\/naohooldus-hydrafacial-meestele\/","name":"N\u00e4ohooldus HydraFacial meestele - Ilukliinik Medic-Esthetic","isPartOf":{"@id":"https:\/\/copy.medicest.eu\/#website"},"primaryImageOfPage":{"@id":"https:\/\/copy.medicest.eu\/et\/naohooldus-hydrafacial-meestele\/#primaryimage"},"image":{"@id":"https:\/\/copy.medicest.eu\/et\/naohooldus-hydrafacial-meestele\/#primaryimage"},"thumbnailUrl":"https:\/\/copy.medicest.eu\/wp-content\/uploads\/2021\/12\/muzhskaya-protsedura-hydrafacial.jpg","datePublished":"2021-12-09T11:38:04+00:00","dateModified":"2021-12-10T15:13:57+00:00","breadcrumb":{"@id":"https:\/\/copy.medicest.eu\/et\/naohooldus-hydrafacial-meestele\/#breadcrumb"},"inLanguage":"et","potentialAction":[{"@type":"ReadAction","target":["https:\/\/copy.medicest.eu\/et\/naohooldus-hydrafacial-meestele\/"]}]},{"@type":"ImageObject","inLanguage":"et","@id":"https:\/\/copy.medicest.eu\/et\/naohooldus-hydrafacial-meestele\/#primaryimage","url":"https:\/\/copy.medicest.eu\/wp-content\/uploads\/2021\/12\/muzhskaya-protsedura-hydrafacial.jpg","contentUrl":"https:\/\/copy.medicest.eu\/wp-content\/uploads\/2021\/12\/muzhskaya-protsedura-hydrafacial.jpg"},{"@type":"BreadcrumbList","@id":"https:\/\/copy.medicest.eu\/et\/naohooldus-hydrafacial-meestele\/#breadcrumb","itemListElement":[{"@type":"ListItem","position":1,"name":"Home","item":"https:\/\/copy.medicest.eu\/et\/"},{"@type":"ListItem","position":2,"name":"N\u00e4ohooldus HydraFacial meestele"}]},{"@type":"WebSite","@id":"https:\/\/copy.medicest.eu\/#website","url":"https:\/\/copy.medicest.eu\/","name":"Ilukliinik Medic-Esthetic","description":"Beauty &amp; Prestige","potentialAction":[{"@type":"SearchAction","target":{"@type":"EntryPoint","urlTemplate":"https:\/\/copy.medicest.eu\/?s={search_term_string}"},"query-input":{"@type":"PropertyValueSpecification","valueRequired":true,"valueName":"search_term_string"}}],"inLanguage":"et"}]}},"_links":{"self":[{"href":"https:\/\/copy.medicest.eu\/et\/wp-json\/wp\/v2\/pages\/6165","targetHints":{"allow":["GET"]}}],"collection":[{"href":"https:\/\/copy.medicest.eu\/et\/wp-json\/wp\/v2\/pages"}],"about":[{"href":"https:\/\/copy.medicest.eu\/et\/wp-json\/wp\/v2\/types\/page"}],"author":[{"embeddable":true,"href":"https:\/\/copy.medicest.eu\/et\/wp-json\/wp\/v2\/users\/1"}],"replies":[{"embeddable":true,"href":"https:\/\/copy.medicest.eu\/et\/wp-json\/wp\/v2\/comments?post=6165"}],"version-history":[{"count":13,"href":"https:\/\/copy.medicest.eu\/et\/wp-json\/wp\/v2\/pages\/6165\/revisions"}],"predecessor-version":[{"id":6238,"href":"https:\/\/copy.medicest.eu\/et\/wp-json\/wp\/v2\/pages\/6165\/revisions\/6238"}],"wp:attachment":[{"href":"https:\/\/copy.medicest.eu\/et\/wp-json\/wp\/v2\/media?parent=6165"}],"curies":[{"name":"wp","href":"https:\/\/api.w.org\/{rel}","templated":true}]}}