{"id":6185,"date":"2021-12-09T11:58:38","date_gmt":"2021-12-09T11:58:38","guid":{"rendered":"https:\/\/copy.medicest.eu\/biomexanicheskaya-stimulyaciya-bms-dlya-muzhchin\/"},"modified":"2021-12-10T15:15:51","modified_gmt":"2021-12-10T15:15:51","slug":"biomehaaniline-stimulatsioon-bms-meestele","status":"publish","type":"page","link":"https:\/\/copy.medicest.eu\/et\/biomehaaniline-stimulatsioon-bms-meestele\/","title":{"rendered":"Biomehaaniline stimulatsioon (BMS) meestele"},"content":{"rendered":"\t\t<div data-elementor-type=\"wp-page\" data-elementor-id=\"6185\" class=\"elementor elementor-6185 elementor-6053\">\n\t\t\t\t\t\t<section class=\"elementor-section elementor-top-section elementor-element elementor-element-79018b36 elementor-section-boxed elementor-section-height-default elementor-section-height-default\" data-id=\"79018b36\" data-element_type=\"section\">\n\t\t\t\t\t\t<div class=\"elementor-container elementor-column-gap-default\">\n\t\t\t\t\t<div class=\"elementor-column elementor-col-100 elementor-top-column elementor-element elementor-element-4d21cfab\" data-id=\"4d21cfab\" data-element_type=\"column\">\n\t\t\t<div class=\"elementor-widget-wrap elementor-element-populated\">\n\t\t\t\t\t\t<div class=\"elementor-element elementor-element-4c3e678b elementor-widget elementor-widget-heading\" data-id=\"4c3e678b\" data-element_type=\"widget\" data-widget_type=\"heading.default\">\n\t\t\t\t<div class=\"elementor-widget-container\">\n\t\t\t<h2 class=\"elementor-heading-title elementor-size-default\">Biomehaaniline stimulatsioon (BMS) <\/h2>\t\t<\/div>\n\t\t\t\t<\/div>\n\t\t\t\t<div class=\"elementor-element elementor-element-33d063bd elementor-widget elementor-widget-heading\" data-id=\"33d063bd\" data-element_type=\"widget\" data-widget_type=\"heading.default\">\n\t\t\t\t<div class=\"elementor-widget-container\">\n\t\t\t<h3 class=\"elementor-heading-title elementor-size-default\">- n\u00e4o fitness<\/h3>\t\t<\/div>\n\t\t\t\t<\/div>\n\t\t\t\t<div class=\"elementor-element elementor-element-9980df4 elementor-widget elementor-widget-heading\" data-id=\"9980df4\" data-element_type=\"widget\" data-widget_type=\"heading.default\">\n\t\t\t\t<div class=\"elementor-widget-container\">\n\t\t\t<h3 class=\"elementor-heading-title elementor-size-default\">MEESTELE<\/h3>\t\t<\/div>\n\t\t\t\t<\/div>\n\t\t\t\t\t<\/div>\n\t\t<\/div>\n\t\t\t\t\t<\/div>\n\t\t<\/section>\n\t\t\t\t<section class=\"elementor-section elementor-top-section elementor-element elementor-element-00fb600 elementor-section-boxed elementor-section-height-default elementor-section-height-default\" data-id=\"00fb600\" data-element_type=\"section\">\n\t\t\t\t\t\t<div class=\"elementor-container elementor-column-gap-default\">\n\t\t\t\t\t<div class=\"elementor-column elementor-col-66 elementor-top-column elementor-element elementor-element-361b1c8\" data-id=\"361b1c8\" data-element_type=\"column\">\n\t\t\t<div class=\"elementor-widget-wrap elementor-element-populated\">\n\t\t\t\t\t\t<div class=\"elementor-element elementor-element-6f61bfa elementor-widget elementor-widget-image\" data-id=\"6f61bfa\" data-element_type=\"widget\" data-widget_type=\"image.default\">\n\t\t\t\t<div class=\"elementor-widget-container\">\n\t\t\t\t\t\t\t\t\t\t\t\t\t<img fetchpriority=\"high\" decoding=\"async\" width=\"698\" height=\"400\" src=\"https:\/\/copy.medicest.eu\/wp-content\/uploads\/2021\/12\/mens-beauty-treatment.jpg\" class=\"attachment-large size-large wp-image-6062\" alt=\"\" srcset=\"https:\/\/copy.medicest.eu\/wp-content\/uploads\/2021\/12\/mens-beauty-treatment.jpg 698w, https:\/\/copy.medicest.eu\/wp-content\/uploads\/2021\/12\/mens-beauty-treatment-300x172.jpg 300w, https:\/\/copy.medicest.eu\/wp-content\/uploads\/2021\/12\/mens-beauty-treatment-150x86.jpg 150w\" sizes=\"(max-width: 698px) 100vw, 698px\" \/>\t\t\t\t\t\t\t\t\t\t\t\t\t<\/div>\n\t\t\t\t<\/div>\n\t\t\t\t\t<\/div>\n\t\t<\/div>\n\t\t\t\t<div class=\"elementor-column elementor-col-33 elementor-top-column elementor-element elementor-element-319f994\" data-id=\"319f994\" data-element_type=\"column\">\n\t\t\t<div class=\"elementor-widget-wrap elementor-element-populated\">\n\t\t\t\t\t\t<div class=\"elementor-element elementor-element-67b8026 elementor-widget elementor-widget-text-editor\" data-id=\"67b8026\" data-element_type=\"widget\" data-widget_type=\"text-editor.default\">\n\t\t\t\t<div class=\"elementor-widget-container\">\n\t\t\t\t\t\t\t<blockquote><p>Intensiivne elutempo ja vajadus teistele head muljet j\u00e4tta on viinud selleni, et kosmetoloogiaprotseduurid meestele on muutumas \u00fcha populaarsemaks.<\/p><\/blockquote>\t\t\t\t\t\t<\/div>\n\t\t\t\t<\/div>\n\t\t\t\t\t<\/div>\n\t\t<\/div>\n\t\t\t\t\t<\/div>\n\t\t<\/section>\n\t\t\t\t<section class=\"elementor-section elementor-top-section elementor-element elementor-element-ee03050 elementor-section-boxed elementor-section-height-default elementor-section-height-default\" data-id=\"ee03050\" data-element_type=\"section\">\n\t\t\t\t\t\t<div class=\"elementor-container elementor-column-gap-default\">\n\t\t\t\t\t<div class=\"elementor-column elementor-col-100 elementor-top-column elementor-element elementor-element-658cf1f\" data-id=\"658cf1f\" data-element_type=\"column\">\n\t\t\t<div class=\"elementor-widget-wrap elementor-element-populated\">\n\t\t\t\t\t\t<div class=\"elementor-element elementor-element-f78aae4 elementor-widget elementor-widget-text-editor\" data-id=\"f78aae4\" data-element_type=\"widget\" data-widget_type=\"text-editor.default\">\n\t\t\t\t<div class=\"elementor-widget-container\">\n\t\t\t\t\t\t\t<h4><strong>BMS on \u00fcks protseduure, mis aitab v\u00e4lja n\u00e4ha noor, energiline ja soliidne ka maksimaalse koormuse ja hoolduse ajapuuduse korral.<\/strong><\/h4>\t\t\t\t\t\t<\/div>\n\t\t\t\t<\/div>\n\t\t\t\t\t<\/div>\n\t\t<\/div>\n\t\t\t\t\t<\/div>\n\t\t<\/section>\n\t\t\t\t<section class=\"elementor-section elementor-top-section elementor-element elementor-element-b73c251 elementor-section-boxed elementor-section-height-default elementor-section-height-default\" data-id=\"b73c251\" data-element_type=\"section\">\n\t\t\t\t\t\t<div class=\"elementor-container elementor-column-gap-default\">\n\t\t\t\t\t<div class=\"elementor-column elementor-col-100 elementor-top-column elementor-element elementor-element-dc88fa4\" data-id=\"dc88fa4\" data-element_type=\"column\">\n\t\t\t<div class=\"elementor-widget-wrap elementor-element-populated\">\n\t\t\t\t\t\t<div class=\"elementor-element elementor-element-ce9c0a1 elementor-widget-divider--view-line elementor-widget elementor-widget-divider\" data-id=\"ce9c0a1\" data-element_type=\"widget\" data-widget_type=\"divider.default\">\n\t\t\t\t<div class=\"elementor-widget-container\">\n\t\t\t\t\t<div class=\"elementor-divider\">\n\t\t\t<span class=\"elementor-divider-separator\">\n\t\t\t\t\t\t<\/span>\n\t\t<\/div>\n\t\t\t\t<\/div>\n\t\t\t\t<\/div>\n\t\t\t\t<div class=\"elementor-element elementor-element-97416da elementor-widget elementor-widget-text-editor\" data-id=\"97416da\" data-element_type=\"widget\" data-widget_type=\"text-editor.default\">\n\t\t\t\t<div class=\"elementor-widget-container\">\n\t\t\t\t\t\t\t<p><strong>Biomehaaniline stimulatsioon<\/strong> on mehaaniline lihaste m\u00f5jutamine aparaadi otsaku edasi-tagasi liigutuste abil m\u00e4\u00e4ratud sageduse ja amplituudiga.<\/p><p>M\u00f5jutamine toimub piki lihaskiude tavap\u00e4rasele lihaste kokkut\u00f5mbumistele iseloomulikus suunas.<\/p><p>BMS-i abil suudame stimuleerida k\u00f5iki n\u00e4o-, kaela- ja pealihaseid.<\/p><p>Protseduuri k\u00e4igus aktiveerub vereringe, taastub lihaste maht ja t\u00e4ielik talitlus. Selle tulemusena kaovad lotid ja liigne nahk, v\u00e4henevad kortsud ja &#8220;kanavarbad&#8221;, normaliseerub jume ja taastub n\u00e4o ovaal.<\/p><p>Protseduur on t\u00f5hus juba esimesel seansil.<\/p><p>Lisaks kosmetoloogilisele tulemusele on n\u00e4olihaste biomehaanilisel stimulatsioonil ravitoime: paraneb ajuveresoonte seisund, n\u00e4gemisteravus, parodontoos jne.<\/p><p>BMS-i protseduuril puuduvad ealised vastun\u00e4idustused.<\/p><p>Biomehaaniline stimulatsioon viiakse l\u00e4bi toitvate ja niisutavate kosmeetikavahenditega, mis viiakse protseduuri k\u00e4igus naha sisse.<\/p><p>P\u00e4rast BMS-i protseduurikuuri moodustub lihasm\u00e4lu, mis on suunatud n\u00e4okudede t\u00f5stmisele.<\/p><p>\u00a0<\/p>\t\t\t\t\t\t<\/div>\n\t\t\t\t<\/div>\n\t\t\t\t<div class=\"elementor-element elementor-element-b76be0a elementor-widget-divider--view-line elementor-widget elementor-widget-divider\" data-id=\"b76be0a\" data-element_type=\"widget\" data-widget_type=\"divider.default\">\n\t\t\t\t<div class=\"elementor-widget-container\">\n\t\t\t\t\t<div class=\"elementor-divider\">\n\t\t\t<span class=\"elementor-divider-separator\">\n\t\t\t\t\t\t<\/span>\n\t\t<\/div>\n\t\t\t\t<\/div>\n\t\t\t\t<\/div>\n\t\t\t\t\t<\/div>\n\t\t<\/div>\n\t\t\t\t\t<\/div>\n\t\t<\/section>\n\t\t\t\t<section class=\"elementor-section elementor-top-section elementor-element elementor-element-d2098f0 elementor-section-boxed elementor-section-height-default elementor-section-height-default\" data-id=\"d2098f0\" data-element_type=\"section\">\n\t\t\t\t\t\t<div class=\"elementor-container elementor-column-gap-default\">\n\t\t\t\t\t<div class=\"elementor-column elementor-col-50 elementor-top-column elementor-element elementor-element-adddaa8\" data-id=\"adddaa8\" data-element_type=\"column\">\n\t\t\t<div class=\"elementor-widget-wrap elementor-element-populated\">\n\t\t\t\t\t\t<div class=\"elementor-element elementor-element-bad4ba9 elementor-widget elementor-widget-image\" data-id=\"bad4ba9\" data-element_type=\"widget\" data-widget_type=\"image.default\">\n\t\t\t\t<div class=\"elementor-widget-container\">\n\t\t\t\t\t\t\t\t\t\t\t\t\t<img decoding=\"async\" width=\"1024\" height=\"681\" src=\"https:\/\/copy.medicest.eu\/wp-content\/uploads\/2021\/12\/dsc_4426_3008.jpg.19ad846a5b28e2a693bc17eb5759fc02-1024x681.jpg\" class=\"attachment-large size-large wp-image-6043\" alt=\"\" srcset=\"https:\/\/copy.medicest.eu\/wp-content\/uploads\/2021\/12\/dsc_4426_3008.jpg.19ad846a5b28e2a693bc17eb5759fc02-1024x681.jpg 1024w, https:\/\/copy.medicest.eu\/wp-content\/uploads\/2021\/12\/dsc_4426_3008.jpg.19ad846a5b28e2a693bc17eb5759fc02-300x199.jpg 300w, https:\/\/copy.medicest.eu\/wp-content\/uploads\/2021\/12\/dsc_4426_3008.jpg.19ad846a5b28e2a693bc17eb5759fc02-768x511.jpg 768w, https:\/\/copy.medicest.eu\/wp-content\/uploads\/2021\/12\/dsc_4426_3008.jpg.19ad846a5b28e2a693bc17eb5759fc02-1536x1021.jpg 1536w, https:\/\/copy.medicest.eu\/wp-content\/uploads\/2021\/12\/dsc_4426_3008.jpg.19ad846a5b28e2a693bc17eb5759fc02-2048x1362.jpg 2048w, https:\/\/copy.medicest.eu\/wp-content\/uploads\/2021\/12\/dsc_4426_3008.jpg.19ad846a5b28e2a693bc17eb5759fc02-150x100.jpg 150w\" sizes=\"(max-width: 1024px) 100vw, 1024px\" \/>\t\t\t\t\t\t\t\t\t\t\t\t\t<\/div>\n\t\t\t\t<\/div>\n\t\t\t\t\t<\/div>\n\t\t<\/div>\n\t\t\t\t<div class=\"elementor-column elementor-col-50 elementor-top-column elementor-element elementor-element-5e897e8\" data-id=\"5e897e8\" data-element_type=\"column\">\n\t\t\t<div class=\"elementor-widget-wrap elementor-element-populated\">\n\t\t\t\t\t\t<div class=\"elementor-element elementor-element-e081d3f elementor-widget elementor-widget-text-editor\" data-id=\"e081d3f\" data-element_type=\"widget\" data-widget_type=\"text-editor.default\">\n\t\t\t\t<div class=\"elementor-widget-container\">\n\t\t\t\t\t\t\t<h4><strong>Eelised<\/strong><\/h4><ul><li>Sobiv igas vanuses.<\/li><li>Ei vaja rehabilitatsiooniperioodi.<\/li><li>BMS-i saab lisada hooldusprotseduuride kogumisse, et t\u00f5hustada ja pikendada kokkupuute m\u00f5ju nahale ja n\u00e4olihastele.<\/li><li>Protseduur v\u00f5imaldab taastada n\u00e4onaha sileduse, sest algatatakse kollageeni tootmine ja elastiinikiudude taastumine, taastub nahaalune kapillaarv\u00f5rgustik.<\/li><\/ul><p>\u00a0<\/p>\t\t\t\t\t\t<\/div>\n\t\t\t\t<\/div>\n\t\t\t\t\t<\/div>\n\t\t<\/div>\n\t\t\t\t\t<\/div>\n\t\t<\/section>\n\t\t\t\t<section class=\"elementor-section elementor-top-section elementor-element elementor-element-cacca94 elementor-section-boxed elementor-section-height-default elementor-section-height-default\" data-id=\"cacca94\" data-element_type=\"section\">\n\t\t\t\t\t\t<div class=\"elementor-container elementor-column-gap-default\">\n\t\t\t\t\t<div class=\"elementor-column elementor-col-50 elementor-top-column elementor-element elementor-element-0d51a45\" data-id=\"0d51a45\" data-element_type=\"column\">\n\t\t\t<div class=\"elementor-widget-wrap elementor-element-populated\">\n\t\t\t\t\t\t<div class=\"elementor-element elementor-element-9983498 elementor-widget elementor-widget-text-editor\" data-id=\"9983498\" data-element_type=\"widget\" data-widget_type=\"text-editor.default\">\n\t\t\t\t<div class=\"elementor-widget-container\">\n\t\t\t\t\t\t\t<h4><strong>N\u00e4idustused<\/strong><\/h4><ul><li>Naha ealised muutused<\/li><li>Tursed<\/li><li>Vereringeh\u00e4ired<\/li><li>Lihaste ja naha toonuse kaod<\/li><li>Kortsukesed<\/li><li>V\u00e4simuse ja pikaajalise pingeseisundi j\u00e4ljed<\/li><\/ul>\t\t\t\t\t\t<\/div>\n\t\t\t\t<\/div>\n\t\t\t\t\t<\/div>\n\t\t<\/div>\n\t\t\t\t<div class=\"elementor-column elementor-col-50 elementor-top-column elementor-element elementor-element-bb6c68c\" data-id=\"bb6c68c\" data-element_type=\"column\">\n\t\t\t<div class=\"elementor-widget-wrap elementor-element-populated\">\n\t\t\t\t\t\t<div class=\"elementor-element elementor-element-6fc414d elementor-widget elementor-widget-text-editor\" data-id=\"6fc414d\" data-element_type=\"widget\" data-widget_type=\"text-editor.default\">\n\t\t\t\t<div class=\"elementor-widget-container\">\n\t\t\t\t\t\t\t<p><strong>Vastun\u00e4idustused<\/strong><\/p><ul><li>S\u00fcdame-veresoonkonna haigused<\/li><li>Kasvajad<\/li><li>H\u00fcpertoonia<\/li><\/ul><p>\u00a0<\/p><p><strong>N\u00e4gu ei pea enne protseduuri raseerima.<\/strong><\/p>\t\t\t\t\t\t<\/div>\n\t\t\t\t<\/div>\n\t\t\t\t\t<\/div>\n\t\t<\/div>\n\t\t\t\t\t<\/div>\n\t\t<\/section>\n\t\t\t\t<section class=\"elementor-section elementor-top-section elementor-element elementor-element-64daaada elementor-section-boxed elementor-section-height-default elementor-section-height-default\" data-id=\"64daaada\" data-element_type=\"section\">\n\t\t\t\t\t\t<div class=\"elementor-container elementor-column-gap-default\">\n\t\t\t\t\t<div class=\"elementor-column elementor-col-100 elementor-top-column elementor-element elementor-element-397b1ee0\" data-id=\"397b1ee0\" data-element_type=\"column\">\n\t\t\t<div class=\"elementor-widget-wrap elementor-element-populated\">\n\t\t\t\t\t\t<div class=\"elementor-element elementor-element-618405a2 elementor-widget elementor-widget-heading\" data-id=\"618405a2\" data-element_type=\"widget\" data-widget_type=\"heading.default\">\n\t\t\t\t<div class=\"elementor-widget-container\">\n\t\t\t<h2 class=\"elementor-heading-title elementor-size-default\">Hinnakiri<\/h2>\t\t<\/div>\n\t\t\t\t<\/div>\n\t\t\t\t<div class=\"elementor-element elementor-element-23eaeb8 elementor-widget elementor-widget-text-editor\" data-id=\"23eaeb8\" data-element_type=\"widget\" data-widget_type=\"text-editor.default\">\n\t\t\t\t<div class=\"elementor-widget-container\">\n\t\t\t\t\t\t\t<p>\n<table id=\"tablepress-65\" class=\"tablepress tablepress-id-65 tablepress-responsive\">\n<thead>\n<tr class=\"row-1 odd\">\n\t<th class=\"column-1\">Biomehaaniline stimulatsioon (BMS)<\/th><th class=\"column-2\">Hind \u20ac<\/th>\n<\/tr>\n<\/thead>\n<tbody class=\"row-hover\">\n<tr class=\"row-2 even\">\n\t<td class=\"column-1\">(BMS) 1 protseduur + mask, seerum, kreem<\/td><td class=\"column-2\">65,00<\/td>\n<\/tr>\n<\/tbody>\n<\/table>\n<!-- #tablepress-65 from cache --><\/p>\t\t\t\t\t\t<\/div>\n\t\t\t\t<\/div>\n\t\t\t\t<div class=\"elementor-element elementor-element-632c8984 pp-buttons-halign-center pp-buttons-stack-none elementor-widget elementor-widget-pp-buttons\" data-id=\"632c8984\" data-element_type=\"widget\" data-widget_type=\"pp-buttons.default\">\n\t\t\t\t<div class=\"elementor-widget-container\">\n\t\t\t\t\t<div class=\"pp-buttons-group\">\n\t\t\t\t\t\t\t\t\t\t\t<a href=\"https:\/\/shop.medicest.eu\/et\/product\/biomehaaniline-stimulatsioon-bms-meestele\/\" target=\"_blank\" class=\"pp-button elementor-button elementor-size-md elementor-repeater-item-c938c7f \">\n\t\t\t\t\t<div class=\"pp-button-content-wrapper\">\n\t\t\t\t\t\t<span class=\"pp-button-content-inner pp-icon-before\">\n\t\t\t\t\t\t\t\n\t\t\t\t\t\t\t\t<span class=\"pp-button-title\">\n\t\t\t\t\t\t\t\t\tOsta\t\t\t\t\t\t\t\t<\/span>\n\t\t\t\t\t\t\t\t\t\t\t\t\t<\/span>\n\t\t\t\t\t<\/div>\n\t\t\t\t<\/a>\n\t\t\t\t\t\t\t\t\t\t<\/div>\t\t<\/div>\n\t\t\t\t<\/div>\n\t\t\t\t\t<\/div>\n\t\t<\/div>\n\t\t\t\t\t<\/div>\n\t\t<\/section>\n\t\t\t\t<\/div>\n\t\t","protected":false},"excerpt":{"rendered":"<p>Biomehaaniline stimulatsioon (BMS) &#8211; n\u00e4o fitness MEESTELE Intensiivne elutempo ja vajadus teistele head muljet j\u00e4tta on viinud selleni, et kosmetoloogiaprotseduurid meestele on muutumas \u00fcha populaarsemaks. BMS on \u00fcks protseduure, mis aitab v\u00e4lja n\u00e4ha noor, energiline ja soliidne ka maksimaalse koormuse ja hoolduse ajapuuduse korral. Biomehaaniline stimulatsioon on mehaaniline lihaste m\u00f5jutamine\u2026<\/p>\n<p class=\"continue-reading-button\"> <a class=\"continue-reading-link\" href=\"https:\/\/copy.medicest.eu\/et\/biomehaaniline-stimulatsioon-bms-meestele\/\"><i class=\"crycon-right-dir\"><\/i><\/a><\/p>\n","protected":false},"author":1,"featured_media":0,"parent":0,"menu_order":0,"comment_status":"closed","ping_status":"closed","template":"","meta":{"footnotes":""},"class_list":["post-6185","page","type-page","status-publish","hentry"],"yoast_head":"<!-- This site is optimized with the Yoast SEO plugin v23.6 - https:\/\/yoast.com\/wordpress\/plugins\/seo\/ -->\n<title>Biomehaaniline stimulatsioon (BMS) meestele - Ilukliinik Medic-Esthetic<\/title>\n<meta name=\"robots\" content=\"index, follow, max-snippet:-1, max-image-preview:large, max-video-preview:-1\" \/>\n<link rel=\"canonical\" href=\"https:\/\/copy.medicest.eu\/et\/biomehaaniline-stimulatsioon-bms-meestele\/\" \/>\n<meta property=\"og:locale\" content=\"et_EE\" \/>\n<meta property=\"og:type\" content=\"article\" \/>\n<meta property=\"og:title\" content=\"Biomehaaniline stimulatsioon (BMS) meestele - Ilukliinik Medic-Esthetic\" \/>\n<meta property=\"og:description\" content=\"Biomehaaniline stimulatsioon (BMS) &#8211; n\u00e4o fitness MEESTELE Intensiivne elutempo ja vajadus teistele head muljet j\u00e4tta on viinud selleni, et kosmetoloogiaprotseduurid meestele on muutumas \u00fcha populaarsemaks. BMS on \u00fcks protseduure, mis aitab v\u00e4lja n\u00e4ha noor, energiline ja soliidne ka maksimaalse koormuse ja hoolduse ajapuuduse korral. Biomehaaniline stimulatsioon on mehaaniline lihaste m\u00f5jutamine\u2026\" \/>\n<meta property=\"og:url\" content=\"https:\/\/copy.medicest.eu\/et\/biomehaaniline-stimulatsioon-bms-meestele\/\" \/>\n<meta property=\"og:site_name\" content=\"Ilukliinik Medic-Esthetic\" \/>\n<meta property=\"article:modified_time\" content=\"2021-12-10T15:15:51+00:00\" \/>\n<meta property=\"og:image\" content=\"https:\/\/copy.medicest.eu\/wp-content\/uploads\/2021\/12\/mens-beauty-treatment.jpg\" \/>\n<meta name=\"twitter:card\" content=\"summary_large_image\" \/>\n<meta name=\"twitter:label1\" content=\"Est. reading time\" \/>\n\t<meta name=\"twitter:data1\" content=\"2 minutit\" \/>\n<script type=\"application\/ld+json\" class=\"yoast-schema-graph\">{\"@context\":\"https:\/\/schema.org\",\"@graph\":[{\"@type\":\"WebPage\",\"@id\":\"https:\/\/copy.medicest.eu\/et\/biomehaaniline-stimulatsioon-bms-meestele\/\",\"url\":\"https:\/\/copy.medicest.eu\/et\/biomehaaniline-stimulatsioon-bms-meestele\/\",\"name\":\"Biomehaaniline stimulatsioon (BMS) meestele - Ilukliinik Medic-Esthetic\",\"isPartOf\":{\"@id\":\"https:\/\/copy.medicest.eu\/#website\"},\"primaryImageOfPage\":{\"@id\":\"https:\/\/copy.medicest.eu\/et\/biomehaaniline-stimulatsioon-bms-meestele\/#primaryimage\"},\"image\":{\"@id\":\"https:\/\/copy.medicest.eu\/et\/biomehaaniline-stimulatsioon-bms-meestele\/#primaryimage\"},\"thumbnailUrl\":\"https:\/\/copy.medicest.eu\/wp-content\/uploads\/2021\/12\/mens-beauty-treatment.jpg\",\"datePublished\":\"2021-12-09T11:58:38+00:00\",\"dateModified\":\"2021-12-10T15:15:51+00:00\",\"breadcrumb\":{\"@id\":\"https:\/\/copy.medicest.eu\/et\/biomehaaniline-stimulatsioon-bms-meestele\/#breadcrumb\"},\"inLanguage\":\"et\",\"potentialAction\":[{\"@type\":\"ReadAction\",\"target\":[\"https:\/\/copy.medicest.eu\/et\/biomehaaniline-stimulatsioon-bms-meestele\/\"]}]},{\"@type\":\"ImageObject\",\"inLanguage\":\"et\",\"@id\":\"https:\/\/copy.medicest.eu\/et\/biomehaaniline-stimulatsioon-bms-meestele\/#primaryimage\",\"url\":\"https:\/\/copy.medicest.eu\/wp-content\/uploads\/2021\/12\/mens-beauty-treatment.jpg\",\"contentUrl\":\"https:\/\/copy.medicest.eu\/wp-content\/uploads\/2021\/12\/mens-beauty-treatment.jpg\"},{\"@type\":\"BreadcrumbList\",\"@id\":\"https:\/\/copy.medicest.eu\/et\/biomehaaniline-stimulatsioon-bms-meestele\/#breadcrumb\",\"itemListElement\":[{\"@type\":\"ListItem\",\"position\":1,\"name\":\"Home\",\"item\":\"https:\/\/copy.medicest.eu\/et\/\"},{\"@type\":\"ListItem\",\"position\":2,\"name\":\"Biomehaaniline stimulatsioon (BMS) meestele\"}]},{\"@type\":\"WebSite\",\"@id\":\"https:\/\/copy.medicest.eu\/#website\",\"url\":\"https:\/\/copy.medicest.eu\/\",\"name\":\"Ilukliinik Medic-Esthetic\",\"description\":\"Beauty &amp; Prestige\",\"potentialAction\":[{\"@type\":\"SearchAction\",\"target\":{\"@type\":\"EntryPoint\",\"urlTemplate\":\"https:\/\/copy.medicest.eu\/?s={search_term_string}\"},\"query-input\":{\"@type\":\"PropertyValueSpecification\",\"valueRequired\":true,\"valueName\":\"search_term_string\"}}],\"inLanguage\":\"et\"}]}<\/script>\n<!-- \/ Yoast SEO plugin. -->","yoast_head_json":{"title":"Biomehaaniline stimulatsioon (BMS) meestele - Ilukliinik Medic-Esthetic","robots":{"index":"index","follow":"follow","max-snippet":"max-snippet:-1","max-image-preview":"max-image-preview:large","max-video-preview":"max-video-preview:-1"},"canonical":"https:\/\/copy.medicest.eu\/et\/biomehaaniline-stimulatsioon-bms-meestele\/","og_locale":"et_EE","og_type":"article","og_title":"Biomehaaniline stimulatsioon (BMS) meestele - Ilukliinik Medic-Esthetic","og_description":"Biomehaaniline stimulatsioon (BMS) &#8211; n\u00e4o fitness MEESTELE Intensiivne elutempo ja vajadus teistele head muljet j\u00e4tta on viinud selleni, et kosmetoloogiaprotseduurid meestele on muutumas \u00fcha populaarsemaks. BMS on \u00fcks protseduure, mis aitab v\u00e4lja n\u00e4ha noor, energiline ja soliidne ka maksimaalse koormuse ja hoolduse ajapuuduse korral. Biomehaaniline stimulatsioon on mehaaniline lihaste m\u00f5jutamine\u2026","og_url":"https:\/\/copy.medicest.eu\/et\/biomehaaniline-stimulatsioon-bms-meestele\/","og_site_name":"Ilukliinik Medic-Esthetic","article_modified_time":"2021-12-10T15:15:51+00:00","og_image":[{"url":"https:\/\/copy.medicest.eu\/wp-content\/uploads\/2021\/12\/mens-beauty-treatment.jpg"}],"twitter_card":"summary_large_image","twitter_misc":{"Est. reading time":"2 minutit"},"schema":{"@context":"https:\/\/schema.org","@graph":[{"@type":"WebPage","@id":"https:\/\/copy.medicest.eu\/et\/biomehaaniline-stimulatsioon-bms-meestele\/","url":"https:\/\/copy.medicest.eu\/et\/biomehaaniline-stimulatsioon-bms-meestele\/","name":"Biomehaaniline stimulatsioon (BMS) meestele - Ilukliinik Medic-Esthetic","isPartOf":{"@id":"https:\/\/copy.medicest.eu\/#website"},"primaryImageOfPage":{"@id":"https:\/\/copy.medicest.eu\/et\/biomehaaniline-stimulatsioon-bms-meestele\/#primaryimage"},"image":{"@id":"https:\/\/copy.medicest.eu\/et\/biomehaaniline-stimulatsioon-bms-meestele\/#primaryimage"},"thumbnailUrl":"https:\/\/copy.medicest.eu\/wp-content\/uploads\/2021\/12\/mens-beauty-treatment.jpg","datePublished":"2021-12-09T11:58:38+00:00","dateModified":"2021-12-10T15:15:51+00:00","breadcrumb":{"@id":"https:\/\/copy.medicest.eu\/et\/biomehaaniline-stimulatsioon-bms-meestele\/#breadcrumb"},"inLanguage":"et","potentialAction":[{"@type":"ReadAction","target":["https:\/\/copy.medicest.eu\/et\/biomehaaniline-stimulatsioon-bms-meestele\/"]}]},{"@type":"ImageObject","inLanguage":"et","@id":"https:\/\/copy.medicest.eu\/et\/biomehaaniline-stimulatsioon-bms-meestele\/#primaryimage","url":"https:\/\/copy.medicest.eu\/wp-content\/uploads\/2021\/12\/mens-beauty-treatment.jpg","contentUrl":"https:\/\/copy.medicest.eu\/wp-content\/uploads\/2021\/12\/mens-beauty-treatment.jpg"},{"@type":"BreadcrumbList","@id":"https:\/\/copy.medicest.eu\/et\/biomehaaniline-stimulatsioon-bms-meestele\/#breadcrumb","itemListElement":[{"@type":"ListItem","position":1,"name":"Home","item":"https:\/\/copy.medicest.eu\/et\/"},{"@type":"ListItem","position":2,"name":"Biomehaaniline stimulatsioon (BMS) meestele"}]},{"@type":"WebSite","@id":"https:\/\/copy.medicest.eu\/#website","url":"https:\/\/copy.medicest.eu\/","name":"Ilukliinik Medic-Esthetic","description":"Beauty &amp; Prestige","potentialAction":[{"@type":"SearchAction","target":{"@type":"EntryPoint","urlTemplate":"https:\/\/copy.medicest.eu\/?s={search_term_string}"},"query-input":{"@type":"PropertyValueSpecification","valueRequired":true,"valueName":"search_term_string"}}],"inLanguage":"et"}]}},"_links":{"self":[{"href":"https:\/\/copy.medicest.eu\/et\/wp-json\/wp\/v2\/pages\/6185","targetHints":{"allow":["GET"]}}],"collection":[{"href":"https:\/\/copy.medicest.eu\/et\/wp-json\/wp\/v2\/pages"}],"about":[{"href":"https:\/\/copy.medicest.eu\/et\/wp-json\/wp\/v2\/types\/page"}],"author":[{"embeddable":true,"href":"https:\/\/copy.medicest.eu\/et\/wp-json\/wp\/v2\/users\/1"}],"replies":[{"embeddable":true,"href":"https:\/\/copy.medicest.eu\/et\/wp-json\/wp\/v2\/comments?post=6185"}],"version-history":[{"count":7,"href":"https:\/\/copy.medicest.eu\/et\/wp-json\/wp\/v2\/pages\/6185\/revisions"}],"predecessor-version":[{"id":6247,"href":"https:\/\/copy.medicest.eu\/et\/wp-json\/wp\/v2\/pages\/6185\/revisions\/6247"}],"wp:attachment":[{"href":"https:\/\/copy.medicest.eu\/et\/wp-json\/wp\/v2\/media?parent=6185"}],"curies":[{"name":"wp","href":"https:\/\/api.w.org\/{rel}","templated":true}]}}