{"id":6213,"date":"2021-12-09T12:52:28","date_gmt":"2021-12-09T12:52:28","guid":{"rendered":"https:\/\/copy.medicest.eu\/chistka-kozhi-lica-dlya-muzhchin\/"},"modified":"2021-12-10T15:13:09","modified_gmt":"2021-12-10T15:13:09","slug":"naonaha-puhastus-meestele","status":"publish","type":"page","link":"https:\/\/copy.medicest.eu\/et\/naonaha-puhastus-meestele\/","title":{"rendered":"N\u00e4onaha puhastus meestele"},"content":{"rendered":"\t\t<div data-elementor-type=\"wp-page\" data-elementor-id=\"6213\" class=\"elementor elementor-6213 elementor-6110\">\n\t\t\t\t\t\t<section class=\"elementor-section elementor-top-section elementor-element elementor-element-44628b79 elementor-section-boxed elementor-section-height-default elementor-section-height-default\" data-id=\"44628b79\" data-element_type=\"section\">\n\t\t\t\t\t\t<div class=\"elementor-container elementor-column-gap-default\">\n\t\t\t\t\t<div class=\"elementor-column elementor-col-100 elementor-top-column elementor-element elementor-element-45fd1ad0\" data-id=\"45fd1ad0\" data-element_type=\"column\">\n\t\t\t<div class=\"elementor-widget-wrap elementor-element-populated\">\n\t\t\t\t\t\t<div class=\"elementor-element elementor-element-39b8997c elementor-widget elementor-widget-heading\" data-id=\"39b8997c\" data-element_type=\"widget\" data-widget_type=\"heading.default\">\n\t\t\t\t<div class=\"elementor-widget-container\">\n\t\t\t<h2 class=\"elementor-heading-title elementor-size-default\">N\u00e4onaha atraumaatiline puhastus<\/h2>\t\t<\/div>\n\t\t\t\t<\/div>\n\t\t\t\t<div class=\"elementor-element elementor-element-e5de773 elementor-widget elementor-widget-heading\" data-id=\"e5de773\" data-element_type=\"widget\" data-widget_type=\"heading.default\">\n\t\t\t\t<div class=\"elementor-widget-container\">\n\t\t\t<h3 class=\"elementor-heading-title elementor-size-default\">MEESTELE<\/h3>\t\t<\/div>\n\t\t\t\t<\/div>\n\t\t\t\t\t<\/div>\n\t\t<\/div>\n\t\t\t\t\t<\/div>\n\t\t<\/section>\n\t\t\t\t<section class=\"elementor-section elementor-top-section elementor-element elementor-element-eca5aad elementor-section-boxed elementor-section-height-default elementor-section-height-default\" data-id=\"eca5aad\" data-element_type=\"section\">\n\t\t\t\t\t\t<div class=\"elementor-container elementor-column-gap-default\">\n\t\t\t\t\t<div class=\"elementor-column elementor-col-50 elementor-top-column elementor-element elementor-element-1d5ffea\" data-id=\"1d5ffea\" data-element_type=\"column\">\n\t\t\t<div class=\"elementor-widget-wrap elementor-element-populated\">\n\t\t\t\t\t\t<div class=\"elementor-element elementor-element-ca82e06 elementor-widget elementor-widget-image\" data-id=\"ca82e06\" data-element_type=\"widget\" data-widget_type=\"image.default\">\n\t\t\t\t<div class=\"elementor-widget-container\">\n\t\t\t\t\t\t\t\t\t\t\t\t\t<img fetchpriority=\"high\" decoding=\"async\" width=\"600\" height=\"600\" src=\"https:\/\/copy.medicest.eu\/wp-content\/uploads\/2021\/12\/men-cleaning.jpg\" class=\"attachment-large size-large wp-image-6116\" alt=\"\" srcset=\"https:\/\/copy.medicest.eu\/wp-content\/uploads\/2021\/12\/men-cleaning.jpg 600w, https:\/\/copy.medicest.eu\/wp-content\/uploads\/2021\/12\/men-cleaning-300x300.jpg 300w, https:\/\/copy.medicest.eu\/wp-content\/uploads\/2021\/12\/men-cleaning-150x150.jpg 150w\" sizes=\"(max-width: 600px) 100vw, 600px\" \/>\t\t\t\t\t\t\t\t\t\t\t\t\t<\/div>\n\t\t\t\t<\/div>\n\t\t\t\t\t<\/div>\n\t\t<\/div>\n\t\t\t\t<div class=\"elementor-column elementor-col-50 elementor-top-column elementor-element elementor-element-7a99936\" data-id=\"7a99936\" data-element_type=\"column\">\n\t\t\t<div class=\"elementor-widget-wrap elementor-element-populated\">\n\t\t\t\t\t\t<div class=\"elementor-element elementor-element-ab9258e elementor-widget elementor-widget-text-editor\" data-id=\"ab9258e\" data-element_type=\"widget\" data-widget_type=\"text-editor.default\">\n\t\t\t\t<div class=\"elementor-widget-container\">\n\t\t\t\t\t\t\t<blockquote><p>Puhas n\u00e4onahk on u\u0308ks ilu kriteeriume ja tervise tunnusm\u00e4rke.<\/p><\/blockquote>\t\t\t\t\t\t<\/div>\n\t\t\t\t<\/div>\n\t\t\t\t<div class=\"elementor-element elementor-element-1390326 elementor-widget elementor-widget-text-editor\" data-id=\"1390326\" data-element_type=\"widget\" data-widget_type=\"text-editor.default\">\n\t\t\t\t<div class=\"elementor-widget-container\">\n\t\t\t\t\t\t\t<p>Hormonaalsete erinevuste t\u00f5ttu on meeste nahk paksem ja tihedam kui naiste oma.<\/p><p>Selle struktuuris on oluliselt rohkem higi- ja rasun\u00e4\u00e4rmeid, juuksefolliikuleid, mist\u00f5ttu on higi- ja rasun\u00e4\u00e4rmete aktiivsus k\u00f5rgem kui naistel.<\/p><p>Rasun\u00e4\u00e4rmete suurem aktiivsus p\u00f5hjustab l\u00f6\u00f6beid ja komedoone.<\/p><p>Meeste naha pH-tase on happelisem, mist\u00f5ttu on see bakteriaalse saastumise suhtes haavatavam.<\/p>\t\t\t\t\t\t<\/div>\n\t\t\t\t<\/div>\n\t\t\t\t\t<\/div>\n\t\t<\/div>\n\t\t\t\t\t<\/div>\n\t\t<\/section>\n\t\t\t\t<section class=\"elementor-section elementor-top-section elementor-element elementor-element-903e00a elementor-section-boxed elementor-section-height-default elementor-section-height-default\" data-id=\"903e00a\" data-element_type=\"section\">\n\t\t\t\t\t\t<div class=\"elementor-container elementor-column-gap-default\">\n\t\t\t\t\t<div class=\"elementor-column elementor-col-100 elementor-top-column elementor-element elementor-element-b3f9f8d\" data-id=\"b3f9f8d\" data-element_type=\"column\">\n\t\t\t<div class=\"elementor-widget-wrap elementor-element-populated\">\n\t\t\t\t\t\t<div class=\"elementor-element elementor-element-29f79cd elementor-widget elementor-widget-heading\" data-id=\"29f79cd\" data-element_type=\"widget\" data-widget_type=\"heading.default\">\n\t\t\t\t<div class=\"elementor-widget-container\">\n\t\t\t<h3 class=\"elementor-heading-title elementor-size-default\">Puhastuste liigid<\/h3>\t\t<\/div>\n\t\t\t\t<\/div>\n\t\t\t\t\t<\/div>\n\t\t<\/div>\n\t\t\t\t\t<\/div>\n\t\t<\/section>\n\t\t\t\t<section class=\"elementor-section elementor-top-section elementor-element elementor-element-1f54274 elementor-section-boxed elementor-section-height-default elementor-section-height-default\" data-id=\"1f54274\" data-element_type=\"section\">\n\t\t\t\t\t\t<div class=\"elementor-container elementor-column-gap-default\">\n\t\t\t\t\t<div class=\"elementor-column elementor-col-50 elementor-top-column elementor-element elementor-element-5e57c73\" data-id=\"5e57c73\" data-element_type=\"column\">\n\t\t\t<div class=\"elementor-widget-wrap elementor-element-populated\">\n\t\t\t\t\t\t<div class=\"elementor-element elementor-element-2a3bd9d elementor-widget elementor-widget-text-editor\" data-id=\"2a3bd9d\" data-element_type=\"widget\" data-widget_type=\"text-editor.default\">\n\t\t\t\t<div class=\"elementor-widget-container\">\n\t\t\t\t\t\t\t<ul><li><strong>Pindmine puhastus.<\/strong> V\u00f5imaldab vabaneda v\u00e4ikestest l\u00f6\u00f6vetest, anda nahale terve v\u00e4limuse ja \u00fchtlase v\u00e4rvuse.<\/li><li><strong>Mehaaniline puhastus<\/strong> &#8211; klassikaline puhastus, mille k\u00e4igus k\u00f5rvaldatakse k\u00e4sitsi v\u00f5i erit\u00f6\u00f6riistade abil k\u00f5ikv\u00f5imalikud nahaprobleemid &#8211; l\u00f6\u00f6bed, akne, lipoomid. Meister t\u00f6\u00f6tleb k\u00f5ige probleemsemaid kohti t\u00e4pselt ja korralikult.<\/li><li><strong>Aparaatpuhastus.<\/strong> Teostatakse koorivate ainete kasutamisega, mis kantakse nahale p\u00f6\u00f6rlevate harjastega seadme abil. Sellele protseduurile j\u00e4rgneb n\u00e4ohooldus erinevate maskidega.<\/li><\/ul>\t\t\t\t\t\t<\/div>\n\t\t\t\t<\/div>\n\t\t\t\t\t<\/div>\n\t\t<\/div>\n\t\t\t\t<div class=\"elementor-column elementor-col-50 elementor-top-column elementor-element elementor-element-df1ca2e\" data-id=\"df1ca2e\" data-element_type=\"column\">\n\t\t\t<div class=\"elementor-widget-wrap elementor-element-populated\">\n\t\t\t\t\t\t<div class=\"elementor-element elementor-element-578dd50 elementor-widget elementor-widget-text-editor\" data-id=\"578dd50\" data-element_type=\"widget\" data-widget_type=\"text-editor.default\">\n\t\t\t\t<div class=\"elementor-widget-container\">\n\t\t\t\t\t\t\t<ul><li><strong>Ultrahelipuhastus.<\/strong> Teostatakse ultraheli abil, t\u00e4nu millele puhastatakse poorid ja eemaldatakse surnud naharakud. Eristub kiiruse, valutuse ja oivaliste tulemuste poolest.<\/li><li><strong>Vaakumpuhastus.<\/strong> H\u00f5lmab naha aurutamist ja puhastamist eriaparaadi abil.<\/li><li><strong>Antioks\u00fcdantide ja vitamiinidega koorimin<\/strong>e meestele aitab s\u00e4ilitada naha terve v\u00e4limuse.<\/li><\/ul>\t\t\t\t\t\t<\/div>\n\t\t\t\t<\/div>\n\t\t\t\t\t<\/div>\n\t\t<\/div>\n\t\t\t\t\t<\/div>\n\t\t<\/section>\n\t\t\t\t<section class=\"elementor-section elementor-top-section elementor-element elementor-element-110acfb elementor-section-boxed elementor-section-height-default elementor-section-height-default\" data-id=\"110acfb\" data-element_type=\"section\" data-settings=\"{&quot;background_background&quot;:&quot;classic&quot;}\">\n\t\t\t\t\t\t<div class=\"elementor-container elementor-column-gap-default\">\n\t\t\t\t\t<div class=\"elementor-column elementor-col-100 elementor-top-column elementor-element elementor-element-19ea9da\" data-id=\"19ea9da\" data-element_type=\"column\">\n\t\t\t<div class=\"elementor-widget-wrap elementor-element-populated\">\n\t\t\t\t\t\t<div class=\"elementor-element elementor-element-207675d elementor-widget elementor-widget-text-editor\" data-id=\"207675d\" data-element_type=\"widget\" data-widget_type=\"text-editor.default\">\n\t\t\t\t<div class=\"elementor-widget-container\">\n\t\t\t\t\t\t\t<p>P\u00e4rast olukorra hindamist valib kosmetoloog v\u00e4lja soovitud puhastusviisi v\u00f5i meetmete kogumi, mille eesm\u00e4rk on naha puhastamine, korrigeerimine ja tervendamine.<\/p><p>\u200bVajaduse korral on naha t\u00e4ielikuks taastamiseks soovitatav l\u00e4bida mitu protseduuri ja j\u00e4tkata ravi koduste vahenditega.<\/p><p>Vahendeid ja nende kasutusviisi aitab valida spetsialist vastavalt kliendi naha omadustele ja elustiilile.<\/p>\t\t\t\t\t\t<\/div>\n\t\t\t\t<\/div>\n\t\t\t\t\t<\/div>\n\t\t<\/div>\n\t\t\t\t\t<\/div>\n\t\t<\/section>\n\t\t\t\t<section class=\"elementor-section elementor-top-section elementor-element elementor-element-c06b3d3 elementor-section-boxed elementor-section-height-default elementor-section-height-default\" data-id=\"c06b3d3\" data-element_type=\"section\">\n\t\t\t\t\t\t<div class=\"elementor-container elementor-column-gap-default\">\n\t\t\t\t\t<div class=\"elementor-column elementor-col-100 elementor-top-column elementor-element elementor-element-7133a1d2\" data-id=\"7133a1d2\" data-element_type=\"column\">\n\t\t\t<div class=\"elementor-widget-wrap elementor-element-populated\">\n\t\t\t\t\t\t<div class=\"elementor-element elementor-element-165db6e8 elementor-widget elementor-widget-heading\" data-id=\"165db6e8\" data-element_type=\"widget\" data-widget_type=\"heading.default\">\n\t\t\t\t<div class=\"elementor-widget-container\">\n\t\t\t<h2 class=\"elementor-heading-title elementor-size-default\">Hinnakiri<\/h2>\t\t<\/div>\n\t\t\t\t<\/div>\n\t\t\t\t<div class=\"elementor-element elementor-element-2858627 elementor-widget elementor-widget-text-editor\" data-id=\"2858627\" data-element_type=\"widget\" data-widget_type=\"text-editor.default\">\n\t\t\t\t<div class=\"elementor-widget-container\">\n\t\t\t\t\t\t\t<p>\n<table id=\"tablepress-89\" class=\"tablepress tablepress-id-89 tablepress-responsive\">\n<thead>\n<tr class=\"row-1 odd\">\n\t<th class=\"column-1\">N\u00e4onaha atraumaatiline puhastus<\/th><th class=\"column-2\">Hind \u20ac<\/th>\n<\/tr>\n<\/thead>\n<tbody class=\"row-hover\">\n<tr class=\"row-2 even\">\n\t<td class=\"column-1\">Atraumaatiline puhastus (n\u00e4gu) 60 min<\/td><td class=\"column-2\">69,00<\/td>\n<\/tr>\n<tr class=\"row-3 odd\">\n\t<td class=\"column-1\">Atraumaatiline puhastus (n\u00e4gu) 75 min<\/td><td class=\"column-2\">74,00<\/td>\n<\/tr>\n<tr class=\"row-4 even\">\n\t<td class=\"column-1\">N\u00e4ohaha puhastus alaealistele (kuni 19 a) 60 min<\/td><td class=\"column-2\">59,00<\/td>\n<\/tr>\n<\/tbody>\n<\/table>\n<!-- #tablepress-89 from cache --><\/p>\t\t\t\t\t\t<\/div>\n\t\t\t\t<\/div>\n\t\t\t\t<div class=\"elementor-element elementor-element-6ad0e51c pp-buttons-halign-center pp-buttons-stack-none elementor-widget elementor-widget-pp-buttons\" data-id=\"6ad0e51c\" data-element_type=\"widget\" data-widget_type=\"pp-buttons.default\">\n\t\t\t\t<div class=\"elementor-widget-container\">\n\t\t\t\t\t<div class=\"pp-buttons-group\">\n\t\t\t\t\t\t\t\t\t\t\t<a href=\"https:\/\/shop.medicest.eu\/et\/product\/naonaha-puhastus-meestele\/\" target=\"_blank\" class=\"pp-button elementor-button elementor-size-md elementor-repeater-item-c938c7f \">\n\t\t\t\t\t<div class=\"pp-button-content-wrapper\">\n\t\t\t\t\t\t<span class=\"pp-button-content-inner pp-icon-before\">\n\t\t\t\t\t\t\t\n\t\t\t\t\t\t\t\t<span class=\"pp-button-title\">\n\t\t\t\t\t\t\t\t\tOsta\t\t\t\t\t\t\t\t<\/span>\n\t\t\t\t\t\t\t\t\t\t\t\t\t<\/span>\n\t\t\t\t\t<\/div>\n\t\t\t\t<\/a>\n\t\t\t\t\t\t\t\t\t\t<\/div>\t\t<\/div>\n\t\t\t\t<\/div>\n\t\t\t\t\t<\/div>\n\t\t<\/div>\n\t\t\t\t\t<\/div>\n\t\t<\/section>\n\t\t\t\t<\/div>\n\t\t","protected":false},"excerpt":{"rendered":"<p>N\u00e4onaha atraumaatiline puhastus MEESTELE Puhas n\u00e4onahk on u\u0308ks ilu kriteeriume ja tervise tunnusm\u00e4rke. Hormonaalsete erinevuste t\u00f5ttu on meeste nahk paksem ja tihedam kui naiste oma. Selle struktuuris on oluliselt rohkem higi- ja rasun\u00e4\u00e4rmeid, juuksefolliikuleid, mist\u00f5ttu on higi- ja rasun\u00e4\u00e4rmete aktiivsus k\u00f5rgem kui naistel. Rasun\u00e4\u00e4rmete suurem aktiivsus p\u00f5hjustab l\u00f6\u00f6beid ja komedoone.\u2026<\/p>\n<p class=\"continue-reading-button\"> <a class=\"continue-reading-link\" href=\"https:\/\/copy.medicest.eu\/et\/naonaha-puhastus-meestele\/\"><i class=\"crycon-right-dir\"><\/i><\/a><\/p>\n","protected":false},"author":1,"featured_media":0,"parent":0,"menu_order":0,"comment_status":"closed","ping_status":"closed","template":"","meta":{"footnotes":""},"class_list":["post-6213","page","type-page","status-publish","hentry"],"yoast_head":"<!-- This site is optimized with the Yoast SEO plugin v23.6 - https:\/\/yoast.com\/wordpress\/plugins\/seo\/ -->\n<title>N\u00e4onaha puhastus meestele - Ilukliinik Medic-Esthetic<\/title>\n<meta name=\"robots\" content=\"index, follow, max-snippet:-1, max-image-preview:large, max-video-preview:-1\" \/>\n<link rel=\"canonical\" href=\"https:\/\/copy.medicest.eu\/et\/naonaha-puhastus-meestele\/\" \/>\n<meta property=\"og:locale\" content=\"et_EE\" \/>\n<meta property=\"og:type\" content=\"article\" \/>\n<meta property=\"og:title\" content=\"N\u00e4onaha puhastus meestele - Ilukliinik Medic-Esthetic\" \/>\n<meta property=\"og:description\" content=\"N\u00e4onaha atraumaatiline puhastus MEESTELE Puhas n\u00e4onahk on u\u0308ks ilu kriteeriume ja tervise tunnusm\u00e4rke. Hormonaalsete erinevuste t\u00f5ttu on meeste nahk paksem ja tihedam kui naiste oma. Selle struktuuris on oluliselt rohkem higi- ja rasun\u00e4\u00e4rmeid, juuksefolliikuleid, mist\u00f5ttu on higi- ja rasun\u00e4\u00e4rmete aktiivsus k\u00f5rgem kui naistel. Rasun\u00e4\u00e4rmete suurem aktiivsus p\u00f5hjustab l\u00f6\u00f6beid ja komedoone.\u2026\" \/>\n<meta property=\"og:url\" content=\"https:\/\/copy.medicest.eu\/et\/naonaha-puhastus-meestele\/\" \/>\n<meta property=\"og:site_name\" content=\"Ilukliinik Medic-Esthetic\" \/>\n<meta property=\"article:modified_time\" content=\"2021-12-10T15:13:09+00:00\" \/>\n<meta property=\"og:image\" content=\"https:\/\/copy.medicest.eu\/wp-content\/uploads\/2021\/12\/men-cleaning.jpg\" \/>\n<meta name=\"twitter:card\" content=\"summary_large_image\" \/>\n<meta name=\"twitter:label1\" content=\"Est. reading time\" \/>\n\t<meta name=\"twitter:data1\" content=\"2 minutit\" \/>\n<script type=\"application\/ld+json\" class=\"yoast-schema-graph\">{\"@context\":\"https:\/\/schema.org\",\"@graph\":[{\"@type\":\"WebPage\",\"@id\":\"https:\/\/copy.medicest.eu\/et\/naonaha-puhastus-meestele\/\",\"url\":\"https:\/\/copy.medicest.eu\/et\/naonaha-puhastus-meestele\/\",\"name\":\"N\u00e4onaha puhastus meestele - Ilukliinik Medic-Esthetic\",\"isPartOf\":{\"@id\":\"https:\/\/copy.medicest.eu\/#website\"},\"primaryImageOfPage\":{\"@id\":\"https:\/\/copy.medicest.eu\/et\/naonaha-puhastus-meestele\/#primaryimage\"},\"image\":{\"@id\":\"https:\/\/copy.medicest.eu\/et\/naonaha-puhastus-meestele\/#primaryimage\"},\"thumbnailUrl\":\"https:\/\/copy.medicest.eu\/wp-content\/uploads\/2021\/12\/men-cleaning.jpg\",\"datePublished\":\"2021-12-09T12:52:28+00:00\",\"dateModified\":\"2021-12-10T15:13:09+00:00\",\"breadcrumb\":{\"@id\":\"https:\/\/copy.medicest.eu\/et\/naonaha-puhastus-meestele\/#breadcrumb\"},\"inLanguage\":\"et\",\"potentialAction\":[{\"@type\":\"ReadAction\",\"target\":[\"https:\/\/copy.medicest.eu\/et\/naonaha-puhastus-meestele\/\"]}]},{\"@type\":\"ImageObject\",\"inLanguage\":\"et\",\"@id\":\"https:\/\/copy.medicest.eu\/et\/naonaha-puhastus-meestele\/#primaryimage\",\"url\":\"https:\/\/copy.medicest.eu\/wp-content\/uploads\/2021\/12\/men-cleaning.jpg\",\"contentUrl\":\"https:\/\/copy.medicest.eu\/wp-content\/uploads\/2021\/12\/men-cleaning.jpg\"},{\"@type\":\"BreadcrumbList\",\"@id\":\"https:\/\/copy.medicest.eu\/et\/naonaha-puhastus-meestele\/#breadcrumb\",\"itemListElement\":[{\"@type\":\"ListItem\",\"position\":1,\"name\":\"Home\",\"item\":\"https:\/\/copy.medicest.eu\/et\/\"},{\"@type\":\"ListItem\",\"position\":2,\"name\":\"N\u00e4onaha puhastus meestele\"}]},{\"@type\":\"WebSite\",\"@id\":\"https:\/\/copy.medicest.eu\/#website\",\"url\":\"https:\/\/copy.medicest.eu\/\",\"name\":\"Ilukliinik Medic-Esthetic\",\"description\":\"Beauty &amp; Prestige\",\"potentialAction\":[{\"@type\":\"SearchAction\",\"target\":{\"@type\":\"EntryPoint\",\"urlTemplate\":\"https:\/\/copy.medicest.eu\/?s={search_term_string}\"},\"query-input\":{\"@type\":\"PropertyValueSpecification\",\"valueRequired\":true,\"valueName\":\"search_term_string\"}}],\"inLanguage\":\"et\"}]}<\/script>\n<!-- \/ Yoast SEO plugin. -->","yoast_head_json":{"title":"N\u00e4onaha puhastus meestele - Ilukliinik Medic-Esthetic","robots":{"index":"index","follow":"follow","max-snippet":"max-snippet:-1","max-image-preview":"max-image-preview:large","max-video-preview":"max-video-preview:-1"},"canonical":"https:\/\/copy.medicest.eu\/et\/naonaha-puhastus-meestele\/","og_locale":"et_EE","og_type":"article","og_title":"N\u00e4onaha puhastus meestele - Ilukliinik Medic-Esthetic","og_description":"N\u00e4onaha atraumaatiline puhastus MEESTELE Puhas n\u00e4onahk on u\u0308ks ilu kriteeriume ja tervise tunnusm\u00e4rke. Hormonaalsete erinevuste t\u00f5ttu on meeste nahk paksem ja tihedam kui naiste oma. Selle struktuuris on oluliselt rohkem higi- ja rasun\u00e4\u00e4rmeid, juuksefolliikuleid, mist\u00f5ttu on higi- ja rasun\u00e4\u00e4rmete aktiivsus k\u00f5rgem kui naistel. Rasun\u00e4\u00e4rmete suurem aktiivsus p\u00f5hjustab l\u00f6\u00f6beid ja komedoone.\u2026","og_url":"https:\/\/copy.medicest.eu\/et\/naonaha-puhastus-meestele\/","og_site_name":"Ilukliinik Medic-Esthetic","article_modified_time":"2021-12-10T15:13:09+00:00","og_image":[{"url":"https:\/\/copy.medicest.eu\/wp-content\/uploads\/2021\/12\/men-cleaning.jpg"}],"twitter_card":"summary_large_image","twitter_misc":{"Est. reading time":"2 minutit"},"schema":{"@context":"https:\/\/schema.org","@graph":[{"@type":"WebPage","@id":"https:\/\/copy.medicest.eu\/et\/naonaha-puhastus-meestele\/","url":"https:\/\/copy.medicest.eu\/et\/naonaha-puhastus-meestele\/","name":"N\u00e4onaha puhastus meestele - Ilukliinik Medic-Esthetic","isPartOf":{"@id":"https:\/\/copy.medicest.eu\/#website"},"primaryImageOfPage":{"@id":"https:\/\/copy.medicest.eu\/et\/naonaha-puhastus-meestele\/#primaryimage"},"image":{"@id":"https:\/\/copy.medicest.eu\/et\/naonaha-puhastus-meestele\/#primaryimage"},"thumbnailUrl":"https:\/\/copy.medicest.eu\/wp-content\/uploads\/2021\/12\/men-cleaning.jpg","datePublished":"2021-12-09T12:52:28+00:00","dateModified":"2021-12-10T15:13:09+00:00","breadcrumb":{"@id":"https:\/\/copy.medicest.eu\/et\/naonaha-puhastus-meestele\/#breadcrumb"},"inLanguage":"et","potentialAction":[{"@type":"ReadAction","target":["https:\/\/copy.medicest.eu\/et\/naonaha-puhastus-meestele\/"]}]},{"@type":"ImageObject","inLanguage":"et","@id":"https:\/\/copy.medicest.eu\/et\/naonaha-puhastus-meestele\/#primaryimage","url":"https:\/\/copy.medicest.eu\/wp-content\/uploads\/2021\/12\/men-cleaning.jpg","contentUrl":"https:\/\/copy.medicest.eu\/wp-content\/uploads\/2021\/12\/men-cleaning.jpg"},{"@type":"BreadcrumbList","@id":"https:\/\/copy.medicest.eu\/et\/naonaha-puhastus-meestele\/#breadcrumb","itemListElement":[{"@type":"ListItem","position":1,"name":"Home","item":"https:\/\/copy.medicest.eu\/et\/"},{"@type":"ListItem","position":2,"name":"N\u00e4onaha puhastus meestele"}]},{"@type":"WebSite","@id":"https:\/\/copy.medicest.eu\/#website","url":"https:\/\/copy.medicest.eu\/","name":"Ilukliinik Medic-Esthetic","description":"Beauty &amp; Prestige","potentialAction":[{"@type":"SearchAction","target":{"@type":"EntryPoint","urlTemplate":"https:\/\/copy.medicest.eu\/?s={search_term_string}"},"query-input":{"@type":"PropertyValueSpecification","valueRequired":true,"valueName":"search_term_string"}}],"inLanguage":"et"}]}},"_links":{"self":[{"href":"https:\/\/copy.medicest.eu\/et\/wp-json\/wp\/v2\/pages\/6213","targetHints":{"allow":["GET"]}}],"collection":[{"href":"https:\/\/copy.medicest.eu\/et\/wp-json\/wp\/v2\/pages"}],"about":[{"href":"https:\/\/copy.medicest.eu\/et\/wp-json\/wp\/v2\/types\/page"}],"author":[{"embeddable":true,"href":"https:\/\/copy.medicest.eu\/et\/wp-json\/wp\/v2\/users\/1"}],"replies":[{"embeddable":true,"href":"https:\/\/copy.medicest.eu\/et\/wp-json\/wp\/v2\/comments?post=6213"}],"version-history":[{"count":20,"href":"https:\/\/copy.medicest.eu\/et\/wp-json\/wp\/v2\/pages\/6213\/revisions"}],"predecessor-version":[{"id":6235,"href":"https:\/\/copy.medicest.eu\/et\/wp-json\/wp\/v2\/pages\/6213\/revisions\/6235"}],"wp:attachment":[{"href":"https:\/\/copy.medicest.eu\/et\/wp-json\/wp\/v2\/media?parent=6213"}],"curies":[{"name":"wp","href":"https:\/\/api.w.org\/{rel}","templated":true}]}}