{"id":6291,"date":"2021-12-13T12:33:42","date_gmt":"2021-12-13T12:33:42","guid":{"rendered":"https:\/\/copy.medicest.eu\/lazernaya-epilyaciya-cocoon-elysion-pro-dlya-muzhchin\/"},"modified":"2023-10-18T12:47:55","modified_gmt":"2023-10-18T12:47:55","slug":"laserepilatsioon-cocoon-elysion-pro-meestele","status":"publish","type":"page","link":"https:\/\/copy.medicest.eu\/et\/laserepilatsioon-cocoon-elysion-pro-meestele\/","title":{"rendered":"Laserepilatsioon Cocoon Elysion Pro meestele"},"content":{"rendered":"\t\t<div data-elementor-type=\"wp-page\" data-elementor-id=\"6291\" class=\"elementor elementor-6291 elementor-6252\">\n\t\t\t\t\t\t<section class=\"elementor-section elementor-top-section elementor-element elementor-element-66861891 elementor-section-boxed elementor-section-height-default elementor-section-height-default\" data-id=\"66861891\" data-element_type=\"section\">\n\t\t\t\t\t\t<div class=\"elementor-container elementor-column-gap-default\">\n\t\t\t\t\t<div class=\"elementor-column elementor-col-100 elementor-top-column elementor-element elementor-element-7ec6b314\" data-id=\"7ec6b314\" data-element_type=\"column\">\n\t\t\t<div class=\"elementor-widget-wrap elementor-element-populated\">\n\t\t\t\t\t\t<div class=\"elementor-element elementor-element-43e0daf2 elementor-widget elementor-widget-heading\" data-id=\"43e0daf2\" data-element_type=\"widget\" data-widget_type=\"heading.default\">\n\t\t\t\t<div class=\"elementor-widget-container\">\n\t\t\t<h2 class=\"elementor-heading-title elementor-size-default\">Laserepilatsioon Cocoon Elysion Pro<\/h2>\t\t<\/div>\n\t\t\t\t<\/div>\n\t\t\t\t<div class=\"elementor-element elementor-element-5352db8a elementor-widget elementor-widget-heading\" data-id=\"5352db8a\" data-element_type=\"widget\" data-widget_type=\"heading.default\">\n\t\t\t\t<div class=\"elementor-widget-container\">\n\t\t\t<h3 class=\"elementor-heading-title elementor-size-default\">Suure v\u00f5imsusega dioodlaser Elysion Pro <\/h3>\t\t<\/div>\n\t\t\t\t<\/div>\n\t\t\t\t<div class=\"elementor-element elementor-element-a9dd20f elementor-widget elementor-widget-heading\" data-id=\"a9dd20f\" data-element_type=\"widget\" data-widget_type=\"heading.default\">\n\t\t\t\t<div class=\"elementor-widget-container\">\n\t\t\t<h3 class=\"elementor-heading-title elementor-size-default\">MEESTELE<\/h3>\t\t<\/div>\n\t\t\t\t<\/div>\n\t\t\t\t\t<\/div>\n\t\t<\/div>\n\t\t\t\t\t<\/div>\n\t\t<\/section>\n\t\t\t\t<section class=\"elementor-section elementor-top-section elementor-element elementor-element-5f74882 elementor-section-boxed elementor-section-height-default elementor-section-height-default\" data-id=\"5f74882\" data-element_type=\"section\">\n\t\t\t\t\t\t<div class=\"elementor-container elementor-column-gap-default\">\n\t\t\t\t\t<div class=\"elementor-column elementor-col-50 elementor-top-column elementor-element elementor-element-c5900fb\" data-id=\"c5900fb\" data-element_type=\"column\">\n\t\t\t<div class=\"elementor-widget-wrap elementor-element-populated\">\n\t\t\t\t\t\t<div class=\"elementor-element elementor-element-999060b elementor-widget elementor-widget-image\" data-id=\"999060b\" data-element_type=\"widget\" data-widget_type=\"image.default\">\n\t\t\t\t<div class=\"elementor-widget-container\">\n\t\t\t\t\t\t\t\t\t\t\t\t\t<img fetchpriority=\"high\" decoding=\"async\" width=\"600\" height=\"600\" src=\"https:\/\/copy.medicest.eu\/wp-content\/uploads\/2021\/12\/laseepilatsioon-meestele.jpeg\" class=\"attachment-large size-large wp-image-6265\" alt=\"\" srcset=\"https:\/\/copy.medicest.eu\/wp-content\/uploads\/2021\/12\/laseepilatsioon-meestele.jpeg 600w, https:\/\/copy.medicest.eu\/wp-content\/uploads\/2021\/12\/laseepilatsioon-meestele-300x300.jpeg 300w, https:\/\/copy.medicest.eu\/wp-content\/uploads\/2021\/12\/laseepilatsioon-meestele-150x150.jpeg 150w\" sizes=\"(max-width: 600px) 100vw, 600px\" \/>\t\t\t\t\t\t\t\t\t\t\t\t\t<\/div>\n\t\t\t\t<\/div>\n\t\t\t\t\t<\/div>\n\t\t<\/div>\n\t\t\t\t<div class=\"elementor-column elementor-col-50 elementor-top-column elementor-element elementor-element-b53fc26\" data-id=\"b53fc26\" data-element_type=\"column\">\n\t\t\t<div class=\"elementor-widget-wrap elementor-element-populated\">\n\t\t\t\t\t\t<div class=\"elementor-element elementor-element-ff23d9a elementor-widget elementor-widget-text-editor\" data-id=\"ff23d9a\" data-element_type=\"widget\" data-widget_type=\"text-editor.default\">\n\t\t\t\t<div class=\"elementor-widget-container\">\n\t\t\t\t\t\t\t<p>T\u00e4nap\u00e4eval kannab \u00fcha rohkem mehi hoolt oma v\u00e4limuse eest ja v\u00f5tab epileerimisprotseduure, kus eemaldatakse kaenlaaluste, selja, rinna v\u00f5i intiimpiirkonna karvad.<\/p>\t\t\t\t\t\t<\/div>\n\t\t\t\t<\/div>\n\t\t\t\t<div class=\"elementor-element elementor-element-61d4beb elementor-widget elementor-widget-text-editor\" data-id=\"61d4beb\" data-element_type=\"widget\" data-widget_type=\"text-editor.default\">\n\t\t\t\t<div class=\"elementor-widget-container\">\n\t\t\t\t\t\t\t<blockquote><p>Meeste karvade eemaldamist peavad paljud h\u00fcgieeni, hea v\u00e4limuse ja \u00f5ige l\u00f5hna eest hoolitsemiseks.<\/p><\/blockquote>\t\t\t\t\t\t<\/div>\n\t\t\t\t<\/div>\n\t\t\t\t<div class=\"elementor-element elementor-element-e9228c5 elementor-widget elementor-widget-text-editor\" data-id=\"e9228c5\" data-element_type=\"widget\" data-widget_type=\"text-editor.default\">\n\t\t\t\t<div class=\"elementor-widget-container\">\n\t\t\t\t\t\t\t<p>Karvade laseriga eemaldamine annab pikaajalise tulemuse.<\/p><p>Protseduuri k\u00e4igus h\u00e4vitatakse karvan\u00e4\u00e4psude rakud, mis peatab t\u00e4ielikult kasvuprotsessi ja karvad langevad v\u00e4lja.<\/p>\t\t\t\t\t\t<\/div>\n\t\t\t\t<\/div>\n\t\t\t\t\t<\/div>\n\t\t<\/div>\n\t\t\t\t\t<\/div>\n\t\t<\/section>\n\t\t\t\t<section class=\"elementor-section elementor-top-section elementor-element elementor-element-a8d57c7 elementor-section-boxed elementor-section-height-default elementor-section-height-default\" data-id=\"a8d57c7\" data-element_type=\"section\">\n\t\t\t\t\t\t<div class=\"elementor-container elementor-column-gap-default\">\n\t\t\t\t\t<div class=\"elementor-column elementor-col-50 elementor-top-column elementor-element elementor-element-740a7fd\" data-id=\"740a7fd\" data-element_type=\"column\">\n\t\t\t<div class=\"elementor-widget-wrap elementor-element-populated\">\n\t\t\t\t\t\t<div class=\"elementor-element elementor-element-17e771d elementor-widget elementor-widget-text-editor\" data-id=\"17e771d\" data-element_type=\"widget\" data-widget_type=\"text-editor.default\">\n\t\t\t\t<div class=\"elementor-widget-container\">\n\t\t\t\t\t\t\t<p>Et laser m\u00f5jutab ainult kasvufaasis olevaid karvu, saab \u00fche protseduuriga eemaldada vaid osa soovimatutest karvadest. J\u00e4rgmisel korral tuleb t\u00f6\u00f6delda j\u00e4rgmisi karvu, kuni k\u00f5ik on eemaldatud.<\/p><p>See protseduur annab p\u00fcsiva tulemuse paljudeks aastateks. Kui ilmuvad uued n\u00e4\u00e4psud (n\u00f5rgemad ja \u00f5rnemad), piisab sarnasest t\u00f6\u00f6tlusest. Seda depilatsioonimeetodit saab rakendada kogu kehal ja see annab parima ja p\u00fcsiva tulemuse, mist\u00f5ttu paljud mehed otsustavad laserepilatsiooni kasuks.<\/p><p>Karvade laseriga eemaldamine v\u00f5ib meestele olla valulik, peamiselt seet\u00f5ttu, et nende karvad on tumedamad ja j\u00e4igemad ning karvan\u00e4\u00e4psud tugevamad ja paksemad.<\/p><p>See protseduur ei ole aga \u00fcldse nii valus kui n\u00e4iteks vahatamine v\u00f5i elektriline epilaator. <\/p>\t\t\t\t\t\t<\/div>\n\t\t\t\t<\/div>\n\t\t\t\t\t<\/div>\n\t\t<\/div>\n\t\t\t\t<div class=\"elementor-column elementor-col-50 elementor-top-column elementor-element elementor-element-6613896\" data-id=\"6613896\" data-element_type=\"column\">\n\t\t\t<div class=\"elementor-widget-wrap elementor-element-populated\">\n\t\t\t\t\t\t<div class=\"elementor-element elementor-element-b232bb0 elementor-widget elementor-widget-image\" data-id=\"b232bb0\" data-element_type=\"widget\" data-widget_type=\"image.default\">\n\t\t\t\t<div class=\"elementor-widget-container\">\n\t\t\t\t\t\t\t\t\t\t\t\t\t<img decoding=\"async\" width=\"745\" height=\"646\" src=\"https:\/\/copy.medicest.eu\/wp-content\/uploads\/2021\/12\/Cocoon-Elysion-meestele.jpg\" class=\"attachment-large size-large wp-image-6256\" alt=\"\" srcset=\"https:\/\/copy.medicest.eu\/wp-content\/uploads\/2021\/12\/Cocoon-Elysion-meestele.jpg 745w, https:\/\/copy.medicest.eu\/wp-content\/uploads\/2021\/12\/Cocoon-Elysion-meestele-300x260.jpg 300w, https:\/\/copy.medicest.eu\/wp-content\/uploads\/2021\/12\/Cocoon-Elysion-meestele-150x130.jpg 150w\" sizes=\"(max-width: 745px) 100vw, 745px\" \/>\t\t\t\t\t\t\t\t\t\t\t\t\t<\/div>\n\t\t\t\t<\/div>\n\t\t\t\t<div class=\"elementor-element elementor-element-0908395 elementor-widget elementor-widget-text-editor\" data-id=\"0908395\" data-element_type=\"widget\" data-widget_type=\"text-editor.default\">\n\t\t\t\t<div class=\"elementor-widget-container\">\n\t\t\t\t\t\t\t<blockquote><p>Keskmiselt tehakse 5-6 sellist protseduuri.<\/p><\/blockquote>\t\t\t\t\t\t<\/div>\n\t\t\t\t<\/div>\n\t\t\t\t\t<\/div>\n\t\t<\/div>\n\t\t\t\t\t<\/div>\n\t\t<\/section>\n\t\t\t\t<section class=\"elementor-section elementor-top-section elementor-element elementor-element-ff1145f elementor-section-boxed elementor-section-height-default elementor-section-height-default\" data-id=\"ff1145f\" data-element_type=\"section\">\n\t\t\t\t\t\t<div class=\"elementor-container elementor-column-gap-default\">\n\t\t\t\t\t<div class=\"elementor-column elementor-col-33 elementor-top-column elementor-element elementor-element-6819e91\" data-id=\"6819e91\" data-element_type=\"column\">\n\t\t\t<div class=\"elementor-widget-wrap elementor-element-populated\">\n\t\t\t\t\t\t<div class=\"elementor-element elementor-element-fcd6fb5 elementor-widget elementor-widget-image\" data-id=\"fcd6fb5\" data-element_type=\"widget\" data-widget_type=\"image.default\">\n\t\t\t\t<div class=\"elementor-widget-container\">\n\t\t\t\t\t\t\t\t\t\t\t\t\t<img decoding=\"async\" width=\"875\" height=\"872\" src=\"https:\/\/copy.medicest.eu\/wp-content\/uploads\/2021\/06\/usp_elysion-pro.jpg\" class=\"attachment-large size-large wp-image-4803\" alt=\"\" srcset=\"https:\/\/copy.medicest.eu\/wp-content\/uploads\/2021\/06\/usp_elysion-pro.jpg 875w, https:\/\/copy.medicest.eu\/wp-content\/uploads\/2021\/06\/usp_elysion-pro-300x300.jpg 300w, https:\/\/copy.medicest.eu\/wp-content\/uploads\/2021\/06\/usp_elysion-pro-768x765.jpg 768w, https:\/\/copy.medicest.eu\/wp-content\/uploads\/2021\/06\/usp_elysion-pro-150x150.jpg 150w\" sizes=\"(max-width: 875px) 100vw, 875px\" \/>\t\t\t\t\t\t\t\t\t\t\t\t\t<\/div>\n\t\t\t\t<\/div>\n\t\t\t\t\t<\/div>\n\t\t<\/div>\n\t\t\t\t<div class=\"elementor-column elementor-col-66 elementor-top-column elementor-element elementor-element-6acf00b\" data-id=\"6acf00b\" data-element_type=\"column\">\n\t\t\t<div class=\"elementor-widget-wrap elementor-element-populated\">\n\t\t\t\t\t\t<div class=\"elementor-element elementor-element-62a9b7d elementor-widget elementor-widget-text-editor\" data-id=\"62a9b7d\" data-element_type=\"widget\" data-widget_type=\"text-editor.default\">\n\t\t\t\t<div class=\"elementor-widget-container\">\n\t\t\t\t\t\t\t<p>Cocoon Elysion Pro on laserplatvorm, mis v\u00f5imaldab kombineerida erinevaid lainepikkusi \u00fches seadmes, pakkudes universaalset ja individuaalset l\u00e4henemist. <\/p><p><b>Dioodlaseriga Elyson Pro epileerimise eelised:<\/b><\/p><ul><li aria-level=\"1\">Laseri suure v\u00f5imsuse ja selektiivse toime t\u00f5ttu karvafolliikulid h\u00e4vivad.<\/li><li aria-level=\"1\">T\u00e4iustatud Elysion-tehnoloogia v\u00f5imaldab hoolitseda igasuguse nahat\u00fc\u00fcbi eest aastaringselt.<\/li><li aria-level=\"1\">Kontaktjahutus tagab mugava hoolduse ja teie nahk on kogu aeg kaitstud.<\/li><li aria-level=\"1\">Taastusravi puudumine \u2013 saate kohe p\u00e4rast protseduuri naasta oma igap\u00e4evategevustesse.<\/li><\/ul>\t\t\t\t\t\t<\/div>\n\t\t\t\t<\/div>\n\t\t\t\t\t<\/div>\n\t\t<\/div>\n\t\t\t\t\t<\/div>\n\t\t<\/section>\n\t\t\t\t<section class=\"elementor-section elementor-top-section elementor-element elementor-element-579ebda7 elementor-section-boxed elementor-section-height-default elementor-section-height-default\" data-id=\"579ebda7\" data-element_type=\"section\">\n\t\t\t\t\t\t<div class=\"elementor-container elementor-column-gap-default\">\n\t\t\t\t\t<div class=\"elementor-column elementor-col-100 elementor-top-column elementor-element elementor-element-3685aeca\" data-id=\"3685aeca\" data-element_type=\"column\">\n\t\t\t<div class=\"elementor-widget-wrap elementor-element-populated\">\n\t\t\t\t\t\t<div class=\"elementor-element elementor-element-7cdadf18 elementor-widget elementor-widget-heading\" data-id=\"7cdadf18\" data-element_type=\"widget\" data-widget_type=\"heading.default\">\n\t\t\t\t<div class=\"elementor-widget-container\">\n\t\t\t<h2 class=\"elementor-heading-title elementor-size-default\">Hinnakiri<\/h2>\t\t<\/div>\n\t\t\t\t<\/div>\n\t\t\t\t\t<\/div>\n\t\t<\/div>\n\t\t\t\t\t<\/div>\n\t\t<\/section>\n\t\t\t\t<section class=\"elementor-section elementor-top-section elementor-element elementor-element-be00c6f elementor-section-boxed elementor-section-height-default elementor-section-height-default\" data-id=\"be00c6f\" data-element_type=\"section\">\n\t\t\t\t\t\t<div class=\"elementor-container elementor-column-gap-default\">\n\t\t\t\t\t<div class=\"elementor-column elementor-col-100 elementor-top-column elementor-element elementor-element-e568289\" data-id=\"e568289\" data-element_type=\"column\">\n\t\t\t<div class=\"elementor-widget-wrap elementor-element-populated\">\n\t\t\t\t\t\t<div class=\"elementor-element elementor-element-f2d9898 elementor-widget elementor-widget-text-editor\" data-id=\"f2d9898\" data-element_type=\"widget\" data-widget_type=\"text-editor.default\">\n\t\t\t\t<div class=\"elementor-widget-container\">\n\t\t\t\t\t\t\t<p>\n<table id=\"tablepress-213\" class=\"tablepress tablepress-id-213 tablepress-responsive\">\n<thead>\n<tr class=\"row-1 odd\">\n\t<th class=\"column-1\">Hind \u20ac<\/th><th class=\"column-2\">Piirkond<\/th>\n<\/tr>\n<\/thead>\n<tbody class=\"row-hover\">\n<tr class=\"row-2 even\">\n\t<td class=\"column-1\">Piirkond Mini 35.00\u20ac<\/td><td class=\"column-2\">Bikiini m\u00f6\u00f6da aluspesu joont<br \/>\nKulmud<br \/>\n\u00dclemine huul<br \/>\nNibude piirkond<br \/>\nNaba piirkond<br \/>\nK\u00e4ed<br \/>\nK\u00f5hu joon<br \/>\nNina<br \/>\nL\u00f5ug<br \/>\nJalalabad<br \/>\nS\u00f5rmede falangid<br \/>\nP\u00f5sed<\/td>\n<\/tr>\n<tr class=\"row-3 odd\">\n\t<td class=\"column-1\">Piirkond Midi 55.00\u20ac<\/td><td class=\"column-2\">S\u00fcgavad bikiinid<br \/>\nDekoltee<br \/>\nP\u00f5lved<br \/>\nKaenlaalused<br \/>\nK\u00fc\u00fcnarvars<br \/>\n\u00d5lavars<br \/>\nKael<\/td>\n<\/tr>\n<tr class=\"row-4 even\">\n\t<td class=\"column-1\">Piirkond Maxi 85.00\u20ac<\/td><td class=\"column-2\">Puusad, sealhulgas p\u00f5lved<br \/>\nS\u00e4\u00e4red, sealhulgas p\u00f5lved<br \/>\nPea (juuksed)<br \/>\nK\u00e4ed<br \/>\nSelg<br \/>\nT\u00e4ielik bikiini<br \/>\nTuharad<\/td>\n<\/tr>\n<tr class=\"row-5 odd\">\n\t<td class=\"column-1\">Pakett Multi<\/td><td class=\"column-2\">Piirkond Mini \u0445 5 = 157.50\u20ac (Tavahind 175.00\u20ac)<br \/>\nPiirkond Midi \u0445 5 = 247.50\u20ac (Tavahind 275.00\u20ac)<br \/>\nPiirkond Maxi x 5 = 382.50\u20ac (Tavahind 425.00\u20ac)<br \/>\n<\/td>\n<\/tr>\n<\/tbody>\n<\/table>\n<!-- #tablepress-213 from cache --><\/p>\t\t\t\t\t\t<\/div>\n\t\t\t\t<\/div>\n\t\t\t\t<div class=\"elementor-element elementor-element-6d71aff0 pp-buttons-halign-center pp-buttons-stack-none elementor-widget elementor-widget-pp-buttons\" data-id=\"6d71aff0\" data-element_type=\"widget\" data-widget_type=\"pp-buttons.default\">\n\t\t\t\t<div class=\"elementor-widget-container\">\n\t\t\t\t\t<div class=\"pp-buttons-group\">\n\t\t\t\t\t\t\t\t\t\t\t<a href=\"https:\/\/shop.medicest.eu\/et\/product\/laserepilatsioon-naistele-cocoon-elysion-pro\/\" target=\"_blank\" class=\"pp-button elementor-button elementor-size-md elementor-repeater-item-c938c7f \">\n\t\t\t\t\t<div class=\"pp-button-content-wrapper\">\n\t\t\t\t\t\t<span class=\"pp-button-content-inner pp-icon-before\">\n\t\t\t\t\t\t\t\n\t\t\t\t\t\t\t\t<span class=\"pp-button-title\">\n\t\t\t\t\t\t\t\t\tOsta e-poest\t\t\t\t\t\t\t\t<\/span>\n\t\t\t\t\t\t\t\t\t\t\t\t\t<\/span>\n\t\t\t\t\t<\/div>\n\t\t\t\t<\/a>\n\t\t\t\t\t\t\t\t\t\t<\/div>\t\t<\/div>\n\t\t\t\t<\/div>\n\t\t\t\t\t<\/div>\n\t\t<\/div>\n\t\t\t\t\t<\/div>\n\t\t<\/section>\n\t\t\t\t<\/div>\n\t\t","protected":false},"excerpt":{"rendered":"<p>Laserepilatsioon Cocoon Elysion Pro Suure v\u00f5imsusega dioodlaser Elysion Pro MEESTELE T\u00e4nap\u00e4eval kannab \u00fcha rohkem mehi hoolt oma v\u00e4limuse eest ja v\u00f5tab epileerimisprotseduure, kus eemaldatakse kaenlaaluste, selja, rinna v\u00f5i intiimpiirkonna karvad. Meeste karvade eemaldamist peavad paljud h\u00fcgieeni, hea v\u00e4limuse ja \u00f5ige l\u00f5hna eest hoolitsemiseks. Karvade laseriga eemaldamine annab pikaajalise tulemuse. Protseduuri\u2026<\/p>\n<p class=\"continue-reading-button\"> <a class=\"continue-reading-link\" href=\"https:\/\/copy.medicest.eu\/et\/laserepilatsioon-cocoon-elysion-pro-meestele\/\"><i class=\"crycon-right-dir\"><\/i><\/a><\/p>\n","protected":false},"author":1,"featured_media":0,"parent":0,"menu_order":0,"comment_status":"closed","ping_status":"closed","template":"","meta":{"footnotes":""},"class_list":["post-6291","page","type-page","status-publish","hentry"],"yoast_head":"<!-- This site is optimized with the Yoast SEO plugin v23.6 - https:\/\/yoast.com\/wordpress\/plugins\/seo\/ -->\n<title>Laserepilatsioon Cocoon Elysion Pro meestele - Ilukliinik Medic-Esthetic<\/title>\n<meta name=\"robots\" content=\"index, follow, max-snippet:-1, max-image-preview:large, max-video-preview:-1\" \/>\n<link rel=\"canonical\" href=\"https:\/\/copy.medicest.eu\/et\/laserepilatsioon-cocoon-elysion-pro-meestele\/\" \/>\n<meta property=\"og:locale\" content=\"et_EE\" \/>\n<meta property=\"og:type\" content=\"article\" \/>\n<meta property=\"og:title\" content=\"Laserepilatsioon Cocoon Elysion Pro meestele - Ilukliinik Medic-Esthetic\" \/>\n<meta property=\"og:description\" content=\"Laserepilatsioon Cocoon Elysion Pro Suure v\u00f5imsusega dioodlaser Elysion Pro MEESTELE T\u00e4nap\u00e4eval kannab \u00fcha rohkem mehi hoolt oma v\u00e4limuse eest ja v\u00f5tab epileerimisprotseduure, kus eemaldatakse kaenlaaluste, selja, rinna v\u00f5i intiimpiirkonna karvad. Meeste karvade eemaldamist peavad paljud h\u00fcgieeni, hea v\u00e4limuse ja \u00f5ige l\u00f5hna eest hoolitsemiseks. Karvade laseriga eemaldamine annab pikaajalise tulemuse. Protseduuri\u2026\" \/>\n<meta property=\"og:url\" content=\"https:\/\/copy.medicest.eu\/et\/laserepilatsioon-cocoon-elysion-pro-meestele\/\" \/>\n<meta property=\"og:site_name\" content=\"Ilukliinik Medic-Esthetic\" \/>\n<meta property=\"article:modified_time\" content=\"2023-10-18T12:47:55+00:00\" \/>\n<meta property=\"og:image\" content=\"https:\/\/copy.medicest.eu\/wp-content\/uploads\/2021\/12\/laseepilatsioon-meestele.jpeg\" \/>\n<meta name=\"twitter:card\" content=\"summary_large_image\" \/>\n<meta name=\"twitter:label1\" content=\"Est. reading time\" \/>\n\t<meta name=\"twitter:data1\" content=\"3 minutit\" \/>\n<script type=\"application\/ld+json\" class=\"yoast-schema-graph\">{\"@context\":\"https:\/\/schema.org\",\"@graph\":[{\"@type\":\"WebPage\",\"@id\":\"https:\/\/copy.medicest.eu\/et\/laserepilatsioon-cocoon-elysion-pro-meestele\/\",\"url\":\"https:\/\/copy.medicest.eu\/et\/laserepilatsioon-cocoon-elysion-pro-meestele\/\",\"name\":\"Laserepilatsioon Cocoon Elysion Pro meestele - Ilukliinik Medic-Esthetic\",\"isPartOf\":{\"@id\":\"https:\/\/copy.medicest.eu\/#website\"},\"primaryImageOfPage\":{\"@id\":\"https:\/\/copy.medicest.eu\/et\/laserepilatsioon-cocoon-elysion-pro-meestele\/#primaryimage\"},\"image\":{\"@id\":\"https:\/\/copy.medicest.eu\/et\/laserepilatsioon-cocoon-elysion-pro-meestele\/#primaryimage\"},\"thumbnailUrl\":\"https:\/\/copy.medicest.eu\/wp-content\/uploads\/2021\/12\/laseepilatsioon-meestele.jpeg\",\"datePublished\":\"2021-12-13T12:33:42+00:00\",\"dateModified\":\"2023-10-18T12:47:55+00:00\",\"breadcrumb\":{\"@id\":\"https:\/\/copy.medicest.eu\/et\/laserepilatsioon-cocoon-elysion-pro-meestele\/#breadcrumb\"},\"inLanguage\":\"et\",\"potentialAction\":[{\"@type\":\"ReadAction\",\"target\":[\"https:\/\/copy.medicest.eu\/et\/laserepilatsioon-cocoon-elysion-pro-meestele\/\"]}]},{\"@type\":\"ImageObject\",\"inLanguage\":\"et\",\"@id\":\"https:\/\/copy.medicest.eu\/et\/laserepilatsioon-cocoon-elysion-pro-meestele\/#primaryimage\",\"url\":\"https:\/\/copy.medicest.eu\/wp-content\/uploads\/2021\/12\/laseepilatsioon-meestele.jpeg\",\"contentUrl\":\"https:\/\/copy.medicest.eu\/wp-content\/uploads\/2021\/12\/laseepilatsioon-meestele.jpeg\"},{\"@type\":\"BreadcrumbList\",\"@id\":\"https:\/\/copy.medicest.eu\/et\/laserepilatsioon-cocoon-elysion-pro-meestele\/#breadcrumb\",\"itemListElement\":[{\"@type\":\"ListItem\",\"position\":1,\"name\":\"Home\",\"item\":\"https:\/\/copy.medicest.eu\/et\/\"},{\"@type\":\"ListItem\",\"position\":2,\"name\":\"Laserepilatsioon Cocoon Elysion Pro meestele\"}]},{\"@type\":\"WebSite\",\"@id\":\"https:\/\/copy.medicest.eu\/#website\",\"url\":\"https:\/\/copy.medicest.eu\/\",\"name\":\"Ilukliinik Medic-Esthetic\",\"description\":\"Beauty &amp; Prestige\",\"potentialAction\":[{\"@type\":\"SearchAction\",\"target\":{\"@type\":\"EntryPoint\",\"urlTemplate\":\"https:\/\/copy.medicest.eu\/?s={search_term_string}\"},\"query-input\":{\"@type\":\"PropertyValueSpecification\",\"valueRequired\":true,\"valueName\":\"search_term_string\"}}],\"inLanguage\":\"et\"}]}<\/script>\n<!-- \/ Yoast SEO plugin. -->","yoast_head_json":{"title":"Laserepilatsioon Cocoon Elysion Pro meestele - Ilukliinik Medic-Esthetic","robots":{"index":"index","follow":"follow","max-snippet":"max-snippet:-1","max-image-preview":"max-image-preview:large","max-video-preview":"max-video-preview:-1"},"canonical":"https:\/\/copy.medicest.eu\/et\/laserepilatsioon-cocoon-elysion-pro-meestele\/","og_locale":"et_EE","og_type":"article","og_title":"Laserepilatsioon Cocoon Elysion Pro meestele - Ilukliinik Medic-Esthetic","og_description":"Laserepilatsioon Cocoon Elysion Pro Suure v\u00f5imsusega dioodlaser Elysion Pro MEESTELE T\u00e4nap\u00e4eval kannab \u00fcha rohkem mehi hoolt oma v\u00e4limuse eest ja v\u00f5tab epileerimisprotseduure, kus eemaldatakse kaenlaaluste, selja, rinna v\u00f5i intiimpiirkonna karvad. Meeste karvade eemaldamist peavad paljud h\u00fcgieeni, hea v\u00e4limuse ja \u00f5ige l\u00f5hna eest hoolitsemiseks. Karvade laseriga eemaldamine annab pikaajalise tulemuse. Protseduuri\u2026","og_url":"https:\/\/copy.medicest.eu\/et\/laserepilatsioon-cocoon-elysion-pro-meestele\/","og_site_name":"Ilukliinik Medic-Esthetic","article_modified_time":"2023-10-18T12:47:55+00:00","og_image":[{"url":"https:\/\/copy.medicest.eu\/wp-content\/uploads\/2021\/12\/laseepilatsioon-meestele.jpeg"}],"twitter_card":"summary_large_image","twitter_misc":{"Est. reading time":"3 minutit"},"schema":{"@context":"https:\/\/schema.org","@graph":[{"@type":"WebPage","@id":"https:\/\/copy.medicest.eu\/et\/laserepilatsioon-cocoon-elysion-pro-meestele\/","url":"https:\/\/copy.medicest.eu\/et\/laserepilatsioon-cocoon-elysion-pro-meestele\/","name":"Laserepilatsioon Cocoon Elysion Pro meestele - Ilukliinik Medic-Esthetic","isPartOf":{"@id":"https:\/\/copy.medicest.eu\/#website"},"primaryImageOfPage":{"@id":"https:\/\/copy.medicest.eu\/et\/laserepilatsioon-cocoon-elysion-pro-meestele\/#primaryimage"},"image":{"@id":"https:\/\/copy.medicest.eu\/et\/laserepilatsioon-cocoon-elysion-pro-meestele\/#primaryimage"},"thumbnailUrl":"https:\/\/copy.medicest.eu\/wp-content\/uploads\/2021\/12\/laseepilatsioon-meestele.jpeg","datePublished":"2021-12-13T12:33:42+00:00","dateModified":"2023-10-18T12:47:55+00:00","breadcrumb":{"@id":"https:\/\/copy.medicest.eu\/et\/laserepilatsioon-cocoon-elysion-pro-meestele\/#breadcrumb"},"inLanguage":"et","potentialAction":[{"@type":"ReadAction","target":["https:\/\/copy.medicest.eu\/et\/laserepilatsioon-cocoon-elysion-pro-meestele\/"]}]},{"@type":"ImageObject","inLanguage":"et","@id":"https:\/\/copy.medicest.eu\/et\/laserepilatsioon-cocoon-elysion-pro-meestele\/#primaryimage","url":"https:\/\/copy.medicest.eu\/wp-content\/uploads\/2021\/12\/laseepilatsioon-meestele.jpeg","contentUrl":"https:\/\/copy.medicest.eu\/wp-content\/uploads\/2021\/12\/laseepilatsioon-meestele.jpeg"},{"@type":"BreadcrumbList","@id":"https:\/\/copy.medicest.eu\/et\/laserepilatsioon-cocoon-elysion-pro-meestele\/#breadcrumb","itemListElement":[{"@type":"ListItem","position":1,"name":"Home","item":"https:\/\/copy.medicest.eu\/et\/"},{"@type":"ListItem","position":2,"name":"Laserepilatsioon Cocoon Elysion Pro meestele"}]},{"@type":"WebSite","@id":"https:\/\/copy.medicest.eu\/#website","url":"https:\/\/copy.medicest.eu\/","name":"Ilukliinik Medic-Esthetic","description":"Beauty &amp; Prestige","potentialAction":[{"@type":"SearchAction","target":{"@type":"EntryPoint","urlTemplate":"https:\/\/copy.medicest.eu\/?s={search_term_string}"},"query-input":{"@type":"PropertyValueSpecification","valueRequired":true,"valueName":"search_term_string"}}],"inLanguage":"et"}]}},"_links":{"self":[{"href":"https:\/\/copy.medicest.eu\/et\/wp-json\/wp\/v2\/pages\/6291","targetHints":{"allow":["GET"]}}],"collection":[{"href":"https:\/\/copy.medicest.eu\/et\/wp-json\/wp\/v2\/pages"}],"about":[{"href":"https:\/\/copy.medicest.eu\/et\/wp-json\/wp\/v2\/types\/page"}],"author":[{"embeddable":true,"href":"https:\/\/copy.medicest.eu\/et\/wp-json\/wp\/v2\/users\/1"}],"replies":[{"embeddable":true,"href":"https:\/\/copy.medicest.eu\/et\/wp-json\/wp\/v2\/comments?post=6291"}],"version-history":[{"count":19,"href":"https:\/\/copy.medicest.eu\/et\/wp-json\/wp\/v2\/pages\/6291\/revisions"}],"predecessor-version":[{"id":14684,"href":"https:\/\/copy.medicest.eu\/et\/wp-json\/wp\/v2\/pages\/6291\/revisions\/14684"}],"wp:attachment":[{"href":"https:\/\/copy.medicest.eu\/et\/wp-json\/wp\/v2\/media?parent=6291"}],"curies":[{"name":"wp","href":"https:\/\/api.w.org\/{rel}","templated":true}]}}