{"id":6608,"date":"2022-01-13T14:57:28","date_gmt":"2022-01-13T14:57:28","guid":{"rendered":"https:\/\/copy.medicest.eu\/konsultaciya-terapevta-po-pitaniyu\/"},"modified":"2022-09-22T08:39:58","modified_gmt":"2022-09-22T08:39:58","slug":"toitumisterapeudi-konsultatsioon","status":"publish","type":"page","link":"https:\/\/copy.medicest.eu\/et\/toitumisterapeudi-konsultatsioon\/","title":{"rendered":"Toitumisterapeudi konsultatsioon"},"content":{"rendered":"\t\t<div data-elementor-type=\"wp-page\" data-elementor-id=\"6608\" class=\"elementor elementor-6608 elementor-6581\">\n\t\t\t\t\t\t<section class=\"elementor-section elementor-top-section elementor-element elementor-element-528ed95e elementor-section-boxed elementor-section-height-default elementor-section-height-default\" data-id=\"528ed95e\" data-element_type=\"section\">\n\t\t\t\t\t\t<div class=\"elementor-container elementor-column-gap-default\">\n\t\t\t\t\t<div class=\"elementor-column elementor-col-100 elementor-top-column elementor-element elementor-element-2a0b5f7d\" data-id=\"2a0b5f7d\" data-element_type=\"column\">\n\t\t\t<div class=\"elementor-widget-wrap elementor-element-populated\">\n\t\t\t\t\t\t<div class=\"elementor-element elementor-element-5cd5f934 elementor-widget elementor-widget-heading\" data-id=\"5cd5f934\" data-element_type=\"widget\" data-widget_type=\"heading.default\">\n\t\t\t\t<div class=\"elementor-widget-container\">\n\t\t\t<h2 class=\"elementor-heading-title elementor-size-default\">Toitumisterapeudi konsultatsioon<\/h2>\t\t<\/div>\n\t\t\t\t<\/div>\n\t\t\t\t<div class=\"elementor-element elementor-element-2ddcdf47 elementor-widget elementor-widget-heading\" data-id=\"2ddcdf47\" data-element_type=\"widget\" data-widget_type=\"heading.default\">\n\t\t\t\t<div class=\"elementor-widget-container\">\n\t\t\t<h3 class=\"elementor-heading-title elementor-size-default\">Aleksandra Gagen<\/h3>\t\t<\/div>\n\t\t\t\t<\/div>\n\t\t\t\t\t<\/div>\n\t\t<\/div>\n\t\t\t\t\t<\/div>\n\t\t<\/section>\n\t\t\t\t<section class=\"elementor-section elementor-top-section elementor-element elementor-element-647956f elementor-section-boxed elementor-section-height-default elementor-section-height-default\" data-id=\"647956f\" data-element_type=\"section\">\n\t\t\t\t\t\t<div class=\"elementor-container elementor-column-gap-default\">\n\t\t\t\t\t<div class=\"elementor-column elementor-col-100 elementor-top-column elementor-element elementor-element-db1cdde\" data-id=\"db1cdde\" data-element_type=\"column\">\n\t\t\t<div class=\"elementor-widget-wrap elementor-element-populated\">\n\t\t\t\t\t\t<div class=\"elementor-element elementor-element-0f7f3e4 elementor-widget elementor-widget-text-editor\" data-id=\"0f7f3e4\" data-element_type=\"widget\" data-widget_type=\"text-editor.default\">\n\t\t\t\t<div class=\"elementor-widget-container\">\n\t\t\t\t\t\t\t<p style=\"text-align: center;\">Erikvalifikatsiooniga spetsialist \u2013 k\u00f5rgharidusega, funktsionaalse toitumise valdkonnast j\u00e4tku\u00f5pet saanud toitumisterapeut<\/p>\t\t\t\t\t\t<\/div>\n\t\t\t\t<\/div>\n\t\t\t\t\t<\/div>\n\t\t<\/div>\n\t\t\t\t\t<\/div>\n\t\t<\/section>\n\t\t\t\t<section class=\"elementor-section elementor-top-section elementor-element elementor-element-d629c82 elementor-section-boxed elementor-section-height-default elementor-section-height-default\" data-id=\"d629c82\" data-element_type=\"section\">\n\t\t\t\t\t\t<div class=\"elementor-container elementor-column-gap-default\">\n\t\t\t\t\t<div class=\"elementor-column elementor-col-50 elementor-top-column elementor-element elementor-element-6524385\" data-id=\"6524385\" data-element_type=\"column\">\n\t\t\t<div class=\"elementor-widget-wrap elementor-element-populated\">\n\t\t\t\t\t\t<div class=\"elementor-element elementor-element-ef443a4 elementor-widget elementor-widget-image\" data-id=\"ef443a4\" data-element_type=\"widget\" data-widget_type=\"image.default\">\n\t\t\t\t<div class=\"elementor-widget-container\">\n\t\t\t\t\t\t\t\t\t\t\t\t\t<img fetchpriority=\"high\" decoding=\"async\" width=\"682\" height=\"1024\" src=\"https:\/\/copy.medicest.eu\/wp-content\/uploads\/2022\/09\/Al-Gagen-medicest-682x1024.jpeg\" class=\"attachment-large size-large wp-image-10183\" alt=\"\" srcset=\"https:\/\/copy.medicest.eu\/wp-content\/uploads\/2022\/09\/Al-Gagen-medicest-682x1024.jpeg 682w, https:\/\/copy.medicest.eu\/wp-content\/uploads\/2022\/09\/Al-Gagen-medicest-200x300.jpeg 200w, https:\/\/copy.medicest.eu\/wp-content\/uploads\/2022\/09\/Al-Gagen-medicest-768x1153.jpeg 768w, https:\/\/copy.medicest.eu\/wp-content\/uploads\/2022\/09\/Al-Gagen-medicest-1023x1536.jpeg 1023w, https:\/\/copy.medicest.eu\/wp-content\/uploads\/2022\/09\/Al-Gagen-medicest-100x150.jpeg 100w, https:\/\/copy.medicest.eu\/wp-content\/uploads\/2022\/09\/Al-Gagen-medicest.jpeg 1066w\" sizes=\"(max-width: 682px) 100vw, 682px\" \/>\t\t\t\t\t\t\t\t\t\t\t\t\t<\/div>\n\t\t\t\t<\/div>\n\t\t\t\t<div class=\"elementor-element elementor-element-3809224 elementor-widget elementor-widget-text-editor\" data-id=\"3809224\" data-element_type=\"widget\" data-widget_type=\"text-editor.default\">\n\t\t\t\t<div class=\"elementor-widget-container\">\n\t\t\t\t\t\t\t<h4>Konsultatsioon ei sobi:<\/h4><ul><li>raske soolehaigusega inimestele (haavandid, Crohni t\u00f5bi, lekkiv soolestik),<\/li><li>neerupuudulikkusega<\/li><li>onkoloogiaga (v\u00e4lja arvatud remissioonis olev rinnav\u00e4hk)<\/li><\/ul>\t\t\t\t\t\t<\/div>\n\t\t\t\t<\/div>\n\t\t\t\t<div class=\"elementor-element elementor-element-8539c9b elementor-widget elementor-widget-text-editor\" data-id=\"8539c9b\" data-element_type=\"widget\" data-widget_type=\"text-editor.default\">\n\t\t\t\t<div class=\"elementor-widget-container\">\n\t\t\t\t\t\t\t<h4>P\u00e4rast n\u00f5ustamist 3 t\u00f6\u00f6p\u00e4eva jooksul:<\/h4><div>\u00a0<\/div><blockquote><p>kliendi e-postile saadetakse v\u00e4lja kirjalik kokkuv\u00f5tte, soovitused, lihtsad skeemid ja n\u00e4idised p\u00e4evamenu\u0308u\u0308 koostamise jaoks, toiduainete ja roogade n\u00e4idised (koos fotodega).<\/p><\/blockquote>\t\t\t\t\t\t<\/div>\n\t\t\t\t<\/div>\n\t\t\t\t\t<\/div>\n\t\t<\/div>\n\t\t\t\t<div class=\"elementor-column elementor-col-50 elementor-top-column elementor-element elementor-element-ac4f38e\" data-id=\"ac4f38e\" data-element_type=\"column\">\n\t\t\t<div class=\"elementor-widget-wrap elementor-element-populated\">\n\t\t\t\t\t\t<div class=\"elementor-element elementor-element-f9eedb6 elementor-widget elementor-widget-text-editor\" data-id=\"f9eedb6\" data-element_type=\"widget\" data-widget_type=\"text-editor.default\">\n\t\t\t\t<div class=\"elementor-widget-container\">\n\t\t\t\t\t\t\t<p><strong>Meie kliinikus pakutakse toitumisterapeudi u\u0308ldteenust, mis sobib j\u00e4rgmiste probleemide korral:<\/strong><\/p><ul><li>toitumise l\u00e4bivaatamine;<\/li><li>tasakaalutatud toitumisviisi v\u00e4ljat\u00f6\u00f6tamine;<\/li><li>kaalu tervislik langetamine;<\/li><li>tervislik kaalu t\u00f5stmine;<\/li><li>su\u0308dame-veresoonkonna haigused;<\/li><li>seedesu\u0308steemi kerged vaevused ja haigused;<\/li><li>menopausiks.<\/li><\/ul>\t\t\t\t\t\t<\/div>\n\t\t\t\t<\/div>\n\t\t\t\t<div class=\"elementor-element elementor-element-bf73940 elementor-widget elementor-widget-image\" data-id=\"bf73940\" data-element_type=\"widget\" data-widget_type=\"image.default\">\n\t\t\t\t<div class=\"elementor-widget-container\">\n\t\t\t\t\t\t\t\t\t\t\t\t\t<img decoding=\"async\" width=\"1024\" height=\"592\" src=\"https:\/\/copy.medicest.eu\/wp-content\/uploads\/2022\/09\/Al-Gagen-food-1024x592.jpeg\" class=\"attachment-large size-large wp-image-10191\" alt=\"\" srcset=\"https:\/\/copy.medicest.eu\/wp-content\/uploads\/2022\/09\/Al-Gagen-food-1024x592.jpeg 1024w, https:\/\/copy.medicest.eu\/wp-content\/uploads\/2022\/09\/Al-Gagen-food-300x173.jpeg 300w, https:\/\/copy.medicest.eu\/wp-content\/uploads\/2022\/09\/Al-Gagen-food-768x444.jpeg 768w, https:\/\/copy.medicest.eu\/wp-content\/uploads\/2022\/09\/Al-Gagen-food-1536x888.jpeg 1536w, https:\/\/copy.medicest.eu\/wp-content\/uploads\/2022\/09\/Al-Gagen-food-150x87.jpeg 150w, https:\/\/copy.medicest.eu\/wp-content\/uploads\/2022\/09\/Al-Gagen-food.jpeg 1600w\" sizes=\"(max-width: 1024px) 100vw, 1024px\" \/>\t\t\t\t\t\t\t\t\t\t\t\t\t<\/div>\n\t\t\t\t<\/div>\n\t\t\t\t<div class=\"elementor-element elementor-element-d787680 elementor-widget elementor-widget-text-editor\" data-id=\"d787680\" data-element_type=\"widget\" data-widget_type=\"text-editor.default\">\n\t\t\t\t<div class=\"elementor-widget-container\">\n\t\t\t\t\t\t\t<h4>Kohtumise k\u00e4igus klient saab:<\/h4><ul><li>k\u00e4esoleva toitumismustri analu\u0308u\u0308si;<\/li><li>tema kehakaalu, enesetunnet ja tervist k\u00f5ige aktiivsemalt m\u00f5jutavate toiduainete, roogade ja jookide kindlaks tegemist;<\/li><li>soovitused vajalike mikro- ja makroelementide kohta (sh vajalike toiduainete nimekirjad);<\/li><li>n\u00e4itajate loetelu keha seisundi kontrollimiseks;<\/li><li>individuaalset toitumiskavat; isiklikku toitumisskeemi.<\/li><\/ul>\t\t\t\t\t\t<\/div>\n\t\t\t\t<\/div>\n\t\t\t\t<div class=\"elementor-element elementor-element-4e69b65 elementor-widget elementor-widget-image\" data-id=\"4e69b65\" data-element_type=\"widget\" data-widget_type=\"image.default\">\n\t\t\t\t<div class=\"elementor-widget-container\">\n\t\t\t\t\t\t\t\t\t\t\t\t\t<img decoding=\"async\" width=\"1024\" height=\"682\" src=\"https:\/\/copy.medicest.eu\/wp-content\/uploads\/2022\/09\/pitanie-banner-1024x682.jpeg\" class=\"attachment-large size-large wp-image-10215\" alt=\"\" srcset=\"https:\/\/copy.medicest.eu\/wp-content\/uploads\/2022\/09\/pitanie-banner-1024x682.jpeg 1024w, https:\/\/copy.medicest.eu\/wp-content\/uploads\/2022\/09\/pitanie-banner-300x200.jpeg 300w, https:\/\/copy.medicest.eu\/wp-content\/uploads\/2022\/09\/pitanie-banner-768x512.jpeg 768w, https:\/\/copy.medicest.eu\/wp-content\/uploads\/2022\/09\/pitanie-banner-1536x1023.jpeg 1536w, https:\/\/copy.medicest.eu\/wp-content\/uploads\/2022\/09\/pitanie-banner-150x100.jpeg 150w, https:\/\/copy.medicest.eu\/wp-content\/uploads\/2022\/09\/pitanie-banner.jpeg 1600w\" sizes=\"(max-width: 1024px) 100vw, 1024px\" \/>\t\t\t\t\t\t\t\t\t\t\t\t\t<\/div>\n\t\t\t\t<\/div>\n\t\t\t\t\t<\/div>\n\t\t<\/div>\n\t\t\t\t\t<\/div>\n\t\t<\/section>\n\t\t\t\t<section class=\"elementor-section elementor-top-section elementor-element elementor-element-b75419a elementor-section-boxed elementor-section-height-default elementor-section-height-default\" data-id=\"b75419a\" data-element_type=\"section\">\n\t\t\t\t\t\t<div class=\"elementor-container elementor-column-gap-default\">\n\t\t\t\t\t<div class=\"elementor-column elementor-col-50 elementor-top-column elementor-element elementor-element-1d216ef\" data-id=\"1d216ef\" data-element_type=\"column\">\n\t\t\t<div class=\"elementor-widget-wrap elementor-element-populated\">\n\t\t\t\t\t\t<div class=\"elementor-element elementor-element-c9928e5 elementor-widget elementor-widget-text-editor\" data-id=\"c9928e5\" data-element_type=\"widget\" data-widget_type=\"text-editor.default\">\n\t\t\t\t<div class=\"elementor-widget-container\">\n\t\t\t\t\t\t\t<h3>Haridus:<\/h3><p>2016 &#8211; 2021 Annely Sootsi Koolituse Tervisekool<\/p><p><strong>T\u00e4iendkoolitused:<\/strong><\/p><p>2020-2021 Tallinna Tervishoiu K\u00f5rgkool<\/p><p>2021 Novosibirsk State University<\/p><p>2021 Tomsk State University<\/p><p>2020 Sechenov University<\/p><p>2016 MONASH University<\/p><p>2020 Eesti Ts\u00f6liaakia Selts<\/p><p>2021 Eesti Kliinilise Toitmise Selts<\/p>\t\t\t\t\t\t<\/div>\n\t\t\t\t<\/div>\n\t\t\t\t\t<\/div>\n\t\t<\/div>\n\t\t\t\t<div class=\"elementor-column elementor-col-50 elementor-top-column elementor-element elementor-element-e7cd48a\" data-id=\"e7cd48a\" data-element_type=\"column\" data-settings=\"{&quot;background_background&quot;:&quot;classic&quot;}\">\n\t\t\t<div class=\"elementor-widget-wrap elementor-element-populated\">\n\t\t\t\t\t\t<div class=\"elementor-element elementor-element-3f26d58 elementor-widget elementor-widget-text-editor\" data-id=\"3f26d58\" data-element_type=\"widget\" data-widget_type=\"text-editor.default\">\n\t\t\t\t<div class=\"elementor-widget-container\">\n\t\t\t\t\t\t\t<h3>Kvalifikatsioon:<\/h3><ul><li>toitumisterapeut<\/li><li>tervisen\u00f5ustaja toitumise alal<\/li><li>toitumisn\u00f5ustaja<\/li><li>toitumisspetsialist tervist toetava ja taastava toitumise alal<\/li><\/ul>\t\t\t\t\t\t<\/div>\n\t\t\t\t<\/div>\n\t\t\t\t\t<\/div>\n\t\t<\/div>\n\t\t\t\t\t<\/div>\n\t\t<\/section>\n\t\t\t\t<section class=\"elementor-section elementor-top-section elementor-element elementor-element-4098470c elementor-section-height-min-height elementor-section-boxed elementor-section-height-default elementor-section-items-middle\" data-id=\"4098470c\" data-element_type=\"section\" data-settings=\"{&quot;background_background&quot;:&quot;classic&quot;}\">\n\t\t\t\t\t\t\t<div class=\"elementor-background-overlay\"><\/div>\n\t\t\t\t\t\t\t<div class=\"elementor-container elementor-column-gap-default\">\n\t\t\t\t\t<div class=\"elementor-column elementor-col-100 elementor-top-column elementor-element elementor-element-21350014\" data-id=\"21350014\" data-element_type=\"column\">\n\t\t\t<div class=\"elementor-widget-wrap elementor-element-populated\">\n\t\t\t\t\t\t<div class=\"elementor-element elementor-element-2fb5a382 elementor-widget elementor-widget-heading\" data-id=\"2fb5a382\" data-element_type=\"widget\" data-widget_type=\"heading.default\">\n\t\t\t\t<div class=\"elementor-widget-container\">\n\t\t\t<h2 class=\"elementor-heading-title elementor-size-default\">Toitumisterapeuti konsultatsioon naha kvaliteedi parandamiseks<\/h2>\t\t<\/div>\n\t\t\t\t<\/div>\n\t\t\t\t<div class=\"elementor-element elementor-element-3590b90a pp-buttons-halign-center pp-buttons-stack-none elementor-widget elementor-widget-pp-buttons\" data-id=\"3590b90a\" data-element_type=\"widget\" data-widget_type=\"pp-buttons.default\">\n\t\t\t\t<div class=\"elementor-widget-container\">\n\t\t\t\t\t<div class=\"pp-buttons-group\">\n\t\t\t\t\t\t\t\t\t\t\t<a href=\"https:\/\/copy.medicest.eu\/et\/toitumisterapeuti-konsultatsioon-naha-kvaliteedi-parandamiseks\/\" class=\"pp-button elementor-button elementor-size-md elementor-repeater-item-c938c7f \">\n\t\t\t\t\t<div class=\"pp-button-content-wrapper\">\n\t\t\t\t\t\t<span class=\"pp-button-content-inner pp-icon-before\">\n\t\t\t\t\t\t\t\n\t\t\t\t\t\t\t\t<span class=\"pp-button-title\">\n\t\t\t\t\t\t\t\t\tLisainfo\t\t\t\t\t\t\t\t<\/span>\n\t\t\t\t\t\t\t\t\t\t\t\t\t<\/span>\n\t\t\t\t\t<\/div>\n\t\t\t\t<\/a>\n\t\t\t\t\t\t\t\t\t\t<\/div>\t\t<\/div>\n\t\t\t\t<\/div>\n\t\t\t\t\t<\/div>\n\t\t<\/div>\n\t\t\t\t\t<\/div>\n\t\t<\/section>\n\t\t\t\t<section class=\"elementor-section elementor-top-section elementor-element elementor-element-cc9bbd9 elementor-section-boxed elementor-section-height-default elementor-section-height-default\" data-id=\"cc9bbd9\" data-element_type=\"section\">\n\t\t\t\t\t\t<div class=\"elementor-container elementor-column-gap-default\">\n\t\t\t\t\t<div class=\"elementor-column elementor-col-100 elementor-top-column elementor-element elementor-element-16ab02e8\" data-id=\"16ab02e8\" data-element_type=\"column\">\n\t\t\t<div class=\"elementor-widget-wrap elementor-element-populated\">\n\t\t\t\t\t\t<div class=\"elementor-element elementor-element-117a2c6e elementor-widget elementor-widget-heading\" data-id=\"117a2c6e\" data-element_type=\"widget\" data-widget_type=\"heading.default\">\n\t\t\t\t<div class=\"elementor-widget-container\">\n\t\t\t<h2 class=\"elementor-heading-title elementor-size-default\">Hinnakiri<\/h2>\t\t<\/div>\n\t\t\t\t<\/div>\n\t\t\t\t<div class=\"elementor-element elementor-element-256b98d8 elementor-widget elementor-widget-text-editor\" data-id=\"256b98d8\" data-element_type=\"widget\" data-widget_type=\"text-editor.default\">\n\t\t\t\t<div class=\"elementor-widget-container\">\n\t\t\t\t\t\t\t<p>\n<table id=\"tablepress-96\" class=\"tablepress tablepress-id-96 tablepress-responsive\">\n<thead>\n<tr class=\"row-1 odd\">\n\t<th class=\"column-1\">Toitumisterapeudi konsultatsioon<\/th><th class=\"column-2\">Hind, \u20ac<\/th>\n<\/tr>\n<\/thead>\n<tbody class=\"row-hover\">\n<tr class=\"row-2 even\">\n\t<td class=\"column-1\">Konsultatsioon 60 min + 30 p\u00e4eva veebip\u00f5hiset klienditugi<\/td><td class=\"column-2\">70,00<\/td>\n<\/tr>\n<\/tbody>\n<\/table>\n<!-- #tablepress-96 from cache --><\/p>\t\t\t\t\t\t<\/div>\n\t\t\t\t<\/div>\n\t\t\t\t<div class=\"elementor-element elementor-element-64030910 pp-buttons-halign-center pp-buttons-stack-none elementor-widget elementor-widget-pp-buttons\" data-id=\"64030910\" data-element_type=\"widget\" data-widget_type=\"pp-buttons.default\">\n\t\t\t\t<div class=\"elementor-widget-container\">\n\t\t\t\t\t<div class=\"pp-buttons-group\">\n\t\t\t\t\t\t\t\t\t\t\t<a href=\"https:\/\/copy.medicest.eu\/et\/kontakt\/\" target=\"_blank\" class=\"pp-button elementor-button elementor-size-md elementor-repeater-item-c938c7f \">\n\t\t\t\t\t<div class=\"pp-button-content-wrapper\">\n\t\t\t\t\t\t<span class=\"pp-button-content-inner pp-icon-before\">\n\t\t\t\t\t\t\t\n\t\t\t\t\t\t\t\t<span class=\"pp-button-title\">\n\t\t\t\t\t\t\t\t\tBroneeri\t\t\t\t\t\t\t\t<\/span>\n\t\t\t\t\t\t\t\t\t\t\t\t\t<\/span>\n\t\t\t\t\t<\/div>\n\t\t\t\t<\/a>\n\t\t\t\t\t\t\t\t\t\t<\/div>\t\t<\/div>\n\t\t\t\t<\/div>\n\t\t\t\t\t<\/div>\n\t\t<\/div>\n\t\t\t\t\t<\/div>\n\t\t<\/section>\n\t\t\t\t<\/div>\n\t\t","protected":false},"excerpt":{"rendered":"<p>Toitumisterapeudi konsultatsioon Aleksandra Gagen Erikvalifikatsiooniga spetsialist \u2013 k\u00f5rgharidusega, funktsionaalse toitumise valdkonnast j\u00e4tku\u00f5pet saanud toitumisterapeut Konsultatsioon ei sobi: raske soolehaigusega inimestele (haavandid, Crohni t\u00f5bi, lekkiv soolestik), neerupuudulikkusega onkoloogiaga (v\u00e4lja arvatud remissioonis olev rinnav\u00e4hk) P\u00e4rast n\u00f5ustamist 3 t\u00f6\u00f6p\u00e4eva jooksul: \u00a0 kliendi e-postile saadetakse v\u00e4lja kirjalik kokkuv\u00f5tte, soovitused, lihtsad skeemid ja n\u00e4idised p\u00e4evamenu\u0308u\u0308\u2026<\/p>\n<p class=\"continue-reading-button\"> <a class=\"continue-reading-link\" href=\"https:\/\/copy.medicest.eu\/et\/toitumisterapeudi-konsultatsioon\/\"><i class=\"crycon-right-dir\"><\/i><\/a><\/p>\n","protected":false},"author":1,"featured_media":0,"parent":0,"menu_order":0,"comment_status":"closed","ping_status":"closed","template":"","meta":{"footnotes":""},"class_list":["post-6608","page","type-page","status-publish","hentry"],"yoast_head":"<!-- This site is optimized with the Yoast SEO plugin v23.6 - https:\/\/yoast.com\/wordpress\/plugins\/seo\/ -->\n<title>Toitumisterapeudi konsultatsioon - Ilukliinik Medic-Esthetic<\/title>\n<meta name=\"robots\" content=\"index, follow, max-snippet:-1, max-image-preview:large, max-video-preview:-1\" \/>\n<link rel=\"canonical\" href=\"https:\/\/copy.medicest.eu\/et\/toitumisterapeudi-konsultatsioon\/\" \/>\n<meta property=\"og:locale\" content=\"et_EE\" \/>\n<meta property=\"og:type\" content=\"article\" \/>\n<meta property=\"og:title\" content=\"Toitumisterapeudi konsultatsioon - Ilukliinik Medic-Esthetic\" \/>\n<meta property=\"og:description\" content=\"Toitumisterapeudi konsultatsioon Aleksandra Gagen Erikvalifikatsiooniga spetsialist \u2013 k\u00f5rgharidusega, funktsionaalse toitumise valdkonnast j\u00e4tku\u00f5pet saanud toitumisterapeut Konsultatsioon ei sobi: raske soolehaigusega inimestele (haavandid, Crohni t\u00f5bi, lekkiv soolestik), neerupuudulikkusega onkoloogiaga (v\u00e4lja arvatud remissioonis olev rinnav\u00e4hk) P\u00e4rast n\u00f5ustamist 3 t\u00f6\u00f6p\u00e4eva jooksul: \u00a0 kliendi e-postile saadetakse v\u00e4lja kirjalik kokkuv\u00f5tte, soovitused, lihtsad skeemid ja n\u00e4idised p\u00e4evamenu\u0308u\u0308\u2026\" \/>\n<meta property=\"og:url\" content=\"https:\/\/copy.medicest.eu\/et\/toitumisterapeudi-konsultatsioon\/\" \/>\n<meta property=\"og:site_name\" content=\"Ilukliinik Medic-Esthetic\" \/>\n<meta property=\"article:modified_time\" content=\"2022-09-22T08:39:58+00:00\" \/>\n<meta property=\"og:image\" content=\"https:\/\/copy.medicest.eu\/wp-content\/uploads\/2022\/09\/Al-Gagen-medicest-682x1024.jpeg\" \/>\n<meta name=\"twitter:card\" content=\"summary_large_image\" \/>\n<meta name=\"twitter:label1\" content=\"Est. reading time\" \/>\n\t<meta name=\"twitter:data1\" content=\"2 minutit\" \/>\n<script type=\"application\/ld+json\" class=\"yoast-schema-graph\">{\"@context\":\"https:\/\/schema.org\",\"@graph\":[{\"@type\":\"WebPage\",\"@id\":\"https:\/\/copy.medicest.eu\/et\/toitumisterapeudi-konsultatsioon\/\",\"url\":\"https:\/\/copy.medicest.eu\/et\/toitumisterapeudi-konsultatsioon\/\",\"name\":\"Toitumisterapeudi konsultatsioon - Ilukliinik Medic-Esthetic\",\"isPartOf\":{\"@id\":\"https:\/\/copy.medicest.eu\/#website\"},\"primaryImageOfPage\":{\"@id\":\"https:\/\/copy.medicest.eu\/et\/toitumisterapeudi-konsultatsioon\/#primaryimage\"},\"image\":{\"@id\":\"https:\/\/copy.medicest.eu\/et\/toitumisterapeudi-konsultatsioon\/#primaryimage\"},\"thumbnailUrl\":\"https:\/\/copy.medicest.eu\/wp-content\/uploads\/2022\/09\/Al-Gagen-medicest-682x1024.jpeg\",\"datePublished\":\"2022-01-13T14:57:28+00:00\",\"dateModified\":\"2022-09-22T08:39:58+00:00\",\"breadcrumb\":{\"@id\":\"https:\/\/copy.medicest.eu\/et\/toitumisterapeudi-konsultatsioon\/#breadcrumb\"},\"inLanguage\":\"et\",\"potentialAction\":[{\"@type\":\"ReadAction\",\"target\":[\"https:\/\/copy.medicest.eu\/et\/toitumisterapeudi-konsultatsioon\/\"]}]},{\"@type\":\"ImageObject\",\"inLanguage\":\"et\",\"@id\":\"https:\/\/copy.medicest.eu\/et\/toitumisterapeudi-konsultatsioon\/#primaryimage\",\"url\":\"https:\/\/copy.medicest.eu\/wp-content\/uploads\/2022\/09\/Al-Gagen-medicest-682x1024.jpeg\",\"contentUrl\":\"https:\/\/copy.medicest.eu\/wp-content\/uploads\/2022\/09\/Al-Gagen-medicest-682x1024.jpeg\"},{\"@type\":\"BreadcrumbList\",\"@id\":\"https:\/\/copy.medicest.eu\/et\/toitumisterapeudi-konsultatsioon\/#breadcrumb\",\"itemListElement\":[{\"@type\":\"ListItem\",\"position\":1,\"name\":\"Home\",\"item\":\"https:\/\/copy.medicest.eu\/et\/\"},{\"@type\":\"ListItem\",\"position\":2,\"name\":\"Toitumisterapeudi konsultatsioon\"}]},{\"@type\":\"WebSite\",\"@id\":\"https:\/\/copy.medicest.eu\/#website\",\"url\":\"https:\/\/copy.medicest.eu\/\",\"name\":\"Ilukliinik Medic-Esthetic\",\"description\":\"Beauty &amp; Prestige\",\"potentialAction\":[{\"@type\":\"SearchAction\",\"target\":{\"@type\":\"EntryPoint\",\"urlTemplate\":\"https:\/\/copy.medicest.eu\/?s={search_term_string}\"},\"query-input\":{\"@type\":\"PropertyValueSpecification\",\"valueRequired\":true,\"valueName\":\"search_term_string\"}}],\"inLanguage\":\"et\"}]}<\/script>\n<!-- \/ Yoast SEO plugin. -->","yoast_head_json":{"title":"Toitumisterapeudi konsultatsioon - Ilukliinik Medic-Esthetic","robots":{"index":"index","follow":"follow","max-snippet":"max-snippet:-1","max-image-preview":"max-image-preview:large","max-video-preview":"max-video-preview:-1"},"canonical":"https:\/\/copy.medicest.eu\/et\/toitumisterapeudi-konsultatsioon\/","og_locale":"et_EE","og_type":"article","og_title":"Toitumisterapeudi konsultatsioon - Ilukliinik Medic-Esthetic","og_description":"Toitumisterapeudi konsultatsioon Aleksandra Gagen Erikvalifikatsiooniga spetsialist \u2013 k\u00f5rgharidusega, funktsionaalse toitumise valdkonnast j\u00e4tku\u00f5pet saanud toitumisterapeut Konsultatsioon ei sobi: raske soolehaigusega inimestele (haavandid, Crohni t\u00f5bi, lekkiv soolestik), neerupuudulikkusega onkoloogiaga (v\u00e4lja arvatud remissioonis olev rinnav\u00e4hk) P\u00e4rast n\u00f5ustamist 3 t\u00f6\u00f6p\u00e4eva jooksul: \u00a0 kliendi e-postile saadetakse v\u00e4lja kirjalik kokkuv\u00f5tte, soovitused, lihtsad skeemid ja n\u00e4idised p\u00e4evamenu\u0308u\u0308\u2026","og_url":"https:\/\/copy.medicest.eu\/et\/toitumisterapeudi-konsultatsioon\/","og_site_name":"Ilukliinik Medic-Esthetic","article_modified_time":"2022-09-22T08:39:58+00:00","og_image":[{"url":"https:\/\/copy.medicest.eu\/wp-content\/uploads\/2022\/09\/Al-Gagen-medicest-682x1024.jpeg"}],"twitter_card":"summary_large_image","twitter_misc":{"Est. reading time":"2 minutit"},"schema":{"@context":"https:\/\/schema.org","@graph":[{"@type":"WebPage","@id":"https:\/\/copy.medicest.eu\/et\/toitumisterapeudi-konsultatsioon\/","url":"https:\/\/copy.medicest.eu\/et\/toitumisterapeudi-konsultatsioon\/","name":"Toitumisterapeudi konsultatsioon - Ilukliinik Medic-Esthetic","isPartOf":{"@id":"https:\/\/copy.medicest.eu\/#website"},"primaryImageOfPage":{"@id":"https:\/\/copy.medicest.eu\/et\/toitumisterapeudi-konsultatsioon\/#primaryimage"},"image":{"@id":"https:\/\/copy.medicest.eu\/et\/toitumisterapeudi-konsultatsioon\/#primaryimage"},"thumbnailUrl":"https:\/\/copy.medicest.eu\/wp-content\/uploads\/2022\/09\/Al-Gagen-medicest-682x1024.jpeg","datePublished":"2022-01-13T14:57:28+00:00","dateModified":"2022-09-22T08:39:58+00:00","breadcrumb":{"@id":"https:\/\/copy.medicest.eu\/et\/toitumisterapeudi-konsultatsioon\/#breadcrumb"},"inLanguage":"et","potentialAction":[{"@type":"ReadAction","target":["https:\/\/copy.medicest.eu\/et\/toitumisterapeudi-konsultatsioon\/"]}]},{"@type":"ImageObject","inLanguage":"et","@id":"https:\/\/copy.medicest.eu\/et\/toitumisterapeudi-konsultatsioon\/#primaryimage","url":"https:\/\/copy.medicest.eu\/wp-content\/uploads\/2022\/09\/Al-Gagen-medicest-682x1024.jpeg","contentUrl":"https:\/\/copy.medicest.eu\/wp-content\/uploads\/2022\/09\/Al-Gagen-medicest-682x1024.jpeg"},{"@type":"BreadcrumbList","@id":"https:\/\/copy.medicest.eu\/et\/toitumisterapeudi-konsultatsioon\/#breadcrumb","itemListElement":[{"@type":"ListItem","position":1,"name":"Home","item":"https:\/\/copy.medicest.eu\/et\/"},{"@type":"ListItem","position":2,"name":"Toitumisterapeudi konsultatsioon"}]},{"@type":"WebSite","@id":"https:\/\/copy.medicest.eu\/#website","url":"https:\/\/copy.medicest.eu\/","name":"Ilukliinik Medic-Esthetic","description":"Beauty &amp; Prestige","potentialAction":[{"@type":"SearchAction","target":{"@type":"EntryPoint","urlTemplate":"https:\/\/copy.medicest.eu\/?s={search_term_string}"},"query-input":{"@type":"PropertyValueSpecification","valueRequired":true,"valueName":"search_term_string"}}],"inLanguage":"et"}]}},"_links":{"self":[{"href":"https:\/\/copy.medicest.eu\/et\/wp-json\/wp\/v2\/pages\/6608","targetHints":{"allow":["GET"]}}],"collection":[{"href":"https:\/\/copy.medicest.eu\/et\/wp-json\/wp\/v2\/pages"}],"about":[{"href":"https:\/\/copy.medicest.eu\/et\/wp-json\/wp\/v2\/types\/page"}],"author":[{"embeddable":true,"href":"https:\/\/copy.medicest.eu\/et\/wp-json\/wp\/v2\/users\/1"}],"replies":[{"embeddable":true,"href":"https:\/\/copy.medicest.eu\/et\/wp-json\/wp\/v2\/comments?post=6608"}],"version-history":[{"count":28,"href":"https:\/\/copy.medicest.eu\/et\/wp-json\/wp\/v2\/pages\/6608\/revisions"}],"predecessor-version":[{"id":10321,"href":"https:\/\/copy.medicest.eu\/et\/wp-json\/wp\/v2\/pages\/6608\/revisions\/10321"}],"wp:attachment":[{"href":"https:\/\/copy.medicest.eu\/et\/wp-json\/wp\/v2\/media?parent=6608"}],"curies":[{"name":"wp","href":"https:\/\/api.w.org\/{rel}","templated":true}]}}