{"id":6728,"date":"2022-01-19T13:15:17","date_gmt":"2022-01-19T13:15:17","guid":{"rendered":"https:\/\/copy.medicest.eu\/mikronidling-skinpen\/"},"modified":"2023-02-07T12:56:14","modified_gmt":"2023-02-07T12:56:14","slug":"mikronoelumine-skinpeni-abil","status":"publish","type":"page","link":"https:\/\/copy.medicest.eu\/et\/mikronoelumine-skinpeni-abil\/","title":{"rendered":"Mikron\u00f5elumine SkinPeni abil"},"content":{"rendered":"\t\t<div data-elementor-type=\"wp-page\" data-elementor-id=\"6728\" class=\"elementor elementor-6728 elementor-6687\">\n\t\t\t\t\t\t<section class=\"elementor-section elementor-top-section elementor-element elementor-element-689ff4cd elementor-section-boxed elementor-section-height-default elementor-section-height-default\" data-id=\"689ff4cd\" data-element_type=\"section\">\n\t\t\t\t\t\t<div class=\"elementor-container elementor-column-gap-default\">\n\t\t\t\t\t<div class=\"elementor-column elementor-col-100 elementor-top-column elementor-element elementor-element-5cf63dce\" data-id=\"5cf63dce\" data-element_type=\"column\">\n\t\t\t<div class=\"elementor-widget-wrap elementor-element-populated\">\n\t\t\t\t\t\t<div class=\"elementor-element elementor-element-c35be14 elementor-widget elementor-widget-heading\" data-id=\"c35be14\" data-element_type=\"widget\" data-widget_type=\"heading.default\">\n\t\t\t\t<div class=\"elementor-widget-container\">\n\t\t\t<h2 class=\"elementor-heading-title elementor-size-default\">Mikron\u00f5elumine SkinPeni abil\n<\/h2>\t\t<\/div>\n\t\t\t\t<\/div>\n\t\t\t\t<div class=\"elementor-element elementor-element-2145d52c elementor-widget elementor-widget-heading\" data-id=\"2145d52c\" data-element_type=\"widget\" data-widget_type=\"heading.default\">\n\t\t\t\t<div class=\"elementor-widget-container\">\n\t\t\t<h3 class=\"elementor-heading-title elementor-size-default\">Teie naha uuendamine ja noorendamine\n\n<\/h3>\t\t<\/div>\n\t\t\t\t<\/div>\n\t\t\t\t\t<\/div>\n\t\t<\/div>\n\t\t\t\t\t<\/div>\n\t\t<\/section>\n\t\t\t\t<section class=\"elementor-section elementor-top-section elementor-element elementor-element-ee45410 elementor-section-boxed elementor-section-height-default elementor-section-height-default\" data-id=\"ee45410\" data-element_type=\"section\">\n\t\t\t\t\t\t<div class=\"elementor-container elementor-column-gap-default\">\n\t\t\t\t\t<div class=\"elementor-column elementor-col-50 elementor-top-column elementor-element elementor-element-78b687d\" data-id=\"78b687d\" data-element_type=\"column\">\n\t\t\t<div class=\"elementor-widget-wrap elementor-element-populated\">\n\t\t\t\t\t\t<div class=\"elementor-element elementor-element-13fe8cc elementor-widget elementor-widget-text-editor\" data-id=\"13fe8cc\" data-element_type=\"widget\" data-widget_type=\"text-editor.default\">\n\t\t\t\t<div class=\"elementor-widget-container\">\n\t\t\t\t\t\t\t<p><strong>Mikron\u00f5elumine<\/strong> (Microneedling)\u00a0 on kosmeetikaprotseduur, mille k\u00e4igus tehakse peente n\u00f5eltega mitu torget epidermise \u00fclemistesse kihtidesse.<\/p><p>See meetod aktiveerib kollageeni ja elastiini loomuliku tootmise, kiirendab naha taastumist, stimuleerib vereringet.<\/p>\t\t\t\t\t\t<\/div>\n\t\t\t\t<\/div>\n\t\t\t\t<div class=\"elementor-element elementor-element-7447b1d elementor-widget elementor-widget-text-editor\" data-id=\"7447b1d\" data-element_type=\"widget\" data-widget_type=\"text-editor.default\">\n\t\t\t\t<div class=\"elementor-widget-container\">\n\t\t\t\t\t\t\t<h4><strong>N\u00e4idustused<\/strong><\/h4><p>Mikron\u00f5elumine suudab \u00e4ra hoida paljude esteetiliste probleemide teket ja vabaneda j\u00e4rgmistest puudustest:<\/p><ul><li>kortsud<\/li><li>aknej\u00e4rgsed ilmingud<\/li><li>armid, v\u00e4ikesed haavad<\/li><li>laienenud poorid<\/li><li>pigmentatsioon<\/li><\/ul>\t\t\t\t\t\t<\/div>\n\t\t\t\t<\/div>\n\t\t\t\t\t<\/div>\n\t\t<\/div>\n\t\t\t\t<div class=\"elementor-column elementor-col-50 elementor-top-column elementor-element elementor-element-d1f43e2\" data-id=\"d1f43e2\" data-element_type=\"column\">\n\t\t\t<div class=\"elementor-widget-wrap elementor-element-populated\">\n\t\t\t\t\t\t<div class=\"elementor-element elementor-element-75c37b5 elementor-widget elementor-widget-image\" data-id=\"75c37b5\" data-element_type=\"widget\" data-widget_type=\"image.default\">\n\t\t\t\t<div class=\"elementor-widget-container\">\n\t\t\t\t\t\t\t\t\t\t\t\t\t<img fetchpriority=\"high\" decoding=\"async\" width=\"384\" height=\"480\" src=\"https:\/\/copy.medicest.eu\/wp-content\/uploads\/2022\/01\/skin-pen-tallinn.jpg\" class=\"attachment-large size-large wp-image-6691\" alt=\"\" srcset=\"https:\/\/copy.medicest.eu\/wp-content\/uploads\/2022\/01\/skin-pen-tallinn.jpg 384w, https:\/\/copy.medicest.eu\/wp-content\/uploads\/2022\/01\/skin-pen-tallinn-240x300.jpg 240w, https:\/\/copy.medicest.eu\/wp-content\/uploads\/2022\/01\/skin-pen-tallinn-120x150.jpg 120w\" sizes=\"(max-width: 384px) 100vw, 384px\" \/>\t\t\t\t\t\t\t\t\t\t\t\t\t<\/div>\n\t\t\t\t<\/div>\n\t\t\t\t\t<\/div>\n\t\t<\/div>\n\t\t\t\t\t<\/div>\n\t\t<\/section>\n\t\t\t\t<section class=\"elementor-section elementor-top-section elementor-element elementor-element-5661633 elementor-section-boxed elementor-section-height-default elementor-section-height-default\" data-id=\"5661633\" data-element_type=\"section\">\n\t\t\t\t\t\t<div class=\"elementor-container elementor-column-gap-default\">\n\t\t\t\t\t<div class=\"elementor-column elementor-col-50 elementor-top-column elementor-element elementor-element-163e57a\" data-id=\"163e57a\" data-element_type=\"column\">\n\t\t\t<div class=\"elementor-widget-wrap elementor-element-populated\">\n\t\t\t\t\t\t<div class=\"elementor-element elementor-element-2519125 elementor-widget elementor-widget-image\" data-id=\"2519125\" data-element_type=\"widget\" data-widget_type=\"image.default\">\n\t\t\t\t<div class=\"elementor-widget-container\">\n\t\t\t\t\t\t\t\t\t\t\t\t\t<img decoding=\"async\" width=\"526\" height=\"526\" src=\"https:\/\/copy.medicest.eu\/wp-content\/uploads\/2022\/01\/skin-pen.jpg\" class=\"attachment-large size-large wp-image-6719\" alt=\"\" srcset=\"https:\/\/copy.medicest.eu\/wp-content\/uploads\/2022\/01\/skin-pen.jpg 526w, https:\/\/copy.medicest.eu\/wp-content\/uploads\/2022\/01\/skin-pen-300x300.jpg 300w, https:\/\/copy.medicest.eu\/wp-content\/uploads\/2022\/01\/skin-pen-150x150.jpg 150w\" sizes=\"(max-width: 526px) 100vw, 526px\" \/>\t\t\t\t\t\t\t\t\t\t\t\t\t<\/div>\n\t\t\t\t<\/div>\n\t\t\t\t\t<\/div>\n\t\t<\/div>\n\t\t\t\t<div class=\"elementor-column elementor-col-50 elementor-top-column elementor-element elementor-element-4c81d58\" data-id=\"4c81d58\" data-element_type=\"column\">\n\t\t\t<div class=\"elementor-widget-wrap elementor-element-populated\">\n\t\t\t\t\t\t<div class=\"elementor-element elementor-element-83af007 elementor-widget elementor-widget-text-editor\" data-id=\"83af007\" data-element_type=\"widget\" data-widget_type=\"text-editor.default\">\n\t\t\t\t<div class=\"elementor-widget-container\">\n\t\t\t\t\t\t\t<p><strong>Kliiniku Medic-Esthetic spetsialistid kasutavad mikron\u00f5elumiseks seadet SkinPen (Crown Aesthetics, USA)<\/strong><\/p><p>Tegemist on mootoriga spetsiaalse k\u00e4epideme kujul oleva mikron\u00f5elteraapiaseadmega, mis tagab n\u00f5elte \u00fchtlase vertikaalse etteande nahka suure kiirusega.<\/p><p>Igal pkliendil kasutatakse \u00fchekordse kasutusega steriilset kassetti.<\/p><p>SkinPeniga mikron\u00f5elumine v\u00f5ib toimuda eraldi protseduurina, ilma lisapreparaatide kasutamiseta. Aga tuntavama tulemuse nimel v\u00f5ime kombineerida mikron\u00f5elumise koorimise v\u00f5i mesokokteiliga, seerumitega.<\/p><p>Mikrotorgete kaudu tungivad vananemisvastaste ainete toimeained rohkem naha s\u00fcgavatesse kihtidesse (v\u00f5rreldes pindmise pealekandmisega).<\/p><p>Seega tugevdab protseduur manustatava aine toimet.<\/p>\t\t\t\t\t\t<\/div>\n\t\t\t\t<\/div>\n\t\t\t\t\t<\/div>\n\t\t<\/div>\n\t\t\t\t\t<\/div>\n\t\t<\/section>\n\t\t\t\t<section class=\"elementor-section elementor-top-section elementor-element elementor-element-c73d4a6 elementor-section-boxed elementor-section-height-default elementor-section-height-default\" data-id=\"c73d4a6\" data-element_type=\"section\">\n\t\t\t\t\t\t<div class=\"elementor-container elementor-column-gap-default\">\n\t\t\t\t\t<div class=\"elementor-column elementor-col-50 elementor-top-column elementor-element elementor-element-b5e228d\" data-id=\"b5e228d\" data-element_type=\"column\">\n\t\t\t<div class=\"elementor-widget-wrap elementor-element-populated\">\n\t\t\t\t\t\t<div class=\"elementor-element elementor-element-16a48a1 elementor-widget elementor-widget-text-editor\" data-id=\"16a48a1\" data-element_type=\"widget\" data-widget_type=\"text-editor.default\">\n\t\t\t\t<div class=\"elementor-widget-container\">\n\t\t\t\t\t\t\t<h4><strong>Eelised<\/strong><\/h4><ul><li>L\u00fchike taastumisaeg (keskmiselt 48 tundi) \u2013 ideaalne h\u00f5ivatud inimestele, kelle p\u00e4evakava on tihe<\/li><li>V\u00f5ib kasutada igal aastaajal<\/li><li>USA Toidu- ja Ravimiameti heakskiit, ELi sertifikaadid, mis kinnitavad selle ohutust ja t\u00f5husust<\/li><li>Ebamugavustunde minimeerimiseks v\u00f5i kasutada tuimestavat geeli.<\/li><li>Universaalsus \u2013 protseduur sobib k\u00f5ikidele nahat\u00fc\u00fcpidele<\/li><li>Ohutus \u2013 \u00fchekordselt kasutatavad SkinPeni kassetid v\u00f5imaldavad t\u00e4ielikku steriilsust.<\/li><li>T\u00f5husus &#8211; teraapiaj\u00e4rgne tulemus p\u00fcsib \u00fcsna pikka aega. Maksimaalse t\u00f5hususeks saavutamiseks on soovitatav 4st protseduurist koosnev kuur 3-4-n\u00e4dalase intervalliga.<\/li><\/ul><p>\u00a0<\/p>\t\t\t\t\t\t<\/div>\n\t\t\t\t<\/div>\n\t\t\t\t\t<\/div>\n\t\t<\/div>\n\t\t\t\t<div class=\"elementor-column elementor-col-50 elementor-top-column elementor-element elementor-element-a02ca90\" data-id=\"a02ca90\" data-element_type=\"column\">\n\t\t\t<div class=\"elementor-widget-wrap elementor-element-populated\">\n\t\t\t\t\t\t<div class=\"elementor-element elementor-element-9edfdd9 elementor-widget elementor-widget-text-editor\" data-id=\"9edfdd9\" data-element_type=\"widget\" data-widget_type=\"text-editor.default\">\n\t\t\t\t<div class=\"elementor-widget-container\">\n\t\t\t\t\t\t\t<h4><strong>Vastun\u00e4idustused<\/strong><\/h4><ul><li>Rasedus, rinnaga toitmine<\/li><li>Onkoloogilised haigused<\/li><li>Kroonilised haigused \u00e4gedas staadiumis<\/li><li>\u00c4gedad p\u00f5letikulised protsessid organismis<\/li><li>Vereringehaigused<\/li><li>Nahahaigused<\/li><li>Kasvajad v\u00f5i kahjustused eeldatavas meetodi kohaldamispiirkonnas<\/li><\/ul>\t\t\t\t\t\t<\/div>\n\t\t\t\t<\/div>\n\t\t\t\t\t<\/div>\n\t\t<\/div>\n\t\t\t\t\t<\/div>\n\t\t<\/section>\n\t\t\t\t<section class=\"elementor-section elementor-top-section elementor-element elementor-element-31a092b6 elementor-section-boxed elementor-section-height-default elementor-section-height-default\" data-id=\"31a092b6\" data-element_type=\"section\">\n\t\t\t\t\t\t<div class=\"elementor-container elementor-column-gap-default\">\n\t\t\t\t\t<div class=\"elementor-column elementor-col-100 elementor-top-column elementor-element elementor-element-6e6fc35d\" data-id=\"6e6fc35d\" data-element_type=\"column\">\n\t\t\t<div class=\"elementor-widget-wrap elementor-element-populated\">\n\t\t\t\t\t\t<div class=\"elementor-element elementor-element-1e98aaf7 elementor-widget elementor-widget-heading\" data-id=\"1e98aaf7\" data-element_type=\"widget\" data-widget_type=\"heading.default\">\n\t\t\t\t<div class=\"elementor-widget-container\">\n\t\t\t<h2 class=\"elementor-heading-title elementor-size-default\">Hinnakiri<\/h2>\t\t<\/div>\n\t\t\t\t<\/div>\n\t\t\t\t<div class=\"elementor-element elementor-element-310667e7 elementor-widget elementor-widget-text-editor\" data-id=\"310667e7\" data-element_type=\"widget\" data-widget_type=\"text-editor.default\">\n\t\t\t\t<div class=\"elementor-widget-container\">\n\t\t\t\t\t\t\t<p>\n<table id=\"tablepress-98\" class=\"tablepress tablepress-id-98 tablepress-responsive\">\n<thead>\n<tr class=\"row-1 odd\">\n\t<th class=\"column-1\">Mikron\u00f5elumine SkinPeni abil<\/th><th class=\"column-2\">Hind \u20ac<\/th>\n<\/tr>\n<\/thead>\n<tbody class=\"row-hover\">\n<tr class=\"row-2 even\">\n\t<td class=\"column-1\">Mikron\u00f5elumine 60 min<\/td><td class=\"column-2\">70,00<\/td>\n<\/tr>\n<tr class=\"row-3 odd\">\n\t<td class=\"column-1\">Mikron\u00f5elumine mesokokteiliga 60 min<\/td><td class=\"column-2\">100,00 <\/td>\n<\/tr>\n<tr class=\"row-4 even\">\n\t<td class=\"column-1\">Kuur 4 protseduuri mesokokteiliga<\/td><td class=\"column-2\">360,00 <\/td>\n<\/tr>\n<\/tbody>\n<\/table>\n<!-- #tablepress-98 from cache --><\/p>\t\t\t\t\t\t<\/div>\n\t\t\t\t<\/div>\n\t\t\t\t<div class=\"elementor-element elementor-element-7a506de0 pp-buttons-halign-center pp-buttons-stack-none elementor-widget elementor-widget-pp-buttons\" data-id=\"7a506de0\" data-element_type=\"widget\" data-widget_type=\"pp-buttons.default\">\n\t\t\t\t<div class=\"elementor-widget-container\">\n\t\t\t\t\t<div class=\"pp-buttons-group\">\n\t\t\t\t\t\t\t\t\t\t\t<a href=\"https:\/\/shop.medicest.eu\/et\/product\/mikronoelumine-skinpeni-abil\/\" target=\"_blank\" class=\"pp-button elementor-button elementor-size-md elementor-repeater-item-c938c7f \">\n\t\t\t\t\t<div class=\"pp-button-content-wrapper\">\n\t\t\t\t\t\t<span class=\"pp-button-content-inner pp-icon-before\">\n\t\t\t\t\t\t\t\n\t\t\t\t\t\t\t\t<span class=\"pp-button-title\">\n\t\t\t\t\t\t\t\t\tOsta\t\t\t\t\t\t\t\t<\/span>\n\t\t\t\t\t\t\t\t\t\t\t\t\t<\/span>\n\t\t\t\t\t<\/div>\n\t\t\t\t<\/a>\n\t\t\t\t\t\t\t\t\t\t<\/div>\t\t<\/div>\n\t\t\t\t<\/div>\n\t\t\t\t\t<\/div>\n\t\t<\/div>\n\t\t\t\t\t<\/div>\n\t\t<\/section>\n\t\t\t\t<\/div>\n\t\t","protected":false},"excerpt":{"rendered":"<p>Mikron\u00f5elumine SkinPeni abil Teie naha uuendamine ja noorendamine Mikron\u00f5elumine (Microneedling)\u00a0 on kosmeetikaprotseduur, mille k\u00e4igus tehakse peente n\u00f5eltega mitu torget epidermise \u00fclemistesse kihtidesse. See meetod aktiveerib kollageeni ja elastiini loomuliku tootmise, kiirendab naha taastumist, stimuleerib vereringet. N\u00e4idustused Mikron\u00f5elumine suudab \u00e4ra hoida paljude esteetiliste probleemide teket ja vabaneda j\u00e4rgmistest puudustest: kortsud aknej\u00e4rgsed\u2026<\/p>\n<p class=\"continue-reading-button\"> <a class=\"continue-reading-link\" href=\"https:\/\/copy.medicest.eu\/et\/mikronoelumine-skinpeni-abil\/\"><i class=\"crycon-right-dir\"><\/i><\/a><\/p>\n","protected":false},"author":1,"featured_media":0,"parent":0,"menu_order":0,"comment_status":"closed","ping_status":"closed","template":"","meta":{"footnotes":""},"class_list":["post-6728","page","type-page","status-publish","hentry"],"yoast_head":"<!-- This site is optimized with the Yoast SEO plugin v23.6 - https:\/\/yoast.com\/wordpress\/plugins\/seo\/ -->\n<title>Mikron\u00f5elumine SkinPeni abil - Ilukliinik Medic-Esthetic<\/title>\n<meta name=\"robots\" content=\"index, follow, max-snippet:-1, max-image-preview:large, max-video-preview:-1\" \/>\n<link rel=\"canonical\" href=\"https:\/\/copy.medicest.eu\/et\/mikronoelumine-skinpeni-abil\/\" \/>\n<meta property=\"og:locale\" content=\"et_EE\" \/>\n<meta property=\"og:type\" content=\"article\" \/>\n<meta property=\"og:title\" content=\"Mikron\u00f5elumine SkinPeni abil - Ilukliinik Medic-Esthetic\" \/>\n<meta property=\"og:description\" content=\"Mikron\u00f5elumine SkinPeni abil Teie naha uuendamine ja noorendamine Mikron\u00f5elumine (Microneedling)\u00a0 on kosmeetikaprotseduur, mille k\u00e4igus tehakse peente n\u00f5eltega mitu torget epidermise \u00fclemistesse kihtidesse. See meetod aktiveerib kollageeni ja elastiini loomuliku tootmise, kiirendab naha taastumist, stimuleerib vereringet. N\u00e4idustused Mikron\u00f5elumine suudab \u00e4ra hoida paljude esteetiliste probleemide teket ja vabaneda j\u00e4rgmistest puudustest: kortsud aknej\u00e4rgsed\u2026\" \/>\n<meta property=\"og:url\" content=\"https:\/\/copy.medicest.eu\/et\/mikronoelumine-skinpeni-abil\/\" \/>\n<meta property=\"og:site_name\" content=\"Ilukliinik Medic-Esthetic\" \/>\n<meta property=\"article:modified_time\" content=\"2023-02-07T12:56:14+00:00\" \/>\n<meta property=\"og:image\" content=\"https:\/\/copy.medicest.eu\/wp-content\/uploads\/2022\/01\/skin-pen-tallinn.jpg\" \/>\n<meta name=\"twitter:card\" content=\"summary_large_image\" \/>\n<meta name=\"twitter:label1\" content=\"Est. reading time\" \/>\n\t<meta name=\"twitter:data1\" content=\"2 minutit\" \/>\n<script type=\"application\/ld+json\" class=\"yoast-schema-graph\">{\"@context\":\"https:\/\/schema.org\",\"@graph\":[{\"@type\":\"WebPage\",\"@id\":\"https:\/\/copy.medicest.eu\/et\/mikronoelumine-skinpeni-abil\/\",\"url\":\"https:\/\/copy.medicest.eu\/et\/mikronoelumine-skinpeni-abil\/\",\"name\":\"Mikron\u00f5elumine SkinPeni abil - Ilukliinik Medic-Esthetic\",\"isPartOf\":{\"@id\":\"https:\/\/copy.medicest.eu\/#website\"},\"primaryImageOfPage\":{\"@id\":\"https:\/\/copy.medicest.eu\/et\/mikronoelumine-skinpeni-abil\/#primaryimage\"},\"image\":{\"@id\":\"https:\/\/copy.medicest.eu\/et\/mikronoelumine-skinpeni-abil\/#primaryimage\"},\"thumbnailUrl\":\"https:\/\/copy.medicest.eu\/wp-content\/uploads\/2022\/01\/skin-pen-tallinn.jpg\",\"datePublished\":\"2022-01-19T13:15:17+00:00\",\"dateModified\":\"2023-02-07T12:56:14+00:00\",\"breadcrumb\":{\"@id\":\"https:\/\/copy.medicest.eu\/et\/mikronoelumine-skinpeni-abil\/#breadcrumb\"},\"inLanguage\":\"et\",\"potentialAction\":[{\"@type\":\"ReadAction\",\"target\":[\"https:\/\/copy.medicest.eu\/et\/mikronoelumine-skinpeni-abil\/\"]}]},{\"@type\":\"ImageObject\",\"inLanguage\":\"et\",\"@id\":\"https:\/\/copy.medicest.eu\/et\/mikronoelumine-skinpeni-abil\/#primaryimage\",\"url\":\"https:\/\/copy.medicest.eu\/wp-content\/uploads\/2022\/01\/skin-pen-tallinn.jpg\",\"contentUrl\":\"https:\/\/copy.medicest.eu\/wp-content\/uploads\/2022\/01\/skin-pen-tallinn.jpg\"},{\"@type\":\"BreadcrumbList\",\"@id\":\"https:\/\/copy.medicest.eu\/et\/mikronoelumine-skinpeni-abil\/#breadcrumb\",\"itemListElement\":[{\"@type\":\"ListItem\",\"position\":1,\"name\":\"Home\",\"item\":\"https:\/\/copy.medicest.eu\/et\/\"},{\"@type\":\"ListItem\",\"position\":2,\"name\":\"Mikron\u00f5elumine SkinPeni abil\"}]},{\"@type\":\"WebSite\",\"@id\":\"https:\/\/copy.medicest.eu\/#website\",\"url\":\"https:\/\/copy.medicest.eu\/\",\"name\":\"Ilukliinik Medic-Esthetic\",\"description\":\"Beauty &amp; Prestige\",\"potentialAction\":[{\"@type\":\"SearchAction\",\"target\":{\"@type\":\"EntryPoint\",\"urlTemplate\":\"https:\/\/copy.medicest.eu\/?s={search_term_string}\"},\"query-input\":{\"@type\":\"PropertyValueSpecification\",\"valueRequired\":true,\"valueName\":\"search_term_string\"}}],\"inLanguage\":\"et\"}]}<\/script>\n<!-- \/ Yoast SEO plugin. -->","yoast_head_json":{"title":"Mikron\u00f5elumine SkinPeni abil - Ilukliinik Medic-Esthetic","robots":{"index":"index","follow":"follow","max-snippet":"max-snippet:-1","max-image-preview":"max-image-preview:large","max-video-preview":"max-video-preview:-1"},"canonical":"https:\/\/copy.medicest.eu\/et\/mikronoelumine-skinpeni-abil\/","og_locale":"et_EE","og_type":"article","og_title":"Mikron\u00f5elumine SkinPeni abil - Ilukliinik Medic-Esthetic","og_description":"Mikron\u00f5elumine SkinPeni abil Teie naha uuendamine ja noorendamine Mikron\u00f5elumine (Microneedling)\u00a0 on kosmeetikaprotseduur, mille k\u00e4igus tehakse peente n\u00f5eltega mitu torget epidermise \u00fclemistesse kihtidesse. See meetod aktiveerib kollageeni ja elastiini loomuliku tootmise, kiirendab naha taastumist, stimuleerib vereringet. N\u00e4idustused Mikron\u00f5elumine suudab \u00e4ra hoida paljude esteetiliste probleemide teket ja vabaneda j\u00e4rgmistest puudustest: kortsud aknej\u00e4rgsed\u2026","og_url":"https:\/\/copy.medicest.eu\/et\/mikronoelumine-skinpeni-abil\/","og_site_name":"Ilukliinik Medic-Esthetic","article_modified_time":"2023-02-07T12:56:14+00:00","og_image":[{"url":"https:\/\/copy.medicest.eu\/wp-content\/uploads\/2022\/01\/skin-pen-tallinn.jpg"}],"twitter_card":"summary_large_image","twitter_misc":{"Est. reading time":"2 minutit"},"schema":{"@context":"https:\/\/schema.org","@graph":[{"@type":"WebPage","@id":"https:\/\/copy.medicest.eu\/et\/mikronoelumine-skinpeni-abil\/","url":"https:\/\/copy.medicest.eu\/et\/mikronoelumine-skinpeni-abil\/","name":"Mikron\u00f5elumine SkinPeni abil - Ilukliinik Medic-Esthetic","isPartOf":{"@id":"https:\/\/copy.medicest.eu\/#website"},"primaryImageOfPage":{"@id":"https:\/\/copy.medicest.eu\/et\/mikronoelumine-skinpeni-abil\/#primaryimage"},"image":{"@id":"https:\/\/copy.medicest.eu\/et\/mikronoelumine-skinpeni-abil\/#primaryimage"},"thumbnailUrl":"https:\/\/copy.medicest.eu\/wp-content\/uploads\/2022\/01\/skin-pen-tallinn.jpg","datePublished":"2022-01-19T13:15:17+00:00","dateModified":"2023-02-07T12:56:14+00:00","breadcrumb":{"@id":"https:\/\/copy.medicest.eu\/et\/mikronoelumine-skinpeni-abil\/#breadcrumb"},"inLanguage":"et","potentialAction":[{"@type":"ReadAction","target":["https:\/\/copy.medicest.eu\/et\/mikronoelumine-skinpeni-abil\/"]}]},{"@type":"ImageObject","inLanguage":"et","@id":"https:\/\/copy.medicest.eu\/et\/mikronoelumine-skinpeni-abil\/#primaryimage","url":"https:\/\/copy.medicest.eu\/wp-content\/uploads\/2022\/01\/skin-pen-tallinn.jpg","contentUrl":"https:\/\/copy.medicest.eu\/wp-content\/uploads\/2022\/01\/skin-pen-tallinn.jpg"},{"@type":"BreadcrumbList","@id":"https:\/\/copy.medicest.eu\/et\/mikronoelumine-skinpeni-abil\/#breadcrumb","itemListElement":[{"@type":"ListItem","position":1,"name":"Home","item":"https:\/\/copy.medicest.eu\/et\/"},{"@type":"ListItem","position":2,"name":"Mikron\u00f5elumine SkinPeni abil"}]},{"@type":"WebSite","@id":"https:\/\/copy.medicest.eu\/#website","url":"https:\/\/copy.medicest.eu\/","name":"Ilukliinik Medic-Esthetic","description":"Beauty &amp; Prestige","potentialAction":[{"@type":"SearchAction","target":{"@type":"EntryPoint","urlTemplate":"https:\/\/copy.medicest.eu\/?s={search_term_string}"},"query-input":{"@type":"PropertyValueSpecification","valueRequired":true,"valueName":"search_term_string"}}],"inLanguage":"et"}]}},"_links":{"self":[{"href":"https:\/\/copy.medicest.eu\/et\/wp-json\/wp\/v2\/pages\/6728","targetHints":{"allow":["GET"]}}],"collection":[{"href":"https:\/\/copy.medicest.eu\/et\/wp-json\/wp\/v2\/pages"}],"about":[{"href":"https:\/\/copy.medicest.eu\/et\/wp-json\/wp\/v2\/types\/page"}],"author":[{"embeddable":true,"href":"https:\/\/copy.medicest.eu\/et\/wp-json\/wp\/v2\/users\/1"}],"replies":[{"embeddable":true,"href":"https:\/\/copy.medicest.eu\/et\/wp-json\/wp\/v2\/comments?post=6728"}],"version-history":[{"count":16,"href":"https:\/\/copy.medicest.eu\/et\/wp-json\/wp\/v2\/pages\/6728\/revisions"}],"predecessor-version":[{"id":11001,"href":"https:\/\/copy.medicest.eu\/et\/wp-json\/wp\/v2\/pages\/6728\/revisions\/11001"}],"wp:attachment":[{"href":"https:\/\/copy.medicest.eu\/et\/wp-json\/wp\/v2\/media?parent=6728"}],"curies":[{"name":"wp","href":"https:\/\/api.w.org\/{rel}","templated":true}]}}