{"id":7133,"date":"2022-03-02T11:44:36","date_gmt":"2022-03-02T11:44:36","guid":{"rendered":"https:\/\/copy.medicest.eu\/kompleksnyj-uxod-legkoe-dyxanie\/"},"modified":"2023-04-24T11:05:02","modified_gmt":"2023-04-24T11:05:02","slug":"kompleksne-naohooldus-kerge-hingamine","status":"publish","type":"page","link":"https:\/\/copy.medicest.eu\/et\/kompleksne-naohooldus-kerge-hingamine\/","title":{"rendered":"Komplekshoolitsus &#8220;Kerge hingamine&#8221;"},"content":{"rendered":"\t\t<div data-elementor-type=\"wp-page\" data-elementor-id=\"7133\" class=\"elementor elementor-7133 elementor-7100\">\n\t\t\t\t\t\t<section class=\"elementor-section elementor-top-section elementor-element elementor-element-2a9cf78f elementor-section-boxed elementor-section-height-default elementor-section-height-default\" data-id=\"2a9cf78f\" data-element_type=\"section\">\n\t\t\t\t\t\t<div class=\"elementor-container elementor-column-gap-default\">\n\t\t\t\t\t<div class=\"elementor-column elementor-col-100 elementor-top-column elementor-element elementor-element-1deaf14\" data-id=\"1deaf14\" data-element_type=\"column\">\n\t\t\t<div class=\"elementor-widget-wrap elementor-element-populated\">\n\t\t\t\t\t\t<div class=\"elementor-element elementor-element-74b4d505 elementor-widget elementor-widget-heading\" data-id=\"74b4d505\" data-element_type=\"widget\" data-widget_type=\"heading.default\">\n\t\t\t\t<div class=\"elementor-widget-container\">\n\t\t\t<h2 class=\"elementor-heading-title elementor-size-default\">Aquapeeling JetPeel + Mikrovoolude teraapia<\/h2>\t\t<\/div>\n\t\t\t\t<\/div>\n\t\t\t\t<div class=\"elementor-element elementor-element-16dd8aaf elementor-widget elementor-widget-heading\" data-id=\"16dd8aaf\" data-element_type=\"widget\" data-widget_type=\"heading.default\">\n\t\t\t\t<div class=\"elementor-widget-container\">\n\t\t\t<h3 class=\"elementor-heading-title elementor-size-default\">Komplekshoolitsus \"Kerge hingamine\" \n\n\n<\/h3>\t\t<\/div>\n\t\t\t\t<\/div>\n\t\t\t\t\t<\/div>\n\t\t<\/div>\n\t\t\t\t\t<\/div>\n\t\t<\/section>\n\t\t\t\t<section class=\"elementor-section elementor-top-section elementor-element elementor-element-58e28ad elementor-section-boxed elementor-section-height-default elementor-section-height-default\" data-id=\"58e28ad\" data-element_type=\"section\">\n\t\t\t\t\t\t<div class=\"elementor-container elementor-column-gap-default\">\n\t\t\t\t\t<div class=\"elementor-column elementor-col-100 elementor-top-column elementor-element elementor-element-faa4947\" data-id=\"faa4947\" data-element_type=\"column\">\n\t\t\t<div class=\"elementor-widget-wrap elementor-element-populated\">\n\t\t\t\t\t\t<div class=\"elementor-element elementor-element-67d2c53 elementor-widget elementor-widget-text-editor\" data-id=\"67d2c53\" data-element_type=\"widget\" data-widget_type=\"text-editor.default\">\n\t\t\t\t<div class=\"elementor-widget-container\">\n\t\t\t\t\t\t\t<p style=\"text-align: center;\">Protseduur koosneb mitmest etapist, mille koosm\u00f5ju annab suurep\u00e4rase n\u00e4onaha v\u00e4rskust taastava ja noorendava tulemuse.<\/p>\t\t\t\t\t\t<\/div>\n\t\t\t\t<\/div>\n\t\t\t\t\t<\/div>\n\t\t<\/div>\n\t\t\t\t\t<\/div>\n\t\t<\/section>\n\t\t\t\t<section class=\"elementor-section elementor-top-section elementor-element elementor-element-61f3679d elementor-section-boxed elementor-section-height-default elementor-section-height-default\" data-id=\"61f3679d\" data-element_type=\"section\">\n\t\t\t\t\t\t<div class=\"elementor-container elementor-column-gap-default\">\n\t\t\t\t\t<div class=\"elementor-column elementor-col-100 elementor-top-column elementor-element elementor-element-20a32b92\" data-id=\"20a32b92\" data-element_type=\"column\">\n\t\t\t<div class=\"elementor-widget-wrap elementor-element-populated\">\n\t\t\t\t\t\t<div class=\"elementor-element elementor-element-d97974a elementor-widget elementor-widget-heading\" data-id=\"d97974a\" data-element_type=\"widget\" data-widget_type=\"heading.default\">\n\t\t\t\t<div class=\"elementor-widget-container\">\n\t\t\t<h2 class=\"elementor-heading-title elementor-size-default\">Kompleks sisaldab:<\/h2>\t\t<\/div>\n\t\t\t\t<\/div>\n\t\t\t\t\t<\/div>\n\t\t<\/div>\n\t\t\t\t\t<\/div>\n\t\t<\/section>\n\t\t\t\t<section class=\"elementor-section elementor-top-section elementor-element elementor-element-57a2af0 elementor-section-boxed elementor-section-height-default elementor-section-height-default\" data-id=\"57a2af0\" data-element_type=\"section\">\n\t\t\t\t\t\t<div class=\"elementor-container elementor-column-gap-default\">\n\t\t\t\t\t<div class=\"elementor-column elementor-col-50 elementor-top-column elementor-element elementor-element-6c4a93e\" data-id=\"6c4a93e\" data-element_type=\"column\">\n\t\t\t<div class=\"elementor-widget-wrap elementor-element-populated\">\n\t\t\t\t\t\t<div class=\"elementor-element elementor-element-7abc494 elementor-widget elementor-widget-text-editor\" data-id=\"7abc494\" data-element_type=\"widget\" data-widget_type=\"text-editor.default\">\n\t\t\t\t<div class=\"elementor-widget-container\">\n\t\t\t\t\t\t\t<blockquote><p>P\u00f5hjalik n\u00e4ohooldus ilusa ja noorusliku n\u00e4onaha jaoks<\/p><\/blockquote>\t\t\t\t\t\t<\/div>\n\t\t\t\t<\/div>\n\t\t\t\t<div class=\"elementor-element elementor-element-99d163a elementor-widget elementor-widget-text-editor\" data-id=\"99d163a\" data-element_type=\"widget\" data-widget_type=\"text-editor.default\">\n\t\t\t\t<div class=\"elementor-widget-container\">\n\t\t\t\t\t\t\t<h4><strong>1. Aquapeeling JetPeel<\/strong><\/h4><p>See on kaasaegne ja uuenduslik gaas-vedelik koorimise tehnoloogia. Selle t\u00f6\u00f6tasid v\u00e4lja Iisraeli (TavTech Ltd.) kosmeetikud koost\u00f6\u00f6s Ameerika ekspertidega selleks, et tagada k\u00f5ige t\u00f5husam ja s\u00e4\u00e4stvam naha puhastus.<\/p><p>Kosmeetiline protseduur, mille k\u00e4igus pihustatakse naha pinnale suure r\u00f5hu all gaasi ja vedeliku segu. T\u00e4nu pihustamise suurele kiirusele tungivad mikroskoopilised tilgad ja mullid l\u00e4bi naha s\u00fcgavamatesse kihtidesse rikkumata nende struktuuri.<\/p><p><strong>Aquapeeling \u00fchendab korraga mitut protsessi:<\/strong><\/p><ul><li><strong>Massaa\u017e<\/strong> \u2013 gaasi surve ja v\u00e4ikesed vedelikuosakesed masseerivad \u00f5rnalt nahka, ergutavad l\u00fcmfivoolu ja vereringet.<\/li><li><strong>Hapnikuga rikastamine<\/strong> &#8211; hapnik parandab regeneratsiooni ja kiirendab rakkude ainevahetust.<\/li><li><strong>Koorimine<\/strong> &#8211; eemaldab \u00f5rnalt elutud naharakud.<\/li><\/ul>\t\t\t\t\t\t<\/div>\n\t\t\t\t<\/div>\n\t\t\t\t\t<\/div>\n\t\t<\/div>\n\t\t\t\t<div class=\"elementor-column elementor-col-50 elementor-top-column elementor-element elementor-element-179b352\" data-id=\"179b352\" data-element_type=\"column\">\n\t\t\t<div class=\"elementor-widget-wrap elementor-element-populated\">\n\t\t\t\t\t\t<div class=\"elementor-element elementor-element-ca9576e elementor-widget elementor-widget-image\" data-id=\"ca9576e\" data-element_type=\"widget\" data-widget_type=\"image.default\">\n\t\t\t\t<div class=\"elementor-widget-container\">\n\t\t\t\t\t\t\t\t\t\t\t\t\t<img fetchpriority=\"high\" decoding=\"async\" width=\"600\" height=\"600\" src=\"https:\/\/copy.medicest.eu\/wp-content\/uploads\/2022\/03\/jetpeel-tallinn.jpeg\" class=\"attachment-large size-large wp-image-7106\" alt=\"\" srcset=\"https:\/\/copy.medicest.eu\/wp-content\/uploads\/2022\/03\/jetpeel-tallinn.jpeg 600w, https:\/\/copy.medicest.eu\/wp-content\/uploads\/2022\/03\/jetpeel-tallinn-300x300.jpeg 300w, https:\/\/copy.medicest.eu\/wp-content\/uploads\/2022\/03\/jetpeel-tallinn-150x150.jpeg 150w\" sizes=\"(max-width: 600px) 100vw, 600px\" \/>\t\t\t\t\t\t\t\t\t\t\t\t\t<\/div>\n\t\t\t\t<\/div>\n\t\t\t\t<div class=\"elementor-element elementor-element-523f105 elementor-widget elementor-widget-image\" data-id=\"523f105\" data-element_type=\"widget\" data-widget_type=\"image.default\">\n\t\t\t\t<div class=\"elementor-widget-container\">\n\t\t\t\t\t\t\t\t\t\t\t\t\t<img decoding=\"async\" width=\"575\" height=\"411\" src=\"https:\/\/copy.medicest.eu\/wp-content\/uploads\/2022\/03\/jetpeel-2.jpg\" class=\"attachment-large size-large wp-image-7108\" alt=\"\" srcset=\"https:\/\/copy.medicest.eu\/wp-content\/uploads\/2022\/03\/jetpeel-2.jpg 575w, https:\/\/copy.medicest.eu\/wp-content\/uploads\/2022\/03\/jetpeel-2-300x214.jpg 300w, https:\/\/copy.medicest.eu\/wp-content\/uploads\/2022\/03\/jetpeel-2-150x107.jpg 150w\" sizes=\"(max-width: 575px) 100vw, 575px\" \/>\t\t\t\t\t\t\t\t\t\t\t\t\t<\/div>\n\t\t\t\t<\/div>\n\t\t\t\t\t<\/div>\n\t\t<\/div>\n\t\t\t\t\t<\/div>\n\t\t<\/section>\n\t\t\t\t<section class=\"elementor-section elementor-top-section elementor-element elementor-element-1ed228e elementor-section-boxed elementor-section-height-default elementor-section-height-default\" data-id=\"1ed228e\" data-element_type=\"section\">\n\t\t\t\t\t\t<div class=\"elementor-container elementor-column-gap-default\">\n\t\t\t\t\t<div class=\"elementor-column elementor-col-50 elementor-top-column elementor-element elementor-element-91c4cc7\" data-id=\"91c4cc7\" data-element_type=\"column\">\n\t\t\t<div class=\"elementor-widget-wrap elementor-element-populated\">\n\t\t\t\t\t\t<div class=\"elementor-element elementor-element-8004382 elementor-widget elementor-widget-text-editor\" data-id=\"8004382\" data-element_type=\"widget\" data-widget_type=\"text-editor.default\">\n\t\t\t\t<div class=\"elementor-widget-container\">\n\t\t\t\t\t\t\t<h4><b>2. <strong>Mikrovoolude teraapia<\/strong> <br \/><\/b><\/h4><p>Aparaadihoolduse metoodika, mis elektrivoolu abil toimib pehmetele kudedele.<\/p><p>V\u00e4ga v\u00e4ikese amplituudiga ja sagedusega mikrovoolud m\u00f5jutavad nahka, lihaseid, vere- ja l\u00fcmfisooni osutades neile stimuleerivat toimet.<\/p><p>Mikrovoolude m\u00f5jul aktiveerub kollageeni tootmine, paraneb lihaste toonus, stimuleeritakse ainevahetusprotsesse rakkudes, l\u00fcmfi- ja vereringe s\u00fcsteemides.<\/p><p>T\u00e4nu selle toimele kasutatakse mikrovoolude teraapiat laialdaselt kosmetoloogias n\u00e4onaha noorendamiseks ja kortsude silumiseks.<\/p><p>\u00a0<\/p>\t\t\t\t\t\t<\/div>\n\t\t\t\t<\/div>\n\t\t\t\t\t<\/div>\n\t\t<\/div>\n\t\t\t\t<div class=\"elementor-column elementor-col-50 elementor-top-column elementor-element elementor-element-fd5072d\" data-id=\"fd5072d\" data-element_type=\"column\">\n\t\t\t<div class=\"elementor-widget-wrap elementor-element-populated\">\n\t\t\t\t\t\t<div class=\"elementor-element elementor-element-759eaeb elementor-widget elementor-widget-image\" data-id=\"759eaeb\" data-element_type=\"widget\" data-widget_type=\"image.default\">\n\t\t\t\t<div class=\"elementor-widget-container\">\n\t\t\t\t\t\t\t\t\t\t\t\t\t<img decoding=\"async\" width=\"660\" height=\"330\" src=\"https:\/\/copy.medicest.eu\/wp-content\/uploads\/2022\/03\/mikrotoki.jpg\" class=\"attachment-large size-large wp-image-7113\" alt=\"\" srcset=\"https:\/\/copy.medicest.eu\/wp-content\/uploads\/2022\/03\/mikrotoki.jpg 660w, https:\/\/copy.medicest.eu\/wp-content\/uploads\/2022\/03\/mikrotoki-300x150.jpg 300w, https:\/\/copy.medicest.eu\/wp-content\/uploads\/2022\/03\/mikrotoki-150x75.jpg 150w\" sizes=\"(max-width: 660px) 100vw, 660px\" \/>\t\t\t\t\t\t\t\t\t\t\t\t\t<\/div>\n\t\t\t\t<\/div>\n\t\t\t\t<div class=\"elementor-element elementor-element-5e4215a elementor-widget elementor-widget-text-editor\" data-id=\"5e4215a\" data-element_type=\"widget\" data-widget_type=\"text-editor.default\">\n\t\t\t\t<div class=\"elementor-widget-container\">\n\t\t\t\t\t\t\t<h4><b>3. <strong>Seerum ja mask<\/strong><br \/><\/b><\/h4><p>Kosmeetik valib individuaalselt vastavalt naha t\u00fc\u00fcbile ja vajadustele vahendid n\u00e4o taastamiseks, niisutamiseks ja tervendamiseks.<\/p>\t\t\t\t\t\t<\/div>\n\t\t\t\t<\/div>\n\t\t\t\t\t<\/div>\n\t\t<\/div>\n\t\t\t\t\t<\/div>\n\t\t<\/section>\n\t\t\t\t<section class=\"elementor-section elementor-top-section elementor-element elementor-element-43e13cca elementor-section-boxed elementor-section-height-default elementor-section-height-default\" data-id=\"43e13cca\" data-element_type=\"section\">\n\t\t\t\t\t\t<div class=\"elementor-container elementor-column-gap-default\">\n\t\t\t\t\t<div class=\"elementor-column elementor-col-100 elementor-top-column elementor-element elementor-element-508acfdd\" data-id=\"508acfdd\" data-element_type=\"column\">\n\t\t\t<div class=\"elementor-widget-wrap elementor-element-populated\">\n\t\t\t\t\t\t<div class=\"elementor-element elementor-element-23876a03 elementor-widget elementor-widget-heading\" data-id=\"23876a03\" data-element_type=\"widget\" data-widget_type=\"heading.default\">\n\t\t\t\t<div class=\"elementor-widget-container\">\n\t\t\t<h2 class=\"elementor-heading-title elementor-size-default\">Hinnakiri<\/h2>\t\t<\/div>\n\t\t\t\t<\/div>\n\t\t\t\t<div class=\"elementor-element elementor-element-6a5a7e1f elementor-widget elementor-widget-text-editor\" data-id=\"6a5a7e1f\" data-element_type=\"widget\" data-widget_type=\"text-editor.default\">\n\t\t\t\t<div class=\"elementor-widget-container\">\n\t\t\t\t\t\t\t<p>\n<table id=\"tablepress-106\" class=\"tablepress tablepress-id-106 tablepress-responsive\">\n<thead>\n<tr class=\"row-1 odd\">\n\t<th class=\"column-1\">Komplekshoolitsused<\/th><th class=\"column-2\">Hind \u20ac <\/th>\n<\/tr>\n<\/thead>\n<tbody class=\"row-hover\">\n<tr class=\"row-2 even\">\n\t<td class=\"column-1\">Kompleksne n\u00e4ohooldus &#8220;Kerge hingamine&#8221;  60 min<\/td><td class=\"column-2\">69,00<\/td>\n<\/tr>\n<tr class=\"row-3 odd\">\n\t<td class=\"column-1\">Kompleksne n\u00e4ohooldus Oxygen-LED therapy + manuaalne massaa\u017e, 60 min<\/td><td class=\"column-2\">69,00<\/td>\n<\/tr>\n<tr class=\"row-4 even\">\n\t<td class=\"column-1\">Kompleksne n\u00e4ohooldus ICoone FaceLifting &amp; LED therapy, 60 min<\/td><td class=\"column-2\">65,00<\/td>\n<\/tr>\n<tr class=\"row-5 odd\">\n\t<td class=\"column-1\">Kompleksne n\u00e4ohooldus Jet Peel &amp; Face Fitness, 60 min<\/td><td class=\"column-2\">70,00<\/td>\n<\/tr>\n<\/tbody>\n<\/table>\n<!-- #tablepress-106 from cache --><\/p>\t\t\t\t\t\t<\/div>\n\t\t\t\t<\/div>\n\t\t\t\t<div class=\"elementor-element elementor-element-70fb77c9 pp-buttons-halign-center pp-buttons-stack-none elementor-widget elementor-widget-pp-buttons\" data-id=\"70fb77c9\" data-element_type=\"widget\" data-widget_type=\"pp-buttons.default\">\n\t\t\t\t<div class=\"elementor-widget-container\">\n\t\t\t\t\t<div class=\"pp-buttons-group\">\n\t\t\t\t\t\t\t\t\t\t\t<a href=\"https:\/\/shop.medicest.eu\/et\/product\/kompleksne-naohooldus-kerge-hingamine\/\" target=\"_blank\" class=\"pp-button elementor-button elementor-size-md elementor-repeater-item-c938c7f \">\n\t\t\t\t\t<div class=\"pp-button-content-wrapper\">\n\t\t\t\t\t\t<span class=\"pp-button-content-inner pp-icon-before\">\n\t\t\t\t\t\t\t\n\t\t\t\t\t\t\t\t<span class=\"pp-button-title\">\n\t\t\t\t\t\t\t\t\tOsta\t\t\t\t\t\t\t\t<\/span>\n\t\t\t\t\t\t\t\t\t\t\t\t\t<\/span>\n\t\t\t\t\t<\/div>\n\t\t\t\t<\/a>\n\t\t\t\t\t\t\t\t\t\t<\/div>\t\t<\/div>\n\t\t\t\t<\/div>\n\t\t\t\t\t<\/div>\n\t\t<\/div>\n\t\t\t\t\t<\/div>\n\t\t<\/section>\n\t\t\t\t<\/div>\n\t\t","protected":false},"excerpt":{"rendered":"<p>Aquapeeling JetPeel + Mikrovoolude teraapia Komplekshoolitsus &#8220;Kerge hingamine&#8221; Protseduur koosneb mitmest etapist, mille koosm\u00f5ju annab suurep\u00e4rase n\u00e4onaha v\u00e4rskust taastava ja noorendava tulemuse. Kompleks sisaldab: P\u00f5hjalik n\u00e4ohooldus ilusa ja noorusliku n\u00e4onaha jaoks 1. Aquapeeling JetPeel See on kaasaegne ja uuenduslik gaas-vedelik koorimise tehnoloogia. Selle t\u00f6\u00f6tasid v\u00e4lja Iisraeli (TavTech Ltd.) kosmeetikud koost\u00f6\u00f6s\u2026<\/p>\n<p class=\"continue-reading-button\"> <a class=\"continue-reading-link\" href=\"https:\/\/copy.medicest.eu\/et\/kompleksne-naohooldus-kerge-hingamine\/\"><i class=\"crycon-right-dir\"><\/i><\/a><\/p>\n","protected":false},"author":1,"featured_media":0,"parent":0,"menu_order":0,"comment_status":"closed","ping_status":"closed","template":"","meta":{"footnotes":""},"class_list":["post-7133","page","type-page","status-publish","hentry"],"yoast_head":"<!-- This site is optimized with the Yoast SEO plugin v23.6 - https:\/\/yoast.com\/wordpress\/plugins\/seo\/ -->\n<title>Komplekshoolitsus &quot;Kerge hingamine&quot; - Ilukliinik Medic-Esthetic<\/title>\n<meta name=\"robots\" content=\"index, follow, max-snippet:-1, max-image-preview:large, max-video-preview:-1\" \/>\n<link rel=\"canonical\" href=\"https:\/\/copy.medicest.eu\/et\/kompleksne-naohooldus-kerge-hingamine\/\" \/>\n<meta property=\"og:locale\" content=\"et_EE\" \/>\n<meta property=\"og:type\" content=\"article\" \/>\n<meta property=\"og:title\" content=\"Komplekshoolitsus &quot;Kerge hingamine&quot; - Ilukliinik Medic-Esthetic\" \/>\n<meta property=\"og:description\" content=\"Aquapeeling JetPeel + Mikrovoolude teraapia Komplekshoolitsus &#8220;Kerge hingamine&#8221; Protseduur koosneb mitmest etapist, mille koosm\u00f5ju annab suurep\u00e4rase n\u00e4onaha v\u00e4rskust taastava ja noorendava tulemuse. Kompleks sisaldab: P\u00f5hjalik n\u00e4ohooldus ilusa ja noorusliku n\u00e4onaha jaoks 1. Aquapeeling JetPeel See on kaasaegne ja uuenduslik gaas-vedelik koorimise tehnoloogia. Selle t\u00f6\u00f6tasid v\u00e4lja Iisraeli (TavTech Ltd.) kosmeetikud koost\u00f6\u00f6s\u2026\" \/>\n<meta property=\"og:url\" content=\"https:\/\/copy.medicest.eu\/et\/kompleksne-naohooldus-kerge-hingamine\/\" \/>\n<meta property=\"og:site_name\" content=\"Ilukliinik Medic-Esthetic\" \/>\n<meta property=\"article:modified_time\" content=\"2023-04-24T11:05:02+00:00\" \/>\n<meta property=\"og:image\" content=\"https:\/\/copy.medicest.eu\/wp-content\/uploads\/2022\/03\/jetpeel-tallinn.jpeg\" \/>\n<meta name=\"twitter:card\" content=\"summary_large_image\" \/>\n<meta name=\"twitter:label1\" content=\"Est. reading time\" \/>\n\t<meta name=\"twitter:data1\" content=\"2 minutit\" \/>\n<script type=\"application\/ld+json\" class=\"yoast-schema-graph\">{\"@context\":\"https:\/\/schema.org\",\"@graph\":[{\"@type\":\"WebPage\",\"@id\":\"https:\/\/copy.medicest.eu\/et\/kompleksne-naohooldus-kerge-hingamine\/\",\"url\":\"https:\/\/copy.medicest.eu\/et\/kompleksne-naohooldus-kerge-hingamine\/\",\"name\":\"Komplekshoolitsus \\\"Kerge hingamine\\\" - Ilukliinik Medic-Esthetic\",\"isPartOf\":{\"@id\":\"https:\/\/copy.medicest.eu\/#website\"},\"primaryImageOfPage\":{\"@id\":\"https:\/\/copy.medicest.eu\/et\/kompleksne-naohooldus-kerge-hingamine\/#primaryimage\"},\"image\":{\"@id\":\"https:\/\/copy.medicest.eu\/et\/kompleksne-naohooldus-kerge-hingamine\/#primaryimage\"},\"thumbnailUrl\":\"https:\/\/copy.medicest.eu\/wp-content\/uploads\/2022\/03\/jetpeel-tallinn.jpeg\",\"datePublished\":\"2022-03-02T11:44:36+00:00\",\"dateModified\":\"2023-04-24T11:05:02+00:00\",\"breadcrumb\":{\"@id\":\"https:\/\/copy.medicest.eu\/et\/kompleksne-naohooldus-kerge-hingamine\/#breadcrumb\"},\"inLanguage\":\"et\",\"potentialAction\":[{\"@type\":\"ReadAction\",\"target\":[\"https:\/\/copy.medicest.eu\/et\/kompleksne-naohooldus-kerge-hingamine\/\"]}]},{\"@type\":\"ImageObject\",\"inLanguage\":\"et\",\"@id\":\"https:\/\/copy.medicest.eu\/et\/kompleksne-naohooldus-kerge-hingamine\/#primaryimage\",\"url\":\"https:\/\/copy.medicest.eu\/wp-content\/uploads\/2022\/03\/jetpeel-tallinn.jpeg\",\"contentUrl\":\"https:\/\/copy.medicest.eu\/wp-content\/uploads\/2022\/03\/jetpeel-tallinn.jpeg\"},{\"@type\":\"BreadcrumbList\",\"@id\":\"https:\/\/copy.medicest.eu\/et\/kompleksne-naohooldus-kerge-hingamine\/#breadcrumb\",\"itemListElement\":[{\"@type\":\"ListItem\",\"position\":1,\"name\":\"Home\",\"item\":\"https:\/\/copy.medicest.eu\/et\/\"},{\"@type\":\"ListItem\",\"position\":2,\"name\":\"Komplekshoolitsus &#8220;Kerge hingamine&#8221;\"}]},{\"@type\":\"WebSite\",\"@id\":\"https:\/\/copy.medicest.eu\/#website\",\"url\":\"https:\/\/copy.medicest.eu\/\",\"name\":\"Ilukliinik Medic-Esthetic\",\"description\":\"Beauty &amp; Prestige\",\"potentialAction\":[{\"@type\":\"SearchAction\",\"target\":{\"@type\":\"EntryPoint\",\"urlTemplate\":\"https:\/\/copy.medicest.eu\/?s={search_term_string}\"},\"query-input\":{\"@type\":\"PropertyValueSpecification\",\"valueRequired\":true,\"valueName\":\"search_term_string\"}}],\"inLanguage\":\"et\"}]}<\/script>\n<!-- \/ Yoast SEO plugin. -->","yoast_head_json":{"title":"Komplekshoolitsus \"Kerge hingamine\" - Ilukliinik Medic-Esthetic","robots":{"index":"index","follow":"follow","max-snippet":"max-snippet:-1","max-image-preview":"max-image-preview:large","max-video-preview":"max-video-preview:-1"},"canonical":"https:\/\/copy.medicest.eu\/et\/kompleksne-naohooldus-kerge-hingamine\/","og_locale":"et_EE","og_type":"article","og_title":"Komplekshoolitsus \"Kerge hingamine\" - Ilukliinik Medic-Esthetic","og_description":"Aquapeeling JetPeel + Mikrovoolude teraapia Komplekshoolitsus &#8220;Kerge hingamine&#8221; Protseduur koosneb mitmest etapist, mille koosm\u00f5ju annab suurep\u00e4rase n\u00e4onaha v\u00e4rskust taastava ja noorendava tulemuse. Kompleks sisaldab: P\u00f5hjalik n\u00e4ohooldus ilusa ja noorusliku n\u00e4onaha jaoks 1. Aquapeeling JetPeel See on kaasaegne ja uuenduslik gaas-vedelik koorimise tehnoloogia. Selle t\u00f6\u00f6tasid v\u00e4lja Iisraeli (TavTech Ltd.) kosmeetikud koost\u00f6\u00f6s\u2026","og_url":"https:\/\/copy.medicest.eu\/et\/kompleksne-naohooldus-kerge-hingamine\/","og_site_name":"Ilukliinik Medic-Esthetic","article_modified_time":"2023-04-24T11:05:02+00:00","og_image":[{"url":"https:\/\/copy.medicest.eu\/wp-content\/uploads\/2022\/03\/jetpeel-tallinn.jpeg"}],"twitter_card":"summary_large_image","twitter_misc":{"Est. reading time":"2 minutit"},"schema":{"@context":"https:\/\/schema.org","@graph":[{"@type":"WebPage","@id":"https:\/\/copy.medicest.eu\/et\/kompleksne-naohooldus-kerge-hingamine\/","url":"https:\/\/copy.medicest.eu\/et\/kompleksne-naohooldus-kerge-hingamine\/","name":"Komplekshoolitsus \"Kerge hingamine\" - Ilukliinik Medic-Esthetic","isPartOf":{"@id":"https:\/\/copy.medicest.eu\/#website"},"primaryImageOfPage":{"@id":"https:\/\/copy.medicest.eu\/et\/kompleksne-naohooldus-kerge-hingamine\/#primaryimage"},"image":{"@id":"https:\/\/copy.medicest.eu\/et\/kompleksne-naohooldus-kerge-hingamine\/#primaryimage"},"thumbnailUrl":"https:\/\/copy.medicest.eu\/wp-content\/uploads\/2022\/03\/jetpeel-tallinn.jpeg","datePublished":"2022-03-02T11:44:36+00:00","dateModified":"2023-04-24T11:05:02+00:00","breadcrumb":{"@id":"https:\/\/copy.medicest.eu\/et\/kompleksne-naohooldus-kerge-hingamine\/#breadcrumb"},"inLanguage":"et","potentialAction":[{"@type":"ReadAction","target":["https:\/\/copy.medicest.eu\/et\/kompleksne-naohooldus-kerge-hingamine\/"]}]},{"@type":"ImageObject","inLanguage":"et","@id":"https:\/\/copy.medicest.eu\/et\/kompleksne-naohooldus-kerge-hingamine\/#primaryimage","url":"https:\/\/copy.medicest.eu\/wp-content\/uploads\/2022\/03\/jetpeel-tallinn.jpeg","contentUrl":"https:\/\/copy.medicest.eu\/wp-content\/uploads\/2022\/03\/jetpeel-tallinn.jpeg"},{"@type":"BreadcrumbList","@id":"https:\/\/copy.medicest.eu\/et\/kompleksne-naohooldus-kerge-hingamine\/#breadcrumb","itemListElement":[{"@type":"ListItem","position":1,"name":"Home","item":"https:\/\/copy.medicest.eu\/et\/"},{"@type":"ListItem","position":2,"name":"Komplekshoolitsus &#8220;Kerge hingamine&#8221;"}]},{"@type":"WebSite","@id":"https:\/\/copy.medicest.eu\/#website","url":"https:\/\/copy.medicest.eu\/","name":"Ilukliinik Medic-Esthetic","description":"Beauty &amp; Prestige","potentialAction":[{"@type":"SearchAction","target":{"@type":"EntryPoint","urlTemplate":"https:\/\/copy.medicest.eu\/?s={search_term_string}"},"query-input":{"@type":"PropertyValueSpecification","valueRequired":true,"valueName":"search_term_string"}}],"inLanguage":"et"}]}},"_links":{"self":[{"href":"https:\/\/copy.medicest.eu\/et\/wp-json\/wp\/v2\/pages\/7133","targetHints":{"allow":["GET"]}}],"collection":[{"href":"https:\/\/copy.medicest.eu\/et\/wp-json\/wp\/v2\/pages"}],"about":[{"href":"https:\/\/copy.medicest.eu\/et\/wp-json\/wp\/v2\/types\/page"}],"author":[{"embeddable":true,"href":"https:\/\/copy.medicest.eu\/et\/wp-json\/wp\/v2\/users\/1"}],"replies":[{"embeddable":true,"href":"https:\/\/copy.medicest.eu\/et\/wp-json\/wp\/v2\/comments?post=7133"}],"version-history":[{"count":26,"href":"https:\/\/copy.medicest.eu\/et\/wp-json\/wp\/v2\/pages\/7133\/revisions"}],"predecessor-version":[{"id":11666,"href":"https:\/\/copy.medicest.eu\/et\/wp-json\/wp\/v2\/pages\/7133\/revisions\/11666"}],"wp:attachment":[{"href":"https:\/\/copy.medicest.eu\/et\/wp-json\/wp\/v2\/media?parent=7133"}],"curies":[{"name":"wp","href":"https:\/\/api.w.org\/{rel}","templated":true}]}}