{"id":7166,"date":"2022-03-02T12:24:34","date_gmt":"2022-03-02T12:24:34","guid":{"rendered":"https:\/\/copy.medicest.eu\/kompleksnyj-uxod-oxygen-led-therapy\/"},"modified":"2022-05-30T12:01:02","modified_gmt":"2022-05-30T12:01:02","slug":"kompleksne-naohooldus-oxygen-led-therapy","status":"publish","type":"page","link":"https:\/\/copy.medicest.eu\/et\/kompleksne-naohooldus-oxygen-led-therapy\/","title":{"rendered":"Komplekshoolitsus Oxygen-LED Therapy"},"content":{"rendered":"\t\t<div data-elementor-type=\"wp-page\" data-elementor-id=\"7166\" class=\"elementor elementor-7166 elementor-7143\">\n\t\t\t\t\t\t<section class=\"elementor-section elementor-top-section elementor-element elementor-element-7b637192 elementor-section-boxed elementor-section-height-default elementor-section-height-default\" data-id=\"7b637192\" data-element_type=\"section\">\n\t\t\t\t\t\t<div class=\"elementor-container elementor-column-gap-default\">\n\t\t\t\t\t<div class=\"elementor-column elementor-col-100 elementor-top-column elementor-element elementor-element-545363a8\" data-id=\"545363a8\" data-element_type=\"column\">\n\t\t\t<div class=\"elementor-widget-wrap elementor-element-populated\">\n\t\t\t\t\t\t<div class=\"elementor-element elementor-element-154f8b9c elementor-widget elementor-widget-heading\" data-id=\"154f8b9c\" data-element_type=\"widget\" data-widget_type=\"heading.default\">\n\t\t\t\t<div class=\"elementor-widget-container\">\n\t\t\t<h2 class=\"elementor-heading-title elementor-size-default\">Oxygen-LED Therapy<\/h2>\t\t<\/div>\n\t\t\t\t<\/div>\n\t\t\t\t<div class=\"elementor-element elementor-element-4878d7ad elementor-widget elementor-widget-heading\" data-id=\"4878d7ad\" data-element_type=\"widget\" data-widget_type=\"heading.default\">\n\t\t\t\t<div class=\"elementor-widget-container\">\n\t\t\t<h3 class=\"elementor-heading-title elementor-size-default\">Komplekshoolitsus<\/h3>\t\t<\/div>\n\t\t\t\t<\/div>\n\t\t\t\t\t<\/div>\n\t\t<\/div>\n\t\t\t\t\t<\/div>\n\t\t<\/section>\n\t\t\t\t<section class=\"elementor-section elementor-top-section elementor-element elementor-element-78c88d3 elementor-section-boxed elementor-section-height-default elementor-section-height-default\" data-id=\"78c88d3\" data-element_type=\"section\">\n\t\t\t\t\t\t<div class=\"elementor-container elementor-column-gap-default\">\n\t\t\t\t\t<div class=\"elementor-column elementor-col-50 elementor-top-column elementor-element elementor-element-75ad22a\" data-id=\"75ad22a\" data-element_type=\"column\">\n\t\t\t<div class=\"elementor-widget-wrap elementor-element-populated\">\n\t\t\t\t\t\t<div class=\"elementor-element elementor-element-51ed441 elementor-widget elementor-widget-text-editor\" data-id=\"51ed441\" data-element_type=\"widget\" data-widget_type=\"text-editor.default\">\n\t\t\t\t<div class=\"elementor-widget-container\">\n\t\t\t\t\t\t\t<h4><b>Oxygen<\/b><strong> JetPeel<\/strong><\/h4><p>N\u00e4onaha koorimine hapnikuga on mitteinvasiivne protseduur, mida sageli kasutatakse vananemise ilmingute, kuiva naha ja akne vastu v\u00f5itlemiseks.<\/p><p>Protseduuri ajal tungivad r\u00f5hu all olevad \u00f5huvoolud naha s\u00fcgavamasse kihti, mida nimetatakse p\u00e4risnahaks ehk dermaks ning rikastavad seda puhastavate vahenditega ja seerumitega.<\/p><p>Erinevalt teatud t\u00fc\u00fcpi keemilistest koorimistest ja muudest agressiivsetest protseduuridest on koorimine hapniku pihustamisega piisavalt \u00f5rn inimestele tundliku nahaga v\u00f5i selliste naha probleemidega nagu akne v\u00f5i rosaatsea.<\/p><p>Koorimine hapnikuga aitab ravida ja ennetada aknet, puhastades s\u00fcgavalt poore ja koorides nahka, silub ja \u00fchtlustab naha tooni.<\/p>\t\t\t\t\t\t<\/div>\n\t\t\t\t<\/div>\n\t\t\t\t\t<\/div>\n\t\t<\/div>\n\t\t\t\t<div class=\"elementor-column elementor-col-50 elementor-top-column elementor-element elementor-element-5a72a65\" data-id=\"5a72a65\" data-element_type=\"column\">\n\t\t\t<div class=\"elementor-widget-wrap elementor-element-populated\">\n\t\t\t\t\t\t<div class=\"elementor-element elementor-element-83c992d elementor-widget elementor-widget-image\" data-id=\"83c992d\" data-element_type=\"widget\" data-widget_type=\"image.default\">\n\t\t\t\t<div class=\"elementor-widget-container\">\n\t\t\t\t\t\t\t\t\t\t\t\t\t<img fetchpriority=\"high\" decoding=\"async\" width=\"575\" height=\"411\" src=\"https:\/\/copy.medicest.eu\/wp-content\/uploads\/2022\/03\/jetpeel-2.jpg\" class=\"attachment-large size-large wp-image-7108\" alt=\"\" srcset=\"https:\/\/copy.medicest.eu\/wp-content\/uploads\/2022\/03\/jetpeel-2.jpg 575w, https:\/\/copy.medicest.eu\/wp-content\/uploads\/2022\/03\/jetpeel-2-300x214.jpg 300w, https:\/\/copy.medicest.eu\/wp-content\/uploads\/2022\/03\/jetpeel-2-150x107.jpg 150w\" sizes=\"(max-width: 575px) 100vw, 575px\" \/>\t\t\t\t\t\t\t\t\t\t\t\t\t<\/div>\n\t\t\t\t<\/div>\n\t\t\t\t<div class=\"elementor-element elementor-element-4a96a3c elementor-widget elementor-widget-text-editor\" data-id=\"4a96a3c\" data-element_type=\"widget\" data-widget_type=\"text-editor.default\">\n\t\t\t\t<div class=\"elementor-widget-container\">\n\t\t\t\t\t\t\t<blockquote><p>Hapnik ja valgus naha raviks ja taastumiseks<\/p><\/blockquote>\t\t\t\t\t\t<\/div>\n\t\t\t\t<\/div>\n\t\t\t\t\t<\/div>\n\t\t<\/div>\n\t\t\t\t\t<\/div>\n\t\t<\/section>\n\t\t\t\t<section class=\"elementor-section elementor-top-section elementor-element elementor-element-08bb5da elementor-section-boxed elementor-section-height-default elementor-section-height-default\" data-id=\"08bb5da\" data-element_type=\"section\">\n\t\t\t\t\t\t<div class=\"elementor-container elementor-column-gap-default\">\n\t\t\t\t\t<div class=\"elementor-column elementor-col-50 elementor-top-column elementor-element elementor-element-c64e4b7\" data-id=\"c64e4b7\" data-element_type=\"column\">\n\t\t\t<div class=\"elementor-widget-wrap elementor-element-populated\">\n\t\t\t\t\t\t<div class=\"elementor-element elementor-element-8af4318 elementor-widget elementor-widget-image\" data-id=\"8af4318\" data-element_type=\"widget\" data-widget_type=\"image.default\">\n\t\t\t\t<div class=\"elementor-widget-container\">\n\t\t\t\t\t\t\t\t\t\t\t\t\t<img decoding=\"async\" width=\"394\" height=\"278\" src=\"https:\/\/copy.medicest.eu\/wp-content\/uploads\/2022\/03\/led-mask-for-chromotherapy.jpg\" class=\"attachment-large size-large wp-image-7158\" alt=\"\" srcset=\"https:\/\/copy.medicest.eu\/wp-content\/uploads\/2022\/03\/led-mask-for-chromotherapy.jpg 394w, https:\/\/copy.medicest.eu\/wp-content\/uploads\/2022\/03\/led-mask-for-chromotherapy-300x212.jpg 300w, https:\/\/copy.medicest.eu\/wp-content\/uploads\/2022\/03\/led-mask-for-chromotherapy-150x106.jpg 150w\" sizes=\"(max-width: 394px) 100vw, 394px\" \/>\t\t\t\t\t\t\t\t\t\t\t\t\t<\/div>\n\t\t\t\t<\/div>\n\t\t\t\t\t<\/div>\n\t\t<\/div>\n\t\t\t\t<div class=\"elementor-column elementor-col-50 elementor-top-column elementor-element elementor-element-67e0500\" data-id=\"67e0500\" data-element_type=\"column\">\n\t\t\t<div class=\"elementor-widget-wrap elementor-element-populated\">\n\t\t\t\t\t\t<div class=\"elementor-element elementor-element-0b622f6 elementor-widget elementor-widget-text-editor\" data-id=\"0b622f6\" data-element_type=\"widget\" data-widget_type=\"text-editor.default\">\n\t\t\t\t<div class=\"elementor-widget-container\">\n\t\t\t\t\t\t\t<h4><strong>LED-teraapia<\/strong><\/h4><p>On olemas erinevat v\u00e4rvi LED lambid. Olenevalt valguse lainepikkusest tungivad valguslained teatud s\u00fcgavusele alates epidermise \u00fclemistest kihtidest, kuni rasvkoe nahaaluste kihtideni.<\/p>\t\t\t\t\t\t<\/div>\n\t\t\t\t<\/div>\n\t\t\t\t<div class=\"elementor-element elementor-element-015ec3a elementor-widget elementor-widget-text-editor\" data-id=\"015ec3a\" data-element_type=\"widget\" data-widget_type=\"text-editor.default\">\n\t\t\t\t<div class=\"elementor-widget-container\">\n\t\t\t\t\t\t\t<p>\u00d5ige v\u00e4rvi valib kosmeetik vastavalt naha vajadustele ja l\u00e4htuvalt lahendatavast probleemist.<\/p><p>Protseduur sisaldab niisutava toitva maski ja protseduuri l\u00f5petava kreemi pealekandmist.<\/p>\t\t\t\t\t\t<\/div>\n\t\t\t\t<\/div>\n\t\t\t\t\t<\/div>\n\t\t<\/div>\n\t\t\t\t\t<\/div>\n\t\t<\/section>\n\t\t\t\t<section class=\"elementor-section elementor-top-section elementor-element elementor-element-844d7ed elementor-section-boxed elementor-section-height-default elementor-section-height-default\" data-id=\"844d7ed\" data-element_type=\"section\" data-settings=\"{&quot;background_background&quot;:&quot;classic&quot;}\">\n\t\t\t\t\t\t<div class=\"elementor-container elementor-column-gap-default\">\n\t\t\t\t\t<div class=\"elementor-column elementor-col-100 elementor-top-column elementor-element elementor-element-7aedac4\" data-id=\"7aedac4\" data-element_type=\"column\">\n\t\t\t<div class=\"elementor-widget-wrap elementor-element-populated\">\n\t\t\t\t\t\t<div class=\"elementor-element elementor-element-e20ef49 elementor-widget elementor-widget-text-editor\" data-id=\"e20ef49\" data-element_type=\"widget\" data-widget_type=\"text-editor.default\">\n\t\t\t\t<div class=\"elementor-widget-container\">\n\t\t\t\t\t\t\t<ul><li><strong>Punane valgus<\/strong> &#8211; kiirendab vereringet p\u00e4risnahas ja stimuleerib rakke fibroblaste, suurendades kollageeni ja elastiini s\u00fcnteesi, tugevdab kohalikku immuunsust ja ennetab enneaegset vananemist.<\/li><li><strong>Sinine valgus<\/strong> &#8211; reguleerib rasun\u00e4\u00e4rmete t\u00f6\u00f6d ja osutab tervendavat toimet aknele. Sinine valgus tapab baktereid, mis p\u00f5hjustavad aknet ja p\u00f5letikku, genereerides samal ajal molekulaarset hapnikku, millel on p\u00e4rssivad omadused seda t\u00fc\u00fcpi bakteritele. Sinise valgusega protseduur uuendab nahka ja ravib kriimustusi ennetades armide teket.<\/li><li><strong>Kollane\/roheline valgus &#8211;<\/strong> on taastava toimega. Need lained toimivad t\u00f5husalt koos punaste ja siniste lainetega. Need sobivad nii naha pehmemaks ja siledamaks muutmiseks kui ka pigmendilaikudest vabanemiseks koos kerge keemilise koorimisega.<\/li><li><strong>Valge valgus<\/strong> &#8211; stressivastane. Arvatakse, et valge valgus on eriti kasulik depressiivsete seisundite ravi korral, kuid sellel on l\u00f5\u00f5gastav ja rahustav toime organismile mis tahes kosmeetilise protseduuri etapina.<\/li><\/ul>\t\t\t\t\t\t<\/div>\n\t\t\t\t<\/div>\n\t\t\t\t\t<\/div>\n\t\t<\/div>\n\t\t\t\t\t<\/div>\n\t\t<\/section>\n\t\t\t\t<section class=\"elementor-section elementor-top-section elementor-element elementor-element-74cbd6c5 elementor-section-boxed elementor-section-height-default elementor-section-height-default\" data-id=\"74cbd6c5\" data-element_type=\"section\">\n\t\t\t\t\t\t<div class=\"elementor-container elementor-column-gap-default\">\n\t\t\t\t\t<div class=\"elementor-column elementor-col-100 elementor-top-column elementor-element elementor-element-56978952\" data-id=\"56978952\" data-element_type=\"column\">\n\t\t\t<div class=\"elementor-widget-wrap elementor-element-populated\">\n\t\t\t\t\t\t<div class=\"elementor-element elementor-element-7ea57a7c elementor-widget elementor-widget-heading\" data-id=\"7ea57a7c\" data-element_type=\"widget\" data-widget_type=\"heading.default\">\n\t\t\t\t<div class=\"elementor-widget-container\">\n\t\t\t<h2 class=\"elementor-heading-title elementor-size-default\">Hinnakiri<\/h2>\t\t<\/div>\n\t\t\t\t<\/div>\n\t\t\t\t<div class=\"elementor-element elementor-element-46ce3bd9 elementor-widget elementor-widget-text-editor\" data-id=\"46ce3bd9\" data-element_type=\"widget\" data-widget_type=\"text-editor.default\">\n\t\t\t\t<div class=\"elementor-widget-container\">\n\t\t\t\t\t\t\t<p>\n<table id=\"tablepress-106\" class=\"tablepress tablepress-id-106 tablepress-responsive\">\n<thead>\n<tr class=\"row-1 odd\">\n\t<th class=\"column-1\">Komplekshoolitsused<\/th><th class=\"column-2\">Hind \u20ac <\/th>\n<\/tr>\n<\/thead>\n<tbody class=\"row-hover\">\n<tr class=\"row-2 even\">\n\t<td class=\"column-1\">Kompleksne n\u00e4ohooldus &#8220;Kerge hingamine&#8221;  60 min<\/td><td class=\"column-2\">69,00<\/td>\n<\/tr>\n<tr class=\"row-3 odd\">\n\t<td class=\"column-1\">Kompleksne n\u00e4ohooldus Oxygen-LED therapy + manuaalne massaa\u017e, 60 min<\/td><td class=\"column-2\">69,00<\/td>\n<\/tr>\n<tr class=\"row-4 even\">\n\t<td class=\"column-1\">Kompleksne n\u00e4ohooldus ICoone FaceLifting &amp; LED therapy, 60 min<\/td><td class=\"column-2\">65,00<\/td>\n<\/tr>\n<tr class=\"row-5 odd\">\n\t<td class=\"column-1\">Kompleksne n\u00e4ohooldus Jet Peel &amp; Face Fitness, 60 min<\/td><td class=\"column-2\">70,00<\/td>\n<\/tr>\n<\/tbody>\n<\/table>\n<!-- #tablepress-106 from cache --><\/p>\t\t\t\t\t\t<\/div>\n\t\t\t\t<\/div>\n\t\t\t\t<div class=\"elementor-element elementor-element-692b0064 pp-buttons-halign-center pp-buttons-stack-none elementor-widget elementor-widget-pp-buttons\" data-id=\"692b0064\" data-element_type=\"widget\" data-widget_type=\"pp-buttons.default\">\n\t\t\t\t<div class=\"elementor-widget-container\">\n\t\t\t\t\t<div class=\"pp-buttons-group\">\n\t\t\t\t\t\t\t\t\t\t\t<a href=\"https:\/\/shop.medicest.eu\/et\/product\/kompleksne-naohooldus-oxygen-led-therapy\/\" target=\"_blank\" class=\"pp-button elementor-button elementor-size-md elementor-repeater-item-c938c7f \">\n\t\t\t\t\t<div class=\"pp-button-content-wrapper\">\n\t\t\t\t\t\t<span class=\"pp-button-content-inner pp-icon-before\">\n\t\t\t\t\t\t\t\n\t\t\t\t\t\t\t\t<span class=\"pp-button-title\">\n\t\t\t\t\t\t\t\t\tOsta\t\t\t\t\t\t\t\t<\/span>\n\t\t\t\t\t\t\t\t\t\t\t\t\t<\/span>\n\t\t\t\t\t<\/div>\n\t\t\t\t<\/a>\n\t\t\t\t\t\t\t\t\t\t<\/div>\t\t<\/div>\n\t\t\t\t<\/div>\n\t\t\t\t\t<\/div>\n\t\t<\/div>\n\t\t\t\t\t<\/div>\n\t\t<\/section>\n\t\t\t\t<\/div>\n\t\t","protected":false},"excerpt":{"rendered":"<p>Oxygen-LED Therapy Komplekshoolitsus Oxygen JetPeel N\u00e4onaha koorimine hapnikuga on mitteinvasiivne protseduur, mida sageli kasutatakse vananemise ilmingute, kuiva naha ja akne vastu v\u00f5itlemiseks. Protseduuri ajal tungivad r\u00f5hu all olevad \u00f5huvoolud naha s\u00fcgavamasse kihti, mida nimetatakse p\u00e4risnahaks ehk dermaks ning rikastavad seda puhastavate vahenditega ja seerumitega. Erinevalt teatud t\u00fc\u00fcpi keemilistest koorimistest ja\u2026<\/p>\n<p class=\"continue-reading-button\"> <a class=\"continue-reading-link\" href=\"https:\/\/copy.medicest.eu\/et\/kompleksne-naohooldus-oxygen-led-therapy\/\"><i class=\"crycon-right-dir\"><\/i><\/a><\/p>\n","protected":false},"author":1,"featured_media":0,"parent":0,"menu_order":0,"comment_status":"closed","ping_status":"closed","template":"","meta":{"footnotes":""},"class_list":["post-7166","page","type-page","status-publish","hentry"],"yoast_head":"<!-- This site is optimized with the Yoast SEO plugin v23.6 - https:\/\/yoast.com\/wordpress\/plugins\/seo\/ -->\n<title>Komplekshoolitsus Oxygen-LED Therapy - Ilukliinik Medic-Esthetic<\/title>\n<meta name=\"robots\" content=\"index, follow, max-snippet:-1, max-image-preview:large, max-video-preview:-1\" \/>\n<link rel=\"canonical\" href=\"https:\/\/copy.medicest.eu\/kompleksnyj-uxod-oxygen-led-therapy\/\" \/>\n<meta property=\"og:locale\" content=\"et_EE\" \/>\n<meta property=\"og:type\" content=\"article\" \/>\n<meta property=\"og:title\" content=\"Komplekshoolitsus Oxygen-LED Therapy - Ilukliinik Medic-Esthetic\" \/>\n<meta property=\"og:description\" content=\"Oxygen-LED Therapy Komplekshoolitsus Oxygen JetPeel N\u00e4onaha koorimine hapnikuga on mitteinvasiivne protseduur, mida sageli kasutatakse vananemise ilmingute, kuiva naha ja akne vastu v\u00f5itlemiseks. Protseduuri ajal tungivad r\u00f5hu all olevad \u00f5huvoolud naha s\u00fcgavamasse kihti, mida nimetatakse p\u00e4risnahaks ehk dermaks ning rikastavad seda puhastavate vahenditega ja seerumitega. Erinevalt teatud t\u00fc\u00fcpi keemilistest koorimistest ja\u2026\" \/>\n<meta property=\"og:url\" content=\"https:\/\/copy.medicest.eu\/kompleksnyj-uxod-oxygen-led-therapy\/\" \/>\n<meta property=\"og:site_name\" content=\"Ilukliinik Medic-Esthetic\" \/>\n<meta property=\"article:modified_time\" content=\"2022-05-30T12:01:02+00:00\" \/>\n<meta property=\"og:image\" content=\"https:\/\/copy.medicest.eu\/wp-content\/uploads\/2022\/03\/jetpeel-2.jpg\" \/>\n<meta name=\"twitter:card\" content=\"summary_large_image\" \/>\n<meta name=\"twitter:label1\" content=\"Est. reading time\" \/>\n\t<meta name=\"twitter:data1\" content=\"2 minutit\" \/>\n<script type=\"application\/ld+json\" class=\"yoast-schema-graph\">{\"@context\":\"https:\/\/schema.org\",\"@graph\":[{\"@type\":\"WebPage\",\"@id\":\"https:\/\/copy.medicest.eu\/kompleksnyj-uxod-oxygen-led-therapy\/\",\"url\":\"https:\/\/copy.medicest.eu\/kompleksnyj-uxod-oxygen-led-therapy\/\",\"name\":\"Komplekshoolitsus Oxygen-LED Therapy - Ilukliinik Medic-Esthetic\",\"isPartOf\":{\"@id\":\"https:\/\/copy.medicest.eu\/#website\"},\"primaryImageOfPage\":{\"@id\":\"https:\/\/copy.medicest.eu\/kompleksnyj-uxod-oxygen-led-therapy\/#primaryimage\"},\"image\":{\"@id\":\"https:\/\/copy.medicest.eu\/kompleksnyj-uxod-oxygen-led-therapy\/#primaryimage\"},\"thumbnailUrl\":\"https:\/\/copy.medicest.eu\/wp-content\/uploads\/2022\/03\/jetpeel-2.jpg\",\"datePublished\":\"2022-03-02T12:24:34+00:00\",\"dateModified\":\"2022-05-30T12:01:02+00:00\",\"breadcrumb\":{\"@id\":\"https:\/\/copy.medicest.eu\/kompleksnyj-uxod-oxygen-led-therapy\/#breadcrumb\"},\"inLanguage\":\"et\",\"potentialAction\":[{\"@type\":\"ReadAction\",\"target\":[\"https:\/\/copy.medicest.eu\/kompleksnyj-uxod-oxygen-led-therapy\/\"]}]},{\"@type\":\"ImageObject\",\"inLanguage\":\"et\",\"@id\":\"https:\/\/copy.medicest.eu\/kompleksnyj-uxod-oxygen-led-therapy\/#primaryimage\",\"url\":\"https:\/\/copy.medicest.eu\/wp-content\/uploads\/2022\/03\/jetpeel-2.jpg\",\"contentUrl\":\"https:\/\/copy.medicest.eu\/wp-content\/uploads\/2022\/03\/jetpeel-2.jpg\"},{\"@type\":\"BreadcrumbList\",\"@id\":\"https:\/\/copy.medicest.eu\/kompleksnyj-uxod-oxygen-led-therapy\/#breadcrumb\",\"itemListElement\":[{\"@type\":\"ListItem\",\"position\":1,\"name\":\"Home\",\"item\":\"https:\/\/copy.medicest.eu\/et\/\"},{\"@type\":\"ListItem\",\"position\":2,\"name\":\"Komplekshoolitsus Oxygen-LED Therapy\"}]},{\"@type\":\"WebSite\",\"@id\":\"https:\/\/copy.medicest.eu\/#website\",\"url\":\"https:\/\/copy.medicest.eu\/\",\"name\":\"Ilukliinik Medic-Esthetic\",\"description\":\"Beauty &amp; Prestige\",\"potentialAction\":[{\"@type\":\"SearchAction\",\"target\":{\"@type\":\"EntryPoint\",\"urlTemplate\":\"https:\/\/copy.medicest.eu\/?s={search_term_string}\"},\"query-input\":{\"@type\":\"PropertyValueSpecification\",\"valueRequired\":true,\"valueName\":\"search_term_string\"}}],\"inLanguage\":\"et\"}]}<\/script>\n<!-- \/ Yoast SEO plugin. -->","yoast_head_json":{"title":"Komplekshoolitsus Oxygen-LED Therapy - Ilukliinik Medic-Esthetic","robots":{"index":"index","follow":"follow","max-snippet":"max-snippet:-1","max-image-preview":"max-image-preview:large","max-video-preview":"max-video-preview:-1"},"canonical":"https:\/\/copy.medicest.eu\/kompleksnyj-uxod-oxygen-led-therapy\/","og_locale":"et_EE","og_type":"article","og_title":"Komplekshoolitsus Oxygen-LED Therapy - Ilukliinik Medic-Esthetic","og_description":"Oxygen-LED Therapy Komplekshoolitsus Oxygen JetPeel N\u00e4onaha koorimine hapnikuga on mitteinvasiivne protseduur, mida sageli kasutatakse vananemise ilmingute, kuiva naha ja akne vastu v\u00f5itlemiseks. Protseduuri ajal tungivad r\u00f5hu all olevad \u00f5huvoolud naha s\u00fcgavamasse kihti, mida nimetatakse p\u00e4risnahaks ehk dermaks ning rikastavad seda puhastavate vahenditega ja seerumitega. Erinevalt teatud t\u00fc\u00fcpi keemilistest koorimistest ja\u2026","og_url":"https:\/\/copy.medicest.eu\/kompleksnyj-uxod-oxygen-led-therapy\/","og_site_name":"Ilukliinik Medic-Esthetic","article_modified_time":"2022-05-30T12:01:02+00:00","og_image":[{"url":"https:\/\/copy.medicest.eu\/wp-content\/uploads\/2022\/03\/jetpeel-2.jpg"}],"twitter_card":"summary_large_image","twitter_misc":{"Est. reading time":"2 minutit"},"schema":{"@context":"https:\/\/schema.org","@graph":[{"@type":"WebPage","@id":"https:\/\/copy.medicest.eu\/kompleksnyj-uxod-oxygen-led-therapy\/","url":"https:\/\/copy.medicest.eu\/kompleksnyj-uxod-oxygen-led-therapy\/","name":"Komplekshoolitsus Oxygen-LED Therapy - Ilukliinik Medic-Esthetic","isPartOf":{"@id":"https:\/\/copy.medicest.eu\/#website"},"primaryImageOfPage":{"@id":"https:\/\/copy.medicest.eu\/kompleksnyj-uxod-oxygen-led-therapy\/#primaryimage"},"image":{"@id":"https:\/\/copy.medicest.eu\/kompleksnyj-uxod-oxygen-led-therapy\/#primaryimage"},"thumbnailUrl":"https:\/\/copy.medicest.eu\/wp-content\/uploads\/2022\/03\/jetpeel-2.jpg","datePublished":"2022-03-02T12:24:34+00:00","dateModified":"2022-05-30T12:01:02+00:00","breadcrumb":{"@id":"https:\/\/copy.medicest.eu\/kompleksnyj-uxod-oxygen-led-therapy\/#breadcrumb"},"inLanguage":"et","potentialAction":[{"@type":"ReadAction","target":["https:\/\/copy.medicest.eu\/kompleksnyj-uxod-oxygen-led-therapy\/"]}]},{"@type":"ImageObject","inLanguage":"et","@id":"https:\/\/copy.medicest.eu\/kompleksnyj-uxod-oxygen-led-therapy\/#primaryimage","url":"https:\/\/copy.medicest.eu\/wp-content\/uploads\/2022\/03\/jetpeel-2.jpg","contentUrl":"https:\/\/copy.medicest.eu\/wp-content\/uploads\/2022\/03\/jetpeel-2.jpg"},{"@type":"BreadcrumbList","@id":"https:\/\/copy.medicest.eu\/kompleksnyj-uxod-oxygen-led-therapy\/#breadcrumb","itemListElement":[{"@type":"ListItem","position":1,"name":"Home","item":"https:\/\/copy.medicest.eu\/et\/"},{"@type":"ListItem","position":2,"name":"Komplekshoolitsus Oxygen-LED Therapy"}]},{"@type":"WebSite","@id":"https:\/\/copy.medicest.eu\/#website","url":"https:\/\/copy.medicest.eu\/","name":"Ilukliinik Medic-Esthetic","description":"Beauty &amp; Prestige","potentialAction":[{"@type":"SearchAction","target":{"@type":"EntryPoint","urlTemplate":"https:\/\/copy.medicest.eu\/?s={search_term_string}"},"query-input":{"@type":"PropertyValueSpecification","valueRequired":true,"valueName":"search_term_string"}}],"inLanguage":"et"}]}},"_links":{"self":[{"href":"https:\/\/copy.medicest.eu\/et\/wp-json\/wp\/v2\/pages\/7166","targetHints":{"allow":["GET"]}}],"collection":[{"href":"https:\/\/copy.medicest.eu\/et\/wp-json\/wp\/v2\/pages"}],"about":[{"href":"https:\/\/copy.medicest.eu\/et\/wp-json\/wp\/v2\/types\/page"}],"author":[{"embeddable":true,"href":"https:\/\/copy.medicest.eu\/et\/wp-json\/wp\/v2\/users\/1"}],"replies":[{"embeddable":true,"href":"https:\/\/copy.medicest.eu\/et\/wp-json\/wp\/v2\/comments?post=7166"}],"version-history":[{"count":17,"href":"https:\/\/copy.medicest.eu\/et\/wp-json\/wp\/v2\/pages\/7166\/revisions"}],"predecessor-version":[{"id":8540,"href":"https:\/\/copy.medicest.eu\/et\/wp-json\/wp\/v2\/pages\/7166\/revisions\/8540"}],"wp:attachment":[{"href":"https:\/\/copy.medicest.eu\/et\/wp-json\/wp\/v2\/media?parent=7166"}],"curies":[{"name":"wp","href":"https:\/\/api.w.org\/{rel}","templated":true}]}}