{"id":7338,"date":"2022-03-11T18:03:42","date_gmt":"2022-03-11T18:03:42","guid":{"rendered":"https:\/\/copy.medicest.eu\/specialisty\/"},"modified":"2024-08-09T14:24:48","modified_gmt":"2024-08-09T14:24:48","slug":"meeskond","status":"publish","type":"page","link":"https:\/\/copy.medicest.eu\/et\/meeskond\/","title":{"rendered":"Meeskond"},"content":{"rendered":"\t\t<div data-elementor-type=\"wp-page\" data-elementor-id=\"7338\" class=\"elementor elementor-7338 elementor-7266\">\n\t\t\t\t\t\t<section class=\"elementor-section elementor-top-section elementor-element elementor-element-588652e9 elementor-section-boxed elementor-section-height-default elementor-section-height-default\" data-id=\"588652e9\" data-element_type=\"section\">\n\t\t\t\t\t\t<div class=\"elementor-container elementor-column-gap-default\">\n\t\t\t\t\t<div class=\"elementor-column elementor-col-100 elementor-top-column elementor-element elementor-element-596207c6\" data-id=\"596207c6\" data-element_type=\"column\">\n\t\t\t<div class=\"elementor-widget-wrap elementor-element-populated\">\n\t\t\t\t\t\t<div class=\"elementor-element elementor-element-12864c13 elementor-widget elementor-widget-heading\" data-id=\"12864c13\" data-element_type=\"widget\" data-widget_type=\"heading.default\">\n\t\t\t\t<div class=\"elementor-widget-container\">\n\t\t\t<h2 class=\"elementor-heading-title elementor-size-default\">Meie meeskond<\/h2>\t\t<\/div>\n\t\t\t\t<\/div>\n\t\t\t\t\t<\/div>\n\t\t<\/div>\n\t\t\t\t\t<\/div>\n\t\t<\/section>\n\t\t\t\t<section class=\"elementor-section elementor-top-section elementor-element elementor-element-822db73 elementor-section-boxed elementor-section-height-default elementor-section-height-default\" data-id=\"822db73\" data-element_type=\"section\">\n\t\t\t\t\t\t<div class=\"elementor-container elementor-column-gap-default\">\n\t\t\t\t\t<div class=\"elementor-column elementor-col-50 elementor-top-column elementor-element elementor-element-f49b4bf\" data-id=\"f49b4bf\" data-element_type=\"column\">\n\t\t\t<div class=\"elementor-widget-wrap elementor-element-populated\">\n\t\t\t\t\t\t<div class=\"elementor-element elementor-element-7f2ac8e elementor-widget elementor-widget-pp-team-member\" data-id=\"7f2ac8e\" data-element_type=\"widget\" data-widget_type=\"pp-team-member.default\">\n\t\t\t\t<div class=\"elementor-widget-container\">\n\t\t\t\t\t<div class=\"pp-tm-wrapper\">\n\t\t\t<div class=\"pp-tm\">\n\t\t\t\t<div class=\"pp-tm-image\"> \n\t\t\t\t\t<img fetchpriority=\"high\" decoding=\"async\" width=\"1000\" height=\"1377\" src=\"https:\/\/copy.medicest.eu\/wp-content\/uploads\/2022\/03\/Inna-Kislitsina-foto-600x855-1.jpg\" class=\"attachment-full size-full wp-image-7293\" alt=\"\" srcset=\"https:\/\/copy.medicest.eu\/wp-content\/uploads\/2022\/03\/Inna-Kislitsina-foto-600x855-1.jpg 1000w, https:\/\/copy.medicest.eu\/wp-content\/uploads\/2022\/03\/Inna-Kislitsina-foto-600x855-1-218x300.jpg 218w, https:\/\/copy.medicest.eu\/wp-content\/uploads\/2022\/03\/Inna-Kislitsina-foto-600x855-1-744x1024.jpg 744w, https:\/\/copy.medicest.eu\/wp-content\/uploads\/2022\/03\/Inna-Kislitsina-foto-600x855-1-768x1058.jpg 768w, https:\/\/copy.medicest.eu\/wp-content\/uploads\/2022\/03\/Inna-Kislitsina-foto-600x855-1-109x150.jpg 109w\" sizes=\"(max-width: 1000px) 100vw, 1000px\" \/>\n\t\t\t\t\t\t\t\t\t<\/div>\n\t\t\t\t<div class=\"pp-tm-content pp-tm-content-normal\">\n\t\t\t\t\t\t\t\t\t<h4 class=\"pp-tm-name\">\n\t\t\t\t\t\tInna Kislits\u00f5na\t\t\t\t<\/h4>\n\t\t\t\t\t\t\t<div class=\"pp-tm-position\">\n\t\t\t\tPeaspetsialist\t\t\t<\/div>\n\t\t\t\t\t\t<div class=\"pp-tm-position-divider-wrap\">\n\t\t\t\t<div class=\"pp-tm-divider pp-tm-position-divider\"><\/div>\n\t\t\t<\/div>\n\t\t\t\t\t\t\t<div class=\"pp-tm-description\">\n\t\t\t\t\t<p>Meditsiinikool<\/p><p>N\u00e4ohooldused<br \/>RUS EST<\/p><p><a href=\"https:\/\/copy.medicest.eu\/et\/meist\/\">L\u00e4hemalt<\/a><\/p>\t\t\t\t<\/div>\n\t\t\t\t\t\t\t\t\t\t<\/div>\n\t\t\t<\/div>\n\t\t<\/div>\n\t\t\t\t<\/div>\n\t\t\t\t<\/div>\n\t\t\t\t\t<\/div>\n\t\t<\/div>\n\t\t\t\t<div class=\"elementor-column elementor-col-50 elementor-top-column elementor-element elementor-element-2d56fd6\" data-id=\"2d56fd6\" data-element_type=\"column\">\n\t\t\t<div class=\"elementor-widget-wrap elementor-element-populated\">\n\t\t\t\t\t\t<div class=\"elementor-element elementor-element-266c3a7 elementor-widget elementor-widget-pp-team-member\" data-id=\"266c3a7\" data-element_type=\"widget\" data-widget_type=\"pp-team-member.default\">\n\t\t\t\t<div class=\"elementor-widget-container\">\n\t\t\t\t\t<div class=\"pp-tm-wrapper\">\n\t\t\t<div class=\"pp-tm\">\n\t\t\t\t<div class=\"pp-tm-image\"> \n\t\t\t\t\t<img decoding=\"async\" width=\"1000\" height=\"1377\" src=\"https:\/\/copy.medicest.eu\/wp-content\/uploads\/2022\/03\/Jevgenia-Radajeva-medicest.jpg\" class=\"attachment-full size-full wp-image-7273\" alt=\"\" srcset=\"https:\/\/copy.medicest.eu\/wp-content\/uploads\/2022\/03\/Jevgenia-Radajeva-medicest.jpg 1000w, https:\/\/copy.medicest.eu\/wp-content\/uploads\/2022\/03\/Jevgenia-Radajeva-medicest-218x300.jpg 218w, https:\/\/copy.medicest.eu\/wp-content\/uploads\/2022\/03\/Jevgenia-Radajeva-medicest-744x1024.jpg 744w, https:\/\/copy.medicest.eu\/wp-content\/uploads\/2022\/03\/Jevgenia-Radajeva-medicest-768x1058.jpg 768w, https:\/\/copy.medicest.eu\/wp-content\/uploads\/2022\/03\/Jevgenia-Radajeva-medicest-109x150.jpg 109w\" sizes=\"(max-width: 1000px) 100vw, 1000px\" \/>\n\t\t\t\t\t\t\t\t\t<\/div>\n\t\t\t\t<div class=\"pp-tm-content pp-tm-content-normal\">\n\t\t\t\t\t\t\t\t\t<h4 class=\"pp-tm-name\">\n\t\t\t\t\t\tJevgenia Radajeva\t\t\t\t<\/h4>\n\t\t\t\t\t\t\t<div class=\"pp-tm-position\">\n\t\t\t\tIluspetsialist \t\t\t<\/div>\n\t\t\t\t\t\t<div class=\"pp-tm-position-divider-wrap\">\n\t\t\t\t<div class=\"pp-tm-divider pp-tm-position-divider\"><\/div>\n\t\t\t<\/div>\n\t\t\t\t\t\t\t<div class=\"pp-tm-description\">\n\t\t\t\t\t<p>Iluakadeemia<\/p><p>N\u00e4ohooldused, kehahooldused<\/p><p>RUS EST ENG<\/p>\t\t\t\t<\/div>\n\t\t\t\t\t\t\t\t\t\t<\/div>\n\t\t\t<\/div>\n\t\t<\/div>\n\t\t\t\t<\/div>\n\t\t\t\t<\/div>\n\t\t\t\t\t<\/div>\n\t\t<\/div>\n\t\t\t\t\t<\/div>\n\t\t<\/section>\n\t\t\t\t<section class=\"elementor-section elementor-top-section elementor-element elementor-element-b5081ed elementor-section-boxed elementor-section-height-default elementor-section-height-default\" data-id=\"b5081ed\" data-element_type=\"section\">\n\t\t\t\t\t\t<div class=\"elementor-container elementor-column-gap-default\">\n\t\t\t\t\t<div class=\"elementor-column elementor-col-50 elementor-top-column elementor-element elementor-element-7ebb587\" data-id=\"7ebb587\" data-element_type=\"column\">\n\t\t\t<div class=\"elementor-widget-wrap elementor-element-populated\">\n\t\t\t\t\t\t<div class=\"elementor-element elementor-element-b04f1ce elementor-widget elementor-widget-pp-team-member\" data-id=\"b04f1ce\" data-element_type=\"widget\" data-widget_type=\"pp-team-member.default\">\n\t\t\t\t<div class=\"elementor-widget-container\">\n\t\t\t\t\t<div class=\"pp-tm-wrapper\">\n\t\t\t<div class=\"pp-tm\">\n\t\t\t\t<div class=\"pp-tm-image\"> \n\t\t\t\t\t<img decoding=\"async\" width=\"1000\" height=\"1377\" src=\"https:\/\/copy.medicest.eu\/wp-content\/uploads\/2022\/03\/jelena-safonova-medicest-1.jpg\" class=\"attachment-full size-full wp-image-7372\" alt=\"\" srcset=\"https:\/\/copy.medicest.eu\/wp-content\/uploads\/2022\/03\/jelena-safonova-medicest-1.jpg 1000w, https:\/\/copy.medicest.eu\/wp-content\/uploads\/2022\/03\/jelena-safonova-medicest-1-218x300.jpg 218w, https:\/\/copy.medicest.eu\/wp-content\/uploads\/2022\/03\/jelena-safonova-medicest-1-744x1024.jpg 744w, https:\/\/copy.medicest.eu\/wp-content\/uploads\/2022\/03\/jelena-safonova-medicest-1-768x1058.jpg 768w, https:\/\/copy.medicest.eu\/wp-content\/uploads\/2022\/03\/jelena-safonova-medicest-1-109x150.jpg 109w\" sizes=\"(max-width: 1000px) 100vw, 1000px\" \/>\n\t\t\t\t\t\t\t\t\t<\/div>\n\t\t\t\t<div class=\"pp-tm-content pp-tm-content-normal\">\n\t\t\t\t\t\t\t\t\t<h4 class=\"pp-tm-name\">\n\t\t\t\t\t\tJelena Safonova \t\t\t\t<\/h4>\n\t\t\t\t\t\t\t<div class=\"pp-tm-position\">\n\t\t\t\tIluspetsialist\/SPA-terapeut \t\t\t<\/div>\n\t\t\t\t\t\t<div class=\"pp-tm-position-divider-wrap\">\n\t\t\t\t<div class=\"pp-tm-divider pp-tm-position-divider\"><\/div>\n\t\t\t<\/div>\n\t\t\t\t\t\t\t<div class=\"pp-tm-description\">\n\t\t\t\t\t<p>Eesti massazi ja teraapijakool, Ou Makberta erakool<\/p><p>N\u00e4ohooldused, kehahooldused<\/p><p>RUS EST ENG<\/p>\t\t\t\t<\/div>\n\t\t\t\t\t\t\t\t\t\t<\/div>\n\t\t\t<\/div>\n\t\t<\/div>\n\t\t\t\t<\/div>\n\t\t\t\t<\/div>\n\t\t\t\t\t<\/div>\n\t\t<\/div>\n\t\t\t\t<div class=\"elementor-column elementor-col-50 elementor-top-column elementor-element elementor-element-22ae8a9\" data-id=\"22ae8a9\" data-element_type=\"column\">\n\t\t\t<div class=\"elementor-widget-wrap elementor-element-populated\">\n\t\t\t\t\t\t<div class=\"elementor-element elementor-element-e917600 elementor-widget elementor-widget-pp-team-member\" data-id=\"e917600\" data-element_type=\"widget\" data-widget_type=\"pp-team-member.default\">\n\t\t\t\t<div class=\"elementor-widget-container\">\n\t\t\t\t\t<div class=\"pp-tm-wrapper\">\n\t\t\t<div class=\"pp-tm\">\n\t\t\t\t<div class=\"pp-tm-image\"> \n\t\t\t\t\t<img loading=\"lazy\" decoding=\"async\" width=\"1000\" height=\"1377\" src=\"https:\/\/copy.medicest.eu\/wp-content\/uploads\/2022\/06\/Lilia-medicest.jpg\" class=\"attachment-full size-full wp-image-8652\" alt=\"\" srcset=\"https:\/\/copy.medicest.eu\/wp-content\/uploads\/2022\/06\/Lilia-medicest.jpg 1000w, https:\/\/copy.medicest.eu\/wp-content\/uploads\/2022\/06\/Lilia-medicest-218x300.jpg 218w, https:\/\/copy.medicest.eu\/wp-content\/uploads\/2022\/06\/Lilia-medicest-744x1024.jpg 744w, https:\/\/copy.medicest.eu\/wp-content\/uploads\/2022\/06\/Lilia-medicest-768x1058.jpg 768w, https:\/\/copy.medicest.eu\/wp-content\/uploads\/2022\/06\/Lilia-medicest-109x150.jpg 109w\" sizes=\"(max-width: 1000px) 100vw, 1000px\" \/>\n\t\t\t\t\t\t\t\t\t<\/div>\n\t\t\t\t<div class=\"pp-tm-content pp-tm-content-normal\">\n\t\t\t\t\t\t\t\t\t<h4 class=\"pp-tm-name\">\n\t\t\t\t\t\tLilia Usmanova\t\t\t\t<\/h4>\n\t\t\t\t\t\t\t<div class=\"pp-tm-position\">\n\t\t\t\tIluspetsialist\/\u00d5de\t\t\t<\/div>\n\t\t\t\t\t\t<div class=\"pp-tm-position-divider-wrap\">\n\t\t\t\t<div class=\"pp-tm-divider pp-tm-position-divider\"><\/div>\n\t\t\t<\/div>\n\t\t\t\t\t\t\t<div class=\"pp-tm-description\">\n\t\t\t\t\t<p>Tallinna Meditsiinikool<\/p><p>N\u00e4ohooldused, kehahooldused<\/p><p>RUS EST<\/p>\t\t\t\t<\/div>\n\t\t\t\t\t\t\t\t\t\t<\/div>\n\t\t\t<\/div>\n\t\t<\/div>\n\t\t\t\t<\/div>\n\t\t\t\t<\/div>\n\t\t\t\t\t<\/div>\n\t\t<\/div>\n\t\t\t\t\t<\/div>\n\t\t<\/section>\n\t\t\t\t<section class=\"elementor-section elementor-top-section elementor-element elementor-element-f27f5ef elementor-section-boxed elementor-section-height-default elementor-section-height-default\" data-id=\"f27f5ef\" data-element_type=\"section\">\n\t\t\t\t\t\t<div class=\"elementor-container elementor-column-gap-default\">\n\t\t\t\t\t<div class=\"elementor-column elementor-col-50 elementor-top-column elementor-element elementor-element-d0e7cc9\" data-id=\"d0e7cc9\" data-element_type=\"column\">\n\t\t\t<div class=\"elementor-widget-wrap elementor-element-populated\">\n\t\t\t\t\t\t<div class=\"elementor-element elementor-element-601215c elementor-widget elementor-widget-pp-team-member\" data-id=\"601215c\" data-element_type=\"widget\" data-widget_type=\"pp-team-member.default\">\n\t\t\t\t<div class=\"elementor-widget-container\">\n\t\t\t\t\t<div class=\"pp-tm-wrapper\">\n\t\t\t<div class=\"pp-tm\">\n\t\t\t\t<div class=\"pp-tm-image\"> \n\t\t\t\t\t<img loading=\"lazy\" decoding=\"async\" width=\"1000\" height=\"1377\" src=\"https:\/\/copy.medicest.eu\/wp-content\/uploads\/2023\/01\/A-Gagen-medicest.jpeg\" class=\"attachment-full size-full wp-image-10917\" alt=\"\" srcset=\"https:\/\/copy.medicest.eu\/wp-content\/uploads\/2023\/01\/A-Gagen-medicest.jpeg 1000w, https:\/\/copy.medicest.eu\/wp-content\/uploads\/2023\/01\/A-Gagen-medicest-218x300.jpeg 218w, https:\/\/copy.medicest.eu\/wp-content\/uploads\/2023\/01\/A-Gagen-medicest-744x1024.jpeg 744w, https:\/\/copy.medicest.eu\/wp-content\/uploads\/2023\/01\/A-Gagen-medicest-768x1058.jpeg 768w, https:\/\/copy.medicest.eu\/wp-content\/uploads\/2023\/01\/A-Gagen-medicest-109x150.jpeg 109w\" sizes=\"(max-width: 1000px) 100vw, 1000px\" \/>\n\t\t\t\t\t\t\t\t\t<\/div>\n\t\t\t\t<div class=\"pp-tm-content pp-tm-content-normal\">\n\t\t\t\t\t\t\t\t\t<h4 class=\"pp-tm-name\">\n\t\t\t\t\t\tAleksandra Gagen \t\t\t\t<\/h4>\n\t\t\t\t\t\t\t<div class=\"pp-tm-position\">\n\t\t\t\tToitumisterapeut\t\t\t<\/div>\n\t\t\t\t\t\t<div class=\"pp-tm-position-divider-wrap\">\n\t\t\t\t<div class=\"pp-tm-divider pp-tm-position-divider\"><\/div>\n\t\t\t<\/div>\n\t\t\t\t\t\t\t<div class=\"pp-tm-description\">\n\t\t\t\t\t<p>Annely Sootsi Tervisekool<\/p><p>Toitumisterapeudi konsultatsioon<br \/>Toitumisterapeuti konsultatsioon naha kvaliteedi parandamiseks<\/p><p>RUS EST<\/p>\t\t\t\t<\/div>\n\t\t\t\t\t\t\t\t\t\t<\/div>\n\t\t\t<\/div>\n\t\t<\/div>\n\t\t\t\t<\/div>\n\t\t\t\t<\/div>\n\t\t\t\t\t<\/div>\n\t\t<\/div>\n\t\t\t\t<div class=\"elementor-column elementor-col-50 elementor-top-column elementor-element elementor-element-c19444c\" data-id=\"c19444c\" data-element_type=\"column\">\n\t\t\t<div class=\"elementor-widget-wrap\">\n\t\t\t\t\t\t\t<\/div>\n\t\t<\/div>\n\t\t\t\t\t<\/div>\n\t\t<\/section>\n\t\t\t\t<\/div>\n\t\t","protected":false},"excerpt":{"rendered":"<p>Meie meeskond Inna Kislits\u00f5na Peaspetsialist Meditsiinikool N\u00e4ohooldusedRUS EST L\u00e4hemalt Jevgenia Radajeva Iluspetsialist Iluakadeemia N\u00e4ohooldused, kehahooldused RUS EST ENG Jelena Safonova Iluspetsialist\/SPA-terapeut Eesti massazi ja teraapijakool, Ou Makberta erakool N\u00e4ohooldused, kehahooldused RUS EST ENG Lilia Usmanova Iluspetsialist\/\u00d5de Tallinna Meditsiinikool N\u00e4ohooldused, kehahooldused RUS EST Aleksandra Gagen Toitumisterapeut Annely Sootsi Tervisekool Toitumisterapeudi konsultatsioonToitumisterapeuti\u2026<\/p>\n<p class=\"continue-reading-button\"> <a class=\"continue-reading-link\" href=\"https:\/\/copy.medicest.eu\/et\/meeskond\/\"><i class=\"crycon-right-dir\"><\/i><\/a><\/p>\n","protected":false},"author":1,"featured_media":0,"parent":0,"menu_order":0,"comment_status":"closed","ping_status":"closed","template":"","meta":{"footnotes":""},"class_list":["post-7338","page","type-page","status-publish","hentry"],"yoast_head":"<!-- This site is optimized with the Yoast SEO plugin v23.6 - https:\/\/yoast.com\/wordpress\/plugins\/seo\/ -->\n<title>Meeskond - Ilukliinik Medic-Esthetic<\/title>\n<meta name=\"robots\" content=\"index, follow, max-snippet:-1, max-image-preview:large, max-video-preview:-1\" \/>\n<link rel=\"canonical\" href=\"https:\/\/copy.medicest.eu\/et\/meeskond\/\" \/>\n<meta property=\"og:locale\" content=\"et_EE\" \/>\n<meta property=\"og:type\" content=\"article\" \/>\n<meta property=\"og:title\" content=\"Meeskond - Ilukliinik Medic-Esthetic\" \/>\n<meta property=\"og:description\" content=\"Meie meeskond Inna Kislits\u00f5na Peaspetsialist Meditsiinikool N\u00e4ohooldusedRUS EST L\u00e4hemalt Jevgenia Radajeva Iluspetsialist Iluakadeemia N\u00e4ohooldused, kehahooldused RUS EST ENG Jelena Safonova Iluspetsialist\/SPA-terapeut Eesti massazi ja teraapijakool, Ou Makberta erakool N\u00e4ohooldused, kehahooldused RUS EST ENG Lilia Usmanova Iluspetsialist\/\u00d5de Tallinna Meditsiinikool N\u00e4ohooldused, kehahooldused RUS EST Aleksandra Gagen Toitumisterapeut Annely Sootsi Tervisekool Toitumisterapeudi konsultatsioonToitumisterapeuti\u2026\" \/>\n<meta property=\"og:url\" content=\"https:\/\/copy.medicest.eu\/et\/meeskond\/\" \/>\n<meta property=\"og:site_name\" content=\"Ilukliinik Medic-Esthetic\" \/>\n<meta property=\"article:modified_time\" content=\"2024-08-09T14:24:48+00:00\" \/>\n<meta property=\"og:image\" content=\"https:\/\/copy.medicest.eu\/wp-content\/uploads\/2022\/03\/Inna-Kislitsina-foto-600x855-1.jpg\" \/>\n<meta name=\"twitter:card\" content=\"summary_large_image\" \/>\n<meta name=\"twitter:label1\" content=\"Est. reading time\" \/>\n\t<meta name=\"twitter:data1\" content=\"2 minutit\" \/>\n<script type=\"application\/ld+json\" class=\"yoast-schema-graph\">{\"@context\":\"https:\/\/schema.org\",\"@graph\":[{\"@type\":\"WebPage\",\"@id\":\"https:\/\/copy.medicest.eu\/et\/meeskond\/\",\"url\":\"https:\/\/copy.medicest.eu\/et\/meeskond\/\",\"name\":\"Meeskond - Ilukliinik Medic-Esthetic\",\"isPartOf\":{\"@id\":\"https:\/\/copy.medicest.eu\/#website\"},\"primaryImageOfPage\":{\"@id\":\"https:\/\/copy.medicest.eu\/et\/meeskond\/#primaryimage\"},\"image\":{\"@id\":\"https:\/\/copy.medicest.eu\/et\/meeskond\/#primaryimage\"},\"thumbnailUrl\":\"https:\/\/copy.medicest.eu\/wp-content\/uploads\/2022\/03\/Inna-Kislitsina-foto-600x855-1.jpg\",\"datePublished\":\"2022-03-11T18:03:42+00:00\",\"dateModified\":\"2024-08-09T14:24:48+00:00\",\"breadcrumb\":{\"@id\":\"https:\/\/copy.medicest.eu\/et\/meeskond\/#breadcrumb\"},\"inLanguage\":\"et\",\"potentialAction\":[{\"@type\":\"ReadAction\",\"target\":[\"https:\/\/copy.medicest.eu\/et\/meeskond\/\"]}]},{\"@type\":\"ImageObject\",\"inLanguage\":\"et\",\"@id\":\"https:\/\/copy.medicest.eu\/et\/meeskond\/#primaryimage\",\"url\":\"https:\/\/copy.medicest.eu\/wp-content\/uploads\/2022\/03\/Inna-Kislitsina-foto-600x855-1.jpg\",\"contentUrl\":\"https:\/\/copy.medicest.eu\/wp-content\/uploads\/2022\/03\/Inna-Kislitsina-foto-600x855-1.jpg\"},{\"@type\":\"BreadcrumbList\",\"@id\":\"https:\/\/copy.medicest.eu\/et\/meeskond\/#breadcrumb\",\"itemListElement\":[{\"@type\":\"ListItem\",\"position\":1,\"name\":\"Home\",\"item\":\"https:\/\/copy.medicest.eu\/et\/\"},{\"@type\":\"ListItem\",\"position\":2,\"name\":\"Meeskond\"}]},{\"@type\":\"WebSite\",\"@id\":\"https:\/\/copy.medicest.eu\/#website\",\"url\":\"https:\/\/copy.medicest.eu\/\",\"name\":\"Ilukliinik Medic-Esthetic\",\"description\":\"Beauty &amp; Prestige\",\"potentialAction\":[{\"@type\":\"SearchAction\",\"target\":{\"@type\":\"EntryPoint\",\"urlTemplate\":\"https:\/\/copy.medicest.eu\/?s={search_term_string}\"},\"query-input\":{\"@type\":\"PropertyValueSpecification\",\"valueRequired\":true,\"valueName\":\"search_term_string\"}}],\"inLanguage\":\"et\"}]}<\/script>\n<!-- \/ Yoast SEO plugin. -->","yoast_head_json":{"title":"Meeskond - Ilukliinik Medic-Esthetic","robots":{"index":"index","follow":"follow","max-snippet":"max-snippet:-1","max-image-preview":"max-image-preview:large","max-video-preview":"max-video-preview:-1"},"canonical":"https:\/\/copy.medicest.eu\/et\/meeskond\/","og_locale":"et_EE","og_type":"article","og_title":"Meeskond - Ilukliinik Medic-Esthetic","og_description":"Meie meeskond Inna Kislits\u00f5na Peaspetsialist Meditsiinikool N\u00e4ohooldusedRUS EST L\u00e4hemalt Jevgenia Radajeva Iluspetsialist Iluakadeemia N\u00e4ohooldused, kehahooldused RUS EST ENG Jelena Safonova Iluspetsialist\/SPA-terapeut Eesti massazi ja teraapijakool, Ou Makberta erakool N\u00e4ohooldused, kehahooldused RUS EST ENG Lilia Usmanova Iluspetsialist\/\u00d5de Tallinna Meditsiinikool N\u00e4ohooldused, kehahooldused RUS EST Aleksandra Gagen Toitumisterapeut Annely Sootsi Tervisekool Toitumisterapeudi konsultatsioonToitumisterapeuti\u2026","og_url":"https:\/\/copy.medicest.eu\/et\/meeskond\/","og_site_name":"Ilukliinik Medic-Esthetic","article_modified_time":"2024-08-09T14:24:48+00:00","og_image":[{"url":"https:\/\/copy.medicest.eu\/wp-content\/uploads\/2022\/03\/Inna-Kislitsina-foto-600x855-1.jpg"}],"twitter_card":"summary_large_image","twitter_misc":{"Est. reading time":"2 minutit"},"schema":{"@context":"https:\/\/schema.org","@graph":[{"@type":"WebPage","@id":"https:\/\/copy.medicest.eu\/et\/meeskond\/","url":"https:\/\/copy.medicest.eu\/et\/meeskond\/","name":"Meeskond - Ilukliinik Medic-Esthetic","isPartOf":{"@id":"https:\/\/copy.medicest.eu\/#website"},"primaryImageOfPage":{"@id":"https:\/\/copy.medicest.eu\/et\/meeskond\/#primaryimage"},"image":{"@id":"https:\/\/copy.medicest.eu\/et\/meeskond\/#primaryimage"},"thumbnailUrl":"https:\/\/copy.medicest.eu\/wp-content\/uploads\/2022\/03\/Inna-Kislitsina-foto-600x855-1.jpg","datePublished":"2022-03-11T18:03:42+00:00","dateModified":"2024-08-09T14:24:48+00:00","breadcrumb":{"@id":"https:\/\/copy.medicest.eu\/et\/meeskond\/#breadcrumb"},"inLanguage":"et","potentialAction":[{"@type":"ReadAction","target":["https:\/\/copy.medicest.eu\/et\/meeskond\/"]}]},{"@type":"ImageObject","inLanguage":"et","@id":"https:\/\/copy.medicest.eu\/et\/meeskond\/#primaryimage","url":"https:\/\/copy.medicest.eu\/wp-content\/uploads\/2022\/03\/Inna-Kislitsina-foto-600x855-1.jpg","contentUrl":"https:\/\/copy.medicest.eu\/wp-content\/uploads\/2022\/03\/Inna-Kislitsina-foto-600x855-1.jpg"},{"@type":"BreadcrumbList","@id":"https:\/\/copy.medicest.eu\/et\/meeskond\/#breadcrumb","itemListElement":[{"@type":"ListItem","position":1,"name":"Home","item":"https:\/\/copy.medicest.eu\/et\/"},{"@type":"ListItem","position":2,"name":"Meeskond"}]},{"@type":"WebSite","@id":"https:\/\/copy.medicest.eu\/#website","url":"https:\/\/copy.medicest.eu\/","name":"Ilukliinik Medic-Esthetic","description":"Beauty &amp; Prestige","potentialAction":[{"@type":"SearchAction","target":{"@type":"EntryPoint","urlTemplate":"https:\/\/copy.medicest.eu\/?s={search_term_string}"},"query-input":{"@type":"PropertyValueSpecification","valueRequired":true,"valueName":"search_term_string"}}],"inLanguage":"et"}]}},"_links":{"self":[{"href":"https:\/\/copy.medicest.eu\/et\/wp-json\/wp\/v2\/pages\/7338","targetHints":{"allow":["GET"]}}],"collection":[{"href":"https:\/\/copy.medicest.eu\/et\/wp-json\/wp\/v2\/pages"}],"about":[{"href":"https:\/\/copy.medicest.eu\/et\/wp-json\/wp\/v2\/types\/page"}],"author":[{"embeddable":true,"href":"https:\/\/copy.medicest.eu\/et\/wp-json\/wp\/v2\/users\/1"}],"replies":[{"embeddable":true,"href":"https:\/\/copy.medicest.eu\/et\/wp-json\/wp\/v2\/comments?post=7338"}],"version-history":[{"count":37,"href":"https:\/\/copy.medicest.eu\/et\/wp-json\/wp\/v2\/pages\/7338\/revisions"}],"predecessor-version":[{"id":16143,"href":"https:\/\/copy.medicest.eu\/et\/wp-json\/wp\/v2\/pages\/7338\/revisions\/16143"}],"wp:attachment":[{"href":"https:\/\/copy.medicest.eu\/et\/wp-json\/wp\/v2\/media?parent=7338"}],"curies":[{"name":"wp","href":"https:\/\/api.w.org\/{rel}","templated":true}]}}