{"id":7547,"date":"2022-03-29T13:29:00","date_gmt":"2022-03-29T13:29:00","guid":{"rendered":"https:\/\/copy.medicest.eu\/kompleksnyj-uxod-icoone-facelifting-led-therapy\/"},"modified":"2022-03-29T13:59:33","modified_gmt":"2022-03-29T13:59:33","slug":"komplekshoolitsus-icoone-facelifting-led-therapy","status":"publish","type":"page","link":"https:\/\/copy.medicest.eu\/et\/komplekshoolitsus-icoone-facelifting-led-therapy\/","title":{"rendered":"Komplekshoolitsus ICoone FaceLifting &#038; LED therapy"},"content":{"rendered":"\t\t<div data-elementor-type=\"wp-page\" data-elementor-id=\"7547\" class=\"elementor elementor-7547 elementor-7530\">\n\t\t\t\t\t\t<section class=\"elementor-section elementor-top-section elementor-element elementor-element-7b637192 elementor-section-boxed elementor-section-height-default elementor-section-height-default\" data-id=\"7b637192\" data-element_type=\"section\">\n\t\t\t\t\t\t<div class=\"elementor-container elementor-column-gap-default\">\n\t\t\t\t\t<div class=\"elementor-column elementor-col-100 elementor-top-column elementor-element elementor-element-545363a8\" data-id=\"545363a8\" data-element_type=\"column\">\n\t\t\t<div class=\"elementor-widget-wrap elementor-element-populated\">\n\t\t\t\t\t\t<div class=\"elementor-element elementor-element-154f8b9c elementor-widget elementor-widget-heading\" data-id=\"154f8b9c\" data-element_type=\"widget\" data-widget_type=\"heading.default\">\n\t\t\t\t<div class=\"elementor-widget-container\">\n\t\t\t<h2 class=\"elementor-heading-title elementor-size-default\">ICoone FaceLifting &amp; LED therapy<\/h2>\t\t<\/div>\n\t\t\t\t<\/div>\n\t\t\t\t<div class=\"elementor-element elementor-element-4878d7ad elementor-widget elementor-widget-heading\" data-id=\"4878d7ad\" data-element_type=\"widget\" data-widget_type=\"heading.default\">\n\t\t\t\t<div class=\"elementor-widget-container\">\n\t\t\t<h3 class=\"elementor-heading-title elementor-size-default\">Komplekshoolitsus<\/h3>\t\t<\/div>\n\t\t\t\t<\/div>\n\t\t\t\t\t<\/div>\n\t\t<\/div>\n\t\t\t\t\t<\/div>\n\t\t<\/section>\n\t\t\t\t<section class=\"elementor-section elementor-top-section elementor-element elementor-element-78c88d3 elementor-section-boxed elementor-section-height-default elementor-section-height-default\" data-id=\"78c88d3\" data-element_type=\"section\">\n\t\t\t\t\t\t<div class=\"elementor-container elementor-column-gap-default\">\n\t\t\t\t\t<div class=\"elementor-column elementor-col-50 elementor-top-column elementor-element elementor-element-5a72a65\" data-id=\"5a72a65\" data-element_type=\"column\">\n\t\t\t<div class=\"elementor-widget-wrap elementor-element-populated\">\n\t\t\t\t\t\t<div class=\"elementor-element elementor-element-83c992d elementor-widget elementor-widget-image\" data-id=\"83c992d\" data-element_type=\"widget\" data-widget_type=\"image.default\">\n\t\t\t\t<div class=\"elementor-widget-container\">\n\t\t\t\t\t\t\t\t\t\t\t\t\t<img fetchpriority=\"high\" decoding=\"async\" width=\"683\" height=\"1024\" src=\"https:\/\/copy.medicest.eu\/wp-content\/uploads\/2022\/03\/medical-1-683x1024-1.jpg\" class=\"attachment-large size-large wp-image-7538\" alt=\"\" srcset=\"https:\/\/copy.medicest.eu\/wp-content\/uploads\/2022\/03\/medical-1-683x1024-1.jpg 683w, https:\/\/copy.medicest.eu\/wp-content\/uploads\/2022\/03\/medical-1-683x1024-1-200x300.jpg 200w, https:\/\/copy.medicest.eu\/wp-content\/uploads\/2022\/03\/medical-1-683x1024-1-100x150.jpg 100w\" sizes=\"(max-width: 683px) 100vw, 683px\" \/>\t\t\t\t\t\t\t\t\t\t\t\t\t<\/div>\n\t\t\t\t<\/div>\n\t\t\t\t\t<\/div>\n\t\t<\/div>\n\t\t\t\t<div class=\"elementor-column elementor-col-50 elementor-top-column elementor-element elementor-element-75ad22a\" data-id=\"75ad22a\" data-element_type=\"column\">\n\t\t\t<div class=\"elementor-widget-wrap elementor-element-populated\">\n\t\t\t\t\t\t<div class=\"elementor-element elementor-element-51ed441 elementor-widget elementor-widget-text-editor\" data-id=\"51ed441\" data-element_type=\"widget\" data-widget_type=\"text-editor.default\">\n\t\t\t\t<div class=\"elementor-widget-container\">\n\t\t\t\t\t\t\t<h4><strong> 1. etapp: iCoone FaceLifting<\/strong><\/h4><p>N\u00e4o-, kaela- ja dekolteepiirkonna massaa\u017e toimub seadmega iCoone LaserMed, mis t\u00e4nu 7 mm laiustele mikrootsakutele ulatub n\u00e4o ja kaela igasse kohta ning parandab naha vereringet, aktiveerides elastiini ja kollageeni tootmise fibroblastide poolt.<\/p><p>Lisaks muudab iCoone\u2019iga hooldus nahakiud elastsemaks, toimib vananemisvastaselt ja soodustab naha kiiret noorenemist n\u00e4htavate tulemustega juba m\u00f5neminutilise kasutamise j\u00e4rel.<\/p><p>T\u00e4nu sellele meeldivale ja \u00f5rnale, t\u00e4iesti valutule vananemisvastasele nahahooldusprotseduurile silenevad kortsud, nahk saab tagasi kompaktsuse, tugevuse ja s\u00e4ra ning muutub nooremaks.<\/p>\t\t\t\t\t\t<\/div>\n\t\t\t\t<\/div>\n\t\t\t\t\t<\/div>\n\t\t<\/div>\n\t\t\t\t\t<\/div>\n\t\t<\/section>\n\t\t\t\t<section class=\"elementor-section elementor-top-section elementor-element elementor-element-08bb5da elementor-section-boxed elementor-section-height-default elementor-section-height-default\" data-id=\"08bb5da\" data-element_type=\"section\">\n\t\t\t\t\t\t<div class=\"elementor-container elementor-column-gap-default\">\n\t\t\t\t\t<div class=\"elementor-column elementor-col-50 elementor-top-column elementor-element elementor-element-67e0500\" data-id=\"67e0500\" data-element_type=\"column\">\n\t\t\t<div class=\"elementor-widget-wrap elementor-element-populated\">\n\t\t\t\t\t\t<div class=\"elementor-element elementor-element-0b622f6 elementor-widget elementor-widget-text-editor\" data-id=\"0b622f6\" data-element_type=\"widget\" data-widget_type=\"text-editor.default\">\n\t\t\t\t<div class=\"elementor-widget-container\">\n\t\t\t\t\t\t\t<h4><strong> 2. etapp: LED therapy<\/strong><\/h4><p>Kompleksi teine \u200b\u200betapp on valgusteraapia, mida tehakse professionaalse Overline-kaubam\u00e4rgi LED-lambiga.<\/p><p>Valguslainete tungimine epidermise \u00fclemistesse kihtidesse ja nahaalustesse rasvkoe kihtidesse avaldab nahale ravivat toimet, olenevalt spetsialisti valitud v\u00e4rvist.<\/p><p>LED-teraapia v\u00f5ib olla antibakteriaalse ja p\u00f5letikuvastase toimega, uuendada nahka ja ravib haavu, parandada vereringet dermises, t\u00f5hustada kollageeni ja elastiini s\u00fcnteesi, anda nahale siledus ja pehmus, samuti v\u00e4hendada stressi, m\u00f5juda kehale l\u00f5\u00f5gastavalt, t\u00e4iendades kosmeetiliste protseduuride ps\u00fchholoogilist mugavust.<\/p>\t\t\t\t\t\t<\/div>\n\t\t\t\t<\/div>\n\t\t\t\t\t<\/div>\n\t\t<\/div>\n\t\t\t\t<div class=\"elementor-column elementor-col-50 elementor-top-column elementor-element elementor-element-c64e4b7\" data-id=\"c64e4b7\" data-element_type=\"column\">\n\t\t\t<div class=\"elementor-widget-wrap elementor-element-populated\">\n\t\t\t\t\t\t<div class=\"elementor-element elementor-element-8af4318 elementor-widget elementor-widget-image\" data-id=\"8af4318\" data-element_type=\"widget\" data-widget_type=\"image.default\">\n\t\t\t\t<div class=\"elementor-widget-container\">\n\t\t\t\t\t\t\t\t\t\t\t\t\t<img decoding=\"async\" width=\"394\" height=\"278\" src=\"https:\/\/copy.medicest.eu\/wp-content\/uploads\/2022\/03\/led-mask-for-chromotherapy.jpg\" class=\"attachment-large size-large wp-image-7158\" alt=\"\" srcset=\"https:\/\/copy.medicest.eu\/wp-content\/uploads\/2022\/03\/led-mask-for-chromotherapy.jpg 394w, https:\/\/copy.medicest.eu\/wp-content\/uploads\/2022\/03\/led-mask-for-chromotherapy-300x212.jpg 300w, https:\/\/copy.medicest.eu\/wp-content\/uploads\/2022\/03\/led-mask-for-chromotherapy-150x106.jpg 150w\" sizes=\"(max-width: 394px) 100vw, 394px\" \/>\t\t\t\t\t\t\t\t\t\t\t\t\t<\/div>\n\t\t\t\t<\/div>\n\t\t\t\t<div class=\"elementor-element elementor-element-4ba36a8 elementor-widget elementor-widget-text-editor\" data-id=\"4ba36a8\" data-element_type=\"widget\" data-widget_type=\"text-editor.default\">\n\t\t\t\t<div class=\"elementor-widget-container\">\n\t\t\t\t\t\t\t<blockquote><p><strong>Kompleksi l\u00f5petav etapp<\/strong>: seerumi ja kreemi pealekandmine kliendi naha vajadustest l\u00e4htuvalt.<\/p><\/blockquote>\t\t\t\t\t\t<\/div>\n\t\t\t\t<\/div>\n\t\t\t\t\t<\/div>\n\t\t<\/div>\n\t\t\t\t\t<\/div>\n\t\t<\/section>\n\t\t\t\t<section class=\"elementor-section elementor-top-section elementor-element elementor-element-7bdccd33 elementor-section-boxed elementor-section-height-default elementor-section-height-default\" data-id=\"7bdccd33\" data-element_type=\"section\">\n\t\t\t\t\t\t<div class=\"elementor-container elementor-column-gap-default\">\n\t\t\t\t\t<div class=\"elementor-column elementor-col-100 elementor-top-column elementor-element elementor-element-701abcf9\" data-id=\"701abcf9\" data-element_type=\"column\">\n\t\t\t<div class=\"elementor-widget-wrap elementor-element-populated\">\n\t\t\t\t\t\t<div class=\"elementor-element elementor-element-1e671c4c elementor-widget elementor-widget-heading\" data-id=\"1e671c4c\" data-element_type=\"widget\" data-widget_type=\"heading.default\">\n\t\t\t\t<div class=\"elementor-widget-container\">\n\t\t\t<h2 class=\"elementor-heading-title elementor-size-default\">Hinnakiri<\/h2>\t\t<\/div>\n\t\t\t\t<\/div>\n\t\t\t\t<div class=\"elementor-element elementor-element-24cf2c7b elementor-widget elementor-widget-text-editor\" data-id=\"24cf2c7b\" data-element_type=\"widget\" data-widget_type=\"text-editor.default\">\n\t\t\t\t<div class=\"elementor-widget-container\">\n\t\t\t\t\t\t\t<p>\n<table id=\"tablepress-106\" class=\"tablepress tablepress-id-106 tablepress-responsive\">\n<thead>\n<tr class=\"row-1 odd\">\n\t<th class=\"column-1\">Komplekshoolitsused<\/th><th class=\"column-2\">Hind \u20ac <\/th>\n<\/tr>\n<\/thead>\n<tbody class=\"row-hover\">\n<tr class=\"row-2 even\">\n\t<td class=\"column-1\">Kompleksne n\u00e4ohooldus &#8220;Kerge hingamine&#8221;  60 min<\/td><td class=\"column-2\">69,00<\/td>\n<\/tr>\n<tr class=\"row-3 odd\">\n\t<td class=\"column-1\">Kompleksne n\u00e4ohooldus Oxygen-LED therapy + manuaalne massaa\u017e, 60 min<\/td><td class=\"column-2\">69,00<\/td>\n<\/tr>\n<tr class=\"row-4 even\">\n\t<td class=\"column-1\">Kompleksne n\u00e4ohooldus ICoone FaceLifting &amp; LED therapy, 60 min<\/td><td class=\"column-2\">65,00<\/td>\n<\/tr>\n<tr class=\"row-5 odd\">\n\t<td class=\"column-1\">Kompleksne n\u00e4ohooldus Jet Peel &amp; Face Fitness, 60 min<\/td><td class=\"column-2\">70,00<\/td>\n<\/tr>\n<\/tbody>\n<\/table>\n<!-- #tablepress-106 from cache --><\/p>\t\t\t\t\t\t<\/div>\n\t\t\t\t<\/div>\n\t\t\t\t<div class=\"elementor-element elementor-element-1b6bbe24 pp-buttons-halign-center pp-buttons-stack-none elementor-widget elementor-widget-pp-buttons\" data-id=\"1b6bbe24\" data-element_type=\"widget\" data-widget_type=\"pp-buttons.default\">\n\t\t\t\t<div class=\"elementor-widget-container\">\n\t\t\t\t\t<div class=\"pp-buttons-group\">\n\t\t\t\t\t\t\t\t\t\t\t<a href=\"https:\/\/shop.medicest.eu\/et\/product\/aparaatne-massaaz-icoone-laser\/\" target=\"_blank\" class=\"pp-button elementor-button elementor-size-md elementor-repeater-item-c938c7f \">\n\t\t\t\t\t<div class=\"pp-button-content-wrapper\">\n\t\t\t\t\t\t<span class=\"pp-button-content-inner pp-icon-before\">\n\t\t\t\t\t\t\t\n\t\t\t\t\t\t\t\t<span class=\"pp-button-title\">\n\t\t\t\t\t\t\t\t\tOsta\t\t\t\t\t\t\t\t<\/span>\n\t\t\t\t\t\t\t\t\t\t\t\t\t<\/span>\n\t\t\t\t\t<\/div>\n\t\t\t\t<\/a>\n\t\t\t\t\t\t\t\t\t\t<\/div>\t\t<\/div>\n\t\t\t\t<\/div>\n\t\t\t\t\t<\/div>\n\t\t<\/div>\n\t\t\t\t\t<\/div>\n\t\t<\/section>\n\t\t\t\t<\/div>\n\t\t","protected":false},"excerpt":{"rendered":"<p>ICoone FaceLifting &#038; LED therapy Komplekshoolitsus 1. etapp: iCoone FaceLifting N\u00e4o-, kaela- ja dekolteepiirkonna massaa\u017e toimub seadmega iCoone LaserMed, mis t\u00e4nu 7 mm laiustele mikrootsakutele ulatub n\u00e4o ja kaela igasse kohta ning parandab naha vereringet, aktiveerides elastiini ja kollageeni tootmise fibroblastide poolt. Lisaks muudab iCoone\u2019iga hooldus nahakiud elastsemaks, toimib vananemisvastaselt\u2026<\/p>\n<p class=\"continue-reading-button\"> <a class=\"continue-reading-link\" href=\"https:\/\/copy.medicest.eu\/et\/komplekshoolitsus-icoone-facelifting-led-therapy\/\"><i class=\"crycon-right-dir\"><\/i><\/a><\/p>\n","protected":false},"author":1,"featured_media":0,"parent":0,"menu_order":0,"comment_status":"closed","ping_status":"closed","template":"","meta":{"footnotes":""},"class_list":["post-7547","page","type-page","status-publish","hentry"],"yoast_head":"<!-- This site is optimized with the Yoast SEO plugin v23.6 - https:\/\/yoast.com\/wordpress\/plugins\/seo\/ -->\n<title>Komplekshoolitsus ICoone FaceLifting &amp; LED therapy - Ilukliinik Medic-Esthetic<\/title>\n<meta name=\"robots\" content=\"index, follow, max-snippet:-1, max-image-preview:large, max-video-preview:-1\" \/>\n<link rel=\"canonical\" href=\"https:\/\/copy.medicest.eu\/et\/komplekshoolitsus-icoone-facelifting-led-therapy\/\" \/>\n<meta property=\"og:locale\" content=\"et_EE\" \/>\n<meta property=\"og:type\" content=\"article\" \/>\n<meta property=\"og:title\" content=\"Komplekshoolitsus ICoone FaceLifting &amp; LED therapy - Ilukliinik Medic-Esthetic\" \/>\n<meta property=\"og:description\" content=\"ICoone FaceLifting &#038; LED therapy Komplekshoolitsus 1. etapp: iCoone FaceLifting N\u00e4o-, kaela- ja dekolteepiirkonna massaa\u017e toimub seadmega iCoone LaserMed, mis t\u00e4nu 7 mm laiustele mikrootsakutele ulatub n\u00e4o ja kaela igasse kohta ning parandab naha vereringet, aktiveerides elastiini ja kollageeni tootmise fibroblastide poolt. Lisaks muudab iCoone\u2019iga hooldus nahakiud elastsemaks, toimib vananemisvastaselt\u2026\" \/>\n<meta property=\"og:url\" content=\"https:\/\/copy.medicest.eu\/et\/komplekshoolitsus-icoone-facelifting-led-therapy\/\" \/>\n<meta property=\"og:site_name\" content=\"Ilukliinik Medic-Esthetic\" \/>\n<meta property=\"article:modified_time\" content=\"2022-03-29T13:59:33+00:00\" \/>\n<meta property=\"og:image\" content=\"https:\/\/copy.medicest.eu\/wp-content\/uploads\/2022\/03\/medical-1-683x1024-1.jpg\" \/>\n<meta name=\"twitter:card\" content=\"summary_large_image\" \/>\n<meta name=\"twitter:label1\" content=\"Est. reading time\" \/>\n\t<meta name=\"twitter:data1\" content=\"2 minutit\" \/>\n<script type=\"application\/ld+json\" class=\"yoast-schema-graph\">{\"@context\":\"https:\/\/schema.org\",\"@graph\":[{\"@type\":\"WebPage\",\"@id\":\"https:\/\/copy.medicest.eu\/et\/komplekshoolitsus-icoone-facelifting-led-therapy\/\",\"url\":\"https:\/\/copy.medicest.eu\/et\/komplekshoolitsus-icoone-facelifting-led-therapy\/\",\"name\":\"Komplekshoolitsus ICoone FaceLifting & LED therapy - Ilukliinik Medic-Esthetic\",\"isPartOf\":{\"@id\":\"https:\/\/copy.medicest.eu\/#website\"},\"primaryImageOfPage\":{\"@id\":\"https:\/\/copy.medicest.eu\/et\/komplekshoolitsus-icoone-facelifting-led-therapy\/#primaryimage\"},\"image\":{\"@id\":\"https:\/\/copy.medicest.eu\/et\/komplekshoolitsus-icoone-facelifting-led-therapy\/#primaryimage\"},\"thumbnailUrl\":\"https:\/\/copy.medicest.eu\/wp-content\/uploads\/2022\/03\/medical-1-683x1024-1.jpg\",\"datePublished\":\"2022-03-29T13:29:00+00:00\",\"dateModified\":\"2022-03-29T13:59:33+00:00\",\"breadcrumb\":{\"@id\":\"https:\/\/copy.medicest.eu\/et\/komplekshoolitsus-icoone-facelifting-led-therapy\/#breadcrumb\"},\"inLanguage\":\"et\",\"potentialAction\":[{\"@type\":\"ReadAction\",\"target\":[\"https:\/\/copy.medicest.eu\/et\/komplekshoolitsus-icoone-facelifting-led-therapy\/\"]}]},{\"@type\":\"ImageObject\",\"inLanguage\":\"et\",\"@id\":\"https:\/\/copy.medicest.eu\/et\/komplekshoolitsus-icoone-facelifting-led-therapy\/#primaryimage\",\"url\":\"https:\/\/copy.medicest.eu\/wp-content\/uploads\/2022\/03\/medical-1-683x1024-1.jpg\",\"contentUrl\":\"https:\/\/copy.medicest.eu\/wp-content\/uploads\/2022\/03\/medical-1-683x1024-1.jpg\"},{\"@type\":\"BreadcrumbList\",\"@id\":\"https:\/\/copy.medicest.eu\/et\/komplekshoolitsus-icoone-facelifting-led-therapy\/#breadcrumb\",\"itemListElement\":[{\"@type\":\"ListItem\",\"position\":1,\"name\":\"Home\",\"item\":\"https:\/\/copy.medicest.eu\/et\/\"},{\"@type\":\"ListItem\",\"position\":2,\"name\":\"Komplekshoolitsus ICoone FaceLifting &#038; LED therapy\"}]},{\"@type\":\"WebSite\",\"@id\":\"https:\/\/copy.medicest.eu\/#website\",\"url\":\"https:\/\/copy.medicest.eu\/\",\"name\":\"Ilukliinik Medic-Esthetic\",\"description\":\"Beauty &amp; Prestige\",\"potentialAction\":[{\"@type\":\"SearchAction\",\"target\":{\"@type\":\"EntryPoint\",\"urlTemplate\":\"https:\/\/copy.medicest.eu\/?s={search_term_string}\"},\"query-input\":{\"@type\":\"PropertyValueSpecification\",\"valueRequired\":true,\"valueName\":\"search_term_string\"}}],\"inLanguage\":\"et\"}]}<\/script>\n<!-- \/ Yoast SEO plugin. -->","yoast_head_json":{"title":"Komplekshoolitsus ICoone FaceLifting & LED therapy - Ilukliinik Medic-Esthetic","robots":{"index":"index","follow":"follow","max-snippet":"max-snippet:-1","max-image-preview":"max-image-preview:large","max-video-preview":"max-video-preview:-1"},"canonical":"https:\/\/copy.medicest.eu\/et\/komplekshoolitsus-icoone-facelifting-led-therapy\/","og_locale":"et_EE","og_type":"article","og_title":"Komplekshoolitsus ICoone FaceLifting & LED therapy - Ilukliinik Medic-Esthetic","og_description":"ICoone FaceLifting &#038; LED therapy Komplekshoolitsus 1. etapp: iCoone FaceLifting N\u00e4o-, kaela- ja dekolteepiirkonna massaa\u017e toimub seadmega iCoone LaserMed, mis t\u00e4nu 7 mm laiustele mikrootsakutele ulatub n\u00e4o ja kaela igasse kohta ning parandab naha vereringet, aktiveerides elastiini ja kollageeni tootmise fibroblastide poolt. Lisaks muudab iCoone\u2019iga hooldus nahakiud elastsemaks, toimib vananemisvastaselt\u2026","og_url":"https:\/\/copy.medicest.eu\/et\/komplekshoolitsus-icoone-facelifting-led-therapy\/","og_site_name":"Ilukliinik Medic-Esthetic","article_modified_time":"2022-03-29T13:59:33+00:00","og_image":[{"url":"https:\/\/copy.medicest.eu\/wp-content\/uploads\/2022\/03\/medical-1-683x1024-1.jpg"}],"twitter_card":"summary_large_image","twitter_misc":{"Est. reading time":"2 minutit"},"schema":{"@context":"https:\/\/schema.org","@graph":[{"@type":"WebPage","@id":"https:\/\/copy.medicest.eu\/et\/komplekshoolitsus-icoone-facelifting-led-therapy\/","url":"https:\/\/copy.medicest.eu\/et\/komplekshoolitsus-icoone-facelifting-led-therapy\/","name":"Komplekshoolitsus ICoone FaceLifting & LED therapy - Ilukliinik Medic-Esthetic","isPartOf":{"@id":"https:\/\/copy.medicest.eu\/#website"},"primaryImageOfPage":{"@id":"https:\/\/copy.medicest.eu\/et\/komplekshoolitsus-icoone-facelifting-led-therapy\/#primaryimage"},"image":{"@id":"https:\/\/copy.medicest.eu\/et\/komplekshoolitsus-icoone-facelifting-led-therapy\/#primaryimage"},"thumbnailUrl":"https:\/\/copy.medicest.eu\/wp-content\/uploads\/2022\/03\/medical-1-683x1024-1.jpg","datePublished":"2022-03-29T13:29:00+00:00","dateModified":"2022-03-29T13:59:33+00:00","breadcrumb":{"@id":"https:\/\/copy.medicest.eu\/et\/komplekshoolitsus-icoone-facelifting-led-therapy\/#breadcrumb"},"inLanguage":"et","potentialAction":[{"@type":"ReadAction","target":["https:\/\/copy.medicest.eu\/et\/komplekshoolitsus-icoone-facelifting-led-therapy\/"]}]},{"@type":"ImageObject","inLanguage":"et","@id":"https:\/\/copy.medicest.eu\/et\/komplekshoolitsus-icoone-facelifting-led-therapy\/#primaryimage","url":"https:\/\/copy.medicest.eu\/wp-content\/uploads\/2022\/03\/medical-1-683x1024-1.jpg","contentUrl":"https:\/\/copy.medicest.eu\/wp-content\/uploads\/2022\/03\/medical-1-683x1024-1.jpg"},{"@type":"BreadcrumbList","@id":"https:\/\/copy.medicest.eu\/et\/komplekshoolitsus-icoone-facelifting-led-therapy\/#breadcrumb","itemListElement":[{"@type":"ListItem","position":1,"name":"Home","item":"https:\/\/copy.medicest.eu\/et\/"},{"@type":"ListItem","position":2,"name":"Komplekshoolitsus ICoone FaceLifting &#038; LED therapy"}]},{"@type":"WebSite","@id":"https:\/\/copy.medicest.eu\/#website","url":"https:\/\/copy.medicest.eu\/","name":"Ilukliinik Medic-Esthetic","description":"Beauty &amp; Prestige","potentialAction":[{"@type":"SearchAction","target":{"@type":"EntryPoint","urlTemplate":"https:\/\/copy.medicest.eu\/?s={search_term_string}"},"query-input":{"@type":"PropertyValueSpecification","valueRequired":true,"valueName":"search_term_string"}}],"inLanguage":"et"}]}},"_links":{"self":[{"href":"https:\/\/copy.medicest.eu\/et\/wp-json\/wp\/v2\/pages\/7547","targetHints":{"allow":["GET"]}}],"collection":[{"href":"https:\/\/copy.medicest.eu\/et\/wp-json\/wp\/v2\/pages"}],"about":[{"href":"https:\/\/copy.medicest.eu\/et\/wp-json\/wp\/v2\/types\/page"}],"author":[{"embeddable":true,"href":"https:\/\/copy.medicest.eu\/et\/wp-json\/wp\/v2\/users\/1"}],"replies":[{"embeddable":true,"href":"https:\/\/copy.medicest.eu\/et\/wp-json\/wp\/v2\/comments?post=7547"}],"version-history":[{"count":4,"href":"https:\/\/copy.medicest.eu\/et\/wp-json\/wp\/v2\/pages\/7547\/revisions"}],"predecessor-version":[{"id":7552,"href":"https:\/\/copy.medicest.eu\/et\/wp-json\/wp\/v2\/pages\/7547\/revisions\/7552"}],"wp:attachment":[{"href":"https:\/\/copy.medicest.eu\/et\/wp-json\/wp\/v2\/media?parent=7547"}],"curies":[{"name":"wp","href":"https:\/\/api.w.org\/{rel}","templated":true}]}}