{"id":8052,"date":"2022-03-30T10:18:15","date_gmt":"2022-03-30T10:18:15","guid":{"rendered":"https:\/\/copy.medicest.eu\/kompleksnyj-uxod-jet-peel-face-fitness\/"},"modified":"2022-03-30T10:40:50","modified_gmt":"2022-03-30T10:40:50","slug":"komplekshoolitsus-jet-peel-face-fitness","status":"publish","type":"page","link":"https:\/\/copy.medicest.eu\/et\/komplekshoolitsus-jet-peel-face-fitness\/","title":{"rendered":"Komplekshoolitsus Jet Peel &#038; Face Fitness"},"content":{"rendered":"\t\t<div data-elementor-type=\"wp-page\" data-elementor-id=\"8052\" class=\"elementor elementor-8052 elementor-8038\">\n\t\t\t\t\t\t<section class=\"elementor-section elementor-top-section elementor-element elementor-element-7b637192 elementor-section-boxed elementor-section-height-default elementor-section-height-default\" data-id=\"7b637192\" data-element_type=\"section\">\n\t\t\t\t\t\t<div class=\"elementor-container elementor-column-gap-default\">\n\t\t\t\t\t<div class=\"elementor-column elementor-col-100 elementor-top-column elementor-element elementor-element-545363a8\" data-id=\"545363a8\" data-element_type=\"column\">\n\t\t\t<div class=\"elementor-widget-wrap elementor-element-populated\">\n\t\t\t\t\t\t<div class=\"elementor-element elementor-element-154f8b9c elementor-widget elementor-widget-heading\" data-id=\"154f8b9c\" data-element_type=\"widget\" data-widget_type=\"heading.default\">\n\t\t\t\t<div class=\"elementor-widget-container\">\n\t\t\t<h2 class=\"elementor-heading-title elementor-size-default\">Aquapeeling Jet Peel &amp; Face Fitness<\/h2>\t\t<\/div>\n\t\t\t\t<\/div>\n\t\t\t\t<div class=\"elementor-element elementor-element-4878d7ad elementor-widget elementor-widget-heading\" data-id=\"4878d7ad\" data-element_type=\"widget\" data-widget_type=\"heading.default\">\n\t\t\t\t<div class=\"elementor-widget-container\">\n\t\t\t<h3 class=\"elementor-heading-title elementor-size-default\">Komplekshoolitsus <\/h3>\t\t<\/div>\n\t\t\t\t<\/div>\n\t\t\t\t\t<\/div>\n\t\t<\/div>\n\t\t\t\t\t<\/div>\n\t\t<\/section>\n\t\t\t\t<section class=\"elementor-section elementor-top-section elementor-element elementor-element-78c88d3 elementor-section-boxed elementor-section-height-default elementor-section-height-default\" data-id=\"78c88d3\" data-element_type=\"section\">\n\t\t\t\t\t\t<div class=\"elementor-container elementor-column-gap-default\">\n\t\t\t\t\t<div class=\"elementor-column elementor-col-50 elementor-top-column elementor-element elementor-element-5a72a65\" data-id=\"5a72a65\" data-element_type=\"column\">\n\t\t\t<div class=\"elementor-widget-wrap elementor-element-populated\">\n\t\t\t\t\t\t<div class=\"elementor-element elementor-element-83c992d elementor-widget elementor-widget-image\" data-id=\"83c992d\" data-element_type=\"widget\" data-widget_type=\"image.default\">\n\t\t\t\t<div class=\"elementor-widget-container\">\n\t\t\t\t\t\t\t\t\t\t\t\t\t<img fetchpriority=\"high\" decoding=\"async\" width=\"600\" height=\"600\" src=\"https:\/\/copy.medicest.eu\/wp-content\/uploads\/2022\/03\/jetpeel-tallinn.jpeg\" class=\"attachment-large size-large wp-image-7106\" alt=\"\" srcset=\"https:\/\/copy.medicest.eu\/wp-content\/uploads\/2022\/03\/jetpeel-tallinn.jpeg 600w, https:\/\/copy.medicest.eu\/wp-content\/uploads\/2022\/03\/jetpeel-tallinn-300x300.jpeg 300w, https:\/\/copy.medicest.eu\/wp-content\/uploads\/2022\/03\/jetpeel-tallinn-150x150.jpeg 150w\" sizes=\"(max-width: 600px) 100vw, 600px\" \/>\t\t\t\t\t\t\t\t\t\t\t\t\t<\/div>\n\t\t\t\t<\/div>\n\t\t\t\t\t<\/div>\n\t\t<\/div>\n\t\t\t\t<div class=\"elementor-column elementor-col-50 elementor-top-column elementor-element elementor-element-75ad22a\" data-id=\"75ad22a\" data-element_type=\"column\">\n\t\t\t<div class=\"elementor-widget-wrap elementor-element-populated\">\n\t\t\t\t\t\t<div class=\"elementor-element elementor-element-51ed441 elementor-widget elementor-widget-text-editor\" data-id=\"51ed441\" data-element_type=\"widget\" data-widget_type=\"text-editor.default\">\n\t\t\t\t<div class=\"elementor-widget-container\">\n\t\t\t\t\t\t\t<p><strong> 1. etapp: seadmega vesikoorimine (aqua peeling) Jet Peel <\/strong>&#8211; naha puhastamine surnud rakkudest, selle k\u00fcllastamine hapnikuga pihustades ja dermisesse toitainete segu ja surugaasi k\u00f5rge r\u00f5hu all juhtimine.<\/p><p>Jet Peel lihvib ja masseerib nahka, k\u00fcllastab ja silub seda.<\/p><p>P\u00e4rast protseduuri muutub n\u00e4gu v\u00e4rskeks ja puhanuks, toon \u00fchtlustub, kaovad naha tursumus ja tuhmus.<\/p><p>Protseduuril pole vastun\u00e4idustusi, sobib igale vanusele ja erinevatele nahat\u00fc\u00fcpidele.<\/p>\t\t\t\t\t\t<\/div>\n\t\t\t\t<\/div>\n\t\t\t\t\t<\/div>\n\t\t<\/div>\n\t\t\t\t\t<\/div>\n\t\t<\/section>\n\t\t\t\t<section class=\"elementor-section elementor-top-section elementor-element elementor-element-08bb5da elementor-section-boxed elementor-section-height-default elementor-section-height-default\" data-id=\"08bb5da\" data-element_type=\"section\">\n\t\t\t\t\t\t<div class=\"elementor-container elementor-column-gap-default\">\n\t\t\t\t\t<div class=\"elementor-column elementor-col-50 elementor-top-column elementor-element elementor-element-67e0500\" data-id=\"67e0500\" data-element_type=\"column\">\n\t\t\t<div class=\"elementor-widget-wrap elementor-element-populated\">\n\t\t\t\t\t\t<div class=\"elementor-element elementor-element-0b622f6 elementor-widget elementor-widget-text-editor\" data-id=\"0b622f6\" data-element_type=\"widget\" data-widget_type=\"text-editor.default\">\n\t\t\t\t<div class=\"elementor-widget-container\">\n\t\t\t\t\t\t\t<p><strong> 2. etapp: Face Fitness <\/strong>&#8211; vibrostimulatsioonimassaa\u017e,intensiivne n\u00e4olihaste treening biomehaanilise m\u00f5ju meetodil.<\/p><p>Biomehaanilise stimulatsiooni meetodi (BMS) m\u00f5ju nahale, nahaalusele rasvkoele ja lihastele stimuleerib vereringet, aktiveerib ainevahetusprotsesse, parandab kudede trofismi, taastab lihaste prinkuse ja naha elastsuse.<\/p><p>Massaa\u017ei <strong>Face Fitness<\/strong> kasutatakse eraldiseisva protseduurina, see \u00fchildub h\u00e4sti ka kosmeetiliste hoolitsustega, t\u00e4iendades ja tugevdades nende m\u00f5ju.<\/p>\t\t\t\t\t\t<\/div>\n\t\t\t\t<\/div>\n\t\t\t\t<div class=\"elementor-element elementor-element-4ba36a8 elementor-widget elementor-widget-text-editor\" data-id=\"4ba36a8\" data-element_type=\"widget\" data-widget_type=\"text-editor.default\">\n\t\t\t\t<div class=\"elementor-widget-container\">\n\t\t\t\t\t\t\t<blockquote><p><strong>Kompleksi l\u00f5petav etapp<\/strong>: seerumi ja kreemi pealekandmine kliendi naha vajadustest l\u00e4htuvalt.<\/p><\/blockquote>\t\t\t\t\t\t<\/div>\n\t\t\t\t<\/div>\n\t\t\t\t\t<\/div>\n\t\t<\/div>\n\t\t\t\t<div class=\"elementor-column elementor-col-50 elementor-top-column elementor-element elementor-element-c64e4b7\" data-id=\"c64e4b7\" data-element_type=\"column\">\n\t\t\t<div class=\"elementor-widget-wrap elementor-element-populated\">\n\t\t\t\t\t\t<div class=\"elementor-element elementor-element-8af4318 elementor-widget elementor-widget-image\" data-id=\"8af4318\" data-element_type=\"widget\" data-widget_type=\"image.default\">\n\t\t\t\t<div class=\"elementor-widget-container\">\n\t\t\t\t\t\t\t\t\t\t\t\t\t<img decoding=\"async\" width=\"602\" height=\"797\" src=\"https:\/\/copy.medicest.eu\/wp-content\/uploads\/2021\/07\/BMS-eesti-1.jpg\" class=\"attachment-large size-large wp-image-4942\" alt=\"\" srcset=\"https:\/\/copy.medicest.eu\/wp-content\/uploads\/2021\/07\/BMS-eesti-1.jpg 602w, https:\/\/copy.medicest.eu\/wp-content\/uploads\/2021\/07\/BMS-eesti-1-227x300.jpg 227w, https:\/\/copy.medicest.eu\/wp-content\/uploads\/2021\/07\/BMS-eesti-1-113x150.jpg 113w\" sizes=\"(max-width: 602px) 100vw, 602px\" \/>\t\t\t\t\t\t\t\t\t\t\t\t\t<\/div>\n\t\t\t\t<\/div>\n\t\t\t\t\t<\/div>\n\t\t<\/div>\n\t\t\t\t\t<\/div>\n\t\t<\/section>\n\t\t\t\t<section class=\"elementor-section elementor-top-section elementor-element elementor-element-7bdccd33 elementor-section-boxed elementor-section-height-default elementor-section-height-default\" data-id=\"7bdccd33\" data-element_type=\"section\">\n\t\t\t\t\t\t<div class=\"elementor-container elementor-column-gap-default\">\n\t\t\t\t\t<div class=\"elementor-column elementor-col-100 elementor-top-column elementor-element elementor-element-701abcf9\" data-id=\"701abcf9\" data-element_type=\"column\">\n\t\t\t<div class=\"elementor-widget-wrap elementor-element-populated\">\n\t\t\t\t\t\t<div class=\"elementor-element elementor-element-1e671c4c elementor-widget elementor-widget-heading\" data-id=\"1e671c4c\" data-element_type=\"widget\" data-widget_type=\"heading.default\">\n\t\t\t\t<div class=\"elementor-widget-container\">\n\t\t\t<h2 class=\"elementor-heading-title elementor-size-default\">Hinnakiri<\/h2>\t\t<\/div>\n\t\t\t\t<\/div>\n\t\t\t\t<div class=\"elementor-element elementor-element-24cf2c7b elementor-widget elementor-widget-text-editor\" data-id=\"24cf2c7b\" data-element_type=\"widget\" data-widget_type=\"text-editor.default\">\n\t\t\t\t<div class=\"elementor-widget-container\">\n\t\t\t\t\t\t\t<p>\n<table id=\"tablepress-106\" class=\"tablepress tablepress-id-106 tablepress-responsive\">\n<thead>\n<tr class=\"row-1 odd\">\n\t<th class=\"column-1\">Komplekshoolitsused<\/th><th class=\"column-2\">Hind \u20ac <\/th>\n<\/tr>\n<\/thead>\n<tbody class=\"row-hover\">\n<tr class=\"row-2 even\">\n\t<td class=\"column-1\">Kompleksne n\u00e4ohooldus &#8220;Kerge hingamine&#8221;  60 min<\/td><td class=\"column-2\">69,00<\/td>\n<\/tr>\n<tr class=\"row-3 odd\">\n\t<td class=\"column-1\">Kompleksne n\u00e4ohooldus Oxygen-LED therapy + manuaalne massaa\u017e, 60 min<\/td><td class=\"column-2\">69,00<\/td>\n<\/tr>\n<tr class=\"row-4 even\">\n\t<td class=\"column-1\">Kompleksne n\u00e4ohooldus ICoone FaceLifting &amp; LED therapy, 60 min<\/td><td class=\"column-2\">65,00<\/td>\n<\/tr>\n<tr class=\"row-5 odd\">\n\t<td class=\"column-1\">Kompleksne n\u00e4ohooldus Jet Peel &amp; Face Fitness, 60 min<\/td><td class=\"column-2\">70,00<\/td>\n<\/tr>\n<\/tbody>\n<\/table>\n<!-- #tablepress-106 from cache --><\/p>\t\t\t\t\t\t<\/div>\n\t\t\t\t<\/div>\n\t\t\t\t<div class=\"elementor-element elementor-element-1b6bbe24 pp-buttons-halign-center pp-buttons-stack-none elementor-widget elementor-widget-pp-buttons\" data-id=\"1b6bbe24\" data-element_type=\"widget\" data-widget_type=\"pp-buttons.default\">\n\t\t\t\t<div class=\"elementor-widget-container\">\n\t\t\t\t\t<div class=\"pp-buttons-group\">\n\t\t\t\t\t\t\t\t\t\t\t<a href=\"https:\/\/shop.medicest.eu\/et\/product\/aqua-peeling-jet-peel\/\" target=\"_blank\" class=\"pp-button elementor-button elementor-size-md elementor-repeater-item-c938c7f \">\n\t\t\t\t\t<div class=\"pp-button-content-wrapper\">\n\t\t\t\t\t\t<span class=\"pp-button-content-inner pp-icon-before\">\n\t\t\t\t\t\t\t\n\t\t\t\t\t\t\t\t<span class=\"pp-button-title\">\n\t\t\t\t\t\t\t\t\tOsta\t\t\t\t\t\t\t\t<\/span>\n\t\t\t\t\t\t\t\t\t\t\t\t\t<\/span>\n\t\t\t\t\t<\/div>\n\t\t\t\t<\/a>\n\t\t\t\t\t\t\t\t\t\t<\/div>\t\t<\/div>\n\t\t\t\t<\/div>\n\t\t\t\t\t<\/div>\n\t\t<\/div>\n\t\t\t\t\t<\/div>\n\t\t<\/section>\n\t\t\t\t<\/div>\n\t\t","protected":false},"excerpt":{"rendered":"<p>Aquapeeling Jet Peel &#038; Face Fitness Komplekshoolitsus 1. etapp: seadmega vesikoorimine (aqua peeling) Jet Peel &#8211; naha puhastamine surnud rakkudest, selle k\u00fcllastamine hapnikuga pihustades ja dermisesse toitainete segu ja surugaasi k\u00f5rge r\u00f5hu all juhtimine. Jet Peel lihvib ja masseerib nahka, k\u00fcllastab ja silub seda. P\u00e4rast protseduuri muutub n\u00e4gu v\u00e4rskeks ja\u2026<\/p>\n<p class=\"continue-reading-button\"> <a class=\"continue-reading-link\" href=\"https:\/\/copy.medicest.eu\/et\/komplekshoolitsus-jet-peel-face-fitness\/\"><i class=\"crycon-right-dir\"><\/i><\/a><\/p>\n","protected":false},"author":1,"featured_media":0,"parent":0,"menu_order":0,"comment_status":"closed","ping_status":"closed","template":"","meta":{"footnotes":""},"class_list":["post-8052","page","type-page","status-publish","hentry"],"yoast_head":"<!-- This site is optimized with the Yoast SEO plugin v23.6 - https:\/\/yoast.com\/wordpress\/plugins\/seo\/ -->\n<title>Komplekshoolitsus Jet Peel &amp; Face Fitness - Ilukliinik Medic-Esthetic<\/title>\n<meta name=\"robots\" content=\"index, follow, max-snippet:-1, max-image-preview:large, max-video-preview:-1\" \/>\n<link rel=\"canonical\" href=\"https:\/\/copy.medicest.eu\/kompleksnyj-uxod-jet-peel-face-fitness\/\" \/>\n<meta property=\"og:locale\" content=\"et_EE\" \/>\n<meta property=\"og:type\" content=\"article\" \/>\n<meta property=\"og:title\" content=\"Komplekshoolitsus Jet Peel &amp; Face Fitness - Ilukliinik Medic-Esthetic\" \/>\n<meta property=\"og:description\" content=\"Aquapeeling Jet Peel &#038; Face Fitness Komplekshoolitsus 1. etapp: seadmega vesikoorimine (aqua peeling) Jet Peel &#8211; naha puhastamine surnud rakkudest, selle k\u00fcllastamine hapnikuga pihustades ja dermisesse toitainete segu ja surugaasi k\u00f5rge r\u00f5hu all juhtimine. Jet Peel lihvib ja masseerib nahka, k\u00fcllastab ja silub seda. P\u00e4rast protseduuri muutub n\u00e4gu v\u00e4rskeks ja\u2026\" \/>\n<meta property=\"og:url\" content=\"https:\/\/copy.medicest.eu\/kompleksnyj-uxod-jet-peel-face-fitness\/\" \/>\n<meta property=\"og:site_name\" content=\"Ilukliinik Medic-Esthetic\" \/>\n<meta property=\"article:modified_time\" content=\"2022-03-30T10:40:50+00:00\" \/>\n<meta property=\"og:image\" content=\"https:\/\/copy.medicest.eu\/wp-content\/uploads\/2022\/03\/jetpeel-tallinn.jpeg\" \/>\n<meta name=\"twitter:card\" content=\"summary_large_image\" \/>\n<meta name=\"twitter:label1\" content=\"Est. reading time\" \/>\n\t<meta name=\"twitter:data1\" content=\"1 minut\" \/>\n<script type=\"application\/ld+json\" class=\"yoast-schema-graph\">{\"@context\":\"https:\/\/schema.org\",\"@graph\":[{\"@type\":\"WebPage\",\"@id\":\"https:\/\/copy.medicest.eu\/kompleksnyj-uxod-jet-peel-face-fitness\/\",\"url\":\"https:\/\/copy.medicest.eu\/kompleksnyj-uxod-jet-peel-face-fitness\/\",\"name\":\"Komplekshoolitsus Jet Peel & Face Fitness - Ilukliinik Medic-Esthetic\",\"isPartOf\":{\"@id\":\"https:\/\/copy.medicest.eu\/#website\"},\"primaryImageOfPage\":{\"@id\":\"https:\/\/copy.medicest.eu\/kompleksnyj-uxod-jet-peel-face-fitness\/#primaryimage\"},\"image\":{\"@id\":\"https:\/\/copy.medicest.eu\/kompleksnyj-uxod-jet-peel-face-fitness\/#primaryimage\"},\"thumbnailUrl\":\"https:\/\/copy.medicest.eu\/wp-content\/uploads\/2022\/03\/jetpeel-tallinn.jpeg\",\"datePublished\":\"2022-03-30T10:18:15+00:00\",\"dateModified\":\"2022-03-30T10:40:50+00:00\",\"breadcrumb\":{\"@id\":\"https:\/\/copy.medicest.eu\/kompleksnyj-uxod-jet-peel-face-fitness\/#breadcrumb\"},\"inLanguage\":\"et\",\"potentialAction\":[{\"@type\":\"ReadAction\",\"target\":[\"https:\/\/copy.medicest.eu\/kompleksnyj-uxod-jet-peel-face-fitness\/\"]}]},{\"@type\":\"ImageObject\",\"inLanguage\":\"et\",\"@id\":\"https:\/\/copy.medicest.eu\/kompleksnyj-uxod-jet-peel-face-fitness\/#primaryimage\",\"url\":\"https:\/\/copy.medicest.eu\/wp-content\/uploads\/2022\/03\/jetpeel-tallinn.jpeg\",\"contentUrl\":\"https:\/\/copy.medicest.eu\/wp-content\/uploads\/2022\/03\/jetpeel-tallinn.jpeg\"},{\"@type\":\"BreadcrumbList\",\"@id\":\"https:\/\/copy.medicest.eu\/kompleksnyj-uxod-jet-peel-face-fitness\/#breadcrumb\",\"itemListElement\":[{\"@type\":\"ListItem\",\"position\":1,\"name\":\"Home\",\"item\":\"https:\/\/copy.medicest.eu\/et\/\"},{\"@type\":\"ListItem\",\"position\":2,\"name\":\"Komplekshoolitsus Jet Peel &#038; Face Fitness\"}]},{\"@type\":\"WebSite\",\"@id\":\"https:\/\/copy.medicest.eu\/#website\",\"url\":\"https:\/\/copy.medicest.eu\/\",\"name\":\"Ilukliinik Medic-Esthetic\",\"description\":\"Beauty &amp; Prestige\",\"potentialAction\":[{\"@type\":\"SearchAction\",\"target\":{\"@type\":\"EntryPoint\",\"urlTemplate\":\"https:\/\/copy.medicest.eu\/?s={search_term_string}\"},\"query-input\":{\"@type\":\"PropertyValueSpecification\",\"valueRequired\":true,\"valueName\":\"search_term_string\"}}],\"inLanguage\":\"et\"}]}<\/script>\n<!-- \/ Yoast SEO plugin. -->","yoast_head_json":{"title":"Komplekshoolitsus Jet Peel & Face Fitness - Ilukliinik Medic-Esthetic","robots":{"index":"index","follow":"follow","max-snippet":"max-snippet:-1","max-image-preview":"max-image-preview:large","max-video-preview":"max-video-preview:-1"},"canonical":"https:\/\/copy.medicest.eu\/kompleksnyj-uxod-jet-peel-face-fitness\/","og_locale":"et_EE","og_type":"article","og_title":"Komplekshoolitsus Jet Peel & Face Fitness - Ilukliinik Medic-Esthetic","og_description":"Aquapeeling Jet Peel &#038; Face Fitness Komplekshoolitsus 1. etapp: seadmega vesikoorimine (aqua peeling) Jet Peel &#8211; naha puhastamine surnud rakkudest, selle k\u00fcllastamine hapnikuga pihustades ja dermisesse toitainete segu ja surugaasi k\u00f5rge r\u00f5hu all juhtimine. Jet Peel lihvib ja masseerib nahka, k\u00fcllastab ja silub seda. P\u00e4rast protseduuri muutub n\u00e4gu v\u00e4rskeks ja\u2026","og_url":"https:\/\/copy.medicest.eu\/kompleksnyj-uxod-jet-peel-face-fitness\/","og_site_name":"Ilukliinik Medic-Esthetic","article_modified_time":"2022-03-30T10:40:50+00:00","og_image":[{"url":"https:\/\/copy.medicest.eu\/wp-content\/uploads\/2022\/03\/jetpeel-tallinn.jpeg"}],"twitter_card":"summary_large_image","twitter_misc":{"Est. reading time":"1 minut"},"schema":{"@context":"https:\/\/schema.org","@graph":[{"@type":"WebPage","@id":"https:\/\/copy.medicest.eu\/kompleksnyj-uxod-jet-peel-face-fitness\/","url":"https:\/\/copy.medicest.eu\/kompleksnyj-uxod-jet-peel-face-fitness\/","name":"Komplekshoolitsus Jet Peel & Face Fitness - Ilukliinik Medic-Esthetic","isPartOf":{"@id":"https:\/\/copy.medicest.eu\/#website"},"primaryImageOfPage":{"@id":"https:\/\/copy.medicest.eu\/kompleksnyj-uxod-jet-peel-face-fitness\/#primaryimage"},"image":{"@id":"https:\/\/copy.medicest.eu\/kompleksnyj-uxod-jet-peel-face-fitness\/#primaryimage"},"thumbnailUrl":"https:\/\/copy.medicest.eu\/wp-content\/uploads\/2022\/03\/jetpeel-tallinn.jpeg","datePublished":"2022-03-30T10:18:15+00:00","dateModified":"2022-03-30T10:40:50+00:00","breadcrumb":{"@id":"https:\/\/copy.medicest.eu\/kompleksnyj-uxod-jet-peel-face-fitness\/#breadcrumb"},"inLanguage":"et","potentialAction":[{"@type":"ReadAction","target":["https:\/\/copy.medicest.eu\/kompleksnyj-uxod-jet-peel-face-fitness\/"]}]},{"@type":"ImageObject","inLanguage":"et","@id":"https:\/\/copy.medicest.eu\/kompleksnyj-uxod-jet-peel-face-fitness\/#primaryimage","url":"https:\/\/copy.medicest.eu\/wp-content\/uploads\/2022\/03\/jetpeel-tallinn.jpeg","contentUrl":"https:\/\/copy.medicest.eu\/wp-content\/uploads\/2022\/03\/jetpeel-tallinn.jpeg"},{"@type":"BreadcrumbList","@id":"https:\/\/copy.medicest.eu\/kompleksnyj-uxod-jet-peel-face-fitness\/#breadcrumb","itemListElement":[{"@type":"ListItem","position":1,"name":"Home","item":"https:\/\/copy.medicest.eu\/et\/"},{"@type":"ListItem","position":2,"name":"Komplekshoolitsus Jet Peel &#038; Face Fitness"}]},{"@type":"WebSite","@id":"https:\/\/copy.medicest.eu\/#website","url":"https:\/\/copy.medicest.eu\/","name":"Ilukliinik Medic-Esthetic","description":"Beauty &amp; Prestige","potentialAction":[{"@type":"SearchAction","target":{"@type":"EntryPoint","urlTemplate":"https:\/\/copy.medicest.eu\/?s={search_term_string}"},"query-input":{"@type":"PropertyValueSpecification","valueRequired":true,"valueName":"search_term_string"}}],"inLanguage":"et"}]}},"_links":{"self":[{"href":"https:\/\/copy.medicest.eu\/et\/wp-json\/wp\/v2\/pages\/8052","targetHints":{"allow":["GET"]}}],"collection":[{"href":"https:\/\/copy.medicest.eu\/et\/wp-json\/wp\/v2\/pages"}],"about":[{"href":"https:\/\/copy.medicest.eu\/et\/wp-json\/wp\/v2\/types\/page"}],"author":[{"embeddable":true,"href":"https:\/\/copy.medicest.eu\/et\/wp-json\/wp\/v2\/users\/1"}],"replies":[{"embeddable":true,"href":"https:\/\/copy.medicest.eu\/et\/wp-json\/wp\/v2\/comments?post=8052"}],"version-history":[{"count":7,"href":"https:\/\/copy.medicest.eu\/et\/wp-json\/wp\/v2\/pages\/8052\/revisions"}],"predecessor-version":[{"id":8064,"href":"https:\/\/copy.medicest.eu\/et\/wp-json\/wp\/v2\/pages\/8052\/revisions\/8064"}],"wp:attachment":[{"href":"https:\/\/copy.medicest.eu\/et\/wp-json\/wp\/v2\/media?parent=8052"}],"curies":[{"name":"wp","href":"https:\/\/api.w.org\/{rel}","templated":true}]}}