{"id":8781,"date":"2022-06-29T10:45:00","date_gmt":"2022-06-29T10:45:00","guid":{"rendered":"https:\/\/copy.medicest.eu\/uxod-dlya-lica-silk-peel-face-fitness\/"},"modified":"2022-06-30T11:43:29","modified_gmt":"2022-06-30T11:43:29","slug":"komplekshoolitsus-silk-peel-face-fitness","status":"publish","type":"page","link":"https:\/\/copy.medicest.eu\/et\/komplekshoolitsus-silk-peel-face-fitness\/","title":{"rendered":"Komplekshoolitsus Silk Peel &#038; Face Fitness"},"content":{"rendered":"\t\t<div data-elementor-type=\"wp-page\" data-elementor-id=\"8781\" class=\"elementor elementor-8781 elementor-8766\">\n\t\t\t\t\t\t<section class=\"elementor-section elementor-top-section elementor-element elementor-element-15f127a0 elementor-section-boxed elementor-section-height-default elementor-section-height-default\" data-id=\"15f127a0\" data-element_type=\"section\">\n\t\t\t\t\t\t<div class=\"elementor-container elementor-column-gap-default\">\n\t\t\t\t\t<div class=\"elementor-column elementor-col-100 elementor-top-column elementor-element elementor-element-1471f548\" data-id=\"1471f548\" data-element_type=\"column\">\n\t\t\t<div class=\"elementor-widget-wrap elementor-element-populated\">\n\t\t\t\t\t\t<div class=\"elementor-element elementor-element-59b4b69c elementor-widget elementor-widget-heading\" data-id=\"59b4b69c\" data-element_type=\"widget\" data-widget_type=\"heading.default\">\n\t\t\t\t<div class=\"elementor-widget-container\">\n\t\t\t<h2 class=\"elementor-heading-title elementor-size-default\">Silk Peel &amp; Face Fitness<\/h2>\t\t<\/div>\n\t\t\t\t<\/div>\n\t\t\t\t<div class=\"elementor-element elementor-element-51504590 elementor-widget elementor-widget-heading\" data-id=\"51504590\" data-element_type=\"widget\" data-widget_type=\"heading.default\">\n\t\t\t\t<div class=\"elementor-widget-container\">\n\t\t\t<h3 class=\"elementor-heading-title elementor-size-default\">Suvine komplekshooldus<\/h3>\t\t<\/div>\n\t\t\t\t<\/div>\n\t\t\t\t<div class=\"elementor-element elementor-element-89270dd elementor-widget elementor-widget-heading\" data-id=\"89270dd\" data-element_type=\"widget\" data-widget_type=\"heading.default\">\n\t\t\t\t<div class=\"elementor-widget-container\">\n\t\t\t<h3 class=\"elementor-heading-title elementor-size-default\">\u00d5rn n\u00e4opuhastus ja n\u00e4o vibratsioonmassaa\u017e   \n<\/h3>\t\t<\/div>\n\t\t\t\t<\/div>\n\t\t\t\t\t<\/div>\n\t\t<\/div>\n\t\t\t\t\t<\/div>\n\t\t<\/section>\n\t\t\t\t<section class=\"elementor-section elementor-top-section elementor-element elementor-element-3b39406 elementor-section-boxed elementor-section-height-default elementor-section-height-default\" data-id=\"3b39406\" data-element_type=\"section\">\n\t\t\t\t\t\t<div class=\"elementor-container elementor-column-gap-default\">\n\t\t\t\t\t<div class=\"elementor-column elementor-col-50 elementor-top-column elementor-element elementor-element-052589f\" data-id=\"052589f\" data-element_type=\"column\">\n\t\t\t<div class=\"elementor-widget-wrap elementor-element-populated\">\n\t\t\t\t\t\t<div class=\"elementor-element elementor-element-07b5ea0 elementor-widget elementor-widget-text-editor\" data-id=\"07b5ea0\" data-element_type=\"widget\" data-widget_type=\"text-editor.default\">\n\t\t\t\t<div class=\"elementor-widget-container\">\n\t\t\t\t\t\t\t<p><b>Silk Peel &#8211; vaakumh\u00fcdrokoorimine puhastab \u00f5rnalt poore ja eemaldab surnud nahaosakesed. Seejuures k\u00fcllastub derma niiskusega, mida nii v\u00e4ga napib just suvisel ajal &#8211; p\u00e4ikse, tolmu ja kliimaseadmete aktiivsel perioodil. <\/b>\u00a0<\/p><p>Vaakumkoorimine kombinatsioonis peenhajutatud niiskuse toimega puhastab poorid, tasandab jumet ja naha tekstuuri, minimiseeruvad v\u00e4iksed kortsud, stimuleerub vereringlus ja rakkude uuenemine.\u00a0<\/p>\t\t\t\t\t\t<\/div>\n\t\t\t\t<\/div>\n\t\t\t\t\t<\/div>\n\t\t<\/div>\n\t\t\t\t<div class=\"elementor-column elementor-col-50 elementor-top-column elementor-element elementor-element-8ebdaa6\" data-id=\"8ebdaa6\" data-element_type=\"column\">\n\t\t\t<div class=\"elementor-widget-wrap elementor-element-populated\">\n\t\t\t\t\t\t<div class=\"elementor-element elementor-element-6ecb416 elementor-widget elementor-widget-image\" data-id=\"6ecb416\" data-element_type=\"widget\" data-widget_type=\"image.default\">\n\t\t\t\t<div class=\"elementor-widget-container\">\n\t\t\t\t\t\t\t\t\t\t\t\t\t<img fetchpriority=\"high\" decoding=\"async\" width=\"240\" height=\"210\" src=\"https:\/\/copy.medicest.eu\/wp-content\/uploads\/2021\/10\/hydra1.jpg\" class=\"attachment-large size-large wp-image-3939\" alt=\"\" srcset=\"https:\/\/copy.medicest.eu\/wp-content\/uploads\/2021\/10\/hydra1.jpg 240w, https:\/\/copy.medicest.eu\/wp-content\/uploads\/2021\/10\/hydra1-150x131.jpg 150w\" sizes=\"(max-width: 240px) 100vw, 240px\" \/>\t\t\t\t\t\t\t\t\t\t\t\t\t<\/div>\n\t\t\t\t<\/div>\n\t\t\t\t\t<\/div>\n\t\t<\/div>\n\t\t\t\t\t<\/div>\n\t\t<\/section>\n\t\t\t\t<section class=\"elementor-section elementor-top-section elementor-element elementor-element-9028409 elementor-section-boxed elementor-section-height-default elementor-section-height-default\" data-id=\"9028409\" data-element_type=\"section\">\n\t\t\t\t\t\t<div class=\"elementor-container elementor-column-gap-default\">\n\t\t\t\t\t<div class=\"elementor-column elementor-col-50 elementor-top-column elementor-element elementor-element-9fdf34b\" data-id=\"9fdf34b\" data-element_type=\"column\">\n\t\t\t<div class=\"elementor-widget-wrap elementor-element-populated\">\n\t\t\t\t\t\t<div class=\"elementor-element elementor-element-24bf11b elementor-widget elementor-widget-image\" data-id=\"24bf11b\" data-element_type=\"widget\" data-widget_type=\"image.default\">\n\t\t\t\t<div class=\"elementor-widget-container\">\n\t\t\t\t\t\t\t\t\t\t\t\t\t<img decoding=\"async\" width=\"602\" height=\"797\" src=\"https:\/\/copy.medicest.eu\/wp-content\/uploads\/2021\/07\/BMS-eesti-1.jpg\" class=\"attachment-large size-large wp-image-4942\" alt=\"\" srcset=\"https:\/\/copy.medicest.eu\/wp-content\/uploads\/2021\/07\/BMS-eesti-1.jpg 602w, https:\/\/copy.medicest.eu\/wp-content\/uploads\/2021\/07\/BMS-eesti-1-227x300.jpg 227w, https:\/\/copy.medicest.eu\/wp-content\/uploads\/2021\/07\/BMS-eesti-1-113x150.jpg 113w\" sizes=\"(max-width: 602px) 100vw, 602px\" \/>\t\t\t\t\t\t\t\t\t\t\t\t\t<\/div>\n\t\t\t\t<\/div>\n\t\t\t\t\t<\/div>\n\t\t<\/div>\n\t\t\t\t<div class=\"elementor-column elementor-col-50 elementor-top-column elementor-element elementor-element-cbab38b\" data-id=\"cbab38b\" data-element_type=\"column\">\n\t\t\t<div class=\"elementor-widget-wrap elementor-element-populated\">\n\t\t\t\t\t\t<div class=\"elementor-element elementor-element-944f145 elementor-widget elementor-widget-text-editor\" data-id=\"944f145\" data-element_type=\"widget\" data-widget_type=\"text-editor.default\">\n\t\t\t\t<div class=\"elementor-widget-container\">\n\t\t\t\t\t\t\t<p><b>FaceFitness <\/b>&#8211; teine osa kompleksist, suunatuna n\u00e4olihaste intensiivsele trennile biomehhaanilise stimuleerimise teel.\u00a0<\/p><p>FaceFitness aparaadimassaa\u017ei tehakse erinevate otsikutega ja t\u00f6\u00f6deldakse l\u00e4bi k\u00f5ik n\u00e4o- ja kaelalihased.\u00a0\u00a0<\/p><p>Tulemusel aktiveerub naha verevarustus, kudedes paranevad vahetusprotsessid, kaob n\u00e4rvipinge ja stimuleerub lihaste t\u00f6\u00f6, mis annab pinguldava efekti.\u00a0\u00a0<\/p>\t\t\t\t\t\t<\/div>\n\t\t\t\t<\/div>\n\t\t\t\t<div class=\"elementor-element elementor-element-f04a0f8 elementor-widget elementor-widget-text-editor\" data-id=\"f04a0f8\" data-element_type=\"widget\" data-widget_type=\"text-editor.default\">\n\t\t\t\t<div class=\"elementor-widget-container\">\n\t\t\t\t\t\t\t<p><b>L\u00f5ppetapp<\/b><\/p><p>Vaakumh\u00fcdrokoorimine Silk Peel kombinatsioonis Face Fitness aparaatmassaa\u017eiga soodustab l\u00f5ppetapil kasutavate toitvate ja noorendavate ainete &#8211; maski, seerumi, kreemi tugevamat tungimist nahka.<\/p>\t\t\t\t\t\t<\/div>\n\t\t\t\t<\/div>\n\t\t\t\t\t<\/div>\n\t\t<\/div>\n\t\t\t\t\t<\/div>\n\t\t<\/section>\n\t\t\t\t<section class=\"elementor-section elementor-top-section elementor-element elementor-element-8b3b214 elementor-section-boxed elementor-section-height-default elementor-section-height-default\" data-id=\"8b3b214\" data-element_type=\"section\">\n\t\t\t\t\t\t<div class=\"elementor-container elementor-column-gap-default\">\n\t\t\t\t\t<div class=\"elementor-column elementor-col-100 elementor-top-column elementor-element elementor-element-bc27b23\" data-id=\"bc27b23\" data-element_type=\"column\">\n\t\t\t<div class=\"elementor-widget-wrap elementor-element-populated\">\n\t\t\t\t\t\t<div class=\"elementor-element elementor-element-7c85cbc elementor-widget elementor-widget-text-editor\" data-id=\"7c85cbc\" data-element_type=\"widget\" data-widget_type=\"text-editor.default\">\n\t\t\t\t<div class=\"elementor-widget-container\">\n\t\t\t\t\t\t\t<blockquote><p><strong>Suvekompleksil Silk Peel &amp; Face Fitness puuduvad vanusepiirangud ja taastusperiood &#8211; v\u00f5ib julgelt planeerida seltskonnaelu ja s\u00f5pradega kohtumisi neid edasi l\u00fckkamata. \u00a0<\/strong><\/p><\/blockquote>\t\t\t\t\t\t<\/div>\n\t\t\t\t<\/div>\n\t\t\t\t\t<\/div>\n\t\t<\/div>\n\t\t\t\t\t<\/div>\n\t\t<\/section>\n\t\t\t\t<section class=\"elementor-section elementor-top-section elementor-element elementor-element-4db5b29d elementor-section-boxed elementor-section-height-default elementor-section-height-default\" data-id=\"4db5b29d\" data-element_type=\"section\">\n\t\t\t\t\t\t<div class=\"elementor-container elementor-column-gap-default\">\n\t\t\t\t\t<div class=\"elementor-column elementor-col-100 elementor-top-column elementor-element elementor-element-688fd59b\" data-id=\"688fd59b\" data-element_type=\"column\">\n\t\t\t<div class=\"elementor-widget-wrap elementor-element-populated\">\n\t\t\t\t\t\t<div class=\"elementor-element elementor-element-6ddec5e1 elementor-widget elementor-widget-heading\" data-id=\"6ddec5e1\" data-element_type=\"widget\" data-widget_type=\"heading.default\">\n\t\t\t\t<div class=\"elementor-widget-container\">\n\t\t\t<h2 class=\"elementor-heading-title elementor-size-default\">Hinnakiri<\/h2>\t\t<\/div>\n\t\t\t\t<\/div>\n\t\t\t\t<div class=\"elementor-element elementor-element-55fce7f9 elementor-widget elementor-widget-text-editor\" data-id=\"55fce7f9\" data-element_type=\"widget\" data-widget_type=\"text-editor.default\">\n\t\t\t\t<div class=\"elementor-widget-container\">\n\t\t\t\t\t\t\t<p>\n<table id=\"tablepress-132\" class=\"tablepress tablepress-id-132 tablepress-responsive\">\n<thead>\n<tr class=\"row-1 odd\">\n\t<th class=\"column-1\">Suvine komplekshooldus<\/th><th class=\"column-2\">Hind \u20ac<\/th>\n<\/tr>\n<\/thead>\n<tbody class=\"row-hover\">\n<tr class=\"row-2 even\">\n\t<td class=\"column-1\">Silk Peel &amp; FaceFitness \/ 2 hooldust 1 hinnaga \/ 60 min<\/td><td class=\"column-2\">55,00<\/td>\n<\/tr>\n<\/tbody>\n<\/table>\n<!-- #tablepress-132 from cache --><\/p>\t\t\t\t\t\t<\/div>\n\t\t\t\t<\/div>\n\t\t\t\t<div class=\"elementor-element elementor-element-2349507c pp-buttons-halign-center pp-buttons-stack-none elementor-widget elementor-widget-pp-buttons\" data-id=\"2349507c\" data-element_type=\"widget\" data-widget_type=\"pp-buttons.default\">\n\t\t\t\t<div class=\"elementor-widget-container\">\n\t\t\t\t\t<div class=\"pp-buttons-group\">\n\t\t\t\t\t\t\t\t\t\t\t<a href=\"https:\/\/shop.medicest.eu\/et\/product\/biomehaaniline-stimulatsioon-bms\/\" target=\"_blank\" class=\"pp-button elementor-button elementor-size-md elementor-repeater-item-c938c7f \">\n\t\t\t\t\t<div class=\"pp-button-content-wrapper\">\n\t\t\t\t\t\t<span class=\"pp-button-content-inner pp-icon-before\">\n\t\t\t\t\t\t\t\n\t\t\t\t\t\t\t\t<span class=\"pp-button-title\">\n\t\t\t\t\t\t\t\t\tOsta\t\t\t\t\t\t\t\t<\/span>\n\t\t\t\t\t\t\t\t\t\t\t\t\t<\/span>\n\t\t\t\t\t<\/div>\n\t\t\t\t<\/a>\n\t\t\t\t\t\t\t\t\t\t<\/div>\t\t<\/div>\n\t\t\t\t<\/div>\n\t\t\t\t\t<\/div>\n\t\t<\/div>\n\t\t\t\t\t<\/div>\n\t\t<\/section>\n\t\t\t\t<\/div>\n\t\t","protected":false},"excerpt":{"rendered":"<p>Silk Peel &#038; Face Fitness Suvine komplekshooldus \u00d5rn n\u00e4opuhastus ja n\u00e4o vibratsioonmassaa\u017e Silk Peel &#8211; vaakumh\u00fcdrokoorimine puhastab \u00f5rnalt poore ja eemaldab surnud nahaosakesed. Seejuures k\u00fcllastub derma niiskusega, mida nii v\u00e4ga napib just suvisel ajal &#8211; p\u00e4ikse, tolmu ja kliimaseadmete aktiivsel perioodil. \u00a0 Vaakumkoorimine kombinatsioonis peenhajutatud niiskuse toimega puhastab poorid, tasandab\u2026<\/p>\n<p class=\"continue-reading-button\"> <a class=\"continue-reading-link\" href=\"https:\/\/copy.medicest.eu\/et\/komplekshoolitsus-silk-peel-face-fitness\/\"><i class=\"crycon-right-dir\"><\/i><\/a><\/p>\n","protected":false},"author":1,"featured_media":0,"parent":0,"menu_order":0,"comment_status":"closed","ping_status":"closed","template":"","meta":{"footnotes":""},"class_list":["post-8781","page","type-page","status-publish","hentry"],"yoast_head":"<!-- This site is optimized with the Yoast SEO plugin v23.6 - https:\/\/yoast.com\/wordpress\/plugins\/seo\/ -->\n<title>Komplekshoolitsus Silk Peel &amp; Face Fitness - Ilukliinik Medic-Esthetic<\/title>\n<meta name=\"robots\" content=\"index, follow, max-snippet:-1, max-image-preview:large, max-video-preview:-1\" \/>\n<link rel=\"canonical\" href=\"https:\/\/copy.medicest.eu\/et\/komplekshoolitsus-silk-peel-face-fitness\/\" \/>\n<meta property=\"og:locale\" content=\"et_EE\" \/>\n<meta property=\"og:type\" content=\"article\" \/>\n<meta property=\"og:title\" content=\"Komplekshoolitsus Silk Peel &amp; Face Fitness - Ilukliinik Medic-Esthetic\" \/>\n<meta property=\"og:description\" content=\"Silk Peel &#038; Face Fitness Suvine komplekshooldus \u00d5rn n\u00e4opuhastus ja n\u00e4o vibratsioonmassaa\u017e Silk Peel &#8211; vaakumh\u00fcdrokoorimine puhastab \u00f5rnalt poore ja eemaldab surnud nahaosakesed. Seejuures k\u00fcllastub derma niiskusega, mida nii v\u00e4ga napib just suvisel ajal &#8211; p\u00e4ikse, tolmu ja kliimaseadmete aktiivsel perioodil. \u00a0 Vaakumkoorimine kombinatsioonis peenhajutatud niiskuse toimega puhastab poorid, tasandab\u2026\" \/>\n<meta property=\"og:url\" content=\"https:\/\/copy.medicest.eu\/et\/komplekshoolitsus-silk-peel-face-fitness\/\" \/>\n<meta property=\"og:site_name\" content=\"Ilukliinik Medic-Esthetic\" \/>\n<meta property=\"article:modified_time\" content=\"2022-06-30T11:43:29+00:00\" \/>\n<meta property=\"og:image\" content=\"https:\/\/copy.medicest.eu\/wp-content\/uploads\/2021\/10\/hydra1.jpg\" \/>\n<meta name=\"twitter:card\" content=\"summary_large_image\" \/>\n<meta name=\"twitter:label1\" content=\"Est. reading time\" \/>\n\t<meta name=\"twitter:data1\" content=\"2 minutit\" \/>\n<script type=\"application\/ld+json\" class=\"yoast-schema-graph\">{\"@context\":\"https:\/\/schema.org\",\"@graph\":[{\"@type\":\"WebPage\",\"@id\":\"https:\/\/copy.medicest.eu\/et\/komplekshoolitsus-silk-peel-face-fitness\/\",\"url\":\"https:\/\/copy.medicest.eu\/et\/komplekshoolitsus-silk-peel-face-fitness\/\",\"name\":\"Komplekshoolitsus Silk Peel & Face Fitness - Ilukliinik Medic-Esthetic\",\"isPartOf\":{\"@id\":\"https:\/\/copy.medicest.eu\/#website\"},\"primaryImageOfPage\":{\"@id\":\"https:\/\/copy.medicest.eu\/et\/komplekshoolitsus-silk-peel-face-fitness\/#primaryimage\"},\"image\":{\"@id\":\"https:\/\/copy.medicest.eu\/et\/komplekshoolitsus-silk-peel-face-fitness\/#primaryimage\"},\"thumbnailUrl\":\"https:\/\/copy.medicest.eu\/wp-content\/uploads\/2021\/10\/hydra1.jpg\",\"datePublished\":\"2022-06-29T10:45:00+00:00\",\"dateModified\":\"2022-06-30T11:43:29+00:00\",\"breadcrumb\":{\"@id\":\"https:\/\/copy.medicest.eu\/et\/komplekshoolitsus-silk-peel-face-fitness\/#breadcrumb\"},\"inLanguage\":\"et\",\"potentialAction\":[{\"@type\":\"ReadAction\",\"target\":[\"https:\/\/copy.medicest.eu\/et\/komplekshoolitsus-silk-peel-face-fitness\/\"]}]},{\"@type\":\"ImageObject\",\"inLanguage\":\"et\",\"@id\":\"https:\/\/copy.medicest.eu\/et\/komplekshoolitsus-silk-peel-face-fitness\/#primaryimage\",\"url\":\"https:\/\/copy.medicest.eu\/wp-content\/uploads\/2021\/10\/hydra1.jpg\",\"contentUrl\":\"https:\/\/copy.medicest.eu\/wp-content\/uploads\/2021\/10\/hydra1.jpg\"},{\"@type\":\"BreadcrumbList\",\"@id\":\"https:\/\/copy.medicest.eu\/et\/komplekshoolitsus-silk-peel-face-fitness\/#breadcrumb\",\"itemListElement\":[{\"@type\":\"ListItem\",\"position\":1,\"name\":\"Home\",\"item\":\"https:\/\/copy.medicest.eu\/et\/\"},{\"@type\":\"ListItem\",\"position\":2,\"name\":\"Komplekshoolitsus Silk Peel &#038; Face Fitness\"}]},{\"@type\":\"WebSite\",\"@id\":\"https:\/\/copy.medicest.eu\/#website\",\"url\":\"https:\/\/copy.medicest.eu\/\",\"name\":\"Ilukliinik Medic-Esthetic\",\"description\":\"Beauty &amp; Prestige\",\"potentialAction\":[{\"@type\":\"SearchAction\",\"target\":{\"@type\":\"EntryPoint\",\"urlTemplate\":\"https:\/\/copy.medicest.eu\/?s={search_term_string}\"},\"query-input\":{\"@type\":\"PropertyValueSpecification\",\"valueRequired\":true,\"valueName\":\"search_term_string\"}}],\"inLanguage\":\"et\"}]}<\/script>\n<!-- \/ Yoast SEO plugin. -->","yoast_head_json":{"title":"Komplekshoolitsus Silk Peel & Face Fitness - Ilukliinik Medic-Esthetic","robots":{"index":"index","follow":"follow","max-snippet":"max-snippet:-1","max-image-preview":"max-image-preview:large","max-video-preview":"max-video-preview:-1"},"canonical":"https:\/\/copy.medicest.eu\/et\/komplekshoolitsus-silk-peel-face-fitness\/","og_locale":"et_EE","og_type":"article","og_title":"Komplekshoolitsus Silk Peel & Face Fitness - Ilukliinik Medic-Esthetic","og_description":"Silk Peel &#038; Face Fitness Suvine komplekshooldus \u00d5rn n\u00e4opuhastus ja n\u00e4o vibratsioonmassaa\u017e Silk Peel &#8211; vaakumh\u00fcdrokoorimine puhastab \u00f5rnalt poore ja eemaldab surnud nahaosakesed. Seejuures k\u00fcllastub derma niiskusega, mida nii v\u00e4ga napib just suvisel ajal &#8211; p\u00e4ikse, tolmu ja kliimaseadmete aktiivsel perioodil. \u00a0 Vaakumkoorimine kombinatsioonis peenhajutatud niiskuse toimega puhastab poorid, tasandab\u2026","og_url":"https:\/\/copy.medicest.eu\/et\/komplekshoolitsus-silk-peel-face-fitness\/","og_site_name":"Ilukliinik Medic-Esthetic","article_modified_time":"2022-06-30T11:43:29+00:00","og_image":[{"url":"https:\/\/copy.medicest.eu\/wp-content\/uploads\/2021\/10\/hydra1.jpg"}],"twitter_card":"summary_large_image","twitter_misc":{"Est. reading time":"2 minutit"},"schema":{"@context":"https:\/\/schema.org","@graph":[{"@type":"WebPage","@id":"https:\/\/copy.medicest.eu\/et\/komplekshoolitsus-silk-peel-face-fitness\/","url":"https:\/\/copy.medicest.eu\/et\/komplekshoolitsus-silk-peel-face-fitness\/","name":"Komplekshoolitsus Silk Peel & Face Fitness - Ilukliinik Medic-Esthetic","isPartOf":{"@id":"https:\/\/copy.medicest.eu\/#website"},"primaryImageOfPage":{"@id":"https:\/\/copy.medicest.eu\/et\/komplekshoolitsus-silk-peel-face-fitness\/#primaryimage"},"image":{"@id":"https:\/\/copy.medicest.eu\/et\/komplekshoolitsus-silk-peel-face-fitness\/#primaryimage"},"thumbnailUrl":"https:\/\/copy.medicest.eu\/wp-content\/uploads\/2021\/10\/hydra1.jpg","datePublished":"2022-06-29T10:45:00+00:00","dateModified":"2022-06-30T11:43:29+00:00","breadcrumb":{"@id":"https:\/\/copy.medicest.eu\/et\/komplekshoolitsus-silk-peel-face-fitness\/#breadcrumb"},"inLanguage":"et","potentialAction":[{"@type":"ReadAction","target":["https:\/\/copy.medicest.eu\/et\/komplekshoolitsus-silk-peel-face-fitness\/"]}]},{"@type":"ImageObject","inLanguage":"et","@id":"https:\/\/copy.medicest.eu\/et\/komplekshoolitsus-silk-peel-face-fitness\/#primaryimage","url":"https:\/\/copy.medicest.eu\/wp-content\/uploads\/2021\/10\/hydra1.jpg","contentUrl":"https:\/\/copy.medicest.eu\/wp-content\/uploads\/2021\/10\/hydra1.jpg"},{"@type":"BreadcrumbList","@id":"https:\/\/copy.medicest.eu\/et\/komplekshoolitsus-silk-peel-face-fitness\/#breadcrumb","itemListElement":[{"@type":"ListItem","position":1,"name":"Home","item":"https:\/\/copy.medicest.eu\/et\/"},{"@type":"ListItem","position":2,"name":"Komplekshoolitsus Silk Peel &#038; Face Fitness"}]},{"@type":"WebSite","@id":"https:\/\/copy.medicest.eu\/#website","url":"https:\/\/copy.medicest.eu\/","name":"Ilukliinik Medic-Esthetic","description":"Beauty &amp; Prestige","potentialAction":[{"@type":"SearchAction","target":{"@type":"EntryPoint","urlTemplate":"https:\/\/copy.medicest.eu\/?s={search_term_string}"},"query-input":{"@type":"PropertyValueSpecification","valueRequired":true,"valueName":"search_term_string"}}],"inLanguage":"et"}]}},"_links":{"self":[{"href":"https:\/\/copy.medicest.eu\/et\/wp-json\/wp\/v2\/pages\/8781","targetHints":{"allow":["GET"]}}],"collection":[{"href":"https:\/\/copy.medicest.eu\/et\/wp-json\/wp\/v2\/pages"}],"about":[{"href":"https:\/\/copy.medicest.eu\/et\/wp-json\/wp\/v2\/types\/page"}],"author":[{"embeddable":true,"href":"https:\/\/copy.medicest.eu\/et\/wp-json\/wp\/v2\/users\/1"}],"replies":[{"embeddable":true,"href":"https:\/\/copy.medicest.eu\/et\/wp-json\/wp\/v2\/comments?post=8781"}],"version-history":[{"count":4,"href":"https:\/\/copy.medicest.eu\/et\/wp-json\/wp\/v2\/pages\/8781\/revisions"}],"predecessor-version":[{"id":8788,"href":"https:\/\/copy.medicest.eu\/et\/wp-json\/wp\/v2\/pages\/8781\/revisions\/8788"}],"wp:attachment":[{"href":"https:\/\/copy.medicest.eu\/et\/wp-json\/wp\/v2\/media?parent=8781"}],"curies":[{"name":"wp","href":"https:\/\/api.w.org\/{rel}","templated":true}]}}