{"id":9457,"date":"2022-07-25T10:52:45","date_gmt":"2022-07-25T10:52:45","guid":{"rendered":"https:\/\/copy.medicest.eu\/uxodovaya-procedura-orhidee\/"},"modified":"2022-07-29T10:29:44","modified_gmt":"2022-07-29T10:29:44","slug":"hooldav-protseduur-orhidee","status":"publish","type":"page","link":"https:\/\/copy.medicest.eu\/et\/hooldav-protseduur-orhidee\/","title":{"rendered":"Hooldav protseduur Orhidee"},"content":{"rendered":"\t\t<div data-elementor-type=\"wp-page\" data-elementor-id=\"9457\" class=\"elementor elementor-9457 elementor-9425\">\n\t\t\t\t\t\t<section class=\"elementor-section elementor-top-section elementor-element elementor-element-1098e041 elementor-section-boxed elementor-section-height-default elementor-section-height-default\" data-id=\"1098e041\" data-element_type=\"section\">\n\t\t\t\t\t\t<div class=\"elementor-container elementor-column-gap-default\">\n\t\t\t\t\t<div class=\"elementor-column elementor-col-100 elementor-top-column elementor-element elementor-element-fb4ff19\" data-id=\"fb4ff19\" data-element_type=\"column\">\n\t\t\t<div class=\"elementor-widget-wrap elementor-element-populated\">\n\t\t\t\t\t\t<div class=\"elementor-element elementor-element-711829a3 elementor-widget elementor-widget-heading\" data-id=\"711829a3\" data-element_type=\"widget\" data-widget_type=\"heading.default\">\n\t\t\t\t<div class=\"elementor-widget-container\">\n\t\t\t<h2 class=\"elementor-heading-title elementor-size-default\">Hooldav protseduur Orhidee<\/h2>\t\t<\/div>\n\t\t\t\t<\/div>\n\t\t\t\t\t<\/div>\n\t\t<\/div>\n\t\t\t\t\t<\/div>\n\t\t<\/section>\n\t\t\t\t<section class=\"elementor-section elementor-top-section elementor-element elementor-element-2e60bb1d elementor-section-boxed elementor-section-height-default elementor-section-height-default\" data-id=\"2e60bb1d\" data-element_type=\"section\">\n\t\t\t\t\t\t<div class=\"elementor-container elementor-column-gap-default\">\n\t\t\t\t\t<div class=\"elementor-column elementor-col-100 elementor-top-column elementor-element elementor-element-355b4e45\" data-id=\"355b4e45\" data-element_type=\"column\">\n\t\t\t<div class=\"elementor-widget-wrap elementor-element-populated\">\n\t\t\t\t\t\t<div class=\"elementor-element elementor-element-205a75e5 elementor-widget elementor-widget-heading\" data-id=\"205a75e5\" data-element_type=\"widget\" data-widget_type=\"heading.default\">\n\t\t\t\t<div class=\"elementor-widget-container\">\n\t\t\t<h2 class=\"elementor-heading-title elementor-size-default\">Tsoonid: n\u00e4gu, kael, dekoltee<\/h2>\t\t<\/div>\n\t\t\t\t<\/div>\n\t\t\t\t\t<\/div>\n\t\t<\/div>\n\t\t\t\t\t<\/div>\n\t\t<\/section>\n\t\t\t\t<section class=\"elementor-section elementor-top-section elementor-element elementor-element-cd71b7c elementor-section-boxed elementor-section-height-default elementor-section-height-default\" data-id=\"cd71b7c\" data-element_type=\"section\">\n\t\t\t\t\t\t<div class=\"elementor-container elementor-column-gap-default\">\n\t\t\t\t\t<div class=\"elementor-column elementor-col-66 elementor-top-column elementor-element elementor-element-f033386\" data-id=\"f033386\" data-element_type=\"column\">\n\t\t\t<div class=\"elementor-widget-wrap elementor-element-populated\">\n\t\t\t\t\t\t<div class=\"elementor-element elementor-element-cb58744 elementor-widget elementor-widget-text-editor\" data-id=\"cb58744\" data-element_type=\"widget\" data-widget_type=\"text-editor.default\">\n\t\t\t\t<div class=\"elementor-widget-container\">\n\t\t\t\t\t\t\t<h4><strong>Hooldus sisaldab j\u00e4rgmisi samme:<\/strong><\/h4><ul><li>Meigi eemaldamine ja naha p\u00f5hjalik puhastus mustusest<\/li><li>Kerge eksfoliatsioon \u2013 surnud mikroosakeste koorimine ja eemaldamine<\/li><li>K\u00e4sitsi massaa<span class=\"VIiyi\" lang=\"et\"><span class=\"JLqJ4b ChMk0b\" data-language-for-alternatives=\"et\" data-language-to-translate-into=\"ru\" data-phrase-index=\"0\" data-number-of-phrases=\"1\"><span class=\"Q4iAWc\">\u017e<\/span><\/span><\/span><\/li><li>Toitva seerumi, maski, l\u00f5petava kreemi pealekandmine<\/li><\/ul>\t\t\t\t\t\t<\/div>\n\t\t\t\t<\/div>\n\t\t\t\t\t<\/div>\n\t\t<\/div>\n\t\t\t\t<div class=\"elementor-column elementor-col-33 elementor-top-column elementor-element elementor-element-42ec78f\" data-id=\"42ec78f\" data-element_type=\"column\">\n\t\t\t<div class=\"elementor-widget-wrap elementor-element-populated\">\n\t\t\t\t\t\t<div class=\"elementor-element elementor-element-d8baa41 elementor-widget elementor-widget-image\" data-id=\"d8baa41\" data-element_type=\"widget\" data-widget_type=\"image.default\">\n\t\t\t\t<div class=\"elementor-widget-container\">\n\t\t\t\t\t\t\t\t\t\t\t\t\t<img fetchpriority=\"high\" decoding=\"async\" width=\"1000\" height=\"665\" src=\"https:\/\/copy.medicest.eu\/wp-content\/uploads\/2022\/07\/hooldus-orhidee-1.jpeg\" class=\"attachment-large size-large wp-image-9431\" alt=\"\" srcset=\"https:\/\/copy.medicest.eu\/wp-content\/uploads\/2022\/07\/hooldus-orhidee-1.jpeg 1000w, https:\/\/copy.medicest.eu\/wp-content\/uploads\/2022\/07\/hooldus-orhidee-1-300x200.jpeg 300w, https:\/\/copy.medicest.eu\/wp-content\/uploads\/2022\/07\/hooldus-orhidee-1-768x511.jpeg 768w, https:\/\/copy.medicest.eu\/wp-content\/uploads\/2022\/07\/hooldus-orhidee-1-150x100.jpeg 150w\" sizes=\"(max-width: 1000px) 100vw, 1000px\" \/>\t\t\t\t\t\t\t\t\t\t\t\t\t<\/div>\n\t\t\t\t<\/div>\n\t\t\t\t\t<\/div>\n\t\t<\/div>\n\t\t\t\t\t<\/div>\n\t\t<\/section>\n\t\t\t\t<section class=\"elementor-section elementor-top-section elementor-element elementor-element-3608c25 elementor-section-boxed elementor-section-height-default elementor-section-height-default\" data-id=\"3608c25\" data-element_type=\"section\">\n\t\t\t\t\t\t<div class=\"elementor-container elementor-column-gap-default\">\n\t\t\t\t\t<div class=\"elementor-column elementor-col-33 elementor-top-column elementor-element elementor-element-b5fc2dd\" data-id=\"b5fc2dd\" data-element_type=\"column\">\n\t\t\t<div class=\"elementor-widget-wrap elementor-element-populated\">\n\t\t\t\t\t\t<div class=\"elementor-element elementor-element-f7e53c6 elementor-widget elementor-widget-text-editor\" data-id=\"f7e53c6\" data-element_type=\"widget\" data-widget_type=\"text-editor.default\">\n\t\t\t\t<div class=\"elementor-widget-container\">\n\t\t\t\t\t\t\t<blockquote><p>Kui on soov r\u00f5\u00f5mustada oma nahka \u00f5rna hooldusega, v\u00e4rskendada ja toita, parandada v\u00e4rvi ja<br \/>vabastada n\u00e4gu v\u00e4simuse m\u00e4rkidest \u2013 just selliseks juhuks on protseduur Orhidee.<\/p><\/blockquote>\t\t\t\t\t\t<\/div>\n\t\t\t\t<\/div>\n\t\t\t\t<div class=\"elementor-element elementor-element-d140f0f elementor-widget elementor-widget-image\" data-id=\"d140f0f\" data-element_type=\"widget\" data-widget_type=\"image.default\">\n\t\t\t\t<div class=\"elementor-widget-container\">\n\t\t\t\t\t\t\t\t\t\t\t\t\t<img decoding=\"async\" width=\"812\" height=\"576\" src=\"https:\/\/copy.medicest.eu\/wp-content\/uploads\/2022\/07\/rsz_white-orchids.jpeg\" class=\"attachment-large size-large wp-image-9441\" alt=\"\" srcset=\"https:\/\/copy.medicest.eu\/wp-content\/uploads\/2022\/07\/rsz_white-orchids.jpeg 812w, https:\/\/copy.medicest.eu\/wp-content\/uploads\/2022\/07\/rsz_white-orchids-300x213.jpeg 300w, https:\/\/copy.medicest.eu\/wp-content\/uploads\/2022\/07\/rsz_white-orchids-768x545.jpeg 768w, https:\/\/copy.medicest.eu\/wp-content\/uploads\/2022\/07\/rsz_white-orchids-150x106.jpeg 150w\" sizes=\"(max-width: 812px) 100vw, 812px\" \/>\t\t\t\t\t\t\t\t\t\t\t\t\t<\/div>\n\t\t\t\t<\/div>\n\t\t\t\t\t<\/div>\n\t\t<\/div>\n\t\t\t\t<div class=\"elementor-column elementor-col-66 elementor-top-column elementor-element elementor-element-31bab68\" data-id=\"31bab68\" data-element_type=\"column\">\n\t\t\t<div class=\"elementor-widget-wrap elementor-element-populated\">\n\t\t\t\t\t\t<div class=\"elementor-element elementor-element-1b3f080 elementor-widget elementor-widget-text-editor\" data-id=\"1b3f080\" data-element_type=\"widget\" data-widget_type=\"text-editor.default\">\n\t\t\t\t<div class=\"elementor-widget-container\">\n\t\t\t\t\t\t\t<p>K\u00f5igil protseduuri Orhidee sammudel valivad asjatundjad kosmeetikavahendid individuaalselt<br \/>vastavalt kliendi naha vajadustele.<\/p><p>R\u00f5huasetus tehakse v\u00f5ttes arvesse tuvastatud probleemi \u2013 naha<br \/>kuivus, mustus, \u00fcleliigne rasusus, v\u00e4simus, tuhmunud v\u00e4rv jne.<\/p>\t\t\t\t\t\t<\/div>\n\t\t\t\t<\/div>\n\t\t\t\t<div class=\"elementor-element elementor-element-c305ca7 elementor-widget elementor-widget-text-editor\" data-id=\"c305ca7\" data-element_type=\"widget\" data-widget_type=\"text-editor.default\">\n\t\t\t\t<div class=\"elementor-widget-container\">\n\t\t\t\t\t\t\t<p><strong>Massaa\u017e annab v\u00f5imaluse t\u00f6\u00f6tada l\u00e4bi ja suurendada l\u00f5dvestunud lihaste toonust v\u00f5i vastupidi <\/strong><strong>l\u00f5dvestada pingul olevaid lihaseid.<\/strong><\/p><p>T\u00e4nu sellele saame efekti &#8211; kortsude v\u00e4ljendumuse v\u00e4henemise,<br \/>n\u00e4o ovaali parandamise ning v\u00e4simuse ja stressi tagaj\u00e4rgede k\u00f5rvaldamise.<\/p><p>Individuaalne l\u00e4henemine vahendite valikul iga kliendi jaoks v\u00f5imaldab meil soovitada hooldust Orhidee iga vanuse ja aastaaja jaoks.<\/p><p>Ei ole mingit taastumisperioodi \u2013 kohe p\u00e4rast protseduuri saate naasta oma igap\u00e4evaste tegevuste<br \/>juurde v\u00f5i valmistuda seltskonnaelust osa v\u00f5tma.<\/p>\t\t\t\t\t\t<\/div>\n\t\t\t\t<\/div>\n\t\t\t\t\t<\/div>\n\t\t<\/div>\n\t\t\t\t\t<\/div>\n\t\t<\/section>\n\t\t\t\t<section class=\"elementor-section elementor-top-section elementor-element elementor-element-42d2c1ff elementor-section-boxed elementor-section-height-default elementor-section-height-default\" data-id=\"42d2c1ff\" data-element_type=\"section\">\n\t\t\t\t\t\t<div class=\"elementor-container elementor-column-gap-default\">\n\t\t\t\t\t<div class=\"elementor-column elementor-col-100 elementor-top-column elementor-element elementor-element-5fc6b1e3\" data-id=\"5fc6b1e3\" data-element_type=\"column\">\n\t\t\t<div class=\"elementor-widget-wrap elementor-element-populated\">\n\t\t\t\t\t\t<div class=\"elementor-element elementor-element-3b3d1319 elementor-widget elementor-widget-heading\" data-id=\"3b3d1319\" data-element_type=\"widget\" data-widget_type=\"heading.default\">\n\t\t\t\t<div class=\"elementor-widget-container\">\n\t\t\t<h2 class=\"elementor-heading-title elementor-size-default\">Hinnakiri<\/h2>\t\t<\/div>\n\t\t\t\t<\/div>\n\t\t\t\t<div class=\"elementor-element elementor-element-aeb79be elementor-widget elementor-widget-text-editor\" data-id=\"aeb79be\" data-element_type=\"widget\" data-widget_type=\"text-editor.default\">\n\t\t\t\t<div class=\"elementor-widget-container\">\n\t\t\t\t\t\t\t<p>\n<table id=\"tablepress-144\" class=\"tablepress tablepress-id-144 tablepress-responsive\">\n<thead>\n<tr class=\"row-1 odd\">\n\t<th class=\"column-1\">Regulaarsed hooldused<\/th><th class=\"column-2\">Hind \u20ac<\/th>\n<\/tr>\n<\/thead>\n<tbody class=\"row-hover\">\n<tr class=\"row-2 even\">\n\t<td class=\"column-1\">Hooldav protseduur Orhidee (N\u00e4gu, kael ja dekoltee), 60 min<\/td><td class=\"column-2\">59.00<\/td>\n<\/tr>\n<tr class=\"row-3 odd\">\n\t<td class=\"column-1\">Hooldav protseduur Diamond Silk (N\u00e4gu, kael), 60 min<\/td><td class=\"column-2\">75.00<\/td>\n<\/tr>\n<tr class=\"row-4 even\">\n\t<td class=\"column-1\">Hooldav protseduur Diamond Silk (N\u00e4gu, kael ja dekoltee), 90 min<\/td><td class=\"column-2\">85.00<\/td>\n<\/tr>\n<\/tbody>\n<\/table>\n<!-- #tablepress-144 from cache --><\/p>\t\t\t\t\t\t<\/div>\n\t\t\t\t<\/div>\n\t\t\t\t<div class=\"elementor-element elementor-element-3c7f3aae pp-buttons-halign-center pp-buttons-stack-none elementor-widget elementor-widget-pp-buttons\" data-id=\"3c7f3aae\" data-element_type=\"widget\" data-widget_type=\"pp-buttons.default\">\n\t\t\t\t<div class=\"elementor-widget-container\">\n\t\t\t\t\t<div class=\"pp-buttons-group\">\n\t\t\t\t\t\t\t\t\t\t\t<a href=\"https:\/\/shop.medicest.eu\/et\/product\/hooldav-protseduur-orhidee\/\" target=\"_blank\" class=\"pp-button elementor-button elementor-size-md elementor-repeater-item-c938c7f \">\n\t\t\t\t\t<div class=\"pp-button-content-wrapper\">\n\t\t\t\t\t\t<span class=\"pp-button-content-inner pp-icon-before\">\n\t\t\t\t\t\t\t\n\t\t\t\t\t\t\t\t<span class=\"pp-button-title\">\n\t\t\t\t\t\t\t\t\tOsta\t\t\t\t\t\t\t\t<\/span>\n\t\t\t\t\t\t\t\t\t\t\t\t\t<\/span>\n\t\t\t\t\t<\/div>\n\t\t\t\t<\/a>\n\t\t\t\t\t\t\t\t\t\t<\/div>\t\t<\/div>\n\t\t\t\t<\/div>\n\t\t\t\t\t<\/div>\n\t\t<\/div>\n\t\t\t\t\t<\/div>\n\t\t<\/section>\n\t\t\t\t<\/div>\n\t\t","protected":false},"excerpt":{"rendered":"<p>Hooldav protseduur Orhidee Tsoonid: n\u00e4gu, kael, dekoltee Hooldus sisaldab j\u00e4rgmisi samme: Meigi eemaldamine ja naha p\u00f5hjalik puhastus mustusest Kerge eksfoliatsioon \u2013 surnud mikroosakeste koorimine ja eemaldamine K\u00e4sitsi massaa\u017e Toitva seerumi, maski, l\u00f5petava kreemi pealekandmine Kui on soov r\u00f5\u00f5mustada oma nahka \u00f5rna hooldusega, v\u00e4rskendada ja toita, parandada v\u00e4rvi javabastada n\u00e4gu v\u00e4simuse\u2026<\/p>\n<p class=\"continue-reading-button\"> <a class=\"continue-reading-link\" href=\"https:\/\/copy.medicest.eu\/et\/hooldav-protseduur-orhidee\/\"><i class=\"crycon-right-dir\"><\/i><\/a><\/p>\n","protected":false},"author":1,"featured_media":0,"parent":0,"menu_order":0,"comment_status":"closed","ping_status":"closed","template":"","meta":{"footnotes":""},"class_list":["post-9457","page","type-page","status-publish","hentry"],"yoast_head":"<!-- This site is optimized with the Yoast SEO plugin v23.6 - https:\/\/yoast.com\/wordpress\/plugins\/seo\/ -->\n<title>Hooldav protseduur Orhidee - Ilukliinik Medic-Esthetic<\/title>\n<meta name=\"robots\" content=\"index, follow, max-snippet:-1, max-image-preview:large, max-video-preview:-1\" \/>\n<link rel=\"canonical\" href=\"https:\/\/copy.medicest.eu\/uxodovaya-procedura-orhidee\/\" \/>\n<meta property=\"og:locale\" content=\"et_EE\" \/>\n<meta property=\"og:type\" content=\"article\" \/>\n<meta property=\"og:title\" content=\"Hooldav protseduur Orhidee - Ilukliinik Medic-Esthetic\" \/>\n<meta property=\"og:description\" content=\"Hooldav protseduur Orhidee Tsoonid: n\u00e4gu, kael, dekoltee Hooldus sisaldab j\u00e4rgmisi samme: Meigi eemaldamine ja naha p\u00f5hjalik puhastus mustusest Kerge eksfoliatsioon \u2013 surnud mikroosakeste koorimine ja eemaldamine K\u00e4sitsi massaa\u017e Toitva seerumi, maski, l\u00f5petava kreemi pealekandmine Kui on soov r\u00f5\u00f5mustada oma nahka \u00f5rna hooldusega, v\u00e4rskendada ja toita, parandada v\u00e4rvi javabastada n\u00e4gu v\u00e4simuse\u2026\" \/>\n<meta property=\"og:url\" content=\"https:\/\/copy.medicest.eu\/uxodovaya-procedura-orhidee\/\" \/>\n<meta property=\"og:site_name\" content=\"Ilukliinik Medic-Esthetic\" \/>\n<meta property=\"article:modified_time\" content=\"2022-07-29T10:29:44+00:00\" \/>\n<meta property=\"og:image\" content=\"https:\/\/copy.medicest.eu\/wp-content\/uploads\/2022\/07\/hooldus-orhidee-1.jpeg\" \/>\n<meta name=\"twitter:card\" content=\"summary_large_image\" \/>\n<meta name=\"twitter:label1\" content=\"Est. reading time\" \/>\n\t<meta name=\"twitter:data1\" content=\"2 minutit\" \/>\n<script type=\"application\/ld+json\" class=\"yoast-schema-graph\">{\"@context\":\"https:\/\/schema.org\",\"@graph\":[{\"@type\":\"WebPage\",\"@id\":\"https:\/\/copy.medicest.eu\/uxodovaya-procedura-orhidee\/\",\"url\":\"https:\/\/copy.medicest.eu\/uxodovaya-procedura-orhidee\/\",\"name\":\"Hooldav protseduur Orhidee - Ilukliinik Medic-Esthetic\",\"isPartOf\":{\"@id\":\"https:\/\/copy.medicest.eu\/#website\"},\"primaryImageOfPage\":{\"@id\":\"https:\/\/copy.medicest.eu\/uxodovaya-procedura-orhidee\/#primaryimage\"},\"image\":{\"@id\":\"https:\/\/copy.medicest.eu\/uxodovaya-procedura-orhidee\/#primaryimage\"},\"thumbnailUrl\":\"https:\/\/copy.medicest.eu\/wp-content\/uploads\/2022\/07\/hooldus-orhidee-1.jpeg\",\"datePublished\":\"2022-07-25T10:52:45+00:00\",\"dateModified\":\"2022-07-29T10:29:44+00:00\",\"breadcrumb\":{\"@id\":\"https:\/\/copy.medicest.eu\/uxodovaya-procedura-orhidee\/#breadcrumb\"},\"inLanguage\":\"et\",\"potentialAction\":[{\"@type\":\"ReadAction\",\"target\":[\"https:\/\/copy.medicest.eu\/uxodovaya-procedura-orhidee\/\"]}]},{\"@type\":\"ImageObject\",\"inLanguage\":\"et\",\"@id\":\"https:\/\/copy.medicest.eu\/uxodovaya-procedura-orhidee\/#primaryimage\",\"url\":\"https:\/\/copy.medicest.eu\/wp-content\/uploads\/2022\/07\/hooldus-orhidee-1.jpeg\",\"contentUrl\":\"https:\/\/copy.medicest.eu\/wp-content\/uploads\/2022\/07\/hooldus-orhidee-1.jpeg\"},{\"@type\":\"BreadcrumbList\",\"@id\":\"https:\/\/copy.medicest.eu\/uxodovaya-procedura-orhidee\/#breadcrumb\",\"itemListElement\":[{\"@type\":\"ListItem\",\"position\":1,\"name\":\"Home\",\"item\":\"https:\/\/copy.medicest.eu\/et\/\"},{\"@type\":\"ListItem\",\"position\":2,\"name\":\"Hooldav protseduur Orhidee\"}]},{\"@type\":\"WebSite\",\"@id\":\"https:\/\/copy.medicest.eu\/#website\",\"url\":\"https:\/\/copy.medicest.eu\/\",\"name\":\"Ilukliinik Medic-Esthetic\",\"description\":\"Beauty &amp; Prestige\",\"potentialAction\":[{\"@type\":\"SearchAction\",\"target\":{\"@type\":\"EntryPoint\",\"urlTemplate\":\"https:\/\/copy.medicest.eu\/?s={search_term_string}\"},\"query-input\":{\"@type\":\"PropertyValueSpecification\",\"valueRequired\":true,\"valueName\":\"search_term_string\"}}],\"inLanguage\":\"et\"}]}<\/script>\n<!-- \/ Yoast SEO plugin. -->","yoast_head_json":{"title":"Hooldav protseduur Orhidee - Ilukliinik Medic-Esthetic","robots":{"index":"index","follow":"follow","max-snippet":"max-snippet:-1","max-image-preview":"max-image-preview:large","max-video-preview":"max-video-preview:-1"},"canonical":"https:\/\/copy.medicest.eu\/uxodovaya-procedura-orhidee\/","og_locale":"et_EE","og_type":"article","og_title":"Hooldav protseduur Orhidee - Ilukliinik Medic-Esthetic","og_description":"Hooldav protseduur Orhidee Tsoonid: n\u00e4gu, kael, dekoltee Hooldus sisaldab j\u00e4rgmisi samme: Meigi eemaldamine ja naha p\u00f5hjalik puhastus mustusest Kerge eksfoliatsioon \u2013 surnud mikroosakeste koorimine ja eemaldamine K\u00e4sitsi massaa\u017e Toitva seerumi, maski, l\u00f5petava kreemi pealekandmine Kui on soov r\u00f5\u00f5mustada oma nahka \u00f5rna hooldusega, v\u00e4rskendada ja toita, parandada v\u00e4rvi javabastada n\u00e4gu v\u00e4simuse\u2026","og_url":"https:\/\/copy.medicest.eu\/uxodovaya-procedura-orhidee\/","og_site_name":"Ilukliinik Medic-Esthetic","article_modified_time":"2022-07-29T10:29:44+00:00","og_image":[{"url":"https:\/\/copy.medicest.eu\/wp-content\/uploads\/2022\/07\/hooldus-orhidee-1.jpeg"}],"twitter_card":"summary_large_image","twitter_misc":{"Est. reading time":"2 minutit"},"schema":{"@context":"https:\/\/schema.org","@graph":[{"@type":"WebPage","@id":"https:\/\/copy.medicest.eu\/uxodovaya-procedura-orhidee\/","url":"https:\/\/copy.medicest.eu\/uxodovaya-procedura-orhidee\/","name":"Hooldav protseduur Orhidee - Ilukliinik Medic-Esthetic","isPartOf":{"@id":"https:\/\/copy.medicest.eu\/#website"},"primaryImageOfPage":{"@id":"https:\/\/copy.medicest.eu\/uxodovaya-procedura-orhidee\/#primaryimage"},"image":{"@id":"https:\/\/copy.medicest.eu\/uxodovaya-procedura-orhidee\/#primaryimage"},"thumbnailUrl":"https:\/\/copy.medicest.eu\/wp-content\/uploads\/2022\/07\/hooldus-orhidee-1.jpeg","datePublished":"2022-07-25T10:52:45+00:00","dateModified":"2022-07-29T10:29:44+00:00","breadcrumb":{"@id":"https:\/\/copy.medicest.eu\/uxodovaya-procedura-orhidee\/#breadcrumb"},"inLanguage":"et","potentialAction":[{"@type":"ReadAction","target":["https:\/\/copy.medicest.eu\/uxodovaya-procedura-orhidee\/"]}]},{"@type":"ImageObject","inLanguage":"et","@id":"https:\/\/copy.medicest.eu\/uxodovaya-procedura-orhidee\/#primaryimage","url":"https:\/\/copy.medicest.eu\/wp-content\/uploads\/2022\/07\/hooldus-orhidee-1.jpeg","contentUrl":"https:\/\/copy.medicest.eu\/wp-content\/uploads\/2022\/07\/hooldus-orhidee-1.jpeg"},{"@type":"BreadcrumbList","@id":"https:\/\/copy.medicest.eu\/uxodovaya-procedura-orhidee\/#breadcrumb","itemListElement":[{"@type":"ListItem","position":1,"name":"Home","item":"https:\/\/copy.medicest.eu\/et\/"},{"@type":"ListItem","position":2,"name":"Hooldav protseduur Orhidee"}]},{"@type":"WebSite","@id":"https:\/\/copy.medicest.eu\/#website","url":"https:\/\/copy.medicest.eu\/","name":"Ilukliinik Medic-Esthetic","description":"Beauty &amp; Prestige","potentialAction":[{"@type":"SearchAction","target":{"@type":"EntryPoint","urlTemplate":"https:\/\/copy.medicest.eu\/?s={search_term_string}"},"query-input":{"@type":"PropertyValueSpecification","valueRequired":true,"valueName":"search_term_string"}}],"inLanguage":"et"}]}},"_links":{"self":[{"href":"https:\/\/copy.medicest.eu\/et\/wp-json\/wp\/v2\/pages\/9457","targetHints":{"allow":["GET"]}}],"collection":[{"href":"https:\/\/copy.medicest.eu\/et\/wp-json\/wp\/v2\/pages"}],"about":[{"href":"https:\/\/copy.medicest.eu\/et\/wp-json\/wp\/v2\/types\/page"}],"author":[{"embeddable":true,"href":"https:\/\/copy.medicest.eu\/et\/wp-json\/wp\/v2\/users\/1"}],"replies":[{"embeddable":true,"href":"https:\/\/copy.medicest.eu\/et\/wp-json\/wp\/v2\/comments?post=9457"}],"version-history":[{"count":13,"href":"https:\/\/copy.medicest.eu\/et\/wp-json\/wp\/v2\/pages\/9457\/revisions"}],"predecessor-version":[{"id":9543,"href":"https:\/\/copy.medicest.eu\/et\/wp-json\/wp\/v2\/pages\/9457\/revisions\/9543"}],"wp:attachment":[{"href":"https:\/\/copy.medicest.eu\/et\/wp-json\/wp\/v2\/media?parent=9457"}],"curies":[{"name":"wp","href":"https:\/\/api.w.org\/{rel}","templated":true}]}}