{"id":9681,"date":"2022-08-15T17:23:48","date_gmt":"2022-08-15T17:23:48","guid":{"rendered":"https:\/\/copy.medicest.eu\/apparatnyj-analiz-kozhi-lica\/"},"modified":"2023-04-24T10:52:18","modified_gmt":"2023-04-24T10:52:18","slug":"naonaha-aparaat-arvutianaluus","status":"publish","type":"page","link":"https:\/\/copy.medicest.eu\/et\/naonaha-aparaat-arvutianaluus\/","title":{"rendered":"N\u00e4onaha aparaat-arvutianal\u00fc\u00fcs"},"content":{"rendered":"\t\t<div data-elementor-type=\"wp-page\" data-elementor-id=\"9681\" class=\"elementor elementor-9681 elementor-9635\">\n\t\t\t\t\t\t<section class=\"elementor-section elementor-top-section elementor-element elementor-element-4642d2d6 elementor-section-boxed elementor-section-height-default elementor-section-height-default\" data-id=\"4642d2d6\" data-element_type=\"section\">\n\t\t\t\t\t\t<div class=\"elementor-container elementor-column-gap-default\">\n\t\t\t\t\t<div class=\"elementor-column elementor-col-100 elementor-top-column elementor-element elementor-element-12750b94\" data-id=\"12750b94\" data-element_type=\"column\">\n\t\t\t<div class=\"elementor-widget-wrap elementor-element-populated\">\n\t\t\t\t\t\t<div class=\"elementor-element elementor-element-65c6f007 elementor-widget elementor-widget-heading\" data-id=\"65c6f007\" data-element_type=\"widget\" data-widget_type=\"heading.default\">\n\t\t\t\t<div class=\"elementor-widget-container\">\n\t\t\t<h2 class=\"elementor-heading-title elementor-size-default\">N\u00e4onaha aparaat-arvutianal\u00fc\u00fcs<\/h2>\t\t<\/div>\n\t\t\t\t<\/div>\n\t\t\t\t\t<\/div>\n\t\t<\/div>\n\t\t\t\t\t<\/div>\n\t\t<\/section>\n\t\t\t\t<section class=\"elementor-section elementor-top-section elementor-element elementor-element-f7e20e0 elementor-section-boxed elementor-section-height-default elementor-section-height-default\" data-id=\"f7e20e0\" data-element_type=\"section\">\n\t\t\t\t\t\t<div class=\"elementor-container elementor-column-gap-default\">\n\t\t\t\t\t<div class=\"elementor-column elementor-col-100 elementor-top-column elementor-element elementor-element-c48bde9\" data-id=\"c48bde9\" data-element_type=\"column\">\n\t\t\t<div class=\"elementor-widget-wrap elementor-element-populated\">\n\t\t\t\t\t\t<div class=\"elementor-element elementor-element-1d1053be elementor-widget elementor-widget-heading\" data-id=\"1d1053be\" data-element_type=\"widget\" data-widget_type=\"heading.default\">\n\t\t\t\t<div class=\"elementor-widget-container\">\n\t\t\t<h2 class=\"elementor-heading-title elementor-size-default\">Naha aparaatanal\u00fc\u00fcs kliinikus Medic-Esthetic toimub nahaanal\u00fcsaatori CNC Cosmetic ja vastava\narvutiprogrammi abil.<\/h2>\t\t<\/div>\n\t\t\t\t<\/div>\n\t\t\t\t\t<\/div>\n\t\t<\/div>\n\t\t\t\t\t<\/div>\n\t\t<\/section>\n\t\t\t\t<section class=\"elementor-section elementor-top-section elementor-element elementor-element-9a51c0c elementor-section-boxed elementor-section-height-default elementor-section-height-default\" data-id=\"9a51c0c\" data-element_type=\"section\">\n\t\t\t\t\t\t<div class=\"elementor-container elementor-column-gap-default\">\n\t\t\t\t\t<div class=\"elementor-column elementor-col-100 elementor-top-column elementor-element elementor-element-151db6c\" data-id=\"151db6c\" data-element_type=\"column\">\n\t\t\t<div class=\"elementor-widget-wrap elementor-element-populated\">\n\t\t\t\t\t\t<div class=\"elementor-element elementor-element-9a2acac elementor-widget elementor-widget-text-editor\" data-id=\"9a2acac\" data-element_type=\"widget\" data-widget_type=\"text-editor.default\">\n\t\t\t\t<div class=\"elementor-widget-container\">\n\t\t\t\t\t\t\t<p>Naha anal\u00fc\u00fcs v\u00f5imaldab hankida ja t\u00f6\u00f6delda teavet kliendi nahaseisundi kohta mitmesuguste parameetrite alusel, arhiveerida andmeid ning j\u00e4lgida kuuriprotseduuride k\u00e4igus toimuvate muutuste d\u00fcnaamika t\u00f5husust.<\/p><p>Nahaanal\u00fcsaator CNC Cosmetic loeb integreeritud m\u00f5\u00f5teandurite abil teavet nahapinnalt ning edastab anal\u00fc\u00fcsi tulemused ja suure eraldusv\u00f5imega pildid arvutimonitorile.<\/p><p>K\u00f5ik andmed salvestatakse ajaloona ja neid saab hiljem k\u00f5rvutada \u2013 selline anal\u00fc\u00fcs on kiire, mugav ja kliendile arusaadav. <strong>Igale kliendile luuakse kaust, kuhu salvestatakse eri aegadel tehtud anal\u00fc\u00fcsid ja graafilised andmed.<\/strong><\/p><p>Teades kliendi naha tegelikke omadusi, m\u00e4\u00e4ratleb kosmetoloog t\u00e4psemalt probleemid ja m\u00e4\u00e4rab nende lahendamise viisid. Naha seisundi tehniline ja objektiivne anal\u00fc\u00fcs aitab koostada t\u00f5husa hoolitsuskava, valida v\u00e4lja<br \/>vajalikud tooted ning soovitada vajalikke protseduure.<\/p>\t\t\t\t\t\t<\/div>\n\t\t\t\t<\/div>\n\t\t\t\t\t<\/div>\n\t\t<\/div>\n\t\t\t\t\t<\/div>\n\t\t<\/section>\n\t\t\t\t<section class=\"elementor-section elementor-top-section elementor-element elementor-element-d68e535 elementor-section-boxed elementor-section-height-default elementor-section-height-default\" data-id=\"d68e535\" data-element_type=\"section\">\n\t\t\t\t\t\t<div class=\"elementor-container elementor-column-gap-default\">\n\t\t\t\t\t<div class=\"elementor-column elementor-col-50 elementor-top-column elementor-element elementor-element-7156640\" data-id=\"7156640\" data-element_type=\"column\">\n\t\t\t<div class=\"elementor-widget-wrap elementor-element-populated\">\n\t\t\t\t\t\t<div class=\"elementor-element elementor-element-96cebb9 elementor-widget elementor-widget-heading\" data-id=\"96cebb9\" data-element_type=\"widget\" data-widget_type=\"heading.default\">\n\t\t\t\t<div class=\"elementor-widget-container\">\n\t\t\t<h2 class=\"elementor-heading-title elementor-size-default\">Millist teavet nahaanal\u00fcsaator kogub?<\/h2>\t\t<\/div>\n\t\t\t\t<\/div>\n\t\t\t\t<div class=\"elementor-element elementor-element-fed5d00 elementor-widget elementor-widget-text-editor\" data-id=\"fed5d00\" data-element_type=\"widget\" data-widget_type=\"text-editor.default\">\n\t\t\t\t<div class=\"elementor-widget-container\">\n\t\t\t\t\t\t\t<ul><li aria-level=\"1\">niisutuse tase<\/li><li aria-level=\"1\">naha elastsuse aste (selle bioloogiline vanus)<\/li><li aria-level=\"1\">happelis-aluselise tasakaalu n\u00e4itajad &#8211; andmed on vajalikud akne, komedoonide<br \/>ilmnemisel.<\/li><li aria-level=\"1\">mikroreljeefi seisund (pooride seisund, kortsude s\u00fcgavus)<\/li><li aria-level=\"1\">lipiidide tasakaalu andmed \u2013 rasun\u00e4\u00e4rmete talitluse hindamiseks<\/li><li aria-level=\"1\">melaniini kvantitatiivsed n\u00e4itajad &#8211; kas on kalduvus h\u00fcperpigmentatsioonile, millises<br \/>ulatuses puutub nahk kokku ultraviolettkiirgusega, kas on fotovananemise m\u00e4rke<\/li><li aria-level=\"1\">tundlikkus<\/li><li aria-level=\"1\">v\u00e4ikeste veresoonte seisund<\/li><\/ul>\t\t\t\t\t\t<\/div>\n\t\t\t\t<\/div>\n\t\t\t\t\t<\/div>\n\t\t<\/div>\n\t\t\t\t<div class=\"elementor-column elementor-col-50 elementor-top-column elementor-element elementor-element-5d705284\" data-id=\"5d705284\" data-element_type=\"column\">\n\t\t\t<div class=\"elementor-widget-wrap elementor-element-populated\">\n\t\t\t\t\t\t<div class=\"elementor-element elementor-element-83d6f06 elementor-widget elementor-widget-text-editor\" data-id=\"83d6f06\" data-element_type=\"widget\" data-widget_type=\"text-editor.default\">\n\t\t\t\t<div class=\"elementor-widget-container\">\n\t\t\t\t\t\t\t<blockquote><p><strong>L\u00fchikese aja jooksul saate t\u00e4ielikema ja usaldusv\u00e4\u00e4rseima teabe oma naha seisundi kohta.<\/strong><\/p><\/blockquote>\t\t\t\t\t\t<\/div>\n\t\t\t\t<\/div>\n\t\t\t\t<div class=\"elementor-element elementor-element-071c02a elementor-widget elementor-widget-heading\" data-id=\"071c02a\" data-element_type=\"widget\" data-widget_type=\"heading.default\">\n\t\t\t\t<div class=\"elementor-widget-container\">\n\t\t\t<h2 class=\"elementor-heading-title elementor-size-default\">NB!<\/h2>\t\t<\/div>\n\t\t\t\t<\/div>\n\t\t\t\t<div class=\"elementor-element elementor-element-11e48d8 elementor-widget elementor-widget-text-editor\" data-id=\"11e48d8\" data-element_type=\"widget\" data-widget_type=\"text-editor.default\">\n\t\t\t\t<div class=\"elementor-widget-container\">\n\t\t\t\t\t\t\t<p>Meigitooted ja kosmeetika nahal raskendavad diagnostikaprotsessi oluliselt.<\/p><p>P\u00e4rast naha puhastamist peab m\u00f6\u00f6duma veidi aega, enne kui selle seisund (eelk\u00f5ige rasvasisalduse tase) normaliseerub.<\/p><p>Seet\u00f5ttu toimub anal\u00fc\u00fcs karvadeta naha pinnal, millele ei olnud varem kantud kosmeetikavahendeid.<\/p>\t\t\t\t\t\t<\/div>\n\t\t\t\t<\/div>\n\t\t\t\t\t<\/div>\n\t\t<\/div>\n\t\t\t\t\t<\/div>\n\t\t<\/section>\n\t\t\t\t<section class=\"elementor-section elementor-top-section elementor-element elementor-element-5ee79ece elementor-section-boxed elementor-section-height-default elementor-section-height-default\" data-id=\"5ee79ece\" data-element_type=\"section\">\n\t\t\t\t\t\t<div class=\"elementor-container elementor-column-gap-default\">\n\t\t\t\t\t<div class=\"elementor-column elementor-col-100 elementor-top-column elementor-element elementor-element-7e0a3e48\" data-id=\"7e0a3e48\" data-element_type=\"column\">\n\t\t\t<div class=\"elementor-widget-wrap elementor-element-populated\">\n\t\t\t\t\t\t<div class=\"elementor-element elementor-element-7fa62aab elementor-widget elementor-widget-heading\" data-id=\"7fa62aab\" data-element_type=\"widget\" data-widget_type=\"heading.default\">\n\t\t\t\t<div class=\"elementor-widget-container\">\n\t\t\t<h2 class=\"elementor-heading-title elementor-size-default\">Hinnakiri<\/h2>\t\t<\/div>\n\t\t\t\t<\/div>\n\t\t\t\t<div class=\"elementor-element elementor-element-4966ed81 elementor-widget elementor-widget-text-editor\" data-id=\"4966ed81\" data-element_type=\"widget\" data-widget_type=\"text-editor.default\">\n\t\t\t\t<div class=\"elementor-widget-container\">\n\t\t\t\t\t\t\t<p>\n<table id=\"tablepress-148\" class=\"tablepress tablepress-id-148 tablepress-responsive\">\n<thead>\n<tr class=\"row-1 odd\">\n\t<th class=\"column-1\">N\u00e4onaha aparaat-arvutianal\u00fc\u00fcs<\/th><th class=\"column-2\">Hind \u20ac<\/th>\n<\/tr>\n<\/thead>\n<tbody class=\"row-hover\">\n<tr class=\"row-2 even\">\n\t<td class=\"column-1\">N\u00e4onaha aparaat-arvutianal\u00fc\u00fcs 30 min<\/td><td class=\"column-2\">45.00<\/td>\n<\/tr>\n<tr class=\"row-3 odd\">\n\t<td class=\"column-1\">Kompleks: N\u00e4onaha aparaat-arvutianal\u00fc\u00fcs (45\u20ac) + Individuaalne hooldus Standart (69 \u20ac) 90 min<br \/>\n<\/td><td class=\"column-2\">95.00<\/td>\n<\/tr>\n<\/tbody>\n<\/table>\n<!-- #tablepress-148 from cache --><\/p>\t\t\t\t\t\t<\/div>\n\t\t\t\t<\/div>\n\t\t\t\t\t<\/div>\n\t\t<\/div>\n\t\t\t\t\t<\/div>\n\t\t<\/section>\n\t\t\t\t<section class=\"elementor-section elementor-top-section elementor-element elementor-element-416c07a0 elementor-section-boxed elementor-section-height-default elementor-section-height-default\" data-id=\"416c07a0\" data-element_type=\"section\">\n\t\t\t\t\t\t<div class=\"elementor-container elementor-column-gap-default\">\n\t\t\t\t\t<div class=\"elementor-column elementor-col-100 elementor-top-column elementor-element elementor-element-4c649f47\" data-id=\"4c649f47\" data-element_type=\"column\">\n\t\t\t<div class=\"elementor-widget-wrap elementor-element-populated\">\n\t\t\t\t\t\t<div class=\"elementor-element elementor-element-19c36ec1 pp-buttons-halign-center pp-buttons-stack-none elementor-widget elementor-widget-pp-buttons\" data-id=\"19c36ec1\" data-element_type=\"widget\" data-widget_type=\"pp-buttons.default\">\n\t\t\t\t<div class=\"elementor-widget-container\">\n\t\t\t\t\t<div class=\"pp-buttons-group\">\n\t\t\t\t\t\t\t\t\t\t\t<a href=\"https:\/\/shop.medicest.eu\/et\/product\/naonaha-aparaat-arvutianaluus\/\" target=\"_blank\" class=\"pp-button elementor-button elementor-size-md elementor-repeater-item-c938c7f \">\n\t\t\t\t\t<div class=\"pp-button-content-wrapper\">\n\t\t\t\t\t\t<span class=\"pp-button-content-inner pp-icon-before\">\n\t\t\t\t\t\t\t\n\t\t\t\t\t\t\t\t<span class=\"pp-button-title\">\n\t\t\t\t\t\t\t\t\tOsta\t\t\t\t\t\t\t\t<\/span>\n\t\t\t\t\t\t\t\t\t\t\t\t\t<\/span>\n\t\t\t\t\t<\/div>\n\t\t\t\t<\/a>\n\t\t\t\t\t\t\t\t\t\t<\/div>\t\t<\/div>\n\t\t\t\t<\/div>\n\t\t\t\t\t<\/div>\n\t\t<\/div>\n\t\t\t\t\t<\/div>\n\t\t<\/section>\n\t\t\t\t<\/div>\n\t\t","protected":false},"excerpt":{"rendered":"<p>N\u00e4onaha aparaat-arvutianal\u00fc\u00fcs Naha aparaatanal\u00fc\u00fcs kliinikus Medic-Esthetic toimub nahaanal\u00fcsaatori CNC Cosmetic ja vastava arvutiprogrammi abil. Naha anal\u00fc\u00fcs v\u00f5imaldab hankida ja t\u00f6\u00f6delda teavet kliendi nahaseisundi kohta mitmesuguste parameetrite alusel, arhiveerida andmeid ning j\u00e4lgida kuuriprotseduuride k\u00e4igus toimuvate muutuste d\u00fcnaamika t\u00f5husust. Nahaanal\u00fcsaator CNC Cosmetic loeb integreeritud m\u00f5\u00f5teandurite abil teavet nahapinnalt ning edastab anal\u00fc\u00fcsi tulemused\u2026<\/p>\n<p class=\"continue-reading-button\"> <a class=\"continue-reading-link\" href=\"https:\/\/copy.medicest.eu\/et\/naonaha-aparaat-arvutianaluus\/\"><i class=\"crycon-right-dir\"><\/i><\/a><\/p>\n","protected":false},"author":1,"featured_media":0,"parent":0,"menu_order":0,"comment_status":"closed","ping_status":"closed","template":"","meta":{"footnotes":""},"class_list":["post-9681","page","type-page","status-publish","hentry"],"yoast_head":"<!-- This site is optimized with the Yoast SEO plugin v23.6 - https:\/\/yoast.com\/wordpress\/plugins\/seo\/ -->\n<title>N\u00e4onaha aparaat-arvutianal\u00fc\u00fcs - Ilukliinik Medic-Esthetic<\/title>\n<meta name=\"robots\" content=\"index, follow, max-snippet:-1, max-image-preview:large, max-video-preview:-1\" \/>\n<link rel=\"canonical\" href=\"https:\/\/copy.medicest.eu\/et\/naonaha-aparaat-arvutianaluus\/\" \/>\n<meta property=\"og:locale\" content=\"et_EE\" \/>\n<meta property=\"og:type\" content=\"article\" \/>\n<meta property=\"og:title\" content=\"N\u00e4onaha aparaat-arvutianal\u00fc\u00fcs - Ilukliinik Medic-Esthetic\" \/>\n<meta property=\"og:description\" content=\"N\u00e4onaha aparaat-arvutianal\u00fc\u00fcs Naha aparaatanal\u00fc\u00fcs kliinikus Medic-Esthetic toimub nahaanal\u00fcsaatori CNC Cosmetic ja vastava arvutiprogrammi abil. Naha anal\u00fc\u00fcs v\u00f5imaldab hankida ja t\u00f6\u00f6delda teavet kliendi nahaseisundi kohta mitmesuguste parameetrite alusel, arhiveerida andmeid ning j\u00e4lgida kuuriprotseduuride k\u00e4igus toimuvate muutuste d\u00fcnaamika t\u00f5husust. Nahaanal\u00fcsaator CNC Cosmetic loeb integreeritud m\u00f5\u00f5teandurite abil teavet nahapinnalt ning edastab anal\u00fc\u00fcsi tulemused\u2026\" \/>\n<meta property=\"og:url\" content=\"https:\/\/copy.medicest.eu\/et\/naonaha-aparaat-arvutianaluus\/\" \/>\n<meta property=\"og:site_name\" content=\"Ilukliinik Medic-Esthetic\" \/>\n<meta property=\"article:modified_time\" content=\"2023-04-24T10:52:18+00:00\" \/>\n<meta property=\"og:image\" content=\"https:\/\/copy.medicest.eu\/wp-content\/uploads\/2021\/11\/facebook-medicest.jpg\" \/>\n\t<meta property=\"og:image:width\" content=\"1640\" \/>\n\t<meta property=\"og:image:height\" content=\"924\" \/>\n\t<meta property=\"og:image:type\" content=\"image\/jpeg\" \/>\n<meta name=\"twitter:card\" content=\"summary_large_image\" \/>\n<meta name=\"twitter:label1\" content=\"Est. reading time\" \/>\n\t<meta name=\"twitter:data1\" content=\"2 minutit\" \/>\n<script type=\"application\/ld+json\" class=\"yoast-schema-graph\">{\"@context\":\"https:\/\/schema.org\",\"@graph\":[{\"@type\":\"WebPage\",\"@id\":\"https:\/\/copy.medicest.eu\/et\/naonaha-aparaat-arvutianaluus\/\",\"url\":\"https:\/\/copy.medicest.eu\/et\/naonaha-aparaat-arvutianaluus\/\",\"name\":\"N\u00e4onaha aparaat-arvutianal\u00fc\u00fcs - Ilukliinik Medic-Esthetic\",\"isPartOf\":{\"@id\":\"https:\/\/copy.medicest.eu\/#website\"},\"datePublished\":\"2022-08-15T17:23:48+00:00\",\"dateModified\":\"2023-04-24T10:52:18+00:00\",\"breadcrumb\":{\"@id\":\"https:\/\/copy.medicest.eu\/et\/naonaha-aparaat-arvutianaluus\/#breadcrumb\"},\"inLanguage\":\"et\",\"potentialAction\":[{\"@type\":\"ReadAction\",\"target\":[\"https:\/\/copy.medicest.eu\/et\/naonaha-aparaat-arvutianaluus\/\"]}]},{\"@type\":\"BreadcrumbList\",\"@id\":\"https:\/\/copy.medicest.eu\/et\/naonaha-aparaat-arvutianaluus\/#breadcrumb\",\"itemListElement\":[{\"@type\":\"ListItem\",\"position\":1,\"name\":\"Home\",\"item\":\"https:\/\/copy.medicest.eu\/et\/\"},{\"@type\":\"ListItem\",\"position\":2,\"name\":\"N\u00e4onaha aparaat-arvutianal\u00fc\u00fcs\"}]},{\"@type\":\"WebSite\",\"@id\":\"https:\/\/copy.medicest.eu\/#website\",\"url\":\"https:\/\/copy.medicest.eu\/\",\"name\":\"Ilukliinik Medic-Esthetic\",\"description\":\"Beauty &amp; Prestige\",\"potentialAction\":[{\"@type\":\"SearchAction\",\"target\":{\"@type\":\"EntryPoint\",\"urlTemplate\":\"https:\/\/copy.medicest.eu\/?s={search_term_string}\"},\"query-input\":{\"@type\":\"PropertyValueSpecification\",\"valueRequired\":true,\"valueName\":\"search_term_string\"}}],\"inLanguage\":\"et\"}]}<\/script>\n<!-- \/ Yoast SEO plugin. -->","yoast_head_json":{"title":"N\u00e4onaha aparaat-arvutianal\u00fc\u00fcs - Ilukliinik Medic-Esthetic","robots":{"index":"index","follow":"follow","max-snippet":"max-snippet:-1","max-image-preview":"max-image-preview:large","max-video-preview":"max-video-preview:-1"},"canonical":"https:\/\/copy.medicest.eu\/et\/naonaha-aparaat-arvutianaluus\/","og_locale":"et_EE","og_type":"article","og_title":"N\u00e4onaha aparaat-arvutianal\u00fc\u00fcs - Ilukliinik Medic-Esthetic","og_description":"N\u00e4onaha aparaat-arvutianal\u00fc\u00fcs Naha aparaatanal\u00fc\u00fcs kliinikus Medic-Esthetic toimub nahaanal\u00fcsaatori CNC Cosmetic ja vastava arvutiprogrammi abil. Naha anal\u00fc\u00fcs v\u00f5imaldab hankida ja t\u00f6\u00f6delda teavet kliendi nahaseisundi kohta mitmesuguste parameetrite alusel, arhiveerida andmeid ning j\u00e4lgida kuuriprotseduuride k\u00e4igus toimuvate muutuste d\u00fcnaamika t\u00f5husust. Nahaanal\u00fcsaator CNC Cosmetic loeb integreeritud m\u00f5\u00f5teandurite abil teavet nahapinnalt ning edastab anal\u00fc\u00fcsi tulemused\u2026","og_url":"https:\/\/copy.medicest.eu\/et\/naonaha-aparaat-arvutianaluus\/","og_site_name":"Ilukliinik Medic-Esthetic","article_modified_time":"2023-04-24T10:52:18+00:00","og_image":[{"width":1640,"height":924,"url":"https:\/\/copy.medicest.eu\/wp-content\/uploads\/2021\/11\/facebook-medicest.jpg","type":"image\/jpeg"}],"twitter_card":"summary_large_image","twitter_misc":{"Est. reading time":"2 minutit"},"schema":{"@context":"https:\/\/schema.org","@graph":[{"@type":"WebPage","@id":"https:\/\/copy.medicest.eu\/et\/naonaha-aparaat-arvutianaluus\/","url":"https:\/\/copy.medicest.eu\/et\/naonaha-aparaat-arvutianaluus\/","name":"N\u00e4onaha aparaat-arvutianal\u00fc\u00fcs - Ilukliinik Medic-Esthetic","isPartOf":{"@id":"https:\/\/copy.medicest.eu\/#website"},"datePublished":"2022-08-15T17:23:48+00:00","dateModified":"2023-04-24T10:52:18+00:00","breadcrumb":{"@id":"https:\/\/copy.medicest.eu\/et\/naonaha-aparaat-arvutianaluus\/#breadcrumb"},"inLanguage":"et","potentialAction":[{"@type":"ReadAction","target":["https:\/\/copy.medicest.eu\/et\/naonaha-aparaat-arvutianaluus\/"]}]},{"@type":"BreadcrumbList","@id":"https:\/\/copy.medicest.eu\/et\/naonaha-aparaat-arvutianaluus\/#breadcrumb","itemListElement":[{"@type":"ListItem","position":1,"name":"Home","item":"https:\/\/copy.medicest.eu\/et\/"},{"@type":"ListItem","position":2,"name":"N\u00e4onaha aparaat-arvutianal\u00fc\u00fcs"}]},{"@type":"WebSite","@id":"https:\/\/copy.medicest.eu\/#website","url":"https:\/\/copy.medicest.eu\/","name":"Ilukliinik Medic-Esthetic","description":"Beauty &amp; Prestige","potentialAction":[{"@type":"SearchAction","target":{"@type":"EntryPoint","urlTemplate":"https:\/\/copy.medicest.eu\/?s={search_term_string}"},"query-input":{"@type":"PropertyValueSpecification","valueRequired":true,"valueName":"search_term_string"}}],"inLanguage":"et"}]}},"_links":{"self":[{"href":"https:\/\/copy.medicest.eu\/et\/wp-json\/wp\/v2\/pages\/9681","targetHints":{"allow":["GET"]}}],"collection":[{"href":"https:\/\/copy.medicest.eu\/et\/wp-json\/wp\/v2\/pages"}],"about":[{"href":"https:\/\/copy.medicest.eu\/et\/wp-json\/wp\/v2\/types\/page"}],"author":[{"embeddable":true,"href":"https:\/\/copy.medicest.eu\/et\/wp-json\/wp\/v2\/users\/1"}],"replies":[{"embeddable":true,"href":"https:\/\/copy.medicest.eu\/et\/wp-json\/wp\/v2\/comments?post=9681"}],"version-history":[{"count":16,"href":"https:\/\/copy.medicest.eu\/et\/wp-json\/wp\/v2\/pages\/9681\/revisions"}],"predecessor-version":[{"id":11658,"href":"https:\/\/copy.medicest.eu\/et\/wp-json\/wp\/v2\/pages\/9681\/revisions\/11658"}],"wp:attachment":[{"href":"https:\/\/copy.medicest.eu\/et\/wp-json\/wp\/v2\/media?parent=9681"}],"curies":[{"name":"wp","href":"https:\/\/api.w.org\/{rel}","templated":true}]}}